{"id":170361,"date":"2023-10-02T10:06:14","date_gmt":"2023-10-02T08:06:24","guid":{"rendered":"https:\/\/tourtravelandmore.com\/?post_type=product&#038;p=170361"},"modified":"2024-04-29T15:48:54","modified_gmt":"2024-04-29T13:48:54","slug":"titre-de-lexcursion-transfert-a-porto-avec-arret-a-fatima","status":"publish","type":"product","link":"https:\/\/tourtravelandmore.com\/fr\/tours\/portugal-fr\/lisbon-fr\/titre-de-lexcursion-transfert-a-porto-avec-arret-a-fatima\/","title":{"rendered":"Transfert \u00e0 Porto avec arr\u00eat \u00e0 F\u00e1tima"},"content":{"rendered":"<h2><b>Transfert \u00e0 Porto avec un arr\u00eat \u00e0 F\u00e1tima Description<\/b><\/h2>\n<p><span style=\"font-weight: 400;\">Plongez dans un voyage qui offre plus qu&#8217;un simple transfert &#8211; il offre l&#8217;histoire de deux villes et d&#8217;un \u00e9picentre spirituel. Votre transfert luxueux de 8 heures avec Tour Travel and More commence \u00e0 Lisbonne, la capitale ensoleill\u00e9e d\u00e9bordante de vie. Un v\u00e9hicule haut de gamme et confortable sera \u00e0 votre disposition pour vous assurer une d\u00e9tente et une commodit\u00e9 optimales. Votre premi\u00e8re destination est F\u00e1tima, un sanctuaire de paix et d&#8217;\u00e9nergie spirituelle. Pendant deux heures, un guide sp\u00e9cialis\u00e9 enrichira votre compr\u00e9hension de ce site de p\u00e8lerinage important, en discutant des apparitions de 1917 qui ont transform\u00e9 F\u00e1tima en un phare pour la foi catholique. Ensuite, vous vous rendrez \u00e0 Porto, une ville v\u00e9n\u00e9r\u00e9e pour son vin de Porto et son \u00e9l\u00e9gance architecturale. Profitez des routes panoramiques et laissez-vous s\u00e9duire par la diversit\u00e9 des paysages portugais. Il ne s&#8217;agit pas d&#8217;un simple transfert, mais d&#8217;une exp\u00e9rience d&#8217;une journ\u00e9e con\u00e7ue pour vous int\u00e9resser, vous \u00e9clairer et vous divertir.<\/span><\/p>\n<p><span style=\"font-weight: 400;\">En quittant F\u00e1tima, votre voyage reprend alors que le paysage se transforme progressivement, passant de panoramas ruraux tranquilles \u00e0 la riche tapisserie urbaine de Porto. Ici, le fleuve Douro se fraye \u00e9l\u00e9gamment un chemin \u00e0 travers la ville, cr\u00e9ant un paysage parfait accentu\u00e9 par l&#8217;embl\u00e9matique pont Dom Lu\u00eds Ier. Tout au long du trajet, vous profiterez d&#8217;agr\u00e9ments soigneusement s\u00e9lectionn\u00e9s pour am\u00e9liorer votre confort et votre plaisir. Consid\u00e9rez ce transfert luxueux comme une palette des meilleures offres du Portugal &#8211; de la spiritualit\u00e9 \u00e0 la beaut\u00e9 des paysages, du paysage urbain anim\u00e9 de Lisbonne \u00e0 l&#8217;allure rustique de Porto, chaque kilom\u00e8tre est un chapitre d&#8217;un r\u00e9cit captivant, orchestr\u00e9 exclusivement par Tour Travel and More. \u00c0 chaque kilom\u00e8tre parcouru, attendez-vous non seulement \u00e0 un changement de g\u00e9ographie, mais aussi \u00e0 un voyage qui vous permettra de mieux comprendre les multiples facettes du charme du Portugal.<\/span><\/p>\n<h2><b>Transfert \u00e0 Porto avec arr\u00eat \u00e0 F\u00e1tima Points forts<\/b><\/h2>\n<p><span style=\"font-weight: 400;\">Profitez d&#8217;un v\u00e9hicule d\u00e9di\u00e9 et luxueux pendant 8 heures, garantissant un voyage aussi remarquable que les destinations.<\/span><\/p>\n<p><span style=\"font-weight: 400;\">B\u00e9n\u00e9ficiez de la sagesse d&#8217;un guide sp\u00e9cialis\u00e9 \u00e0 F\u00e1tima, offrant une plong\u00e9e de deux heures dans les facettes spirituelles et historiques du sanctuaire.<\/span><\/p>\n<p><span style=\"font-weight: 400;\">D\u00e9couvrez l&#8217;essence du Portugal en reliant sa capitale \u00e0 sa deuxi\u00e8me ville principale, chacune d\u00e9bordant d&#8217;un charme et d&#8217;un caract\u00e8re uniques, ponctu\u00e9s par une pause \u00e0 F\u00e1tima.<\/span><\/p>\n<h4><span style=\"font-weight: 400;\">A F\u00e1tima :<\/span><\/h4>\n<ul>\n<li style=\"font-weight: 400;\" aria-level=\"1\"><b>Sanctuaire de Notre-Dame de F\u00e1tima :<\/b><span style=\"font-weight: 400;\"> Au-del\u00e0 d&#8217;un site religieux, c&#8217;est un lieu o\u00f9 la foi, l&#8217;histoire et la culture se croisent. Ici, votre guide fera la lumi\u00e8re sur les apparitions et les miracles qui ont inspir\u00e9 des millions de personnes dans le monde.<\/span><\/li>\n<li style=\"font-weight: 400;\" aria-level=\"1\"><b>Capelinha das Apari\u00e7\u00f5es (chapelle des apparitions) : <\/b><span style=\"font-weight: 400;\">Cette humble chapelle se trouve \u00e0 l&#8217;endroit exact o\u00f9 la Vierge Marie serait apparue aux trois enfants bergers. La chapelle des apparitions attire des millions de p\u00e8lerins chaque ann\u00e9e et constitue le c\u0153ur battant du sanctuaire de F\u00e1tima. Que l&#8217;on soit croyant ou non, le sens profond de la d\u00e9votion est palpable et constitue une exp\u00e9rience enrichissante.<\/span><\/li>\n<li style=\"font-weight: 400;\" aria-level=\"1\"><b>Via Sacra et Calvaire (chemin de croix) : <\/b><span style=\"font-weight: 400;\">Ce chemin de 14 stations s&#8217;\u00e9tend entre le sanctuaire et le petit village d&#8217;Aljustrel, en passant par la Loca do Anjo o\u00f9 l&#8217;ange de la paix est apparu. Cette marche spirituelle est un voyage contemplatif marquant la souffrance du Christ, et c&#8217;est une tradition v\u00e9n\u00e9r\u00e9e par les p\u00e8lerins qui visitent F\u00e1tima.<\/span><\/li>\n<\/ul>\n<p><span style=\"font-weight: 400;\">D\u00e9couvrez la richesse du Portugal au-del\u00e0 de ce transfert. <\/span><a href=\"https:\/\/tourtravelandmore.com\/fr\/city\/portugal-fr\/lisbon-fr\/\"><span style=\"font-weight: 400;\">Tour Travel and More propose un large \u00e9ventail de circuits priv\u00e9s au d\u00e9part de Lisbonne et \u00e0 travers les destinations les plus s\u00e9duisantes du pays.<\/span><\/a><span style=\"font-weight: 400;\"> Visitez notre site web Tour Travel and More pour d\u00e9couvrir ces exp\u00e9riences haut de gamme.<\/span><\/p>\n","protected":false},"excerpt":{"rendered":"<p><span style=\"font-weight: 400;\">Transformez votre transfert en un voyage de d\u00e9couverte. Des rues anim\u00e9es de Lisbonne \u00e0 la majest\u00e9 architecturale de Porto, ponctu\u00e9es d&#8217;un s\u00e9jour spirituel \u00e0 F\u00e1tima, vivez l&#8217;essence du Portugal en une seule journ\u00e9e.<\/span><\/p>\n","protected":false},"featured_media":170371,"comment_status":"open","ping_status":"closed","template":"","meta":{"_acf_changed":false},"product_brand":[],"product_cat":[4467,4470,4469,3665],"product_tag":[],"class_list":{"0":"post-170361","1":"product","2":"type-product","3":"status-publish","4":"has-post-thumbnail","6":"product_cat-toutes-les-visites-et-activites-privees-fr-5","7":"product_cat-transferts-prives-fr-8","8":"product_cat-visites-guidees-privees-fr-6","9":"product_cat-lisbon-fr","11":"first","12":"instock","13":"shipping-taxable","14":"purchasable","15":"product-type-simple"},"acf":[],"yoast_head":"<!-- This site is optimized with the Yoast SEO Premium plugin v25.3.1 (Yoast SEO v25.3.1) - https:\/\/yoast.com\/wordpress\/plugins\/seo\/ -->\n<title>\u27a1\ufe0f Premium Lisbon to Porto Transfer with F\u00e1tima Stop by Tour Travel and More<\/title>\n<meta name=\"description\" content=\"Le transfert de luxe entre Lisbonne et Porto comprend un arr\u00eat \u00e0 F\u00e1tima. Explorez le c\u0153ur du Portugal en une seule journ\u00e9e.\u2705\" \/>\n<meta name=\"robots\" content=\"index, follow, max-snippet:-1, max-image-preview:large, max-video-preview:-1\" \/>\n<link rel=\"canonical\" href=\"https:\/\/tourtravelandmore.com\/fr\/tours\/portugal-fr\/lisbon-fr\/titre-de-lexcursion-transfert-a-porto-avec-arret-a-fatima\/\" \/>\n<meta property=\"og:locale\" content=\"fr_FR\" \/>\n<meta property=\"og:type\" content=\"article\" \/>\n<meta property=\"og:title\" content=\"Transfert \u00e0 Porto avec arr\u00eat \u00e0 F\u00e1tima\" \/>\n<meta property=\"og:description\" content=\"Le transfert de luxe entre Lisbonne et Porto comprend un arr\u00eat \u00e0 F\u00e1tima. Explorez le c\u0153ur du Portugal en une seule journ\u00e9e.\u2705\" \/>\n<meta property=\"og:url\" content=\"https:\/\/tourtravelandmore.com\/fr\/tours\/portugal-fr\/lisbon-fr\/titre-de-lexcursion-transfert-a-porto-avec-arret-a-fatima\/\" \/>\n<meta property=\"og:site_name\" content=\"Tour Travel And More\" \/>\n<meta property=\"article:publisher\" content=\"https:\/\/www.facebook.com\/tourtravelandmore\/\" \/>\n<meta property=\"article:modified_time\" content=\"2024-04-29T13:48:54+00:00\" \/>\n<meta property=\"og:image\" content=\"https:\/\/tourtravelandmore.com\/wp-content\/uploads\/2023\/10\/image1-3.jpg\" \/>\n\t<meta property=\"og:image:width\" content=\"900\" \/>\n\t<meta property=\"og:image:height\" content=\"750\" \/>\n\t<meta property=\"og:image:type\" content=\"image\/jpeg\" \/>\n<meta name=\"twitter:card\" content=\"summary_large_image\" \/>\n<meta name=\"twitter:site\" content=\"@TourTravel_More\" \/>\n<meta name=\"twitter:label1\" content=\"Dur\u00e9e de lecture estim\u00e9e\" \/>\n\t<meta name=\"twitter:data1\" content=\"3 minutes\" \/>\n<script type=\"application\/ld+json\" class=\"yoast-schema-graph\">{\"@context\":\"https:\/\/schema.org\",\"@graph\":[{\"@type\":\"WebPage\",\"@id\":\"https:\/\/tourtravelandmore.com\/fr\/tours\/portugal-fr\/lisbon-fr\/titre-de-lexcursion-transfert-a-porto-avec-arret-a-fatima\/\",\"url\":\"https:\/\/tourtravelandmore.com\/fr\/tours\/portugal-fr\/lisbon-fr\/titre-de-lexcursion-transfert-a-porto-avec-arret-a-fatima\/\",\"name\":\"\u27a1\ufe0f Premium Lisbon to Porto Transfer with F\u00e1tima Stop by Tour Travel and More\",\"isPartOf\":{\"@id\":\"https:\/\/tourtravelandmore.com\/fr\/#website\"},\"primaryImageOfPage\":{\"@id\":\"https:\/\/tourtravelandmore.com\/fr\/tours\/portugal-fr\/lisbon-fr\/titre-de-lexcursion-transfert-a-porto-avec-arret-a-fatima\/#primaryimage\"},\"image\":{\"@id\":\"https:\/\/tourtravelandmore.com\/fr\/tours\/portugal-fr\/lisbon-fr\/titre-de-lexcursion-transfert-a-porto-avec-arret-a-fatima\/#primaryimage\"},\"thumbnailUrl\":\"https:\/\/tourtravelandmore.com\/wp-content\/uploads\/2023\/10\/image1-3.jpg\",\"datePublished\":\"2023-10-02T08:06:24+00:00\",\"dateModified\":\"2024-04-29T13:48:54+00:00\",\"description\":\"Le transfert de luxe entre Lisbonne et Porto comprend un arr\u00eat \u00e0 F\u00e1tima. Explorez le c\u0153ur du Portugal en une seule journ\u00e9e.\u2705\",\"breadcrumb\":{\"@id\":\"https:\/\/tourtravelandmore.com\/fr\/tours\/portugal-fr\/lisbon-fr\/titre-de-lexcursion-transfert-a-porto-avec-arret-a-fatima\/#breadcrumb\"},\"inLanguage\":\"fr-FR\",\"potentialAction\":[{\"@type\":\"ReadAction\",\"target\":[\"https:\/\/tourtravelandmore.com\/fr\/tours\/portugal-fr\/lisbon-fr\/titre-de-lexcursion-transfert-a-porto-avec-arret-a-fatima\/\"]}]},{\"@type\":\"ImageObject\",\"inLanguage\":\"fr-FR\",\"@id\":\"https:\/\/tourtravelandmore.com\/fr\/tours\/portugal-fr\/lisbon-fr\/titre-de-lexcursion-transfert-a-porto-avec-arret-a-fatima\/#primaryimage\",\"url\":\"https:\/\/tourtravelandmore.com\/wp-content\/uploads\/2023\/10\/image1-3.jpg\",\"contentUrl\":\"https:\/\/tourtravelandmore.com\/wp-content\/uploads\/2023\/10\/image1-3.jpg\",\"width\":900,\"height\":750},{\"@type\":\"BreadcrumbList\",\"@id\":\"https:\/\/tourtravelandmore.com\/fr\/tours\/portugal-fr\/lisbon-fr\/titre-de-lexcursion-transfert-a-porto-avec-arret-a-fatima\/#breadcrumb\",\"itemListElement\":[{\"@type\":\"ListItem\",\"position\":1,\"name\":\"Home\",\"item\":\"https:\/\/tourtravelandmore.com\/fr\/\"},{\"@type\":\"ListItem\",\"position\":2,\"name\":\"Tours\",\"item\":\"https:\/\/tourtravelandmore.com\/fr\/tours\/\"},{\"@type\":\"ListItem\",\"position\":3,\"name\":\"Transfert \u00e0 Porto avec arr\u00eat \u00e0 F\u00e1tima\"}]},{\"@type\":\"WebSite\",\"@id\":\"https:\/\/tourtravelandmore.com\/fr\/#website\",\"url\":\"https:\/\/tourtravelandmore.com\/fr\/\",\"name\":\"Tour Travel And More\",\"description\":\"Private sightseeing tours and luxury transfers in Spain\",\"publisher\":{\"@id\":\"https:\/\/tourtravelandmore.com\/fr\/#organization\"},\"potentialAction\":[{\"@type\":\"SearchAction\",\"target\":{\"@type\":\"EntryPoint\",\"urlTemplate\":\"https:\/\/tourtravelandmore.com\/fr\/?s={search_term_string}\"},\"query-input\":{\"@type\":\"PropertyValueSpecification\",\"valueRequired\":true,\"valueName\":\"search_term_string\"}}],\"inLanguage\":\"fr-FR\"},{\"@type\":\"Organization\",\"@id\":\"https:\/\/tourtravelandmore.com\/fr\/#organization\",\"name\":\"Tour Travel And More\",\"url\":\"https:\/\/tourtravelandmore.com\/fr\/\",\"logo\":{\"@type\":\"ImageObject\",\"inLanguage\":\"fr-FR\",\"@id\":\"https:\/\/tourtravelandmore.com\/fr\/#\/schema\/logo\/image\/\",\"url\":\"https:\/\/tourtravelandmore.com\/wp-content\/uploads\/2022\/12\/cropped-logo-cabecera-new.png\",\"contentUrl\":\"https:\/\/tourtravelandmore.com\/wp-content\/uploads\/2022\/12\/cropped-logo-cabecera-new.png\",\"width\":430,\"height\":61,\"caption\":\"Tour Travel And More\"},\"image\":{\"@id\":\"https:\/\/tourtravelandmore.com\/fr\/#\/schema\/logo\/image\/\"},\"sameAs\":[\"https:\/\/www.facebook.com\/tourtravelandmore\/\",\"https:\/\/x.com\/TourTravel_More\"]}]}<\/script>\n<!-- \/ Yoast SEO Premium plugin. -->","yoast_head_json":{"title":"\u27a1\ufe0f Premium Lisbon to Porto Transfer with F\u00e1tima Stop by Tour Travel and More","description":"Le transfert de luxe entre Lisbonne et Porto comprend un arr\u00eat \u00e0 F\u00e1tima. Explorez le c\u0153ur du Portugal en une seule journ\u00e9e.\u2705","robots":{"index":"index","follow":"follow","max-snippet":"max-snippet:-1","max-image-preview":"max-image-preview:large","max-video-preview":"max-video-preview:-1"},"canonical":"https:\/\/tourtravelandmore.com\/fr\/tours\/portugal-fr\/lisbon-fr\/titre-de-lexcursion-transfert-a-porto-avec-arret-a-fatima\/","og_locale":"fr_FR","og_type":"article","og_title":"Transfert \u00e0 Porto avec arr\u00eat \u00e0 F\u00e1tima","og_description":"Le transfert de luxe entre Lisbonne et Porto comprend un arr\u00eat \u00e0 F\u00e1tima. Explorez le c\u0153ur du Portugal en une seule journ\u00e9e.\u2705","og_url":"https:\/\/tourtravelandmore.com\/fr\/tours\/portugal-fr\/lisbon-fr\/titre-de-lexcursion-transfert-a-porto-avec-arret-a-fatima\/","og_site_name":"Tour Travel And More","article_publisher":"https:\/\/www.facebook.com\/tourtravelandmore\/","article_modified_time":"2024-04-29T13:48:54+00:00","og_image":[{"width":900,"height":750,"url":"https:\/\/tourtravelandmore.com\/wp-content\/uploads\/2023\/10\/image1-3.jpg","type":"image\/jpeg"}],"twitter_card":"summary_large_image","twitter_site":"@TourTravel_More","twitter_misc":{"Dur\u00e9e de lecture estim\u00e9e":"3 minutes"},"schema":{"@context":"https:\/\/schema.org","@graph":[{"@type":"WebPage","@id":"https:\/\/tourtravelandmore.com\/fr\/tours\/portugal-fr\/lisbon-fr\/titre-de-lexcursion-transfert-a-porto-avec-arret-a-fatima\/","url":"https:\/\/tourtravelandmore.com\/fr\/tours\/portugal-fr\/lisbon-fr\/titre-de-lexcursion-transfert-a-porto-avec-arret-a-fatima\/","name":"\u27a1\ufe0f Premium Lisbon to Porto Transfer with F\u00e1tima Stop by Tour Travel and More","isPartOf":{"@id":"https:\/\/tourtravelandmore.com\/fr\/#website"},"primaryImageOfPage":{"@id":"https:\/\/tourtravelandmore.com\/fr\/tours\/portugal-fr\/lisbon-fr\/titre-de-lexcursion-transfert-a-porto-avec-arret-a-fatima\/#primaryimage"},"image":{"@id":"https:\/\/tourtravelandmore.com\/fr\/tours\/portugal-fr\/lisbon-fr\/titre-de-lexcursion-transfert-a-porto-avec-arret-a-fatima\/#primaryimage"},"thumbnailUrl":"https:\/\/tourtravelandmore.com\/wp-content\/uploads\/2023\/10\/image1-3.jpg","datePublished":"2023-10-02T08:06:24+00:00","dateModified":"2024-04-29T13:48:54+00:00","description":"Le transfert de luxe entre Lisbonne et Porto comprend un arr\u00eat \u00e0 F\u00e1tima. Explorez le c\u0153ur du Portugal en une seule journ\u00e9e.\u2705","breadcrumb":{"@id":"https:\/\/tourtravelandmore.com\/fr\/tours\/portugal-fr\/lisbon-fr\/titre-de-lexcursion-transfert-a-porto-avec-arret-a-fatima\/#breadcrumb"},"inLanguage":"fr-FR","potentialAction":[{"@type":"ReadAction","target":["https:\/\/tourtravelandmore.com\/fr\/tours\/portugal-fr\/lisbon-fr\/titre-de-lexcursion-transfert-a-porto-avec-arret-a-fatima\/"]}]},{"@type":"ImageObject","inLanguage":"fr-FR","@id":"https:\/\/tourtravelandmore.com\/fr\/tours\/portugal-fr\/lisbon-fr\/titre-de-lexcursion-transfert-a-porto-avec-arret-a-fatima\/#primaryimage","url":"https:\/\/tourtravelandmore.com\/wp-content\/uploads\/2023\/10\/image1-3.jpg","contentUrl":"https:\/\/tourtravelandmore.com\/wp-content\/uploads\/2023\/10\/image1-3.jpg","width":900,"height":750},{"@type":"BreadcrumbList","@id":"https:\/\/tourtravelandmore.com\/fr\/tours\/portugal-fr\/lisbon-fr\/titre-de-lexcursion-transfert-a-porto-avec-arret-a-fatima\/#breadcrumb","itemListElement":[{"@type":"ListItem","position":1,"name":"Home","item":"https:\/\/tourtravelandmore.com\/fr\/"},{"@type":"ListItem","position":2,"name":"Tours","item":"https:\/\/tourtravelandmore.com\/fr\/tours\/"},{"@type":"ListItem","position":3,"name":"Transfert \u00e0 Porto avec arr\u00eat \u00e0 F\u00e1tima"}]},{"@type":"WebSite","@id":"https:\/\/tourtravelandmore.com\/fr\/#website","url":"https:\/\/tourtravelandmore.com\/fr\/","name":"Tour Travel And More","description":"Private sightseeing tours and luxury transfers in Spain","publisher":{"@id":"https:\/\/tourtravelandmore.com\/fr\/#organization"},"potentialAction":[{"@type":"SearchAction","target":{"@type":"EntryPoint","urlTemplate":"https:\/\/tourtravelandmore.com\/fr\/?s={search_term_string}"},"query-input":{"@type":"PropertyValueSpecification","valueRequired":true,"valueName":"search_term_string"}}],"inLanguage":"fr-FR"},{"@type":"Organization","@id":"https:\/\/tourtravelandmore.com\/fr\/#organization","name":"Tour Travel And More","url":"https:\/\/tourtravelandmore.com\/fr\/","logo":{"@type":"ImageObject","inLanguage":"fr-FR","@id":"https:\/\/tourtravelandmore.com\/fr\/#\/schema\/logo\/image\/","url":"https:\/\/tourtravelandmore.com\/wp-content\/uploads\/2022\/12\/cropped-logo-cabecera-new.png","contentUrl":"https:\/\/tourtravelandmore.com\/wp-content\/uploads\/2022\/12\/cropped-logo-cabecera-new.png","width":430,"height":61,"caption":"Tour Travel And More"},"image":{"@id":"https:\/\/tourtravelandmore.com\/fr\/#\/schema\/logo\/image\/"},"sameAs":["https:\/\/www.facebook.com\/tourtravelandmore\/","https:\/\/x.com\/TourTravel_More"]}]}},"_links":{"self":[{"href":"https:\/\/tourtravelandmore.com\/fr\/wp-json\/wp\/v2\/product\/170361","targetHints":{"allow":["GET"]}}],"collection":[{"href":"https:\/\/tourtravelandmore.com\/fr\/wp-json\/wp\/v2\/product"}],"about":[{"href":"https:\/\/tourtravelandmore.com\/fr\/wp-json\/wp\/v2\/types\/product"}],"replies":[{"embeddable":true,"href":"https:\/\/tourtravelandmore.com\/fr\/wp-json\/wp\/v2\/comments?post=170361"}],"wp:featuredmedia":[{"embeddable":true,"href":"https:\/\/tourtravelandmore.com\/fr\/wp-json\/wp\/v2\/media\/170371"}],"wp:attachment":[{"href":"https:\/\/tourtravelandmore.com\/fr\/wp-json\/wp\/v2\/media?parent=170361"}],"wp:term":[{"taxonomy":"product_brand","embeddable":true,"href":"https:\/\/tourtravelandmore.com\/fr\/wp-json\/wp\/v2\/product_brand?post=170361"},{"taxonomy":"product_cat","embeddable":true,"href":"https:\/\/tourtravelandmore.com\/fr\/wp-json\/wp\/v2\/product_cat?post=170361"},{"taxonomy":"product_tag","embeddable":true,"href":"https:\/\/tourtravelandmore.com\/fr\/wp-json\/wp\/v2\/product_tag?post=170361"}],"curies":[{"name":"wp","href":"https:\/\/api.w.org\/{rel}","templated":true}]}}