{"id":170334,"date":"2023-10-02T09:45:03","date_gmt":"2023-10-02T07:45:15","guid":{"rendered":"https:\/\/tourtravelandmore.com\/?post_type=product&#038;p=170334"},"modified":"2023-10-18T16:56:32","modified_gmt":"2023-10-18T14:56:32","slug":"visite-privee-de-bethleem-avec-le-monastere-des-jeronimos-et-visite-panoramique-de-la-ville-en-voiture","status":"publish","type":"product","link":"https:\/\/tourtravelandmore.com\/fr\/tours\/portugal-fr\/lisbon-fr\/visite-privee-de-bethleem-avec-le-monastere-des-jeronimos-et-visite-panoramique-de-la-ville-en-voiture\/","title":{"rendered":"Visite priv\u00e9e de Bethl\u00e9em avec le monast\u00e8re des J\u00e9ronimos"},"content":{"rendered":"<h2><b>Visite priv\u00e9e de Bethl\u00e9em avec le monast\u00e8re des J\u00e9ronimos description :<\/b><\/h2>\n<p><span style=\"font-weight: 400;\">Offrez-vous une exp\u00e9rience luxueuse et exclusive en embarquant pour une visite priv\u00e9e de Bethl\u00e9em, compl\u00e9t\u00e9e par une visite de l&#8217;illustre monast\u00e8re des Jeronimos. Tour Travel and More veille \u00e0 ce que chaque moment de ce voyage de 4 heures soit adapt\u00e9 \u00e0 vos pr\u00e9f\u00e9rences. Depuis le moment o\u00f9 vous posez le pied dans notre voiture confortable jusqu&#8217;aux r\u00e9cits perspicaces de notre guide professionnel, nous vous garantissons un service in\u00e9gal\u00e9. Au-del\u00e0 de l&#8217;importance historique de Bethl\u00e9em, vous serez fascin\u00e9 par la merveille architecturale des Jeronimos \u00e0 Lisbonne. La visite se termine par un tour panoramique de la ville, offrant des vues \u00e0 couper le souffle et des aper\u00e7us de la riche tapisserie de l&#8217;histoire et de la culture de la ville.<\/span><\/p>\n<p><span style=\"font-weight: 400;\">Plongez dans les r\u00e9cits des explorateurs maritimes, des anciens monarques et des miracles religieux en naviguant dans les quartiers historiques de Lisbonne. Chaque point de rep\u00e8re t\u00e9moigne de l&#8217;h\u00e9ritage profond de la ville. L&#8217;ambiance \u00e9th\u00e9r\u00e9e de Bethl\u00e9em, juxtapos\u00e9e \u00e0 la grandeur du monast\u00e8re de Jeronimos, ne manquera pas de captiver les voyageurs les plus exigeants. Alors que la voiture glisse doucement \u00e0 travers les boulevards, les avenues et les rues sinueuses de la ville, une mosa\u00efque du pass\u00e9 et du pr\u00e9sent de Lisbonne s&#8217;offre \u00e0 vous. \u00c9merveillez-vous devant les monuments embl\u00e9matiques, le m\u00e9lange harmonieux de modernit\u00e9 et de tradition, et le flux et le reflux rythmiques de la vie quotidienne, tout cela dans le luxe et le confort de notre v\u00e9hicule haut de gamme. Chaque moment pass\u00e9 avec Tour Travel and More est con\u00e7u non pas comme une simple visite, mais comme un voyage intime au c\u0153ur de Lisbonne.<\/span><\/p>\n<h2><b>Visite priv\u00e9e de Bethl\u00e9em avec le monast\u00e8re des Jeronimos voiture :<\/b><\/h2>\n<p><span style=\"font-weight: 400;\">D\u00e9couvrez Bethl\u00e9em, un lieu d&#8217;une grande importance religieuse et historique, et laissez-vous captiver par ses histoires et ses l\u00e9gendes. La pi\u00e8ce ma\u00eetresse de cette visite est le monast\u00e8re des J\u00e9ronimos, un t\u00e9moignage de l&#8217;\u00e9poque des d\u00e9couvertes et un site du patrimoine mondial de l&#8217;UNESCO. Sa conception complexe et sa riche histoire laisseront une trace ind\u00e9l\u00e9bile dans vos m\u00e9moires. En traversant les rues anim\u00e9es de Lisbonne dans notre luxueuse voiture, la vue panoramique offre une perspective unique sur la ligne d&#8217;horizon majestueuse de la ville, les quartiers anciens et les sites embl\u00e9matiques, garantissant que chaque instant est une occasion de prendre des photos.<\/span><\/p>\n<p><span style=\"font-weight: 400;\">Le m\u00e9lange harmonieux du pass\u00e9 et du pr\u00e9sent est palpable lorsque vous naviguez dans les diff\u00e9rents quartiers de Lisbonne. Chaque tournant r\u00e9v\u00e8le un r\u00e9cit, chaque fa\u00e7ade raconte une histoire, et le doux murmure du Tage ajoute \u00e0 l&#8217;ambiance enchanteresse de la ville. Avec Tour Travel and More, vous ne vous contentez pas d&#8217;\u00eatre t\u00e9moin de l&#8217;histoire, vous la vivez en ressentant le pouls de si\u00e8cles de culture, de conqu\u00eates et de c\u00e9l\u00e9brations, tout en \u00e9tant confortablement install\u00e9 dans notre v\u00e9hicule, faisant de ce voyage un chapitre inoubliable de votre carnet de voyage.<\/span><\/p>\n<h3><span style=\"font-weight: 400;\">Les sites et lieux d&#8217;int\u00e9r\u00eat les plus populaires des Jeronimos \u00e0 Lisbonne :<\/span><\/h3>\n<p>&nbsp;<\/p>\n<ul>\n<li style=\"font-weight: 400;\" aria-level=\"1\"><b>Monast\u00e8re de Jeronimos :<\/b><span style=\"font-weight: 400;\"> Exemple \u00e9clatant du style architectural manu\u00e9lin, ce monast\u00e8re t\u00e9moigne de l&#8217;\u00e8re des d\u00e9couvertes du Portugal. Les d\u00e9tails de la ma\u00e7onnerie, les int\u00e9rieurs majestueux et la riche histoire qui se cache derri\u00e8re ses murs en font une visite incontournable.<\/span><\/li>\n<li style=\"font-weight: 400;\" aria-level=\"1\"><b>Tour de Bel\u00e9m :<\/b><span style=\"font-weight: 400;\"> Construite \u00e0 l&#8217;origine comme tour de d\u00e9fense, la tour de Bel\u00e9m est aujourd&#8217;hui un symbole de l&#8217;histoire maritime de Lisbonne. Ses caract\u00e9ristiques architecturales uniques et sa position au bord du Tage en font l&#8217;un des sites les plus photographi\u00e9s de la ville.<\/span><\/li>\n<li style=\"font-weight: 400;\" aria-level=\"1\"><b>Monument des D\u00e9couvertes :<\/b><span style=\"font-weight: 400;\"> Hommage moderne \u00e0 l&#8217;\u00e8re des d\u00e9couvertes, ce monument c\u00e9l\u00e8bre les explorateurs pionniers du Portugal. Avec les statues des principales figures de cette \u00e9poque, dont Vasco da Gama, le monument offre une vue panoramique sur le quartier de Belem depuis son sommet.<\/span><\/li>\n<li style=\"font-weight: 400;\" aria-level=\"1\"><b>Vue panoramique du Rossio :<\/b><span style=\"font-weight: 400;\"> Lors de votre voyage \u00e0 travers Lisbonne, un passage panoramique par la place du Rossio, le c\u0153ur de la ville, offre un aper\u00e7u de la vie anim\u00e9e de Lisbonne avec ses fontaines, ses monuments et ses th\u00e9\u00e2tres historiques.<\/span><\/li>\n<li style=\"font-weight: 400;\" aria-level=\"1\"><b>Le quartier de l&#8217;Alfama : <\/b><span style=\"font-weight: 400;\">Connu comme le plus ancien quartier de Lisbonne, l&#8217;Alfama est un labyrinthe de rues \u00e9troites, de maisons anciennes et de lieux de musique traditionnelle Fado. Le quartier d\u00e9gage un charme d&#8217;antan et permet de plonger dans le pass\u00e9 mauresque de la ville.<\/span><\/li>\n<\/ul>\n<p>&nbsp;<\/p>\n<p><span style=\"font-weight: 400;\">Pour ceux qui souhaitent approfondir leur connaissance de Lisbonne et de ses merveilles, <\/span><a href=\"https:\/\/tourtravelandmore.com\/fr\/city\/portugal-fr\/lisbon-fr\/\"><span style=\"font-weight: 400;\">Tour Travel and More propose un \u00e9ventail de visites priv\u00e9es adapt\u00e9es \u00e0 vos centres d&#8217;int\u00e9r\u00eat.<\/span><\/a><span style=\"font-weight: 400;\"> D\u00e9couvrez tout ce que Lisbonne a \u00e0 offrir en visitant notre site web.<\/span><\/p>\n","protected":false},"excerpt":{"rendered":"<p><span style=\"font-weight: 400;\">D\u00e9couvrez l&#8217;attrait de Bethl\u00e9em, la merveille architecturale du monast\u00e8re des Jeronimos et une promenade panoramique autour de Lisbonne, le tout en une seule visite priv\u00e9e exclusive avec Tour Travel and More.<\/span><\/p>\n","protected":false},"featured_media":170344,"comment_status":"open","ping_status":"closed","template":"","meta":{"_acf_changed":false},"product_brand":[],"product_cat":[4467,4469,3665],"product_tag":[],"class_list":{"0":"post-170334","1":"product","2":"type-product","3":"status-publish","4":"has-post-thumbnail","6":"product_cat-toutes-les-visites-et-activites-privees-fr-5","7":"product_cat-visites-guidees-privees-fr-6","8":"product_cat-lisbon-fr","10":"first","11":"instock","12":"shipping-taxable","13":"purchasable","14":"product-type-simple"},"acf":[],"yoast_head":"<!-- This site is optimized with the Yoast SEO Premium plugin v25.3.1 (Yoast SEO v25.3.1) - https:\/\/yoast.com\/wordpress\/plugins\/seo\/ -->\n<title>\u27a1\ufe0f Private Bethlehem &amp; Jeronimos Monastery Tour by Tour Travel and More<\/title>\n<meta name=\"description\" content=\"Plongez dans l&#039;histoire et la beaut\u00e9 de Bethl\u00e9em et du monast\u00e8re de Jeronimos lors d&#039;une luxueuse visite priv\u00e9e de 4 heures. D\u00e9couvrez les joyaux de Lisbonne avec nous ! \u2705\" \/>\n<meta name=\"robots\" content=\"index, follow, max-snippet:-1, max-image-preview:large, max-video-preview:-1\" \/>\n<link rel=\"canonical\" href=\"https:\/\/tourtravelandmore.com\/fr\/tours\/portugal-fr\/lisbon-fr\/visite-privee-de-bethleem-avec-le-monastere-des-jeronimos-et-visite-panoramique-de-la-ville-en-voiture\/\" \/>\n<meta property=\"og:locale\" content=\"fr_FR\" \/>\n<meta property=\"og:type\" content=\"article\" \/>\n<meta property=\"og:title\" content=\"Visite priv\u00e9e de Bethl\u00e9em avec le monast\u00e8re des J\u00e9ronimos\" \/>\n<meta property=\"og:description\" content=\"Plongez dans l&#039;histoire et la beaut\u00e9 de Bethl\u00e9em et du monast\u00e8re de Jeronimos lors d&#039;une luxueuse visite priv\u00e9e de 4 heures. D\u00e9couvrez les joyaux de Lisbonne avec nous ! \u2705\" \/>\n<meta property=\"og:url\" content=\"https:\/\/tourtravelandmore.com\/fr\/tours\/portugal-fr\/lisbon-fr\/visite-privee-de-bethleem-avec-le-monastere-des-jeronimos-et-visite-panoramique-de-la-ville-en-voiture\/\" \/>\n<meta property=\"og:site_name\" content=\"Tour Travel And More\" \/>\n<meta property=\"article:publisher\" content=\"https:\/\/www.facebook.com\/tourtravelandmore\/\" \/>\n<meta property=\"article:modified_time\" content=\"2023-10-18T14:56:32+00:00\" \/>\n<meta property=\"og:image\" content=\"https:\/\/tourtravelandmore.com\/wp-content\/uploads\/2023\/10\/image1-2.jpg\" \/>\n\t<meta property=\"og:image:width\" content=\"900\" \/>\n\t<meta property=\"og:image:height\" content=\"750\" \/>\n\t<meta property=\"og:image:type\" content=\"image\/jpeg\" \/>\n<meta name=\"twitter:card\" content=\"summary_large_image\" \/>\n<meta name=\"twitter:site\" content=\"@TourTravel_More\" \/>\n<meta name=\"twitter:label1\" content=\"Dur\u00e9e de lecture estim\u00e9e\" \/>\n\t<meta name=\"twitter:data1\" content=\"4 minutes\" \/>\n<script type=\"application\/ld+json\" class=\"yoast-schema-graph\">{\"@context\":\"https:\/\/schema.org\",\"@graph\":[{\"@type\":\"WebPage\",\"@id\":\"https:\/\/tourtravelandmore.com\/fr\/tours\/portugal-fr\/lisbon-fr\/visite-privee-de-bethleem-avec-le-monastere-des-jeronimos-et-visite-panoramique-de-la-ville-en-voiture\/\",\"url\":\"https:\/\/tourtravelandmore.com\/fr\/tours\/portugal-fr\/lisbon-fr\/visite-privee-de-bethleem-avec-le-monastere-des-jeronimos-et-visite-panoramique-de-la-ville-en-voiture\/\",\"name\":\"\u27a1\ufe0f Private Bethlehem & Jeronimos Monastery Tour by Tour Travel and More\",\"isPartOf\":{\"@id\":\"https:\/\/tourtravelandmore.com\/fr\/#website\"},\"primaryImageOfPage\":{\"@id\":\"https:\/\/tourtravelandmore.com\/fr\/tours\/portugal-fr\/lisbon-fr\/visite-privee-de-bethleem-avec-le-monastere-des-jeronimos-et-visite-panoramique-de-la-ville-en-voiture\/#primaryimage\"},\"image\":{\"@id\":\"https:\/\/tourtravelandmore.com\/fr\/tours\/portugal-fr\/lisbon-fr\/visite-privee-de-bethleem-avec-le-monastere-des-jeronimos-et-visite-panoramique-de-la-ville-en-voiture\/#primaryimage\"},\"thumbnailUrl\":\"https:\/\/tourtravelandmore.com\/wp-content\/uploads\/2023\/10\/image1-2.jpg\",\"datePublished\":\"2023-10-02T07:45:15+00:00\",\"dateModified\":\"2023-10-18T14:56:32+00:00\",\"description\":\"Plongez dans l'histoire et la beaut\u00e9 de Bethl\u00e9em et du monast\u00e8re de Jeronimos lors d'une luxueuse visite priv\u00e9e de 4 heures. D\u00e9couvrez les joyaux de Lisbonne avec nous ! \u2705\",\"breadcrumb\":{\"@id\":\"https:\/\/tourtravelandmore.com\/fr\/tours\/portugal-fr\/lisbon-fr\/visite-privee-de-bethleem-avec-le-monastere-des-jeronimos-et-visite-panoramique-de-la-ville-en-voiture\/#breadcrumb\"},\"inLanguage\":\"fr-FR\",\"potentialAction\":[{\"@type\":\"ReadAction\",\"target\":[\"https:\/\/tourtravelandmore.com\/fr\/tours\/portugal-fr\/lisbon-fr\/visite-privee-de-bethleem-avec-le-monastere-des-jeronimos-et-visite-panoramique-de-la-ville-en-voiture\/\"]}]},{\"@type\":\"ImageObject\",\"inLanguage\":\"fr-FR\",\"@id\":\"https:\/\/tourtravelandmore.com\/fr\/tours\/portugal-fr\/lisbon-fr\/visite-privee-de-bethleem-avec-le-monastere-des-jeronimos-et-visite-panoramique-de-la-ville-en-voiture\/#primaryimage\",\"url\":\"https:\/\/tourtravelandmore.com\/wp-content\/uploads\/2023\/10\/image1-2.jpg\",\"contentUrl\":\"https:\/\/tourtravelandmore.com\/wp-content\/uploads\/2023\/10\/image1-2.jpg\",\"width\":900,\"height\":750},{\"@type\":\"BreadcrumbList\",\"@id\":\"https:\/\/tourtravelandmore.com\/fr\/tours\/portugal-fr\/lisbon-fr\/visite-privee-de-bethleem-avec-le-monastere-des-jeronimos-et-visite-panoramique-de-la-ville-en-voiture\/#breadcrumb\",\"itemListElement\":[{\"@type\":\"ListItem\",\"position\":1,\"name\":\"Home\",\"item\":\"https:\/\/tourtravelandmore.com\/fr\/\"},{\"@type\":\"ListItem\",\"position\":2,\"name\":\"Tours\",\"item\":\"https:\/\/tourtravelandmore.com\/fr\/tours\/\"},{\"@type\":\"ListItem\",\"position\":3,\"name\":\"Visite priv\u00e9e de Bethl\u00e9em avec le monast\u00e8re des J\u00e9ronimos\"}]},{\"@type\":\"WebSite\",\"@id\":\"https:\/\/tourtravelandmore.com\/fr\/#website\",\"url\":\"https:\/\/tourtravelandmore.com\/fr\/\",\"name\":\"Tour Travel And More\",\"description\":\"Private sightseeing tours and luxury transfers in Spain\",\"publisher\":{\"@id\":\"https:\/\/tourtravelandmore.com\/fr\/#organization\"},\"potentialAction\":[{\"@type\":\"SearchAction\",\"target\":{\"@type\":\"EntryPoint\",\"urlTemplate\":\"https:\/\/tourtravelandmore.com\/fr\/?s={search_term_string}\"},\"query-input\":{\"@type\":\"PropertyValueSpecification\",\"valueRequired\":true,\"valueName\":\"search_term_string\"}}],\"inLanguage\":\"fr-FR\"},{\"@type\":\"Organization\",\"@id\":\"https:\/\/tourtravelandmore.com\/fr\/#organization\",\"name\":\"Tour Travel And More\",\"url\":\"https:\/\/tourtravelandmore.com\/fr\/\",\"logo\":{\"@type\":\"ImageObject\",\"inLanguage\":\"fr-FR\",\"@id\":\"https:\/\/tourtravelandmore.com\/fr\/#\/schema\/logo\/image\/\",\"url\":\"https:\/\/tourtravelandmore.com\/wp-content\/uploads\/2022\/12\/cropped-logo-cabecera-new.png\",\"contentUrl\":\"https:\/\/tourtravelandmore.com\/wp-content\/uploads\/2022\/12\/cropped-logo-cabecera-new.png\",\"width\":430,\"height\":61,\"caption\":\"Tour Travel And More\"},\"image\":{\"@id\":\"https:\/\/tourtravelandmore.com\/fr\/#\/schema\/logo\/image\/\"},\"sameAs\":[\"https:\/\/www.facebook.com\/tourtravelandmore\/\",\"https:\/\/x.com\/TourTravel_More\"]}]}<\/script>\n<!-- \/ Yoast SEO Premium plugin. -->","yoast_head_json":{"title":"\u27a1\ufe0f Private Bethlehem & Jeronimos Monastery Tour by Tour Travel and More","description":"Plongez dans l'histoire et la beaut\u00e9 de Bethl\u00e9em et du monast\u00e8re de Jeronimos lors d'une luxueuse visite priv\u00e9e de 4 heures. D\u00e9couvrez les joyaux de Lisbonne avec nous ! \u2705","robots":{"index":"index","follow":"follow","max-snippet":"max-snippet:-1","max-image-preview":"max-image-preview:large","max-video-preview":"max-video-preview:-1"},"canonical":"https:\/\/tourtravelandmore.com\/fr\/tours\/portugal-fr\/lisbon-fr\/visite-privee-de-bethleem-avec-le-monastere-des-jeronimos-et-visite-panoramique-de-la-ville-en-voiture\/","og_locale":"fr_FR","og_type":"article","og_title":"Visite priv\u00e9e de Bethl\u00e9em avec le monast\u00e8re des J\u00e9ronimos","og_description":"Plongez dans l'histoire et la beaut\u00e9 de Bethl\u00e9em et du monast\u00e8re de Jeronimos lors d'une luxueuse visite priv\u00e9e de 4 heures. D\u00e9couvrez les joyaux de Lisbonne avec nous ! \u2705","og_url":"https:\/\/tourtravelandmore.com\/fr\/tours\/portugal-fr\/lisbon-fr\/visite-privee-de-bethleem-avec-le-monastere-des-jeronimos-et-visite-panoramique-de-la-ville-en-voiture\/","og_site_name":"Tour Travel And More","article_publisher":"https:\/\/www.facebook.com\/tourtravelandmore\/","article_modified_time":"2023-10-18T14:56:32+00:00","og_image":[{"width":900,"height":750,"url":"https:\/\/tourtravelandmore.com\/wp-content\/uploads\/2023\/10\/image1-2.jpg","type":"image\/jpeg"}],"twitter_card":"summary_large_image","twitter_site":"@TourTravel_More","twitter_misc":{"Dur\u00e9e de lecture estim\u00e9e":"4 minutes"},"schema":{"@context":"https:\/\/schema.org","@graph":[{"@type":"WebPage","@id":"https:\/\/tourtravelandmore.com\/fr\/tours\/portugal-fr\/lisbon-fr\/visite-privee-de-bethleem-avec-le-monastere-des-jeronimos-et-visite-panoramique-de-la-ville-en-voiture\/","url":"https:\/\/tourtravelandmore.com\/fr\/tours\/portugal-fr\/lisbon-fr\/visite-privee-de-bethleem-avec-le-monastere-des-jeronimos-et-visite-panoramique-de-la-ville-en-voiture\/","name":"\u27a1\ufe0f Private Bethlehem & Jeronimos Monastery Tour by Tour Travel and More","isPartOf":{"@id":"https:\/\/tourtravelandmore.com\/fr\/#website"},"primaryImageOfPage":{"@id":"https:\/\/tourtravelandmore.com\/fr\/tours\/portugal-fr\/lisbon-fr\/visite-privee-de-bethleem-avec-le-monastere-des-jeronimos-et-visite-panoramique-de-la-ville-en-voiture\/#primaryimage"},"image":{"@id":"https:\/\/tourtravelandmore.com\/fr\/tours\/portugal-fr\/lisbon-fr\/visite-privee-de-bethleem-avec-le-monastere-des-jeronimos-et-visite-panoramique-de-la-ville-en-voiture\/#primaryimage"},"thumbnailUrl":"https:\/\/tourtravelandmore.com\/wp-content\/uploads\/2023\/10\/image1-2.jpg","datePublished":"2023-10-02T07:45:15+00:00","dateModified":"2023-10-18T14:56:32+00:00","description":"Plongez dans l'histoire et la beaut\u00e9 de Bethl\u00e9em et du monast\u00e8re de Jeronimos lors d'une luxueuse visite priv\u00e9e de 4 heures. D\u00e9couvrez les joyaux de Lisbonne avec nous ! \u2705","breadcrumb":{"@id":"https:\/\/tourtravelandmore.com\/fr\/tours\/portugal-fr\/lisbon-fr\/visite-privee-de-bethleem-avec-le-monastere-des-jeronimos-et-visite-panoramique-de-la-ville-en-voiture\/#breadcrumb"},"inLanguage":"fr-FR","potentialAction":[{"@type":"ReadAction","target":["https:\/\/tourtravelandmore.com\/fr\/tours\/portugal-fr\/lisbon-fr\/visite-privee-de-bethleem-avec-le-monastere-des-jeronimos-et-visite-panoramique-de-la-ville-en-voiture\/"]}]},{"@type":"ImageObject","inLanguage":"fr-FR","@id":"https:\/\/tourtravelandmore.com\/fr\/tours\/portugal-fr\/lisbon-fr\/visite-privee-de-bethleem-avec-le-monastere-des-jeronimos-et-visite-panoramique-de-la-ville-en-voiture\/#primaryimage","url":"https:\/\/tourtravelandmore.com\/wp-content\/uploads\/2023\/10\/image1-2.jpg","contentUrl":"https:\/\/tourtravelandmore.com\/wp-content\/uploads\/2023\/10\/image1-2.jpg","width":900,"height":750},{"@type":"BreadcrumbList","@id":"https:\/\/tourtravelandmore.com\/fr\/tours\/portugal-fr\/lisbon-fr\/visite-privee-de-bethleem-avec-le-monastere-des-jeronimos-et-visite-panoramique-de-la-ville-en-voiture\/#breadcrumb","itemListElement":[{"@type":"ListItem","position":1,"name":"Home","item":"https:\/\/tourtravelandmore.com\/fr\/"},{"@type":"ListItem","position":2,"name":"Tours","item":"https:\/\/tourtravelandmore.com\/fr\/tours\/"},{"@type":"ListItem","position":3,"name":"Visite priv\u00e9e de Bethl\u00e9em avec le monast\u00e8re des J\u00e9ronimos"}]},{"@type":"WebSite","@id":"https:\/\/tourtravelandmore.com\/fr\/#website","url":"https:\/\/tourtravelandmore.com\/fr\/","name":"Tour Travel And More","description":"Private sightseeing tours and luxury transfers in Spain","publisher":{"@id":"https:\/\/tourtravelandmore.com\/fr\/#organization"},"potentialAction":[{"@type":"SearchAction","target":{"@type":"EntryPoint","urlTemplate":"https:\/\/tourtravelandmore.com\/fr\/?s={search_term_string}"},"query-input":{"@type":"PropertyValueSpecification","valueRequired":true,"valueName":"search_term_string"}}],"inLanguage":"fr-FR"},{"@type":"Organization","@id":"https:\/\/tourtravelandmore.com\/fr\/#organization","name":"Tour Travel And More","url":"https:\/\/tourtravelandmore.com\/fr\/","logo":{"@type":"ImageObject","inLanguage":"fr-FR","@id":"https:\/\/tourtravelandmore.com\/fr\/#\/schema\/logo\/image\/","url":"https:\/\/tourtravelandmore.com\/wp-content\/uploads\/2022\/12\/cropped-logo-cabecera-new.png","contentUrl":"https:\/\/tourtravelandmore.com\/wp-content\/uploads\/2022\/12\/cropped-logo-cabecera-new.png","width":430,"height":61,"caption":"Tour Travel And More"},"image":{"@id":"https:\/\/tourtravelandmore.com\/fr\/#\/schema\/logo\/image\/"},"sameAs":["https:\/\/www.facebook.com\/tourtravelandmore\/","https:\/\/x.com\/TourTravel_More"]}]}},"_links":{"self":[{"href":"https:\/\/tourtravelandmore.com\/fr\/wp-json\/wp\/v2\/product\/170334","targetHints":{"allow":["GET"]}}],"collection":[{"href":"https:\/\/tourtravelandmore.com\/fr\/wp-json\/wp\/v2\/product"}],"about":[{"href":"https:\/\/tourtravelandmore.com\/fr\/wp-json\/wp\/v2\/types\/product"}],"replies":[{"embeddable":true,"href":"https:\/\/tourtravelandmore.com\/fr\/wp-json\/wp\/v2\/comments?post=170334"}],"wp:featuredmedia":[{"embeddable":true,"href":"https:\/\/tourtravelandmore.com\/fr\/wp-json\/wp\/v2\/media\/170344"}],"wp:attachment":[{"href":"https:\/\/tourtravelandmore.com\/fr\/wp-json\/wp\/v2\/media?parent=170334"}],"wp:term":[{"taxonomy":"product_brand","embeddable":true,"href":"https:\/\/tourtravelandmore.com\/fr\/wp-json\/wp\/v2\/product_brand?post=170334"},{"taxonomy":"product_cat","embeddable":true,"href":"https:\/\/tourtravelandmore.com\/fr\/wp-json\/wp\/v2\/product_cat?post=170334"},{"taxonomy":"product_tag","embeddable":true,"href":"https:\/\/tourtravelandmore.com\/fr\/wp-json\/wp\/v2\/product_tag?post=170334"}],"curies":[{"name":"wp","href":"https:\/\/api.w.org\/{rel}","templated":true}]}}