{"id":170307,"date":"2023-10-01T15:49:54","date_gmt":"2023-10-01T13:50:01","guid":{"rendered":"https:\/\/tourtravelandmore.com\/?post_type=product&#038;p=170307"},"modified":"2023-10-06T13:11:39","modified_gmt":"2023-10-06T11:11:39","slug":"excursion-privee-a-evora-depuis-lisbonne","status":"publish","type":"product","link":"https:\/\/tourtravelandmore.com\/fr\/tours\/portugal-fr\/lisbon-fr\/excursion-privee-a-evora-depuis-lisbonne\/","title":{"rendered":"Excursion priv\u00e9e \u00e0 Evora depuis Lisbonne"},"content":{"rendered":"<h2><b>Excursion priv\u00e9e \u00e0 Evora depuis Lisbonne Description :<\/b><\/h2>\n<p><span style=\"font-weight: 400;\">Embarquez pour un voyage remarquable au c\u0153ur historique du Portugal avec notre Excursion priv\u00e9e \u00e0 Evora depuis Lisbonne, exclusivement con\u00e7ue par Tour Travel and More. Au d\u00e9part de Lisbonne, vous serez transport\u00e9 dans le confort d&#8217;un v\u00e9hicule priv\u00e9, sous la responsabilit\u00e9 de notre chauffeur professionnel. \u00c0 l&#8217;approche d&#8217;Evora, site class\u00e9 au patrimoine mondial de l&#8217;UNESCO, la riche tapisserie historique de la ville devient \u00e9vidente. \u00c0 votre arriv\u00e9e, un guide expert, connaissant bien l&#8217;histoire, l&#8217;architecture et les l\u00e9gendes de la ville, vous conduira pour une plong\u00e9e de 2,5 heures au c\u0153ur d&#8217;Evora. Vous d\u00e9couvrirez d&#8217;anciens temples romains, des \u00e9glises m\u00e9di\u00e9vales et des rues labyrinthiques qui racontent des histoires d&#8217;\u00e9poques r\u00e9volues. Cette excursion de 8 heures pr\u00e9sente le meilleur d&#8217;Evora, en assurant un m\u00e9lange d&#8217;\u00e9ducation, d&#8217;exploration et de plaisir.<\/span><\/p>\n<p><span style=\"font-weight: 400;\">Au fil de la journ\u00e9e, vous vous immergerez dans une ville qui marie harmonieusement l&#8217;antiquit\u00e9 et le dynamisme de la vie contemporaine. Marchez le long de rues pav\u00e9es vieilles de plusieurs si\u00e8cles, o\u00f9 chaque pierre a une histoire \u00e0 raconter. Sentez le poids de l&#8217;histoire en vous tenant devant des structures qui ont r\u00e9sist\u00e9 \u00e0 l&#8217;\u00e9preuve du temps, t\u00e9moignant de moments cruciaux et de l&#8217;\u00e9volution de la culture portugaise. \u00c0 chaque pas, laissez-vous envo\u00fbter par les m\u00e9lodies de la vie locale, des bavardages des march\u00e9s anim\u00e9s aux chuchotements tranquilles des cours isol\u00e9es. Votre voyage \u00e0 Evora vous promet non seulement une exploration de ses sites physiques, mais aussi un voyage dans le temps, pour saisir l&#8217;esprit et l&#8217;essence d&#8217;une ville qui a \u00e9t\u00e9 le spectateur silencieux de mill\u00e9naires d&#8217;activit\u00e9s humaines.<\/span><\/p>\n<h2><b>Excursion priv\u00e9e \u00e0 Evora depuis Lisbonne Points forts :<\/b><\/h2>\n<p><span style=\"font-weight: 400;\">Evora est un t\u00e9moignage intemporel des diverses civilisations qui l&#8217;ont habit\u00e9e. Le temple romain, qui rappelle une \u00e9poque r\u00e9volue, la cath\u00e9drale de style gothique et l&#8217;effrayante chapelle des ossements ne sont que quelques-unes des nombreuses merveilles que rec\u00e8le cette ville. Promenez-vous sur la place centrale de la ville, Pra\u00e7a do Giraldo, et sentez la vie vibrante du pr\u00e9sent se m\u00ealer harmonieusement aux \u00e9chos du pass\u00e9. \u00c9merveillez-vous devant les b\u00e2timents blanchis \u00e0 la chaux et orn\u00e9s de bordures jaunes, un charme caract\u00e9ristique d&#8217;Evora. \u00c0 chaque coin de rue, une nouvelle couche de l&#8217;histoire de cette ville se d\u00e9voile, laissant les visiteurs \u00e9merveill\u00e9s par son riche patrimoine.<\/span><\/p>\n<p>&nbsp;<\/p>\n<h2><b>Sites et lieux d&#8217;int\u00e9r\u00eat populaires :<\/b><\/h2>\n<ul>\n<li style=\"font-weight: 400;\" aria-level=\"1\"><span style=\"font-weight: 400;\"><strong>Temple romain d&#8217;Evora :<\/strong> \u00c9galement connu sous le nom de temple de Diane, cette structure romaine bien pr\u00e9serv\u00e9e est un symbole des anciennes racines romaines de la ville. Avec ses colonnes corinthiennes, le temple \u00e9voque l&#8217;\u00e9poque o\u00f9 Evora \u00e9tait un important avant-poste romain.<\/span><\/li>\n<li style=\"font-weight: 400;\" aria-level=\"1\"><span style=\"font-weight: 400;\"><strong>La cath\u00e9drale d&#8217;Evora :<\/strong> Dominant l&#8217;horizon de la ville, la cath\u00e9drale, construite entre les XIIe et XIIIe si\u00e8cles, est un remarquable m\u00e9lange de styles architecturaux roman et gothique. Sa ma\u00e7onnerie complexe et ses vastes int\u00e9rieurs t\u00e9moignent de la grandeur religieuse du Portugal m\u00e9di\u00e9val.<\/span><\/li>\n<li style=\"font-weight: 400;\" aria-level=\"1\"><span style=\"font-weight: 400;\"><strong>Chapelle des os :<\/strong> Peut-\u00eatre l&#8217;une des chapelles les plus uniques au monde, ce site confronte les visiteurs \u00e0 un message \u00e9vocateur : &#8220;Nous, les os, gisant ici, attendons les v\u00f4tres&#8221;. Les murs tapiss\u00e9s d&#8217;ossements humains et de cr\u00e2nes servent de m\u00e9ditation sur la nature \u00e9ph\u00e9m\u00e8re de la vie.<\/span><\/li>\n<li style=\"font-weight: 400;\" aria-level=\"1\"><span style=\"font-weight: 400;\"><strong>Pra\u00e7a do Giraldo :<\/strong> cette place anim\u00e9e est le c\u0153ur d&#8217;Evora, entour\u00e9e d&#8217;arches gothiques, de fontaines de la Renaissance et de caf\u00e9s anim\u00e9s. Au fil des si\u00e8cles, elle a \u00e9t\u00e9 le th\u00e9\u00e2tre de c\u00e9l\u00e9brations, de march\u00e9s et m\u00eame d&#8217;ex\u00e9cutions, ce qui en fait un \u00e9l\u00e9ment central de l&#8217;histoire d&#8217;Evora.<\/span><\/li>\n<li style=\"font-weight: 400;\" aria-level=\"1\"><span style=\"font-weight: 400;\"><strong>Aqueduto da \u00c1gua de Prata :<\/strong> Merveille architecturale, cet aqueduc a \u00e9t\u00e9 construit au XVIe si\u00e8cle pour approvisionner la ville en eau. S&#8217;\u00e9tendant sur plusieurs kilom\u00e8tres, ses grandes arches et sa conception complexe t\u00e9moignent des prouesses d&#8217;ing\u00e9nierie de ses cr\u00e9ateurs.<\/span><\/li>\n<\/ul>\n<p><span style=\"font-weight: 400;\">Explorez les paysages enchanteurs et les sites historiques du Portugal gr\u00e2ce \u00e0 notre gamme vari\u00e9e de circuits. <\/span><a href=\"https:\/\/tourtravelandmore.com\/fr\/city\/portugal-fr\/lisbon-fr\/\"><span style=\"font-weight: 400;\">Des rues charismatiques de Lisbonne aux m\u00e9lodies m\u00e9lodieuses du fado, <\/span><\/a><span style=\"font-weight: 400;\">Tour Travel and More vous propose un \u00e9ventail exclusif d&#8217;exp\u00e9riences priv\u00e9es. D\u00e9couvrez-en plus sur notre site web.<\/span><\/p>\n","protected":false},"excerpt":{"rendered":"<p><span style=\"font-weight: 400;\">Plongez dans l&#8217;essence historique d&#8217;Evora avec notre excursion priv\u00e9e de 8 heures au d\u00e9part de Lisbonne. Plongez dans les r\u00e9cits anciens, les merveilles architecturales et la culture vibrante de la ville, sous la conduite de guides experts qui vous garantissent une exp\u00e9rience enrichissante.<\/span><\/p>\n","protected":false},"featured_media":170317,"comment_status":"open","ping_status":"closed","template":"","meta":{"_acf_changed":false},"product_brand":[],"product_cat":[4467,4469,3665],"product_tag":[],"class_list":{"0":"post-170307","1":"product","2":"type-product","3":"status-publish","4":"has-post-thumbnail","6":"product_cat-toutes-les-visites-et-activites-privees-fr-5","7":"product_cat-visites-guidees-privees-fr-6","8":"product_cat-lisbon-fr","10":"first","11":"instock","12":"shipping-taxable","13":"purchasable","14":"product-type-simple"},"acf":[],"yoast_head":"<!-- This site is optimized with the Yoast SEO Premium plugin v25.3.1 (Yoast SEO v25.3.1) - https:\/\/yoast.com\/wordpress\/plugins\/seo\/ -->\n<title>\u27a1\ufe0f Excursion priv\u00e9e \u00e0 Evora : Plongez dans le c\u0153ur historique du Portugal<\/title>\n<meta name=\"description\" content=\"D\u00e9couvrez la riche tapisserie historique d&#039;Evora, des temples romains aux merveilles m\u00e9di\u00e9vales, lors de notre excursion exclusive de 8 heures. Explorez, apprenez et ch\u00e9rissez avec Tour Travel and More \u2705\" \/>\n<meta name=\"robots\" content=\"index, follow, max-snippet:-1, max-image-preview:large, max-video-preview:-1\" \/>\n<link rel=\"canonical\" href=\"https:\/\/tourtravelandmore.com\/fr\/tours\/portugal-fr\/lisbon-fr\/excursion-privee-a-evora-depuis-lisbonne\/\" \/>\n<meta property=\"og:locale\" content=\"fr_FR\" \/>\n<meta property=\"og:type\" content=\"article\" \/>\n<meta property=\"og:title\" content=\"Excursion priv\u00e9e \u00e0 Evora depuis Lisbonne\" \/>\n<meta property=\"og:description\" content=\"D\u00e9couvrez la riche tapisserie historique d&#039;Evora, des temples romains aux merveilles m\u00e9di\u00e9vales, lors de notre excursion exclusive de 8 heures. Explorez, apprenez et ch\u00e9rissez avec Tour Travel and More \u2705\" \/>\n<meta property=\"og:url\" content=\"https:\/\/tourtravelandmore.com\/fr\/tours\/portugal-fr\/lisbon-fr\/excursion-privee-a-evora-depuis-lisbonne\/\" \/>\n<meta property=\"og:site_name\" content=\"Tour Travel And More\" \/>\n<meta property=\"article:publisher\" content=\"https:\/\/www.facebook.com\/tourtravelandmore\/\" \/>\n<meta property=\"article:modified_time\" content=\"2023-10-06T11:11:39+00:00\" \/>\n<meta property=\"og:image\" content=\"https:\/\/tourtravelandmore.com\/wp-content\/uploads\/2023\/10\/image1-1.jpg\" \/>\n\t<meta property=\"og:image:width\" content=\"900\" \/>\n\t<meta property=\"og:image:height\" content=\"750\" \/>\n\t<meta property=\"og:image:type\" content=\"image\/jpeg\" \/>\n<meta name=\"twitter:card\" content=\"summary_large_image\" \/>\n<meta name=\"twitter:site\" content=\"@TourTravel_More\" \/>\n<meta name=\"twitter:label1\" content=\"Dur\u00e9e de lecture estim\u00e9e\" \/>\n\t<meta name=\"twitter:data1\" content=\"4 minutes\" \/>\n<script type=\"application\/ld+json\" class=\"yoast-schema-graph\">{\"@context\":\"https:\/\/schema.org\",\"@graph\":[{\"@type\":\"WebPage\",\"@id\":\"https:\/\/tourtravelandmore.com\/fr\/tours\/portugal-fr\/lisbon-fr\/excursion-privee-a-evora-depuis-lisbonne\/\",\"url\":\"https:\/\/tourtravelandmore.com\/fr\/tours\/portugal-fr\/lisbon-fr\/excursion-privee-a-evora-depuis-lisbonne\/\",\"name\":\"\u27a1\ufe0f Excursion priv\u00e9e \u00e0 Evora : Plongez dans le c\u0153ur historique du Portugal\",\"isPartOf\":{\"@id\":\"https:\/\/tourtravelandmore.com\/fr\/#website\"},\"primaryImageOfPage\":{\"@id\":\"https:\/\/tourtravelandmore.com\/fr\/tours\/portugal-fr\/lisbon-fr\/excursion-privee-a-evora-depuis-lisbonne\/#primaryimage\"},\"image\":{\"@id\":\"https:\/\/tourtravelandmore.com\/fr\/tours\/portugal-fr\/lisbon-fr\/excursion-privee-a-evora-depuis-lisbonne\/#primaryimage\"},\"thumbnailUrl\":\"https:\/\/tourtravelandmore.com\/wp-content\/uploads\/2023\/10\/image1-1.jpg\",\"datePublished\":\"2023-10-01T13:50:01+00:00\",\"dateModified\":\"2023-10-06T11:11:39+00:00\",\"description\":\"D\u00e9couvrez la riche tapisserie historique d'Evora, des temples romains aux merveilles m\u00e9di\u00e9vales, lors de notre excursion exclusive de 8 heures. Explorez, apprenez et ch\u00e9rissez avec Tour Travel and More \u2705\",\"breadcrumb\":{\"@id\":\"https:\/\/tourtravelandmore.com\/fr\/tours\/portugal-fr\/lisbon-fr\/excursion-privee-a-evora-depuis-lisbonne\/#breadcrumb\"},\"inLanguage\":\"fr-FR\",\"potentialAction\":[{\"@type\":\"ReadAction\",\"target\":[\"https:\/\/tourtravelandmore.com\/fr\/tours\/portugal-fr\/lisbon-fr\/excursion-privee-a-evora-depuis-lisbonne\/\"]}]},{\"@type\":\"ImageObject\",\"inLanguage\":\"fr-FR\",\"@id\":\"https:\/\/tourtravelandmore.com\/fr\/tours\/portugal-fr\/lisbon-fr\/excursion-privee-a-evora-depuis-lisbonne\/#primaryimage\",\"url\":\"https:\/\/tourtravelandmore.com\/wp-content\/uploads\/2023\/10\/image1-1.jpg\",\"contentUrl\":\"https:\/\/tourtravelandmore.com\/wp-content\/uploads\/2023\/10\/image1-1.jpg\",\"width\":900,\"height\":750},{\"@type\":\"BreadcrumbList\",\"@id\":\"https:\/\/tourtravelandmore.com\/fr\/tours\/portugal-fr\/lisbon-fr\/excursion-privee-a-evora-depuis-lisbonne\/#breadcrumb\",\"itemListElement\":[{\"@type\":\"ListItem\",\"position\":1,\"name\":\"Home\",\"item\":\"https:\/\/tourtravelandmore.com\/fr\/\"},{\"@type\":\"ListItem\",\"position\":2,\"name\":\"Tours\",\"item\":\"https:\/\/tourtravelandmore.com\/fr\/tours\/\"},{\"@type\":\"ListItem\",\"position\":3,\"name\":\"Excursion priv\u00e9e \u00e0 Evora depuis Lisbonne\"}]},{\"@type\":\"WebSite\",\"@id\":\"https:\/\/tourtravelandmore.com\/fr\/#website\",\"url\":\"https:\/\/tourtravelandmore.com\/fr\/\",\"name\":\"Tour Travel And More\",\"description\":\"Private sightseeing tours and luxury transfers in Spain\",\"publisher\":{\"@id\":\"https:\/\/tourtravelandmore.com\/fr\/#organization\"},\"potentialAction\":[{\"@type\":\"SearchAction\",\"target\":{\"@type\":\"EntryPoint\",\"urlTemplate\":\"https:\/\/tourtravelandmore.com\/fr\/?s={search_term_string}\"},\"query-input\":{\"@type\":\"PropertyValueSpecification\",\"valueRequired\":true,\"valueName\":\"search_term_string\"}}],\"inLanguage\":\"fr-FR\"},{\"@type\":\"Organization\",\"@id\":\"https:\/\/tourtravelandmore.com\/fr\/#organization\",\"name\":\"Tour Travel And More\",\"url\":\"https:\/\/tourtravelandmore.com\/fr\/\",\"logo\":{\"@type\":\"ImageObject\",\"inLanguage\":\"fr-FR\",\"@id\":\"https:\/\/tourtravelandmore.com\/fr\/#\/schema\/logo\/image\/\",\"url\":\"https:\/\/tourtravelandmore.com\/wp-content\/uploads\/2022\/12\/cropped-logo-cabecera-new.png\",\"contentUrl\":\"https:\/\/tourtravelandmore.com\/wp-content\/uploads\/2022\/12\/cropped-logo-cabecera-new.png\",\"width\":430,\"height\":61,\"caption\":\"Tour Travel And More\"},\"image\":{\"@id\":\"https:\/\/tourtravelandmore.com\/fr\/#\/schema\/logo\/image\/\"},\"sameAs\":[\"https:\/\/www.facebook.com\/tourtravelandmore\/\",\"https:\/\/x.com\/TourTravel_More\"]}]}<\/script>\n<!-- \/ Yoast SEO Premium plugin. -->","yoast_head_json":{"title":"\u27a1\ufe0f Excursion priv\u00e9e \u00e0 Evora : Plongez dans le c\u0153ur historique du Portugal","description":"D\u00e9couvrez la riche tapisserie historique d'Evora, des temples romains aux merveilles m\u00e9di\u00e9vales, lors de notre excursion exclusive de 8 heures. Explorez, apprenez et ch\u00e9rissez avec Tour Travel and More \u2705","robots":{"index":"index","follow":"follow","max-snippet":"max-snippet:-1","max-image-preview":"max-image-preview:large","max-video-preview":"max-video-preview:-1"},"canonical":"https:\/\/tourtravelandmore.com\/fr\/tours\/portugal-fr\/lisbon-fr\/excursion-privee-a-evora-depuis-lisbonne\/","og_locale":"fr_FR","og_type":"article","og_title":"Excursion priv\u00e9e \u00e0 Evora depuis Lisbonne","og_description":"D\u00e9couvrez la riche tapisserie historique d'Evora, des temples romains aux merveilles m\u00e9di\u00e9vales, lors de notre excursion exclusive de 8 heures. Explorez, apprenez et ch\u00e9rissez avec Tour Travel and More \u2705","og_url":"https:\/\/tourtravelandmore.com\/fr\/tours\/portugal-fr\/lisbon-fr\/excursion-privee-a-evora-depuis-lisbonne\/","og_site_name":"Tour Travel And More","article_publisher":"https:\/\/www.facebook.com\/tourtravelandmore\/","article_modified_time":"2023-10-06T11:11:39+00:00","og_image":[{"width":900,"height":750,"url":"https:\/\/tourtravelandmore.com\/wp-content\/uploads\/2023\/10\/image1-1.jpg","type":"image\/jpeg"}],"twitter_card":"summary_large_image","twitter_site":"@TourTravel_More","twitter_misc":{"Dur\u00e9e de lecture estim\u00e9e":"4 minutes"},"schema":{"@context":"https:\/\/schema.org","@graph":[{"@type":"WebPage","@id":"https:\/\/tourtravelandmore.com\/fr\/tours\/portugal-fr\/lisbon-fr\/excursion-privee-a-evora-depuis-lisbonne\/","url":"https:\/\/tourtravelandmore.com\/fr\/tours\/portugal-fr\/lisbon-fr\/excursion-privee-a-evora-depuis-lisbonne\/","name":"\u27a1\ufe0f Excursion priv\u00e9e \u00e0 Evora : Plongez dans le c\u0153ur historique du Portugal","isPartOf":{"@id":"https:\/\/tourtravelandmore.com\/fr\/#website"},"primaryImageOfPage":{"@id":"https:\/\/tourtravelandmore.com\/fr\/tours\/portugal-fr\/lisbon-fr\/excursion-privee-a-evora-depuis-lisbonne\/#primaryimage"},"image":{"@id":"https:\/\/tourtravelandmore.com\/fr\/tours\/portugal-fr\/lisbon-fr\/excursion-privee-a-evora-depuis-lisbonne\/#primaryimage"},"thumbnailUrl":"https:\/\/tourtravelandmore.com\/wp-content\/uploads\/2023\/10\/image1-1.jpg","datePublished":"2023-10-01T13:50:01+00:00","dateModified":"2023-10-06T11:11:39+00:00","description":"D\u00e9couvrez la riche tapisserie historique d'Evora, des temples romains aux merveilles m\u00e9di\u00e9vales, lors de notre excursion exclusive de 8 heures. Explorez, apprenez et ch\u00e9rissez avec Tour Travel and More \u2705","breadcrumb":{"@id":"https:\/\/tourtravelandmore.com\/fr\/tours\/portugal-fr\/lisbon-fr\/excursion-privee-a-evora-depuis-lisbonne\/#breadcrumb"},"inLanguage":"fr-FR","potentialAction":[{"@type":"ReadAction","target":["https:\/\/tourtravelandmore.com\/fr\/tours\/portugal-fr\/lisbon-fr\/excursion-privee-a-evora-depuis-lisbonne\/"]}]},{"@type":"ImageObject","inLanguage":"fr-FR","@id":"https:\/\/tourtravelandmore.com\/fr\/tours\/portugal-fr\/lisbon-fr\/excursion-privee-a-evora-depuis-lisbonne\/#primaryimage","url":"https:\/\/tourtravelandmore.com\/wp-content\/uploads\/2023\/10\/image1-1.jpg","contentUrl":"https:\/\/tourtravelandmore.com\/wp-content\/uploads\/2023\/10\/image1-1.jpg","width":900,"height":750},{"@type":"BreadcrumbList","@id":"https:\/\/tourtravelandmore.com\/fr\/tours\/portugal-fr\/lisbon-fr\/excursion-privee-a-evora-depuis-lisbonne\/#breadcrumb","itemListElement":[{"@type":"ListItem","position":1,"name":"Home","item":"https:\/\/tourtravelandmore.com\/fr\/"},{"@type":"ListItem","position":2,"name":"Tours","item":"https:\/\/tourtravelandmore.com\/fr\/tours\/"},{"@type":"ListItem","position":3,"name":"Excursion priv\u00e9e \u00e0 Evora depuis Lisbonne"}]},{"@type":"WebSite","@id":"https:\/\/tourtravelandmore.com\/fr\/#website","url":"https:\/\/tourtravelandmore.com\/fr\/","name":"Tour Travel And More","description":"Private sightseeing tours and luxury transfers in Spain","publisher":{"@id":"https:\/\/tourtravelandmore.com\/fr\/#organization"},"potentialAction":[{"@type":"SearchAction","target":{"@type":"EntryPoint","urlTemplate":"https:\/\/tourtravelandmore.com\/fr\/?s={search_term_string}"},"query-input":{"@type":"PropertyValueSpecification","valueRequired":true,"valueName":"search_term_string"}}],"inLanguage":"fr-FR"},{"@type":"Organization","@id":"https:\/\/tourtravelandmore.com\/fr\/#organization","name":"Tour Travel And More","url":"https:\/\/tourtravelandmore.com\/fr\/","logo":{"@type":"ImageObject","inLanguage":"fr-FR","@id":"https:\/\/tourtravelandmore.com\/fr\/#\/schema\/logo\/image\/","url":"https:\/\/tourtravelandmore.com\/wp-content\/uploads\/2022\/12\/cropped-logo-cabecera-new.png","contentUrl":"https:\/\/tourtravelandmore.com\/wp-content\/uploads\/2022\/12\/cropped-logo-cabecera-new.png","width":430,"height":61,"caption":"Tour Travel And More"},"image":{"@id":"https:\/\/tourtravelandmore.com\/fr\/#\/schema\/logo\/image\/"},"sameAs":["https:\/\/www.facebook.com\/tourtravelandmore\/","https:\/\/x.com\/TourTravel_More"]}]}},"_links":{"self":[{"href":"https:\/\/tourtravelandmore.com\/fr\/wp-json\/wp\/v2\/product\/170307","targetHints":{"allow":["GET"]}}],"collection":[{"href":"https:\/\/tourtravelandmore.com\/fr\/wp-json\/wp\/v2\/product"}],"about":[{"href":"https:\/\/tourtravelandmore.com\/fr\/wp-json\/wp\/v2\/types\/product"}],"replies":[{"embeddable":true,"href":"https:\/\/tourtravelandmore.com\/fr\/wp-json\/wp\/v2\/comments?post=170307"}],"wp:featuredmedia":[{"embeddable":true,"href":"https:\/\/tourtravelandmore.com\/fr\/wp-json\/wp\/v2\/media\/170317"}],"wp:attachment":[{"href":"https:\/\/tourtravelandmore.com\/fr\/wp-json\/wp\/v2\/media?parent=170307"}],"wp:term":[{"taxonomy":"product_brand","embeddable":true,"href":"https:\/\/tourtravelandmore.com\/fr\/wp-json\/wp\/v2\/product_brand?post=170307"},{"taxonomy":"product_cat","embeddable":true,"href":"https:\/\/tourtravelandmore.com\/fr\/wp-json\/wp\/v2\/product_cat?post=170307"},{"taxonomy":"product_tag","embeddable":true,"href":"https:\/\/tourtravelandmore.com\/fr\/wp-json\/wp\/v2\/product_tag?post=170307"}],"curies":[{"name":"wp","href":"https:\/\/api.w.org\/{rel}","templated":true}]}}