{"id":170280,"date":"2023-10-01T15:23:02","date_gmt":"2023-10-01T13:23:18","guid":{"rendered":"https:\/\/tourtravelandmore.com\/?post_type=product&#038;p=170280"},"modified":"2023-10-06T13:07:59","modified_gmt":"2023-10-06T11:07:59","slug":"excursion-privee-a-fatima-depuis-lisbonne","status":"publish","type":"product","link":"https:\/\/tourtravelandmore.com\/fr\/tours\/portugal-fr\/lisbon-fr\/excursion-privee-a-fatima-depuis-lisbonne\/","title":{"rendered":"Excursion priv\u00e9e \u00e0 Fatima depuis Lisbonne"},"content":{"rendered":"<h2><b>Visite priv\u00e9e de F\u00e1tima depuis Lisbonne Description<\/b><\/h2>\n<p><span style=\"font-weight: 400;\">D\u00e9couvrez la profonde signification religieuse et historique de F\u00e1tima, l&#8217;un des sites de p\u00e8lerinage les plus embl\u00e9matiques au monde, gr\u00e2ce \u00e0 la visite priv\u00e9e de Tour Travel and More. D&#8217;une dur\u00e9e de 6 heures, cette exp\u00e9rience guid\u00e9e garantit une exploration compl\u00e8te de cette destination sacr\u00e9e. Au d\u00e9part de Lisbonne, dans une voiture de luxe, vous traverserez des paysages pittoresques avant d&#8217;arriver \u00e0 F\u00e1tima. Nos guides comp\u00e9tents, qui connaissent bien les subtilit\u00e9s du site, vous d\u00e9voileront les histoires d&#8217;apparitions, de foi et de miracles qui ont fait de F\u00e1tima un phare d&#8217;espoir et de d\u00e9votion pour des millions de personnes. Ce circuit ne se contente pas d&#8217;une simple visite ; il promet une immersion spirituelle et culturelle, vous plongeant au c\u0153ur de la riche tapisserie religieuse du Portugal.<\/span><\/p>\n<p><span style=\"font-weight: 400;\">Au-del\u00e0 des miracles et des visions bien document\u00e9s, F\u00e1tima offre un profond sentiment de tranquillit\u00e9 et de r\u00e9v\u00e9rence qui trouve un \u00e9cho chez tous les visiteurs. En marchant sur ses terres sacr\u00e9es, l&#8217;ambiance de d\u00e9votion est palpable, accentu\u00e9e par le doux carillon des pri\u00e8res et des hymnes. \u00c9merveillez-vous devant les \u0153uvres d&#8217;art complexes et les prouesses architecturales qui pars\u00e8ment le paysage, chacune racontant un chapitre de l&#8217;illustre histoire de F\u00e1tima. \u00c0 chaque pas, vous retracez les voyages d&#8217;innombrables p\u00e8lerins qui, depuis plus d&#8217;un si\u00e8cle, ont trouv\u00e9 ici r\u00e9confort et inspiration. Il ne s&#8217;agit pas d&#8217;une simple visite, mais d&#8217;un passage dans un monde o\u00f9 la foi, l&#8217;histoire et la culture convergent dans une profonde harmonie.<\/span><\/p>\n<h2><b>Visite priv\u00e9e de Fatima au d\u00e9part de Lisbonne Points forts<\/b><\/h2>\n<ul>\n<li style=\"font-weight: 400;\" aria-level=\"1\"><span style=\"font-weight: 400;\">R\u00e9cits captivants par un guide expert.<\/span><\/li>\n<li style=\"font-weight: 400;\" aria-level=\"1\"><span style=\"font-weight: 400;\">Transport confortable dans un v\u00e9hicule haut de gamme.<\/span><\/li>\n<li style=\"font-weight: 400;\" aria-level=\"1\"><span style=\"font-weight: 400;\">Plong\u00e9e dans l&#8217;histoire et l&#8217;importance de F\u00e1tima.<\/span><\/li>\n<li style=\"font-weight: 400;\" aria-level=\"1\"><span style=\"font-weight: 400;\">Exploration des principaux sites religieux.<\/span><\/li>\n<li style=\"font-weight: 400;\" aria-level=\"1\"><span style=\"font-weight: 400;\">Visite personnalis\u00e9e adapt\u00e9e \u00e0 vos int\u00e9r\u00eats et \u00e0 votre rythme.<\/span><\/li>\n<\/ul>\n<h3><span style=\"font-weight: 400;\">Sites et lieux d&#8217;int\u00e9r\u00eat populaires \u00e0 F\u00e1tima :<\/span><\/h3>\n<ul>\n<li style=\"font-weight: 400;\" aria-level=\"1\"><b>Sanctuaire de Notre-Dame de F\u00e1tima : <\/b><span style=\"font-weight: 400;\">Ce vaste complexe religieux est l&#8217;\u00e9picentre de la d\u00e9votion, marquant le site o\u00f9 la Vierge Marie serait apparue \u00e0 trois enfants bergers en 1917. C&#8217;est un lieu de s\u00e9r\u00e9nit\u00e9, de r\u00e9flexion et de foi, qui attire des p\u00e8lerins et des visiteurs du monde entier.<\/span><\/li>\n<li style=\"font-weight: 400;\" aria-level=\"1\"><b>Chapelle des apparitions : <\/b><span style=\"font-weight: 400;\">Situ\u00e9e au c\u0153ur du sanctuaire, cette modeste chapelle se dresse sur le lieu des apparitions mariales, rappelant de mani\u00e8re poignante les messages transmis aux jeunes voyants.<\/span><\/li>\n<li style=\"font-weight: 400;\" aria-level=\"1\"><b>Basilique Notre-Dame du Rosaire : <\/b><span style=\"font-weight: 400;\">Merveille architecturale, cette basilique n\u00e9o-baroque n&#8217;est pas seulement un lieu de culte, mais aussi un d\u00e9p\u00f4t d&#8217;art, d&#8217;histoire et de tradition, comm\u00e9morant les \u00e9v\u00e9nements de 1917 et les bergers qui en ont \u00e9t\u00e9 les t\u00e9moins.<\/span><\/li>\n<li style=\"font-weight: 400;\" aria-level=\"1\"><b>Le chemin de croix (Via Sacra) et le calvaire hongrois :<\/b><span style=\"font-weight: 400;\"> S&#8217;\u00e9tendant du sanctuaire au village d&#8217;Aljustrel, ce chemin retrace les pas des enfants bergers avec 14 stations illustrant la Passion du Christ. C&#8217;est un voyage profond, \u00e0 la fois physique et spirituel, qui culmine au Calvaire hongrois, un ensemble de statues en terre cuite offertes par des p\u00e8lerins hongrois, repr\u00e9sentant les derniers moments de la vie terrestre du Christ.<\/span><\/li>\n<li style=\"font-weight: 400;\" aria-level=\"1\"><b>Maisons des petits bergers : <\/b><span style=\"font-weight: 400;\">\u00c0 quelques pas du sanctuaire se trouvent les maisons d&#8217;origine des petits bergers &#8211; Lucia, Francisco et Jacinta. Ces maisons pr\u00e9serv\u00e9es offrent un aper\u00e7u de leurs humbles d\u00e9buts et de la vie quotidienne au d\u00e9but du XXe si\u00e8cle. Entrer dans ces maisons revient \u00e0 remonter le temps, offrant aux visiteurs un lien tangible avec les enfants qui ont jou\u00e9 un r\u00f4le important dans l&#8217;histoire de F\u00e1tima.<\/span><\/li>\n<li style=\"font-weight: 400;\" aria-level=\"1\"><b>La basilique de la Sainte-Trinit\u00e9 :<\/b><span style=\"font-weight: 400;\"> Contrairement \u00e0 l&#8217;architecture traditionnelle du sanctuaire, la basilique de la Sainte-Trinit\u00e9 pr\u00e9sente un design moderne et est l&#8217;une des plus grandes \u00e9glises chr\u00e9tiennes en termes de capacit\u00e9. Achev\u00e9e en 2007, cette merveille architecturale symbolise l&#8217;h\u00e9ritage durable et \u00e9volutif de F\u00e1tima. Les int\u00e9rieurs, orn\u00e9s d&#8217;\u0153uvres d&#8217;art d&#8217;artistes renomm\u00e9s, fusionnent l&#8217;esth\u00e9tique contemporaine avec des th\u00e8mes religieux s\u00e9culaires, ce qui en fait un lieu de visite incontournable pour les amateurs de spiritualit\u00e9 et les amoureux de l&#8217;architecture moderne.<\/span><\/li>\n<\/ul>\n<p><span style=\"font-weight: 400;\">Si l&#8217;attrait spirituel de F\u00e1tima vous a captiv\u00e9, Lisbonne et ses environs vous offrent bien d&#8217;autres possibilit\u00e9s. <\/span><a href=\"https:\/\/tourtravelandmore.com\/fr\/city\/portugal-fr\/lisbon-fr\/\"><span style=\"font-weight: 400;\">Tour Travel and More est fier de pr\u00e9senter une gamme vari\u00e9e de circuits \u00e0 Lisbonne, con\u00e7us pour vous immerger dans les merveilles historiques, culturelles et pittoresques de cette magnifique r\u00e9gion.<\/span><\/a><span style=\"font-weight: 400;\"> Plongez avec nous dans la riche tapisserie du Portugal. D\u00e9couvrez d&#8217;autres offres sur le site web de Tour Travel and More.<\/span><\/p>\n","protected":false},"excerpt":{"rendered":"<p><span style=\"font-weight: 400;\">Voyagez au c\u0153ur du patrimoine religieux du Portugal avec une visite priv\u00e9e de F\u00e1tima au d\u00e9part de Lisbonne. D\u00e9couvrez la saintet\u00e9, l&#8217;histoire et la culture de ce lieu de p\u00e8lerinage v\u00e9n\u00e9r\u00e9 gr\u00e2ce \u00e0 des conseils d&#8217;experts et \u00e0 un confort luxueux.<\/span><\/p>\n","protected":false},"featured_media":170290,"comment_status":"open","ping_status":"closed","template":"","meta":{"_acf_changed":false},"product_brand":[],"product_cat":[4467,4469,3665],"product_tag":[],"class_list":{"0":"post-170280","1":"product","2":"type-product","3":"status-publish","4":"has-post-thumbnail","6":"product_cat-toutes-les-visites-et-activites-privees-fr-5","7":"product_cat-visites-guidees-privees-fr-6","8":"product_cat-lisbon-fr","10":"first","11":"instock","12":"shipping-taxable","13":"purchasable","14":"product-type-simple"},"acf":[],"yoast_head":"<!-- This site is optimized with the Yoast SEO Premium plugin v25.3.1 (Yoast SEO v25.3.1) - https:\/\/yoast.com\/wordpress\/plugins\/seo\/ -->\n<title>\u27a1\ufe0f Visite priv\u00e9e de F\u00e1tima depuis Lisbonne avec Tour Travel and More<\/title>\n<meta name=\"description\" content=\"Embarquez pour un voyage spirituel \u00e0 F\u00e1tima depuis Lisbonne. Plongez profond\u00e9ment dans sa signification religieuse avec des conseils d&#039;experts et le luxe. \u2705\" \/>\n<meta name=\"robots\" content=\"index, follow, max-snippet:-1, max-image-preview:large, max-video-preview:-1\" \/>\n<link rel=\"canonical\" href=\"https:\/\/tourtravelandmore.com\/fr\/tours\/portugal-fr\/lisbon-fr\/excursion-privee-a-fatima-depuis-lisbonne\/\" \/>\n<meta property=\"og:locale\" content=\"fr_FR\" \/>\n<meta property=\"og:type\" content=\"article\" \/>\n<meta property=\"og:title\" content=\"Excursion priv\u00e9e \u00e0 Fatima depuis Lisbonne\" \/>\n<meta property=\"og:description\" content=\"Embarquez pour un voyage spirituel \u00e0 F\u00e1tima depuis Lisbonne. Plongez profond\u00e9ment dans sa signification religieuse avec des conseils d&#039;experts et le luxe. \u2705\" \/>\n<meta property=\"og:url\" content=\"https:\/\/tourtravelandmore.com\/fr\/tours\/portugal-fr\/lisbon-fr\/excursion-privee-a-fatima-depuis-lisbonne\/\" \/>\n<meta property=\"og:site_name\" content=\"Tour Travel And More\" \/>\n<meta property=\"article:publisher\" content=\"https:\/\/www.facebook.com\/tourtravelandmore\/\" \/>\n<meta property=\"article:modified_time\" content=\"2023-10-06T11:07:59+00:00\" \/>\n<meta property=\"og:image\" content=\"https:\/\/tourtravelandmore.com\/wp-content\/uploads\/2023\/10\/image1.jpg\" \/>\n\t<meta property=\"og:image:width\" content=\"900\" \/>\n\t<meta property=\"og:image:height\" content=\"750\" \/>\n\t<meta property=\"og:image:type\" content=\"image\/jpeg\" \/>\n<meta name=\"twitter:card\" content=\"summary_large_image\" \/>\n<meta name=\"twitter:site\" content=\"@TourTravel_More\" \/>\n<meta name=\"twitter:label1\" content=\"Dur\u00e9e de lecture estim\u00e9e\" \/>\n\t<meta name=\"twitter:data1\" content=\"4 minutes\" \/>\n<script type=\"application\/ld+json\" class=\"yoast-schema-graph\">{\"@context\":\"https:\/\/schema.org\",\"@graph\":[{\"@type\":\"WebPage\",\"@id\":\"https:\/\/tourtravelandmore.com\/fr\/tours\/portugal-fr\/lisbon-fr\/excursion-privee-a-fatima-depuis-lisbonne\/\",\"url\":\"https:\/\/tourtravelandmore.com\/fr\/tours\/portugal-fr\/lisbon-fr\/excursion-privee-a-fatima-depuis-lisbonne\/\",\"name\":\"\u27a1\ufe0f Visite priv\u00e9e de F\u00e1tima depuis Lisbonne avec Tour Travel and More\",\"isPartOf\":{\"@id\":\"https:\/\/tourtravelandmore.com\/fr\/#website\"},\"primaryImageOfPage\":{\"@id\":\"https:\/\/tourtravelandmore.com\/fr\/tours\/portugal-fr\/lisbon-fr\/excursion-privee-a-fatima-depuis-lisbonne\/#primaryimage\"},\"image\":{\"@id\":\"https:\/\/tourtravelandmore.com\/fr\/tours\/portugal-fr\/lisbon-fr\/excursion-privee-a-fatima-depuis-lisbonne\/#primaryimage\"},\"thumbnailUrl\":\"https:\/\/tourtravelandmore.com\/wp-content\/uploads\/2023\/10\/image1.jpg\",\"datePublished\":\"2023-10-01T13:23:18+00:00\",\"dateModified\":\"2023-10-06T11:07:59+00:00\",\"description\":\"Embarquez pour un voyage spirituel \u00e0 F\u00e1tima depuis Lisbonne. Plongez profond\u00e9ment dans sa signification religieuse avec des conseils d'experts et le luxe. \u2705\",\"breadcrumb\":{\"@id\":\"https:\/\/tourtravelandmore.com\/fr\/tours\/portugal-fr\/lisbon-fr\/excursion-privee-a-fatima-depuis-lisbonne\/#breadcrumb\"},\"inLanguage\":\"fr-FR\",\"potentialAction\":[{\"@type\":\"ReadAction\",\"target\":[\"https:\/\/tourtravelandmore.com\/fr\/tours\/portugal-fr\/lisbon-fr\/excursion-privee-a-fatima-depuis-lisbonne\/\"]}]},{\"@type\":\"ImageObject\",\"inLanguage\":\"fr-FR\",\"@id\":\"https:\/\/tourtravelandmore.com\/fr\/tours\/portugal-fr\/lisbon-fr\/excursion-privee-a-fatima-depuis-lisbonne\/#primaryimage\",\"url\":\"https:\/\/tourtravelandmore.com\/wp-content\/uploads\/2023\/10\/image1.jpg\",\"contentUrl\":\"https:\/\/tourtravelandmore.com\/wp-content\/uploads\/2023\/10\/image1.jpg\",\"width\":900,\"height\":750},{\"@type\":\"BreadcrumbList\",\"@id\":\"https:\/\/tourtravelandmore.com\/fr\/tours\/portugal-fr\/lisbon-fr\/excursion-privee-a-fatima-depuis-lisbonne\/#breadcrumb\",\"itemListElement\":[{\"@type\":\"ListItem\",\"position\":1,\"name\":\"Home\",\"item\":\"https:\/\/tourtravelandmore.com\/fr\/\"},{\"@type\":\"ListItem\",\"position\":2,\"name\":\"Tours\",\"item\":\"https:\/\/tourtravelandmore.com\/fr\/tours\/\"},{\"@type\":\"ListItem\",\"position\":3,\"name\":\"Excursion priv\u00e9e \u00e0 Fatima depuis Lisbonne\"}]},{\"@type\":\"WebSite\",\"@id\":\"https:\/\/tourtravelandmore.com\/fr\/#website\",\"url\":\"https:\/\/tourtravelandmore.com\/fr\/\",\"name\":\"Tour Travel And More\",\"description\":\"Private sightseeing tours and luxury transfers in Spain\",\"publisher\":{\"@id\":\"https:\/\/tourtravelandmore.com\/fr\/#organization\"},\"potentialAction\":[{\"@type\":\"SearchAction\",\"target\":{\"@type\":\"EntryPoint\",\"urlTemplate\":\"https:\/\/tourtravelandmore.com\/fr\/?s={search_term_string}\"},\"query-input\":{\"@type\":\"PropertyValueSpecification\",\"valueRequired\":true,\"valueName\":\"search_term_string\"}}],\"inLanguage\":\"fr-FR\"},{\"@type\":\"Organization\",\"@id\":\"https:\/\/tourtravelandmore.com\/fr\/#organization\",\"name\":\"Tour Travel And More\",\"url\":\"https:\/\/tourtravelandmore.com\/fr\/\",\"logo\":{\"@type\":\"ImageObject\",\"inLanguage\":\"fr-FR\",\"@id\":\"https:\/\/tourtravelandmore.com\/fr\/#\/schema\/logo\/image\/\",\"url\":\"https:\/\/tourtravelandmore.com\/wp-content\/uploads\/2022\/12\/cropped-logo-cabecera-new.png\",\"contentUrl\":\"https:\/\/tourtravelandmore.com\/wp-content\/uploads\/2022\/12\/cropped-logo-cabecera-new.png\",\"width\":430,\"height\":61,\"caption\":\"Tour Travel And More\"},\"image\":{\"@id\":\"https:\/\/tourtravelandmore.com\/fr\/#\/schema\/logo\/image\/\"},\"sameAs\":[\"https:\/\/www.facebook.com\/tourtravelandmore\/\",\"https:\/\/x.com\/TourTravel_More\"]}]}<\/script>\n<!-- \/ Yoast SEO Premium plugin. -->","yoast_head_json":{"title":"\u27a1\ufe0f Visite priv\u00e9e de F\u00e1tima depuis Lisbonne avec Tour Travel and More","description":"Embarquez pour un voyage spirituel \u00e0 F\u00e1tima depuis Lisbonne. Plongez profond\u00e9ment dans sa signification religieuse avec des conseils d'experts et le luxe. \u2705","robots":{"index":"index","follow":"follow","max-snippet":"max-snippet:-1","max-image-preview":"max-image-preview:large","max-video-preview":"max-video-preview:-1"},"canonical":"https:\/\/tourtravelandmore.com\/fr\/tours\/portugal-fr\/lisbon-fr\/excursion-privee-a-fatima-depuis-lisbonne\/","og_locale":"fr_FR","og_type":"article","og_title":"Excursion priv\u00e9e \u00e0 Fatima depuis Lisbonne","og_description":"Embarquez pour un voyage spirituel \u00e0 F\u00e1tima depuis Lisbonne. Plongez profond\u00e9ment dans sa signification religieuse avec des conseils d'experts et le luxe. \u2705","og_url":"https:\/\/tourtravelandmore.com\/fr\/tours\/portugal-fr\/lisbon-fr\/excursion-privee-a-fatima-depuis-lisbonne\/","og_site_name":"Tour Travel And More","article_publisher":"https:\/\/www.facebook.com\/tourtravelandmore\/","article_modified_time":"2023-10-06T11:07:59+00:00","og_image":[{"width":900,"height":750,"url":"https:\/\/tourtravelandmore.com\/wp-content\/uploads\/2023\/10\/image1.jpg","type":"image\/jpeg"}],"twitter_card":"summary_large_image","twitter_site":"@TourTravel_More","twitter_misc":{"Dur\u00e9e de lecture estim\u00e9e":"4 minutes"},"schema":{"@context":"https:\/\/schema.org","@graph":[{"@type":"WebPage","@id":"https:\/\/tourtravelandmore.com\/fr\/tours\/portugal-fr\/lisbon-fr\/excursion-privee-a-fatima-depuis-lisbonne\/","url":"https:\/\/tourtravelandmore.com\/fr\/tours\/portugal-fr\/lisbon-fr\/excursion-privee-a-fatima-depuis-lisbonne\/","name":"\u27a1\ufe0f Visite priv\u00e9e de F\u00e1tima depuis Lisbonne avec Tour Travel and More","isPartOf":{"@id":"https:\/\/tourtravelandmore.com\/fr\/#website"},"primaryImageOfPage":{"@id":"https:\/\/tourtravelandmore.com\/fr\/tours\/portugal-fr\/lisbon-fr\/excursion-privee-a-fatima-depuis-lisbonne\/#primaryimage"},"image":{"@id":"https:\/\/tourtravelandmore.com\/fr\/tours\/portugal-fr\/lisbon-fr\/excursion-privee-a-fatima-depuis-lisbonne\/#primaryimage"},"thumbnailUrl":"https:\/\/tourtravelandmore.com\/wp-content\/uploads\/2023\/10\/image1.jpg","datePublished":"2023-10-01T13:23:18+00:00","dateModified":"2023-10-06T11:07:59+00:00","description":"Embarquez pour un voyage spirituel \u00e0 F\u00e1tima depuis Lisbonne. Plongez profond\u00e9ment dans sa signification religieuse avec des conseils d'experts et le luxe. \u2705","breadcrumb":{"@id":"https:\/\/tourtravelandmore.com\/fr\/tours\/portugal-fr\/lisbon-fr\/excursion-privee-a-fatima-depuis-lisbonne\/#breadcrumb"},"inLanguage":"fr-FR","potentialAction":[{"@type":"ReadAction","target":["https:\/\/tourtravelandmore.com\/fr\/tours\/portugal-fr\/lisbon-fr\/excursion-privee-a-fatima-depuis-lisbonne\/"]}]},{"@type":"ImageObject","inLanguage":"fr-FR","@id":"https:\/\/tourtravelandmore.com\/fr\/tours\/portugal-fr\/lisbon-fr\/excursion-privee-a-fatima-depuis-lisbonne\/#primaryimage","url":"https:\/\/tourtravelandmore.com\/wp-content\/uploads\/2023\/10\/image1.jpg","contentUrl":"https:\/\/tourtravelandmore.com\/wp-content\/uploads\/2023\/10\/image1.jpg","width":900,"height":750},{"@type":"BreadcrumbList","@id":"https:\/\/tourtravelandmore.com\/fr\/tours\/portugal-fr\/lisbon-fr\/excursion-privee-a-fatima-depuis-lisbonne\/#breadcrumb","itemListElement":[{"@type":"ListItem","position":1,"name":"Home","item":"https:\/\/tourtravelandmore.com\/fr\/"},{"@type":"ListItem","position":2,"name":"Tours","item":"https:\/\/tourtravelandmore.com\/fr\/tours\/"},{"@type":"ListItem","position":3,"name":"Excursion priv\u00e9e \u00e0 Fatima depuis Lisbonne"}]},{"@type":"WebSite","@id":"https:\/\/tourtravelandmore.com\/fr\/#website","url":"https:\/\/tourtravelandmore.com\/fr\/","name":"Tour Travel And More","description":"Private sightseeing tours and luxury transfers in Spain","publisher":{"@id":"https:\/\/tourtravelandmore.com\/fr\/#organization"},"potentialAction":[{"@type":"SearchAction","target":{"@type":"EntryPoint","urlTemplate":"https:\/\/tourtravelandmore.com\/fr\/?s={search_term_string}"},"query-input":{"@type":"PropertyValueSpecification","valueRequired":true,"valueName":"search_term_string"}}],"inLanguage":"fr-FR"},{"@type":"Organization","@id":"https:\/\/tourtravelandmore.com\/fr\/#organization","name":"Tour Travel And More","url":"https:\/\/tourtravelandmore.com\/fr\/","logo":{"@type":"ImageObject","inLanguage":"fr-FR","@id":"https:\/\/tourtravelandmore.com\/fr\/#\/schema\/logo\/image\/","url":"https:\/\/tourtravelandmore.com\/wp-content\/uploads\/2022\/12\/cropped-logo-cabecera-new.png","contentUrl":"https:\/\/tourtravelandmore.com\/wp-content\/uploads\/2022\/12\/cropped-logo-cabecera-new.png","width":430,"height":61,"caption":"Tour Travel And More"},"image":{"@id":"https:\/\/tourtravelandmore.com\/fr\/#\/schema\/logo\/image\/"},"sameAs":["https:\/\/www.facebook.com\/tourtravelandmore\/","https:\/\/x.com\/TourTravel_More"]}]}},"_links":{"self":[{"href":"https:\/\/tourtravelandmore.com\/fr\/wp-json\/wp\/v2\/product\/170280","targetHints":{"allow":["GET"]}}],"collection":[{"href":"https:\/\/tourtravelandmore.com\/fr\/wp-json\/wp\/v2\/product"}],"about":[{"href":"https:\/\/tourtravelandmore.com\/fr\/wp-json\/wp\/v2\/types\/product"}],"replies":[{"embeddable":true,"href":"https:\/\/tourtravelandmore.com\/fr\/wp-json\/wp\/v2\/comments?post=170280"}],"wp:featuredmedia":[{"embeddable":true,"href":"https:\/\/tourtravelandmore.com\/fr\/wp-json\/wp\/v2\/media\/170290"}],"wp:attachment":[{"href":"https:\/\/tourtravelandmore.com\/fr\/wp-json\/wp\/v2\/media?parent=170280"}],"wp:term":[{"taxonomy":"product_brand","embeddable":true,"href":"https:\/\/tourtravelandmore.com\/fr\/wp-json\/wp\/v2\/product_brand?post=170280"},{"taxonomy":"product_cat","embeddable":true,"href":"https:\/\/tourtravelandmore.com\/fr\/wp-json\/wp\/v2\/product_cat?post=170280"},{"taxonomy":"product_tag","embeddable":true,"href":"https:\/\/tourtravelandmore.com\/fr\/wp-json\/wp\/v2\/product_tag?post=170280"}],"curies":[{"name":"wp","href":"https:\/\/api.w.org\/{rel}","templated":true}]}}