{"id":170252,"date":"2023-09-30T09:45:05","date_gmt":"2023-09-30T07:45:12","guid":{"rendered":"https:\/\/tourtravelandmore.com\/?post_type=product&#038;p=170252"},"modified":"2024-04-03T15:04:42","modified_gmt":"2024-04-03T13:04:42","slug":"transfert-lisbonne-porto-avec-arrets-a-obidos-fatima-et-nazare","status":"publish","type":"product","link":"https:\/\/tourtravelandmore.com\/fr\/tours\/portugal-fr\/lisbon-fr\/transfert-lisbonne-porto-avec-arrets-a-obidos-fatima-et-nazare\/","title":{"rendered":"Transfert Lisbonne-Porto avec arr\u00eats \u00e0 \u00d3bidos, F\u00e1tima et Nazar\u00e9"},"content":{"rendered":"<h2><b>Transfert Lisbonne-Porto avec arr\u00eats \u00e0 \u00d3bidos, F\u00e1tima et Nazar\u00e9 Description<\/b><\/h2>\n<p><span style=\"font-weight: 400;\">Lorsque vous voyagez de la capitale pleine d&#8217;entrain, Lisbonne, \u00e0 l&#8217;allure romantique de Porto, enrichissez votre voyage avec des pauses \u00e0 \u00d3bidos, F\u00e1tima et Nazar\u00e9. Tour Travel and More vous propose une exp\u00e9rience de transfert opulente, o\u00f9 la route devient une tapisserie de r\u00e9cits et de splendeurs visuelles. Avec notre luxueux v\u00e9hicule priv\u00e9 pour votre confort ininterrompu pendant 12 heures, nous \u00e9levons le concept de transfert \u00e0 un niveau distingu\u00e9. Plut\u00f4t qu&#8217;un simple transit, envisagez une journ\u00e9e parsem\u00e9e de d\u00e9couvertes des joyaux historiques, des \u00e9tapes spirituelles et des tr\u00e9sors baln\u00e9aires du Portugal. Laissez-vous s\u00e9duire par la beaut\u00e9 distincte de chaque \u00e9tape et cr\u00e9ez des souvenirs avant m\u00eame d&#8217;arriver \u00e0 votre destination finale.<\/span><\/p>\n<p><span style=\"font-weight: 400;\">Plongez dans le monde enchanteur des diverses r\u00e9gions du Portugal en passant sans transition de l&#8217;\u00e9l\u00e9gance urbaine de Lisbonne au charme intemporel de Porto. Chaque \u00e9tape de ce voyage offre une palette unique d&#8217;exp\u00e9riences. \u00d3bidos s\u00e9duit par sa magie m\u00e9di\u00e9vale, F\u00e1tima d\u00e9gage une aura de s\u00e9r\u00e9nit\u00e9 spirituelle et Nazar\u00e9 capte l&#8217;\u00e2me avec son charisme c\u00f4tier. Il ne s&#8217;agit pas d&#8217;un simple transfert, mais d&#8217;un r\u00e9cit de la culture portugaise aux multiples facettes, entrela\u00e7ant des histoires d&#8217;amour, de foi et de nature. Pendant que vous traversez ces sites embl\u00e9matiques, profitez du confort haut de gamme de nos v\u00e9hicules, pour que chaque kilom\u00e8tre parcouru soit aussi splendide que les destinations elles-m\u00eames.<\/span><\/p>\n<h2><b>Transfert de Lisbonne \u00e0 Porto avec des arr\u00eats \u00e0 \u00d3bidos, F\u00e1tima et Nazar\u00e9 Points forts<\/b><\/h2>\n<ul>\n<li style=\"font-weight: 400;\" aria-level=\"1\"><b>\u00d3bidos :<\/b><span style=\"font-weight: 400;\"> Sanctuaire historique, \u00d3bidos est une vision de merveilles m\u00e9di\u00e9vales, encercl\u00e9e par d&#8217;anciennes murailles. Ses rues pav\u00e9es labyrinthiques, ses maisons blanchies \u00e0 la chaux et orn\u00e9es de fleurs, et son imposant ch\u00e2teau sont le reflet d&#8217;une \u00e9poque r\u00e9volue. L&#8217;histoire de la ville regorge d&#8217;histoires de rois et de reines, ce qui en fait une \u00e9tape incontournable pour ceux qui souhaitent voyager dans le temps \u00e0 travers le riche pass\u00e9 du Portugal.<\/span><\/li>\n<li style=\"font-weight: 400;\" aria-level=\"1\"><b>F\u00e1tima :<\/b><span style=\"font-weight: 400;\"> F\u00e1tima, qui abrite l&#8217;un des sanctuaires les plus v\u00e9n\u00e9r\u00e9s au monde, est un symbole d&#8217;une profonde signification spirituelle. Chaque ann\u00e9e, des millions de personnes se rendent au sanctuaire de Notre-Dame de F\u00e1tima, en hommage aux apparitions de la Vierge Marie dont trois bergers ont \u00e9t\u00e9 t\u00e9moins en 1917. L&#8217;ambiance religieuse profonde qui y r\u00e8gne trouve un \u00e9cho aupr\u00e8s des visiteurs, quelle que soit leur foi.<\/span><\/li>\n<li style=\"font-weight: 400;\" aria-level=\"1\"><b>Nazar\u00e9 :<\/b><span style=\"font-weight: 400;\"> Au-del\u00e0 de sa reconnaissance mondiale pour ses vagues monstrueuses et ses l\u00e9gendes de surf, Nazar\u00e9 est une charmante ville c\u00f4ti\u00e8re qui incarne l&#8217;essence maritime du Portugal. La plage Praia da Nazar\u00e9, les falaises imposantes et le sanctuaire de Notre-Dame de Nazar\u00e9 forment une toile de fond impeccable pour ceux qui souhaitent respirer l&#8217;air salin et s&#8217;immerger dans le folklore c\u00f4tier.<\/span><\/li>\n<\/ul>\n<p>&nbsp;<\/p>\n<p><a href=\"https:\/\/tourtravelandmore.com\/fr\/city\/portugal-fr\/lisbon-fr\/\"><span style=\"font-weight: 400;\">Ce voyage ouvre la voie \u00e0 de nombreuses autres d\u00e9couvertes. Ce transfert offre un avant-go\u00fbt de l&#8217;attrait du Portugal, mais nous vous invitons \u00e0 plonger plus profond\u00e9ment dans son c\u0153ur. <\/span><\/a><span style=\"font-weight: 400;\">Tour Travel and More propose une vaste collection de visites priv\u00e9es \u00e0 Lisbonne, permettant aux visiteurs de d\u00e9couvrir en profondeur les multiples facettes de la beaut\u00e9 de la capitale. Pour en savoir plus, consultez le site.<\/span><\/p>\n<div id=\"gtx-trans\" style=\"position: absolute; left: 35px; top: 979.656px;\">\n<div class=\"gtx-trans-icon\"><\/div>\n<\/div>\n","protected":false},"excerpt":{"rendered":"<p><span style=\"font-weight: 400;\">Am\u00e9liorez votre transfert de Lisbonne \u00e0 Porto en vous arr\u00eatant aux sites historiques et spirituels du Portugal &#8211; \u00d3bidos, F\u00e1tima et Nazar\u00e9. Faites l&#8217;exp\u00e9rience d&#8217;un voyage aussi m\u00e9morable que la destination avec Tour Travel and More.<\/span><\/p>\n","protected":false},"featured_media":170265,"comment_status":"open","ping_status":"closed","template":"","meta":{"_acf_changed":false},"product_brand":[],"product_cat":[4468,4467,4470,4469,3665],"product_tag":[],"class_list":{"0":"post-170252","1":"product","2":"type-product","3":"status-publish","4":"has-post-thumbnail","6":"product_cat-excursions-privees-dune-journee-fr-3","7":"product_cat-toutes-les-visites-et-activites-privees-fr-5","8":"product_cat-transferts-prives-fr-8","9":"product_cat-visites-guidees-privees-fr-6","10":"product_cat-lisbon-fr","12":"first","13":"instock","14":"shipping-taxable","15":"purchasable","16":"product-type-simple"},"acf":[],"yoast_head":"<!-- This site is optimized with the Yoast SEO Premium plugin v25.3.1 (Yoast SEO v25.3.1) - https:\/\/yoast.com\/wordpress\/plugins\/seo\/ -->\n<title>\u27a1\ufe0f Transfert de luxe : Lisbonne \u00e0 Porto avec arr\u00eats enrichissants \u00e0 \u00d3bidos, F\u00e1tima et Nazar\u00e9<\/title>\n<meta name=\"description\" content=\"Voyagez de Lisbonne \u00e0 Porto avec des arr\u00eats de luxe \u00e0 \u00d3bidos, F\u00e1tima et Nazar\u00e9, faisant des transferts une exploration d\u00e9licieuse avec Tour Travel and More \u2705\" \/>\n<meta name=\"robots\" content=\"index, follow, max-snippet:-1, max-image-preview:large, max-video-preview:-1\" \/>\n<link rel=\"canonical\" href=\"https:\/\/tourtravelandmore.com\/fr\/tours\/portugal-fr\/lisbon-fr\/transfert-lisbonne-porto-avec-arrets-a-obidos-fatima-et-nazare\/\" \/>\n<meta property=\"og:locale\" content=\"fr_FR\" \/>\n<meta property=\"og:type\" content=\"article\" \/>\n<meta property=\"og:title\" content=\"Transfert Lisbonne-Porto avec arr\u00eats \u00e0 \u00d3bidos, F\u00e1tima et Nazar\u00e9\" \/>\n<meta property=\"og:description\" content=\"Voyagez de Lisbonne \u00e0 Porto avec des arr\u00eats de luxe \u00e0 \u00d3bidos, F\u00e1tima et Nazar\u00e9, faisant des transferts une exploration d\u00e9licieuse avec Tour Travel and More \u2705\" \/>\n<meta property=\"og:url\" content=\"https:\/\/tourtravelandmore.com\/fr\/tours\/portugal-fr\/lisbon-fr\/transfert-lisbonne-porto-avec-arrets-a-obidos-fatima-et-nazare\/\" \/>\n<meta property=\"og:site_name\" content=\"Tour Travel And More\" \/>\n<meta property=\"article:publisher\" content=\"https:\/\/www.facebook.com\/tourtravelandmore\/\" \/>\n<meta property=\"article:modified_time\" content=\"2024-04-03T13:04:42+00:00\" \/>\n<meta property=\"og:image\" content=\"https:\/\/tourtravelandmore.com\/wp-content\/uploads\/2023\/09\/image2-4.jpg\" \/>\n\t<meta property=\"og:image:width\" content=\"900\" \/>\n\t<meta property=\"og:image:height\" content=\"750\" \/>\n\t<meta property=\"og:image:type\" content=\"image\/jpeg\" \/>\n<meta name=\"twitter:card\" content=\"summary_large_image\" \/>\n<meta name=\"twitter:site\" content=\"@TourTravel_More\" \/>\n<meta name=\"twitter:label1\" content=\"Dur\u00e9e de lecture estim\u00e9e\" \/>\n\t<meta name=\"twitter:data1\" content=\"3 minutes\" \/>\n<script type=\"application\/ld+json\" class=\"yoast-schema-graph\">{\"@context\":\"https:\/\/schema.org\",\"@graph\":[{\"@type\":\"WebPage\",\"@id\":\"https:\/\/tourtravelandmore.com\/fr\/tours\/portugal-fr\/lisbon-fr\/transfert-lisbonne-porto-avec-arrets-a-obidos-fatima-et-nazare\/\",\"url\":\"https:\/\/tourtravelandmore.com\/fr\/tours\/portugal-fr\/lisbon-fr\/transfert-lisbonne-porto-avec-arrets-a-obidos-fatima-et-nazare\/\",\"name\":\"\u27a1\ufe0f Transfert de luxe : Lisbonne \u00e0 Porto avec arr\u00eats enrichissants \u00e0 \u00d3bidos, F\u00e1tima et Nazar\u00e9\",\"isPartOf\":{\"@id\":\"https:\/\/tourtravelandmore.com\/fr\/#website\"},\"primaryImageOfPage\":{\"@id\":\"https:\/\/tourtravelandmore.com\/fr\/tours\/portugal-fr\/lisbon-fr\/transfert-lisbonne-porto-avec-arrets-a-obidos-fatima-et-nazare\/#primaryimage\"},\"image\":{\"@id\":\"https:\/\/tourtravelandmore.com\/fr\/tours\/portugal-fr\/lisbon-fr\/transfert-lisbonne-porto-avec-arrets-a-obidos-fatima-et-nazare\/#primaryimage\"},\"thumbnailUrl\":\"https:\/\/tourtravelandmore.com\/wp-content\/uploads\/2023\/09\/image2-4.jpg\",\"datePublished\":\"2023-09-30T07:45:12+00:00\",\"dateModified\":\"2024-04-03T13:04:42+00:00\",\"description\":\"Voyagez de Lisbonne \u00e0 Porto avec des arr\u00eats de luxe \u00e0 \u00d3bidos, F\u00e1tima et Nazar\u00e9, faisant des transferts une exploration d\u00e9licieuse avec Tour Travel and More \u2705\",\"breadcrumb\":{\"@id\":\"https:\/\/tourtravelandmore.com\/fr\/tours\/portugal-fr\/lisbon-fr\/transfert-lisbonne-porto-avec-arrets-a-obidos-fatima-et-nazare\/#breadcrumb\"},\"inLanguage\":\"fr-FR\",\"potentialAction\":[{\"@type\":\"ReadAction\",\"target\":[\"https:\/\/tourtravelandmore.com\/fr\/tours\/portugal-fr\/lisbon-fr\/transfert-lisbonne-porto-avec-arrets-a-obidos-fatima-et-nazare\/\"]}]},{\"@type\":\"ImageObject\",\"inLanguage\":\"fr-FR\",\"@id\":\"https:\/\/tourtravelandmore.com\/fr\/tours\/portugal-fr\/lisbon-fr\/transfert-lisbonne-porto-avec-arrets-a-obidos-fatima-et-nazare\/#primaryimage\",\"url\":\"https:\/\/tourtravelandmore.com\/wp-content\/uploads\/2023\/09\/image2-4.jpg\",\"contentUrl\":\"https:\/\/tourtravelandmore.com\/wp-content\/uploads\/2023\/09\/image2-4.jpg\",\"width\":900,\"height\":750},{\"@type\":\"BreadcrumbList\",\"@id\":\"https:\/\/tourtravelandmore.com\/fr\/tours\/portugal-fr\/lisbon-fr\/transfert-lisbonne-porto-avec-arrets-a-obidos-fatima-et-nazare\/#breadcrumb\",\"itemListElement\":[{\"@type\":\"ListItem\",\"position\":1,\"name\":\"Home\",\"item\":\"https:\/\/tourtravelandmore.com\/fr\/\"},{\"@type\":\"ListItem\",\"position\":2,\"name\":\"Tours\",\"item\":\"https:\/\/tourtravelandmore.com\/fr\/tours\/\"},{\"@type\":\"ListItem\",\"position\":3,\"name\":\"Transfert Lisbonne-Porto avec arr\u00eats \u00e0 \u00d3bidos, F\u00e1tima et Nazar\u00e9\"}]},{\"@type\":\"WebSite\",\"@id\":\"https:\/\/tourtravelandmore.com\/fr\/#website\",\"url\":\"https:\/\/tourtravelandmore.com\/fr\/\",\"name\":\"Tour Travel And More\",\"description\":\"Private sightseeing tours and luxury transfers in Spain\",\"publisher\":{\"@id\":\"https:\/\/tourtravelandmore.com\/fr\/#organization\"},\"potentialAction\":[{\"@type\":\"SearchAction\",\"target\":{\"@type\":\"EntryPoint\",\"urlTemplate\":\"https:\/\/tourtravelandmore.com\/fr\/?s={search_term_string}\"},\"query-input\":{\"@type\":\"PropertyValueSpecification\",\"valueRequired\":true,\"valueName\":\"search_term_string\"}}],\"inLanguage\":\"fr-FR\"},{\"@type\":\"Organization\",\"@id\":\"https:\/\/tourtravelandmore.com\/fr\/#organization\",\"name\":\"Tour Travel And More\",\"url\":\"https:\/\/tourtravelandmore.com\/fr\/\",\"logo\":{\"@type\":\"ImageObject\",\"inLanguage\":\"fr-FR\",\"@id\":\"https:\/\/tourtravelandmore.com\/fr\/#\/schema\/logo\/image\/\",\"url\":\"https:\/\/tourtravelandmore.com\/wp-content\/uploads\/2022\/12\/cropped-logo-cabecera-new.png\",\"contentUrl\":\"https:\/\/tourtravelandmore.com\/wp-content\/uploads\/2022\/12\/cropped-logo-cabecera-new.png\",\"width\":430,\"height\":61,\"caption\":\"Tour Travel And More\"},\"image\":{\"@id\":\"https:\/\/tourtravelandmore.com\/fr\/#\/schema\/logo\/image\/\"},\"sameAs\":[\"https:\/\/www.facebook.com\/tourtravelandmore\/\",\"https:\/\/x.com\/TourTravel_More\"]}]}<\/script>\n<!-- \/ Yoast SEO Premium plugin. -->","yoast_head_json":{"title":"\u27a1\ufe0f Transfert de luxe : Lisbonne \u00e0 Porto avec arr\u00eats enrichissants \u00e0 \u00d3bidos, F\u00e1tima et Nazar\u00e9","description":"Voyagez de Lisbonne \u00e0 Porto avec des arr\u00eats de luxe \u00e0 \u00d3bidos, F\u00e1tima et Nazar\u00e9, faisant des transferts une exploration d\u00e9licieuse avec Tour Travel and More \u2705","robots":{"index":"index","follow":"follow","max-snippet":"max-snippet:-1","max-image-preview":"max-image-preview:large","max-video-preview":"max-video-preview:-1"},"canonical":"https:\/\/tourtravelandmore.com\/fr\/tours\/portugal-fr\/lisbon-fr\/transfert-lisbonne-porto-avec-arrets-a-obidos-fatima-et-nazare\/","og_locale":"fr_FR","og_type":"article","og_title":"Transfert Lisbonne-Porto avec arr\u00eats \u00e0 \u00d3bidos, F\u00e1tima et Nazar\u00e9","og_description":"Voyagez de Lisbonne \u00e0 Porto avec des arr\u00eats de luxe \u00e0 \u00d3bidos, F\u00e1tima et Nazar\u00e9, faisant des transferts une exploration d\u00e9licieuse avec Tour Travel and More \u2705","og_url":"https:\/\/tourtravelandmore.com\/fr\/tours\/portugal-fr\/lisbon-fr\/transfert-lisbonne-porto-avec-arrets-a-obidos-fatima-et-nazare\/","og_site_name":"Tour Travel And More","article_publisher":"https:\/\/www.facebook.com\/tourtravelandmore\/","article_modified_time":"2024-04-03T13:04:42+00:00","og_image":[{"width":900,"height":750,"url":"https:\/\/tourtravelandmore.com\/wp-content\/uploads\/2023\/09\/image2-4.jpg","type":"image\/jpeg"}],"twitter_card":"summary_large_image","twitter_site":"@TourTravel_More","twitter_misc":{"Dur\u00e9e de lecture estim\u00e9e":"3 minutes"},"schema":{"@context":"https:\/\/schema.org","@graph":[{"@type":"WebPage","@id":"https:\/\/tourtravelandmore.com\/fr\/tours\/portugal-fr\/lisbon-fr\/transfert-lisbonne-porto-avec-arrets-a-obidos-fatima-et-nazare\/","url":"https:\/\/tourtravelandmore.com\/fr\/tours\/portugal-fr\/lisbon-fr\/transfert-lisbonne-porto-avec-arrets-a-obidos-fatima-et-nazare\/","name":"\u27a1\ufe0f Transfert de luxe : Lisbonne \u00e0 Porto avec arr\u00eats enrichissants \u00e0 \u00d3bidos, F\u00e1tima et Nazar\u00e9","isPartOf":{"@id":"https:\/\/tourtravelandmore.com\/fr\/#website"},"primaryImageOfPage":{"@id":"https:\/\/tourtravelandmore.com\/fr\/tours\/portugal-fr\/lisbon-fr\/transfert-lisbonne-porto-avec-arrets-a-obidos-fatima-et-nazare\/#primaryimage"},"image":{"@id":"https:\/\/tourtravelandmore.com\/fr\/tours\/portugal-fr\/lisbon-fr\/transfert-lisbonne-porto-avec-arrets-a-obidos-fatima-et-nazare\/#primaryimage"},"thumbnailUrl":"https:\/\/tourtravelandmore.com\/wp-content\/uploads\/2023\/09\/image2-4.jpg","datePublished":"2023-09-30T07:45:12+00:00","dateModified":"2024-04-03T13:04:42+00:00","description":"Voyagez de Lisbonne \u00e0 Porto avec des arr\u00eats de luxe \u00e0 \u00d3bidos, F\u00e1tima et Nazar\u00e9, faisant des transferts une exploration d\u00e9licieuse avec Tour Travel and More \u2705","breadcrumb":{"@id":"https:\/\/tourtravelandmore.com\/fr\/tours\/portugal-fr\/lisbon-fr\/transfert-lisbonne-porto-avec-arrets-a-obidos-fatima-et-nazare\/#breadcrumb"},"inLanguage":"fr-FR","potentialAction":[{"@type":"ReadAction","target":["https:\/\/tourtravelandmore.com\/fr\/tours\/portugal-fr\/lisbon-fr\/transfert-lisbonne-porto-avec-arrets-a-obidos-fatima-et-nazare\/"]}]},{"@type":"ImageObject","inLanguage":"fr-FR","@id":"https:\/\/tourtravelandmore.com\/fr\/tours\/portugal-fr\/lisbon-fr\/transfert-lisbonne-porto-avec-arrets-a-obidos-fatima-et-nazare\/#primaryimage","url":"https:\/\/tourtravelandmore.com\/wp-content\/uploads\/2023\/09\/image2-4.jpg","contentUrl":"https:\/\/tourtravelandmore.com\/wp-content\/uploads\/2023\/09\/image2-4.jpg","width":900,"height":750},{"@type":"BreadcrumbList","@id":"https:\/\/tourtravelandmore.com\/fr\/tours\/portugal-fr\/lisbon-fr\/transfert-lisbonne-porto-avec-arrets-a-obidos-fatima-et-nazare\/#breadcrumb","itemListElement":[{"@type":"ListItem","position":1,"name":"Home","item":"https:\/\/tourtravelandmore.com\/fr\/"},{"@type":"ListItem","position":2,"name":"Tours","item":"https:\/\/tourtravelandmore.com\/fr\/tours\/"},{"@type":"ListItem","position":3,"name":"Transfert Lisbonne-Porto avec arr\u00eats \u00e0 \u00d3bidos, F\u00e1tima et Nazar\u00e9"}]},{"@type":"WebSite","@id":"https:\/\/tourtravelandmore.com\/fr\/#website","url":"https:\/\/tourtravelandmore.com\/fr\/","name":"Tour Travel And More","description":"Private sightseeing tours and luxury transfers in Spain","publisher":{"@id":"https:\/\/tourtravelandmore.com\/fr\/#organization"},"potentialAction":[{"@type":"SearchAction","target":{"@type":"EntryPoint","urlTemplate":"https:\/\/tourtravelandmore.com\/fr\/?s={search_term_string}"},"query-input":{"@type":"PropertyValueSpecification","valueRequired":true,"valueName":"search_term_string"}}],"inLanguage":"fr-FR"},{"@type":"Organization","@id":"https:\/\/tourtravelandmore.com\/fr\/#organization","name":"Tour Travel And More","url":"https:\/\/tourtravelandmore.com\/fr\/","logo":{"@type":"ImageObject","inLanguage":"fr-FR","@id":"https:\/\/tourtravelandmore.com\/fr\/#\/schema\/logo\/image\/","url":"https:\/\/tourtravelandmore.com\/wp-content\/uploads\/2022\/12\/cropped-logo-cabecera-new.png","contentUrl":"https:\/\/tourtravelandmore.com\/wp-content\/uploads\/2022\/12\/cropped-logo-cabecera-new.png","width":430,"height":61,"caption":"Tour Travel And More"},"image":{"@id":"https:\/\/tourtravelandmore.com\/fr\/#\/schema\/logo\/image\/"},"sameAs":["https:\/\/www.facebook.com\/tourtravelandmore\/","https:\/\/x.com\/TourTravel_More"]}]}},"_links":{"self":[{"href":"https:\/\/tourtravelandmore.com\/fr\/wp-json\/wp\/v2\/product\/170252","targetHints":{"allow":["GET"]}}],"collection":[{"href":"https:\/\/tourtravelandmore.com\/fr\/wp-json\/wp\/v2\/product"}],"about":[{"href":"https:\/\/tourtravelandmore.com\/fr\/wp-json\/wp\/v2\/types\/product"}],"replies":[{"embeddable":true,"href":"https:\/\/tourtravelandmore.com\/fr\/wp-json\/wp\/v2\/comments?post=170252"}],"wp:featuredmedia":[{"embeddable":true,"href":"https:\/\/tourtravelandmore.com\/fr\/wp-json\/wp\/v2\/media\/170265"}],"wp:attachment":[{"href":"https:\/\/tourtravelandmore.com\/fr\/wp-json\/wp\/v2\/media?parent=170252"}],"wp:term":[{"taxonomy":"product_brand","embeddable":true,"href":"https:\/\/tourtravelandmore.com\/fr\/wp-json\/wp\/v2\/product_brand?post=170252"},{"taxonomy":"product_cat","embeddable":true,"href":"https:\/\/tourtravelandmore.com\/fr\/wp-json\/wp\/v2\/product_cat?post=170252"},{"taxonomy":"product_tag","embeddable":true,"href":"https:\/\/tourtravelandmore.com\/fr\/wp-json\/wp\/v2\/product_tag?post=170252"}],"curies":[{"name":"wp","href":"https:\/\/api.w.org\/{rel}","templated":true}]}}