{"id":170225,"date":"2023-09-30T09:20:21","date_gmt":"2023-09-30T07:20:30","guid":{"rendered":"https:\/\/tourtravelandmore.com\/?post_type=product&#038;p=170225"},"modified":"2023-10-06T13:12:33","modified_gmt":"2023-10-06T11:12:33","slug":"excursion-privee-a-obidos-fatima-et-nazare","status":"publish","type":"product","link":"https:\/\/tourtravelandmore.com\/fr\/tours\/portugal-fr\/lisbon-fr\/excursion-privee-a-obidos-fatima-et-nazare\/","title":{"rendered":"Excursion priv\u00e9e \u00e0 \u00d3bidos, F\u00e1tima et Nazar\u00e9"},"content":{"rendered":"<h2><b>Excursion priv\u00e9e \u00e0 \u00d3bidos, F\u00e1tima et Nazar\u00e9 Description<\/b><\/h2>\n<p><span style=\"font-weight: 400;\">Laissez-vous tenter par une exploration compl\u00e8te et immersive des destinations les plus pris\u00e9es du Portugal &#8211; \u00d3bidos, F\u00e1tima et Nazar\u00e9 &#8211; gr\u00e2ce \u00e0 l&#8217;excursion priv\u00e9e exclusive de Tour Travel and More. D&#8217;une dur\u00e9e de 10 heures, vous serez accompagn\u00e9 d&#8217;un guide expert et disposerez d&#8217;une voiture de luxe tout au long du voyage. Cette excursion m\u00e9ticuleusement con\u00e7ue vous promet une exp\u00e9rience m\u00ealant histoire, spiritualit\u00e9 et beaut\u00e9 naturelle \u00e0 couper le souffle. Laissez-vous s\u00e9duire par les r\u00e9cits d&#8217;anciennes batailles, la signification religieuse profonde et les l\u00e9gendes maritimes, tout en traversant des paysages pittoresques et des rues charmantes.<\/span><\/p>\n<p><span style=\"font-weight: 400;\">Aventurez-vous au c\u0153ur d&#8217;\u00d3bidos, o\u00f9 les anciennes fortifications murmurent des r\u00e9cits de conqu\u00eates m\u00e9di\u00e9vales et d&#8217;histoires d&#8217;amour. \u00c0 F\u00e1tima, l&#8217;ambiance sereine d\u00e9gage une profonde \u00e9nergie spirituelle, reflet de son pass\u00e9 historique et des p\u00e8lerins qu&#8217;elle a r\u00e9confort\u00e9s au fil des ans. Nazar\u00e9, quant \u00e0 elle, d\u00e9voile une juxtaposition de rivages sereins et de vagues tumultueuses, symbolisant la double identit\u00e9 de la ville en tant que retraite tranquille et r\u00eave d&#8217;aventurier. \u00c0 chaque kilom\u00e8tre parcouru, attendez-vous \u00e0 un r\u00e9cit qui se d\u00e9ploie, tiss\u00e9 de l\u00e9gendes, de foi et de l&#8217;attrait intemporel des paysages captivants du Portugal. Votre voyage ne vous promet pas seulement des destinations, mais une tapisserie d&#8217;exp\u00e9riences enrichissantes qui resteront longtemps apr\u00e8s la fin de l&#8217;excursion.<\/span><\/p>\n<h2><b>Excursion priv\u00e9e \u00e0 \u00d3bidos, F\u00e1tima et Nazar\u00e9 &#8211; Points forts<\/b><\/h2>\n<p>&nbsp;<\/p>\n<ul>\n<li style=\"font-weight: 400;\" aria-level=\"1\"><b>\u00d3bidos : <\/b><span style=\"font-weight: 400;\">Cette ville m\u00e9di\u00e9vale, enferm\u00e9e dans des murs fortifi\u00e9s, d\u00e9peint une \u00e9poque r\u00e9volue avec ses ch\u00e2teaux bien pr\u00e9serv\u00e9s, ses \u00e9troites ruelles pav\u00e9es et ses maisons vibrantes orn\u00e9es de fleurs. R\u00e9put\u00e9e pour sa liqueur de cerise, la Ginja, et ses festivals enchanteurs, \u00d3bidos poss\u00e8de un charme qui transporte les visiteurs dans le pass\u00e9.<\/span><\/li>\n<li style=\"font-weight: 400;\" aria-level=\"1\"><b>F\u00e1tima :<\/b><span style=\"font-weight: 400;\"> F\u00e1tima est l&#8217;un des lieux de p\u00e8lerinage les plus importants au monde et r\u00e9sonne d&#8217;un respect spirituel. Le sanctuaire de Notre-Dame de F\u00e1tima, o\u00f9 les apparitions mariales ont \u00e9t\u00e9 rapport\u00e9es en 1917, est un t\u00e9moignage de foi et de d\u00e9votion qui attire chaque ann\u00e9e des millions de personnes en qu\u00eate de r\u00e9confort et de b\u00e9n\u00e9dictions.<\/span><\/li>\n<li style=\"font-weight: 400;\" aria-level=\"1\"><b>Nazar\u00e9 :<\/b><span style=\"font-weight: 400;\"> Cette ville c\u00f4ti\u00e8re est synonyme de vues spectaculaires sur l&#8217;oc\u00e9an et de vagues imposantes, ce qui en fait un paradis pour les surfeurs. Au-del\u00e0 de son attrait maritime, Nazar\u00e9 s&#8217;enorgueillit du Sanctuaire de Notre-Dame de Nazar\u00e9, o\u00f9 les l\u00e9gendes de miracles se m\u00ealent aux vues panoramiques de l&#8217;immense Atlantique.<\/span><\/li>\n<li style=\"font-weight: 400;\" aria-level=\"1\"><b>D\u00e9lices gastronomiques : <\/b><span style=\"font-weight: 400;\">En traversant ces villes pittoresques, vous aurez l&#8217;occasion de savourer les tr\u00e9sors culinaires du Portugal. Laissez-vous tenter par la c\u00e9l\u00e8bre liqueur Ginja d&#8217;\u00d3bidos, un alcool infus\u00e9 \u00e0 la cerise, et go\u00fbtez aux fruits de mer les plus frais dans le havre c\u00f4tier de Nazar\u00e9. Chaque plat d\u00e9gust\u00e9 est un voyage sensoriel \u00e0 travers le riche patrimoine culinaire du Portugal.<\/span><\/li>\n<li style=\"font-weight: 400;\" aria-level=\"1\"><b>Artisanat et art local :<\/b><span style=\"font-weight: 400;\"> Les rues de ces villes sont orn\u00e9es d&#8217;artisans locaux qui pr\u00e9sentent leur travail, qu&#8217;il s&#8217;agisse de tuiles et de poteries peintes de mani\u00e8re complexe \u00e0 \u00d3bidos ou de dentelles faites \u00e0 la main \u00e0 Nazar\u00e9. Le fait d&#8217;assister au travail de ces artisans qualifi\u00e9s donne un aper\u00e7u des traditions et de l&#8217;art transmis de g\u00e9n\u00e9ration en g\u00e9n\u00e9ration.<\/span><\/li>\n<li style=\"font-weight: 400;\" aria-level=\"1\"><b>Merveilles naturelles <\/b><span style=\"font-weight: 400;\">: Outre ses c\u00e9l\u00e8bres vagues de surf, Nazar\u00e9 offre des vues spectaculaires sur les falaises depuis le quartier de S\u00edtio, un point d&#8217;observation qui offre une vue in\u00e9gal\u00e9e sur la majest\u00e9 de l&#8217;oc\u00e9an Atlantique. Quant \u00e0 la flore florissante d&#8217;\u00d3bidos, elle peint la ville de couleurs vives, en particulier au printemps, faisant de chaque promenade un r\u00e9gal pour les yeux.<\/span><\/li>\n<\/ul>\n<p>&nbsp;<\/p>\n<p><a href=\"https:\/\/tourtravelandmore.com\/fr\/city\/portugal-fr\/lisbon-fr\/\"><span style=\"font-weight: 400;\">Pour ceux qui sont intrigu\u00e9s par les multiples facettes du Portugal, nous vous invitons \u00e0 explorer plus avant gr\u00e2ce \u00e0 notre gamme de circuits priv\u00e9s \u00e0 Lisbonne et au-del\u00e0. <\/span><\/a><span style=\"font-weight: 400;\">Plongez au c\u0153ur de l&#8217;h\u00e9ritage, des paysages et de la tradition du pays gr\u00e2ce \u00e0 nos exp\u00e9riences con\u00e7ues par des experts. D\u00e9couvrez nos offres exclusives et pr\u00e9parez votre prochaine aventure en visitant Tour Travel and More.<\/span><\/p>\n","protected":false},"excerpt":{"rendered":"<p><span style=\"font-weight: 400;\">Embarquez pour un voyage captivant \u00e0 travers \u00d3bidos, F\u00e1tima et Nazar\u00e9, en tissant des r\u00e9cits d&#8217;histoire, de foi et de nature dans une excursion priv\u00e9e inoubliable de 10 heures.<\/span><\/p>\n<p>&nbsp;<\/p>\n","protected":false},"featured_media":170235,"comment_status":"open","ping_status":"closed","template":"","meta":{"_acf_changed":false},"product_brand":[],"product_cat":[4468,4467,4469,3665],"product_tag":[],"class_list":{"0":"post-170225","1":"product","2":"type-product","3":"status-publish","4":"has-post-thumbnail","6":"product_cat-excursions-privees-dune-journee-fr-3","7":"product_cat-toutes-les-visites-et-activites-privees-fr-5","8":"product_cat-visites-guidees-privees-fr-6","9":"product_cat-lisbon-fr","11":"first","12":"instock","13":"shipping-taxable","14":"purchasable","15":"product-type-simple"},"acf":[],"yoast_head":"<!-- This site is optimized with the Yoast SEO Premium plugin v25.3.1 (Yoast SEO v25.3.1) - https:\/\/yoast.com\/wordpress\/plugins\/seo\/ -->\n<title>\u27a1\ufe0f Excursion exclusive \u00e0 \u00d3bidos, F\u00e1tima et Nazar\u00e9 avec Tour Travel and More<\/title>\n<meta name=\"description\" content=\"Plongez dans le riche patrimoine du Portugal avec une excursion priv\u00e9e \u00e0 \u00d3bidos, F\u00e1tima et Nazar\u00e9. D\u00e9couvrez l&#039;histoire, la spiritualit\u00e9 et la nature dans un voyage unique. \u2705\" \/>\n<meta name=\"robots\" content=\"index, follow, max-snippet:-1, max-image-preview:large, max-video-preview:-1\" \/>\n<link rel=\"canonical\" href=\"https:\/\/tourtravelandmore.com\/fr\/tours\/portugal-fr\/lisbon-fr\/excursion-privee-a-obidos-fatima-et-nazare\/\" \/>\n<meta property=\"og:locale\" content=\"fr_FR\" \/>\n<meta property=\"og:type\" content=\"article\" \/>\n<meta property=\"og:title\" content=\"Excursion priv\u00e9e \u00e0 \u00d3bidos, F\u00e1tima et Nazar\u00e9\" \/>\n<meta property=\"og:description\" content=\"Plongez dans le riche patrimoine du Portugal avec une excursion priv\u00e9e \u00e0 \u00d3bidos, F\u00e1tima et Nazar\u00e9. D\u00e9couvrez l&#039;histoire, la spiritualit\u00e9 et la nature dans un voyage unique. \u2705\" \/>\n<meta property=\"og:url\" content=\"https:\/\/tourtravelandmore.com\/fr\/tours\/portugal-fr\/lisbon-fr\/excursion-privee-a-obidos-fatima-et-nazare\/\" \/>\n<meta property=\"og:site_name\" content=\"Tour Travel And More\" \/>\n<meta property=\"article:publisher\" content=\"https:\/\/www.facebook.com\/tourtravelandmore\/\" \/>\n<meta property=\"article:modified_time\" content=\"2023-10-06T11:12:33+00:00\" \/>\n<meta property=\"og:image\" content=\"https:\/\/tourtravelandmore.com\/wp-content\/uploads\/2023\/09\/image1-3.jpg\" \/>\n\t<meta property=\"og:image:width\" content=\"900\" \/>\n\t<meta property=\"og:image:height\" content=\"750\" \/>\n\t<meta property=\"og:image:type\" content=\"image\/jpeg\" \/>\n<meta name=\"twitter:card\" content=\"summary_large_image\" \/>\n<meta name=\"twitter:site\" content=\"@TourTravel_More\" \/>\n<meta name=\"twitter:label1\" content=\"Dur\u00e9e de lecture estim\u00e9e\" \/>\n\t<meta name=\"twitter:data1\" content=\"4 minutes\" \/>\n<script type=\"application\/ld+json\" class=\"yoast-schema-graph\">{\"@context\":\"https:\/\/schema.org\",\"@graph\":[{\"@type\":\"WebPage\",\"@id\":\"https:\/\/tourtravelandmore.com\/fr\/tours\/portugal-fr\/lisbon-fr\/excursion-privee-a-obidos-fatima-et-nazare\/\",\"url\":\"https:\/\/tourtravelandmore.com\/fr\/tours\/portugal-fr\/lisbon-fr\/excursion-privee-a-obidos-fatima-et-nazare\/\",\"name\":\"\u27a1\ufe0f Excursion exclusive \u00e0 \u00d3bidos, F\u00e1tima et Nazar\u00e9 avec Tour Travel and More\",\"isPartOf\":{\"@id\":\"https:\/\/tourtravelandmore.com\/fr\/#website\"},\"primaryImageOfPage\":{\"@id\":\"https:\/\/tourtravelandmore.com\/fr\/tours\/portugal-fr\/lisbon-fr\/excursion-privee-a-obidos-fatima-et-nazare\/#primaryimage\"},\"image\":{\"@id\":\"https:\/\/tourtravelandmore.com\/fr\/tours\/portugal-fr\/lisbon-fr\/excursion-privee-a-obidos-fatima-et-nazare\/#primaryimage\"},\"thumbnailUrl\":\"https:\/\/tourtravelandmore.com\/wp-content\/uploads\/2023\/09\/image1-3.jpg\",\"datePublished\":\"2023-09-30T07:20:30+00:00\",\"dateModified\":\"2023-10-06T11:12:33+00:00\",\"description\":\"Plongez dans le riche patrimoine du Portugal avec une excursion priv\u00e9e \u00e0 \u00d3bidos, F\u00e1tima et Nazar\u00e9. D\u00e9couvrez l'histoire, la spiritualit\u00e9 et la nature dans un voyage unique. \u2705\",\"breadcrumb\":{\"@id\":\"https:\/\/tourtravelandmore.com\/fr\/tours\/portugal-fr\/lisbon-fr\/excursion-privee-a-obidos-fatima-et-nazare\/#breadcrumb\"},\"inLanguage\":\"fr-FR\",\"potentialAction\":[{\"@type\":\"ReadAction\",\"target\":[\"https:\/\/tourtravelandmore.com\/fr\/tours\/portugal-fr\/lisbon-fr\/excursion-privee-a-obidos-fatima-et-nazare\/\"]}]},{\"@type\":\"ImageObject\",\"inLanguage\":\"fr-FR\",\"@id\":\"https:\/\/tourtravelandmore.com\/fr\/tours\/portugal-fr\/lisbon-fr\/excursion-privee-a-obidos-fatima-et-nazare\/#primaryimage\",\"url\":\"https:\/\/tourtravelandmore.com\/wp-content\/uploads\/2023\/09\/image1-3.jpg\",\"contentUrl\":\"https:\/\/tourtravelandmore.com\/wp-content\/uploads\/2023\/09\/image1-3.jpg\",\"width\":900,\"height\":750},{\"@type\":\"BreadcrumbList\",\"@id\":\"https:\/\/tourtravelandmore.com\/fr\/tours\/portugal-fr\/lisbon-fr\/excursion-privee-a-obidos-fatima-et-nazare\/#breadcrumb\",\"itemListElement\":[{\"@type\":\"ListItem\",\"position\":1,\"name\":\"Home\",\"item\":\"https:\/\/tourtravelandmore.com\/fr\/\"},{\"@type\":\"ListItem\",\"position\":2,\"name\":\"Tours\",\"item\":\"https:\/\/tourtravelandmore.com\/fr\/tours\/\"},{\"@type\":\"ListItem\",\"position\":3,\"name\":\"Excursion priv\u00e9e \u00e0 \u00d3bidos, F\u00e1tima et Nazar\u00e9\"}]},{\"@type\":\"WebSite\",\"@id\":\"https:\/\/tourtravelandmore.com\/fr\/#website\",\"url\":\"https:\/\/tourtravelandmore.com\/fr\/\",\"name\":\"Tour Travel And More\",\"description\":\"Private sightseeing tours and luxury transfers in Spain\",\"publisher\":{\"@id\":\"https:\/\/tourtravelandmore.com\/fr\/#organization\"},\"potentialAction\":[{\"@type\":\"SearchAction\",\"target\":{\"@type\":\"EntryPoint\",\"urlTemplate\":\"https:\/\/tourtravelandmore.com\/fr\/?s={search_term_string}\"},\"query-input\":{\"@type\":\"PropertyValueSpecification\",\"valueRequired\":true,\"valueName\":\"search_term_string\"}}],\"inLanguage\":\"fr-FR\"},{\"@type\":\"Organization\",\"@id\":\"https:\/\/tourtravelandmore.com\/fr\/#organization\",\"name\":\"Tour Travel And More\",\"url\":\"https:\/\/tourtravelandmore.com\/fr\/\",\"logo\":{\"@type\":\"ImageObject\",\"inLanguage\":\"fr-FR\",\"@id\":\"https:\/\/tourtravelandmore.com\/fr\/#\/schema\/logo\/image\/\",\"url\":\"https:\/\/tourtravelandmore.com\/wp-content\/uploads\/2022\/12\/cropped-logo-cabecera-new.png\",\"contentUrl\":\"https:\/\/tourtravelandmore.com\/wp-content\/uploads\/2022\/12\/cropped-logo-cabecera-new.png\",\"width\":430,\"height\":61,\"caption\":\"Tour Travel And More\"},\"image\":{\"@id\":\"https:\/\/tourtravelandmore.com\/fr\/#\/schema\/logo\/image\/\"},\"sameAs\":[\"https:\/\/www.facebook.com\/tourtravelandmore\/\",\"https:\/\/x.com\/TourTravel_More\"]}]}<\/script>\n<!-- \/ Yoast SEO Premium plugin. -->","yoast_head_json":{"title":"\u27a1\ufe0f Excursion exclusive \u00e0 \u00d3bidos, F\u00e1tima et Nazar\u00e9 avec Tour Travel and More","description":"Plongez dans le riche patrimoine du Portugal avec une excursion priv\u00e9e \u00e0 \u00d3bidos, F\u00e1tima et Nazar\u00e9. D\u00e9couvrez l'histoire, la spiritualit\u00e9 et la nature dans un voyage unique. \u2705","robots":{"index":"index","follow":"follow","max-snippet":"max-snippet:-1","max-image-preview":"max-image-preview:large","max-video-preview":"max-video-preview:-1"},"canonical":"https:\/\/tourtravelandmore.com\/fr\/tours\/portugal-fr\/lisbon-fr\/excursion-privee-a-obidos-fatima-et-nazare\/","og_locale":"fr_FR","og_type":"article","og_title":"Excursion priv\u00e9e \u00e0 \u00d3bidos, F\u00e1tima et Nazar\u00e9","og_description":"Plongez dans le riche patrimoine du Portugal avec une excursion priv\u00e9e \u00e0 \u00d3bidos, F\u00e1tima et Nazar\u00e9. D\u00e9couvrez l'histoire, la spiritualit\u00e9 et la nature dans un voyage unique. \u2705","og_url":"https:\/\/tourtravelandmore.com\/fr\/tours\/portugal-fr\/lisbon-fr\/excursion-privee-a-obidos-fatima-et-nazare\/","og_site_name":"Tour Travel And More","article_publisher":"https:\/\/www.facebook.com\/tourtravelandmore\/","article_modified_time":"2023-10-06T11:12:33+00:00","og_image":[{"width":900,"height":750,"url":"https:\/\/tourtravelandmore.com\/wp-content\/uploads\/2023\/09\/image1-3.jpg","type":"image\/jpeg"}],"twitter_card":"summary_large_image","twitter_site":"@TourTravel_More","twitter_misc":{"Dur\u00e9e de lecture estim\u00e9e":"4 minutes"},"schema":{"@context":"https:\/\/schema.org","@graph":[{"@type":"WebPage","@id":"https:\/\/tourtravelandmore.com\/fr\/tours\/portugal-fr\/lisbon-fr\/excursion-privee-a-obidos-fatima-et-nazare\/","url":"https:\/\/tourtravelandmore.com\/fr\/tours\/portugal-fr\/lisbon-fr\/excursion-privee-a-obidos-fatima-et-nazare\/","name":"\u27a1\ufe0f Excursion exclusive \u00e0 \u00d3bidos, F\u00e1tima et Nazar\u00e9 avec Tour Travel and More","isPartOf":{"@id":"https:\/\/tourtravelandmore.com\/fr\/#website"},"primaryImageOfPage":{"@id":"https:\/\/tourtravelandmore.com\/fr\/tours\/portugal-fr\/lisbon-fr\/excursion-privee-a-obidos-fatima-et-nazare\/#primaryimage"},"image":{"@id":"https:\/\/tourtravelandmore.com\/fr\/tours\/portugal-fr\/lisbon-fr\/excursion-privee-a-obidos-fatima-et-nazare\/#primaryimage"},"thumbnailUrl":"https:\/\/tourtravelandmore.com\/wp-content\/uploads\/2023\/09\/image1-3.jpg","datePublished":"2023-09-30T07:20:30+00:00","dateModified":"2023-10-06T11:12:33+00:00","description":"Plongez dans le riche patrimoine du Portugal avec une excursion priv\u00e9e \u00e0 \u00d3bidos, F\u00e1tima et Nazar\u00e9. D\u00e9couvrez l'histoire, la spiritualit\u00e9 et la nature dans un voyage unique. \u2705","breadcrumb":{"@id":"https:\/\/tourtravelandmore.com\/fr\/tours\/portugal-fr\/lisbon-fr\/excursion-privee-a-obidos-fatima-et-nazare\/#breadcrumb"},"inLanguage":"fr-FR","potentialAction":[{"@type":"ReadAction","target":["https:\/\/tourtravelandmore.com\/fr\/tours\/portugal-fr\/lisbon-fr\/excursion-privee-a-obidos-fatima-et-nazare\/"]}]},{"@type":"ImageObject","inLanguage":"fr-FR","@id":"https:\/\/tourtravelandmore.com\/fr\/tours\/portugal-fr\/lisbon-fr\/excursion-privee-a-obidos-fatima-et-nazare\/#primaryimage","url":"https:\/\/tourtravelandmore.com\/wp-content\/uploads\/2023\/09\/image1-3.jpg","contentUrl":"https:\/\/tourtravelandmore.com\/wp-content\/uploads\/2023\/09\/image1-3.jpg","width":900,"height":750},{"@type":"BreadcrumbList","@id":"https:\/\/tourtravelandmore.com\/fr\/tours\/portugal-fr\/lisbon-fr\/excursion-privee-a-obidos-fatima-et-nazare\/#breadcrumb","itemListElement":[{"@type":"ListItem","position":1,"name":"Home","item":"https:\/\/tourtravelandmore.com\/fr\/"},{"@type":"ListItem","position":2,"name":"Tours","item":"https:\/\/tourtravelandmore.com\/fr\/tours\/"},{"@type":"ListItem","position":3,"name":"Excursion priv\u00e9e \u00e0 \u00d3bidos, F\u00e1tima et Nazar\u00e9"}]},{"@type":"WebSite","@id":"https:\/\/tourtravelandmore.com\/fr\/#website","url":"https:\/\/tourtravelandmore.com\/fr\/","name":"Tour Travel And More","description":"Private sightseeing tours and luxury transfers in Spain","publisher":{"@id":"https:\/\/tourtravelandmore.com\/fr\/#organization"},"potentialAction":[{"@type":"SearchAction","target":{"@type":"EntryPoint","urlTemplate":"https:\/\/tourtravelandmore.com\/fr\/?s={search_term_string}"},"query-input":{"@type":"PropertyValueSpecification","valueRequired":true,"valueName":"search_term_string"}}],"inLanguage":"fr-FR"},{"@type":"Organization","@id":"https:\/\/tourtravelandmore.com\/fr\/#organization","name":"Tour Travel And More","url":"https:\/\/tourtravelandmore.com\/fr\/","logo":{"@type":"ImageObject","inLanguage":"fr-FR","@id":"https:\/\/tourtravelandmore.com\/fr\/#\/schema\/logo\/image\/","url":"https:\/\/tourtravelandmore.com\/wp-content\/uploads\/2022\/12\/cropped-logo-cabecera-new.png","contentUrl":"https:\/\/tourtravelandmore.com\/wp-content\/uploads\/2022\/12\/cropped-logo-cabecera-new.png","width":430,"height":61,"caption":"Tour Travel And More"},"image":{"@id":"https:\/\/tourtravelandmore.com\/fr\/#\/schema\/logo\/image\/"},"sameAs":["https:\/\/www.facebook.com\/tourtravelandmore\/","https:\/\/x.com\/TourTravel_More"]}]}},"_links":{"self":[{"href":"https:\/\/tourtravelandmore.com\/fr\/wp-json\/wp\/v2\/product\/170225","targetHints":{"allow":["GET"]}}],"collection":[{"href":"https:\/\/tourtravelandmore.com\/fr\/wp-json\/wp\/v2\/product"}],"about":[{"href":"https:\/\/tourtravelandmore.com\/fr\/wp-json\/wp\/v2\/types\/product"}],"replies":[{"embeddable":true,"href":"https:\/\/tourtravelandmore.com\/fr\/wp-json\/wp\/v2\/comments?post=170225"}],"wp:featuredmedia":[{"embeddable":true,"href":"https:\/\/tourtravelandmore.com\/fr\/wp-json\/wp\/v2\/media\/170235"}],"wp:attachment":[{"href":"https:\/\/tourtravelandmore.com\/fr\/wp-json\/wp\/v2\/media?parent=170225"}],"wp:term":[{"taxonomy":"product_brand","embeddable":true,"href":"https:\/\/tourtravelandmore.com\/fr\/wp-json\/wp\/v2\/product_brand?post=170225"},{"taxonomy":"product_cat","embeddable":true,"href":"https:\/\/tourtravelandmore.com\/fr\/wp-json\/wp\/v2\/product_cat?post=170225"},{"taxonomy":"product_tag","embeddable":true,"href":"https:\/\/tourtravelandmore.com\/fr\/wp-json\/wp\/v2\/product_tag?post=170225"}],"curies":[{"name":"wp","href":"https:\/\/api.w.org\/{rel}","templated":true}]}}