{"id":170198,"date":"2023-09-29T13:58:59","date_gmt":"2023-09-29T11:59:11","guid":{"rendered":"https:\/\/tourtravelandmore.com\/?post_type=product&#038;p=170198"},"modified":"2023-10-06T13:07:03","modified_gmt":"2023-10-06T11:07:03","slug":"visite-privee-de-lisbonne-copy","status":"publish","type":"product","link":"https:\/\/tourtravelandmore.com\/fr\/tours\/portugal-fr\/lisbon-fr\/visite-privee-de-lisbonne-copy\/","title":{"rendered":"Visite priv\u00e9e \u00e0 pied de Lisbonne"},"content":{"rendered":"<h2><b>Description de la visite priv\u00e9e \u00e0 pied de Lisbonne<\/b><\/h2>\n<p><span style=\"font-weight: 400;\">Lisbonne, la capitale rayonnante du Portugal, est un m\u00e9lange complexe de grandeur historique et de dynamisme moderne. Avec la visite priv\u00e9e \u00e0 pied de Lisbonne propos\u00e9e par Tour Travel and More, immergez-vous dans la riche tapisserie de culture, d&#8217;architecture et d&#8217;histoires de la ville. Nos guides experts, dot\u00e9s d&#8217;ann\u00e9es d&#8217;exp\u00e9rience et de passion pour l&#8217;histoire de Lisbonne, insuffleront la vie dans chaque rue et place que vous foulerez. En l&#8217;espace de 4 heures, vous traverserez des chemins pav\u00e9s, passerez devant des fa\u00e7ades orn\u00e9es et p\u00e9n\u00e9trerez au c\u0153ur des sites les plus pr\u00e9cieux de Lisbonne. Des points de vue vallonn\u00e9s offrant des vues panoramiques aux places urbaines anim\u00e9es qui r\u00e9sonnent de la vie quotidienne, cette promenade vous permettra de d\u00e9couvrir l&#8217;\u00e2me de la ville de mani\u00e8re intime et compl\u00e8te.<\/span><\/p>\n<p><span style=\"font-weight: 400;\">Au-del\u00e0 des sites touristiques, vous serez envelopp\u00e9 par le rythme de la vie quotidienne de Lisbonne. Des accords harmonieux du fado qui s&#8217;\u00e9chappent des tavernes cach\u00e9es \u00e0 l&#8217;odeur aromatique des p\u00e2tisseries traditionnelles qui s&#8217;\u00e9chappent des boulangeries locales, chaque d\u00e9tail sensoriel ajoute de la profondeur \u00e0 votre voyage. En fl\u00e2nant dans les march\u00e9s anim\u00e9s et les coins tranquilles, notre guide vous fera d\u00e9couvrir les histoires et les traditions des habitants, jetant un pont entre le pass\u00e9 et le pr\u00e9sent. Chaque pas devient un r\u00e9cit qui se d\u00e9ploie, r\u00e9v\u00e9lant des couches d&#8217;histoire juxtapos\u00e9es sur la toile de fond d&#8217;une ville en pleine \u00e9volution. Votre promenade ne sera pas seulement un festin visuel, mais une exp\u00e9rience culturelle profond\u00e9ment enrichissante, capturant les multiples facettes de l&#8217;essence de Lisbonne.<\/span><\/p>\n<h2><b>Visite priv\u00e9e \u00e0 pied des points forts de Lisbonne<\/b><\/h2>\n<p><span style=\"font-weight: 400;\">En vous embarquant dans ce voyage, attendez-vous \u00e0 une myriade d&#8217;exp\u00e9riences. Prenez le pouls de la ville en traversant le quartier historique de l&#8217;Alfama, r\u00e9put\u00e9 pour ses influences mauresques et les m\u00e9lodies poignantes du fado. \u00c9merveillez-vous devant l&#8217;opulence des places de Baixa, anim\u00e9es et encadr\u00e9es par une architecture n\u00e9oclassique. Montez jusqu&#8217;aux points de vue de la ville, ou &#8220;Miradouros&#8221;, o\u00f9 Lisbonne s&#8217;\u00e9tend sous vos pieds, une toile de toits rouges, l&#8217;azur du Tage, et d&#8217;anciennes forteresses. Tout au long de votre exp\u00e9dition, notre guide enrichira votre exp\u00e9rience en vous racontant les aventures maritimes, les romances l\u00e9gendaires et les batailles d&#8217;\u00e9poque qui ont fa\u00e7onn\u00e9 cette magnifique ville.<\/span><\/p>\n<p><span style=\"font-weight: 400;\">Le m\u00e9lange harmonieux de la nature et de l&#8217;architecture devient plus \u00e9vident lorsque vous vous promenez dans les parcs verdoyants au milieu de l&#8217;\u00e9talement urbain. Le doux bruissement des feuilles et les bavardages distants des habitants cr\u00e9ent une ambiance apaisante, offrant un r\u00e9pit momentan\u00e9 au pouls \u00e9nergique de la ville. Chaque monument et chaque ruelle rec\u00e8lent des secrets, des histoires d&#8217;artistes et de r\u00eaveurs, de monarques et de roturiers. En naviguant dans ce labyrinthe d&#8217;histoire et de culture, vous ne vous contenterez pas d&#8217;observer, mais vous ferez partie de la tapisserie en constante \u00e9volution de Lisbonne.<\/span><\/p>\n<h3><span style=\"font-weight: 400;\">Lisbonne \u00e0 pied : Points d&#8217;int\u00e9r\u00eat<\/span><\/h3>\n<ul>\n<li style=\"font-weight: 400;\" aria-level=\"1\"><b>Le quartier de l&#8217;Alfama :<\/b><span style=\"font-weight: 400;\"> Le plus ancien quartier de Lisbonne, l&#8217;Alfama est un labyrinthe de rues \u00e9troites, de maisons anciennes et de maisons traditionnelles de fado. Ici, l&#8217;histoire prend vie \u00e0 chaque pas, et le quartier t\u00e9moigne de la r\u00e9silience de Lisbonne, ayant surv\u00e9cu au grand tremblement de terre de 1755.<\/span><\/li>\n<li style=\"font-weight: 400;\" aria-level=\"1\"><b>Le quartier de Baixa :<\/b><span style=\"font-weight: 400;\"> C\u0153ur de Lisbonne apr\u00e8s le tremblement de terre, le quartier de Baixa s&#8217;enorgueillit de ses grandes places, de ses boutiques et de ses monuments embl\u00e9matiques. Ses rues g\u00e9om\u00e9triques contrastent avec les all\u00e9es labyrinthiques de l&#8217;Alfama et soulignent la renaissance et l&#8217;\u00e9volution de la ville.<\/span><\/li>\n<li style=\"font-weight: 400;\" aria-level=\"1\"><b>Bairro Alto <\/b><span style=\"font-weight: 400;\">: C\u00e9l\u00e8bre pour sa vie nocturne anim\u00e9e et son m\u00e9lange \u00e9clectique de bars, de restaurants et de clubs, le Bairro Alto est, le jour, un quartier calme qui offre des boutiques uniques et des vues imprenables, refl\u00e9tant ainsi l&#8217;esprit \u00e9nergique de la ville.<\/span><\/li>\n<li style=\"font-weight: 400;\" aria-level=\"1\"><b>Bel\u00e9m : <\/b><span style=\"font-weight: 400;\">Impr\u00e9gn\u00e9 d&#8217;histoire maritime, Bel\u00e9m abrite des monuments embl\u00e9matiques tels que le monast\u00e8re des Jer\u00f3nimos et la tour de Bel\u00e9m. Chaque recoin de ce quartier murmure des histoires de l&#8217;\u00e2ge des d\u00e9couvertes du Portugal.<\/span><\/li>\n<li style=\"font-weight: 400;\" aria-level=\"1\"><b>Usine LX :<\/b><span style=\"font-weight: 400;\"> Autrefois complexe industriel, c&#8217;est aujourd&#8217;hui un centre de cr\u00e9ativit\u00e9 et d&#8217;innovation. Avec ses librairies, ses restaurants et ses ateliers d&#8217;art, il illustre la renaissance moderne de Lisbonne.<\/span><\/li>\n<\/ul>\n<p>&nbsp;<\/p>\n<p><span style=\"font-weight: 400;\">Pour une exploration approfondie des merveilles de Lisbonne et bien plus encore, parcourez la liste exhaustive des visites priv\u00e9es propos\u00e9es par Tour Travel and More. <\/span><a href=\"https:\/\/tourtravelandmore.com\/fr\/city\/portugal-fr\/lisbon-fr\/\"><span style=\"font-weight: 400;\">Plongez dans les histoires, savourez la richesse de la culture et d\u00e9couvrez le meilleur du Portugal avec nous. <\/span><\/a><span style=\"font-weight: 400;\">D\u00e9couvrez et r\u00e9servez votre prochaine exp\u00e9rience inoubliable sur le site web de Tour Travel and More.<\/span><\/p>\n","protected":false},"excerpt":{"rendered":"<p><span style=\"font-weight: 400;\">Embarquez pour un captivant voyage \u00e0 pied de 4 heures \u00e0 travers les rues historiques et les merveilles modernes de Lisbonne gr\u00e2ce aux visites priv\u00e9es de Tour Travel and More. D\u00e9couvrez l&#8217;essence de la ville avec nos guides experts.<\/span><\/p>\n","protected":false},"featured_media":170214,"comment_status":"open","ping_status":"closed","template":"","meta":{"_acf_changed":false},"product_brand":[],"product_cat":[4467,4471,3665],"product_tag":[],"class_list":{"0":"post-170198","1":"product","2":"type-product","3":"status-publish","4":"has-post-thumbnail","6":"product_cat-toutes-les-visites-et-activites-privees-fr-5","7":"product_cat-visites-a-pied-privees-fr-7","8":"product_cat-lisbon-fr","10":"first","11":"instock","12":"shipping-taxable","13":"purchasable","14":"product-type-simple"},"acf":[],"yoast_head":"<!-- This site is optimized with the Yoast SEO Premium plugin v25.3.1 (Yoast SEO v25.3.1) - https:\/\/yoast.com\/wordpress\/plugins\/seo\/ -->\n<title>\u27a1\ufe0f Visite priv\u00e9e \u00e0 pied de Lisbonne | Tour Travel and More<\/title>\n<meta name=\"description\" content=\"Plongez dans l&#039;histoire et la culture de Lisbonne lors d&#039;une visite guid\u00e9e priv\u00e9e de 4 heures. Explorez les quartiers embl\u00e9matiques, les contes et les points de rep\u00e8re avec des conseils d&#039;experts.\u2705\" \/>\n<meta name=\"robots\" content=\"index, follow, max-snippet:-1, max-image-preview:large, max-video-preview:-1\" \/>\n<link rel=\"canonical\" href=\"https:\/\/tourtravelandmore.com\/fr\/tours\/portugal-fr\/lisbon-fr\/visite-privee-de-lisbonne-copy\/\" \/>\n<meta property=\"og:locale\" content=\"fr_FR\" \/>\n<meta property=\"og:type\" content=\"article\" \/>\n<meta property=\"og:title\" content=\"Visite priv\u00e9e \u00e0 pied de Lisbonne\" \/>\n<meta property=\"og:description\" content=\"Plongez dans l&#039;histoire et la culture de Lisbonne lors d&#039;une visite guid\u00e9e priv\u00e9e de 4 heures. Explorez les quartiers embl\u00e9matiques, les contes et les points de rep\u00e8re avec des conseils d&#039;experts.\u2705\" \/>\n<meta property=\"og:url\" content=\"https:\/\/tourtravelandmore.com\/fr\/tours\/portugal-fr\/lisbon-fr\/visite-privee-de-lisbonne-copy\/\" \/>\n<meta property=\"og:site_name\" content=\"Tour Travel And More\" \/>\n<meta property=\"article:publisher\" content=\"https:\/\/www.facebook.com\/tourtravelandmore\/\" \/>\n<meta property=\"article:modified_time\" content=\"2023-10-06T11:07:03+00:00\" \/>\n<meta property=\"og:image\" content=\"https:\/\/tourtravelandmore.com\/wp-content\/uploads\/2023\/09\/image3-2.jpg\" \/>\n\t<meta property=\"og:image:width\" content=\"900\" \/>\n\t<meta property=\"og:image:height\" content=\"750\" \/>\n\t<meta property=\"og:image:type\" content=\"image\/jpeg\" \/>\n<meta name=\"twitter:card\" content=\"summary_large_image\" \/>\n<meta name=\"twitter:site\" content=\"@TourTravel_More\" \/>\n<meta name=\"twitter:label1\" content=\"Dur\u00e9e de lecture estim\u00e9e\" \/>\n\t<meta name=\"twitter:data1\" content=\"4 minutes\" \/>\n<script type=\"application\/ld+json\" class=\"yoast-schema-graph\">{\"@context\":\"https:\/\/schema.org\",\"@graph\":[{\"@type\":\"WebPage\",\"@id\":\"https:\/\/tourtravelandmore.com\/fr\/tours\/portugal-fr\/lisbon-fr\/visite-privee-de-lisbonne-copy\/\",\"url\":\"https:\/\/tourtravelandmore.com\/fr\/tours\/portugal-fr\/lisbon-fr\/visite-privee-de-lisbonne-copy\/\",\"name\":\"\u27a1\ufe0f Visite priv\u00e9e \u00e0 pied de Lisbonne | Tour Travel and More\",\"isPartOf\":{\"@id\":\"https:\/\/tourtravelandmore.com\/fr\/#website\"},\"primaryImageOfPage\":{\"@id\":\"https:\/\/tourtravelandmore.com\/fr\/tours\/portugal-fr\/lisbon-fr\/visite-privee-de-lisbonne-copy\/#primaryimage\"},\"image\":{\"@id\":\"https:\/\/tourtravelandmore.com\/fr\/tours\/portugal-fr\/lisbon-fr\/visite-privee-de-lisbonne-copy\/#primaryimage\"},\"thumbnailUrl\":\"https:\/\/tourtravelandmore.com\/wp-content\/uploads\/2023\/09\/image3-2.jpg\",\"datePublished\":\"2023-09-29T11:59:11+00:00\",\"dateModified\":\"2023-10-06T11:07:03+00:00\",\"description\":\"Plongez dans l'histoire et la culture de Lisbonne lors d'une visite guid\u00e9e priv\u00e9e de 4 heures. Explorez les quartiers embl\u00e9matiques, les contes et les points de rep\u00e8re avec des conseils d'experts.\u2705\",\"breadcrumb\":{\"@id\":\"https:\/\/tourtravelandmore.com\/fr\/tours\/portugal-fr\/lisbon-fr\/visite-privee-de-lisbonne-copy\/#breadcrumb\"},\"inLanguage\":\"fr-FR\",\"potentialAction\":[{\"@type\":\"ReadAction\",\"target\":[\"https:\/\/tourtravelandmore.com\/fr\/tours\/portugal-fr\/lisbon-fr\/visite-privee-de-lisbonne-copy\/\"]}]},{\"@type\":\"ImageObject\",\"inLanguage\":\"fr-FR\",\"@id\":\"https:\/\/tourtravelandmore.com\/fr\/tours\/portugal-fr\/lisbon-fr\/visite-privee-de-lisbonne-copy\/#primaryimage\",\"url\":\"https:\/\/tourtravelandmore.com\/wp-content\/uploads\/2023\/09\/image3-2.jpg\",\"contentUrl\":\"https:\/\/tourtravelandmore.com\/wp-content\/uploads\/2023\/09\/image3-2.jpg\",\"width\":900,\"height\":750},{\"@type\":\"BreadcrumbList\",\"@id\":\"https:\/\/tourtravelandmore.com\/fr\/tours\/portugal-fr\/lisbon-fr\/visite-privee-de-lisbonne-copy\/#breadcrumb\",\"itemListElement\":[{\"@type\":\"ListItem\",\"position\":1,\"name\":\"Home\",\"item\":\"https:\/\/tourtravelandmore.com\/fr\/\"},{\"@type\":\"ListItem\",\"position\":2,\"name\":\"Tours\",\"item\":\"https:\/\/tourtravelandmore.com\/fr\/tours\/\"},{\"@type\":\"ListItem\",\"position\":3,\"name\":\"Visite priv\u00e9e \u00e0 pied de Lisbonne\"}]},{\"@type\":\"WebSite\",\"@id\":\"https:\/\/tourtravelandmore.com\/fr\/#website\",\"url\":\"https:\/\/tourtravelandmore.com\/fr\/\",\"name\":\"Tour Travel And More\",\"description\":\"Private sightseeing tours and luxury transfers in Spain\",\"publisher\":{\"@id\":\"https:\/\/tourtravelandmore.com\/fr\/#organization\"},\"potentialAction\":[{\"@type\":\"SearchAction\",\"target\":{\"@type\":\"EntryPoint\",\"urlTemplate\":\"https:\/\/tourtravelandmore.com\/fr\/?s={search_term_string}\"},\"query-input\":{\"@type\":\"PropertyValueSpecification\",\"valueRequired\":true,\"valueName\":\"search_term_string\"}}],\"inLanguage\":\"fr-FR\"},{\"@type\":\"Organization\",\"@id\":\"https:\/\/tourtravelandmore.com\/fr\/#organization\",\"name\":\"Tour Travel And More\",\"url\":\"https:\/\/tourtravelandmore.com\/fr\/\",\"logo\":{\"@type\":\"ImageObject\",\"inLanguage\":\"fr-FR\",\"@id\":\"https:\/\/tourtravelandmore.com\/fr\/#\/schema\/logo\/image\/\",\"url\":\"https:\/\/tourtravelandmore.com\/wp-content\/uploads\/2022\/12\/cropped-logo-cabecera-new.png\",\"contentUrl\":\"https:\/\/tourtravelandmore.com\/wp-content\/uploads\/2022\/12\/cropped-logo-cabecera-new.png\",\"width\":430,\"height\":61,\"caption\":\"Tour Travel And More\"},\"image\":{\"@id\":\"https:\/\/tourtravelandmore.com\/fr\/#\/schema\/logo\/image\/\"},\"sameAs\":[\"https:\/\/www.facebook.com\/tourtravelandmore\/\",\"https:\/\/x.com\/TourTravel_More\"]}]}<\/script>\n<!-- \/ Yoast SEO Premium plugin. -->","yoast_head_json":{"title":"\u27a1\ufe0f Visite priv\u00e9e \u00e0 pied de Lisbonne | Tour Travel and More","description":"Plongez dans l'histoire et la culture de Lisbonne lors d'une visite guid\u00e9e priv\u00e9e de 4 heures. Explorez les quartiers embl\u00e9matiques, les contes et les points de rep\u00e8re avec des conseils d'experts.\u2705","robots":{"index":"index","follow":"follow","max-snippet":"max-snippet:-1","max-image-preview":"max-image-preview:large","max-video-preview":"max-video-preview:-1"},"canonical":"https:\/\/tourtravelandmore.com\/fr\/tours\/portugal-fr\/lisbon-fr\/visite-privee-de-lisbonne-copy\/","og_locale":"fr_FR","og_type":"article","og_title":"Visite priv\u00e9e \u00e0 pied de Lisbonne","og_description":"Plongez dans l'histoire et la culture de Lisbonne lors d'une visite guid\u00e9e priv\u00e9e de 4 heures. Explorez les quartiers embl\u00e9matiques, les contes et les points de rep\u00e8re avec des conseils d'experts.\u2705","og_url":"https:\/\/tourtravelandmore.com\/fr\/tours\/portugal-fr\/lisbon-fr\/visite-privee-de-lisbonne-copy\/","og_site_name":"Tour Travel And More","article_publisher":"https:\/\/www.facebook.com\/tourtravelandmore\/","article_modified_time":"2023-10-06T11:07:03+00:00","og_image":[{"width":900,"height":750,"url":"https:\/\/tourtravelandmore.com\/wp-content\/uploads\/2023\/09\/image3-2.jpg","type":"image\/jpeg"}],"twitter_card":"summary_large_image","twitter_site":"@TourTravel_More","twitter_misc":{"Dur\u00e9e de lecture estim\u00e9e":"4 minutes"},"schema":{"@context":"https:\/\/schema.org","@graph":[{"@type":"WebPage","@id":"https:\/\/tourtravelandmore.com\/fr\/tours\/portugal-fr\/lisbon-fr\/visite-privee-de-lisbonne-copy\/","url":"https:\/\/tourtravelandmore.com\/fr\/tours\/portugal-fr\/lisbon-fr\/visite-privee-de-lisbonne-copy\/","name":"\u27a1\ufe0f Visite priv\u00e9e \u00e0 pied de Lisbonne | Tour Travel and More","isPartOf":{"@id":"https:\/\/tourtravelandmore.com\/fr\/#website"},"primaryImageOfPage":{"@id":"https:\/\/tourtravelandmore.com\/fr\/tours\/portugal-fr\/lisbon-fr\/visite-privee-de-lisbonne-copy\/#primaryimage"},"image":{"@id":"https:\/\/tourtravelandmore.com\/fr\/tours\/portugal-fr\/lisbon-fr\/visite-privee-de-lisbonne-copy\/#primaryimage"},"thumbnailUrl":"https:\/\/tourtravelandmore.com\/wp-content\/uploads\/2023\/09\/image3-2.jpg","datePublished":"2023-09-29T11:59:11+00:00","dateModified":"2023-10-06T11:07:03+00:00","description":"Plongez dans l'histoire et la culture de Lisbonne lors d'une visite guid\u00e9e priv\u00e9e de 4 heures. Explorez les quartiers embl\u00e9matiques, les contes et les points de rep\u00e8re avec des conseils d'experts.\u2705","breadcrumb":{"@id":"https:\/\/tourtravelandmore.com\/fr\/tours\/portugal-fr\/lisbon-fr\/visite-privee-de-lisbonne-copy\/#breadcrumb"},"inLanguage":"fr-FR","potentialAction":[{"@type":"ReadAction","target":["https:\/\/tourtravelandmore.com\/fr\/tours\/portugal-fr\/lisbon-fr\/visite-privee-de-lisbonne-copy\/"]}]},{"@type":"ImageObject","inLanguage":"fr-FR","@id":"https:\/\/tourtravelandmore.com\/fr\/tours\/portugal-fr\/lisbon-fr\/visite-privee-de-lisbonne-copy\/#primaryimage","url":"https:\/\/tourtravelandmore.com\/wp-content\/uploads\/2023\/09\/image3-2.jpg","contentUrl":"https:\/\/tourtravelandmore.com\/wp-content\/uploads\/2023\/09\/image3-2.jpg","width":900,"height":750},{"@type":"BreadcrumbList","@id":"https:\/\/tourtravelandmore.com\/fr\/tours\/portugal-fr\/lisbon-fr\/visite-privee-de-lisbonne-copy\/#breadcrumb","itemListElement":[{"@type":"ListItem","position":1,"name":"Home","item":"https:\/\/tourtravelandmore.com\/fr\/"},{"@type":"ListItem","position":2,"name":"Tours","item":"https:\/\/tourtravelandmore.com\/fr\/tours\/"},{"@type":"ListItem","position":3,"name":"Visite priv\u00e9e \u00e0 pied de Lisbonne"}]},{"@type":"WebSite","@id":"https:\/\/tourtravelandmore.com\/fr\/#website","url":"https:\/\/tourtravelandmore.com\/fr\/","name":"Tour Travel And More","description":"Private sightseeing tours and luxury transfers in Spain","publisher":{"@id":"https:\/\/tourtravelandmore.com\/fr\/#organization"},"potentialAction":[{"@type":"SearchAction","target":{"@type":"EntryPoint","urlTemplate":"https:\/\/tourtravelandmore.com\/fr\/?s={search_term_string}"},"query-input":{"@type":"PropertyValueSpecification","valueRequired":true,"valueName":"search_term_string"}}],"inLanguage":"fr-FR"},{"@type":"Organization","@id":"https:\/\/tourtravelandmore.com\/fr\/#organization","name":"Tour Travel And More","url":"https:\/\/tourtravelandmore.com\/fr\/","logo":{"@type":"ImageObject","inLanguage":"fr-FR","@id":"https:\/\/tourtravelandmore.com\/fr\/#\/schema\/logo\/image\/","url":"https:\/\/tourtravelandmore.com\/wp-content\/uploads\/2022\/12\/cropped-logo-cabecera-new.png","contentUrl":"https:\/\/tourtravelandmore.com\/wp-content\/uploads\/2022\/12\/cropped-logo-cabecera-new.png","width":430,"height":61,"caption":"Tour Travel And More"},"image":{"@id":"https:\/\/tourtravelandmore.com\/fr\/#\/schema\/logo\/image\/"},"sameAs":["https:\/\/www.facebook.com\/tourtravelandmore\/","https:\/\/x.com\/TourTravel_More"]}]}},"_links":{"self":[{"href":"https:\/\/tourtravelandmore.com\/fr\/wp-json\/wp\/v2\/product\/170198","targetHints":{"allow":["GET"]}}],"collection":[{"href":"https:\/\/tourtravelandmore.com\/fr\/wp-json\/wp\/v2\/product"}],"about":[{"href":"https:\/\/tourtravelandmore.com\/fr\/wp-json\/wp\/v2\/types\/product"}],"replies":[{"embeddable":true,"href":"https:\/\/tourtravelandmore.com\/fr\/wp-json\/wp\/v2\/comments?post=170198"}],"wp:featuredmedia":[{"embeddable":true,"href":"https:\/\/tourtravelandmore.com\/fr\/wp-json\/wp\/v2\/media\/170214"}],"wp:attachment":[{"href":"https:\/\/tourtravelandmore.com\/fr\/wp-json\/wp\/v2\/media?parent=170198"}],"wp:term":[{"taxonomy":"product_brand","embeddable":true,"href":"https:\/\/tourtravelandmore.com\/fr\/wp-json\/wp\/v2\/product_brand?post=170198"},{"taxonomy":"product_cat","embeddable":true,"href":"https:\/\/tourtravelandmore.com\/fr\/wp-json\/wp\/v2\/product_cat?post=170198"},{"taxonomy":"product_tag","embeddable":true,"href":"https:\/\/tourtravelandmore.com\/fr\/wp-json\/wp\/v2\/product_tag?post=170198"}],"curies":[{"name":"wp","href":"https:\/\/api.w.org\/{rel}","templated":true}]}}