{"id":170158,"date":"2020-12-01T09:18:33","date_gmt":"2020-12-01T08:18:33","guid":{"rendered":"https:\/\/tourtravelandmore.com\/tours\/non class\u00e9\/tour-prive-a-disney-california-adventure\/"},"modified":"2020-12-01T09:18:33","modified_gmt":"2020-12-01T08:18:33","slug":"tour-prive-a-disney-california-adventure","status":"publish","type":"product","link":"https:\/\/tourtravelandmore.com\/fr\/tours\/etats-unis-fr\/anaheim-fr\/tour-prive-a-disney-california-adventure\/","title":{"rendered":"Tour priv\u00e9 \u00e0 Disney California Adventure"},"content":{"rendered":"<h2>Description de l&#8217;excursion<\/h2>\n<p>Chez Tour Travel &amp; More, nous avons le circuit que vous recherchez pour vivre une exp\u00e9rience inoubliable et exclusive dans l&#8217;un des endroits les plus r\u00eav\u00e9s par les enfants et les adultes, Disney California Adventure.<\/p>\n<p>Le parc Disney California Adventure, qui a ouvert ses portes en 2001, fait partie du duo californien qui combine brillamment la beaut\u00e9 et l&#8217;histoire de la Californie avec une vari\u00e9t\u00e9 d&#8217;attractions et de divertissements de Disney, Marvel et Pixar. C&#8217;est une exp\u00e9rience fantastique pour tous les \u00e2ges &#8211; les enfants comme les adultes trouveront de la joie \u00e0 chaque coin de rue !<\/p>\n<p>Nous organiserons une prise en charge priv\u00e9e depuis votre h\u00f4tel ou le lieu de votre choix \u00e0 Anaheim. L&#8217;heure de d\u00e9part sera d\u00e9termin\u00e9e par vous, mais nous vous recommandons d&#8217;arriver t\u00f4t le matin pour pouvoir profiter de toute la journ\u00e9e.<\/p>\n<p>Tour Travel &amp; More propose des exp\u00e9riences sur mesure. Nos experts sont \u00e0 votre enti\u00e8re disposition pour vous aider \u00e0 profiter d&#8217;une visite personnalis\u00e9e. Ne manquez pas cette opportunit\u00e9 et venez avec nous pour cette incroyable visite priv\u00e9e de Disney California Adventure \u00e0 Anaheim.<\/p>\n<h2>Points d&#8217;int\u00e9r\u00eat<\/h2>\n<p>Que vous souhaitiez vous amuser avec vos enfants ou faire monter l&#8217;adr\u00e9naline avec vos amis, Disney California Adventure propose plusieurs man\u00e8ges et attractions \u00e0 sensations fortes. Profitez au maximum de votre visite gr\u00e2ce \u00e0 cette incroyable excursion d&#8217;une journ\u00e9e.<\/p>\n<p>Ce parc d&#8217;aventure propose de nombreuses attractions telles que<\/p>\n<ul>\n<li>Cars Land<\/li>\n<li>Paradise Gardens Park<\/li>\n<li>Pixar Pier<\/li>\n<li>Buena Vista Street<\/li>\n<li>Hollywood Land<\/li>\n<li>Pacific Pier<\/li>\n<li>Grizzly Peak<\/li>\n<\/ul>\n<p>Chaque section est caract\u00e9ris\u00e9e par des attractions uniques. Laissez-nous vous confier un secret : notre attraction pr\u00e9f\u00e9r\u00e9e est Hollywood Land !<\/p>\n<p>Nous pouvons inclure un pass rapide pour de nombreuses attractions, mais il est tr\u00e8s important d&#8217;arriver au parc t\u00f4t le matin pour \u00e9viter les foules.<\/p>\n<p>Bien entendu, au cours de cette visite priv\u00e9e d&#8217;une journ\u00e9e, vous aurez du temps libre pour d\u00e9jeuner et vous promener dans le parc. Enfin, votre chauffeur\/guide priv\u00e9 vous ram\u00e8nera \u00e0 votre h\u00f4tel \u00e0 Anaheim.<\/p>\n<p>Nous proposons \u00e9galement une excursion d&#8217;une journ\u00e9e compl\u00e8te au parc Disneyland au d\u00e9part d&#8217;Anaheim.<\/p>\n","protected":false},"excerpt":{"rendered":"<p id=\"tw-target-text\" class=\"tw-data-text tw-text-large XcVN5d tw-ta\" dir=\"ltr\" data-placeholder=\"Traducci\u00f3n\">Avez-vous d\u00e9j\u00e0 visit\u00e9 Disney California Adventure ? Si ce n&#8217;est pas le cas, c&#8217;est l&#8217;occasion r\u00eav\u00e9e ! Rejoignez-nous pour cette visite priv\u00e9e de Disney California Adventure avec un expert local qui vous montrera tous les secrets de ce magnifique parc.<\/p>\n","protected":false},"featured_media":88497,"comment_status":"open","ping_status":"closed","template":"","meta":{"_acf_changed":false},"product_brand":[],"product_cat":[4462,4463,3547,4063],"product_tag":[],"class_list":{"0":"post-170158","1":"product","2":"type-product","3":"status-publish","4":"has-post-thumbnail","6":"product_cat-all-private-tours-and-activities-fr-8","7":"product_cat-private-sightseeing-tours-fr-15","8":"product_cat-etats-unis-fr","9":"product_cat-anaheim-fr","11":"first","12":"instock","13":"shipping-taxable","14":"purchasable","15":"product-type-simple"},"acf":[],"yoast_head":"<!-- This site is optimized with the Yoast SEO Premium plugin v25.3.1 (Yoast SEO v25.3.1) - https:\/\/yoast.com\/wordpress\/plugins\/seo\/ -->\n<title>Tour priv\u00e9 \u00e0 Disney California Adventure<\/title>\n<meta name=\"description\" content=\"Rejoignez-nous pour cette visite priv\u00e9e de Disney California Adventure et profitez d&#039;une journ\u00e9e amusante \u00e0 Anaheim avec votre famille.\" \/>\n<meta name=\"robots\" content=\"index, follow, max-snippet:-1, max-image-preview:large, max-video-preview:-1\" \/>\n<link rel=\"canonical\" href=\"https:\/\/tourtravelandmore.com\/fr\/tours\/etats-unis-fr\/anaheim-fr\/tour-prive-a-disney-california-adventure\/\" \/>\n<meta property=\"og:locale\" content=\"fr_FR\" \/>\n<meta property=\"og:type\" content=\"article\" \/>\n<meta property=\"og:title\" content=\"Tour priv\u00e9 \u00e0 Disney California Adventure\" \/>\n<meta property=\"og:description\" content=\"Rejoignez-nous pour cette visite priv\u00e9e de Disney California Adventure et profitez d&#039;une journ\u00e9e amusante \u00e0 Anaheim avec votre famille.\" \/>\n<meta property=\"og:url\" content=\"https:\/\/tourtravelandmore.com\/fr\/tours\/etats-unis-fr\/anaheim-fr\/tour-prive-a-disney-california-adventure\/\" \/>\n<meta property=\"og:site_name\" content=\"Tour Travel And More\" \/>\n<meta property=\"article:publisher\" content=\"https:\/\/www.facebook.com\/tourtravelandmore\/\" \/>\n<meta property=\"og:image\" content=\"https:\/\/tourtravelandmore.com\/wp-content\/uploads\/2020\/12\/disney-california-scaled.jpg\" \/>\n\t<meta property=\"og:image:width\" content=\"2560\" \/>\n\t<meta property=\"og:image:height\" content=\"1920\" \/>\n\t<meta property=\"og:image:type\" content=\"image\/jpeg\" \/>\n<meta name=\"twitter:card\" content=\"summary_large_image\" \/>\n<meta name=\"twitter:site\" content=\"@TourTravel_More\" \/>\n<meta name=\"twitter:label1\" content=\"Dur\u00e9e de lecture estim\u00e9e\" \/>\n\t<meta name=\"twitter:data1\" content=\"2 minutes\" \/>\n<script type=\"application\/ld+json\" class=\"yoast-schema-graph\">{\"@context\":\"https:\/\/schema.org\",\"@graph\":[{\"@type\":\"WebPage\",\"@id\":\"https:\/\/tourtravelandmore.com\/fr\/tours\/etats-unis-fr\/anaheim-fr\/tour-prive-a-disney-california-adventure\/\",\"url\":\"https:\/\/tourtravelandmore.com\/fr\/tours\/etats-unis-fr\/anaheim-fr\/tour-prive-a-disney-california-adventure\/\",\"name\":\"Tour priv\u00e9 \u00e0 Disney California Adventure\",\"isPartOf\":{\"@id\":\"https:\/\/tourtravelandmore.com\/fr\/#website\"},\"primaryImageOfPage\":{\"@id\":\"https:\/\/tourtravelandmore.com\/fr\/tours\/etats-unis-fr\/anaheim-fr\/tour-prive-a-disney-california-adventure\/#primaryimage\"},\"image\":{\"@id\":\"https:\/\/tourtravelandmore.com\/fr\/tours\/etats-unis-fr\/anaheim-fr\/tour-prive-a-disney-california-adventure\/#primaryimage\"},\"thumbnailUrl\":\"https:\/\/tourtravelandmore.com\/wp-content\/uploads\/2020\/12\/disney-california-scaled.jpg\",\"datePublished\":\"2020-12-01T08:18:33+00:00\",\"description\":\"Rejoignez-nous pour cette visite priv\u00e9e de Disney California Adventure et profitez d'une journ\u00e9e amusante \u00e0 Anaheim avec votre famille.\",\"breadcrumb\":{\"@id\":\"https:\/\/tourtravelandmore.com\/fr\/tours\/etats-unis-fr\/anaheim-fr\/tour-prive-a-disney-california-adventure\/#breadcrumb\"},\"inLanguage\":\"fr-FR\",\"potentialAction\":[{\"@type\":\"ReadAction\",\"target\":[\"https:\/\/tourtravelandmore.com\/fr\/tours\/etats-unis-fr\/anaheim-fr\/tour-prive-a-disney-california-adventure\/\"]}]},{\"@type\":\"ImageObject\",\"inLanguage\":\"fr-FR\",\"@id\":\"https:\/\/tourtravelandmore.com\/fr\/tours\/etats-unis-fr\/anaheim-fr\/tour-prive-a-disney-california-adventure\/#primaryimage\",\"url\":\"https:\/\/tourtravelandmore.com\/wp-content\/uploads\/2020\/12\/disney-california-scaled.jpg\",\"contentUrl\":\"https:\/\/tourtravelandmore.com\/wp-content\/uploads\/2020\/12\/disney-california-scaled.jpg\",\"width\":2560,\"height\":1920},{\"@type\":\"BreadcrumbList\",\"@id\":\"https:\/\/tourtravelandmore.com\/fr\/tours\/etats-unis-fr\/anaheim-fr\/tour-prive-a-disney-california-adventure\/#breadcrumb\",\"itemListElement\":[{\"@type\":\"ListItem\",\"position\":1,\"name\":\"Home\",\"item\":\"https:\/\/tourtravelandmore.com\/fr\/\"},{\"@type\":\"ListItem\",\"position\":2,\"name\":\"Tours\",\"item\":\"https:\/\/tourtravelandmore.com\/fr\/tours\/\"},{\"@type\":\"ListItem\",\"position\":3,\"name\":\"Tour priv\u00e9 \u00e0 Disney California Adventure\"}]},{\"@type\":\"WebSite\",\"@id\":\"https:\/\/tourtravelandmore.com\/fr\/#website\",\"url\":\"https:\/\/tourtravelandmore.com\/fr\/\",\"name\":\"Tour Travel And More\",\"description\":\"Private sightseeing tours and luxury transfers in Spain\",\"publisher\":{\"@id\":\"https:\/\/tourtravelandmore.com\/fr\/#organization\"},\"potentialAction\":[{\"@type\":\"SearchAction\",\"target\":{\"@type\":\"EntryPoint\",\"urlTemplate\":\"https:\/\/tourtravelandmore.com\/fr\/?s={search_term_string}\"},\"query-input\":{\"@type\":\"PropertyValueSpecification\",\"valueRequired\":true,\"valueName\":\"search_term_string\"}}],\"inLanguage\":\"fr-FR\"},{\"@type\":\"Organization\",\"@id\":\"https:\/\/tourtravelandmore.com\/fr\/#organization\",\"name\":\"Tour Travel And More\",\"url\":\"https:\/\/tourtravelandmore.com\/fr\/\",\"logo\":{\"@type\":\"ImageObject\",\"inLanguage\":\"fr-FR\",\"@id\":\"https:\/\/tourtravelandmore.com\/fr\/#\/schema\/logo\/image\/\",\"url\":\"https:\/\/tourtravelandmore.com\/wp-content\/uploads\/2022\/12\/cropped-logo-cabecera-new.png\",\"contentUrl\":\"https:\/\/tourtravelandmore.com\/wp-content\/uploads\/2022\/12\/cropped-logo-cabecera-new.png\",\"width\":430,\"height\":61,\"caption\":\"Tour Travel And More\"},\"image\":{\"@id\":\"https:\/\/tourtravelandmore.com\/fr\/#\/schema\/logo\/image\/\"},\"sameAs\":[\"https:\/\/www.facebook.com\/tourtravelandmore\/\",\"https:\/\/x.com\/TourTravel_More\"]}]}<\/script>\n<!-- \/ Yoast SEO Premium plugin. -->","yoast_head_json":{"title":"Tour priv\u00e9 \u00e0 Disney California Adventure","description":"Rejoignez-nous pour cette visite priv\u00e9e de Disney California Adventure et profitez d'une journ\u00e9e amusante \u00e0 Anaheim avec votre famille.","robots":{"index":"index","follow":"follow","max-snippet":"max-snippet:-1","max-image-preview":"max-image-preview:large","max-video-preview":"max-video-preview:-1"},"canonical":"https:\/\/tourtravelandmore.com\/fr\/tours\/etats-unis-fr\/anaheim-fr\/tour-prive-a-disney-california-adventure\/","og_locale":"fr_FR","og_type":"article","og_title":"Tour priv\u00e9 \u00e0 Disney California Adventure","og_description":"Rejoignez-nous pour cette visite priv\u00e9e de Disney California Adventure et profitez d'une journ\u00e9e amusante \u00e0 Anaheim avec votre famille.","og_url":"https:\/\/tourtravelandmore.com\/fr\/tours\/etats-unis-fr\/anaheim-fr\/tour-prive-a-disney-california-adventure\/","og_site_name":"Tour Travel And More","article_publisher":"https:\/\/www.facebook.com\/tourtravelandmore\/","og_image":[{"width":2560,"height":1920,"url":"https:\/\/tourtravelandmore.com\/wp-content\/uploads\/2020\/12\/disney-california-scaled.jpg","type":"image\/jpeg"}],"twitter_card":"summary_large_image","twitter_site":"@TourTravel_More","twitter_misc":{"Dur\u00e9e de lecture estim\u00e9e":"2 minutes"},"schema":{"@context":"https:\/\/schema.org","@graph":[{"@type":"WebPage","@id":"https:\/\/tourtravelandmore.com\/fr\/tours\/etats-unis-fr\/anaheim-fr\/tour-prive-a-disney-california-adventure\/","url":"https:\/\/tourtravelandmore.com\/fr\/tours\/etats-unis-fr\/anaheim-fr\/tour-prive-a-disney-california-adventure\/","name":"Tour priv\u00e9 \u00e0 Disney California Adventure","isPartOf":{"@id":"https:\/\/tourtravelandmore.com\/fr\/#website"},"primaryImageOfPage":{"@id":"https:\/\/tourtravelandmore.com\/fr\/tours\/etats-unis-fr\/anaheim-fr\/tour-prive-a-disney-california-adventure\/#primaryimage"},"image":{"@id":"https:\/\/tourtravelandmore.com\/fr\/tours\/etats-unis-fr\/anaheim-fr\/tour-prive-a-disney-california-adventure\/#primaryimage"},"thumbnailUrl":"https:\/\/tourtravelandmore.com\/wp-content\/uploads\/2020\/12\/disney-california-scaled.jpg","datePublished":"2020-12-01T08:18:33+00:00","description":"Rejoignez-nous pour cette visite priv\u00e9e de Disney California Adventure et profitez d'une journ\u00e9e amusante \u00e0 Anaheim avec votre famille.","breadcrumb":{"@id":"https:\/\/tourtravelandmore.com\/fr\/tours\/etats-unis-fr\/anaheim-fr\/tour-prive-a-disney-california-adventure\/#breadcrumb"},"inLanguage":"fr-FR","potentialAction":[{"@type":"ReadAction","target":["https:\/\/tourtravelandmore.com\/fr\/tours\/etats-unis-fr\/anaheim-fr\/tour-prive-a-disney-california-adventure\/"]}]},{"@type":"ImageObject","inLanguage":"fr-FR","@id":"https:\/\/tourtravelandmore.com\/fr\/tours\/etats-unis-fr\/anaheim-fr\/tour-prive-a-disney-california-adventure\/#primaryimage","url":"https:\/\/tourtravelandmore.com\/wp-content\/uploads\/2020\/12\/disney-california-scaled.jpg","contentUrl":"https:\/\/tourtravelandmore.com\/wp-content\/uploads\/2020\/12\/disney-california-scaled.jpg","width":2560,"height":1920},{"@type":"BreadcrumbList","@id":"https:\/\/tourtravelandmore.com\/fr\/tours\/etats-unis-fr\/anaheim-fr\/tour-prive-a-disney-california-adventure\/#breadcrumb","itemListElement":[{"@type":"ListItem","position":1,"name":"Home","item":"https:\/\/tourtravelandmore.com\/fr\/"},{"@type":"ListItem","position":2,"name":"Tours","item":"https:\/\/tourtravelandmore.com\/fr\/tours\/"},{"@type":"ListItem","position":3,"name":"Tour priv\u00e9 \u00e0 Disney California Adventure"}]},{"@type":"WebSite","@id":"https:\/\/tourtravelandmore.com\/fr\/#website","url":"https:\/\/tourtravelandmore.com\/fr\/","name":"Tour Travel And More","description":"Private sightseeing tours and luxury transfers in Spain","publisher":{"@id":"https:\/\/tourtravelandmore.com\/fr\/#organization"},"potentialAction":[{"@type":"SearchAction","target":{"@type":"EntryPoint","urlTemplate":"https:\/\/tourtravelandmore.com\/fr\/?s={search_term_string}"},"query-input":{"@type":"PropertyValueSpecification","valueRequired":true,"valueName":"search_term_string"}}],"inLanguage":"fr-FR"},{"@type":"Organization","@id":"https:\/\/tourtravelandmore.com\/fr\/#organization","name":"Tour Travel And More","url":"https:\/\/tourtravelandmore.com\/fr\/","logo":{"@type":"ImageObject","inLanguage":"fr-FR","@id":"https:\/\/tourtravelandmore.com\/fr\/#\/schema\/logo\/image\/","url":"https:\/\/tourtravelandmore.com\/wp-content\/uploads\/2022\/12\/cropped-logo-cabecera-new.png","contentUrl":"https:\/\/tourtravelandmore.com\/wp-content\/uploads\/2022\/12\/cropped-logo-cabecera-new.png","width":430,"height":61,"caption":"Tour Travel And More"},"image":{"@id":"https:\/\/tourtravelandmore.com\/fr\/#\/schema\/logo\/image\/"},"sameAs":["https:\/\/www.facebook.com\/tourtravelandmore\/","https:\/\/x.com\/TourTravel_More"]}]}},"_links":{"self":[{"href":"https:\/\/tourtravelandmore.com\/fr\/wp-json\/wp\/v2\/product\/170158","targetHints":{"allow":["GET"]}}],"collection":[{"href":"https:\/\/tourtravelandmore.com\/fr\/wp-json\/wp\/v2\/product"}],"about":[{"href":"https:\/\/tourtravelandmore.com\/fr\/wp-json\/wp\/v2\/types\/product"}],"replies":[{"embeddable":true,"href":"https:\/\/tourtravelandmore.com\/fr\/wp-json\/wp\/v2\/comments?post=170158"}],"wp:featuredmedia":[{"embeddable":true,"href":"https:\/\/tourtravelandmore.com\/fr\/wp-json\/wp\/v2\/media\/88497"}],"wp:attachment":[{"href":"https:\/\/tourtravelandmore.com\/fr\/wp-json\/wp\/v2\/media?parent=170158"}],"wp:term":[{"taxonomy":"product_brand","embeddable":true,"href":"https:\/\/tourtravelandmore.com\/fr\/wp-json\/wp\/v2\/product_brand?post=170158"},{"taxonomy":"product_cat","embeddable":true,"href":"https:\/\/tourtravelandmore.com\/fr\/wp-json\/wp\/v2\/product_cat?post=170158"},{"taxonomy":"product_tag","embeddable":true,"href":"https:\/\/tourtravelandmore.com\/fr\/wp-json\/wp\/v2\/product_tag?post=170158"}],"curies":[{"name":"wp","href":"https:\/\/api.w.org\/{rel}","templated":true}]}}