{"id":170119,"date":"2020-11-27T11:30:58","date_gmt":"2020-11-27T10:30:58","guid":{"rendered":"https:\/\/tourtravelandmore.com\/tours\/non class\u00e9\/visite-privee-danaheim\/"},"modified":"2020-11-27T11:30:58","modified_gmt":"2020-11-27T10:30:58","slug":"visite-privee-danaheim","status":"publish","type":"product","link":"https:\/\/tourtravelandmore.com\/fr\/tours\/etats-unis-fr\/anaheim-fr\/visite-privee-danaheim\/","title":{"rendered":"Visite priv\u00e9e d&#8217;Anaheim"},"content":{"rendered":"<h2>Description de la visite priv\u00e9e<\/h2>\n<p>Anaheim est c\u00e9l\u00e8bre pour ses incroyables parcs Disneyland, mais laissez-nous vous dire qu&#8217;il y a bien d&#8217;autres choses \u00e0 voir dans cette ville unique. Rejoignez-nous pour cette visite priv\u00e9e d&#8217;Anaheim et ayez la chance de voir la ville \u00e0 travers les yeux d&#8217;un r\u00e9sident local. Vous serez accompagn\u00e9 d&#8217;un chauffeur\/guide priv\u00e9 et d&#8217;un guide touristique officiel dans un v\u00e9hicule de luxe.<\/p>\n<p><strong>Que faut-il voir \u00e0 Anaheim ?<\/strong><\/p>\n<p>Anaheim est une ville situ\u00e9e \u00e0 la p\u00e9riph\u00e9rie de Los Angeles, dans le sud de la Californie. Vous serez \u00e9tonn\u00e9 de voir tout ce qu&#8217;elle a \u00e0 offrir. Outre les parcs Disneyland, Anaheim compte des \u00e9quipes de sport professionnel, des centres de congr\u00e8s, des centres commerciaux et d&#8217;excellents restaurants. C&#8217;est une ville qui a autant \u00e0 offrir que n&#8217;importe laquelle des villes les plus populaires des \u00c9tats-Unis.<br \/>\nProfitez de cette occasion unique et d\u00e9couvrez une ville qui ne cesse de se d\u00e9velopper. Contactez Tour Travel &amp; More pour plus d&#8217;informations et pour personnaliser votre propre exp\u00e9rience.<\/p>\n<p><strong>O\u00f9 commence la visite priv\u00e9e ?<\/strong><\/p>\n<p>Nous vous recommandons donc de vous d\u00e9tendre et de nous dire o\u00f9 nous viendrons vous chercher dans notre transport luxueux et priv\u00e9.<\/p>\n<h2>Points d&#8217;int\u00e9r\u00eat \u00e0 Anaheim<\/h2>\n<p>Apr\u00e8s une prise en charge priv\u00e9e \u00e0 votre h\u00f4tel ou au lieu de votre choix \u00e0 Anaheim, vous serez pr\u00eat \u00e0 commencer cette visite priv\u00e9e de 4 heures. Tous nos guides sont des guides touristiques agr\u00e9\u00e9s, experts en histoire, patrimoine et secrets de la ville.<\/p>\n<p>Au cours de cette visite priv\u00e9e d&#8217;Anaheim, vous pourrez visiter les lieux suivants :<\/p>\n<ul>\n<li>Centre de convention d&#8217;Anaheim<\/li>\n<li>Angel Stadium d&#8217;Anaheim<\/li>\n<li>March\u00e9 d&#8217;Anaheim<\/li>\n<li>Centre Honda<\/li>\n<li>Citrus park<\/li>\n<li>Anaheim Plaza<\/li>\n<li>City National Grove d&#8217;Anaheim<\/li>\n<li>Parc Boysen<\/li>\n<li>The Rock Church Anaheim &#8211; The Word Center Et bien plus encore !<\/li>\n<\/ul>\n<p>Votre chauffeur priv\u00e9 et votre guide officiel seront \u00e0 votre enti\u00e8re disposition pour une visite de 4 heures. Si vous le souhaitez, nous pouvons ajouter plus d&#8217;heures \u00e0 votre exp\u00e9rience ou m\u00eame en faire une visite d&#8217;une journ\u00e9e enti\u00e8re.<br \/>\nEnfin, apr\u00e8s une visite d&#8217;une demi-journ\u00e9e, votre chauffeur priv\u00e9 et votre guide vous ram\u00e8neront \u00e0 votre h\u00f4tel d&#8217;Anaheim.<\/p>\n<p>Croyez-nous quand nous vous disons que cette visite priv\u00e9e d&#8217;Anaheim est quelque chose que vous ne voulez absolument pas manquer. Profitez-en et personnalisez votre exp\u00e9rience priv\u00e9e, c&#8217;est un tour que vous n&#8217;oublierez jamais !<\/p>\n<p><button style=\"width: auto; height: auto; background-image: url('data:image\/png;base64,iVBORw0KGgoAAAANSUhEUgAAADAAAAAwCAYAAABXAvmHAAABS2lUWHRYTUw6Y29tLmFkb2JlLnhtcAAAAAAAPD94cGFja2V0IGJlZ2luPSLvu78iIGlkPSJXNU0wTXBDZWhpSHpyZVN6TlRjemtjOWQiPz4KPHg6eG1wbWV0YSB4bWxuczp4PSJhZG9iZTpuczptZXRhLyIgeDp4bXB0az0iQWRvYmUgWE1QIENvcmUgNS42LWMxMzggNzkuMTU5ODI0LCAyMDE2LzA5LzE0LTAxOjA5OjAxICAgICAgICAiPgogPHJkZjpSREYgeG1sbnM6cmRmPSJodHRwOi8vd3d3LnczLm9yZy8xOTk5LzAyLzIyLXJkZi1zeW50YXgtbnMjIj4KICA8cmRmOkRlc2NyaXB0aW9uIHJkZjphYm91dD0iIi8+CiA8L3JkZjpSREY+CjwveDp4bXBtZXRhPgo8P3hwYWNrZXQgZW5kPSJyIj8+IEmuOgAAAx5JREFUaIHtmj1L81wYx39JI75AbYtgBTFTRdQGXV2cxMlPICjiakHE0cVJB5FO4uLgN1AnZ\/0EgoLQtd6tL6hJIwia9DzDg6Wxpcb7hMTe+INCz+t1\/TnJuU7OOYoQ4g8Qpz2xFSGEiNoLGVTAjtoJCWw1ag9k0eoTQgg2NzcplUp0dHRE5VNTHMdB0zTy+TydnZ21fI8Ay7K4vr4ml8uRSqVCd7IVQgjW19cpFAoYhlHLbxiBTCbD9PR06A76YXx8HNd1PXmed0BRFBzHwTTNUB3zy\/v7O7FYzJPX9i\/xr4Co0b6u0prj42Pu7u5a1unp6UHXdSYmJkgmk7ImPUgLWFlZoVQq+aqbSCSYn59ne3ubRCIhaxoI4BHSdd13Xcuy2N\/fxzCML0fNL9IjoChK7f\/p6Smjo6MNdWzb5vz8nI2NDUzTpFgsMjMzw+Xlpax5eQH1TE5OMjAw0LQsm80yNzdHNpvFtm2urq44PDxkaWlJymags9D9\/X3Lcl3X2dnZqaX39vakbYY+jS4uLtLV1QXAxcUFlUpFqr\/QBXR3d9Pf3w\/8v8J8fn6W6i90Aa7r8vT0BEAsFpOeTkMXcHJywsvLCwAjIyPSgS1QAb29vS3LHx4eyOVytfTy8rK0zUAFPD4+8vb25vm9vr5SLBY5ODjAMAzK5TIAQ0NDrK6uStsMNA7Mzs42rNfrn\/kP0uk0Z2dnaJq8+UAFfHb0M6qqsrCwwO7uLn19fYHYDFTA2tpa00isaRqDg4NMTU19a+3kh0AFbG1t1YJUWAT6EhcKhSC780Xbf5H9CoiaXwFRIy2gPng5jiPb3beRjgPDw8NYlgUQegyAAAQcHR3xccgTxNrmu0hbjMJpj32ZxkIITNOkWq16tlf8tlVVlWQy+e229UgLKJfLuK77VwI+PikjE6CqKmNjYzJdSPPvxQFVVT2HaD8JVVX5fKzdcEZWLpe5vb39cYd8ADc3Nw1nZB4B8XicdDpNPp+PJCi1wnEcUqkUmUzGk68IISp8uitRqVSoVqth+ueLJntIdtNZ6Kv9nZ9E21\/20IASbXzd5j\/MIQu2KoJrJwAAAABJRU5ErkJggg=='); background-size: 14px 14px; background-color: #000000; position: absolute; opacity: 1; z-index: 86753099; display: none; cursor: pointer; border: none; border-top-left-radius: 3px; border-top-right-radius: 3px; border-bottom-right-radius: 3px; border-bottom-left-radius: 3px; text-indent: 20px; padding: 0px 4px 0px 0px; text-align: center; font-style: normal; font-variant-caps: normal; font-weight: bold; font-stretch: normal; font-size: 11px; line-height: 20px; font-family: 'Helvetica Neue', Helvetica, sans-serif; color: #ffffff; text-transform: capitalize; -webkit-font-smoothing: antialiased; top: 1397px; left: 563px; background-position: 3px 50%; background-repeat: no-repeat no-repeat;\">plan it<\/button><\/p>\n<div id=\"gtx-trans\" style=\"position: absolute; left: 648px; top: 1166px;\">\n<div class=\"gtx-trans-icon\"><\/div>\n<\/div>\n","protected":false},"excerpt":{"rendered":"<p>Anaheim est c\u00e9l\u00e8bre pour ses incroyables parcs Disneyland, mais laissez-nous vous dire qu&#8217;il y a bien d&#8217;autres choses \u00e0 voir dans cette ville unique. Rejoignez-nous pour cette visite priv\u00e9e d&#8217;Anaheim et ayez la chance de voir la ville \u00e0 travers les yeux d&#8217;un r\u00e9sident local. Vous serez accompagn\u00e9 d&#8217;un chauffeur\/guide priv\u00e9 et d&#8217;un guide touristique officiel dans un v\u00e9hicule de luxe.<\/p>\n","protected":false},"featured_media":88279,"comment_status":"open","ping_status":"closed","template":"","meta":{"_acf_changed":false},"product_brand":[],"product_cat":[4462,4463,3547,4063],"product_tag":[],"class_list":{"0":"post-170119","1":"product","2":"type-product","3":"status-publish","4":"has-post-thumbnail","6":"product_cat-all-private-tours-and-activities-fr-8","7":"product_cat-private-sightseeing-tours-fr-15","8":"product_cat-etats-unis-fr","9":"product_cat-anaheim-fr","11":"first","12":"instock","13":"shipping-taxable","14":"purchasable","15":"product-type-simple"},"acf":[],"yoast_head":"<!-- This site is optimized with the Yoast SEO Premium plugin v25.3.1 (Yoast SEO v25.3.1) - https:\/\/yoast.com\/wordpress\/plugins\/seo\/ -->\n<title>Visite priv\u00e9e d&#039;ANAHEIM avec un guide local et un chauffeur priv\u00e9<\/title>\n<meta name=\"description\" content=\"\u2705 R\u00e9servez une \u3010 Private Tour of Anaheim \u3011 et pr\u00e9parez-vous \u00e0 visiter tous les lieux et monuments les plus embl\u00e9matiques de cette ville des \u00c9tats-Unis.\" \/>\n<meta name=\"robots\" content=\"index, follow, max-snippet:-1, max-image-preview:large, max-video-preview:-1\" \/>\n<link rel=\"canonical\" href=\"https:\/\/tourtravelandmore.com\/fr\/tours\/etats-unis-fr\/anaheim-fr\/visite-privee-danaheim\/\" \/>\n<meta property=\"og:locale\" content=\"fr_FR\" \/>\n<meta property=\"og:type\" content=\"article\" \/>\n<meta property=\"og:title\" content=\"Visite priv\u00e9e d&#039;Anaheim\" \/>\n<meta property=\"og:description\" content=\"\u2705 R\u00e9servez une \u3010 Private Tour of Anaheim \u3011 et pr\u00e9parez-vous \u00e0 visiter tous les lieux et monuments les plus embl\u00e9matiques de cette ville des \u00c9tats-Unis.\" \/>\n<meta property=\"og:url\" content=\"https:\/\/tourtravelandmore.com\/fr\/tours\/etats-unis-fr\/anaheim-fr\/visite-privee-danaheim\/\" \/>\n<meta property=\"og:site_name\" content=\"Tour Travel And More\" \/>\n<meta property=\"article:publisher\" content=\"https:\/\/www.facebook.com\/tourtravelandmore\/\" \/>\n<meta property=\"og:image\" content=\"https:\/\/tourtravelandmore.com\/wp-content\/uploads\/2020\/11\/anaheim-2-scaled.jpg\" \/>\n\t<meta property=\"og:image:width\" content=\"2560\" \/>\n\t<meta property=\"og:image:height\" content=\"1920\" \/>\n\t<meta property=\"og:image:type\" content=\"image\/jpeg\" \/>\n<meta name=\"twitter:card\" content=\"summary_large_image\" \/>\n<meta name=\"twitter:site\" content=\"@TourTravel_More\" \/>\n<meta name=\"twitter:label1\" content=\"Dur\u00e9e de lecture estim\u00e9e\" \/>\n\t<meta name=\"twitter:data1\" content=\"2 minutes\" \/>\n<script type=\"application\/ld+json\" class=\"yoast-schema-graph\">{\"@context\":\"https:\/\/schema.org\",\"@graph\":[{\"@type\":\"WebPage\",\"@id\":\"https:\/\/tourtravelandmore.com\/fr\/tours\/etats-unis-fr\/anaheim-fr\/visite-privee-danaheim\/\",\"url\":\"https:\/\/tourtravelandmore.com\/fr\/tours\/etats-unis-fr\/anaheim-fr\/visite-privee-danaheim\/\",\"name\":\"Visite priv\u00e9e d'ANAHEIM avec un guide local et un chauffeur priv\u00e9\",\"isPartOf\":{\"@id\":\"https:\/\/tourtravelandmore.com\/fr\/#website\"},\"primaryImageOfPage\":{\"@id\":\"https:\/\/tourtravelandmore.com\/fr\/tours\/etats-unis-fr\/anaheim-fr\/visite-privee-danaheim\/#primaryimage\"},\"image\":{\"@id\":\"https:\/\/tourtravelandmore.com\/fr\/tours\/etats-unis-fr\/anaheim-fr\/visite-privee-danaheim\/#primaryimage\"},\"thumbnailUrl\":\"https:\/\/tourtravelandmore.com\/wp-content\/uploads\/2020\/11\/anaheim-2-scaled.jpg\",\"datePublished\":\"2020-11-27T10:30:58+00:00\",\"description\":\"\u2705 R\u00e9servez une \u3010 Private Tour of Anaheim \u3011 et pr\u00e9parez-vous \u00e0 visiter tous les lieux et monuments les plus embl\u00e9matiques de cette ville des \u00c9tats-Unis.\",\"breadcrumb\":{\"@id\":\"https:\/\/tourtravelandmore.com\/fr\/tours\/etats-unis-fr\/anaheim-fr\/visite-privee-danaheim\/#breadcrumb\"},\"inLanguage\":\"fr-FR\",\"potentialAction\":[{\"@type\":\"ReadAction\",\"target\":[\"https:\/\/tourtravelandmore.com\/fr\/tours\/etats-unis-fr\/anaheim-fr\/visite-privee-danaheim\/\"]}]},{\"@type\":\"ImageObject\",\"inLanguage\":\"fr-FR\",\"@id\":\"https:\/\/tourtravelandmore.com\/fr\/tours\/etats-unis-fr\/anaheim-fr\/visite-privee-danaheim\/#primaryimage\",\"url\":\"https:\/\/tourtravelandmore.com\/wp-content\/uploads\/2020\/11\/anaheim-2-scaled.jpg\",\"contentUrl\":\"https:\/\/tourtravelandmore.com\/wp-content\/uploads\/2020\/11\/anaheim-2-scaled.jpg\",\"width\":2560,\"height\":1920,\"caption\":\"OLYMPUS DIGITAL CAMERA\"},{\"@type\":\"BreadcrumbList\",\"@id\":\"https:\/\/tourtravelandmore.com\/fr\/tours\/etats-unis-fr\/anaheim-fr\/visite-privee-danaheim\/#breadcrumb\",\"itemListElement\":[{\"@type\":\"ListItem\",\"position\":1,\"name\":\"Home\",\"item\":\"https:\/\/tourtravelandmore.com\/fr\/\"},{\"@type\":\"ListItem\",\"position\":2,\"name\":\"Tours\",\"item\":\"https:\/\/tourtravelandmore.com\/fr\/tours\/\"},{\"@type\":\"ListItem\",\"position\":3,\"name\":\"Visite priv\u00e9e d&#8217;Anaheim\"}]},{\"@type\":\"WebSite\",\"@id\":\"https:\/\/tourtravelandmore.com\/fr\/#website\",\"url\":\"https:\/\/tourtravelandmore.com\/fr\/\",\"name\":\"Tour Travel And More\",\"description\":\"Private sightseeing tours and luxury transfers in Spain\",\"publisher\":{\"@id\":\"https:\/\/tourtravelandmore.com\/fr\/#organization\"},\"potentialAction\":[{\"@type\":\"SearchAction\",\"target\":{\"@type\":\"EntryPoint\",\"urlTemplate\":\"https:\/\/tourtravelandmore.com\/fr\/?s={search_term_string}\"},\"query-input\":{\"@type\":\"PropertyValueSpecification\",\"valueRequired\":true,\"valueName\":\"search_term_string\"}}],\"inLanguage\":\"fr-FR\"},{\"@type\":\"Organization\",\"@id\":\"https:\/\/tourtravelandmore.com\/fr\/#organization\",\"name\":\"Tour Travel And More\",\"url\":\"https:\/\/tourtravelandmore.com\/fr\/\",\"logo\":{\"@type\":\"ImageObject\",\"inLanguage\":\"fr-FR\",\"@id\":\"https:\/\/tourtravelandmore.com\/fr\/#\/schema\/logo\/image\/\",\"url\":\"https:\/\/tourtravelandmore.com\/wp-content\/uploads\/2022\/12\/cropped-logo-cabecera-new.png\",\"contentUrl\":\"https:\/\/tourtravelandmore.com\/wp-content\/uploads\/2022\/12\/cropped-logo-cabecera-new.png\",\"width\":430,\"height\":61,\"caption\":\"Tour Travel And More\"},\"image\":{\"@id\":\"https:\/\/tourtravelandmore.com\/fr\/#\/schema\/logo\/image\/\"},\"sameAs\":[\"https:\/\/www.facebook.com\/tourtravelandmore\/\",\"https:\/\/x.com\/TourTravel_More\"]}]}<\/script>\n<!-- \/ Yoast SEO Premium plugin. -->","yoast_head_json":{"title":"Visite priv\u00e9e d'ANAHEIM avec un guide local et un chauffeur priv\u00e9","description":"\u2705 R\u00e9servez une \u3010 Private Tour of Anaheim \u3011 et pr\u00e9parez-vous \u00e0 visiter tous les lieux et monuments les plus embl\u00e9matiques de cette ville des \u00c9tats-Unis.","robots":{"index":"index","follow":"follow","max-snippet":"max-snippet:-1","max-image-preview":"max-image-preview:large","max-video-preview":"max-video-preview:-1"},"canonical":"https:\/\/tourtravelandmore.com\/fr\/tours\/etats-unis-fr\/anaheim-fr\/visite-privee-danaheim\/","og_locale":"fr_FR","og_type":"article","og_title":"Visite priv\u00e9e d'Anaheim","og_description":"\u2705 R\u00e9servez une \u3010 Private Tour of Anaheim \u3011 et pr\u00e9parez-vous \u00e0 visiter tous les lieux et monuments les plus embl\u00e9matiques de cette ville des \u00c9tats-Unis.","og_url":"https:\/\/tourtravelandmore.com\/fr\/tours\/etats-unis-fr\/anaheim-fr\/visite-privee-danaheim\/","og_site_name":"Tour Travel And More","article_publisher":"https:\/\/www.facebook.com\/tourtravelandmore\/","og_image":[{"width":2560,"height":1920,"url":"https:\/\/tourtravelandmore.com\/wp-content\/uploads\/2020\/11\/anaheim-2-scaled.jpg","type":"image\/jpeg"}],"twitter_card":"summary_large_image","twitter_site":"@TourTravel_More","twitter_misc":{"Dur\u00e9e de lecture estim\u00e9e":"2 minutes"},"schema":{"@context":"https:\/\/schema.org","@graph":[{"@type":"WebPage","@id":"https:\/\/tourtravelandmore.com\/fr\/tours\/etats-unis-fr\/anaheim-fr\/visite-privee-danaheim\/","url":"https:\/\/tourtravelandmore.com\/fr\/tours\/etats-unis-fr\/anaheim-fr\/visite-privee-danaheim\/","name":"Visite priv\u00e9e d'ANAHEIM avec un guide local et un chauffeur priv\u00e9","isPartOf":{"@id":"https:\/\/tourtravelandmore.com\/fr\/#website"},"primaryImageOfPage":{"@id":"https:\/\/tourtravelandmore.com\/fr\/tours\/etats-unis-fr\/anaheim-fr\/visite-privee-danaheim\/#primaryimage"},"image":{"@id":"https:\/\/tourtravelandmore.com\/fr\/tours\/etats-unis-fr\/anaheim-fr\/visite-privee-danaheim\/#primaryimage"},"thumbnailUrl":"https:\/\/tourtravelandmore.com\/wp-content\/uploads\/2020\/11\/anaheim-2-scaled.jpg","datePublished":"2020-11-27T10:30:58+00:00","description":"\u2705 R\u00e9servez une \u3010 Private Tour of Anaheim \u3011 et pr\u00e9parez-vous \u00e0 visiter tous les lieux et monuments les plus embl\u00e9matiques de cette ville des \u00c9tats-Unis.","breadcrumb":{"@id":"https:\/\/tourtravelandmore.com\/fr\/tours\/etats-unis-fr\/anaheim-fr\/visite-privee-danaheim\/#breadcrumb"},"inLanguage":"fr-FR","potentialAction":[{"@type":"ReadAction","target":["https:\/\/tourtravelandmore.com\/fr\/tours\/etats-unis-fr\/anaheim-fr\/visite-privee-danaheim\/"]}]},{"@type":"ImageObject","inLanguage":"fr-FR","@id":"https:\/\/tourtravelandmore.com\/fr\/tours\/etats-unis-fr\/anaheim-fr\/visite-privee-danaheim\/#primaryimage","url":"https:\/\/tourtravelandmore.com\/wp-content\/uploads\/2020\/11\/anaheim-2-scaled.jpg","contentUrl":"https:\/\/tourtravelandmore.com\/wp-content\/uploads\/2020\/11\/anaheim-2-scaled.jpg","width":2560,"height":1920,"caption":"OLYMPUS DIGITAL CAMERA"},{"@type":"BreadcrumbList","@id":"https:\/\/tourtravelandmore.com\/fr\/tours\/etats-unis-fr\/anaheim-fr\/visite-privee-danaheim\/#breadcrumb","itemListElement":[{"@type":"ListItem","position":1,"name":"Home","item":"https:\/\/tourtravelandmore.com\/fr\/"},{"@type":"ListItem","position":2,"name":"Tours","item":"https:\/\/tourtravelandmore.com\/fr\/tours\/"},{"@type":"ListItem","position":3,"name":"Visite priv\u00e9e d&#8217;Anaheim"}]},{"@type":"WebSite","@id":"https:\/\/tourtravelandmore.com\/fr\/#website","url":"https:\/\/tourtravelandmore.com\/fr\/","name":"Tour Travel And More","description":"Private sightseeing tours and luxury transfers in Spain","publisher":{"@id":"https:\/\/tourtravelandmore.com\/fr\/#organization"},"potentialAction":[{"@type":"SearchAction","target":{"@type":"EntryPoint","urlTemplate":"https:\/\/tourtravelandmore.com\/fr\/?s={search_term_string}"},"query-input":{"@type":"PropertyValueSpecification","valueRequired":true,"valueName":"search_term_string"}}],"inLanguage":"fr-FR"},{"@type":"Organization","@id":"https:\/\/tourtravelandmore.com\/fr\/#organization","name":"Tour Travel And More","url":"https:\/\/tourtravelandmore.com\/fr\/","logo":{"@type":"ImageObject","inLanguage":"fr-FR","@id":"https:\/\/tourtravelandmore.com\/fr\/#\/schema\/logo\/image\/","url":"https:\/\/tourtravelandmore.com\/wp-content\/uploads\/2022\/12\/cropped-logo-cabecera-new.png","contentUrl":"https:\/\/tourtravelandmore.com\/wp-content\/uploads\/2022\/12\/cropped-logo-cabecera-new.png","width":430,"height":61,"caption":"Tour Travel And More"},"image":{"@id":"https:\/\/tourtravelandmore.com\/fr\/#\/schema\/logo\/image\/"},"sameAs":["https:\/\/www.facebook.com\/tourtravelandmore\/","https:\/\/x.com\/TourTravel_More"]}]}},"_links":{"self":[{"href":"https:\/\/tourtravelandmore.com\/fr\/wp-json\/wp\/v2\/product\/170119","targetHints":{"allow":["GET"]}}],"collection":[{"href":"https:\/\/tourtravelandmore.com\/fr\/wp-json\/wp\/v2\/product"}],"about":[{"href":"https:\/\/tourtravelandmore.com\/fr\/wp-json\/wp\/v2\/types\/product"}],"replies":[{"embeddable":true,"href":"https:\/\/tourtravelandmore.com\/fr\/wp-json\/wp\/v2\/comments?post=170119"}],"wp:featuredmedia":[{"embeddable":true,"href":"https:\/\/tourtravelandmore.com\/fr\/wp-json\/wp\/v2\/media\/88279"}],"wp:attachment":[{"href":"https:\/\/tourtravelandmore.com\/fr\/wp-json\/wp\/v2\/media?parent=170119"}],"wp:term":[{"taxonomy":"product_brand","embeddable":true,"href":"https:\/\/tourtravelandmore.com\/fr\/wp-json\/wp\/v2\/product_brand?post=170119"},{"taxonomy":"product_cat","embeddable":true,"href":"https:\/\/tourtravelandmore.com\/fr\/wp-json\/wp\/v2\/product_cat?post=170119"},{"taxonomy":"product_tag","embeddable":true,"href":"https:\/\/tourtravelandmore.com\/fr\/wp-json\/wp\/v2\/product_tag?post=170119"}],"curies":[{"name":"wp","href":"https:\/\/api.w.org\/{rel}","templated":true}]}}