{"id":170003,"date":"2023-09-15T19:21:11","date_gmt":"2023-09-15T17:21:24","guid":{"rendered":"https:\/\/tourtravelandmore.com\/?post_type=product&#038;p=170003"},"modified":"2023-09-15T20:41:39","modified_gmt":"2023-09-15T18:41:39","slug":"excursion-privee-a-ouarzazate-et-ait-benhaddou-au-depart-de-marrakech","status":"publish","type":"product","link":"https:\/\/tourtravelandmore.com\/fr\/tours\/maroc-fr\/marrakech-fr\/excursion-privee-a-ouarzazate-et-ait-benhaddou-au-depart-de-marrakech\/","title":{"rendered":"Excursion priv\u00e9e \u00e0 Ouarzazate et Ait Benhaddou au d\u00e9part de Marrakech"},"content":{"rendered":"<h2>Description Excursion priv\u00e9e \u00e0 Ouarzazate et Ait Benhaddou au d\u00e9part de Marrakech<\/h2>\n<p>Embarquez pour une excursion priv\u00e9e d&#8217;une journ\u00e9e \u00e0 Ouarzazate et Ait Benhaddou au d\u00e9part de Marrakech. D\u00e9couvrez les paysages \u00e9poustouflants et la riche histoire du Maroc. Accompagn\u00e9 d&#8217;un chauffeur anglophone et d&#8217;un guide local \u00e0 Ait Benhaddou, ce voyage de 11 heures vous emm\u00e8nera \u00e0 travers une campagne pittoresque et vous permettra d&#8217;explorer deux destinations embl\u00e9matiques.<\/p>\n<p>D\u00e9couvrez tout d&#8217;abord la magie de Ouarzazate et d&#8217;Ait Benhaddou lors de cette inoubliable excursion d&#8217;une journ\u00e9e au d\u00e9part de Marrakech. Plongez dans l&#8217;histoire, la culture et les paysages \u00e9poustouflants du Maroc et cr\u00e9ez des souvenirs inoubliables.<\/p>\n<p>R\u00e9servez votre excursion priv\u00e9e d\u00e8s aujourd&#8217;hui pour vivre une exp\u00e9rience enrichissante et aventureuse. Tour Travel and More vous offre la meilleure fa\u00e7on de profiter de votre voyage !<\/p>\n<h2>Sites d&#8217;int\u00e9r\u00eat et monuments<\/h2>\n<p>Tout d&#8217;abord, commencez votre journ\u00e9e t\u00f4t lorsque votre sympathique chauffeur anglophone vient vous chercher \u00e0 votre h\u00e9bergement \u00e0 Marrakech. Installez-vous dans un v\u00e9hicule confortable, pr\u00e9par\u00e9 pour une journ\u00e9e de voyage, et pr\u00e9parez-vous \u00e0 une journ\u00e9e d&#8217;exploration.<\/p>\n<p>\u00c0 votre arriv\u00e9e \u00e0 Ouarzazate, surnomm\u00e9e le &#8220;Hollywood du Maroc&#8221;, vous aurez l&#8217;occasion d&#8217;explorer cette charmante ville \u00e0 votre rythme. Visitez ensuite les Atlas Film Studios, c\u00e9l\u00e8bres pour le tournage de nombreux films et s\u00e9ries t\u00e9l\u00e9vis\u00e9es, dont Game of Thrones. D\u00e9couvrez la Kasbah de Taourirt, class\u00e9e au patrimoine mondial de l&#8217;UNESCO, et apprenez l&#8217;histoire de la r\u00e9gion.<\/p>\n<p>Apr\u00e8s le d\u00e9jeuner, votre chauffeur vous emm\u00e8nera sur une route panoramique vers l&#8217;ancien village d&#8217;Ait Benhaddou, un ksar (village fortifi\u00e9) bien pr\u00e9serv\u00e9 et un autre site du patrimoine mondial de l&#8217;UNESCO. En chemin, vous verrez les paysages changeants du d\u00e9sert, ce qui vous offrira d&#8217;excellentes occasions de prendre des photos.<\/p>\n<p>Enfin, \u00e0 l&#8217;arriv\u00e9e \u00e0 Ait Benhaddou, un guide local comp\u00e9tent vous conduira \u00e0 travers les rues \u00e9troites et sinueuses de ce village historique. D\u00e9couvrez son histoire et son architecture fascinantes, et impr\u00e9gnez-vous de l&#8217;atmosph\u00e8re de cette ancienne oasis du d\u00e9sert.<\/p>\n<p>Votre visite priv\u00e9e se termine \u00e0 votre retour \u00e0 Marrakech. Votre chauffeur vous d\u00e9posera \u00e0 votre h\u00e9bergement ou \u00e0 l&#8217;endroit de votre choix, marquant ainsi la fin d&#8217;une journ\u00e9e m\u00e9morable.<\/p>\n<p>Jetez un coup d&#8217;\u0153il \u00e0 nos autres circuits priv\u00e9s \u00e0 Marrakech et aux autres exp\u00e9riences que nous pouvons vous offrir !<\/p>\n","protected":false},"excerpt":{"rendered":"<p>Embarquez pour une excursion priv\u00e9e d&#8217;une journ\u00e9e \u00e0 Ouarzazate et Ait Benhaddou au d\u00e9part de Marrakech. D\u00e9couvrez les paysages \u00e9poustouflants et la riche histoire du Maroc. Accompagn\u00e9 d&#8217;un chauffeur anglophone et d&#8217;un guide local \u00e0 Ait Benhaddou, ce voyage de 11 heures vous emm\u00e8nera \u00e0 travers une campagne pittoresque et vous permettra d&#8217;explorer deux destinations embl\u00e9matiques.<\/p>\n<p>&nbsp;<\/p>\n","protected":false},"featured_media":170013,"comment_status":"open","ping_status":"closed","template":"","meta":{"_acf_changed":false},"product_brand":[],"product_cat":[4401,4403,3726,3820],"product_tag":[],"class_list":{"0":"post-170003","1":"product","2":"type-product","3":"status-publish","4":"has-post-thumbnail","6":"product_cat-all-private-tours-activities-fr-7","7":"product_cat-private-day-trips-fr-13","8":"product_cat-maroc-fr","9":"product_cat-marrakech-fr","11":"first","12":"instock","13":"shipping-taxable","14":"purchasable","15":"product-type-simple"},"acf":[],"yoast_head":"<!-- This site is optimized with the Yoast SEO Premium plugin v25.3.1 (Yoast SEO v25.3.1) - https:\/\/yoast.com\/wordpress\/plugins\/seo\/ -->\n<title>Excursion priv\u00e9e \u00e0 Ouarzazate et Ait Benhaddou au d\u00e9part de Marrakech | TTM<\/title>\n<meta name=\"description\" content=\"Profitez de cette Excursion priv\u00e9e \u00e0 Ouarzazate et Ait Benhaddou au d\u00e9part de Marrakech . Entr\u00e9es aux principaux sites de la m\u00e9dina incluses.\" \/>\n<meta name=\"robots\" content=\"index, follow, max-snippet:-1, max-image-preview:large, max-video-preview:-1\" \/>\n<link rel=\"canonical\" href=\"https:\/\/tourtravelandmore.com\/fr\/tours\/maroc-fr\/marrakech-fr\/excursion-privee-a-ouarzazate-et-ait-benhaddou-au-depart-de-marrakech\/\" \/>\n<meta property=\"og:locale\" content=\"fr_FR\" \/>\n<meta property=\"og:type\" content=\"article\" \/>\n<meta property=\"og:title\" content=\"Excursion priv\u00e9e \u00e0 Ouarzazate et Ait Benhaddou au d\u00e9part de Marrakech\" \/>\n<meta property=\"og:description\" content=\"Profitez de cette Excursion priv\u00e9e \u00e0 Ouarzazate et Ait Benhaddou au d\u00e9part de Marrakech . Entr\u00e9es aux principaux sites de la m\u00e9dina incluses.\" \/>\n<meta property=\"og:url\" content=\"https:\/\/tourtravelandmore.com\/fr\/tours\/maroc-fr\/marrakech-fr\/excursion-privee-a-ouarzazate-et-ait-benhaddou-au-depart-de-marrakech\/\" \/>\n<meta property=\"og:site_name\" content=\"Tour Travel And More\" \/>\n<meta property=\"article:publisher\" content=\"https:\/\/www.facebook.com\/tourtravelandmore\/\" \/>\n<meta property=\"article:modified_time\" content=\"2023-09-15T18:41:39+00:00\" \/>\n<meta property=\"og:image\" content=\"https:\/\/tourtravelandmore.com\/wp-content\/uploads\/2023\/09\/active-treks-morocco-Ourika-Waterfalls-Day-Trip-02.jpg\" \/>\n\t<meta property=\"og:image:width\" content=\"1280\" \/>\n\t<meta property=\"og:image:height\" content=\"835\" \/>\n\t<meta property=\"og:image:type\" content=\"image\/jpeg\" \/>\n<meta name=\"twitter:card\" content=\"summary_large_image\" \/>\n<meta name=\"twitter:site\" content=\"@TourTravel_More\" \/>\n<meta name=\"twitter:label1\" content=\"Dur\u00e9e de lecture estim\u00e9e\" \/>\n\t<meta name=\"twitter:data1\" content=\"2 minutes\" \/>\n<script type=\"application\/ld+json\" class=\"yoast-schema-graph\">{\"@context\":\"https:\/\/schema.org\",\"@graph\":[{\"@type\":\"WebPage\",\"@id\":\"https:\/\/tourtravelandmore.com\/fr\/tours\/maroc-fr\/marrakech-fr\/excursion-privee-a-ouarzazate-et-ait-benhaddou-au-depart-de-marrakech\/\",\"url\":\"https:\/\/tourtravelandmore.com\/fr\/tours\/maroc-fr\/marrakech-fr\/excursion-privee-a-ouarzazate-et-ait-benhaddou-au-depart-de-marrakech\/\",\"name\":\"Excursion priv\u00e9e \u00e0 Ouarzazate et Ait Benhaddou au d\u00e9part de Marrakech | TTM\",\"isPartOf\":{\"@id\":\"https:\/\/tourtravelandmore.com\/fr\/#website\"},\"primaryImageOfPage\":{\"@id\":\"https:\/\/tourtravelandmore.com\/fr\/tours\/maroc-fr\/marrakech-fr\/excursion-privee-a-ouarzazate-et-ait-benhaddou-au-depart-de-marrakech\/#primaryimage\"},\"image\":{\"@id\":\"https:\/\/tourtravelandmore.com\/fr\/tours\/maroc-fr\/marrakech-fr\/excursion-privee-a-ouarzazate-et-ait-benhaddou-au-depart-de-marrakech\/#primaryimage\"},\"thumbnailUrl\":\"https:\/\/tourtravelandmore.com\/wp-content\/uploads\/2023\/09\/active-treks-morocco-Ourika-Waterfalls-Day-Trip-02.jpg\",\"datePublished\":\"2023-09-15T17:21:24+00:00\",\"dateModified\":\"2023-09-15T18:41:39+00:00\",\"description\":\"Profitez de cette Excursion priv\u00e9e \u00e0 Ouarzazate et Ait Benhaddou au d\u00e9part de Marrakech . Entr\u00e9es aux principaux sites de la m\u00e9dina incluses.\",\"breadcrumb\":{\"@id\":\"https:\/\/tourtravelandmore.com\/fr\/tours\/maroc-fr\/marrakech-fr\/excursion-privee-a-ouarzazate-et-ait-benhaddou-au-depart-de-marrakech\/#breadcrumb\"},\"inLanguage\":\"fr-FR\",\"potentialAction\":[{\"@type\":\"ReadAction\",\"target\":[\"https:\/\/tourtravelandmore.com\/fr\/tours\/maroc-fr\/marrakech-fr\/excursion-privee-a-ouarzazate-et-ait-benhaddou-au-depart-de-marrakech\/\"]}]},{\"@type\":\"ImageObject\",\"inLanguage\":\"fr-FR\",\"@id\":\"https:\/\/tourtravelandmore.com\/fr\/tours\/maroc-fr\/marrakech-fr\/excursion-privee-a-ouarzazate-et-ait-benhaddou-au-depart-de-marrakech\/#primaryimage\",\"url\":\"https:\/\/tourtravelandmore.com\/wp-content\/uploads\/2023\/09\/active-treks-morocco-Ourika-Waterfalls-Day-Trip-02.jpg\",\"contentUrl\":\"https:\/\/tourtravelandmore.com\/wp-content\/uploads\/2023\/09\/active-treks-morocco-Ourika-Waterfalls-Day-Trip-02.jpg\",\"width\":1280,\"height\":835},{\"@type\":\"BreadcrumbList\",\"@id\":\"https:\/\/tourtravelandmore.com\/fr\/tours\/maroc-fr\/marrakech-fr\/excursion-privee-a-ouarzazate-et-ait-benhaddou-au-depart-de-marrakech\/#breadcrumb\",\"itemListElement\":[{\"@type\":\"ListItem\",\"position\":1,\"name\":\"Home\",\"item\":\"https:\/\/tourtravelandmore.com\/fr\/\"},{\"@type\":\"ListItem\",\"position\":2,\"name\":\"Tours\",\"item\":\"https:\/\/tourtravelandmore.com\/fr\/tours\/\"},{\"@type\":\"ListItem\",\"position\":3,\"name\":\"Excursion priv\u00e9e \u00e0 Ouarzazate et Ait Benhaddou au d\u00e9part de Marrakech\"}]},{\"@type\":\"WebSite\",\"@id\":\"https:\/\/tourtravelandmore.com\/fr\/#website\",\"url\":\"https:\/\/tourtravelandmore.com\/fr\/\",\"name\":\"Tour Travel And More\",\"description\":\"Private sightseeing tours and luxury transfers in Spain\",\"publisher\":{\"@id\":\"https:\/\/tourtravelandmore.com\/fr\/#organization\"},\"potentialAction\":[{\"@type\":\"SearchAction\",\"target\":{\"@type\":\"EntryPoint\",\"urlTemplate\":\"https:\/\/tourtravelandmore.com\/fr\/?s={search_term_string}\"},\"query-input\":{\"@type\":\"PropertyValueSpecification\",\"valueRequired\":true,\"valueName\":\"search_term_string\"}}],\"inLanguage\":\"fr-FR\"},{\"@type\":\"Organization\",\"@id\":\"https:\/\/tourtravelandmore.com\/fr\/#organization\",\"name\":\"Tour Travel And More\",\"url\":\"https:\/\/tourtravelandmore.com\/fr\/\",\"logo\":{\"@type\":\"ImageObject\",\"inLanguage\":\"fr-FR\",\"@id\":\"https:\/\/tourtravelandmore.com\/fr\/#\/schema\/logo\/image\/\",\"url\":\"https:\/\/tourtravelandmore.com\/wp-content\/uploads\/2022\/12\/cropped-logo-cabecera-new.png\",\"contentUrl\":\"https:\/\/tourtravelandmore.com\/wp-content\/uploads\/2022\/12\/cropped-logo-cabecera-new.png\",\"width\":430,\"height\":61,\"caption\":\"Tour Travel And More\"},\"image\":{\"@id\":\"https:\/\/tourtravelandmore.com\/fr\/#\/schema\/logo\/image\/\"},\"sameAs\":[\"https:\/\/www.facebook.com\/tourtravelandmore\/\",\"https:\/\/x.com\/TourTravel_More\"]}]}<\/script>\n<!-- \/ Yoast SEO Premium plugin. -->","yoast_head_json":{"title":"Excursion priv\u00e9e \u00e0 Ouarzazate et Ait Benhaddou au d\u00e9part de Marrakech | TTM","description":"Profitez de cette Excursion priv\u00e9e \u00e0 Ouarzazate et Ait Benhaddou au d\u00e9part de Marrakech . Entr\u00e9es aux principaux sites de la m\u00e9dina incluses.","robots":{"index":"index","follow":"follow","max-snippet":"max-snippet:-1","max-image-preview":"max-image-preview:large","max-video-preview":"max-video-preview:-1"},"canonical":"https:\/\/tourtravelandmore.com\/fr\/tours\/maroc-fr\/marrakech-fr\/excursion-privee-a-ouarzazate-et-ait-benhaddou-au-depart-de-marrakech\/","og_locale":"fr_FR","og_type":"article","og_title":"Excursion priv\u00e9e \u00e0 Ouarzazate et Ait Benhaddou au d\u00e9part de Marrakech","og_description":"Profitez de cette Excursion priv\u00e9e \u00e0 Ouarzazate et Ait Benhaddou au d\u00e9part de Marrakech . Entr\u00e9es aux principaux sites de la m\u00e9dina incluses.","og_url":"https:\/\/tourtravelandmore.com\/fr\/tours\/maroc-fr\/marrakech-fr\/excursion-privee-a-ouarzazate-et-ait-benhaddou-au-depart-de-marrakech\/","og_site_name":"Tour Travel And More","article_publisher":"https:\/\/www.facebook.com\/tourtravelandmore\/","article_modified_time":"2023-09-15T18:41:39+00:00","og_image":[{"width":1280,"height":835,"url":"https:\/\/tourtravelandmore.com\/wp-content\/uploads\/2023\/09\/active-treks-morocco-Ourika-Waterfalls-Day-Trip-02.jpg","type":"image\/jpeg"}],"twitter_card":"summary_large_image","twitter_site":"@TourTravel_More","twitter_misc":{"Dur\u00e9e de lecture estim\u00e9e":"2 minutes"},"schema":{"@context":"https:\/\/schema.org","@graph":[{"@type":"WebPage","@id":"https:\/\/tourtravelandmore.com\/fr\/tours\/maroc-fr\/marrakech-fr\/excursion-privee-a-ouarzazate-et-ait-benhaddou-au-depart-de-marrakech\/","url":"https:\/\/tourtravelandmore.com\/fr\/tours\/maroc-fr\/marrakech-fr\/excursion-privee-a-ouarzazate-et-ait-benhaddou-au-depart-de-marrakech\/","name":"Excursion priv\u00e9e \u00e0 Ouarzazate et Ait Benhaddou au d\u00e9part de Marrakech | TTM","isPartOf":{"@id":"https:\/\/tourtravelandmore.com\/fr\/#website"},"primaryImageOfPage":{"@id":"https:\/\/tourtravelandmore.com\/fr\/tours\/maroc-fr\/marrakech-fr\/excursion-privee-a-ouarzazate-et-ait-benhaddou-au-depart-de-marrakech\/#primaryimage"},"image":{"@id":"https:\/\/tourtravelandmore.com\/fr\/tours\/maroc-fr\/marrakech-fr\/excursion-privee-a-ouarzazate-et-ait-benhaddou-au-depart-de-marrakech\/#primaryimage"},"thumbnailUrl":"https:\/\/tourtravelandmore.com\/wp-content\/uploads\/2023\/09\/active-treks-morocco-Ourika-Waterfalls-Day-Trip-02.jpg","datePublished":"2023-09-15T17:21:24+00:00","dateModified":"2023-09-15T18:41:39+00:00","description":"Profitez de cette Excursion priv\u00e9e \u00e0 Ouarzazate et Ait Benhaddou au d\u00e9part de Marrakech . Entr\u00e9es aux principaux sites de la m\u00e9dina incluses.","breadcrumb":{"@id":"https:\/\/tourtravelandmore.com\/fr\/tours\/maroc-fr\/marrakech-fr\/excursion-privee-a-ouarzazate-et-ait-benhaddou-au-depart-de-marrakech\/#breadcrumb"},"inLanguage":"fr-FR","potentialAction":[{"@type":"ReadAction","target":["https:\/\/tourtravelandmore.com\/fr\/tours\/maroc-fr\/marrakech-fr\/excursion-privee-a-ouarzazate-et-ait-benhaddou-au-depart-de-marrakech\/"]}]},{"@type":"ImageObject","inLanguage":"fr-FR","@id":"https:\/\/tourtravelandmore.com\/fr\/tours\/maroc-fr\/marrakech-fr\/excursion-privee-a-ouarzazate-et-ait-benhaddou-au-depart-de-marrakech\/#primaryimage","url":"https:\/\/tourtravelandmore.com\/wp-content\/uploads\/2023\/09\/active-treks-morocco-Ourika-Waterfalls-Day-Trip-02.jpg","contentUrl":"https:\/\/tourtravelandmore.com\/wp-content\/uploads\/2023\/09\/active-treks-morocco-Ourika-Waterfalls-Day-Trip-02.jpg","width":1280,"height":835},{"@type":"BreadcrumbList","@id":"https:\/\/tourtravelandmore.com\/fr\/tours\/maroc-fr\/marrakech-fr\/excursion-privee-a-ouarzazate-et-ait-benhaddou-au-depart-de-marrakech\/#breadcrumb","itemListElement":[{"@type":"ListItem","position":1,"name":"Home","item":"https:\/\/tourtravelandmore.com\/fr\/"},{"@type":"ListItem","position":2,"name":"Tours","item":"https:\/\/tourtravelandmore.com\/fr\/tours\/"},{"@type":"ListItem","position":3,"name":"Excursion priv\u00e9e \u00e0 Ouarzazate et Ait Benhaddou au d\u00e9part de Marrakech"}]},{"@type":"WebSite","@id":"https:\/\/tourtravelandmore.com\/fr\/#website","url":"https:\/\/tourtravelandmore.com\/fr\/","name":"Tour Travel And More","description":"Private sightseeing tours and luxury transfers in Spain","publisher":{"@id":"https:\/\/tourtravelandmore.com\/fr\/#organization"},"potentialAction":[{"@type":"SearchAction","target":{"@type":"EntryPoint","urlTemplate":"https:\/\/tourtravelandmore.com\/fr\/?s={search_term_string}"},"query-input":{"@type":"PropertyValueSpecification","valueRequired":true,"valueName":"search_term_string"}}],"inLanguage":"fr-FR"},{"@type":"Organization","@id":"https:\/\/tourtravelandmore.com\/fr\/#organization","name":"Tour Travel And More","url":"https:\/\/tourtravelandmore.com\/fr\/","logo":{"@type":"ImageObject","inLanguage":"fr-FR","@id":"https:\/\/tourtravelandmore.com\/fr\/#\/schema\/logo\/image\/","url":"https:\/\/tourtravelandmore.com\/wp-content\/uploads\/2022\/12\/cropped-logo-cabecera-new.png","contentUrl":"https:\/\/tourtravelandmore.com\/wp-content\/uploads\/2022\/12\/cropped-logo-cabecera-new.png","width":430,"height":61,"caption":"Tour Travel And More"},"image":{"@id":"https:\/\/tourtravelandmore.com\/fr\/#\/schema\/logo\/image\/"},"sameAs":["https:\/\/www.facebook.com\/tourtravelandmore\/","https:\/\/x.com\/TourTravel_More"]}]}},"_links":{"self":[{"href":"https:\/\/tourtravelandmore.com\/fr\/wp-json\/wp\/v2\/product\/170003","targetHints":{"allow":["GET"]}}],"collection":[{"href":"https:\/\/tourtravelandmore.com\/fr\/wp-json\/wp\/v2\/product"}],"about":[{"href":"https:\/\/tourtravelandmore.com\/fr\/wp-json\/wp\/v2\/types\/product"}],"replies":[{"embeddable":true,"href":"https:\/\/tourtravelandmore.com\/fr\/wp-json\/wp\/v2\/comments?post=170003"}],"wp:featuredmedia":[{"embeddable":true,"href":"https:\/\/tourtravelandmore.com\/fr\/wp-json\/wp\/v2\/media\/170013"}],"wp:attachment":[{"href":"https:\/\/tourtravelandmore.com\/fr\/wp-json\/wp\/v2\/media?parent=170003"}],"wp:term":[{"taxonomy":"product_brand","embeddable":true,"href":"https:\/\/tourtravelandmore.com\/fr\/wp-json\/wp\/v2\/product_brand?post=170003"},{"taxonomy":"product_cat","embeddable":true,"href":"https:\/\/tourtravelandmore.com\/fr\/wp-json\/wp\/v2\/product_cat?post=170003"},{"taxonomy":"product_tag","embeddable":true,"href":"https:\/\/tourtravelandmore.com\/fr\/wp-json\/wp\/v2\/product_tag?post=170003"}],"curies":[{"name":"wp","href":"https:\/\/api.w.org\/{rel}","templated":true}]}}