{"id":169856,"date":"2023-09-01T14:14:37","date_gmt":"2023-09-01T12:14:43","guid":{"rendered":"https:\/\/tourtravelandmore.com\/?post_type=product&#038;p=169856"},"modified":"2023-09-01T16:14:29","modified_gmt":"2023-09-01T14:14:29","slug":"tour-private-gastronomique-de-la-ville-de-genes","status":"publish","type":"product","link":"https:\/\/tourtravelandmore.com\/fr\/tours\/italie-fr\/genoa-fr\/toutes-les-visites-privees-activites\/tour-private-gastronomique-de-la-ville-de-genes\/","title":{"rendered":"Tour Private Gastronomique de la ville de G\u00eanes"},"content":{"rendered":"<h2><b>Description du Tour Gastronomique de la ville de G\u00eanes :<\/b><\/h2>\n<p><span style=\"font-weight: 400;\">D\u00e9couvrez le pouls culinaire de G\u00eanes avec notre exquis Tour Gastronomique de 3 heures. Plongez dans les profondeurs de cette ville historique et laissez vos sens \u00eatre envo\u00fbt\u00e9s. En vous promenant dans les antiques ruelles sinueuses, berc\u00e9es par les sons des bavardages anim\u00e9s et les ar\u00f4mes des plats traditionnels, notre guide priv\u00e9 sera \u00e0 vos c\u00f4t\u00e9s, vous immergeant dans les r\u00e9cits et anecdotes qui dressent un portrait vivant du patrimoine gastronomique de G\u00eanes. Connue comme le berceau de nombreux plats renomm\u00e9s et ingr\u00e9dients v\u00e9n\u00e9r\u00e9s, G\u00eanes offre plus qu&#8217;une simple rencontre culinaire ; elle d\u00e9voile une mosa\u00efque d&#8217;histoires, de saveurs et de traditions. Des collines verdoyantes o\u00f9 pousse en abondance le basilic frais, donnant naissance au c\u00e9l\u00e8bre pesto g\u00e9nois, aux tavernes cach\u00e9es servant des vins locaux qui r\u00e9sonnent des murmures de la terre, chaque arr\u00eat est une r\u00e9v\u00e9lation. La symphonie des saveurs, de la salinit\u00e9 de la mer \u00e0 la rusticit\u00e9 de ses collines, est harmonieusement \u00e9quilibr\u00e9e dans la cuisine g\u00e9noise. Cette visite, m\u00e9ticuleusement con\u00e7ue, assure non seulement une d\u00e9gustation, mais aussi une compr\u00e9hension, une immersion compl\u00e8te dans la gastronomie g\u00e9noise. Avec Tour Travel and More, nous ne vous offrons pas seulement un repas ; nous vous pr\u00e9sentons une \u00e9pop\u00e9e \u00e9picurienne tiss\u00e9e \u00e0 travers les si\u00e8cles. Venez, savourez G\u00eanes, et laissez chaque bouch\u00e9e vous raconter une histoire.<\/span><\/p>\n<p>&nbsp;<\/p>\n<h2><b>Points d&#8217;int\u00e9r\u00eat du Tour Gastronomique de la ville de G\u00eanes:<\/b><\/h2>\n<p>&nbsp;<\/p>\n<ul>\n<li style=\"font-weight: 400;\" aria-level=\"1\"><b>Mercato Orientale: <\/b><span style=\"font-weight: 400;\">Un march\u00e9 vibrant au c\u0153ur de G\u00eanes, le Mercato Orientale est une explosion sensorielle. En tant que l&#8217;un des principaux hubs culinaires de la ville, il propose une myriade de produits frais, de fromages artisanaux et de viandes s\u00e9ch\u00e9es. Le march\u00e9 ne pr\u00e9sente pas seulement une occasion de go\u00fbter, mais aussi de comprendre la richesse agricole de la r\u00e9gion et les anciennes pratiques alimentaires.<\/span><\/li>\n<li style=\"font-weight: 400;\" aria-level=\"1\"><b>Pasticcerias:<\/b><span style=\"font-weight: 400;\"> Plongez-vous dans les douces traditions de G\u00eanes en explorant ses c\u00e9l\u00e8bres p\u00e2tisseries. R\u00e9galez-vous de douceurs locales telles que &#8220;canestrelli&#8221; ou &#8220;sacripantina&#8221;, chacune portant un h\u00e9ritage de saveurs locales et de secrets de famille.<\/span><\/li>\n<li style=\"font-weight: 400;\" aria-level=\"1\"><b>Caf\u00e9s Historiques:<\/b><span style=\"font-weight: 400;\"> G\u00eanes est fi\u00e8re de sa riche culture du caf\u00e9. Ses caf\u00e9s historiques, orn\u00e9s de d\u00e9cors opulents, racontent des histoires d&#8217;\u00e9poques r\u00e9volues. Sirotez des espressos italiens traditionnels tout en vous impr\u00e9gnant de l&#8217;ambiance de ces \u00e9tablissements honor\u00e9s par le temps.<\/span><\/li>\n<li style=\"font-weight: 400;\" aria-level=\"1\"><b>Trattorias Traditionnelles:<\/b><span style=\"font-weight: 400;\"> Une visite \u00e0 G\u00eanes serait incompl\u00e8te sans se d\u00e9lecter de sa cuisine traditionnelle. Les trattorias de la ville servent des recettes ancestrales allant des fruits de mer frais aux copieux plats de p\u00e2tes, chacune racontant une histoire unique de l&#8217;\u00e9volution culinaire g\u00e9noise.<\/span><\/li>\n<li style=\"font-weight: 400;\" aria-level=\"1\"><b>Boutiques de D\u00e9gustation de Vins:<\/b><span style=\"font-weight: 400;\"> Les r\u00e9gions environnantes de G\u00eanes sont r\u00e9put\u00e9es pour leurs vignobles. Ces espaces-boutiques proposent des s\u00e9ances de d\u00e9gustation de vins soigneusement s\u00e9lectionn\u00e9s, mettant en avant les meilleurs vins de Ligurie, des blancs vifs aux rouges cors\u00e9s.<\/span><\/li>\n<li style=\"font-weight: 400;\" aria-level=\"1\"><b>Focaccerias:<\/b><span style=\"font-weight: 400;\"> La modeste &#8216;focaccia&#8217; a ses racines profond\u00e9ment ancr\u00e9es dans la culture g\u00e9noise. Ces boulangeries sp\u00e9cialis\u00e9es, \u00e9parpill\u00e9es dans la ville, confectionnent ce pain sal\u00e9 riche en huile d&#8217;olive \u00e0 la perfection. Croustillant \u00e0 l&#8217;ext\u00e9rieur, moelleux \u00e0 l&#8217;int\u00e9rieur et aromatis\u00e9 avec une vari\u00e9t\u00e9 d&#8217;ingr\u00e9dients, de l&#8217;olive au romarin, chaque focaccia raconte une histoire des traditions culinaires rustiques de G\u00eanes. Passer \u00e0 c\u00f4t\u00e9 de cette exp\u00e9rience d\u00e9licieuse serait vraiment une faute gastronomique.<\/span><\/li>\n<li style=\"font-weight: 400;\" aria-level=\"1\"><b>Gelaterias Artisanales:<\/b><span style=\"font-weight: 400;\"> L&#8217;Italie et le gelato sont synonymes, et G\u00eanes ne fait pas exception. Les gelaterias de la ville, avec leur multitude de saveurs, repr\u00e9sentent la v\u00e9ritable essence de l&#8217;artisanat italien en mati\u00e8re de desserts. Du classique stracciatella aux saveurs locales comme le basilic et le citron, ces salons offrent une friandise rafra\u00eechissante qui capture l&#8217;esprit de G\u00eanes \u00e0 chaque cuill\u00e8re. Se promener dans les ruelles historiques de G\u00eanes avec un cornet de cette cr\u00e8me glac\u00e9e \u00e0 la main est vraiment une exp\u00e9rience \u00e0 ch\u00e9rir.<\/span><\/li>\n<\/ul>\n<p>&nbsp;<\/p>\n<p><span style=\"font-weight: 400;\">Nous, chez Tour Travel and More, sommes fiers de cr\u00e9er des exp\u00e9riences adapt\u00e9es aux go\u00fbts raffin\u00e9s de notre client\u00e8le. Pour ceux qui souhaitent explorer davantage ce que G\u00eanes a \u00e0 offrir, nous proposons une liste compl\u00e8te de visites adapt\u00e9es \u00e0 divers centres d&#8217;int\u00e9r\u00eat. Plongez plus profond\u00e9ment dans l&#8217;histoire, <\/span><a href=\"https:\/\/tourtravelandmore.com\/fr\/city\/italie-fr\/genoa-fr\/\"><span style=\"font-weight: 400;\">l&#8217;art ou la culture de G\u00eanes en visitant notre site web.<\/span><\/a><\/p>\n","protected":false},"excerpt":{"rendered":"<p><span style=\"font-weight: 400;\">Embarquez pour un voyage culinaire de 3 heures \u00e0 travers le riche patrimoine gastronomique de G\u00eanes. Des march\u00e9s anim\u00e9s aux caf\u00e9s historiques, savourez les saveurs qui d\u00e9finissent ce joyau italien.<\/span><\/p>\n","protected":false},"featured_media":169875,"comment_status":"open","ping_status":"closed","template":"","meta":{"_acf_changed":false},"product_brand":[],"product_cat":[4454,4459,3696],"product_tag":[],"class_list":{"0":"post-169856","1":"product","2":"type-product","3":"status-publish","4":"has-post-thumbnail","6":"product_cat-toutes-les-visites-privees-activites","7":"product_cat-visites-a-pied-privees-fr-6","8":"product_cat-genoa-fr","10":"first","11":"instock","12":"shipping-taxable","13":"purchasable","14":"product-type-simple"},"acf":[],"yoast_head":"<!-- This site is optimized with the Yoast SEO Premium plugin v25.3.1 (Yoast SEO v25.3.1) - https:\/\/yoast.com\/wordpress\/plugins\/seo\/ -->\n<title>\u27a1\ufe0f Tour Gastronomique de G\u00eanes : Une Exploration Culinaire<\/title>\n<meta name=\"description\" content=\"D\u00e9couvrez les tr\u00e9sors culinaires de G\u00eanes lors d&#039;une visite gastronomique guid\u00e9e de 3 heures. D\u00e9gustez, sirotez et apprenez avec Tour Travel and More. \u2705\" \/>\n<meta name=\"robots\" content=\"index, follow, max-snippet:-1, max-image-preview:large, max-video-preview:-1\" \/>\n<link rel=\"canonical\" href=\"https:\/\/tourtravelandmore.com\/fr\/tours\/italie-fr\/genoa-fr\/toutes-les-visites-privees-activites\/tour-private-gastronomique-de-la-ville-de-genes\/\" \/>\n<meta property=\"og:locale\" content=\"fr_FR\" \/>\n<meta property=\"og:type\" content=\"article\" \/>\n<meta property=\"og:title\" content=\"Tour Private Gastronomique de la ville de G\u00eanes\" \/>\n<meta property=\"og:description\" content=\"D\u00e9couvrez les tr\u00e9sors culinaires de G\u00eanes lors d&#039;une visite gastronomique guid\u00e9e de 3 heures. D\u00e9gustez, sirotez et apprenez avec Tour Travel and More. \u2705\" \/>\n<meta property=\"og:url\" content=\"https:\/\/tourtravelandmore.com\/fr\/tours\/italie-fr\/genoa-fr\/toutes-les-visites-privees-activites\/tour-private-gastronomique-de-la-ville-de-genes\/\" \/>\n<meta property=\"og:site_name\" content=\"Tour Travel And More\" \/>\n<meta property=\"article:publisher\" content=\"https:\/\/www.facebook.com\/tourtravelandmore\/\" \/>\n<meta property=\"article:modified_time\" content=\"2023-09-01T14:14:29+00:00\" \/>\n<meta property=\"og:image\" content=\"https:\/\/tourtravelandmore.com\/wp-content\/uploads\/2023\/09\/image4-1.jpg\" \/>\n\t<meta property=\"og:image:width\" content=\"950\" \/>\n\t<meta property=\"og:image:height\" content=\"750\" \/>\n\t<meta property=\"og:image:type\" content=\"image\/jpeg\" \/>\n<meta name=\"twitter:card\" content=\"summary_large_image\" \/>\n<meta name=\"twitter:site\" content=\"@TourTravel_More\" \/>\n<meta name=\"twitter:label1\" content=\"Dur\u00e9e de lecture estim\u00e9e\" \/>\n\t<meta name=\"twitter:data1\" content=\"4 minutes\" \/>\n<script type=\"application\/ld+json\" class=\"yoast-schema-graph\">{\"@context\":\"https:\/\/schema.org\",\"@graph\":[{\"@type\":\"WebPage\",\"@id\":\"https:\/\/tourtravelandmore.com\/fr\/tours\/italie-fr\/genoa-fr\/toutes-les-visites-privees-activites\/tour-private-gastronomique-de-la-ville-de-genes\/\",\"url\":\"https:\/\/tourtravelandmore.com\/fr\/tours\/italie-fr\/genoa-fr\/toutes-les-visites-privees-activites\/tour-private-gastronomique-de-la-ville-de-genes\/\",\"name\":\"\u27a1\ufe0f Tour Gastronomique de G\u00eanes : Une Exploration Culinaire\",\"isPartOf\":{\"@id\":\"https:\/\/tourtravelandmore.com\/fr\/#website\"},\"primaryImageOfPage\":{\"@id\":\"https:\/\/tourtravelandmore.com\/fr\/tours\/italie-fr\/genoa-fr\/toutes-les-visites-privees-activites\/tour-private-gastronomique-de-la-ville-de-genes\/#primaryimage\"},\"image\":{\"@id\":\"https:\/\/tourtravelandmore.com\/fr\/tours\/italie-fr\/genoa-fr\/toutes-les-visites-privees-activites\/tour-private-gastronomique-de-la-ville-de-genes\/#primaryimage\"},\"thumbnailUrl\":\"https:\/\/tourtravelandmore.com\/wp-content\/uploads\/2023\/09\/image4-1.jpg\",\"datePublished\":\"2023-09-01T12:14:43+00:00\",\"dateModified\":\"2023-09-01T14:14:29+00:00\",\"description\":\"D\u00e9couvrez les tr\u00e9sors culinaires de G\u00eanes lors d'une visite gastronomique guid\u00e9e de 3 heures. D\u00e9gustez, sirotez et apprenez avec Tour Travel and More. \u2705\",\"breadcrumb\":{\"@id\":\"https:\/\/tourtravelandmore.com\/fr\/tours\/italie-fr\/genoa-fr\/toutes-les-visites-privees-activites\/tour-private-gastronomique-de-la-ville-de-genes\/#breadcrumb\"},\"inLanguage\":\"fr-FR\",\"potentialAction\":[{\"@type\":\"ReadAction\",\"target\":[\"https:\/\/tourtravelandmore.com\/fr\/tours\/italie-fr\/genoa-fr\/toutes-les-visites-privees-activites\/tour-private-gastronomique-de-la-ville-de-genes\/\"]}]},{\"@type\":\"ImageObject\",\"inLanguage\":\"fr-FR\",\"@id\":\"https:\/\/tourtravelandmore.com\/fr\/tours\/italie-fr\/genoa-fr\/toutes-les-visites-privees-activites\/tour-private-gastronomique-de-la-ville-de-genes\/#primaryimage\",\"url\":\"https:\/\/tourtravelandmore.com\/wp-content\/uploads\/2023\/09\/image4-1.jpg\",\"contentUrl\":\"https:\/\/tourtravelandmore.com\/wp-content\/uploads\/2023\/09\/image4-1.jpg\",\"width\":950,\"height\":750},{\"@type\":\"BreadcrumbList\",\"@id\":\"https:\/\/tourtravelandmore.com\/fr\/tours\/italie-fr\/genoa-fr\/toutes-les-visites-privees-activites\/tour-private-gastronomique-de-la-ville-de-genes\/#breadcrumb\",\"itemListElement\":[{\"@type\":\"ListItem\",\"position\":1,\"name\":\"Home\",\"item\":\"https:\/\/tourtravelandmore.com\/fr\/\"},{\"@type\":\"ListItem\",\"position\":2,\"name\":\"Tours\",\"item\":\"https:\/\/tourtravelandmore.com\/fr\/tours\/\"},{\"@type\":\"ListItem\",\"position\":3,\"name\":\"Tour Private Gastronomique de la ville de G\u00eanes\"}]},{\"@type\":\"WebSite\",\"@id\":\"https:\/\/tourtravelandmore.com\/fr\/#website\",\"url\":\"https:\/\/tourtravelandmore.com\/fr\/\",\"name\":\"Tour Travel And More\",\"description\":\"Private sightseeing tours and luxury transfers in Spain\",\"publisher\":{\"@id\":\"https:\/\/tourtravelandmore.com\/fr\/#organization\"},\"potentialAction\":[{\"@type\":\"SearchAction\",\"target\":{\"@type\":\"EntryPoint\",\"urlTemplate\":\"https:\/\/tourtravelandmore.com\/fr\/?s={search_term_string}\"},\"query-input\":{\"@type\":\"PropertyValueSpecification\",\"valueRequired\":true,\"valueName\":\"search_term_string\"}}],\"inLanguage\":\"fr-FR\"},{\"@type\":\"Organization\",\"@id\":\"https:\/\/tourtravelandmore.com\/fr\/#organization\",\"name\":\"Tour Travel And More\",\"url\":\"https:\/\/tourtravelandmore.com\/fr\/\",\"logo\":{\"@type\":\"ImageObject\",\"inLanguage\":\"fr-FR\",\"@id\":\"https:\/\/tourtravelandmore.com\/fr\/#\/schema\/logo\/image\/\",\"url\":\"https:\/\/tourtravelandmore.com\/wp-content\/uploads\/2022\/12\/cropped-logo-cabecera-new.png\",\"contentUrl\":\"https:\/\/tourtravelandmore.com\/wp-content\/uploads\/2022\/12\/cropped-logo-cabecera-new.png\",\"width\":430,\"height\":61,\"caption\":\"Tour Travel And More\"},\"image\":{\"@id\":\"https:\/\/tourtravelandmore.com\/fr\/#\/schema\/logo\/image\/\"},\"sameAs\":[\"https:\/\/www.facebook.com\/tourtravelandmore\/\",\"https:\/\/x.com\/TourTravel_More\"]}]}<\/script>\n<!-- \/ Yoast SEO Premium plugin. -->","yoast_head_json":{"title":"\u27a1\ufe0f Tour Gastronomique de G\u00eanes : Une Exploration Culinaire","description":"D\u00e9couvrez les tr\u00e9sors culinaires de G\u00eanes lors d'une visite gastronomique guid\u00e9e de 3 heures. D\u00e9gustez, sirotez et apprenez avec Tour Travel and More. \u2705","robots":{"index":"index","follow":"follow","max-snippet":"max-snippet:-1","max-image-preview":"max-image-preview:large","max-video-preview":"max-video-preview:-1"},"canonical":"https:\/\/tourtravelandmore.com\/fr\/tours\/italie-fr\/genoa-fr\/toutes-les-visites-privees-activites\/tour-private-gastronomique-de-la-ville-de-genes\/","og_locale":"fr_FR","og_type":"article","og_title":"Tour Private Gastronomique de la ville de G\u00eanes","og_description":"D\u00e9couvrez les tr\u00e9sors culinaires de G\u00eanes lors d'une visite gastronomique guid\u00e9e de 3 heures. D\u00e9gustez, sirotez et apprenez avec Tour Travel and More. \u2705","og_url":"https:\/\/tourtravelandmore.com\/fr\/tours\/italie-fr\/genoa-fr\/toutes-les-visites-privees-activites\/tour-private-gastronomique-de-la-ville-de-genes\/","og_site_name":"Tour Travel And More","article_publisher":"https:\/\/www.facebook.com\/tourtravelandmore\/","article_modified_time":"2023-09-01T14:14:29+00:00","og_image":[{"width":950,"height":750,"url":"https:\/\/tourtravelandmore.com\/wp-content\/uploads\/2023\/09\/image4-1.jpg","type":"image\/jpeg"}],"twitter_card":"summary_large_image","twitter_site":"@TourTravel_More","twitter_misc":{"Dur\u00e9e de lecture estim\u00e9e":"4 minutes"},"schema":{"@context":"https:\/\/schema.org","@graph":[{"@type":"WebPage","@id":"https:\/\/tourtravelandmore.com\/fr\/tours\/italie-fr\/genoa-fr\/toutes-les-visites-privees-activites\/tour-private-gastronomique-de-la-ville-de-genes\/","url":"https:\/\/tourtravelandmore.com\/fr\/tours\/italie-fr\/genoa-fr\/toutes-les-visites-privees-activites\/tour-private-gastronomique-de-la-ville-de-genes\/","name":"\u27a1\ufe0f Tour Gastronomique de G\u00eanes : Une Exploration Culinaire","isPartOf":{"@id":"https:\/\/tourtravelandmore.com\/fr\/#website"},"primaryImageOfPage":{"@id":"https:\/\/tourtravelandmore.com\/fr\/tours\/italie-fr\/genoa-fr\/toutes-les-visites-privees-activites\/tour-private-gastronomique-de-la-ville-de-genes\/#primaryimage"},"image":{"@id":"https:\/\/tourtravelandmore.com\/fr\/tours\/italie-fr\/genoa-fr\/toutes-les-visites-privees-activites\/tour-private-gastronomique-de-la-ville-de-genes\/#primaryimage"},"thumbnailUrl":"https:\/\/tourtravelandmore.com\/wp-content\/uploads\/2023\/09\/image4-1.jpg","datePublished":"2023-09-01T12:14:43+00:00","dateModified":"2023-09-01T14:14:29+00:00","description":"D\u00e9couvrez les tr\u00e9sors culinaires de G\u00eanes lors d'une visite gastronomique guid\u00e9e de 3 heures. D\u00e9gustez, sirotez et apprenez avec Tour Travel and More. \u2705","breadcrumb":{"@id":"https:\/\/tourtravelandmore.com\/fr\/tours\/italie-fr\/genoa-fr\/toutes-les-visites-privees-activites\/tour-private-gastronomique-de-la-ville-de-genes\/#breadcrumb"},"inLanguage":"fr-FR","potentialAction":[{"@type":"ReadAction","target":["https:\/\/tourtravelandmore.com\/fr\/tours\/italie-fr\/genoa-fr\/toutes-les-visites-privees-activites\/tour-private-gastronomique-de-la-ville-de-genes\/"]}]},{"@type":"ImageObject","inLanguage":"fr-FR","@id":"https:\/\/tourtravelandmore.com\/fr\/tours\/italie-fr\/genoa-fr\/toutes-les-visites-privees-activites\/tour-private-gastronomique-de-la-ville-de-genes\/#primaryimage","url":"https:\/\/tourtravelandmore.com\/wp-content\/uploads\/2023\/09\/image4-1.jpg","contentUrl":"https:\/\/tourtravelandmore.com\/wp-content\/uploads\/2023\/09\/image4-1.jpg","width":950,"height":750},{"@type":"BreadcrumbList","@id":"https:\/\/tourtravelandmore.com\/fr\/tours\/italie-fr\/genoa-fr\/toutes-les-visites-privees-activites\/tour-private-gastronomique-de-la-ville-de-genes\/#breadcrumb","itemListElement":[{"@type":"ListItem","position":1,"name":"Home","item":"https:\/\/tourtravelandmore.com\/fr\/"},{"@type":"ListItem","position":2,"name":"Tours","item":"https:\/\/tourtravelandmore.com\/fr\/tours\/"},{"@type":"ListItem","position":3,"name":"Tour Private Gastronomique de la ville de G\u00eanes"}]},{"@type":"WebSite","@id":"https:\/\/tourtravelandmore.com\/fr\/#website","url":"https:\/\/tourtravelandmore.com\/fr\/","name":"Tour Travel And More","description":"Private sightseeing tours and luxury transfers in Spain","publisher":{"@id":"https:\/\/tourtravelandmore.com\/fr\/#organization"},"potentialAction":[{"@type":"SearchAction","target":{"@type":"EntryPoint","urlTemplate":"https:\/\/tourtravelandmore.com\/fr\/?s={search_term_string}"},"query-input":{"@type":"PropertyValueSpecification","valueRequired":true,"valueName":"search_term_string"}}],"inLanguage":"fr-FR"},{"@type":"Organization","@id":"https:\/\/tourtravelandmore.com\/fr\/#organization","name":"Tour Travel And More","url":"https:\/\/tourtravelandmore.com\/fr\/","logo":{"@type":"ImageObject","inLanguage":"fr-FR","@id":"https:\/\/tourtravelandmore.com\/fr\/#\/schema\/logo\/image\/","url":"https:\/\/tourtravelandmore.com\/wp-content\/uploads\/2022\/12\/cropped-logo-cabecera-new.png","contentUrl":"https:\/\/tourtravelandmore.com\/wp-content\/uploads\/2022\/12\/cropped-logo-cabecera-new.png","width":430,"height":61,"caption":"Tour Travel And More"},"image":{"@id":"https:\/\/tourtravelandmore.com\/fr\/#\/schema\/logo\/image\/"},"sameAs":["https:\/\/www.facebook.com\/tourtravelandmore\/","https:\/\/x.com\/TourTravel_More"]}]}},"_links":{"self":[{"href":"https:\/\/tourtravelandmore.com\/fr\/wp-json\/wp\/v2\/product\/169856","targetHints":{"allow":["GET"]}}],"collection":[{"href":"https:\/\/tourtravelandmore.com\/fr\/wp-json\/wp\/v2\/product"}],"about":[{"href":"https:\/\/tourtravelandmore.com\/fr\/wp-json\/wp\/v2\/types\/product"}],"replies":[{"embeddable":true,"href":"https:\/\/tourtravelandmore.com\/fr\/wp-json\/wp\/v2\/comments?post=169856"}],"wp:featuredmedia":[{"embeddable":true,"href":"https:\/\/tourtravelandmore.com\/fr\/wp-json\/wp\/v2\/media\/169875"}],"wp:attachment":[{"href":"https:\/\/tourtravelandmore.com\/fr\/wp-json\/wp\/v2\/media?parent=169856"}],"wp:term":[{"taxonomy":"product_brand","embeddable":true,"href":"https:\/\/tourtravelandmore.com\/fr\/wp-json\/wp\/v2\/product_brand?post=169856"},{"taxonomy":"product_cat","embeddable":true,"href":"https:\/\/tourtravelandmore.com\/fr\/wp-json\/wp\/v2\/product_cat?post=169856"},{"taxonomy":"product_tag","embeddable":true,"href":"https:\/\/tourtravelandmore.com\/fr\/wp-json\/wp\/v2\/product_tag?post=169856"}],"curies":[{"name":"wp","href":"https:\/\/api.w.org\/{rel}","templated":true}]}}