{"id":169824,"date":"2023-09-01T12:47:22","date_gmt":"2023-09-01T10:47:35","guid":{"rendered":"https:\/\/tourtravelandmore.com\/?post_type=product&#038;p=169824"},"modified":"2023-09-01T16:12:07","modified_gmt":"2023-09-01T14:12:07","slug":"visite-privee-des-cinque-terre-au-depart-de-genes","status":"publish","type":"product","link":"https:\/\/tourtravelandmore.com\/fr\/tours\/italie-fr\/genoa-fr\/toutes-les-visites-privees-activites\/visite-privee-des-cinque-terre-au-depart-de-genes\/","title":{"rendered":"Visite priv\u00e9e des Cinque Terre au d\u00e9part de G\u00eanes"},"content":{"rendered":"<h2><b>Visite priv\u00e9e des Cinque Terre au d\u00e9part de G\u00eanes Description<\/b><\/h2>\n<p><span style=\"font-weight: 400;\">Plongez dans l&#8217;attrait exquis de la riviera italienne gr\u00e2ce \u00e0 l&#8217;excursion priv\u00e9e \u00e0 Cinque Terre au d\u00e9part de G\u00eanes, minutieusement pr\u00e9par\u00e9e par Tour Travel and More. Ce voyage de 8 heures vous invite \u00e0 p\u00e9n\u00e9trer dans le monde des mers d&#8217;azur, des falaises spectaculaires et des traditions intemporelles.<\/span><\/p>\n<p><span style=\"font-weight: 400;\">Accompagn\u00e9 d&#8217;un guide comp\u00e9tent, ma\u00eetrisant les subtilit\u00e9s des Cinque Terre pendant 4 heures, vous \u00eates assur\u00e9 d&#8217;obtenir des informations qui vont au-del\u00e0 de l&#8217;ordinaire &#8211; des r\u00e9cits de p\u00eacheurs, des coutumes du vieux monde et l&#8217;histoire passionnante qui a sculpt\u00e9 la r\u00e9gion. Pour compl\u00e9ter cette richesse de connaissances, un v\u00e9hicule luxueux est \u00e0 votre disposition pendant toute la dur\u00e9e de l&#8217;excursion, afin que votre voyage soit aussi confortable qu&#8217;instructif.<\/span><\/p>\n<p><span style=\"font-weight: 400;\">La magie des Cinque Terre ne r\u00e9side pas seulement dans leur splendeur visuelle, mais aussi dans leur t\u00e9moignage de la t\u00e9nacit\u00e9 humaine. Class\u00e9s au patrimoine mondial de l&#8217;UNESCO, ces cinq villages fascinants incarnent l&#8217;\u00e9quilibre entre l&#8217;innovation humaine et la beaut\u00e9 naturelle. Admirez les vignobles en terrasses sculpt\u00e9s dans des paysages accident\u00e9s au fil des g\u00e9n\u00e9rations, chaque terrasse portant la marque de mains pers\u00e9v\u00e9rantes et d&#8217;esprits indomptables.<\/span><\/p>\n<p><span style=\"font-weight: 400;\">Mais notre engagement ne se limite pas \u00e0 vous montrer ces merveilles. Chez Tour Travel and More, nous aspirons \u00e0 vous faire vivre une exp\u00e9rience. De la brise vivifiante de la mer Ligure au parfum aromatique des cuisines locales, notre circuit est une invitation non seulement \u00e0 voir, mais aussi \u00e0 sentir, entendre, go\u00fbter et s&#8217;immerger v\u00e9ritablement dans la danse sublime de la nature et de la culture des Cinque Terre.<\/span><\/p>\n<h2><b>Visite priv\u00e9e des Cinque Terre au d\u00e9part de G\u00eanes | Points d&#8217;int\u00e9r\u00eat<\/b><\/h2>\n<p>&nbsp;<\/p>\n<ul>\n<li style=\"font-weight: 400;\" aria-level=\"1\"><b>Monterosso al Mare :<\/b><span style=\"font-weight: 400;\"> Le plus grand des villages des Cinque Terre, Monterosso est r\u00e9put\u00e9 pour ses belles plages et ses citronniers luxuriants. D&#8217;anciennes tours de guet pars\u00e8ment le paysage, montant la garde contre les pirates d&#8217;antan. Ici, on peut faire l&#8217;exp\u00e9rience d&#8217;un m\u00e9lange parfait de vestiges historiques et de splendeur naturelle.<\/span><\/li>\n<li style=\"font-weight: 400;\" aria-level=\"1\"><b>Vernazza <\/b><span style=\"font-weight: 400;\">: Sans doute le plus pittoresque, ce village s&#8217;enorgueillit d&#8217;un labyrinthe de ruelles qui aboutissent \u00e0 un port pittoresque. L&#8217;\u00e9glise Santa Margherita d&#8217;Antiochia, avec son entr\u00e9e unique, t\u00e9moigne du riche patrimoine architectural de Vernazza.<\/span><\/li>\n<li style=\"font-weight: 400;\" aria-level=\"1\"><b>Corniglia :<\/b><span style=\"font-weight: 400;\"> Perch\u00e9e au sommet d&#8217;une falaise, elle offre une vue panoramique sur la vaste mer et les villages voisins. Contrairement \u00e0 ses homologues, Corniglia n&#8217;est accessible que par un long escalier, ce qui lui conf\u00e8re une s\u00e9r\u00e9nit\u00e9 in\u00e9gal\u00e9e.<\/span><\/li>\n<li style=\"font-weight: 400;\" aria-level=\"1\"><b>Manarola :<\/b><span style=\"font-weight: 400;\"> Connu pour son vin Sciacchetr\u00e0, ce village est un paradis pour les amateurs de vin. Les maisons color\u00e9es contrastent magnifiquement avec le bleu fonc\u00e9 de la mer, cr\u00e9ant un spectacle captivant pour chaque visiteur.<\/span><\/li>\n<li style=\"font-weight: 400;\" aria-level=\"1\"><b>Riomaggiore :<\/b><span style=\"font-weight: 400;\"> Le village le plus \u00e0 l&#8217;est est caract\u00e9ris\u00e9 par son patrimoine de p\u00eache. La Via dell&#8217;Amore, ou chemin de l&#8217;amour, est un sentier romantique qui relie Riomaggiore \u00e0 Manarola, offrant des vues \u00e9poustouflantes et une exp\u00e9rience de marche unique.<\/span><\/li>\n<li style=\"font-weight: 400;\" aria-level=\"1\"><b>Evanto :<\/b><span style=\"font-weight: 400;\"> Souvent consid\u00e9r\u00e9e comme la &#8220;porte des Cinque Terre&#8221;, Levanto est une ville c\u00f4ti\u00e8re sereine avec une riche histoire maritime. Sa grande plage de sable est un paradis pour les surfeurs, tandis que la tour de l&#8217;horloge m\u00e9di\u00e9vale et l&#8217;ancienne loggia t\u00e9moignent de l&#8217;importance historique de la ville. Sa proximit\u00e9 avec les Cinque Terre en fait un point de d\u00e9part id\u00e9al pour les explorations.<\/span><\/li>\n<li style=\"font-weight: 400;\" aria-level=\"1\"><b>Porto Venere :<\/b><span style=\"font-weight: 400;\"> Situ\u00e9e juste au sud des Cinque Terre, Porto Venere est une perle cach\u00e9e. Bien qu&#8217;elle ne fasse pas officiellement partie des &#8220;cinq terres&#8221;, son charme historique et sa beaut\u00e9 immacul\u00e9e m\u00e9ritent une visite. La ville est marqu\u00e9e par l&#8217;\u00e9glise gothique Saint-Pierre, perch\u00e9e de fa\u00e7on spectaculaire sur un promontoire rocheux, et par l&#8217;ancien ch\u00e2teau Doria, qui offre des vues panoramiques sur la mer Ligure.<\/span><\/li>\n<\/ul>\n<p>&nbsp;<\/p>\n<p><span style=\"font-weight: 400;\">Pour d&#8217;autres exp\u00e9riences envo\u00fbtantes dans la r\u00e9gion, Tour Travel and More est fier de pr\u00e9senter une liste compl\u00e8te de visites priv\u00e9es adapt\u00e9es \u00e0 vos d\u00e9sirs. <\/span><a href=\"https:\/\/tourtravelandmore.com\/fr\/city\/italie-fr\/genoa-fr\/\"><span style=\"font-weight: 400;\">Explorez G\u00eanes et ses environs de mani\u00e8re intime et luxueuse avec nous.\u00a0<\/span><\/a><\/p>\n","protected":false},"excerpt":{"rendered":"<p><span style=\"font-weight: 400;\">D\u00e9couvrez la beaut\u00e9 \u00e9th\u00e9r\u00e9e des Cinque Terre lors d&#8217;une visite priv\u00e9e de 8 heures au d\u00e9part de G\u00eanes. D\u00e9couvrez le m\u00e9lange de la nature et de la culture, et plongez dans le charme de la c\u00f4te embl\u00e9matique de l&#8217;Italie.<\/span><\/p>\n","protected":false},"featured_media":169848,"comment_status":"open","ping_status":"closed","template":"","meta":{"_acf_changed":false},"product_brand":[],"product_cat":[4456,4455,4454,4457,3696],"product_tag":[],"class_list":{"0":"post-169824","1":"product","2":"type-product","3":"status-publish","4":"has-post-thumbnail","6":"product_cat-excursions-a-terre-privees","7":"product_cat-excursions-privees-dune-journee-fr-2","8":"product_cat-toutes-les-visites-privees-activites","9":"product_cat-visites-guidees-privees-fr-5","10":"product_cat-genoa-fr","12":"first","13":"instock","14":"shipping-taxable","15":"purchasable","16":"product-type-simple"},"acf":[],"yoast_head":"<!-- This site is optimized with the Yoast SEO Premium plugin v25.3.1 (Yoast SEO v25.3.1) - https:\/\/yoast.com\/wordpress\/plugins\/seo\/ -->\n<title>\u27a1\ufe0f Visite priv\u00e9e des Cinque Terre au d\u00e9part de G\u00eanes avec Tour Travel and More<\/title>\n<meta name=\"description\" content=\"Embarquez pour un voyage exclusif de 8 heures vers les magnifiques villages de Cinque Terre avec Tour Travel and More. Plongez dans l&#039;\u00e9l\u00e9gance c\u00f4ti\u00e8re de l&#039;Italie d\u00e8s aujourd&#039;hui ! \u2705\" \/>\n<meta name=\"robots\" content=\"index, follow, max-snippet:-1, max-image-preview:large, max-video-preview:-1\" \/>\n<link rel=\"canonical\" href=\"https:\/\/tourtravelandmore.com\/fr\/tours\/italie-fr\/genoa-fr\/toutes-les-visites-privees-activites\/visite-privee-des-cinque-terre-au-depart-de-genes\/\" \/>\n<meta property=\"og:locale\" content=\"fr_FR\" \/>\n<meta property=\"og:type\" content=\"article\" \/>\n<meta property=\"og:title\" content=\"Visite priv\u00e9e des Cinque Terre au d\u00e9part de G\u00eanes\" \/>\n<meta property=\"og:description\" content=\"Embarquez pour un voyage exclusif de 8 heures vers les magnifiques villages de Cinque Terre avec Tour Travel and More. Plongez dans l&#039;\u00e9l\u00e9gance c\u00f4ti\u00e8re de l&#039;Italie d\u00e8s aujourd&#039;hui ! \u2705\" \/>\n<meta property=\"og:url\" content=\"https:\/\/tourtravelandmore.com\/fr\/tours\/italie-fr\/genoa-fr\/toutes-les-visites-privees-activites\/visite-privee-des-cinque-terre-au-depart-de-genes\/\" \/>\n<meta property=\"og:site_name\" content=\"Tour Travel And More\" \/>\n<meta property=\"article:publisher\" content=\"https:\/\/www.facebook.com\/tourtravelandmore\/\" \/>\n<meta property=\"article:modified_time\" content=\"2023-09-01T14:12:07+00:00\" \/>\n<meta property=\"og:image\" content=\"https:\/\/tourtravelandmore.com\/wp-content\/uploads\/2023\/09\/image5.jpg\" \/>\n\t<meta property=\"og:image:width\" content=\"950\" \/>\n\t<meta property=\"og:image:height\" content=\"750\" \/>\n\t<meta property=\"og:image:type\" content=\"image\/jpeg\" \/>\n<meta name=\"twitter:card\" content=\"summary_large_image\" \/>\n<meta name=\"twitter:site\" content=\"@TourTravel_More\" \/>\n<meta name=\"twitter:label1\" content=\"Dur\u00e9e de lecture estim\u00e9e\" \/>\n\t<meta name=\"twitter:data1\" content=\"4 minutes\" \/>\n<script type=\"application\/ld+json\" class=\"yoast-schema-graph\">{\"@context\":\"https:\/\/schema.org\",\"@graph\":[{\"@type\":\"WebPage\",\"@id\":\"https:\/\/tourtravelandmore.com\/fr\/tours\/italie-fr\/genoa-fr\/toutes-les-visites-privees-activites\/visite-privee-des-cinque-terre-au-depart-de-genes\/\",\"url\":\"https:\/\/tourtravelandmore.com\/fr\/tours\/italie-fr\/genoa-fr\/toutes-les-visites-privees-activites\/visite-privee-des-cinque-terre-au-depart-de-genes\/\",\"name\":\"\u27a1\ufe0f Visite priv\u00e9e des Cinque Terre au d\u00e9part de G\u00eanes avec Tour Travel and More\",\"isPartOf\":{\"@id\":\"https:\/\/tourtravelandmore.com\/fr\/#website\"},\"primaryImageOfPage\":{\"@id\":\"https:\/\/tourtravelandmore.com\/fr\/tours\/italie-fr\/genoa-fr\/toutes-les-visites-privees-activites\/visite-privee-des-cinque-terre-au-depart-de-genes\/#primaryimage\"},\"image\":{\"@id\":\"https:\/\/tourtravelandmore.com\/fr\/tours\/italie-fr\/genoa-fr\/toutes-les-visites-privees-activites\/visite-privee-des-cinque-terre-au-depart-de-genes\/#primaryimage\"},\"thumbnailUrl\":\"https:\/\/tourtravelandmore.com\/wp-content\/uploads\/2023\/09\/image5.jpg\",\"datePublished\":\"2023-09-01T10:47:35+00:00\",\"dateModified\":\"2023-09-01T14:12:07+00:00\",\"description\":\"Embarquez pour un voyage exclusif de 8 heures vers les magnifiques villages de Cinque Terre avec Tour Travel and More. Plongez dans l'\u00e9l\u00e9gance c\u00f4ti\u00e8re de l'Italie d\u00e8s aujourd'hui ! \u2705\",\"breadcrumb\":{\"@id\":\"https:\/\/tourtravelandmore.com\/fr\/tours\/italie-fr\/genoa-fr\/toutes-les-visites-privees-activites\/visite-privee-des-cinque-terre-au-depart-de-genes\/#breadcrumb\"},\"inLanguage\":\"fr-FR\",\"potentialAction\":[{\"@type\":\"ReadAction\",\"target\":[\"https:\/\/tourtravelandmore.com\/fr\/tours\/italie-fr\/genoa-fr\/toutes-les-visites-privees-activites\/visite-privee-des-cinque-terre-au-depart-de-genes\/\"]}]},{\"@type\":\"ImageObject\",\"inLanguage\":\"fr-FR\",\"@id\":\"https:\/\/tourtravelandmore.com\/fr\/tours\/italie-fr\/genoa-fr\/toutes-les-visites-privees-activites\/visite-privee-des-cinque-terre-au-depart-de-genes\/#primaryimage\",\"url\":\"https:\/\/tourtravelandmore.com\/wp-content\/uploads\/2023\/09\/image5.jpg\",\"contentUrl\":\"https:\/\/tourtravelandmore.com\/wp-content\/uploads\/2023\/09\/image5.jpg\",\"width\":950,\"height\":750},{\"@type\":\"BreadcrumbList\",\"@id\":\"https:\/\/tourtravelandmore.com\/fr\/tours\/italie-fr\/genoa-fr\/toutes-les-visites-privees-activites\/visite-privee-des-cinque-terre-au-depart-de-genes\/#breadcrumb\",\"itemListElement\":[{\"@type\":\"ListItem\",\"position\":1,\"name\":\"Home\",\"item\":\"https:\/\/tourtravelandmore.com\/fr\/\"},{\"@type\":\"ListItem\",\"position\":2,\"name\":\"Tours\",\"item\":\"https:\/\/tourtravelandmore.com\/fr\/tours\/\"},{\"@type\":\"ListItem\",\"position\":3,\"name\":\"Visite priv\u00e9e des Cinque Terre au d\u00e9part de G\u00eanes\"}]},{\"@type\":\"WebSite\",\"@id\":\"https:\/\/tourtravelandmore.com\/fr\/#website\",\"url\":\"https:\/\/tourtravelandmore.com\/fr\/\",\"name\":\"Tour Travel And More\",\"description\":\"Private sightseeing tours and luxury transfers in Spain\",\"publisher\":{\"@id\":\"https:\/\/tourtravelandmore.com\/fr\/#organization\"},\"potentialAction\":[{\"@type\":\"SearchAction\",\"target\":{\"@type\":\"EntryPoint\",\"urlTemplate\":\"https:\/\/tourtravelandmore.com\/fr\/?s={search_term_string}\"},\"query-input\":{\"@type\":\"PropertyValueSpecification\",\"valueRequired\":true,\"valueName\":\"search_term_string\"}}],\"inLanguage\":\"fr-FR\"},{\"@type\":\"Organization\",\"@id\":\"https:\/\/tourtravelandmore.com\/fr\/#organization\",\"name\":\"Tour Travel And More\",\"url\":\"https:\/\/tourtravelandmore.com\/fr\/\",\"logo\":{\"@type\":\"ImageObject\",\"inLanguage\":\"fr-FR\",\"@id\":\"https:\/\/tourtravelandmore.com\/fr\/#\/schema\/logo\/image\/\",\"url\":\"https:\/\/tourtravelandmore.com\/wp-content\/uploads\/2022\/12\/cropped-logo-cabecera-new.png\",\"contentUrl\":\"https:\/\/tourtravelandmore.com\/wp-content\/uploads\/2022\/12\/cropped-logo-cabecera-new.png\",\"width\":430,\"height\":61,\"caption\":\"Tour Travel And More\"},\"image\":{\"@id\":\"https:\/\/tourtravelandmore.com\/fr\/#\/schema\/logo\/image\/\"},\"sameAs\":[\"https:\/\/www.facebook.com\/tourtravelandmore\/\",\"https:\/\/x.com\/TourTravel_More\"]}]}<\/script>\n<!-- \/ Yoast SEO Premium plugin. -->","yoast_head_json":{"title":"\u27a1\ufe0f Visite priv\u00e9e des Cinque Terre au d\u00e9part de G\u00eanes avec Tour Travel and More","description":"Embarquez pour un voyage exclusif de 8 heures vers les magnifiques villages de Cinque Terre avec Tour Travel and More. Plongez dans l'\u00e9l\u00e9gance c\u00f4ti\u00e8re de l'Italie d\u00e8s aujourd'hui ! \u2705","robots":{"index":"index","follow":"follow","max-snippet":"max-snippet:-1","max-image-preview":"max-image-preview:large","max-video-preview":"max-video-preview:-1"},"canonical":"https:\/\/tourtravelandmore.com\/fr\/tours\/italie-fr\/genoa-fr\/toutes-les-visites-privees-activites\/visite-privee-des-cinque-terre-au-depart-de-genes\/","og_locale":"fr_FR","og_type":"article","og_title":"Visite priv\u00e9e des Cinque Terre au d\u00e9part de G\u00eanes","og_description":"Embarquez pour un voyage exclusif de 8 heures vers les magnifiques villages de Cinque Terre avec Tour Travel and More. Plongez dans l'\u00e9l\u00e9gance c\u00f4ti\u00e8re de l'Italie d\u00e8s aujourd'hui ! \u2705","og_url":"https:\/\/tourtravelandmore.com\/fr\/tours\/italie-fr\/genoa-fr\/toutes-les-visites-privees-activites\/visite-privee-des-cinque-terre-au-depart-de-genes\/","og_site_name":"Tour Travel And More","article_publisher":"https:\/\/www.facebook.com\/tourtravelandmore\/","article_modified_time":"2023-09-01T14:12:07+00:00","og_image":[{"width":950,"height":750,"url":"https:\/\/tourtravelandmore.com\/wp-content\/uploads\/2023\/09\/image5.jpg","type":"image\/jpeg"}],"twitter_card":"summary_large_image","twitter_site":"@TourTravel_More","twitter_misc":{"Dur\u00e9e de lecture estim\u00e9e":"4 minutes"},"schema":{"@context":"https:\/\/schema.org","@graph":[{"@type":"WebPage","@id":"https:\/\/tourtravelandmore.com\/fr\/tours\/italie-fr\/genoa-fr\/toutes-les-visites-privees-activites\/visite-privee-des-cinque-terre-au-depart-de-genes\/","url":"https:\/\/tourtravelandmore.com\/fr\/tours\/italie-fr\/genoa-fr\/toutes-les-visites-privees-activites\/visite-privee-des-cinque-terre-au-depart-de-genes\/","name":"\u27a1\ufe0f Visite priv\u00e9e des Cinque Terre au d\u00e9part de G\u00eanes avec Tour Travel and More","isPartOf":{"@id":"https:\/\/tourtravelandmore.com\/fr\/#website"},"primaryImageOfPage":{"@id":"https:\/\/tourtravelandmore.com\/fr\/tours\/italie-fr\/genoa-fr\/toutes-les-visites-privees-activites\/visite-privee-des-cinque-terre-au-depart-de-genes\/#primaryimage"},"image":{"@id":"https:\/\/tourtravelandmore.com\/fr\/tours\/italie-fr\/genoa-fr\/toutes-les-visites-privees-activites\/visite-privee-des-cinque-terre-au-depart-de-genes\/#primaryimage"},"thumbnailUrl":"https:\/\/tourtravelandmore.com\/wp-content\/uploads\/2023\/09\/image5.jpg","datePublished":"2023-09-01T10:47:35+00:00","dateModified":"2023-09-01T14:12:07+00:00","description":"Embarquez pour un voyage exclusif de 8 heures vers les magnifiques villages de Cinque Terre avec Tour Travel and More. Plongez dans l'\u00e9l\u00e9gance c\u00f4ti\u00e8re de l'Italie d\u00e8s aujourd'hui ! \u2705","breadcrumb":{"@id":"https:\/\/tourtravelandmore.com\/fr\/tours\/italie-fr\/genoa-fr\/toutes-les-visites-privees-activites\/visite-privee-des-cinque-terre-au-depart-de-genes\/#breadcrumb"},"inLanguage":"fr-FR","potentialAction":[{"@type":"ReadAction","target":["https:\/\/tourtravelandmore.com\/fr\/tours\/italie-fr\/genoa-fr\/toutes-les-visites-privees-activites\/visite-privee-des-cinque-terre-au-depart-de-genes\/"]}]},{"@type":"ImageObject","inLanguage":"fr-FR","@id":"https:\/\/tourtravelandmore.com\/fr\/tours\/italie-fr\/genoa-fr\/toutes-les-visites-privees-activites\/visite-privee-des-cinque-terre-au-depart-de-genes\/#primaryimage","url":"https:\/\/tourtravelandmore.com\/wp-content\/uploads\/2023\/09\/image5.jpg","contentUrl":"https:\/\/tourtravelandmore.com\/wp-content\/uploads\/2023\/09\/image5.jpg","width":950,"height":750},{"@type":"BreadcrumbList","@id":"https:\/\/tourtravelandmore.com\/fr\/tours\/italie-fr\/genoa-fr\/toutes-les-visites-privees-activites\/visite-privee-des-cinque-terre-au-depart-de-genes\/#breadcrumb","itemListElement":[{"@type":"ListItem","position":1,"name":"Home","item":"https:\/\/tourtravelandmore.com\/fr\/"},{"@type":"ListItem","position":2,"name":"Tours","item":"https:\/\/tourtravelandmore.com\/fr\/tours\/"},{"@type":"ListItem","position":3,"name":"Visite priv\u00e9e des Cinque Terre au d\u00e9part de G\u00eanes"}]},{"@type":"WebSite","@id":"https:\/\/tourtravelandmore.com\/fr\/#website","url":"https:\/\/tourtravelandmore.com\/fr\/","name":"Tour Travel And More","description":"Private sightseeing tours and luxury transfers in Spain","publisher":{"@id":"https:\/\/tourtravelandmore.com\/fr\/#organization"},"potentialAction":[{"@type":"SearchAction","target":{"@type":"EntryPoint","urlTemplate":"https:\/\/tourtravelandmore.com\/fr\/?s={search_term_string}"},"query-input":{"@type":"PropertyValueSpecification","valueRequired":true,"valueName":"search_term_string"}}],"inLanguage":"fr-FR"},{"@type":"Organization","@id":"https:\/\/tourtravelandmore.com\/fr\/#organization","name":"Tour Travel And More","url":"https:\/\/tourtravelandmore.com\/fr\/","logo":{"@type":"ImageObject","inLanguage":"fr-FR","@id":"https:\/\/tourtravelandmore.com\/fr\/#\/schema\/logo\/image\/","url":"https:\/\/tourtravelandmore.com\/wp-content\/uploads\/2022\/12\/cropped-logo-cabecera-new.png","contentUrl":"https:\/\/tourtravelandmore.com\/wp-content\/uploads\/2022\/12\/cropped-logo-cabecera-new.png","width":430,"height":61,"caption":"Tour Travel And More"},"image":{"@id":"https:\/\/tourtravelandmore.com\/fr\/#\/schema\/logo\/image\/"},"sameAs":["https:\/\/www.facebook.com\/tourtravelandmore\/","https:\/\/x.com\/TourTravel_More"]}]}},"_links":{"self":[{"href":"https:\/\/tourtravelandmore.com\/fr\/wp-json\/wp\/v2\/product\/169824","targetHints":{"allow":["GET"]}}],"collection":[{"href":"https:\/\/tourtravelandmore.com\/fr\/wp-json\/wp\/v2\/product"}],"about":[{"href":"https:\/\/tourtravelandmore.com\/fr\/wp-json\/wp\/v2\/types\/product"}],"replies":[{"embeddable":true,"href":"https:\/\/tourtravelandmore.com\/fr\/wp-json\/wp\/v2\/comments?post=169824"}],"wp:featuredmedia":[{"embeddable":true,"href":"https:\/\/tourtravelandmore.com\/fr\/wp-json\/wp\/v2\/media\/169848"}],"wp:attachment":[{"href":"https:\/\/tourtravelandmore.com\/fr\/wp-json\/wp\/v2\/media?parent=169824"}],"wp:term":[{"taxonomy":"product_brand","embeddable":true,"href":"https:\/\/tourtravelandmore.com\/fr\/wp-json\/wp\/v2\/product_brand?post=169824"},{"taxonomy":"product_cat","embeddable":true,"href":"https:\/\/tourtravelandmore.com\/fr\/wp-json\/wp\/v2\/product_cat?post=169824"},{"taxonomy":"product_tag","embeddable":true,"href":"https:\/\/tourtravelandmore.com\/fr\/wp-json\/wp\/v2\/product_tag?post=169824"}],"curies":[{"name":"wp","href":"https:\/\/api.w.org\/{rel}","templated":true}]}}