{"id":169774,"date":"2023-08-28T11:55:33","date_gmt":"2023-08-28T09:55:45","guid":{"rendered":"https:\/\/tourtravelandmore.com\/?post_type=product&#038;p=169774"},"modified":"2023-09-01T16:15:05","modified_gmt":"2023-09-01T14:15:05","slug":"transfert-prive-depuis-vers-laeroport-de-genes","status":"publish","type":"product","link":"https:\/\/tourtravelandmore.com\/fr\/tours\/italie-fr\/genoa-fr\/toutes-les-visites-privees-activites\/transfert-prive-depuis-vers-laeroport-de-genes\/","title":{"rendered":"Transfert priv\u00e9 depuis\/vers l&#8217;a\u00e9roport de G\u00eanes"},"content":{"rendered":"<h2><b>Transfert priv\u00e9 de\/vers l&#8217;a\u00e9roport de G\u00eanes Description :<\/b><\/h2>\n<p><span style=\"font-weight: 400;\">Voyagez avec la plus grande commodit\u00e9 et le plus grand luxe gr\u00e2ce \u00e0 notre service distingu\u00e9 de &#8220;Transfert priv\u00e9 de\/vers l&#8217;a\u00e9roport de G\u00eanes&#8221;. Chez Tour Travel and More, nous sommes fiers de transcender le transport traditionnel. En nous choisissant, vous vous engagez dans un voyage haut de gamme, sans interruption, qui commence \u00e0 la seconde m\u00eame o\u00f9 vous arrivez \u00e0 G\u00eanes. Reconnu comme l&#8217;un des premiers services de transfert de la r\u00e9gion, notre engagement envers l&#8217;excellence est in\u00e9branlable. Chaque v\u00e9hicule de notre vaste flotte est r\u00e9guli\u00e8rement entretenu et soumis aux normes les plus strictes, ce qui garantit la fluidit\u00e9, le confort et la s\u00e9curit\u00e9 de votre voyage. Confiez votre voyage \u00e0 nos chauffeurs exp\u00e9riment\u00e9s, experts non seulement au volant, mais aussi dans leur connaissance approfondie des rues et des sites de G\u00eanes. Pendant que vous naviguez dans la ville, laissez s&#8217;\u00e9vanouir tout le stress li\u00e9 au voyage. Avec Tour Travel and More, vous \u00eates assur\u00e9 d&#8217;une transition sereine, que vous commenciez une aventure italienne ou que vous mettiez un terme \u00e0 votre voyage.<\/span><\/p>\n<h2><b>Transfert priv\u00e9 de\/vers l&#8217;a\u00e9roport de G\u00eanes | Points d&#8217;int\u00e9r\u00eat :<\/b><\/h2>\n<p><span style=\"font-weight: 400;\">Bien que notre objectif principal soit de vous amener rapidement \u00e0 votre destination, le voyage lui-m\u00eame peut \u00eatre une introduction \u00e0 la magie de G\u00eanes. Pendant que vous traversez la ville, laissez vos yeux se promener et s&#8217;impr\u00e9gner des magnifiques merveilles architecturales et des monuments historiques de G\u00eanes.<\/span><\/p>\n<ul>\n<li style=\"font-weight: 400;\" aria-level=\"1\"><b>Palazzo Rosso <\/b><span style=\"font-weight: 400;\">: Splendide sp\u00e9cimen de l&#8217;architecture baroque g\u00e9noise, ce palais de couleur rouge abrite une riche collection d&#8217;\u0153uvres d&#8217;art, offrant un aper\u00e7u du pass\u00e9 opulent de la ville.<\/span><\/li>\n<li style=\"font-weight: 400;\" aria-level=\"1\"><b>Cath\u00e9drale Saint-Laurent (Cattedrale di San Lorenzo) <\/b><span style=\"font-weight: 400;\">: Ce remarquable \u00e9difice gothique-roman t\u00e9moigne de la d\u00e9votion religieuse et des prouesses architecturales de G\u00eanes. Ses int\u00e9rieurs orn\u00e9s de mosa\u00efques et sa fa\u00e7ade majestueuse refl\u00e8tent l&#8217;essence de l&#8217;artisanat europ\u00e9en m\u00e9di\u00e9val.<\/span><\/li>\n<li style=\"font-weight: 400;\" aria-level=\"1\"><b>Via Garibaldi :<\/b><span style=\"font-weight: 400;\"> autrefois appel\u00e9e Strada Nuova ou &#8220;Nouvelle rue&#8221;, ce site class\u00e9 au patrimoine mondial de l&#8217;UNESCO est bord\u00e9 de grands palazzos, chacun \u00e9voquant l&#8217;\u00e2ge d&#8217;or de G\u00eanes \u00e0 l&#8217;\u00e9poque de la Renaissance.<\/span><\/li>\n<li style=\"font-weight: 400;\" aria-level=\"1\"><b>Porto Antico :<\/b><span style=\"font-weight: 400;\"> Le vieux port, rajeuni par le c\u00e9l\u00e8bre architecte Renzo Piano, est un d\u00e9licieux m\u00e9lange d&#8217;ancien et de nouveau. Ici, les anciens murs du port coexistent avec des attractions modernes comme la Biosfera et le Bigo.<\/span><\/li>\n<li style=\"font-weight: 400;\" aria-level=\"1\"><b>Aquarium de G\u00eanes :<\/b><span style=\"font-weight: 400;\"> Situ\u00e9 dans le Porto Antico, c&#8217;est le plus grand aquarium d&#8217;Italie et l&#8217;un des plus vastes d&#8217;Europe. Avec une vaste collection d&#8217;esp\u00e8ces marines, il offre une plong\u00e9e profonde dans les myst\u00e8res du monde sous-marin.<\/span><\/li>\n<li style=\"font-weight: 400;\" aria-level=\"1\"><b>Piazza De Ferrari :<\/b><span style=\"font-weight: 400;\"> c\u0153ur de G\u00eanes, cette grande place est entour\u00e9e de b\u00e2timents historiques et la fontaine envo\u00fbtante qui se trouve en son centre sert de phare aux habitants et aux touristes. \u00c0 proximit\u00e9, l&#8217;op\u00e9ra et la bourse soulignent le m\u00e9lange de culture et de commerce de G\u00eanes.<\/span><\/li>\n<li style=\"font-weight: 400;\" aria-level=\"1\"><b>Santa Maria di Castello :<\/b><span style=\"font-weight: 400;\"> Complexe comprenant une \u00e9glise, un clo\u00eetre et une tour, c&#8217;est un joyau cach\u00e9 qui remonte aux d\u00e9buts de l&#8217;\u00e8re chr\u00e9tienne \u00e0 G\u00eanes. Son histoire stratifi\u00e9e, des fondations romaines aux extensions m\u00e9di\u00e9vales, illustre la riche tapisserie de cultures et d&#8217;\u00e9poques de la ville.<\/span><\/li>\n<\/ul>\n<p>&nbsp;<\/p>\n<p><span style=\"font-weight: 400;\">Pour une exploration plus approfondie de ces sites fascinants et de bien d&#8217;autres encore, Tour Travel and More est fier de vous pr\u00e9senter une liste de visites priv\u00e9es adapt\u00e9es \u00e0 vos centres d&#8217;int\u00e9r\u00eat. <\/span><a href=\"https:\/\/tourtravelandmore.com\/fr\/city\/italie-fr\/genoa-fr\/\"><span style=\"font-weight: 400;\">D\u00e9couvrez G\u00eanes dans son int\u00e9gralit\u00e9 et laissez-vous s\u00e9duire par son charme. <\/span><\/a><span style=\"font-weight: 400;\">Explorez notre vaste offre sur le site officiel de Tour Travel and More.<\/span><\/p>\n","protected":false},"excerpt":{"rendered":"<p><span style=\"font-weight: 400;\">Am\u00e9liorez votre exp\u00e9rience de voyage \u00e0 G\u00eanes gr\u00e2ce \u00e0 notre service de transfert priv\u00e9 haut de gamme. Traversez la ville dans le luxe, le confort et la promesse de fiabilit\u00e9.<\/span><\/p>\n","protected":false},"featured_media":169784,"comment_status":"open","ping_status":"closed","template":"","meta":{"_acf_changed":false},"product_brand":[],"product_cat":[4454,4458,3696],"product_tag":[],"class_list":{"0":"post-169774","1":"product","2":"type-product","3":"status-publish","4":"has-post-thumbnail","6":"product_cat-toutes-les-visites-privees-activites","7":"product_cat-transferts-prives-fr-7","8":"product_cat-genoa-fr","10":"first","11":"instock","12":"shipping-taxable","13":"purchasable","14":"product-type-simple"},"acf":[],"yoast_head":"<!-- This site is optimized with the Yoast SEO Premium plugin v25.3.1 (Yoast SEO v25.3.1) - https:\/\/yoast.com\/wordpress\/plugins\/seo\/ -->\n<title>\u27a1\ufe0f Premium Private Transfer Service in Genoa | Tour Travel &amp; More<\/title>\n<meta name=\"description\" content=\"D\u00e9couvrez la grandeur de G\u00eanes en toute transparence gr\u00e2ce \u00e0 notre service de transfert a\u00e9roportuaire haut de gamme. La fiabilit\u00e9 rencontre le luxe avec Tour Travel and More. \u2705\" \/>\n<meta name=\"robots\" content=\"index, follow, max-snippet:-1, max-image-preview:large, max-video-preview:-1\" \/>\n<link rel=\"canonical\" href=\"https:\/\/tourtravelandmore.com\/fr\/tours\/italie-fr\/genoa-fr\/toutes-les-visites-privees-activites\/transfert-prive-depuis-vers-laeroport-de-genes\/\" \/>\n<meta property=\"og:locale\" content=\"fr_FR\" \/>\n<meta property=\"og:type\" content=\"article\" \/>\n<meta property=\"og:title\" content=\"Transfert priv\u00e9 depuis\/vers l&#039;a\u00e9roport de G\u00eanes\" \/>\n<meta property=\"og:description\" content=\"D\u00e9couvrez la grandeur de G\u00eanes en toute transparence gr\u00e2ce \u00e0 notre service de transfert a\u00e9roportuaire haut de gamme. La fiabilit\u00e9 rencontre le luxe avec Tour Travel and More. \u2705\" \/>\n<meta property=\"og:url\" content=\"https:\/\/tourtravelandmore.com\/fr\/tours\/italie-fr\/genoa-fr\/toutes-les-visites-privees-activites\/transfert-prive-depuis-vers-laeroport-de-genes\/\" \/>\n<meta property=\"og:site_name\" content=\"Tour Travel And More\" \/>\n<meta property=\"article:publisher\" content=\"https:\/\/www.facebook.com\/tourtravelandmore\/\" \/>\n<meta property=\"article:modified_time\" content=\"2023-09-01T14:15:05+00:00\" \/>\n<meta property=\"og:image\" content=\"https:\/\/tourtravelandmore.com\/wp-content\/uploads\/2023\/08\/1.jpg\" \/>\n\t<meta property=\"og:image:width\" content=\"950\" \/>\n\t<meta property=\"og:image:height\" content=\"750\" \/>\n\t<meta property=\"og:image:type\" content=\"image\/jpeg\" \/>\n<meta name=\"twitter:card\" content=\"summary_large_image\" \/>\n<meta name=\"twitter:site\" content=\"@TourTravel_More\" \/>\n<meta name=\"twitter:label1\" content=\"Dur\u00e9e de lecture estim\u00e9e\" \/>\n\t<meta name=\"twitter:data1\" content=\"3 minutes\" \/>\n<script type=\"application\/ld+json\" class=\"yoast-schema-graph\">{\"@context\":\"https:\/\/schema.org\",\"@graph\":[{\"@type\":\"WebPage\",\"@id\":\"https:\/\/tourtravelandmore.com\/fr\/tours\/italie-fr\/genoa-fr\/toutes-les-visites-privees-activites\/transfert-prive-depuis-vers-laeroport-de-genes\/\",\"url\":\"https:\/\/tourtravelandmore.com\/fr\/tours\/italie-fr\/genoa-fr\/toutes-les-visites-privees-activites\/transfert-prive-depuis-vers-laeroport-de-genes\/\",\"name\":\"\u27a1\ufe0f Premium Private Transfer Service in Genoa | Tour Travel & More\",\"isPartOf\":{\"@id\":\"https:\/\/tourtravelandmore.com\/fr\/#website\"},\"primaryImageOfPage\":{\"@id\":\"https:\/\/tourtravelandmore.com\/fr\/tours\/italie-fr\/genoa-fr\/toutes-les-visites-privees-activites\/transfert-prive-depuis-vers-laeroport-de-genes\/#primaryimage\"},\"image\":{\"@id\":\"https:\/\/tourtravelandmore.com\/fr\/tours\/italie-fr\/genoa-fr\/toutes-les-visites-privees-activites\/transfert-prive-depuis-vers-laeroport-de-genes\/#primaryimage\"},\"thumbnailUrl\":\"https:\/\/tourtravelandmore.com\/wp-content\/uploads\/2023\/08\/1.jpg\",\"datePublished\":\"2023-08-28T09:55:45+00:00\",\"dateModified\":\"2023-09-01T14:15:05+00:00\",\"description\":\"D\u00e9couvrez la grandeur de G\u00eanes en toute transparence gr\u00e2ce \u00e0 notre service de transfert a\u00e9roportuaire haut de gamme. La fiabilit\u00e9 rencontre le luxe avec Tour Travel and More. \u2705\",\"breadcrumb\":{\"@id\":\"https:\/\/tourtravelandmore.com\/fr\/tours\/italie-fr\/genoa-fr\/toutes-les-visites-privees-activites\/transfert-prive-depuis-vers-laeroport-de-genes\/#breadcrumb\"},\"inLanguage\":\"fr-FR\",\"potentialAction\":[{\"@type\":\"ReadAction\",\"target\":[\"https:\/\/tourtravelandmore.com\/fr\/tours\/italie-fr\/genoa-fr\/toutes-les-visites-privees-activites\/transfert-prive-depuis-vers-laeroport-de-genes\/\"]}]},{\"@type\":\"ImageObject\",\"inLanguage\":\"fr-FR\",\"@id\":\"https:\/\/tourtravelandmore.com\/fr\/tours\/italie-fr\/genoa-fr\/toutes-les-visites-privees-activites\/transfert-prive-depuis-vers-laeroport-de-genes\/#primaryimage\",\"url\":\"https:\/\/tourtravelandmore.com\/wp-content\/uploads\/2023\/08\/1.jpg\",\"contentUrl\":\"https:\/\/tourtravelandmore.com\/wp-content\/uploads\/2023\/08\/1.jpg\",\"width\":950,\"height\":750},{\"@type\":\"BreadcrumbList\",\"@id\":\"https:\/\/tourtravelandmore.com\/fr\/tours\/italie-fr\/genoa-fr\/toutes-les-visites-privees-activites\/transfert-prive-depuis-vers-laeroport-de-genes\/#breadcrumb\",\"itemListElement\":[{\"@type\":\"ListItem\",\"position\":1,\"name\":\"Home\",\"item\":\"https:\/\/tourtravelandmore.com\/fr\/\"},{\"@type\":\"ListItem\",\"position\":2,\"name\":\"Tours\",\"item\":\"https:\/\/tourtravelandmore.com\/fr\/tours\/\"},{\"@type\":\"ListItem\",\"position\":3,\"name\":\"Transfert priv\u00e9 depuis\/vers l&rsquo;a\u00e9roport de G\u00eanes\"}]},{\"@type\":\"WebSite\",\"@id\":\"https:\/\/tourtravelandmore.com\/fr\/#website\",\"url\":\"https:\/\/tourtravelandmore.com\/fr\/\",\"name\":\"Tour Travel And More\",\"description\":\"Private sightseeing tours and luxury transfers in Spain\",\"publisher\":{\"@id\":\"https:\/\/tourtravelandmore.com\/fr\/#organization\"},\"potentialAction\":[{\"@type\":\"SearchAction\",\"target\":{\"@type\":\"EntryPoint\",\"urlTemplate\":\"https:\/\/tourtravelandmore.com\/fr\/?s={search_term_string}\"},\"query-input\":{\"@type\":\"PropertyValueSpecification\",\"valueRequired\":true,\"valueName\":\"search_term_string\"}}],\"inLanguage\":\"fr-FR\"},{\"@type\":\"Organization\",\"@id\":\"https:\/\/tourtravelandmore.com\/fr\/#organization\",\"name\":\"Tour Travel And More\",\"url\":\"https:\/\/tourtravelandmore.com\/fr\/\",\"logo\":{\"@type\":\"ImageObject\",\"inLanguage\":\"fr-FR\",\"@id\":\"https:\/\/tourtravelandmore.com\/fr\/#\/schema\/logo\/image\/\",\"url\":\"https:\/\/tourtravelandmore.com\/wp-content\/uploads\/2022\/12\/cropped-logo-cabecera-new.png\",\"contentUrl\":\"https:\/\/tourtravelandmore.com\/wp-content\/uploads\/2022\/12\/cropped-logo-cabecera-new.png\",\"width\":430,\"height\":61,\"caption\":\"Tour Travel And More\"},\"image\":{\"@id\":\"https:\/\/tourtravelandmore.com\/fr\/#\/schema\/logo\/image\/\"},\"sameAs\":[\"https:\/\/www.facebook.com\/tourtravelandmore\/\",\"https:\/\/x.com\/TourTravel_More\"]}]}<\/script>\n<!-- \/ Yoast SEO Premium plugin. -->","yoast_head_json":{"title":"\u27a1\ufe0f Premium Private Transfer Service in Genoa | Tour Travel & More","description":"D\u00e9couvrez la grandeur de G\u00eanes en toute transparence gr\u00e2ce \u00e0 notre service de transfert a\u00e9roportuaire haut de gamme. La fiabilit\u00e9 rencontre le luxe avec Tour Travel and More. \u2705","robots":{"index":"index","follow":"follow","max-snippet":"max-snippet:-1","max-image-preview":"max-image-preview:large","max-video-preview":"max-video-preview:-1"},"canonical":"https:\/\/tourtravelandmore.com\/fr\/tours\/italie-fr\/genoa-fr\/toutes-les-visites-privees-activites\/transfert-prive-depuis-vers-laeroport-de-genes\/","og_locale":"fr_FR","og_type":"article","og_title":"Transfert priv\u00e9 depuis\/vers l'a\u00e9roport de G\u00eanes","og_description":"D\u00e9couvrez la grandeur de G\u00eanes en toute transparence gr\u00e2ce \u00e0 notre service de transfert a\u00e9roportuaire haut de gamme. La fiabilit\u00e9 rencontre le luxe avec Tour Travel and More. \u2705","og_url":"https:\/\/tourtravelandmore.com\/fr\/tours\/italie-fr\/genoa-fr\/toutes-les-visites-privees-activites\/transfert-prive-depuis-vers-laeroport-de-genes\/","og_site_name":"Tour Travel And More","article_publisher":"https:\/\/www.facebook.com\/tourtravelandmore\/","article_modified_time":"2023-09-01T14:15:05+00:00","og_image":[{"width":950,"height":750,"url":"https:\/\/tourtravelandmore.com\/wp-content\/uploads\/2023\/08\/1.jpg","type":"image\/jpeg"}],"twitter_card":"summary_large_image","twitter_site":"@TourTravel_More","twitter_misc":{"Dur\u00e9e de lecture estim\u00e9e":"3 minutes"},"schema":{"@context":"https:\/\/schema.org","@graph":[{"@type":"WebPage","@id":"https:\/\/tourtravelandmore.com\/fr\/tours\/italie-fr\/genoa-fr\/toutes-les-visites-privees-activites\/transfert-prive-depuis-vers-laeroport-de-genes\/","url":"https:\/\/tourtravelandmore.com\/fr\/tours\/italie-fr\/genoa-fr\/toutes-les-visites-privees-activites\/transfert-prive-depuis-vers-laeroport-de-genes\/","name":"\u27a1\ufe0f Premium Private Transfer Service in Genoa | Tour Travel & More","isPartOf":{"@id":"https:\/\/tourtravelandmore.com\/fr\/#website"},"primaryImageOfPage":{"@id":"https:\/\/tourtravelandmore.com\/fr\/tours\/italie-fr\/genoa-fr\/toutes-les-visites-privees-activites\/transfert-prive-depuis-vers-laeroport-de-genes\/#primaryimage"},"image":{"@id":"https:\/\/tourtravelandmore.com\/fr\/tours\/italie-fr\/genoa-fr\/toutes-les-visites-privees-activites\/transfert-prive-depuis-vers-laeroport-de-genes\/#primaryimage"},"thumbnailUrl":"https:\/\/tourtravelandmore.com\/wp-content\/uploads\/2023\/08\/1.jpg","datePublished":"2023-08-28T09:55:45+00:00","dateModified":"2023-09-01T14:15:05+00:00","description":"D\u00e9couvrez la grandeur de G\u00eanes en toute transparence gr\u00e2ce \u00e0 notre service de transfert a\u00e9roportuaire haut de gamme. La fiabilit\u00e9 rencontre le luxe avec Tour Travel and More. \u2705","breadcrumb":{"@id":"https:\/\/tourtravelandmore.com\/fr\/tours\/italie-fr\/genoa-fr\/toutes-les-visites-privees-activites\/transfert-prive-depuis-vers-laeroport-de-genes\/#breadcrumb"},"inLanguage":"fr-FR","potentialAction":[{"@type":"ReadAction","target":["https:\/\/tourtravelandmore.com\/fr\/tours\/italie-fr\/genoa-fr\/toutes-les-visites-privees-activites\/transfert-prive-depuis-vers-laeroport-de-genes\/"]}]},{"@type":"ImageObject","inLanguage":"fr-FR","@id":"https:\/\/tourtravelandmore.com\/fr\/tours\/italie-fr\/genoa-fr\/toutes-les-visites-privees-activites\/transfert-prive-depuis-vers-laeroport-de-genes\/#primaryimage","url":"https:\/\/tourtravelandmore.com\/wp-content\/uploads\/2023\/08\/1.jpg","contentUrl":"https:\/\/tourtravelandmore.com\/wp-content\/uploads\/2023\/08\/1.jpg","width":950,"height":750},{"@type":"BreadcrumbList","@id":"https:\/\/tourtravelandmore.com\/fr\/tours\/italie-fr\/genoa-fr\/toutes-les-visites-privees-activites\/transfert-prive-depuis-vers-laeroport-de-genes\/#breadcrumb","itemListElement":[{"@type":"ListItem","position":1,"name":"Home","item":"https:\/\/tourtravelandmore.com\/fr\/"},{"@type":"ListItem","position":2,"name":"Tours","item":"https:\/\/tourtravelandmore.com\/fr\/tours\/"},{"@type":"ListItem","position":3,"name":"Transfert priv\u00e9 depuis\/vers l&rsquo;a\u00e9roport de G\u00eanes"}]},{"@type":"WebSite","@id":"https:\/\/tourtravelandmore.com\/fr\/#website","url":"https:\/\/tourtravelandmore.com\/fr\/","name":"Tour Travel And More","description":"Private sightseeing tours and luxury transfers in Spain","publisher":{"@id":"https:\/\/tourtravelandmore.com\/fr\/#organization"},"potentialAction":[{"@type":"SearchAction","target":{"@type":"EntryPoint","urlTemplate":"https:\/\/tourtravelandmore.com\/fr\/?s={search_term_string}"},"query-input":{"@type":"PropertyValueSpecification","valueRequired":true,"valueName":"search_term_string"}}],"inLanguage":"fr-FR"},{"@type":"Organization","@id":"https:\/\/tourtravelandmore.com\/fr\/#organization","name":"Tour Travel And More","url":"https:\/\/tourtravelandmore.com\/fr\/","logo":{"@type":"ImageObject","inLanguage":"fr-FR","@id":"https:\/\/tourtravelandmore.com\/fr\/#\/schema\/logo\/image\/","url":"https:\/\/tourtravelandmore.com\/wp-content\/uploads\/2022\/12\/cropped-logo-cabecera-new.png","contentUrl":"https:\/\/tourtravelandmore.com\/wp-content\/uploads\/2022\/12\/cropped-logo-cabecera-new.png","width":430,"height":61,"caption":"Tour Travel And More"},"image":{"@id":"https:\/\/tourtravelandmore.com\/fr\/#\/schema\/logo\/image\/"},"sameAs":["https:\/\/www.facebook.com\/tourtravelandmore\/","https:\/\/x.com\/TourTravel_More"]}]}},"_links":{"self":[{"href":"https:\/\/tourtravelandmore.com\/fr\/wp-json\/wp\/v2\/product\/169774","targetHints":{"allow":["GET"]}}],"collection":[{"href":"https:\/\/tourtravelandmore.com\/fr\/wp-json\/wp\/v2\/product"}],"about":[{"href":"https:\/\/tourtravelandmore.com\/fr\/wp-json\/wp\/v2\/types\/product"}],"replies":[{"embeddable":true,"href":"https:\/\/tourtravelandmore.com\/fr\/wp-json\/wp\/v2\/comments?post=169774"}],"wp:featuredmedia":[{"embeddable":true,"href":"https:\/\/tourtravelandmore.com\/fr\/wp-json\/wp\/v2\/media\/169784"}],"wp:attachment":[{"href":"https:\/\/tourtravelandmore.com\/fr\/wp-json\/wp\/v2\/media?parent=169774"}],"wp:term":[{"taxonomy":"product_brand","embeddable":true,"href":"https:\/\/tourtravelandmore.com\/fr\/wp-json\/wp\/v2\/product_brand?post=169774"},{"taxonomy":"product_cat","embeddable":true,"href":"https:\/\/tourtravelandmore.com\/fr\/wp-json\/wp\/v2\/product_cat?post=169774"},{"taxonomy":"product_tag","embeddable":true,"href":"https:\/\/tourtravelandmore.com\/fr\/wp-json\/wp\/v2\/product_tag?post=169774"}],"curies":[{"name":"wp","href":"https:\/\/api.w.org\/{rel}","templated":true}]}}