{"id":169555,"date":"2023-07-28T10:15:28","date_gmt":"2023-07-28T08:15:40","guid":{"rendered":"https:\/\/tourtravelandmore.com\/?post_type=product&#038;p=169555"},"modified":"2023-10-11T15:25:26","modified_gmt":"2023-10-11T13:25:26","slug":"excursion-privee-dune-journee-a-verone-et-au-lac-de-garde","status":"publish","type":"product","link":"https:\/\/tourtravelandmore.com\/fr\/tours\/italie-fr\/verona-fr\/toutes-les-visites-et-activites-privees-verona-fr\/excursion-privee-dune-journee-a-verone-et-au-lac-de-garde\/","title":{"rendered":"Excursion priv\u00e9e d&#8217;une journ\u00e9e \u00e0 V\u00e9rone et au Lac de Garde"},"content":{"rendered":"<h2><b>Excursion priv\u00e9e d&#8217;une journ\u00e9e \u00e0 V\u00e9rone et au Lac de Garde Description<\/b><\/h2>\n<p><span style=\"font-weight: 400;\">Entrez dans un monde de romance enchanteresse et de beaut\u00e9 naturelle \u00e0 couper le souffle avec notre visite priv\u00e9e d&#8217;une journ\u00e9e compl\u00e8te de V\u00e9rone et du lac de Garde. D&#8217;une dur\u00e9e de plus de huit heures, avec un guide pendant toute la dur\u00e9e de l&#8217;excursion et un v\u00e9hicule pendant cinq heures, cette excursion offre une occasion unique d&#8217;explorer deux des tr\u00e9sors les plus pr\u00e9cieux de l&#8217;Italie.<\/span><\/p>\n<p><span style=\"font-weight: 400;\">Votre voyage commence au c\u0153ur de V\u00e9rone, ville immortalis\u00e9e par la c\u00e9l\u00e8bre pi\u00e8ce de Shakespeare, &#8220;Rom\u00e9o et Juliette&#8221;. Promenez-vous dans les rues pav\u00e9es, admirez les merveilles architecturales et impr\u00e9gnez-vous de la culture vibrante. Apprenez l&#8217;histoire profond\u00e9ment enracin\u00e9e de V\u00e9rone gr\u00e2ce \u00e0 votre guide comp\u00e9tent et d\u00e9couvrez ce qui en fait une ville digne d&#8217;\u00eatre visit\u00e9e. D\u00e9couvrez le romantisme profond de la ville en visitant la Casa di Giulietta, suppos\u00e9e \u00eatre la maison de Juliette, avec le c\u00e9l\u00e8bre balcon o\u00f9 les amants se sont d\u00e9clar\u00e9s leur amour.<\/span><\/p>\n<p><span style=\"font-weight: 400;\">De l\u00e0, nous nous dirigeons vers le lac de Garde, le plus grand lac d&#8217;Italie. Nich\u00e9 entre d&#8217;imposantes montagnes et agr\u00e9ment\u00e9 de villages pittoresques le long de ses rives, le lac de Garde est un havre de paix pour les amoureux de la nature. Les eaux bleues scintillantes et les panoramas \u00e9poustouflants cr\u00e9ent une atmosph\u00e8re sereine qui contraste magnifiquement avec l&#8217;effervescence de V\u00e9rone. Les villes pittoresques de Garda et de Sirmione offrent de d\u00e9licieuses possibilit\u00e9s d&#8217;exploration avec leurs rues charmantes et leurs restaurants agr\u00e9ables.<\/span><\/p>\n<h2><b>Excursion priv\u00e9e d&#8217;une journ\u00e9e \u00e0 V\u00e9rone et au lac de Garde Points d&#8217;int\u00e9r\u00eat<\/b><\/h2>\n<p>Au sein de cette visite compl\u00e8te de V\u00e9rone et du Lac de Garde, les premiers moments sont exclusivement \u00e0 pied \u00e0 travers la romantique V\u00e9rone. Pendant les trois premi\u00e8res heures, notre guide vous emm\u00e8nera dans les charmantes rues de cette ville historique, offrant une immersion profonde dans ses secrets et merveilles. Apr\u00e8s avoir explor\u00e9 V\u00e9rone, nous passons au confort de notre v\u00e9hicule de luxe. Accompagn\u00e9 de notre chauffeur et guide, nous nous dirigerons vers le Lac de Garde, vous permettant de d\u00e9couvrir la majest\u00e9 du lac et de ses pittoresques villages environnants. Cette structure garantit \u00e0 chaque invit\u00e9 une exp\u00e9rience personnalis\u00e9e et approfondie de deux des joyaux les plus brillants d&#8217;Italie.<\/p>\n<ul>\n<li style=\"font-weight: 400;\" aria-level=\"1\"><b>V\u00e9rone <\/b><span style=\"font-weight: 400;\">: Notre premi\u00e8re \u00e9tape est V\u00e9rone, une ville impr\u00e9gn\u00e9e d&#8217;une histoire et d&#8217;une culture riches. Ce site class\u00e9 au patrimoine mondial de l&#8217;UNESCO abrite des chefs-d&#8217;\u0153uvre architecturaux comme les Ar\u00e8nes de V\u00e9rone, un ancien amphith\u00e9\u00e2tre romain encore utilis\u00e9 pour des repr\u00e9sentations d&#8217;op\u00e9ra et de th\u00e9\u00e2tre. La combinaison de l&#8217;art, de l&#8217;histoire et du romantisme fait de V\u00e9rone une destination fascinante.<\/span><\/li>\n<li style=\"font-weight: 400;\" aria-level=\"1\"><b>Lac de Garde : <\/b><span style=\"font-weight: 400;\">Nous nous dirigeons ensuite vers le majestueux lac de Garde. Les visiteurs peuvent profiter d&#8217;une vue panoramique du lac depuis le Monte Baldo ou explorer les nombreuses villes lacustres, chacune avec son charme unique. Pour les amateurs de vin, les vignobles autour du lac offrent un aper\u00e7u de la c\u00e9l\u00e8bre tradition viticole italienne.<\/span><\/li>\n<li style=\"font-weight: 400;\" aria-level=\"1\"><b>Sirmione <\/b><span style=\"font-weight: 400;\">: aucun voyage au lac de Garde n&#8217;est complet sans une halte \u00e0 Sirmione. Situ\u00e9e sur une p\u00e9ninsule s&#8217;avan\u00e7ant dans le lac, Sirmione offre un m\u00e9lange unique d&#8217;histoire naturelle et culturelle. Ne manquez pas de visiter les ruines romaines de Grotte di Catullo ou de prendre un bain relaxant dans les thermes de Sirmione.<\/span><\/li>\n<\/ul>\n<p><a href=\"https:\/\/tourtravelandmore.com\/fr\/city\/italie-fr\/verona-fr\/\"><span style=\"font-weight: 400;\">N&#8217;attendez plus, d\u00e9couvrez V\u00e9rone et le lac de Garde \u00e0 votre fa\u00e7on. Chez Tour Travel and More<\/span><\/a><span style=\"font-weight: 400;\">, nous offrons un service exceptionnel et personnalis\u00e9, adapt\u00e9 \u00e0 vos pr\u00e9f\u00e9rences et \u00e0 vos int\u00e9r\u00eats. Chaque circuit est une aventure con\u00e7ue sp\u00e9cialement pour vous, offrant une vision unique et intime de ces fascinantes destinations italiennes. Explorez la vaste gamme de circuits priv\u00e9s que nous proposons \u00e0 V\u00e9rone et dans ses environs sur notre site web. R\u00e9servez d\u00e8s aujourd&#8217;hui votre exp\u00e9rience inoubliable.<\/span><\/p>\n","protected":false},"excerpt":{"rendered":"<p><span style=\"font-weight: 400;\">Embarquez pour un voyage magique \u00e0 travers la ville romantique de V\u00e9rone et le majestueux lac de Garde. D\u00e9couvrez la richesse de l&#8217;histoire et la beaut\u00e9 naturelle qui font de ces destinations italiennes des lieux \u00e0 visiter absolument<\/span><\/p>\n","protected":false},"featured_media":169568,"comment_status":"open","ping_status":"closed","template":"","meta":{"_acf_changed":false},"product_brand":[],"product_cat":[3707,4315,4316],"product_tag":[],"class_list":{"0":"post-169555","1":"product","2":"type-product","3":"status-publish","4":"has-post-thumbnail","6":"product_cat-verona-fr","7":"product_cat-toutes-les-visites-et-activites-privees-verona-fr","8":"product_cat-visites-guidees-privees-verona-fr","10":"first","11":"instock","12":"shipping-taxable","13":"purchasable","14":"product-type-simple"},"acf":[],"yoast_head":"<!-- This site is optimized with the Yoast SEO Premium plugin v25.3.1 (Yoast SEO v25.3.1) - https:\/\/yoast.com\/wordpress\/plugins\/seo\/ -->\n<title>\u27a1\ufe0f Full Day Private Tour of Verona and Lake Garda (Visite priv\u00e9e de V\u00e9rone et du lac de Garde)<\/title>\n<meta name=\"description\" content=\"D\u00e9couvrez la beaut\u00e9 et la richesse historique de V\u00e9rone et du lac de Garde lors d&#039;une visite priv\u00e9e. D\u00e9couvrez le meilleur de l&#039;Italie avec nous. R\u00e9servez d\u00e8s maintenant. \u2705\" \/>\n<meta name=\"robots\" content=\"index, follow, max-snippet:-1, max-image-preview:large, max-video-preview:-1\" \/>\n<link rel=\"canonical\" href=\"https:\/\/tourtravelandmore.com\/fr\/tours\/italie-fr\/verona-fr\/toutes-les-visites-et-activites-privees-verona-fr\/excursion-privee-dune-journee-a-verone-et-au-lac-de-garde\/\" \/>\n<meta property=\"og:locale\" content=\"fr_FR\" \/>\n<meta property=\"og:type\" content=\"article\" \/>\n<meta property=\"og:title\" content=\"Excursion priv\u00e9e d&#039;une journ\u00e9e \u00e0 V\u00e9rone et au Lac de Garde\" \/>\n<meta property=\"og:description\" content=\"D\u00e9couvrez la beaut\u00e9 et la richesse historique de V\u00e9rone et du lac de Garde lors d&#039;une visite priv\u00e9e. D\u00e9couvrez le meilleur de l&#039;Italie avec nous. R\u00e9servez d\u00e8s maintenant. \u2705\" \/>\n<meta property=\"og:url\" content=\"https:\/\/tourtravelandmore.com\/fr\/tours\/italie-fr\/verona-fr\/toutes-les-visites-et-activites-privees-verona-fr\/excursion-privee-dune-journee-a-verone-et-au-lac-de-garde\/\" \/>\n<meta property=\"og:site_name\" content=\"Tour Travel And More\" \/>\n<meta property=\"article:publisher\" content=\"https:\/\/www.facebook.com\/tourtravelandmore\/\" \/>\n<meta property=\"article:modified_time\" content=\"2023-10-11T13:25:26+00:00\" \/>\n<meta property=\"og:image\" content=\"https:\/\/tourtravelandmore.com\/wp-content\/uploads\/2023\/07\/2.jpg\" \/>\n\t<meta property=\"og:image:width\" content=\"1250\" \/>\n\t<meta property=\"og:image:height\" content=\"750\" \/>\n\t<meta property=\"og:image:type\" content=\"image\/jpeg\" \/>\n<meta name=\"twitter:card\" content=\"summary_large_image\" \/>\n<meta name=\"twitter:site\" content=\"@TourTravel_More\" \/>\n<meta name=\"twitter:label1\" content=\"Dur\u00e9e de lecture estim\u00e9e\" \/>\n\t<meta name=\"twitter:data1\" content=\"4 minutes\" \/>\n<script type=\"application\/ld+json\" class=\"yoast-schema-graph\">{\"@context\":\"https:\/\/schema.org\",\"@graph\":[{\"@type\":\"WebPage\",\"@id\":\"https:\/\/tourtravelandmore.com\/fr\/tours\/italie-fr\/verona-fr\/toutes-les-visites-et-activites-privees-verona-fr\/excursion-privee-dune-journee-a-verone-et-au-lac-de-garde\/\",\"url\":\"https:\/\/tourtravelandmore.com\/fr\/tours\/italie-fr\/verona-fr\/toutes-les-visites-et-activites-privees-verona-fr\/excursion-privee-dune-journee-a-verone-et-au-lac-de-garde\/\",\"name\":\"\u27a1\ufe0f Full Day Private Tour of Verona and Lake Garda (Visite priv\u00e9e de V\u00e9rone et du lac de Garde)\",\"isPartOf\":{\"@id\":\"https:\/\/tourtravelandmore.com\/fr\/#website\"},\"primaryImageOfPage\":{\"@id\":\"https:\/\/tourtravelandmore.com\/fr\/tours\/italie-fr\/verona-fr\/toutes-les-visites-et-activites-privees-verona-fr\/excursion-privee-dune-journee-a-verone-et-au-lac-de-garde\/#primaryimage\"},\"image\":{\"@id\":\"https:\/\/tourtravelandmore.com\/fr\/tours\/italie-fr\/verona-fr\/toutes-les-visites-et-activites-privees-verona-fr\/excursion-privee-dune-journee-a-verone-et-au-lac-de-garde\/#primaryimage\"},\"thumbnailUrl\":\"https:\/\/tourtravelandmore.com\/wp-content\/uploads\/2023\/07\/2.jpg\",\"datePublished\":\"2023-07-28T08:15:40+00:00\",\"dateModified\":\"2023-10-11T13:25:26+00:00\",\"description\":\"D\u00e9couvrez la beaut\u00e9 et la richesse historique de V\u00e9rone et du lac de Garde lors d'une visite priv\u00e9e. D\u00e9couvrez le meilleur de l'Italie avec nous. R\u00e9servez d\u00e8s maintenant. \u2705\",\"breadcrumb\":{\"@id\":\"https:\/\/tourtravelandmore.com\/fr\/tours\/italie-fr\/verona-fr\/toutes-les-visites-et-activites-privees-verona-fr\/excursion-privee-dune-journee-a-verone-et-au-lac-de-garde\/#breadcrumb\"},\"inLanguage\":\"fr-FR\",\"potentialAction\":[{\"@type\":\"ReadAction\",\"target\":[\"https:\/\/tourtravelandmore.com\/fr\/tours\/italie-fr\/verona-fr\/toutes-les-visites-et-activites-privees-verona-fr\/excursion-privee-dune-journee-a-verone-et-au-lac-de-garde\/\"]}]},{\"@type\":\"ImageObject\",\"inLanguage\":\"fr-FR\",\"@id\":\"https:\/\/tourtravelandmore.com\/fr\/tours\/italie-fr\/verona-fr\/toutes-les-visites-et-activites-privees-verona-fr\/excursion-privee-dune-journee-a-verone-et-au-lac-de-garde\/#primaryimage\",\"url\":\"https:\/\/tourtravelandmore.com\/wp-content\/uploads\/2023\/07\/2.jpg\",\"contentUrl\":\"https:\/\/tourtravelandmore.com\/wp-content\/uploads\/2023\/07\/2.jpg\",\"width\":1250,\"height\":750},{\"@type\":\"BreadcrumbList\",\"@id\":\"https:\/\/tourtravelandmore.com\/fr\/tours\/italie-fr\/verona-fr\/toutes-les-visites-et-activites-privees-verona-fr\/excursion-privee-dune-journee-a-verone-et-au-lac-de-garde\/#breadcrumb\",\"itemListElement\":[{\"@type\":\"ListItem\",\"position\":1,\"name\":\"Home\",\"item\":\"https:\/\/tourtravelandmore.com\/fr\/\"},{\"@type\":\"ListItem\",\"position\":2,\"name\":\"Tours\",\"item\":\"https:\/\/tourtravelandmore.com\/fr\/tours\/\"},{\"@type\":\"ListItem\",\"position\":3,\"name\":\"Excursion priv\u00e9e d&rsquo;une journ\u00e9e \u00e0 V\u00e9rone et au Lac de Garde\"}]},{\"@type\":\"WebSite\",\"@id\":\"https:\/\/tourtravelandmore.com\/fr\/#website\",\"url\":\"https:\/\/tourtravelandmore.com\/fr\/\",\"name\":\"Tour Travel And More\",\"description\":\"Private sightseeing tours and luxury transfers in Spain\",\"publisher\":{\"@id\":\"https:\/\/tourtravelandmore.com\/fr\/#organization\"},\"potentialAction\":[{\"@type\":\"SearchAction\",\"target\":{\"@type\":\"EntryPoint\",\"urlTemplate\":\"https:\/\/tourtravelandmore.com\/fr\/?s={search_term_string}\"},\"query-input\":{\"@type\":\"PropertyValueSpecification\",\"valueRequired\":true,\"valueName\":\"search_term_string\"}}],\"inLanguage\":\"fr-FR\"},{\"@type\":\"Organization\",\"@id\":\"https:\/\/tourtravelandmore.com\/fr\/#organization\",\"name\":\"Tour Travel And More\",\"url\":\"https:\/\/tourtravelandmore.com\/fr\/\",\"logo\":{\"@type\":\"ImageObject\",\"inLanguage\":\"fr-FR\",\"@id\":\"https:\/\/tourtravelandmore.com\/fr\/#\/schema\/logo\/image\/\",\"url\":\"https:\/\/tourtravelandmore.com\/wp-content\/uploads\/2022\/12\/cropped-logo-cabecera-new.png\",\"contentUrl\":\"https:\/\/tourtravelandmore.com\/wp-content\/uploads\/2022\/12\/cropped-logo-cabecera-new.png\",\"width\":430,\"height\":61,\"caption\":\"Tour Travel And More\"},\"image\":{\"@id\":\"https:\/\/tourtravelandmore.com\/fr\/#\/schema\/logo\/image\/\"},\"sameAs\":[\"https:\/\/www.facebook.com\/tourtravelandmore\/\",\"https:\/\/x.com\/TourTravel_More\"]}]}<\/script>\n<!-- \/ Yoast SEO Premium plugin. -->","yoast_head_json":{"title":"\u27a1\ufe0f Full Day Private Tour of Verona and Lake Garda (Visite priv\u00e9e de V\u00e9rone et du lac de Garde)","description":"D\u00e9couvrez la beaut\u00e9 et la richesse historique de V\u00e9rone et du lac de Garde lors d'une visite priv\u00e9e. D\u00e9couvrez le meilleur de l'Italie avec nous. R\u00e9servez d\u00e8s maintenant. \u2705","robots":{"index":"index","follow":"follow","max-snippet":"max-snippet:-1","max-image-preview":"max-image-preview:large","max-video-preview":"max-video-preview:-1"},"canonical":"https:\/\/tourtravelandmore.com\/fr\/tours\/italie-fr\/verona-fr\/toutes-les-visites-et-activites-privees-verona-fr\/excursion-privee-dune-journee-a-verone-et-au-lac-de-garde\/","og_locale":"fr_FR","og_type":"article","og_title":"Excursion priv\u00e9e d'une journ\u00e9e \u00e0 V\u00e9rone et au Lac de Garde","og_description":"D\u00e9couvrez la beaut\u00e9 et la richesse historique de V\u00e9rone et du lac de Garde lors d'une visite priv\u00e9e. D\u00e9couvrez le meilleur de l'Italie avec nous. R\u00e9servez d\u00e8s maintenant. \u2705","og_url":"https:\/\/tourtravelandmore.com\/fr\/tours\/italie-fr\/verona-fr\/toutes-les-visites-et-activites-privees-verona-fr\/excursion-privee-dune-journee-a-verone-et-au-lac-de-garde\/","og_site_name":"Tour Travel And More","article_publisher":"https:\/\/www.facebook.com\/tourtravelandmore\/","article_modified_time":"2023-10-11T13:25:26+00:00","og_image":[{"width":1250,"height":750,"url":"https:\/\/tourtravelandmore.com\/wp-content\/uploads\/2023\/07\/2.jpg","type":"image\/jpeg"}],"twitter_card":"summary_large_image","twitter_site":"@TourTravel_More","twitter_misc":{"Dur\u00e9e de lecture estim\u00e9e":"4 minutes"},"schema":{"@context":"https:\/\/schema.org","@graph":[{"@type":"WebPage","@id":"https:\/\/tourtravelandmore.com\/fr\/tours\/italie-fr\/verona-fr\/toutes-les-visites-et-activites-privees-verona-fr\/excursion-privee-dune-journee-a-verone-et-au-lac-de-garde\/","url":"https:\/\/tourtravelandmore.com\/fr\/tours\/italie-fr\/verona-fr\/toutes-les-visites-et-activites-privees-verona-fr\/excursion-privee-dune-journee-a-verone-et-au-lac-de-garde\/","name":"\u27a1\ufe0f Full Day Private Tour of Verona and Lake Garda (Visite priv\u00e9e de V\u00e9rone et du lac de Garde)","isPartOf":{"@id":"https:\/\/tourtravelandmore.com\/fr\/#website"},"primaryImageOfPage":{"@id":"https:\/\/tourtravelandmore.com\/fr\/tours\/italie-fr\/verona-fr\/toutes-les-visites-et-activites-privees-verona-fr\/excursion-privee-dune-journee-a-verone-et-au-lac-de-garde\/#primaryimage"},"image":{"@id":"https:\/\/tourtravelandmore.com\/fr\/tours\/italie-fr\/verona-fr\/toutes-les-visites-et-activites-privees-verona-fr\/excursion-privee-dune-journee-a-verone-et-au-lac-de-garde\/#primaryimage"},"thumbnailUrl":"https:\/\/tourtravelandmore.com\/wp-content\/uploads\/2023\/07\/2.jpg","datePublished":"2023-07-28T08:15:40+00:00","dateModified":"2023-10-11T13:25:26+00:00","description":"D\u00e9couvrez la beaut\u00e9 et la richesse historique de V\u00e9rone et du lac de Garde lors d'une visite priv\u00e9e. D\u00e9couvrez le meilleur de l'Italie avec nous. R\u00e9servez d\u00e8s maintenant. \u2705","breadcrumb":{"@id":"https:\/\/tourtravelandmore.com\/fr\/tours\/italie-fr\/verona-fr\/toutes-les-visites-et-activites-privees-verona-fr\/excursion-privee-dune-journee-a-verone-et-au-lac-de-garde\/#breadcrumb"},"inLanguage":"fr-FR","potentialAction":[{"@type":"ReadAction","target":["https:\/\/tourtravelandmore.com\/fr\/tours\/italie-fr\/verona-fr\/toutes-les-visites-et-activites-privees-verona-fr\/excursion-privee-dune-journee-a-verone-et-au-lac-de-garde\/"]}]},{"@type":"ImageObject","inLanguage":"fr-FR","@id":"https:\/\/tourtravelandmore.com\/fr\/tours\/italie-fr\/verona-fr\/toutes-les-visites-et-activites-privees-verona-fr\/excursion-privee-dune-journee-a-verone-et-au-lac-de-garde\/#primaryimage","url":"https:\/\/tourtravelandmore.com\/wp-content\/uploads\/2023\/07\/2.jpg","contentUrl":"https:\/\/tourtravelandmore.com\/wp-content\/uploads\/2023\/07\/2.jpg","width":1250,"height":750},{"@type":"BreadcrumbList","@id":"https:\/\/tourtravelandmore.com\/fr\/tours\/italie-fr\/verona-fr\/toutes-les-visites-et-activites-privees-verona-fr\/excursion-privee-dune-journee-a-verone-et-au-lac-de-garde\/#breadcrumb","itemListElement":[{"@type":"ListItem","position":1,"name":"Home","item":"https:\/\/tourtravelandmore.com\/fr\/"},{"@type":"ListItem","position":2,"name":"Tours","item":"https:\/\/tourtravelandmore.com\/fr\/tours\/"},{"@type":"ListItem","position":3,"name":"Excursion priv\u00e9e d&rsquo;une journ\u00e9e \u00e0 V\u00e9rone et au Lac de Garde"}]},{"@type":"WebSite","@id":"https:\/\/tourtravelandmore.com\/fr\/#website","url":"https:\/\/tourtravelandmore.com\/fr\/","name":"Tour Travel And More","description":"Private sightseeing tours and luxury transfers in Spain","publisher":{"@id":"https:\/\/tourtravelandmore.com\/fr\/#organization"},"potentialAction":[{"@type":"SearchAction","target":{"@type":"EntryPoint","urlTemplate":"https:\/\/tourtravelandmore.com\/fr\/?s={search_term_string}"},"query-input":{"@type":"PropertyValueSpecification","valueRequired":true,"valueName":"search_term_string"}}],"inLanguage":"fr-FR"},{"@type":"Organization","@id":"https:\/\/tourtravelandmore.com\/fr\/#organization","name":"Tour Travel And More","url":"https:\/\/tourtravelandmore.com\/fr\/","logo":{"@type":"ImageObject","inLanguage":"fr-FR","@id":"https:\/\/tourtravelandmore.com\/fr\/#\/schema\/logo\/image\/","url":"https:\/\/tourtravelandmore.com\/wp-content\/uploads\/2022\/12\/cropped-logo-cabecera-new.png","contentUrl":"https:\/\/tourtravelandmore.com\/wp-content\/uploads\/2022\/12\/cropped-logo-cabecera-new.png","width":430,"height":61,"caption":"Tour Travel And More"},"image":{"@id":"https:\/\/tourtravelandmore.com\/fr\/#\/schema\/logo\/image\/"},"sameAs":["https:\/\/www.facebook.com\/tourtravelandmore\/","https:\/\/x.com\/TourTravel_More"]}]}},"_links":{"self":[{"href":"https:\/\/tourtravelandmore.com\/fr\/wp-json\/wp\/v2\/product\/169555","targetHints":{"allow":["GET"]}}],"collection":[{"href":"https:\/\/tourtravelandmore.com\/fr\/wp-json\/wp\/v2\/product"}],"about":[{"href":"https:\/\/tourtravelandmore.com\/fr\/wp-json\/wp\/v2\/types\/product"}],"replies":[{"embeddable":true,"href":"https:\/\/tourtravelandmore.com\/fr\/wp-json\/wp\/v2\/comments?post=169555"}],"wp:featuredmedia":[{"embeddable":true,"href":"https:\/\/tourtravelandmore.com\/fr\/wp-json\/wp\/v2\/media\/169568"}],"wp:attachment":[{"href":"https:\/\/tourtravelandmore.com\/fr\/wp-json\/wp\/v2\/media?parent=169555"}],"wp:term":[{"taxonomy":"product_brand","embeddable":true,"href":"https:\/\/tourtravelandmore.com\/fr\/wp-json\/wp\/v2\/product_brand?post=169555"},{"taxonomy":"product_cat","embeddable":true,"href":"https:\/\/tourtravelandmore.com\/fr\/wp-json\/wp\/v2\/product_cat?post=169555"},{"taxonomy":"product_tag","embeddable":true,"href":"https:\/\/tourtravelandmore.com\/fr\/wp-json\/wp\/v2\/product_tag?post=169555"}],"curies":[{"name":"wp","href":"https:\/\/api.w.org\/{rel}","templated":true}]}}