{"id":169498,"date":"2023-07-27T10:28:18","date_gmt":"2023-07-27T08:28:27","guid":{"rendered":"https:\/\/tourtravelandmore.com\/?post_type=product&#038;p=169498"},"modified":"2023-07-27T10:40:55","modified_gmt":"2023-07-27T08:40:55","slug":"visite-privee-de-venise-depuis-verone-en-train-ou-en-voiture","status":"publish","type":"product","link":"https:\/\/tourtravelandmore.com\/fr\/tours\/italie-fr\/verona-fr\/toutes-les-visites-et-activites-privees-verona-fr\/visite-privee-de-venise-depuis-verone-en-train-ou-en-voiture\/","title":{"rendered":"Visite priv\u00e9e de Venise depuis V\u00e9rone en train ou en voiture"},"content":{"rendered":"<h2><b>Visite priv\u00e9e de Venise depuis V\u00e9rone en train ou en voiture Description<\/b><\/h2>\n<p><span style=\"font-weight: 400;\">Plongez dans le charme intemporel de Venise, ville r\u00e9put\u00e9e pour ses canaux labyrinthiques, ses merveilles historiques et son ambiance enchanteresse, gr\u00e2ce \u00e0 l&#8217;excursion priv\u00e9e exclusive de 8 heures propos\u00e9e par Tour Travel and More. Le voyage de V\u00e9rone \u00e0 Venise, en voiture ou en train, d\u00e9voilera un panorama des magnifiques paysages italiens, pr\u00e9parant le terrain pour l&#8217;exp\u00e9rience magique qui vous attend dans la ville des canaux. Ce circuit m\u00e9ticuleusement con\u00e7u vise \u00e0 vous offrir une exploration intime des principales attractions et des joyaux cach\u00e9s de Venise, vous permettant d&#8217;appr\u00e9cier sa beaut\u00e9 unique et sa riche histoire.<\/span><\/p>\n<p><span style=\"font-weight: 400;\">Une fois \u00e0 Venise, vous serez accueilli par un guide local professionnel qui vous accompagnera dans les rues sinueuses de la ville et sur ses ponts embl\u00e9matiques. Gr\u00e2ce aux conseils avis\u00e9s de votre guide, vous plongerez dans l&#8217;illustre pass\u00e9 de Venise, comprendrez son pr\u00e9sent et appr\u00e9henderez son avenir. Que vous vous \u00e9merveilliez devant la grandeur architecturale de ses b\u00e2timents historiques, que vous vous perdiez dans ses ruelles enchanteresses ou que vous vous pr\u00e9lassiez dans l&#8217;environnement serein de ses canaux, chaque instant pass\u00e9 \u00e0 Venise sera un souvenir inoubliable.<\/span><\/p>\n<p><span style=\"font-weight: 400;\">Entrer dans Venise, c&#8217;est comme entrer dans une toile vivante, o\u00f9 chaque vue est un chef-d&#8217;\u0153uvre fa\u00e7onn\u00e9 par des si\u00e8cles d&#8217;histoire, d&#8217;art et de culture. En traversant le r\u00e9seau de canaux et de rues \u00e9troites, la riche tapisserie de Venise se d\u00e9ploie devant vous. Admirez les fa\u00e7ades resplendissantes des palais qui se refl\u00e8tent dans les eaux scintillantes et observez le mode de vie dynamique de la ville, o\u00f9 le pass\u00e9 et le pr\u00e9sent coexistent harmonieusement.<\/span><\/p>\n<p><span style=\"font-weight: 400;\">Il ne s&#8217;agit pas seulement de visiter les monuments, mais aussi de s&#8217;immerger dans le mode de vie v\u00e9nitien. Que ce soit en regardant les gondoliers naviguer gracieusement sur les canaux, en \u00e9coutant le carillon m\u00e9lodieux des cloches d&#8217;\u00e9glise r\u00e9sonner sur les places, en savourant des mets v\u00e9nitiens traditionnels dans une osteria locale, ou en observant le savoir-faire des souffleurs de verre de Murano, vous prendrez part \u00e0 une tranche de vie de Venise que la plupart des touristes manquent \u00e0 l&#8217;appel. Avec Tour Travel and More, chaque moment pass\u00e9 \u00e0 Venise est une exp\u00e9rience, une histoire \u00e0 d\u00e9couvrir et un souvenir que vous garderez pr\u00e9cieusement.<\/span><\/p>\n<h2><b>Visite priv\u00e9e de Venise depuis V\u00e9rone en train ou en voiture Points d&#8217;int\u00e9r\u00eat<\/b><\/h2>\n<ul>\n<li style=\"font-weight: 400;\" aria-level=\"1\"><b>Place Saint-Marc :<\/b><span style=\"font-weight: 400;\"> Commencez votre visite par la place Saint-Marc, le c\u0153ur social, religieux et politique de Venise. Connue sous le nom de &#8220;La Piazza&#8221; par les habitants, sa grandeur, avec la basilique Saint-Marc, le palais des Doges et le Campanile, vous laissera bouche b\u00e9e. Les mosa\u00efques complexes de la place, les dessins byzantins et le m\u00e9lange fascinant d&#8217;architecture orientale et occidentale t\u00e9moignent du pass\u00e9 de la ville en tant que puissante r\u00e9publique maritime.<\/span><\/li>\n<li style=\"font-weight: 400;\" aria-level=\"1\"><b>Pont du Rialto :<\/b><span style=\"font-weight: 400;\"> Ensuite, direction le pont du Rialto, l&#8217;un des symboles les plus embl\u00e9matiques de Venise. En tant que plus ancien pont traversant le canal, il offre une vue incomparable sur les voies navigables et les b\u00e2timents historiques de la ville. Son march\u00e9 anim\u00e9 est l&#8217;endroit id\u00e9al pour d\u00e9couvrir la cuisine v\u00e9nitienne et l&#8217;artisanat local.<\/span><\/li>\n<li style=\"font-weight: 400;\" aria-level=\"1\"><b>Le Grand Canal : <\/b><span style=\"font-weight: 400;\">Aucun voyage \u00e0 Venise n&#8217;est complet sans une visite du Grand Canal. Bord\u00e9 de splendides palais et ponctu\u00e9 de ponts pittoresques, ce canal en forme de S est l&#8217;art\u00e8re principale de la ville et offre un tableau exceptionnel du mode de vie v\u00e9nitien.<\/span><\/li>\n<li style=\"font-weight: 400;\" aria-level=\"1\"><b>Palais des Doges :<\/b><span style=\"font-weight: 400;\"> Explorez le palais des Doges, un superbe exemple d&#8217;architecture gothique qui servait de r\u00e9sidence au Doge, le souverain de Venise. Ses somptueux appartements, ses chambres institutionnelles et ses remarquables \u0153uvres d&#8217;art donnent un aper\u00e7u du glorieux pass\u00e9 de Venise.<\/span><\/li>\n<li style=\"font-weight: 400;\" aria-level=\"1\"><b>Promenade en gondole :<\/b><span style=\"font-weight: 400;\"> Quintessence de l&#8217;exp\u00e9rience v\u00e9nitienne, une promenade en gondole sur les voies d&#8217;eau isol\u00e9es de la ville offre une perspective unique sur la beaut\u00e9 de la ville, vous permettant de d\u00e9couvrir ses coins les moins fr\u00e9quent\u00e9s et ses endroits les plus tranquilles.<\/span><\/li>\n<\/ul>\n<p><a href=\"https:\/\/tourtravelandmore.com\/fr\/city\/italie-fr\/verona-fr\/\"><span style=\"font-weight: 400;\">Tour Travel and More vous invite \u00e0 d\u00e9couvrir sa vaste gamme de visites priv\u00e9es \u00e0 V\u00e9rone. <\/span><\/a><span style=\"font-weight: 400;\">Choisissez parmi nos exp\u00e9riences s\u00e9lectionn\u00e9es par nos experts et laissez-nous vous guider dans un voyage inoubliable \u00e0 travers les destinations les plus s\u00e9duisantes d&#8217;Italie.<\/span><\/p>\n","protected":false},"excerpt":{"rendered":"<p><span style=\"font-weight: 400;\">D\u00e9couvrez les merveilles de Venise lors d&#8217;une visite priv\u00e9e de 8 heures au d\u00e9part de V\u00e9rone. De la place Saint-Marc \u00e0 une promenade en gondole classique, d\u00e9couvrez les sites embl\u00e9matiques de la ville avec Tour Travel and More.<\/span><\/p>\n","protected":false},"featured_media":169508,"comment_status":"open","ping_status":"closed","template":"","meta":{"_acf_changed":false},"product_brand":[],"product_cat":[3707,4315,4316],"product_tag":[],"class_list":{"0":"post-169498","1":"product","2":"type-product","3":"status-publish","4":"has-post-thumbnail","6":"product_cat-verona-fr","7":"product_cat-toutes-les-visites-et-activites-privees-verona-fr","8":"product_cat-visites-guidees-privees-verona-fr","10":"first","11":"instock","12":"shipping-taxable","13":"purchasable","14":"product-type-simple"},"acf":[],"yoast_head":"<!-- This site is optimized with the Yoast SEO Premium plugin v25.3.1 (Yoast SEO v25.3.1) - https:\/\/yoast.com\/wordpress\/plugins\/seo\/ -->\n<title>\u27a1\ufe0f Explorez Venise : Visite priv\u00e9e depuis V\u00e9rone avec Tour Travel and More<\/title>\n<meta name=\"description\" content=\"D\u00e9couvrez la ville enchanteresse de Venise gr\u00e2ce \u00e0 une visite priv\u00e9e de 8 heures au d\u00e9part de V\u00e9rone. Visitez des sites embl\u00e9matiques, et profitez d&#039;une promenade classique en gondole. R\u00e9servez d\u00e8s maintenant avec Tour Travel and More \u2705\" \/>\n<meta name=\"robots\" content=\"index, follow, max-snippet:-1, max-image-preview:large, max-video-preview:-1\" \/>\n<link rel=\"canonical\" href=\"https:\/\/tourtravelandmore.com\/fr\/tours\/italie-fr\/verona-fr\/toutes-les-visites-et-activites-privees-verona-fr\/visite-privee-de-venise-depuis-verone-en-train-ou-en-voiture\/\" \/>\n<meta property=\"og:locale\" content=\"fr_FR\" \/>\n<meta property=\"og:type\" content=\"article\" \/>\n<meta property=\"og:title\" content=\"Visite priv\u00e9e de Venise depuis V\u00e9rone en train ou en voiture\" \/>\n<meta property=\"og:description\" content=\"D\u00e9couvrez la ville enchanteresse de Venise gr\u00e2ce \u00e0 une visite priv\u00e9e de 8 heures au d\u00e9part de V\u00e9rone. Visitez des sites embl\u00e9matiques, et profitez d&#039;une promenade classique en gondole. R\u00e9servez d\u00e8s maintenant avec Tour Travel and More \u2705\" \/>\n<meta property=\"og:url\" content=\"https:\/\/tourtravelandmore.com\/fr\/tours\/italie-fr\/verona-fr\/toutes-les-visites-et-activites-privees-verona-fr\/visite-privee-de-venise-depuis-verone-en-train-ou-en-voiture\/\" \/>\n<meta property=\"og:site_name\" content=\"Tour Travel And More\" \/>\n<meta property=\"article:publisher\" content=\"https:\/\/www.facebook.com\/tourtravelandmore\/\" \/>\n<meta property=\"article:modified_time\" content=\"2023-07-27T08:40:55+00:00\" \/>\n<meta property=\"og:image\" content=\"https:\/\/tourtravelandmore.com\/wp-content\/uploads\/2023\/07\/image1-3.jpg\" \/>\n\t<meta property=\"og:image:width\" content=\"1250\" \/>\n\t<meta property=\"og:image:height\" content=\"750\" \/>\n\t<meta property=\"og:image:type\" content=\"image\/jpeg\" \/>\n<meta name=\"twitter:card\" content=\"summary_large_image\" \/>\n<meta name=\"twitter:site\" content=\"@TourTravel_More\" \/>\n<meta name=\"twitter:label1\" content=\"Dur\u00e9e de lecture estim\u00e9e\" \/>\n\t<meta name=\"twitter:data1\" content=\"4 minutes\" \/>\n<script type=\"application\/ld+json\" class=\"yoast-schema-graph\">{\"@context\":\"https:\/\/schema.org\",\"@graph\":[{\"@type\":\"WebPage\",\"@id\":\"https:\/\/tourtravelandmore.com\/fr\/tours\/italie-fr\/verona-fr\/toutes-les-visites-et-activites-privees-verona-fr\/visite-privee-de-venise-depuis-verone-en-train-ou-en-voiture\/\",\"url\":\"https:\/\/tourtravelandmore.com\/fr\/tours\/italie-fr\/verona-fr\/toutes-les-visites-et-activites-privees-verona-fr\/visite-privee-de-venise-depuis-verone-en-train-ou-en-voiture\/\",\"name\":\"\u27a1\ufe0f Explorez Venise : Visite priv\u00e9e depuis V\u00e9rone avec Tour Travel and More\",\"isPartOf\":{\"@id\":\"https:\/\/tourtravelandmore.com\/fr\/#website\"},\"primaryImageOfPage\":{\"@id\":\"https:\/\/tourtravelandmore.com\/fr\/tours\/italie-fr\/verona-fr\/toutes-les-visites-et-activites-privees-verona-fr\/visite-privee-de-venise-depuis-verone-en-train-ou-en-voiture\/#primaryimage\"},\"image\":{\"@id\":\"https:\/\/tourtravelandmore.com\/fr\/tours\/italie-fr\/verona-fr\/toutes-les-visites-et-activites-privees-verona-fr\/visite-privee-de-venise-depuis-verone-en-train-ou-en-voiture\/#primaryimage\"},\"thumbnailUrl\":\"https:\/\/tourtravelandmore.com\/wp-content\/uploads\/2023\/07\/image1-3.jpg\",\"datePublished\":\"2023-07-27T08:28:27+00:00\",\"dateModified\":\"2023-07-27T08:40:55+00:00\",\"description\":\"D\u00e9couvrez la ville enchanteresse de Venise gr\u00e2ce \u00e0 une visite priv\u00e9e de 8 heures au d\u00e9part de V\u00e9rone. Visitez des sites embl\u00e9matiques, et profitez d'une promenade classique en gondole. R\u00e9servez d\u00e8s maintenant avec Tour Travel and More \u2705\",\"breadcrumb\":{\"@id\":\"https:\/\/tourtravelandmore.com\/fr\/tours\/italie-fr\/verona-fr\/toutes-les-visites-et-activites-privees-verona-fr\/visite-privee-de-venise-depuis-verone-en-train-ou-en-voiture\/#breadcrumb\"},\"inLanguage\":\"fr-FR\",\"potentialAction\":[{\"@type\":\"ReadAction\",\"target\":[\"https:\/\/tourtravelandmore.com\/fr\/tours\/italie-fr\/verona-fr\/toutes-les-visites-et-activites-privees-verona-fr\/visite-privee-de-venise-depuis-verone-en-train-ou-en-voiture\/\"]}]},{\"@type\":\"ImageObject\",\"inLanguage\":\"fr-FR\",\"@id\":\"https:\/\/tourtravelandmore.com\/fr\/tours\/italie-fr\/verona-fr\/toutes-les-visites-et-activites-privees-verona-fr\/visite-privee-de-venise-depuis-verone-en-train-ou-en-voiture\/#primaryimage\",\"url\":\"https:\/\/tourtravelandmore.com\/wp-content\/uploads\/2023\/07\/image1-3.jpg\",\"contentUrl\":\"https:\/\/tourtravelandmore.com\/wp-content\/uploads\/2023\/07\/image1-3.jpg\",\"width\":1250,\"height\":750},{\"@type\":\"BreadcrumbList\",\"@id\":\"https:\/\/tourtravelandmore.com\/fr\/tours\/italie-fr\/verona-fr\/toutes-les-visites-et-activites-privees-verona-fr\/visite-privee-de-venise-depuis-verone-en-train-ou-en-voiture\/#breadcrumb\",\"itemListElement\":[{\"@type\":\"ListItem\",\"position\":1,\"name\":\"Home\",\"item\":\"https:\/\/tourtravelandmore.com\/fr\/\"},{\"@type\":\"ListItem\",\"position\":2,\"name\":\"Tours\",\"item\":\"https:\/\/tourtravelandmore.com\/fr\/tours\/\"},{\"@type\":\"ListItem\",\"position\":3,\"name\":\"Visite priv\u00e9e de Venise depuis V\u00e9rone en train ou en voiture\"}]},{\"@type\":\"WebSite\",\"@id\":\"https:\/\/tourtravelandmore.com\/fr\/#website\",\"url\":\"https:\/\/tourtravelandmore.com\/fr\/\",\"name\":\"Tour Travel And More\",\"description\":\"Private sightseeing tours and luxury transfers in Spain\",\"publisher\":{\"@id\":\"https:\/\/tourtravelandmore.com\/fr\/#organization\"},\"potentialAction\":[{\"@type\":\"SearchAction\",\"target\":{\"@type\":\"EntryPoint\",\"urlTemplate\":\"https:\/\/tourtravelandmore.com\/fr\/?s={search_term_string}\"},\"query-input\":{\"@type\":\"PropertyValueSpecification\",\"valueRequired\":true,\"valueName\":\"search_term_string\"}}],\"inLanguage\":\"fr-FR\"},{\"@type\":\"Organization\",\"@id\":\"https:\/\/tourtravelandmore.com\/fr\/#organization\",\"name\":\"Tour Travel And More\",\"url\":\"https:\/\/tourtravelandmore.com\/fr\/\",\"logo\":{\"@type\":\"ImageObject\",\"inLanguage\":\"fr-FR\",\"@id\":\"https:\/\/tourtravelandmore.com\/fr\/#\/schema\/logo\/image\/\",\"url\":\"https:\/\/tourtravelandmore.com\/wp-content\/uploads\/2022\/12\/cropped-logo-cabecera-new.png\",\"contentUrl\":\"https:\/\/tourtravelandmore.com\/wp-content\/uploads\/2022\/12\/cropped-logo-cabecera-new.png\",\"width\":430,\"height\":61,\"caption\":\"Tour Travel And More\"},\"image\":{\"@id\":\"https:\/\/tourtravelandmore.com\/fr\/#\/schema\/logo\/image\/\"},\"sameAs\":[\"https:\/\/www.facebook.com\/tourtravelandmore\/\",\"https:\/\/x.com\/TourTravel_More\"]}]}<\/script>\n<!-- \/ Yoast SEO Premium plugin. -->","yoast_head_json":{"title":"\u27a1\ufe0f Explorez Venise : Visite priv\u00e9e depuis V\u00e9rone avec Tour Travel and More","description":"D\u00e9couvrez la ville enchanteresse de Venise gr\u00e2ce \u00e0 une visite priv\u00e9e de 8 heures au d\u00e9part de V\u00e9rone. Visitez des sites embl\u00e9matiques, et profitez d'une promenade classique en gondole. R\u00e9servez d\u00e8s maintenant avec Tour Travel and More \u2705","robots":{"index":"index","follow":"follow","max-snippet":"max-snippet:-1","max-image-preview":"max-image-preview:large","max-video-preview":"max-video-preview:-1"},"canonical":"https:\/\/tourtravelandmore.com\/fr\/tours\/italie-fr\/verona-fr\/toutes-les-visites-et-activites-privees-verona-fr\/visite-privee-de-venise-depuis-verone-en-train-ou-en-voiture\/","og_locale":"fr_FR","og_type":"article","og_title":"Visite priv\u00e9e de Venise depuis V\u00e9rone en train ou en voiture","og_description":"D\u00e9couvrez la ville enchanteresse de Venise gr\u00e2ce \u00e0 une visite priv\u00e9e de 8 heures au d\u00e9part de V\u00e9rone. Visitez des sites embl\u00e9matiques, et profitez d'une promenade classique en gondole. R\u00e9servez d\u00e8s maintenant avec Tour Travel and More \u2705","og_url":"https:\/\/tourtravelandmore.com\/fr\/tours\/italie-fr\/verona-fr\/toutes-les-visites-et-activites-privees-verona-fr\/visite-privee-de-venise-depuis-verone-en-train-ou-en-voiture\/","og_site_name":"Tour Travel And More","article_publisher":"https:\/\/www.facebook.com\/tourtravelandmore\/","article_modified_time":"2023-07-27T08:40:55+00:00","og_image":[{"width":1250,"height":750,"url":"https:\/\/tourtravelandmore.com\/wp-content\/uploads\/2023\/07\/image1-3.jpg","type":"image\/jpeg"}],"twitter_card":"summary_large_image","twitter_site":"@TourTravel_More","twitter_misc":{"Dur\u00e9e de lecture estim\u00e9e":"4 minutes"},"schema":{"@context":"https:\/\/schema.org","@graph":[{"@type":"WebPage","@id":"https:\/\/tourtravelandmore.com\/fr\/tours\/italie-fr\/verona-fr\/toutes-les-visites-et-activites-privees-verona-fr\/visite-privee-de-venise-depuis-verone-en-train-ou-en-voiture\/","url":"https:\/\/tourtravelandmore.com\/fr\/tours\/italie-fr\/verona-fr\/toutes-les-visites-et-activites-privees-verona-fr\/visite-privee-de-venise-depuis-verone-en-train-ou-en-voiture\/","name":"\u27a1\ufe0f Explorez Venise : Visite priv\u00e9e depuis V\u00e9rone avec Tour Travel and More","isPartOf":{"@id":"https:\/\/tourtravelandmore.com\/fr\/#website"},"primaryImageOfPage":{"@id":"https:\/\/tourtravelandmore.com\/fr\/tours\/italie-fr\/verona-fr\/toutes-les-visites-et-activites-privees-verona-fr\/visite-privee-de-venise-depuis-verone-en-train-ou-en-voiture\/#primaryimage"},"image":{"@id":"https:\/\/tourtravelandmore.com\/fr\/tours\/italie-fr\/verona-fr\/toutes-les-visites-et-activites-privees-verona-fr\/visite-privee-de-venise-depuis-verone-en-train-ou-en-voiture\/#primaryimage"},"thumbnailUrl":"https:\/\/tourtravelandmore.com\/wp-content\/uploads\/2023\/07\/image1-3.jpg","datePublished":"2023-07-27T08:28:27+00:00","dateModified":"2023-07-27T08:40:55+00:00","description":"D\u00e9couvrez la ville enchanteresse de Venise gr\u00e2ce \u00e0 une visite priv\u00e9e de 8 heures au d\u00e9part de V\u00e9rone. Visitez des sites embl\u00e9matiques, et profitez d'une promenade classique en gondole. R\u00e9servez d\u00e8s maintenant avec Tour Travel and More \u2705","breadcrumb":{"@id":"https:\/\/tourtravelandmore.com\/fr\/tours\/italie-fr\/verona-fr\/toutes-les-visites-et-activites-privees-verona-fr\/visite-privee-de-venise-depuis-verone-en-train-ou-en-voiture\/#breadcrumb"},"inLanguage":"fr-FR","potentialAction":[{"@type":"ReadAction","target":["https:\/\/tourtravelandmore.com\/fr\/tours\/italie-fr\/verona-fr\/toutes-les-visites-et-activites-privees-verona-fr\/visite-privee-de-venise-depuis-verone-en-train-ou-en-voiture\/"]}]},{"@type":"ImageObject","inLanguage":"fr-FR","@id":"https:\/\/tourtravelandmore.com\/fr\/tours\/italie-fr\/verona-fr\/toutes-les-visites-et-activites-privees-verona-fr\/visite-privee-de-venise-depuis-verone-en-train-ou-en-voiture\/#primaryimage","url":"https:\/\/tourtravelandmore.com\/wp-content\/uploads\/2023\/07\/image1-3.jpg","contentUrl":"https:\/\/tourtravelandmore.com\/wp-content\/uploads\/2023\/07\/image1-3.jpg","width":1250,"height":750},{"@type":"BreadcrumbList","@id":"https:\/\/tourtravelandmore.com\/fr\/tours\/italie-fr\/verona-fr\/toutes-les-visites-et-activites-privees-verona-fr\/visite-privee-de-venise-depuis-verone-en-train-ou-en-voiture\/#breadcrumb","itemListElement":[{"@type":"ListItem","position":1,"name":"Home","item":"https:\/\/tourtravelandmore.com\/fr\/"},{"@type":"ListItem","position":2,"name":"Tours","item":"https:\/\/tourtravelandmore.com\/fr\/tours\/"},{"@type":"ListItem","position":3,"name":"Visite priv\u00e9e de Venise depuis V\u00e9rone en train ou en voiture"}]},{"@type":"WebSite","@id":"https:\/\/tourtravelandmore.com\/fr\/#website","url":"https:\/\/tourtravelandmore.com\/fr\/","name":"Tour Travel And More","description":"Private sightseeing tours and luxury transfers in Spain","publisher":{"@id":"https:\/\/tourtravelandmore.com\/fr\/#organization"},"potentialAction":[{"@type":"SearchAction","target":{"@type":"EntryPoint","urlTemplate":"https:\/\/tourtravelandmore.com\/fr\/?s={search_term_string}"},"query-input":{"@type":"PropertyValueSpecification","valueRequired":true,"valueName":"search_term_string"}}],"inLanguage":"fr-FR"},{"@type":"Organization","@id":"https:\/\/tourtravelandmore.com\/fr\/#organization","name":"Tour Travel And More","url":"https:\/\/tourtravelandmore.com\/fr\/","logo":{"@type":"ImageObject","inLanguage":"fr-FR","@id":"https:\/\/tourtravelandmore.com\/fr\/#\/schema\/logo\/image\/","url":"https:\/\/tourtravelandmore.com\/wp-content\/uploads\/2022\/12\/cropped-logo-cabecera-new.png","contentUrl":"https:\/\/tourtravelandmore.com\/wp-content\/uploads\/2022\/12\/cropped-logo-cabecera-new.png","width":430,"height":61,"caption":"Tour Travel And More"},"image":{"@id":"https:\/\/tourtravelandmore.com\/fr\/#\/schema\/logo\/image\/"},"sameAs":["https:\/\/www.facebook.com\/tourtravelandmore\/","https:\/\/x.com\/TourTravel_More"]}]}},"_links":{"self":[{"href":"https:\/\/tourtravelandmore.com\/fr\/wp-json\/wp\/v2\/product\/169498","targetHints":{"allow":["GET"]}}],"collection":[{"href":"https:\/\/tourtravelandmore.com\/fr\/wp-json\/wp\/v2\/product"}],"about":[{"href":"https:\/\/tourtravelandmore.com\/fr\/wp-json\/wp\/v2\/types\/product"}],"replies":[{"embeddable":true,"href":"https:\/\/tourtravelandmore.com\/fr\/wp-json\/wp\/v2\/comments?post=169498"}],"wp:featuredmedia":[{"embeddable":true,"href":"https:\/\/tourtravelandmore.com\/fr\/wp-json\/wp\/v2\/media\/169508"}],"wp:attachment":[{"href":"https:\/\/tourtravelandmore.com\/fr\/wp-json\/wp\/v2\/media?parent=169498"}],"wp:term":[{"taxonomy":"product_brand","embeddable":true,"href":"https:\/\/tourtravelandmore.com\/fr\/wp-json\/wp\/v2\/product_brand?post=169498"},{"taxonomy":"product_cat","embeddable":true,"href":"https:\/\/tourtravelandmore.com\/fr\/wp-json\/wp\/v2\/product_cat?post=169498"},{"taxonomy":"product_tag","embeddable":true,"href":"https:\/\/tourtravelandmore.com\/fr\/wp-json\/wp\/v2\/product_tag?post=169498"}],"curies":[{"name":"wp","href":"https:\/\/api.w.org\/{rel}","templated":true}]}}