{"id":169463,"date":"2023-07-26T15:47:40","date_gmt":"2023-07-26T13:47:52","guid":{"rendered":"https:\/\/tourtravelandmore.com\/?post_type=product&#038;p=169463"},"modified":"2024-05-02T16:44:03","modified_gmt":"2024-05-02T14:44:03","slug":"excursion-privee-dans-les-dolomites-au-depart-de-verone","status":"publish","type":"product","link":"https:\/\/tourtravelandmore.com\/fr\/tours\/italie-fr\/verona-fr\/toutes-les-visites-et-activites-privees-verona-fr\/excursion-privee-dans-les-dolomites-au-depart-de-verone\/","title":{"rendered":"Excursion priv\u00e9e dans les Dolomites au d\u00e9part de V\u00e9rone"},"content":{"rendered":"<h2><b>Excursion priv\u00e9e dans les Dolomites au d\u00e9part de V\u00e9rone Description<\/b><\/h2>\n<p><span style=\"font-weight: 400;\">Embarquez pour un voyage captivant au c\u0153ur des Alpes italiennes avec l&#8217;excursion priv\u00e9e dans les Dolomites au d\u00e9part de V\u00e9rone propos\u00e9e par Tour Travel and More. Ce circuit priv\u00e9 de 10 heures, organis\u00e9 par des experts, vous invite \u00e0 fuir la ville anim\u00e9e et \u00e0 vous immerger dans la beaut\u00e9 sereine des Dolomites, un site class\u00e9 au patrimoine mondial de l&#8217;UNESCO et c\u00e9l\u00e8bre pour ses paysages de montagne \u00e0 couper le souffle, ses vall\u00e9es verdoyantes et son charme alpin.<\/span><\/p>\n<p><span style=\"font-weight: 400;\">Commencez votre aventure dans le confort et la commodit\u00e9 d&#8217;un transport priv\u00e9 depuis V\u00e9rone. Alors que vous passez de la ville anim\u00e9e \u00e0 la campagne tranquille, vos sens seront mis en \u00e9veil par l&#8217;odeur unique de l&#8217;air frais des Alpes, le panorama des sommets majestueux et les sons m\u00e9lodieux de la nature. Chaque virage de la route r\u00e9v\u00e8le une vue \u00e0 couper le souffle sur des sommets imposants, des lacs immacul\u00e9s et des prairies fleuries.<\/span><\/p>\n<p><span style=\"font-weight: 400;\">Votre voyage sera conduit par un chauffeur-guide expert qui vous escortera \u00e0 travers les sites enchanteurs et les routes pittoresques qui se d\u00e9voilent le long du chemin. Vous profiterez d&#8217;une narration approfondie remplie de faits intrigants, de l\u00e9gendes fascinantes et de commentaires perspicaces sur les ph\u00e9nom\u00e8nes g\u00e9ologiques uniques qui ont fa\u00e7onn\u00e9 ce paysage spectaculaire.<\/span><\/p>\n<h2><b>Circuit priv\u00e9 dans les Dolomites au d\u00e9part de V\u00e9rone Points d&#8217;int\u00e9r\u00eat<\/b><\/h2>\n<ul>\n<li style=\"font-weight: 400;\" aria-level=\"1\"><b>Les Dolomites :<\/b><span style=\"font-weight: 400;\"> Admirez la beaut\u00e9 spectaculaire des Dolomites, une cha\u00eene de montagnes qui domine le nord-est de l&#8217;Italie. Nomm\u00e9es d&#8217;apr\u00e8s le type unique de roche carbonat\u00e9e que l&#8217;on y trouve, les Dolomites comptent un nombre impressionnant de sommets, dont certains atteignent plus de 3 000 m\u00e8tres d&#8217;altitude. Ces montagnes sont c\u00e9l\u00e8bres pour leurs teintes extraordinairement vibrantes, qui passent du rose du lever du soleil au feu du coucher du soleil, offrant un spectacle visuel vraiment inoubliable. Leur histoire g\u00e9ologique fascinante et la diversit\u00e9 de leur flore et de leur faune en ont fait une destination de grand int\u00e9r\u00eat scientifique et un lieu de pr\u00e9dilection pour les amoureux de la nature.<\/span><\/li>\n<li style=\"font-weight: 400;\" aria-level=\"1\"><b> Le lac d&#8217;Auronzo: <\/b>Un plan d&#8217;eau limpide qui est l&#8217;un des plus \u00e9vocateurs et des plus visit\u00e9s de la V\u00e9n\u00e9tie, s&#8217;\u00e9tend sur deux kilom\u00e8tres le long de la vall\u00e9e d&#8217;Ansei, \u00e0 Auronzo di Cadore.<\/li>\n<li style=\"font-weight: 400;\" aria-level=\"1\"><b>Lac Misurina :<\/b><span style=\"font-weight: 400;\"> Votre voyage vous m\u00e8nera ensuite au lac Misurina, le plus grand lac naturel de la r\u00e9gion du Cadore, souvent appel\u00e9 la &#8220;perle des Dolomites&#8221;. Situ\u00e9 au milieu de for\u00eats luxuriantes et surplomb\u00e9 par les sommets environnants, ce lac cristallin offre des vues \u00e0 couper le souffle et un cadre paisible. Sa beaut\u00e9 sereine a inspir\u00e9 de nombreuses l\u00e9gendes et c&#8217;est un lieu de pr\u00e9dilection pour la r\u00e9flexion et la relaxation.<\/span><\/li>\n<li style=\"font-weight: 400;\" aria-level=\"1\"><b>Cortina d&#8217;Ampezzo :<\/b><span style=\"font-weight: 400;\"> surnomm\u00e9e la &#8220;reine des Dolomites&#8221;, Cortina d&#8217;Ampezzo est une charmante ville alpine c\u00e9l\u00e8bre pour ses excellentes pistes de ski, ses paysages de montagne et ses boutiques de luxe. Son charme r\u00e9side dans son m\u00e9lange unique d&#8217;\u00e9l\u00e9gance italienne et de tradition autrichienne. Vous pourrez vous y promener tranquillement, vous laisser tenter par la cuisine locale ou tout simplement vous impr\u00e9gner du d\u00e9cor montagneux \u00e0 couper le souffle.<\/span><\/li>\n<\/ul>\n<p><span style=\"font-weight: 400;\">Un circuit priv\u00e9 dans les Dolomites au d\u00e9part de V\u00e9rone est plus qu&#8217;une simple excursion : c&#8217;est une invitation \u00e0 d\u00e9couvrir la grandeur de la nature et la <\/span><a href=\"https:\/\/tourtravelandmore.com\/fr\/city\/italie-fr\/verona-fr\/\"><span style=\"font-weight: 400;\">richesse de la culture locale dans l&#8217;un des paysages les plus extraordinaires d&#8217;Italie<\/span><\/a><span style=\"font-weight: 400;\">.<\/span><span style=\"font-weight: 400;\"> Tour Travel and More se consacre \u00e0 rendre votre voyage inoubliable, en vous fournissant des conseils d&#8217;experts et un service personnalis\u00e9 tout au long de votre voyage. Nous vous invitons \u00e0 d\u00e9couvrir la liste compl\u00e8te des circuits priv\u00e9s que nous proposons sur notre site web.<\/span><\/p>\n","protected":false},"excerpt":{"rendered":"<p><span style=\"font-weight: 400;\">D\u00e9couvrez la majest\u00e9 des Dolomites lors d&#8217;un circuit priv\u00e9 au d\u00e9part de V\u00e9rone. Explorez des paysages de montagne \u00e0 couper le souffle, plongez dans la culture locale et \u00e9merveillez-vous devant les merveilles g\u00e9ologiques uniques de ce site class\u00e9 au patrimoine mondial de l&#8217;UNESCO avec Tour Travel and More<\/span><\/p>\n","protected":false},"featured_media":169479,"comment_status":"open","ping_status":"closed","template":"","meta":{"_acf_changed":false},"product_brand":[],"product_cat":[3707,4315,4316],"product_tag":[],"class_list":{"0":"post-169463","1":"product","2":"type-product","3":"status-publish","4":"has-post-thumbnail","6":"product_cat-verona-fr","7":"product_cat-toutes-les-visites-et-activites-privees-verona-fr","8":"product_cat-visites-guidees-privees-verona-fr","10":"first","11":"instock","12":"shipping-taxable","13":"purchasable","14":"product-type-simple"},"acf":[],"yoast_head":"<!-- This site is optimized with the Yoast SEO Premium plugin v25.3.1 (Yoast SEO v25.3.1) - https:\/\/yoast.com\/wordpress\/plugins\/seo\/ -->\n<title>\u27a1\ufe0f D\u00e9couvrez les Dolomites : Excursion priv\u00e9e au d\u00e9part de V\u00e9rone avec Tour Travel and More<\/title>\n<meta name=\"description\" content=\"Aventurez-vous dans une excursion priv\u00e9e dans les Dolomites au d\u00e9part de V\u00e9rone, \u00e0 la d\u00e9couverte de panoramas montagneux \u00e0 couper le souffle, d&#039;une culture riche et de merveilles g\u00e9ologiques uniques. \u2705\" \/>\n<meta name=\"robots\" content=\"index, follow, max-snippet:-1, max-image-preview:large, max-video-preview:-1\" \/>\n<link rel=\"canonical\" href=\"https:\/\/tourtravelandmore.com\/fr\/tours\/italie-fr\/verona-fr\/toutes-les-visites-et-activites-privees-verona-fr\/excursion-privee-dans-les-dolomites-au-depart-de-verone\/\" \/>\n<meta property=\"og:locale\" content=\"fr_FR\" \/>\n<meta property=\"og:type\" content=\"article\" \/>\n<meta property=\"og:title\" content=\"Excursion priv\u00e9e dans les Dolomites au d\u00e9part de V\u00e9rone\" \/>\n<meta property=\"og:description\" content=\"Aventurez-vous dans une excursion priv\u00e9e dans les Dolomites au d\u00e9part de V\u00e9rone, \u00e0 la d\u00e9couverte de panoramas montagneux \u00e0 couper le souffle, d&#039;une culture riche et de merveilles g\u00e9ologiques uniques. \u2705\" \/>\n<meta property=\"og:url\" content=\"https:\/\/tourtravelandmore.com\/fr\/tours\/italie-fr\/verona-fr\/toutes-les-visites-et-activites-privees-verona-fr\/excursion-privee-dans-les-dolomites-au-depart-de-verone\/\" \/>\n<meta property=\"og:site_name\" content=\"Tour Travel And More\" \/>\n<meta property=\"article:publisher\" content=\"https:\/\/www.facebook.com\/tourtravelandmore\/\" \/>\n<meta property=\"article:modified_time\" content=\"2024-05-02T14:44:03+00:00\" \/>\n<meta property=\"og:image\" content=\"https:\/\/tourtravelandmore.com\/wp-content\/uploads\/2023\/07\/image3-1.jpg\" \/>\n\t<meta property=\"og:image:width\" content=\"1250\" \/>\n\t<meta property=\"og:image:height\" content=\"750\" \/>\n\t<meta property=\"og:image:type\" content=\"image\/jpeg\" \/>\n<meta name=\"twitter:card\" content=\"summary_large_image\" \/>\n<meta name=\"twitter:site\" content=\"@TourTravel_More\" \/>\n<meta name=\"twitter:label1\" content=\"Dur\u00e9e de lecture estim\u00e9e\" \/>\n\t<meta name=\"twitter:data1\" content=\"3 minutes\" \/>\n<script type=\"application\/ld+json\" class=\"yoast-schema-graph\">{\"@context\":\"https:\/\/schema.org\",\"@graph\":[{\"@type\":\"WebPage\",\"@id\":\"https:\/\/tourtravelandmore.com\/fr\/tours\/italie-fr\/verona-fr\/toutes-les-visites-et-activites-privees-verona-fr\/excursion-privee-dans-les-dolomites-au-depart-de-verone\/\",\"url\":\"https:\/\/tourtravelandmore.com\/fr\/tours\/italie-fr\/verona-fr\/toutes-les-visites-et-activites-privees-verona-fr\/excursion-privee-dans-les-dolomites-au-depart-de-verone\/\",\"name\":\"\u27a1\ufe0f D\u00e9couvrez les Dolomites : Excursion priv\u00e9e au d\u00e9part de V\u00e9rone avec Tour Travel and More\",\"isPartOf\":{\"@id\":\"https:\/\/tourtravelandmore.com\/fr\/#website\"},\"primaryImageOfPage\":{\"@id\":\"https:\/\/tourtravelandmore.com\/fr\/tours\/italie-fr\/verona-fr\/toutes-les-visites-et-activites-privees-verona-fr\/excursion-privee-dans-les-dolomites-au-depart-de-verone\/#primaryimage\"},\"image\":{\"@id\":\"https:\/\/tourtravelandmore.com\/fr\/tours\/italie-fr\/verona-fr\/toutes-les-visites-et-activites-privees-verona-fr\/excursion-privee-dans-les-dolomites-au-depart-de-verone\/#primaryimage\"},\"thumbnailUrl\":\"https:\/\/tourtravelandmore.com\/wp-content\/uploads\/2023\/07\/image3-1.jpg\",\"datePublished\":\"2023-07-26T13:47:52+00:00\",\"dateModified\":\"2024-05-02T14:44:03+00:00\",\"description\":\"Aventurez-vous dans une excursion priv\u00e9e dans les Dolomites au d\u00e9part de V\u00e9rone, \u00e0 la d\u00e9couverte de panoramas montagneux \u00e0 couper le souffle, d'une culture riche et de merveilles g\u00e9ologiques uniques. \u2705\",\"breadcrumb\":{\"@id\":\"https:\/\/tourtravelandmore.com\/fr\/tours\/italie-fr\/verona-fr\/toutes-les-visites-et-activites-privees-verona-fr\/excursion-privee-dans-les-dolomites-au-depart-de-verone\/#breadcrumb\"},\"inLanguage\":\"fr-FR\",\"potentialAction\":[{\"@type\":\"ReadAction\",\"target\":[\"https:\/\/tourtravelandmore.com\/fr\/tours\/italie-fr\/verona-fr\/toutes-les-visites-et-activites-privees-verona-fr\/excursion-privee-dans-les-dolomites-au-depart-de-verone\/\"]}]},{\"@type\":\"ImageObject\",\"inLanguage\":\"fr-FR\",\"@id\":\"https:\/\/tourtravelandmore.com\/fr\/tours\/italie-fr\/verona-fr\/toutes-les-visites-et-activites-privees-verona-fr\/excursion-privee-dans-les-dolomites-au-depart-de-verone\/#primaryimage\",\"url\":\"https:\/\/tourtravelandmore.com\/wp-content\/uploads\/2023\/07\/image3-1.jpg\",\"contentUrl\":\"https:\/\/tourtravelandmore.com\/wp-content\/uploads\/2023\/07\/image3-1.jpg\",\"width\":1250,\"height\":750},{\"@type\":\"BreadcrumbList\",\"@id\":\"https:\/\/tourtravelandmore.com\/fr\/tours\/italie-fr\/verona-fr\/toutes-les-visites-et-activites-privees-verona-fr\/excursion-privee-dans-les-dolomites-au-depart-de-verone\/#breadcrumb\",\"itemListElement\":[{\"@type\":\"ListItem\",\"position\":1,\"name\":\"Home\",\"item\":\"https:\/\/tourtravelandmore.com\/fr\/\"},{\"@type\":\"ListItem\",\"position\":2,\"name\":\"Tours\",\"item\":\"https:\/\/tourtravelandmore.com\/fr\/tours\/\"},{\"@type\":\"ListItem\",\"position\":3,\"name\":\"Excursion priv\u00e9e dans les Dolomites au d\u00e9part de V\u00e9rone\"}]},{\"@type\":\"WebSite\",\"@id\":\"https:\/\/tourtravelandmore.com\/fr\/#website\",\"url\":\"https:\/\/tourtravelandmore.com\/fr\/\",\"name\":\"Tour Travel And More\",\"description\":\"Private sightseeing tours and luxury transfers in Spain\",\"publisher\":{\"@id\":\"https:\/\/tourtravelandmore.com\/fr\/#organization\"},\"potentialAction\":[{\"@type\":\"SearchAction\",\"target\":{\"@type\":\"EntryPoint\",\"urlTemplate\":\"https:\/\/tourtravelandmore.com\/fr\/?s={search_term_string}\"},\"query-input\":{\"@type\":\"PropertyValueSpecification\",\"valueRequired\":true,\"valueName\":\"search_term_string\"}}],\"inLanguage\":\"fr-FR\"},{\"@type\":\"Organization\",\"@id\":\"https:\/\/tourtravelandmore.com\/fr\/#organization\",\"name\":\"Tour Travel And More\",\"url\":\"https:\/\/tourtravelandmore.com\/fr\/\",\"logo\":{\"@type\":\"ImageObject\",\"inLanguage\":\"fr-FR\",\"@id\":\"https:\/\/tourtravelandmore.com\/fr\/#\/schema\/logo\/image\/\",\"url\":\"https:\/\/tourtravelandmore.com\/wp-content\/uploads\/2022\/12\/cropped-logo-cabecera-new.png\",\"contentUrl\":\"https:\/\/tourtravelandmore.com\/wp-content\/uploads\/2022\/12\/cropped-logo-cabecera-new.png\",\"width\":430,\"height\":61,\"caption\":\"Tour Travel And More\"},\"image\":{\"@id\":\"https:\/\/tourtravelandmore.com\/fr\/#\/schema\/logo\/image\/\"},\"sameAs\":[\"https:\/\/www.facebook.com\/tourtravelandmore\/\",\"https:\/\/x.com\/TourTravel_More\"]}]}<\/script>\n<!-- \/ Yoast SEO Premium plugin. -->","yoast_head_json":{"title":"\u27a1\ufe0f D\u00e9couvrez les Dolomites : Excursion priv\u00e9e au d\u00e9part de V\u00e9rone avec Tour Travel and More","description":"Aventurez-vous dans une excursion priv\u00e9e dans les Dolomites au d\u00e9part de V\u00e9rone, \u00e0 la d\u00e9couverte de panoramas montagneux \u00e0 couper le souffle, d'une culture riche et de merveilles g\u00e9ologiques uniques. \u2705","robots":{"index":"index","follow":"follow","max-snippet":"max-snippet:-1","max-image-preview":"max-image-preview:large","max-video-preview":"max-video-preview:-1"},"canonical":"https:\/\/tourtravelandmore.com\/fr\/tours\/italie-fr\/verona-fr\/toutes-les-visites-et-activites-privees-verona-fr\/excursion-privee-dans-les-dolomites-au-depart-de-verone\/","og_locale":"fr_FR","og_type":"article","og_title":"Excursion priv\u00e9e dans les Dolomites au d\u00e9part de V\u00e9rone","og_description":"Aventurez-vous dans une excursion priv\u00e9e dans les Dolomites au d\u00e9part de V\u00e9rone, \u00e0 la d\u00e9couverte de panoramas montagneux \u00e0 couper le souffle, d'une culture riche et de merveilles g\u00e9ologiques uniques. \u2705","og_url":"https:\/\/tourtravelandmore.com\/fr\/tours\/italie-fr\/verona-fr\/toutes-les-visites-et-activites-privees-verona-fr\/excursion-privee-dans-les-dolomites-au-depart-de-verone\/","og_site_name":"Tour Travel And More","article_publisher":"https:\/\/www.facebook.com\/tourtravelandmore\/","article_modified_time":"2024-05-02T14:44:03+00:00","og_image":[{"width":1250,"height":750,"url":"https:\/\/tourtravelandmore.com\/wp-content\/uploads\/2023\/07\/image3-1.jpg","type":"image\/jpeg"}],"twitter_card":"summary_large_image","twitter_site":"@TourTravel_More","twitter_misc":{"Dur\u00e9e de lecture estim\u00e9e":"3 minutes"},"schema":{"@context":"https:\/\/schema.org","@graph":[{"@type":"WebPage","@id":"https:\/\/tourtravelandmore.com\/fr\/tours\/italie-fr\/verona-fr\/toutes-les-visites-et-activites-privees-verona-fr\/excursion-privee-dans-les-dolomites-au-depart-de-verone\/","url":"https:\/\/tourtravelandmore.com\/fr\/tours\/italie-fr\/verona-fr\/toutes-les-visites-et-activites-privees-verona-fr\/excursion-privee-dans-les-dolomites-au-depart-de-verone\/","name":"\u27a1\ufe0f D\u00e9couvrez les Dolomites : Excursion priv\u00e9e au d\u00e9part de V\u00e9rone avec Tour Travel and More","isPartOf":{"@id":"https:\/\/tourtravelandmore.com\/fr\/#website"},"primaryImageOfPage":{"@id":"https:\/\/tourtravelandmore.com\/fr\/tours\/italie-fr\/verona-fr\/toutes-les-visites-et-activites-privees-verona-fr\/excursion-privee-dans-les-dolomites-au-depart-de-verone\/#primaryimage"},"image":{"@id":"https:\/\/tourtravelandmore.com\/fr\/tours\/italie-fr\/verona-fr\/toutes-les-visites-et-activites-privees-verona-fr\/excursion-privee-dans-les-dolomites-au-depart-de-verone\/#primaryimage"},"thumbnailUrl":"https:\/\/tourtravelandmore.com\/wp-content\/uploads\/2023\/07\/image3-1.jpg","datePublished":"2023-07-26T13:47:52+00:00","dateModified":"2024-05-02T14:44:03+00:00","description":"Aventurez-vous dans une excursion priv\u00e9e dans les Dolomites au d\u00e9part de V\u00e9rone, \u00e0 la d\u00e9couverte de panoramas montagneux \u00e0 couper le souffle, d'une culture riche et de merveilles g\u00e9ologiques uniques. \u2705","breadcrumb":{"@id":"https:\/\/tourtravelandmore.com\/fr\/tours\/italie-fr\/verona-fr\/toutes-les-visites-et-activites-privees-verona-fr\/excursion-privee-dans-les-dolomites-au-depart-de-verone\/#breadcrumb"},"inLanguage":"fr-FR","potentialAction":[{"@type":"ReadAction","target":["https:\/\/tourtravelandmore.com\/fr\/tours\/italie-fr\/verona-fr\/toutes-les-visites-et-activites-privees-verona-fr\/excursion-privee-dans-les-dolomites-au-depart-de-verone\/"]}]},{"@type":"ImageObject","inLanguage":"fr-FR","@id":"https:\/\/tourtravelandmore.com\/fr\/tours\/italie-fr\/verona-fr\/toutes-les-visites-et-activites-privees-verona-fr\/excursion-privee-dans-les-dolomites-au-depart-de-verone\/#primaryimage","url":"https:\/\/tourtravelandmore.com\/wp-content\/uploads\/2023\/07\/image3-1.jpg","contentUrl":"https:\/\/tourtravelandmore.com\/wp-content\/uploads\/2023\/07\/image3-1.jpg","width":1250,"height":750},{"@type":"BreadcrumbList","@id":"https:\/\/tourtravelandmore.com\/fr\/tours\/italie-fr\/verona-fr\/toutes-les-visites-et-activites-privees-verona-fr\/excursion-privee-dans-les-dolomites-au-depart-de-verone\/#breadcrumb","itemListElement":[{"@type":"ListItem","position":1,"name":"Home","item":"https:\/\/tourtravelandmore.com\/fr\/"},{"@type":"ListItem","position":2,"name":"Tours","item":"https:\/\/tourtravelandmore.com\/fr\/tours\/"},{"@type":"ListItem","position":3,"name":"Excursion priv\u00e9e dans les Dolomites au d\u00e9part de V\u00e9rone"}]},{"@type":"WebSite","@id":"https:\/\/tourtravelandmore.com\/fr\/#website","url":"https:\/\/tourtravelandmore.com\/fr\/","name":"Tour Travel And More","description":"Private sightseeing tours and luxury transfers in Spain","publisher":{"@id":"https:\/\/tourtravelandmore.com\/fr\/#organization"},"potentialAction":[{"@type":"SearchAction","target":{"@type":"EntryPoint","urlTemplate":"https:\/\/tourtravelandmore.com\/fr\/?s={search_term_string}"},"query-input":{"@type":"PropertyValueSpecification","valueRequired":true,"valueName":"search_term_string"}}],"inLanguage":"fr-FR"},{"@type":"Organization","@id":"https:\/\/tourtravelandmore.com\/fr\/#organization","name":"Tour Travel And More","url":"https:\/\/tourtravelandmore.com\/fr\/","logo":{"@type":"ImageObject","inLanguage":"fr-FR","@id":"https:\/\/tourtravelandmore.com\/fr\/#\/schema\/logo\/image\/","url":"https:\/\/tourtravelandmore.com\/wp-content\/uploads\/2022\/12\/cropped-logo-cabecera-new.png","contentUrl":"https:\/\/tourtravelandmore.com\/wp-content\/uploads\/2022\/12\/cropped-logo-cabecera-new.png","width":430,"height":61,"caption":"Tour Travel And More"},"image":{"@id":"https:\/\/tourtravelandmore.com\/fr\/#\/schema\/logo\/image\/"},"sameAs":["https:\/\/www.facebook.com\/tourtravelandmore\/","https:\/\/x.com\/TourTravel_More"]}]}},"_links":{"self":[{"href":"https:\/\/tourtravelandmore.com\/fr\/wp-json\/wp\/v2\/product\/169463","targetHints":{"allow":["GET"]}}],"collection":[{"href":"https:\/\/tourtravelandmore.com\/fr\/wp-json\/wp\/v2\/product"}],"about":[{"href":"https:\/\/tourtravelandmore.com\/fr\/wp-json\/wp\/v2\/types\/product"}],"replies":[{"embeddable":true,"href":"https:\/\/tourtravelandmore.com\/fr\/wp-json\/wp\/v2\/comments?post=169463"}],"wp:featuredmedia":[{"embeddable":true,"href":"https:\/\/tourtravelandmore.com\/fr\/wp-json\/wp\/v2\/media\/169479"}],"wp:attachment":[{"href":"https:\/\/tourtravelandmore.com\/fr\/wp-json\/wp\/v2\/media?parent=169463"}],"wp:term":[{"taxonomy":"product_brand","embeddable":true,"href":"https:\/\/tourtravelandmore.com\/fr\/wp-json\/wp\/v2\/product_brand?post=169463"},{"taxonomy":"product_cat","embeddable":true,"href":"https:\/\/tourtravelandmore.com\/fr\/wp-json\/wp\/v2\/product_cat?post=169463"},{"taxonomy":"product_tag","embeddable":true,"href":"https:\/\/tourtravelandmore.com\/fr\/wp-json\/wp\/v2\/product_tag?post=169463"}],"curies":[{"name":"wp","href":"https:\/\/api.w.org\/{rel}","templated":true}]}}