{"id":169427,"date":"2023-07-25T12:41:18","date_gmt":"2023-07-25T10:41:32","guid":{"rendered":"https:\/\/tourtravelandmore.com\/?post_type=product&#038;p=169427"},"modified":"2023-07-31T09:40:54","modified_gmt":"2023-07-31T07:40:54","slug":"visite-privee-a-pied-de-verone-avec-billets","status":"publish","type":"product","link":"https:\/\/tourtravelandmore.com\/fr\/tours\/italie-fr\/verona-fr\/toutes-les-visites-et-activites-privees-verona-fr\/visite-privee-a-pied-de-verone-avec-billets\/","title":{"rendered":"Visite priv\u00e9e \u00e0 pied de V\u00e9rone avec billets"},"content":{"rendered":"<h2><b>Description de l&#8217;excursion \u00e0 pied priv\u00e9e de V\u00e9rone avec billets<\/b><\/h2>\n<p><span style=\"font-weight: 400;\">Laissez-vous s\u00e9duire par V\u00e9rone, un tr\u00e9sor de merveilles historiques, de splendeurs architecturales et d&#8217;une atmosph\u00e8re captivante qui donne vie \u00e0 chaque recoin de la ville. Tour Travel and More vous propose une visite priv\u00e9e \u00e0 pied de 3 heures de cette ville extraordinaire, au cours de laquelle vous vous prom\u00e8nerez dans ses rues labyrinthiques et sur ses piazzas ouvertes.<\/span><\/p>\n<p><span style=\"font-weight: 400;\">Avec un guide local comp\u00e9tent \u00e0 vos c\u00f4t\u00e9s, vous pourrez plonger plus profond\u00e9ment dans le pass\u00e9 de V\u00e9rone, comprendre son pr\u00e9sent et envisager son avenir. V\u00e9rone, dont on se souvient avec \u00e9motion qu&#8217;elle a servi de cadre \u00e0 la trag\u00e9die intemporelle de Shakespeare, &#8220;Rom\u00e9o et Juliette&#8221;, vous r\u00e9v\u00e8lera ses histoires fascinantes, ses sites captivants et vous donnera un aper\u00e7u authentique de sa riche culture et de son illustre histoire.<\/span><\/p>\n<p><span style=\"font-weight: 400;\">Notre circuit vous emm\u00e8ne dans un voyage immersif \u00e0 travers les multiples facettes du pass\u00e9 de V\u00e9rone, vous faisant revivre les conqu\u00eates romaines, les luttes de pouvoir m\u00e9di\u00e9vales et les histoires passionnantes d&#8217;amour et de trag\u00e9die. \u00c0 chaque pas, vous sentirez le pouls vibrant de la ville, admirerez ses merveilles architecturales bien pr\u00e9serv\u00e9es et vous impr\u00e9gnerez du charme unique qui a inspir\u00e9 les po\u00e8tes, les artistes et les r\u00eaveurs pendant des si\u00e8cles.<\/span><\/p>\n<p><span style=\"font-weight: 400;\">Cette visite comprend \u00e9galement des billets pour deux sites majeurs : les Ar\u00e8nes et la Maison de Juliette. Ces lieux embl\u00e9matiques ne sont pas seulement des monuments impressionnants, mais des fragments vivants du pass\u00e9 historique de V\u00e9rone, offrant un lien tangible avec le riche patrimoine de la ville qui va au-del\u00e0 de la simple visite touristique.<\/span><\/p>\n<h2><b>Points d&#8217;int\u00e9r\u00eat de la visite priv\u00e9e \u00e0 pied de V\u00e9rone avec billets<\/b><\/h2>\n<ul>\n<li style=\"font-weight: 400;\" aria-level=\"1\"><b>Ar\u00e8nes de V\u00e9rone <\/b><span style=\"font-weight: 400;\">: La visite commence par les monumentales Ar\u00e8nes de V\u00e9rone, un impressionnant amphith\u00e9\u00e2tre romain qui t\u00e9moigne de la magnificence historique de la ville. Cette formidable structure, l&#8217;une des plus grandes d&#8217;Italie, accueillait autrefois de palpitants combats de gladiateurs et des spectacles publics. Les \u00e9chos des foules en liesse et des batailles h\u00e9ro\u00efques sont encore palpables dans ses murs. Aujourd&#8217;hui, il sert de grand op\u00e9ra, avec des repr\u00e9sentations en plein air qui transportent le public dans le temps et favorisent une meilleure appr\u00e9ciation des arts intemporels. Votre billet comprend l&#8217;entr\u00e9e dans ce monument remarquable, qui vous permet de d\u00e9couvrir de pr\u00e8s le pass\u00e9 remarquable de V\u00e9rone.<\/span><\/li>\n<li style=\"font-weight: 400;\" aria-level=\"1\"><span style=\"font-weight: 400;\"><strong>La maison de Juliette<\/strong> : De la grandeur de l&#8217;\u00e9poque romaine, la visite vous conduit au cadre intime de la maison de Juliette, o\u00f9 la c\u00e9l\u00e8bre sc\u00e8ne du balcon de l&#8217;histoire tragique de &#8220;Rom\u00e9o et Juliette&#8221; est cens\u00e9e s&#8217;\u00eatre d\u00e9roul\u00e9e. Retracez les pas des amants malheureux de Shakespeare dans ces murs, et vivez la romance et la trag\u00e9die qui ont captiv\u00e9 le monde pendant des si\u00e8cles. Au-del\u00e0 de son attrait romantique, cette maison de style gothique du XIVe si\u00e8cle offre un aper\u00e7u fascinant de la vie domestique m\u00e9di\u00e9vale, avec ses couloirs orn\u00e9s de fresques et son mobilier d&#8217;\u00e9poque. Votre billet vous permet d&#8217;explorer \u00e0 loisir cette maison embl\u00e9matique et ses fascinants artefacts.<\/span><\/li>\n<\/ul>\n<p><span style=\"font-weight: 400;\">Avec l&#8217;histoire profond\u00e9ment enracin\u00e9e et l&#8217;h\u00e9ritage artistique de la ville \u00e0 chaque coin de rue, l&#8217;exploration de V\u00e9rone offre une exp\u00e9rience instructive qui va au-del\u00e0 des visites touristiques ordinaires. En vous promenant dans ses rues historiques, vous serez t\u00e9moin des marques durables du temps qui font de V\u00e9rone un v\u00e9ritable mus\u00e9e en plein air. Chaque b\u00e2timent, place et monument t\u00e9moigne du pass\u00e9 riche et dynamique de la ville, offrant une fa\u00e7on unique d&#8217;en appr\u00e9cier le charme.<\/span><\/p>\n<p><span style=\"font-weight: 400;\">D\u00e9couvrir V\u00e9rone \u00e0 pied permet de comprendre intimement son esprit et son caract\u00e8re, offrant une perspective unique qui d\u00e9passe de loin le simple regard du touriste. Laissez Tour Travel and More vous guider \u00e0 travers cette ville envo\u00fbtante gr\u00e2ce \u00e0 notre visite priv\u00e9e exclusive de V\u00e9rone avec billets. <\/span><span style=\"font-weight: 400;\"><a href=\"https:\/\/tourtravelandmore.com\/fr\/city\/italie-fr\/verona-fr\/\">Explorez l&#8217;histoire et le romantisme de V\u00e9rone \u00e0 travers une exp\u00e9rience con\u00e7ue par des experts pour enrichir votre compr\u00e9hension de cette ville magnifique<\/a>.<\/span><span style=\"font-weight: 400;\"> Ne manquez pas de consulter notre liste compl\u00e8te de visites priv\u00e9es sur Tour Travel and More, car nous nous effor\u00e7ons d&#8217;offrir une gamme vari\u00e9e de visites qui r\u00e9pondent \u00e0 des int\u00e9r\u00eats et des pr\u00e9f\u00e9rences divers.<\/span><\/p>\n","protected":false},"excerpt":{"rendered":"<p><span style=\"font-weight: 400;\">D\u00e9couvrez l&#8217;allure enchanteresse et l&#8217;histoire complexe de V\u00e9rone gr\u00e2ce \u00e0 une visite priv\u00e9e \u00e0 pied. Traversez le c\u0153ur de la ville, admirez les magnifiques structures m\u00e9di\u00e9vales et plongez dans l&#8217;ambiance romantique de la ville de Rom\u00e9o et Juliette avec Tour Travel and More<\/span><\/p>\n","protected":false},"featured_media":169446,"comment_status":"open","ping_status":"closed","template":"","meta":{"_acf_changed":false},"product_brand":[],"product_cat":[4443,3707,4315],"product_tag":[],"class_list":{"0":"post-169427","1":"product","2":"type-product","3":"status-publish","4":"has-post-thumbnail","6":"product_cat-visites-a-pied-privees-fr-5","7":"product_cat-verona-fr","8":"product_cat-toutes-les-visites-et-activites-privees-verona-fr","10":"first","11":"instock","12":"shipping-taxable","13":"purchasable","14":"product-type-simple"},"acf":[],"yoast_head":"<!-- This site is optimized with the Yoast SEO Premium plugin v25.3.1 (Yoast SEO v25.3.1) - https:\/\/yoast.com\/wordpress\/plugins\/seo\/ -->\n<title>D\u00e9couvrez l&#039;allure enchanteresse et l&#039;histoire complexe de V\u00e9rone gr\u00e2ce \u00e0 une visite priv\u00e9e \u00e0 pied. Traversez le c\u0153ur de la ville, admirez les magnifiques structures m\u00e9di\u00e9vales et plongez dans l&#039;ambiance romantique de la ville de Rom\u00e9o et Juliette avec Tour Travel and More<\/title>\n<meta name=\"description\" content=\"\u27a1\ufe0f Plongez dans l&#039;histoire et le romantisme de V\u00e9rone : Visite priv\u00e9e \u00e0 pied avec billets par Tour Travel and More\" \/>\n<meta name=\"robots\" content=\"index, follow, max-snippet:-1, max-image-preview:large, max-video-preview:-1\" \/>\n<link rel=\"canonical\" href=\"https:\/\/tourtravelandmore.com\/fr\/tours\/italie-fr\/verona-fr\/toutes-les-visites-et-activites-privees-verona-fr\/visite-privee-a-pied-de-verone-avec-billets\/\" \/>\n<meta property=\"og:locale\" content=\"fr_FR\" \/>\n<meta property=\"og:type\" content=\"article\" \/>\n<meta property=\"og:title\" content=\"Visite priv\u00e9e \u00e0 pied de V\u00e9rone avec billets\" \/>\n<meta property=\"og:description\" content=\"\u27a1\ufe0f Plongez dans l&#039;histoire et le romantisme de V\u00e9rone : Visite priv\u00e9e \u00e0 pied avec billets par Tour Travel and More\" \/>\n<meta property=\"og:url\" content=\"https:\/\/tourtravelandmore.com\/fr\/tours\/italie-fr\/verona-fr\/toutes-les-visites-et-activites-privees-verona-fr\/visite-privee-a-pied-de-verone-avec-billets\/\" \/>\n<meta property=\"og:site_name\" content=\"Tour Travel And More\" \/>\n<meta property=\"article:publisher\" content=\"https:\/\/www.facebook.com\/tourtravelandmore\/\" \/>\n<meta property=\"article:modified_time\" content=\"2023-07-31T07:40:54+00:00\" \/>\n<meta property=\"og:image\" content=\"https:\/\/tourtravelandmore.com\/wp-content\/uploads\/2023\/07\/image4.jpg\" \/>\n\t<meta property=\"og:image:width\" content=\"1250\" \/>\n\t<meta property=\"og:image:height\" content=\"750\" \/>\n\t<meta property=\"og:image:type\" content=\"image\/jpeg\" \/>\n<meta name=\"twitter:card\" content=\"summary_large_image\" \/>\n<meta name=\"twitter:site\" content=\"@TourTravel_More\" \/>\n<meta name=\"twitter:label1\" content=\"Dur\u00e9e de lecture estim\u00e9e\" \/>\n\t<meta name=\"twitter:data1\" content=\"4 minutes\" \/>\n<script type=\"application\/ld+json\" class=\"yoast-schema-graph\">{\"@context\":\"https:\/\/schema.org\",\"@graph\":[{\"@type\":\"WebPage\",\"@id\":\"https:\/\/tourtravelandmore.com\/fr\/tours\/italie-fr\/verona-fr\/toutes-les-visites-et-activites-privees-verona-fr\/visite-privee-a-pied-de-verone-avec-billets\/\",\"url\":\"https:\/\/tourtravelandmore.com\/fr\/tours\/italie-fr\/verona-fr\/toutes-les-visites-et-activites-privees-verona-fr\/visite-privee-a-pied-de-verone-avec-billets\/\",\"name\":\"D\u00e9couvrez l'allure enchanteresse et l'histoire complexe de V\u00e9rone gr\u00e2ce \u00e0 une visite priv\u00e9e \u00e0 pied. Traversez le c\u0153ur de la ville, admirez les magnifiques structures m\u00e9di\u00e9vales et plongez dans l'ambiance romantique de la ville de Rom\u00e9o et Juliette avec Tour Travel and More\",\"isPartOf\":{\"@id\":\"https:\/\/tourtravelandmore.com\/fr\/#website\"},\"primaryImageOfPage\":{\"@id\":\"https:\/\/tourtravelandmore.com\/fr\/tours\/italie-fr\/verona-fr\/toutes-les-visites-et-activites-privees-verona-fr\/visite-privee-a-pied-de-verone-avec-billets\/#primaryimage\"},\"image\":{\"@id\":\"https:\/\/tourtravelandmore.com\/fr\/tours\/italie-fr\/verona-fr\/toutes-les-visites-et-activites-privees-verona-fr\/visite-privee-a-pied-de-verone-avec-billets\/#primaryimage\"},\"thumbnailUrl\":\"https:\/\/tourtravelandmore.com\/wp-content\/uploads\/2023\/07\/image4.jpg\",\"datePublished\":\"2023-07-25T10:41:32+00:00\",\"dateModified\":\"2023-07-31T07:40:54+00:00\",\"description\":\"\u27a1\ufe0f Plongez dans l'histoire et le romantisme de V\u00e9rone : Visite priv\u00e9e \u00e0 pied avec billets par Tour Travel and More\",\"breadcrumb\":{\"@id\":\"https:\/\/tourtravelandmore.com\/fr\/tours\/italie-fr\/verona-fr\/toutes-les-visites-et-activites-privees-verona-fr\/visite-privee-a-pied-de-verone-avec-billets\/#breadcrumb\"},\"inLanguage\":\"fr-FR\",\"potentialAction\":[{\"@type\":\"ReadAction\",\"target\":[\"https:\/\/tourtravelandmore.com\/fr\/tours\/italie-fr\/verona-fr\/toutes-les-visites-et-activites-privees-verona-fr\/visite-privee-a-pied-de-verone-avec-billets\/\"]}]},{\"@type\":\"ImageObject\",\"inLanguage\":\"fr-FR\",\"@id\":\"https:\/\/tourtravelandmore.com\/fr\/tours\/italie-fr\/verona-fr\/toutes-les-visites-et-activites-privees-verona-fr\/visite-privee-a-pied-de-verone-avec-billets\/#primaryimage\",\"url\":\"https:\/\/tourtravelandmore.com\/wp-content\/uploads\/2023\/07\/image4.jpg\",\"contentUrl\":\"https:\/\/tourtravelandmore.com\/wp-content\/uploads\/2023\/07\/image4.jpg\",\"width\":1250,\"height\":750},{\"@type\":\"BreadcrumbList\",\"@id\":\"https:\/\/tourtravelandmore.com\/fr\/tours\/italie-fr\/verona-fr\/toutes-les-visites-et-activites-privees-verona-fr\/visite-privee-a-pied-de-verone-avec-billets\/#breadcrumb\",\"itemListElement\":[{\"@type\":\"ListItem\",\"position\":1,\"name\":\"Home\",\"item\":\"https:\/\/tourtravelandmore.com\/fr\/\"},{\"@type\":\"ListItem\",\"position\":2,\"name\":\"Tours\",\"item\":\"https:\/\/tourtravelandmore.com\/fr\/tours\/\"},{\"@type\":\"ListItem\",\"position\":3,\"name\":\"Visite priv\u00e9e \u00e0 pied de V\u00e9rone avec billets\"}]},{\"@type\":\"WebSite\",\"@id\":\"https:\/\/tourtravelandmore.com\/fr\/#website\",\"url\":\"https:\/\/tourtravelandmore.com\/fr\/\",\"name\":\"Tour Travel And More\",\"description\":\"Private sightseeing tours and luxury transfers in Spain\",\"publisher\":{\"@id\":\"https:\/\/tourtravelandmore.com\/fr\/#organization\"},\"potentialAction\":[{\"@type\":\"SearchAction\",\"target\":{\"@type\":\"EntryPoint\",\"urlTemplate\":\"https:\/\/tourtravelandmore.com\/fr\/?s={search_term_string}\"},\"query-input\":{\"@type\":\"PropertyValueSpecification\",\"valueRequired\":true,\"valueName\":\"search_term_string\"}}],\"inLanguage\":\"fr-FR\"},{\"@type\":\"Organization\",\"@id\":\"https:\/\/tourtravelandmore.com\/fr\/#organization\",\"name\":\"Tour Travel And More\",\"url\":\"https:\/\/tourtravelandmore.com\/fr\/\",\"logo\":{\"@type\":\"ImageObject\",\"inLanguage\":\"fr-FR\",\"@id\":\"https:\/\/tourtravelandmore.com\/fr\/#\/schema\/logo\/image\/\",\"url\":\"https:\/\/tourtravelandmore.com\/wp-content\/uploads\/2022\/12\/cropped-logo-cabecera-new.png\",\"contentUrl\":\"https:\/\/tourtravelandmore.com\/wp-content\/uploads\/2022\/12\/cropped-logo-cabecera-new.png\",\"width\":430,\"height\":61,\"caption\":\"Tour Travel And More\"},\"image\":{\"@id\":\"https:\/\/tourtravelandmore.com\/fr\/#\/schema\/logo\/image\/\"},\"sameAs\":[\"https:\/\/www.facebook.com\/tourtravelandmore\/\",\"https:\/\/x.com\/TourTravel_More\"]}]}<\/script>\n<!-- \/ Yoast SEO Premium plugin. -->","yoast_head_json":{"title":"D\u00e9couvrez l'allure enchanteresse et l'histoire complexe de V\u00e9rone gr\u00e2ce \u00e0 une visite priv\u00e9e \u00e0 pied. Traversez le c\u0153ur de la ville, admirez les magnifiques structures m\u00e9di\u00e9vales et plongez dans l'ambiance romantique de la ville de Rom\u00e9o et Juliette avec Tour Travel and More","description":"\u27a1\ufe0f Plongez dans l'histoire et le romantisme de V\u00e9rone : Visite priv\u00e9e \u00e0 pied avec billets par Tour Travel and More","robots":{"index":"index","follow":"follow","max-snippet":"max-snippet:-1","max-image-preview":"max-image-preview:large","max-video-preview":"max-video-preview:-1"},"canonical":"https:\/\/tourtravelandmore.com\/fr\/tours\/italie-fr\/verona-fr\/toutes-les-visites-et-activites-privees-verona-fr\/visite-privee-a-pied-de-verone-avec-billets\/","og_locale":"fr_FR","og_type":"article","og_title":"Visite priv\u00e9e \u00e0 pied de V\u00e9rone avec billets","og_description":"\u27a1\ufe0f Plongez dans l'histoire et le romantisme de V\u00e9rone : Visite priv\u00e9e \u00e0 pied avec billets par Tour Travel and More","og_url":"https:\/\/tourtravelandmore.com\/fr\/tours\/italie-fr\/verona-fr\/toutes-les-visites-et-activites-privees-verona-fr\/visite-privee-a-pied-de-verone-avec-billets\/","og_site_name":"Tour Travel And More","article_publisher":"https:\/\/www.facebook.com\/tourtravelandmore\/","article_modified_time":"2023-07-31T07:40:54+00:00","og_image":[{"width":1250,"height":750,"url":"https:\/\/tourtravelandmore.com\/wp-content\/uploads\/2023\/07\/image4.jpg","type":"image\/jpeg"}],"twitter_card":"summary_large_image","twitter_site":"@TourTravel_More","twitter_misc":{"Dur\u00e9e de lecture estim\u00e9e":"4 minutes"},"schema":{"@context":"https:\/\/schema.org","@graph":[{"@type":"WebPage","@id":"https:\/\/tourtravelandmore.com\/fr\/tours\/italie-fr\/verona-fr\/toutes-les-visites-et-activites-privees-verona-fr\/visite-privee-a-pied-de-verone-avec-billets\/","url":"https:\/\/tourtravelandmore.com\/fr\/tours\/italie-fr\/verona-fr\/toutes-les-visites-et-activites-privees-verona-fr\/visite-privee-a-pied-de-verone-avec-billets\/","name":"D\u00e9couvrez l'allure enchanteresse et l'histoire complexe de V\u00e9rone gr\u00e2ce \u00e0 une visite priv\u00e9e \u00e0 pied. Traversez le c\u0153ur de la ville, admirez les magnifiques structures m\u00e9di\u00e9vales et plongez dans l'ambiance romantique de la ville de Rom\u00e9o et Juliette avec Tour Travel and More","isPartOf":{"@id":"https:\/\/tourtravelandmore.com\/fr\/#website"},"primaryImageOfPage":{"@id":"https:\/\/tourtravelandmore.com\/fr\/tours\/italie-fr\/verona-fr\/toutes-les-visites-et-activites-privees-verona-fr\/visite-privee-a-pied-de-verone-avec-billets\/#primaryimage"},"image":{"@id":"https:\/\/tourtravelandmore.com\/fr\/tours\/italie-fr\/verona-fr\/toutes-les-visites-et-activites-privees-verona-fr\/visite-privee-a-pied-de-verone-avec-billets\/#primaryimage"},"thumbnailUrl":"https:\/\/tourtravelandmore.com\/wp-content\/uploads\/2023\/07\/image4.jpg","datePublished":"2023-07-25T10:41:32+00:00","dateModified":"2023-07-31T07:40:54+00:00","description":"\u27a1\ufe0f Plongez dans l'histoire et le romantisme de V\u00e9rone : Visite priv\u00e9e \u00e0 pied avec billets par Tour Travel and More","breadcrumb":{"@id":"https:\/\/tourtravelandmore.com\/fr\/tours\/italie-fr\/verona-fr\/toutes-les-visites-et-activites-privees-verona-fr\/visite-privee-a-pied-de-verone-avec-billets\/#breadcrumb"},"inLanguage":"fr-FR","potentialAction":[{"@type":"ReadAction","target":["https:\/\/tourtravelandmore.com\/fr\/tours\/italie-fr\/verona-fr\/toutes-les-visites-et-activites-privees-verona-fr\/visite-privee-a-pied-de-verone-avec-billets\/"]}]},{"@type":"ImageObject","inLanguage":"fr-FR","@id":"https:\/\/tourtravelandmore.com\/fr\/tours\/italie-fr\/verona-fr\/toutes-les-visites-et-activites-privees-verona-fr\/visite-privee-a-pied-de-verone-avec-billets\/#primaryimage","url":"https:\/\/tourtravelandmore.com\/wp-content\/uploads\/2023\/07\/image4.jpg","contentUrl":"https:\/\/tourtravelandmore.com\/wp-content\/uploads\/2023\/07\/image4.jpg","width":1250,"height":750},{"@type":"BreadcrumbList","@id":"https:\/\/tourtravelandmore.com\/fr\/tours\/italie-fr\/verona-fr\/toutes-les-visites-et-activites-privees-verona-fr\/visite-privee-a-pied-de-verone-avec-billets\/#breadcrumb","itemListElement":[{"@type":"ListItem","position":1,"name":"Home","item":"https:\/\/tourtravelandmore.com\/fr\/"},{"@type":"ListItem","position":2,"name":"Tours","item":"https:\/\/tourtravelandmore.com\/fr\/tours\/"},{"@type":"ListItem","position":3,"name":"Visite priv\u00e9e \u00e0 pied de V\u00e9rone avec billets"}]},{"@type":"WebSite","@id":"https:\/\/tourtravelandmore.com\/fr\/#website","url":"https:\/\/tourtravelandmore.com\/fr\/","name":"Tour Travel And More","description":"Private sightseeing tours and luxury transfers in Spain","publisher":{"@id":"https:\/\/tourtravelandmore.com\/fr\/#organization"},"potentialAction":[{"@type":"SearchAction","target":{"@type":"EntryPoint","urlTemplate":"https:\/\/tourtravelandmore.com\/fr\/?s={search_term_string}"},"query-input":{"@type":"PropertyValueSpecification","valueRequired":true,"valueName":"search_term_string"}}],"inLanguage":"fr-FR"},{"@type":"Organization","@id":"https:\/\/tourtravelandmore.com\/fr\/#organization","name":"Tour Travel And More","url":"https:\/\/tourtravelandmore.com\/fr\/","logo":{"@type":"ImageObject","inLanguage":"fr-FR","@id":"https:\/\/tourtravelandmore.com\/fr\/#\/schema\/logo\/image\/","url":"https:\/\/tourtravelandmore.com\/wp-content\/uploads\/2022\/12\/cropped-logo-cabecera-new.png","contentUrl":"https:\/\/tourtravelandmore.com\/wp-content\/uploads\/2022\/12\/cropped-logo-cabecera-new.png","width":430,"height":61,"caption":"Tour Travel And More"},"image":{"@id":"https:\/\/tourtravelandmore.com\/fr\/#\/schema\/logo\/image\/"},"sameAs":["https:\/\/www.facebook.com\/tourtravelandmore\/","https:\/\/x.com\/TourTravel_More"]}]}},"_links":{"self":[{"href":"https:\/\/tourtravelandmore.com\/fr\/wp-json\/wp\/v2\/product\/169427","targetHints":{"allow":["GET"]}}],"collection":[{"href":"https:\/\/tourtravelandmore.com\/fr\/wp-json\/wp\/v2\/product"}],"about":[{"href":"https:\/\/tourtravelandmore.com\/fr\/wp-json\/wp\/v2\/types\/product"}],"replies":[{"embeddable":true,"href":"https:\/\/tourtravelandmore.com\/fr\/wp-json\/wp\/v2\/comments?post=169427"}],"wp:featuredmedia":[{"embeddable":true,"href":"https:\/\/tourtravelandmore.com\/fr\/wp-json\/wp\/v2\/media\/169446"}],"wp:attachment":[{"href":"https:\/\/tourtravelandmore.com\/fr\/wp-json\/wp\/v2\/media?parent=169427"}],"wp:term":[{"taxonomy":"product_brand","embeddable":true,"href":"https:\/\/tourtravelandmore.com\/fr\/wp-json\/wp\/v2\/product_brand?post=169427"},{"taxonomy":"product_cat","embeddable":true,"href":"https:\/\/tourtravelandmore.com\/fr\/wp-json\/wp\/v2\/product_cat?post=169427"},{"taxonomy":"product_tag","embeddable":true,"href":"https:\/\/tourtravelandmore.com\/fr\/wp-json\/wp\/v2\/product_tag?post=169427"}],"curies":[{"name":"wp","href":"https:\/\/api.w.org\/{rel}","templated":true}]}}