{"id":168957,"date":"2023-06-02T08:18:32","date_gmt":"2023-06-02T06:22:43","guid":{"rendered":"https:\/\/tourtravelandmore.com\/?post_type=product&#038;p=168957"},"modified":"2023-08-17T21:32:46","modified_gmt":"2023-08-17T19:32:46","slug":"circuit-dart-urbain-et-de-vin-a-buenos-aires","status":"publish","type":"product","link":"https:\/\/tourtravelandmore.com\/fr\/tours\/argentine\/buenos-aires-fr\/toutes-les-visites-privees-fr-2\/circuit-dart-urbain-et-de-vin-a-buenos-aires\/","title":{"rendered":"Circuit d&#8217;art urbain et de vin \u00e0 Buenos Aires"},"content":{"rendered":"<h2><b>Description de l&#8217;excursion d&#8217;art urbain et de vin \u00e0 Buenos Aires<\/b><\/h2>\n<p><span style=\"font-weight: 400;\">Plongez dans une exp\u00e9rience culturelle unique avec notre &#8220;Buenos Aires Urban Art and Wine Tour&#8221;. Cette visite de 3 heures, sp\u00e9cialement con\u00e7ue, offre un m\u00e9lange d\u00e9licieux d&#8217;art de rue vibrant et de vin argentin exquis, ce qui en fait un choix parfait pour les amateurs d&#8217;art comme pour les amateurs de vin. Accompagn\u00e9 d&#8217;un guide comp\u00e9tent, vous traverserez les rues anim\u00e9es de Buenos Aires et d\u00e9couvrirez la sc\u00e8ne artistique urbaine dynamique de la ville. Vous assisterez \u00e0 la transformation spectaculaire de murs banals en de superbes toiles d&#8217;expression, refl\u00e9tant l&#8217;histoire de la ville, ses nuances sociopolitiques et sa diversit\u00e9 culturelle. Au fur et \u00e0 mesure que la visite progresse, une d\u00e9gustation de vins de qualit\u00e9 vous attend. Profitez de l&#8217;occasion exclusive de go\u00fbter \u00e0 certains des meilleurs vins d&#8217;Argentine et de mieux comprendre les traditions et pratiques viticoles locales. Cette visite vous promet non seulement un festin visuel de peintures murales et de graffitis saisissants, mais aussi un plaisir sensoriel \u00e0 chaque gorg\u00e9e de vin argentin.<\/span><\/p>\n<h2><b>Points d&#8217;int\u00e9r\u00eat de la visite de l&#8217;art urbain et du vin \u00e0 Buenos Aires<\/b><\/h2>\n<p><span style=\"font-weight: 400;\">Votre voyage est ponctu\u00e9 de divers points d&#8217;int\u00e9r\u00eat d&#8217;art urbain \u00e0 travers Buenos Aires. Des sites tels que les quartiers populaires de Palermo et de San Telmo offrent des expositions vibrantes d&#8217;art de rue, ce qui en fait des points de rep\u00e8re culturels \u00e0 part enti\u00e8re. L&#8217;excursion comprend \u00e9galement la visite de galeries locales qui exposent les \u0153uvres d&#8217;artistes de rue talentueux, offrant ainsi un aper\u00e7u plus approfondi de la sc\u00e8ne artistique locale. Quant \u00e0 la d\u00e9gustation de vin, elle a lieu dans une cave \u00e0 vin sophistiqu\u00e9e, o\u00f9 un sommelier expert vous guidera \u00e0 travers une s\u00e9lection de vins r\u00e9gionaux distincts, en expliquant leurs caract\u00e9ristiques uniques et leurs profils de saveurs.<\/span><\/p>\n<p><span style=\"font-weight: 400;\">Votre exploration de la sc\u00e8ne artistique urbaine de Buenos Aires s&#8217;\u00e9tend aux chemins les moins fr\u00e9quent\u00e9s de la r\u00e9gion, o\u00f9 les graffitis passent souvent inaper\u00e7us mais sont pourtant tr\u00e8s \u00e9loquents. Observez la puissance et la subtilit\u00e9 de l&#8217;art du pochoir, admirez les grandes fresques murales qui r\u00e9sument des th\u00e8mes sociopolitiques et d\u00e9couvrez des joyaux cach\u00e9s de l&#8217;art de la rue qui remettent en question les conventions. En m\u00eame temps, vous d\u00e9couvrirez les histoires et les artistes qui se cachent derri\u00e8re ces cr\u00e9ations \u00e9tonnantes, ce qui vous permettra d&#8217;approfondir votre appr\u00e9ciation du paysage artistique de cette ville dynamique. \u00c0 la fin de la visite visuelle, votre palais est r\u00e9gal\u00e9 par une s\u00e9lection des vins les plus c\u00e9l\u00e8bres d&#8217;Argentine. Dans l&#8217;\u00e9l\u00e9gance tranquille d&#8217;une cave \u00e0 vin locale, vous siroterez et d\u00e9gusterez diff\u00e9rentes vari\u00e9t\u00e9s, des notes profondes et fruit\u00e9es du Malbec \u00e0 la qualit\u00e9 fra\u00eeche et croustillante du Torront\u00e9s. Cette exp\u00e9rience instructive souligne la r\u00e9putation de l&#8217;Argentine en tant que producteur de vin de classe mondiale et cl\u00f4ture parfaitement votre voyage dans les rues artistiques de Buenos Aires.<\/span><\/p>\n<p><b>Palermo :<\/b><span style=\"font-weight: 400;\"> Connu pour sa concentration de peintures murales, ce quartier est une plaque tournante pour les artistes de rue locaux et internationaux. La cr\u00e9ativit\u00e9 qui s&#8217;\u00e9tale sur les murs, les b\u00e2timents et m\u00eame les trottoirs constitue un mus\u00e9e d&#8217;art en plein air, refl\u00e9tant l&#8217;esprit dynamique du quartier.<\/span><\/p>\n<p><b>San Telmo :<\/b><span style=\"font-weight: 400;\"> ce quartier historique abrite de nombreuses peintures murales remarquables qui m\u00ealent le pass\u00e9 et le pr\u00e9sent, r\u00e9v\u00e9lant des histoires de la culture et de l&#8217;histoire argentines.<\/span><\/p>\n<p><b>Galeries d&#8217;art locales :<\/b><span style=\"font-weight: 400;\"> Ces galeries accueillent une vari\u00e9t\u00e9 d&#8217;\u0153uvres d&#8217;artistes \u00e9mergents et \u00e9tablis, mettant en valeur la riche diversit\u00e9 de la sc\u00e8ne artistique urbaine de Buenos Aires.<\/span><\/p>\n<p><b>Cave \u00e0 vin :<\/b><span style=\"font-weight: 400;\"> ici, vous d\u00e9couvrirez une vari\u00e9t\u00e9 de vins qui racontent l&#8217;histoire du patrimoine viticole argentin, faisant de la d\u00e9gustation une exp\u00e9rience culturelle v\u00e9ritablement immersive.<\/span><\/p>\n<p><a href=\"https:\/\/tourtravelandmore.com\/fr\/city\/argentine\/buenos-aires-fr\/\"><span style=\"font-weight: 400;\">Pour des exp\u00e9riences plus enrichissantes \u00e0 Buenos Aires, Tour Travel and More propose un large \u00e9ventail de visites priv\u00e9es adapt\u00e9es \u00e0 vos int\u00e9r\u00eats.<\/span><\/a><span style=\"font-weight: 400;\"> Visitez notre site web pour d\u00e9couvrir notre gamme vari\u00e9e de circuits et faire de votre voyage \u00e0 Buenos Aires une exp\u00e9rience inoubliable.<\/span><\/p>\n","protected":false},"excerpt":{"rendered":"<p>Description de l&#8217;excursion d&#8217;art urbain et de vin \u00e0 Buenos Aires Plongez dans une exp\u00e9rience culturelle unique avec notre &#8220;Buenos Aires Urban Art and Wine Tour&#8221;. Cette visite de 3 heures, sp\u00e9cialement con\u00e7ue, offre un m\u00e9lange d\u00e9licieux d&#8217;art de rue vibrant et de vin argentin exquis, ce qui en fait un choix parfait pour les [&hellip;]<\/p>\n","protected":false},"featured_media":168948,"comment_status":"open","ping_status":"closed","template":"","meta":{"_acf_changed":false},"product_brand":[],"product_cat":[4410,4413,4416,4422],"product_tag":[],"class_list":{"0":"post-168957","1":"product","2":"type-product","3":"status-publish","4":"has-post-thumbnail","6":"product_cat-argentine","7":"product_cat-buenos-aires-fr","8":"product_cat-toutes-les-visites-privees-fr-2","9":"product_cat-visites-privees-a-pied-fr-5","11":"first","12":"instock","13":"shipping-taxable","14":"purchasable","15":"product-type-simple"},"acf":[],"yoast_head":"<!-- This site is optimized with the Yoast SEO Premium plugin v25.3.1 (Yoast SEO v25.3.1) - https:\/\/yoast.com\/wordpress\/plugins\/seo\/ -->\n<title>D\u00e9couvrez l&#039;art urbain et la culture du vin de Buenos Aires avec Tour Travel and More \u2705<\/title>\n<meta name=\"description\" content=\"D\u00e9couvrez l&#039;art de rue vibrant de Buenos Aires et profitez d&#039;une exp\u00e9rience de d\u00e9gustation de vin de premi\u00e8re qualit\u00e9 avec notre visite priv\u00e9e de 3 heures. Mettez vos sens en \u00e9veil, r\u00e9servez d\u00e8s maintenant ! \u2705\" \/>\n<meta name=\"robots\" content=\"index, follow, max-snippet:-1, max-image-preview:large, max-video-preview:-1\" \/>\n<link rel=\"canonical\" href=\"https:\/\/tourtravelandmore.com\/fr\/tours\/argentine\/buenos-aires-fr\/toutes-les-visites-privees-fr-2\/circuit-dart-urbain-et-de-vin-a-buenos-aires\/\" \/>\n<meta property=\"og:locale\" content=\"fr_FR\" \/>\n<meta property=\"og:type\" content=\"article\" \/>\n<meta property=\"og:title\" content=\"Circuit d&#039;art urbain et de vin \u00e0 Buenos Aires\" \/>\n<meta property=\"og:description\" content=\"D\u00e9couvrez l&#039;art de rue vibrant de Buenos Aires et profitez d&#039;une exp\u00e9rience de d\u00e9gustation de vin de premi\u00e8re qualit\u00e9 avec notre visite priv\u00e9e de 3 heures. Mettez vos sens en \u00e9veil, r\u00e9servez d\u00e8s maintenant ! \u2705\" \/>\n<meta property=\"og:url\" content=\"https:\/\/tourtravelandmore.com\/fr\/tours\/argentine\/buenos-aires-fr\/toutes-les-visites-privees-fr-2\/circuit-dart-urbain-et-de-vin-a-buenos-aires\/\" \/>\n<meta property=\"og:site_name\" content=\"Tour Travel And More\" \/>\n<meta property=\"article:publisher\" content=\"https:\/\/www.facebook.com\/tourtravelandmore\/\" \/>\n<meta property=\"article:modified_time\" content=\"2023-08-17T19:32:46+00:00\" \/>\n<meta property=\"og:image\" content=\"https:\/\/tourtravelandmore.com\/wp-content\/uploads\/2023\/06\/image2-3.jpg\" \/>\n\t<meta property=\"og:image:width\" content=\"950\" \/>\n\t<meta property=\"og:image:height\" content=\"750\" \/>\n\t<meta property=\"og:image:type\" content=\"image\/jpeg\" \/>\n<meta name=\"twitter:card\" content=\"summary_large_image\" \/>\n<meta name=\"twitter:site\" content=\"@TourTravel_More\" \/>\n<meta name=\"twitter:label1\" content=\"Dur\u00e9e de lecture estim\u00e9e\" \/>\n\t<meta name=\"twitter:data1\" content=\"4 minutes\" \/>\n<script type=\"application\/ld+json\" class=\"yoast-schema-graph\">{\"@context\":\"https:\/\/schema.org\",\"@graph\":[{\"@type\":\"WebPage\",\"@id\":\"https:\/\/tourtravelandmore.com\/fr\/tours\/argentine\/buenos-aires-fr\/toutes-les-visites-privees-fr-2\/circuit-dart-urbain-et-de-vin-a-buenos-aires\/\",\"url\":\"https:\/\/tourtravelandmore.com\/fr\/tours\/argentine\/buenos-aires-fr\/toutes-les-visites-privees-fr-2\/circuit-dart-urbain-et-de-vin-a-buenos-aires\/\",\"name\":\"D\u00e9couvrez l'art urbain et la culture du vin de Buenos Aires avec Tour Travel and More \u2705\",\"isPartOf\":{\"@id\":\"https:\/\/tourtravelandmore.com\/fr\/#website\"},\"primaryImageOfPage\":{\"@id\":\"https:\/\/tourtravelandmore.com\/fr\/tours\/argentine\/buenos-aires-fr\/toutes-les-visites-privees-fr-2\/circuit-dart-urbain-et-de-vin-a-buenos-aires\/#primaryimage\"},\"image\":{\"@id\":\"https:\/\/tourtravelandmore.com\/fr\/tours\/argentine\/buenos-aires-fr\/toutes-les-visites-privees-fr-2\/circuit-dart-urbain-et-de-vin-a-buenos-aires\/#primaryimage\"},\"thumbnailUrl\":\"https:\/\/tourtravelandmore.com\/wp-content\/uploads\/2023\/06\/image2-3.jpg\",\"datePublished\":\"2023-06-02T06:22:43+00:00\",\"dateModified\":\"2023-08-17T19:32:46+00:00\",\"description\":\"D\u00e9couvrez l'art de rue vibrant de Buenos Aires et profitez d'une exp\u00e9rience de d\u00e9gustation de vin de premi\u00e8re qualit\u00e9 avec notre visite priv\u00e9e de 3 heures. Mettez vos sens en \u00e9veil, r\u00e9servez d\u00e8s maintenant ! \u2705\",\"breadcrumb\":{\"@id\":\"https:\/\/tourtravelandmore.com\/fr\/tours\/argentine\/buenos-aires-fr\/toutes-les-visites-privees-fr-2\/circuit-dart-urbain-et-de-vin-a-buenos-aires\/#breadcrumb\"},\"inLanguage\":\"fr-FR\",\"potentialAction\":[{\"@type\":\"ReadAction\",\"target\":[\"https:\/\/tourtravelandmore.com\/fr\/tours\/argentine\/buenos-aires-fr\/toutes-les-visites-privees-fr-2\/circuit-dart-urbain-et-de-vin-a-buenos-aires\/\"]}]},{\"@type\":\"ImageObject\",\"inLanguage\":\"fr-FR\",\"@id\":\"https:\/\/tourtravelandmore.com\/fr\/tours\/argentine\/buenos-aires-fr\/toutes-les-visites-privees-fr-2\/circuit-dart-urbain-et-de-vin-a-buenos-aires\/#primaryimage\",\"url\":\"https:\/\/tourtravelandmore.com\/wp-content\/uploads\/2023\/06\/image2-3.jpg\",\"contentUrl\":\"https:\/\/tourtravelandmore.com\/wp-content\/uploads\/2023\/06\/image2-3.jpg\",\"width\":950,\"height\":750},{\"@type\":\"BreadcrumbList\",\"@id\":\"https:\/\/tourtravelandmore.com\/fr\/tours\/argentine\/buenos-aires-fr\/toutes-les-visites-privees-fr-2\/circuit-dart-urbain-et-de-vin-a-buenos-aires\/#breadcrumb\",\"itemListElement\":[{\"@type\":\"ListItem\",\"position\":1,\"name\":\"Home\",\"item\":\"https:\/\/tourtravelandmore.com\/fr\/\"},{\"@type\":\"ListItem\",\"position\":2,\"name\":\"Tours\",\"item\":\"https:\/\/tourtravelandmore.com\/fr\/tours\/\"},{\"@type\":\"ListItem\",\"position\":3,\"name\":\"Circuit d&rsquo;art urbain et de vin \u00e0 Buenos Aires\"}]},{\"@type\":\"WebSite\",\"@id\":\"https:\/\/tourtravelandmore.com\/fr\/#website\",\"url\":\"https:\/\/tourtravelandmore.com\/fr\/\",\"name\":\"Tour Travel And More\",\"description\":\"Private sightseeing tours and luxury transfers in Spain\",\"publisher\":{\"@id\":\"https:\/\/tourtravelandmore.com\/fr\/#organization\"},\"potentialAction\":[{\"@type\":\"SearchAction\",\"target\":{\"@type\":\"EntryPoint\",\"urlTemplate\":\"https:\/\/tourtravelandmore.com\/fr\/?s={search_term_string}\"},\"query-input\":{\"@type\":\"PropertyValueSpecification\",\"valueRequired\":true,\"valueName\":\"search_term_string\"}}],\"inLanguage\":\"fr-FR\"},{\"@type\":\"Organization\",\"@id\":\"https:\/\/tourtravelandmore.com\/fr\/#organization\",\"name\":\"Tour Travel And More\",\"url\":\"https:\/\/tourtravelandmore.com\/fr\/\",\"logo\":{\"@type\":\"ImageObject\",\"inLanguage\":\"fr-FR\",\"@id\":\"https:\/\/tourtravelandmore.com\/fr\/#\/schema\/logo\/image\/\",\"url\":\"https:\/\/tourtravelandmore.com\/wp-content\/uploads\/2022\/12\/cropped-logo-cabecera-new.png\",\"contentUrl\":\"https:\/\/tourtravelandmore.com\/wp-content\/uploads\/2022\/12\/cropped-logo-cabecera-new.png\",\"width\":430,\"height\":61,\"caption\":\"Tour Travel And More\"},\"image\":{\"@id\":\"https:\/\/tourtravelandmore.com\/fr\/#\/schema\/logo\/image\/\"},\"sameAs\":[\"https:\/\/www.facebook.com\/tourtravelandmore\/\",\"https:\/\/x.com\/TourTravel_More\"]}]}<\/script>\n<!-- \/ Yoast SEO Premium plugin. -->","yoast_head_json":{"title":"D\u00e9couvrez l'art urbain et la culture du vin de Buenos Aires avec Tour Travel and More \u2705","description":"D\u00e9couvrez l'art de rue vibrant de Buenos Aires et profitez d'une exp\u00e9rience de d\u00e9gustation de vin de premi\u00e8re qualit\u00e9 avec notre visite priv\u00e9e de 3 heures. Mettez vos sens en \u00e9veil, r\u00e9servez d\u00e8s maintenant ! \u2705","robots":{"index":"index","follow":"follow","max-snippet":"max-snippet:-1","max-image-preview":"max-image-preview:large","max-video-preview":"max-video-preview:-1"},"canonical":"https:\/\/tourtravelandmore.com\/fr\/tours\/argentine\/buenos-aires-fr\/toutes-les-visites-privees-fr-2\/circuit-dart-urbain-et-de-vin-a-buenos-aires\/","og_locale":"fr_FR","og_type":"article","og_title":"Circuit d'art urbain et de vin \u00e0 Buenos Aires","og_description":"D\u00e9couvrez l'art de rue vibrant de Buenos Aires et profitez d'une exp\u00e9rience de d\u00e9gustation de vin de premi\u00e8re qualit\u00e9 avec notre visite priv\u00e9e de 3 heures. Mettez vos sens en \u00e9veil, r\u00e9servez d\u00e8s maintenant ! \u2705","og_url":"https:\/\/tourtravelandmore.com\/fr\/tours\/argentine\/buenos-aires-fr\/toutes-les-visites-privees-fr-2\/circuit-dart-urbain-et-de-vin-a-buenos-aires\/","og_site_name":"Tour Travel And More","article_publisher":"https:\/\/www.facebook.com\/tourtravelandmore\/","article_modified_time":"2023-08-17T19:32:46+00:00","og_image":[{"width":950,"height":750,"url":"https:\/\/tourtravelandmore.com\/wp-content\/uploads\/2023\/06\/image2-3.jpg","type":"image\/jpeg"}],"twitter_card":"summary_large_image","twitter_site":"@TourTravel_More","twitter_misc":{"Dur\u00e9e de lecture estim\u00e9e":"4 minutes"},"schema":{"@context":"https:\/\/schema.org","@graph":[{"@type":"WebPage","@id":"https:\/\/tourtravelandmore.com\/fr\/tours\/argentine\/buenos-aires-fr\/toutes-les-visites-privees-fr-2\/circuit-dart-urbain-et-de-vin-a-buenos-aires\/","url":"https:\/\/tourtravelandmore.com\/fr\/tours\/argentine\/buenos-aires-fr\/toutes-les-visites-privees-fr-2\/circuit-dart-urbain-et-de-vin-a-buenos-aires\/","name":"D\u00e9couvrez l'art urbain et la culture du vin de Buenos Aires avec Tour Travel and More \u2705","isPartOf":{"@id":"https:\/\/tourtravelandmore.com\/fr\/#website"},"primaryImageOfPage":{"@id":"https:\/\/tourtravelandmore.com\/fr\/tours\/argentine\/buenos-aires-fr\/toutes-les-visites-privees-fr-2\/circuit-dart-urbain-et-de-vin-a-buenos-aires\/#primaryimage"},"image":{"@id":"https:\/\/tourtravelandmore.com\/fr\/tours\/argentine\/buenos-aires-fr\/toutes-les-visites-privees-fr-2\/circuit-dart-urbain-et-de-vin-a-buenos-aires\/#primaryimage"},"thumbnailUrl":"https:\/\/tourtravelandmore.com\/wp-content\/uploads\/2023\/06\/image2-3.jpg","datePublished":"2023-06-02T06:22:43+00:00","dateModified":"2023-08-17T19:32:46+00:00","description":"D\u00e9couvrez l'art de rue vibrant de Buenos Aires et profitez d'une exp\u00e9rience de d\u00e9gustation de vin de premi\u00e8re qualit\u00e9 avec notre visite priv\u00e9e de 3 heures. Mettez vos sens en \u00e9veil, r\u00e9servez d\u00e8s maintenant ! \u2705","breadcrumb":{"@id":"https:\/\/tourtravelandmore.com\/fr\/tours\/argentine\/buenos-aires-fr\/toutes-les-visites-privees-fr-2\/circuit-dart-urbain-et-de-vin-a-buenos-aires\/#breadcrumb"},"inLanguage":"fr-FR","potentialAction":[{"@type":"ReadAction","target":["https:\/\/tourtravelandmore.com\/fr\/tours\/argentine\/buenos-aires-fr\/toutes-les-visites-privees-fr-2\/circuit-dart-urbain-et-de-vin-a-buenos-aires\/"]}]},{"@type":"ImageObject","inLanguage":"fr-FR","@id":"https:\/\/tourtravelandmore.com\/fr\/tours\/argentine\/buenos-aires-fr\/toutes-les-visites-privees-fr-2\/circuit-dart-urbain-et-de-vin-a-buenos-aires\/#primaryimage","url":"https:\/\/tourtravelandmore.com\/wp-content\/uploads\/2023\/06\/image2-3.jpg","contentUrl":"https:\/\/tourtravelandmore.com\/wp-content\/uploads\/2023\/06\/image2-3.jpg","width":950,"height":750},{"@type":"BreadcrumbList","@id":"https:\/\/tourtravelandmore.com\/fr\/tours\/argentine\/buenos-aires-fr\/toutes-les-visites-privees-fr-2\/circuit-dart-urbain-et-de-vin-a-buenos-aires\/#breadcrumb","itemListElement":[{"@type":"ListItem","position":1,"name":"Home","item":"https:\/\/tourtravelandmore.com\/fr\/"},{"@type":"ListItem","position":2,"name":"Tours","item":"https:\/\/tourtravelandmore.com\/fr\/tours\/"},{"@type":"ListItem","position":3,"name":"Circuit d&rsquo;art urbain et de vin \u00e0 Buenos Aires"}]},{"@type":"WebSite","@id":"https:\/\/tourtravelandmore.com\/fr\/#website","url":"https:\/\/tourtravelandmore.com\/fr\/","name":"Tour Travel And More","description":"Private sightseeing tours and luxury transfers in Spain","publisher":{"@id":"https:\/\/tourtravelandmore.com\/fr\/#organization"},"potentialAction":[{"@type":"SearchAction","target":{"@type":"EntryPoint","urlTemplate":"https:\/\/tourtravelandmore.com\/fr\/?s={search_term_string}"},"query-input":{"@type":"PropertyValueSpecification","valueRequired":true,"valueName":"search_term_string"}}],"inLanguage":"fr-FR"},{"@type":"Organization","@id":"https:\/\/tourtravelandmore.com\/fr\/#organization","name":"Tour Travel And More","url":"https:\/\/tourtravelandmore.com\/fr\/","logo":{"@type":"ImageObject","inLanguage":"fr-FR","@id":"https:\/\/tourtravelandmore.com\/fr\/#\/schema\/logo\/image\/","url":"https:\/\/tourtravelandmore.com\/wp-content\/uploads\/2022\/12\/cropped-logo-cabecera-new.png","contentUrl":"https:\/\/tourtravelandmore.com\/wp-content\/uploads\/2022\/12\/cropped-logo-cabecera-new.png","width":430,"height":61,"caption":"Tour Travel And More"},"image":{"@id":"https:\/\/tourtravelandmore.com\/fr\/#\/schema\/logo\/image\/"},"sameAs":["https:\/\/www.facebook.com\/tourtravelandmore\/","https:\/\/x.com\/TourTravel_More"]}]}},"_links":{"self":[{"href":"https:\/\/tourtravelandmore.com\/fr\/wp-json\/wp\/v2\/product\/168957","targetHints":{"allow":["GET"]}}],"collection":[{"href":"https:\/\/tourtravelandmore.com\/fr\/wp-json\/wp\/v2\/product"}],"about":[{"href":"https:\/\/tourtravelandmore.com\/fr\/wp-json\/wp\/v2\/types\/product"}],"replies":[{"embeddable":true,"href":"https:\/\/tourtravelandmore.com\/fr\/wp-json\/wp\/v2\/comments?post=168957"}],"wp:featuredmedia":[{"embeddable":true,"href":"https:\/\/tourtravelandmore.com\/fr\/wp-json\/wp\/v2\/media\/168948"}],"wp:attachment":[{"href":"https:\/\/tourtravelandmore.com\/fr\/wp-json\/wp\/v2\/media?parent=168957"}],"wp:term":[{"taxonomy":"product_brand","embeddable":true,"href":"https:\/\/tourtravelandmore.com\/fr\/wp-json\/wp\/v2\/product_brand?post=168957"},{"taxonomy":"product_cat","embeddable":true,"href":"https:\/\/tourtravelandmore.com\/fr\/wp-json\/wp\/v2\/product_cat?post=168957"},{"taxonomy":"product_tag","embeddable":true,"href":"https:\/\/tourtravelandmore.com\/fr\/wp-json\/wp\/v2\/product_tag?post=168957"}],"curies":[{"name":"wp","href":"https:\/\/api.w.org\/{rel}","templated":true}]}}