{"id":168941,"date":"2023-06-02T08:08:05","date_gmt":"2023-06-02T06:13:29","guid":{"rendered":"https:\/\/tourtravelandmore.com\/?post_type=product&#038;p=168941"},"modified":"2023-08-17T21:41:53","modified_gmt":"2023-08-17T19:41:53","slug":"transfert-prive-de-a-aeroparquea-vers-depuis-capital-federal","status":"publish","type":"product","link":"https:\/\/tourtravelandmore.com\/fr\/tours\/argentine\/buenos-aires-fr\/toutes-les-visites-privees-fr-2\/transfert-prive-de-a-aeroparquea-vers-depuis-capital-federal\/","title":{"rendered":"Transfert priv\u00e9 de\/\u00e0 Aeroparquea vers\/depuis Capital Federal"},"content":{"rendered":"<h2><b>Transfert priv\u00e9 depuis\/vers Aeroparquea vers\/depuis Capital Federal Description :<\/b><\/h2>\n<p><span style=\"font-weight: 400;\">Faites l&#8217;exp\u00e9rience d&#8217;un confort et d&#8217;une commodit\u00e9 in\u00e9gal\u00e9s avec notre service de transfert priv\u00e9 entre Aeroparquea et Capital Federal. Oubliez les soucis li\u00e9s \u00e0 la navigation dans les transports publics ou \u00e0 l&#8217;appel d&#8217;un taxi, car notre v\u00e9hicule de luxe vous emm\u00e8ne \u00e0 votre destination. Ce service est con\u00e7u pour ceux qui accordent de l&#8217;importance \u00e0 leur temps, \u00e0 leur confort et \u00e0 leur intimit\u00e9. Nos chauffeurs professionnels et exp\u00e9riment\u00e9s veillent \u00e0 ce que le trajet se d\u00e9roule sans encombre et en temps voulu, ce qui vous permet d&#8217;admirer les environs ou de vous pr\u00e9parer \u00e0 votre prochain rendez-vous en toute tranquillit\u00e9. Avec notre service de transfert priv\u00e9, votre voyage entre Aeroparquea et Capital Federal sera sans stress, efficace et confortable.<\/span><\/p>\n<p><span style=\"font-weight: 400;\">Dans nos v\u00e9hicules de luxe impeccablement entretenus, vous pouvez vous asseoir et vous d\u00e9tendre ou travailler tout en vous d\u00e9pla\u00e7ant. Plus qu&#8217;un simple moyen de transport, ce service de transfert est une exp\u00e9rience en soi, qui vous permettra d&#8217;atteindre un niveau \u00e9lev\u00e9 pour vos prochaines aventures en Argentine. Nous donnons la priorit\u00e9 \u00e0 votre emploi du temps et \u00e0 votre commodit\u00e9, en veillant \u00e0 ce que ce transfert corresponde \u00e0 vos besoins, en fournissant un service personnalis\u00e9 et sur mesure. Profitez des sites touristiques de Buenos Aires sans les tracas habituels du voyage, car nous nous occupons de la logistique et assurons un voyage sans faille d&#8217;Aeroparquea \u00e0 Capital Federal.<\/span><\/p>\n<h2><b>Transfert priv\u00e9 depuis\/vers Aeroparquea vers\/depuis les points d&#8217;int\u00e9r\u00eat de Capital Federal :<\/b><\/h2>\n<p><span style=\"font-weight: 400;\">Bien que ce service permette avant tout un transfert en douceur entre deux points, il offre \u00e9galement un aper\u00e7u des sites anim\u00e9s d&#8217;Aeroparquea et de Capital Federal. Aeroparquea est connue pour ses vastes espaces verts, tels que le Parque Natural Cultural Estancia Santa Catalina et la Feria Franca de El Jag\u00fcel, o\u00f9 les habitants et les visiteurs passent des apr\u00e8s-midi agr\u00e9ables. D&#8217;autre part, Capital Federal, le c\u0153ur de Buenos Aires, pr\u00e9sente des monuments architecturaux impressionnants, des march\u00e9s anim\u00e9s et des quartiers vivants.<\/span><\/p>\n<p><span style=\"font-weight: 400;\">Le voyage offre un aper\u00e7u fugace mais fascinant des contrastes entre la banlieue et la ville de Buenos Aires. En passant de la tranquillit\u00e9 luxuriante d&#8217;Aeroparquea aux rues dynamiques de Capital Federal, vous serez en mesure d&#8217;appr\u00e9cier la diversit\u00e9 et l&#8217;\u00e9tendue des exp\u00e9riences qu&#8217;offre Buenos Aires. Ce transfert n&#8217;a pas pour seul but d&#8217;atteindre votre destination ; il s&#8217;agit de vous faire d\u00e9couvrir l&#8217;esprit et le charme de ces lieux remarquables.<\/span><\/p>\n<p><a href=\"https:\/\/tourtravelandmore.com\/fr\/city\/argentine\/buenos-aires-fr\/\"><span style=\"font-weight: 400;\">Am\u00e9liorez votre exp\u00e9rience de Buenos Aires gr\u00e2ce \u00e0 la gamme vari\u00e9e d&#8217;excursions propos\u00e9es par Tour Travel and More.<\/span><\/a><span style=\"font-weight: 400;\"> De l&#8217;exploration des merveilles architecturales \u00e0 l&#8217;immersion dans la culture locale, nous r\u00e9pondons aux int\u00e9r\u00eats de tous les voyageurs. Visitez notre site web et r\u00e9servez votre visite priv\u00e9e d\u00e8s maintenant !<\/span><\/p>\n","protected":false},"excerpt":{"rendered":"<p><span style=\"font-weight: 400;\">Faites l&#8217;exp\u00e9rience d&#8217;un m\u00e9lange parfait de confort, d&#8217;efficacit\u00e9 et de luxe avec notre service de transfert priv\u00e9 de\/\u00e0 Aeroparquea vers\/depuis Capital Federal. Visitez les lieux anim\u00e9s tout en voyageant avec style et commodit\u00e9.<\/span><\/p>\n","protected":false},"featured_media":168931,"comment_status":"open","ping_status":"closed","template":"","meta":{"_acf_changed":false},"product_brand":[],"product_cat":[4410,4413,4416],"product_tag":[],"class_list":{"0":"post-168941","1":"product","2":"type-product","3":"status-publish","4":"has-post-thumbnail","6":"product_cat-argentine","7":"product_cat-buenos-aires-fr","8":"product_cat-toutes-les-visites-privees-fr-2","10":"first","11":"instock","12":"shipping-taxable","13":"purchasable","14":"product-type-simple"},"acf":[],"yoast_head":"<!-- This site is optimized with the Yoast SEO Premium plugin v25.3.1 (Yoast SEO v25.3.1) - https:\/\/yoast.com\/wordpress\/plugins\/seo\/ -->\n<title>\u27a1\ufe0f Transfert priv\u00e9 de luxe : Aeroparquea \u00e0 Capital Federal | Tour Travel and More<\/title>\n<meta name=\"description\" content=\"D\u00e9couvrez un transfert priv\u00e9 de luxe entre Aeroparquea et Capital Federal avec Tour Travel and More. R\u00e9servez d\u00e8s maintenant pour un voyage sans stress ! \u2705\" \/>\n<meta name=\"robots\" content=\"index, follow, max-snippet:-1, max-image-preview:large, max-video-preview:-1\" \/>\n<link rel=\"canonical\" href=\"https:\/\/tourtravelandmore.com\/fr\/tours\/argentine\/buenos-aires-fr\/toutes-les-visites-privees-fr-2\/transfert-prive-de-a-aeroparquea-vers-depuis-capital-federal\/\" \/>\n<meta property=\"og:locale\" content=\"fr_FR\" \/>\n<meta property=\"og:type\" content=\"article\" \/>\n<meta property=\"og:title\" content=\"Transfert priv\u00e9 de\/\u00e0 Aeroparquea vers\/depuis Capital Federal\" \/>\n<meta property=\"og:description\" content=\"D\u00e9couvrez un transfert priv\u00e9 de luxe entre Aeroparquea et Capital Federal avec Tour Travel and More. R\u00e9servez d\u00e8s maintenant pour un voyage sans stress ! \u2705\" \/>\n<meta property=\"og:url\" content=\"https:\/\/tourtravelandmore.com\/fr\/tours\/argentine\/buenos-aires-fr\/toutes-les-visites-privees-fr-2\/transfert-prive-de-a-aeroparquea-vers-depuis-capital-federal\/\" \/>\n<meta property=\"og:site_name\" content=\"Tour Travel And More\" \/>\n<meta property=\"article:publisher\" content=\"https:\/\/www.facebook.com\/tourtravelandmore\/\" \/>\n<meta property=\"article:modified_time\" content=\"2023-08-17T19:41:53+00:00\" \/>\n<meta property=\"og:image\" content=\"https:\/\/tourtravelandmore.com\/wp-content\/uploads\/2023\/06\/image2-2.jpg\" \/>\n\t<meta property=\"og:image:width\" content=\"950\" \/>\n\t<meta property=\"og:image:height\" content=\"750\" \/>\n\t<meta property=\"og:image:type\" content=\"image\/jpeg\" \/>\n<meta name=\"twitter:card\" content=\"summary_large_image\" \/>\n<meta name=\"twitter:site\" content=\"@TourTravel_More\" \/>\n<meta name=\"twitter:label1\" content=\"Dur\u00e9e de lecture estim\u00e9e\" \/>\n\t<meta name=\"twitter:data1\" content=\"2 minutes\" \/>\n<script type=\"application\/ld+json\" class=\"yoast-schema-graph\">{\"@context\":\"https:\/\/schema.org\",\"@graph\":[{\"@type\":\"WebPage\",\"@id\":\"https:\/\/tourtravelandmore.com\/fr\/tours\/argentine\/buenos-aires-fr\/toutes-les-visites-privees-fr-2\/transfert-prive-de-a-aeroparquea-vers-depuis-capital-federal\/\",\"url\":\"https:\/\/tourtravelandmore.com\/fr\/tours\/argentine\/buenos-aires-fr\/toutes-les-visites-privees-fr-2\/transfert-prive-de-a-aeroparquea-vers-depuis-capital-federal\/\",\"name\":\"\u27a1\ufe0f Transfert priv\u00e9 de luxe : Aeroparquea \u00e0 Capital Federal | Tour Travel and More\",\"isPartOf\":{\"@id\":\"https:\/\/tourtravelandmore.com\/fr\/#website\"},\"primaryImageOfPage\":{\"@id\":\"https:\/\/tourtravelandmore.com\/fr\/tours\/argentine\/buenos-aires-fr\/toutes-les-visites-privees-fr-2\/transfert-prive-de-a-aeroparquea-vers-depuis-capital-federal\/#primaryimage\"},\"image\":{\"@id\":\"https:\/\/tourtravelandmore.com\/fr\/tours\/argentine\/buenos-aires-fr\/toutes-les-visites-privees-fr-2\/transfert-prive-de-a-aeroparquea-vers-depuis-capital-federal\/#primaryimage\"},\"thumbnailUrl\":\"https:\/\/tourtravelandmore.com\/wp-content\/uploads\/2023\/06\/image2-2.jpg\",\"datePublished\":\"2023-06-02T06:13:29+00:00\",\"dateModified\":\"2023-08-17T19:41:53+00:00\",\"description\":\"D\u00e9couvrez un transfert priv\u00e9 de luxe entre Aeroparquea et Capital Federal avec Tour Travel and More. R\u00e9servez d\u00e8s maintenant pour un voyage sans stress ! \u2705\",\"breadcrumb\":{\"@id\":\"https:\/\/tourtravelandmore.com\/fr\/tours\/argentine\/buenos-aires-fr\/toutes-les-visites-privees-fr-2\/transfert-prive-de-a-aeroparquea-vers-depuis-capital-federal\/#breadcrumb\"},\"inLanguage\":\"fr-FR\",\"potentialAction\":[{\"@type\":\"ReadAction\",\"target\":[\"https:\/\/tourtravelandmore.com\/fr\/tours\/argentine\/buenos-aires-fr\/toutes-les-visites-privees-fr-2\/transfert-prive-de-a-aeroparquea-vers-depuis-capital-federal\/\"]}]},{\"@type\":\"ImageObject\",\"inLanguage\":\"fr-FR\",\"@id\":\"https:\/\/tourtravelandmore.com\/fr\/tours\/argentine\/buenos-aires-fr\/toutes-les-visites-privees-fr-2\/transfert-prive-de-a-aeroparquea-vers-depuis-capital-federal\/#primaryimage\",\"url\":\"https:\/\/tourtravelandmore.com\/wp-content\/uploads\/2023\/06\/image2-2.jpg\",\"contentUrl\":\"https:\/\/tourtravelandmore.com\/wp-content\/uploads\/2023\/06\/image2-2.jpg\",\"width\":950,\"height\":750},{\"@type\":\"BreadcrumbList\",\"@id\":\"https:\/\/tourtravelandmore.com\/fr\/tours\/argentine\/buenos-aires-fr\/toutes-les-visites-privees-fr-2\/transfert-prive-de-a-aeroparquea-vers-depuis-capital-federal\/#breadcrumb\",\"itemListElement\":[{\"@type\":\"ListItem\",\"position\":1,\"name\":\"Home\",\"item\":\"https:\/\/tourtravelandmore.com\/fr\/\"},{\"@type\":\"ListItem\",\"position\":2,\"name\":\"Tours\",\"item\":\"https:\/\/tourtravelandmore.com\/fr\/tours\/\"},{\"@type\":\"ListItem\",\"position\":3,\"name\":\"Transfert priv\u00e9 de\/\u00e0 Aeroparquea vers\/depuis Capital Federal\"}]},{\"@type\":\"WebSite\",\"@id\":\"https:\/\/tourtravelandmore.com\/fr\/#website\",\"url\":\"https:\/\/tourtravelandmore.com\/fr\/\",\"name\":\"Tour Travel And More\",\"description\":\"Private sightseeing tours and luxury transfers in Spain\",\"publisher\":{\"@id\":\"https:\/\/tourtravelandmore.com\/fr\/#organization\"},\"potentialAction\":[{\"@type\":\"SearchAction\",\"target\":{\"@type\":\"EntryPoint\",\"urlTemplate\":\"https:\/\/tourtravelandmore.com\/fr\/?s={search_term_string}\"},\"query-input\":{\"@type\":\"PropertyValueSpecification\",\"valueRequired\":true,\"valueName\":\"search_term_string\"}}],\"inLanguage\":\"fr-FR\"},{\"@type\":\"Organization\",\"@id\":\"https:\/\/tourtravelandmore.com\/fr\/#organization\",\"name\":\"Tour Travel And More\",\"url\":\"https:\/\/tourtravelandmore.com\/fr\/\",\"logo\":{\"@type\":\"ImageObject\",\"inLanguage\":\"fr-FR\",\"@id\":\"https:\/\/tourtravelandmore.com\/fr\/#\/schema\/logo\/image\/\",\"url\":\"https:\/\/tourtravelandmore.com\/wp-content\/uploads\/2022\/12\/cropped-logo-cabecera-new.png\",\"contentUrl\":\"https:\/\/tourtravelandmore.com\/wp-content\/uploads\/2022\/12\/cropped-logo-cabecera-new.png\",\"width\":430,\"height\":61,\"caption\":\"Tour Travel And More\"},\"image\":{\"@id\":\"https:\/\/tourtravelandmore.com\/fr\/#\/schema\/logo\/image\/\"},\"sameAs\":[\"https:\/\/www.facebook.com\/tourtravelandmore\/\",\"https:\/\/x.com\/TourTravel_More\"]}]}<\/script>\n<!-- \/ Yoast SEO Premium plugin. -->","yoast_head_json":{"title":"\u27a1\ufe0f Transfert priv\u00e9 de luxe : Aeroparquea \u00e0 Capital Federal | Tour Travel and More","description":"D\u00e9couvrez un transfert priv\u00e9 de luxe entre Aeroparquea et Capital Federal avec Tour Travel and More. R\u00e9servez d\u00e8s maintenant pour un voyage sans stress ! \u2705","robots":{"index":"index","follow":"follow","max-snippet":"max-snippet:-1","max-image-preview":"max-image-preview:large","max-video-preview":"max-video-preview:-1"},"canonical":"https:\/\/tourtravelandmore.com\/fr\/tours\/argentine\/buenos-aires-fr\/toutes-les-visites-privees-fr-2\/transfert-prive-de-a-aeroparquea-vers-depuis-capital-federal\/","og_locale":"fr_FR","og_type":"article","og_title":"Transfert priv\u00e9 de\/\u00e0 Aeroparquea vers\/depuis Capital Federal","og_description":"D\u00e9couvrez un transfert priv\u00e9 de luxe entre Aeroparquea et Capital Federal avec Tour Travel and More. R\u00e9servez d\u00e8s maintenant pour un voyage sans stress ! \u2705","og_url":"https:\/\/tourtravelandmore.com\/fr\/tours\/argentine\/buenos-aires-fr\/toutes-les-visites-privees-fr-2\/transfert-prive-de-a-aeroparquea-vers-depuis-capital-federal\/","og_site_name":"Tour Travel And More","article_publisher":"https:\/\/www.facebook.com\/tourtravelandmore\/","article_modified_time":"2023-08-17T19:41:53+00:00","og_image":[{"width":950,"height":750,"url":"https:\/\/tourtravelandmore.com\/wp-content\/uploads\/2023\/06\/image2-2.jpg","type":"image\/jpeg"}],"twitter_card":"summary_large_image","twitter_site":"@TourTravel_More","twitter_misc":{"Dur\u00e9e de lecture estim\u00e9e":"2 minutes"},"schema":{"@context":"https:\/\/schema.org","@graph":[{"@type":"WebPage","@id":"https:\/\/tourtravelandmore.com\/fr\/tours\/argentine\/buenos-aires-fr\/toutes-les-visites-privees-fr-2\/transfert-prive-de-a-aeroparquea-vers-depuis-capital-federal\/","url":"https:\/\/tourtravelandmore.com\/fr\/tours\/argentine\/buenos-aires-fr\/toutes-les-visites-privees-fr-2\/transfert-prive-de-a-aeroparquea-vers-depuis-capital-federal\/","name":"\u27a1\ufe0f Transfert priv\u00e9 de luxe : Aeroparquea \u00e0 Capital Federal | Tour Travel and More","isPartOf":{"@id":"https:\/\/tourtravelandmore.com\/fr\/#website"},"primaryImageOfPage":{"@id":"https:\/\/tourtravelandmore.com\/fr\/tours\/argentine\/buenos-aires-fr\/toutes-les-visites-privees-fr-2\/transfert-prive-de-a-aeroparquea-vers-depuis-capital-federal\/#primaryimage"},"image":{"@id":"https:\/\/tourtravelandmore.com\/fr\/tours\/argentine\/buenos-aires-fr\/toutes-les-visites-privees-fr-2\/transfert-prive-de-a-aeroparquea-vers-depuis-capital-federal\/#primaryimage"},"thumbnailUrl":"https:\/\/tourtravelandmore.com\/wp-content\/uploads\/2023\/06\/image2-2.jpg","datePublished":"2023-06-02T06:13:29+00:00","dateModified":"2023-08-17T19:41:53+00:00","description":"D\u00e9couvrez un transfert priv\u00e9 de luxe entre Aeroparquea et Capital Federal avec Tour Travel and More. R\u00e9servez d\u00e8s maintenant pour un voyage sans stress ! \u2705","breadcrumb":{"@id":"https:\/\/tourtravelandmore.com\/fr\/tours\/argentine\/buenos-aires-fr\/toutes-les-visites-privees-fr-2\/transfert-prive-de-a-aeroparquea-vers-depuis-capital-federal\/#breadcrumb"},"inLanguage":"fr-FR","potentialAction":[{"@type":"ReadAction","target":["https:\/\/tourtravelandmore.com\/fr\/tours\/argentine\/buenos-aires-fr\/toutes-les-visites-privees-fr-2\/transfert-prive-de-a-aeroparquea-vers-depuis-capital-federal\/"]}]},{"@type":"ImageObject","inLanguage":"fr-FR","@id":"https:\/\/tourtravelandmore.com\/fr\/tours\/argentine\/buenos-aires-fr\/toutes-les-visites-privees-fr-2\/transfert-prive-de-a-aeroparquea-vers-depuis-capital-federal\/#primaryimage","url":"https:\/\/tourtravelandmore.com\/wp-content\/uploads\/2023\/06\/image2-2.jpg","contentUrl":"https:\/\/tourtravelandmore.com\/wp-content\/uploads\/2023\/06\/image2-2.jpg","width":950,"height":750},{"@type":"BreadcrumbList","@id":"https:\/\/tourtravelandmore.com\/fr\/tours\/argentine\/buenos-aires-fr\/toutes-les-visites-privees-fr-2\/transfert-prive-de-a-aeroparquea-vers-depuis-capital-federal\/#breadcrumb","itemListElement":[{"@type":"ListItem","position":1,"name":"Home","item":"https:\/\/tourtravelandmore.com\/fr\/"},{"@type":"ListItem","position":2,"name":"Tours","item":"https:\/\/tourtravelandmore.com\/fr\/tours\/"},{"@type":"ListItem","position":3,"name":"Transfert priv\u00e9 de\/\u00e0 Aeroparquea vers\/depuis Capital Federal"}]},{"@type":"WebSite","@id":"https:\/\/tourtravelandmore.com\/fr\/#website","url":"https:\/\/tourtravelandmore.com\/fr\/","name":"Tour Travel And More","description":"Private sightseeing tours and luxury transfers in Spain","publisher":{"@id":"https:\/\/tourtravelandmore.com\/fr\/#organization"},"potentialAction":[{"@type":"SearchAction","target":{"@type":"EntryPoint","urlTemplate":"https:\/\/tourtravelandmore.com\/fr\/?s={search_term_string}"},"query-input":{"@type":"PropertyValueSpecification","valueRequired":true,"valueName":"search_term_string"}}],"inLanguage":"fr-FR"},{"@type":"Organization","@id":"https:\/\/tourtravelandmore.com\/fr\/#organization","name":"Tour Travel And More","url":"https:\/\/tourtravelandmore.com\/fr\/","logo":{"@type":"ImageObject","inLanguage":"fr-FR","@id":"https:\/\/tourtravelandmore.com\/fr\/#\/schema\/logo\/image\/","url":"https:\/\/tourtravelandmore.com\/wp-content\/uploads\/2022\/12\/cropped-logo-cabecera-new.png","contentUrl":"https:\/\/tourtravelandmore.com\/wp-content\/uploads\/2022\/12\/cropped-logo-cabecera-new.png","width":430,"height":61,"caption":"Tour Travel And More"},"image":{"@id":"https:\/\/tourtravelandmore.com\/fr\/#\/schema\/logo\/image\/"},"sameAs":["https:\/\/www.facebook.com\/tourtravelandmore\/","https:\/\/x.com\/TourTravel_More"]}]}},"_links":{"self":[{"href":"https:\/\/tourtravelandmore.com\/fr\/wp-json\/wp\/v2\/product\/168941","targetHints":{"allow":["GET"]}}],"collection":[{"href":"https:\/\/tourtravelandmore.com\/fr\/wp-json\/wp\/v2\/product"}],"about":[{"href":"https:\/\/tourtravelandmore.com\/fr\/wp-json\/wp\/v2\/types\/product"}],"replies":[{"embeddable":true,"href":"https:\/\/tourtravelandmore.com\/fr\/wp-json\/wp\/v2\/comments?post=168941"}],"wp:featuredmedia":[{"embeddable":true,"href":"https:\/\/tourtravelandmore.com\/fr\/wp-json\/wp\/v2\/media\/168931"}],"wp:attachment":[{"href":"https:\/\/tourtravelandmore.com\/fr\/wp-json\/wp\/v2\/media?parent=168941"}],"wp:term":[{"taxonomy":"product_brand","embeddable":true,"href":"https:\/\/tourtravelandmore.com\/fr\/wp-json\/wp\/v2\/product_brand?post=168941"},{"taxonomy":"product_cat","embeddable":true,"href":"https:\/\/tourtravelandmore.com\/fr\/wp-json\/wp\/v2\/product_cat?post=168941"},{"taxonomy":"product_tag","embeddable":true,"href":"https:\/\/tourtravelandmore.com\/fr\/wp-json\/wp\/v2\/product_tag?post=168941"}],"curies":[{"name":"wp","href":"https:\/\/api.w.org\/{rel}","templated":true}]}}