{"id":168912,"date":"2023-06-02T07:53:57","date_gmt":"2023-06-02T06:00:05","guid":{"rendered":"https:\/\/tourtravelandmore.com\/?post_type=product&#038;p=168912"},"modified":"2023-11-15T17:39:22","modified_gmt":"2023-11-15T16:39:22","slug":"visite-privee-de-bs-as-du-theatre-colon-et-du-musee-malba","status":"publish","type":"product","link":"https:\/\/tourtravelandmore.com\/fr\/tours\/argentine\/buenos-aires-fr\/toutes-les-visites-privees-fr-2\/visite-privee-de-bs-as-du-theatre-colon-et-du-musee-malba\/","title":{"rendered":"Visite priv\u00e9e de Bs As, du Th\u00e9\u00e2tre Colon et du Mus\u00e9e Malba"},"content":{"rendered":"<h2><b>Description de la visite priv\u00e9e du Bs As, du th\u00e9\u00e2tre Colon et du mus\u00e9e Malba<\/b><\/h2>\n<p><span style=\"font-weight: 400;\">Embarquez pour une exploration unique des hauts lieux culturels de Buenos Aires avec notre &#8220;Visite priv\u00e9e Bs As, Th\u00e9\u00e2tre Colon et Mus\u00e9e Malba&#8221;. Cette exp\u00e9rience exclusive de 5 heures, avec un guide professionnel, un v\u00e9hicule avec chauffeur et les droits d&#8217;entr\u00e9e au th\u00e9\u00e2tre Colon et au mus\u00e9e Malba, offre un aper\u00e7u complet des splendeurs artistiques et architecturales de la ville. Il s&#8217;agit d&#8217;une visite de groupe (le th\u00e9\u00e2tre Colon n&#8217;autorise pas les visites priv\u00e9es), mais votre guide entrera avec le groupe. Le reste de la visite est priv\u00e9. L&#8217;excursion commence par une visite du th\u00e9\u00e2tre Colon, un lieu embl\u00e9matique c\u00e9l\u00e9br\u00e9 pour son acoustique impressionnante et son design opulent. Nous nous rendons ensuite au mus\u00e9e Malba, qui abrite l&#8217;une des plus importantes collections d&#8217;art moderne et contemporain d&#8217;Am\u00e9rique latine. Cette visite, qui allie harmonieusement la grandeur architecturale et l&#8217;\u00e9clat artistique, offre une plong\u00e9e profonde dans le paysage culturel vibrant de Buenos Aires, qui ne manquera pas d&#8217;enchanter les amateurs d&#8217;art et les f\u00e9rus d&#8217;histoire.<\/span><\/p>\n<p><span style=\"font-weight: 400;\">Apr\u00e8s une exploration \u00e9clairante du th\u00e9\u00e2tre Colon, nous nous rendons au c\u00e9l\u00e8bre mus\u00e9e Malba. Merveille architecturale en soi, le mus\u00e9e expose une collection vari\u00e9e qui refl\u00e8te l&#8217;esprit cr\u00e9atif de l&#8217;Am\u00e9rique latine. L&#8217;ensemble des chefs-d&#8217;\u0153uvre du mus\u00e9e, datant du d\u00e9but du XXe si\u00e8cle jusqu&#8217;\u00e0 aujourd&#8217;hui, illustre les p\u00e9riodes critiques et les mouvements esth\u00e9tiques qui ont fa\u00e7onn\u00e9 l&#8217;art latino-am\u00e9ricain. Notre guide expert donnera vie \u00e0 ces pi\u00e8ces, en offrant un contexte et des perspectives qui enrichiront votre compr\u00e9hension des \u0153uvres d&#8217;art et de leurs cr\u00e9ateurs. Cette visite, con\u00e7ue pour vous immerger dans le riche tissu culturel de Buenos Aires, se termine par une appr\u00e9ciation unique du patrimoine artistique et des prouesses architecturales de la ville. D\u00e9couvrez l&#8217;essence culturelle de Buenos Aires \u00e0 travers ses sites \u00e9tonnants et ses histoires inoubliables, con\u00e7us par Tour Travel and More.<\/span><\/p>\n<h2><b>Points d&#8217;int\u00e9r\u00eat de la visite priv\u00e9e de Bs As, du th\u00e9\u00e2tre Colon et du mus\u00e9e Malba<\/b><\/h2>\n<p><strong>Le Teatro Col\u00f3n<\/strong> n&#8217;est pas seulement un op\u00e9ra, c&#8217;est un monument des arts, un t\u00e9moignage de la grandeur architecturale et une merveille acoustique. Commen\u00e7ons par son impressionnante fa\u00e7ade, un m\u00e9lange de styles architecturaux qui laisse entrevoir l&#8217;\u00e9l\u00e9gance de son int\u00e9rieur. \u00c0 l&#8217;int\u00e9rieur, le somptueux Grand Foyer et le Golden Hall sont stup\u00e9fiants de d\u00e9tails ornementaux et d&#8217;opulence. Vous serez accompagn\u00e9 de votre guide et d&#8217;un groupe.<\/p>\n<p><b>Mus\u00e9e Malba :<\/b><span style=\"font-weight: 400;\"> Pierre angulaire de la sc\u00e8ne artistique de la ville, le Museo de Arte Latinoamericano de Buenos Aires (Malba) abrite une vaste collection d&#8217;art latino-am\u00e9ricain moderne et contemporain. Avec des pi\u00e8ces allant du d\u00e9but du XXe si\u00e8cle \u00e0 nos jours, les expositions du Malba couvrent des p\u00e9riodes cruciales et des mouvements esth\u00e9tiques qui ont influenc\u00e9 l&#8217;art latino-am\u00e9ricain. Le mus\u00e9e pr\u00e9sente des \u0153uvres d&#8217;artistes c\u00e9l\u00e8bres tels que Frida Kahlo, Diego Rivera et Tarsila do Amaral, permettant aux visiteurs de s&#8217;immerger dans le r\u00e9cit artistique de la r\u00e9gion. Parall\u00e8lement aux expositions d&#8217;art, l&#8217;architecture r\u00e9volutionnaire de Malba &#8211; une combinaison de b\u00e9ton aust\u00e8re et d&#8217;\u00e9tendues de verre &#8211; devient une exposition \u00e0 part enti\u00e8re, refl\u00e9tant l&#8217;engagement du mus\u00e9e en faveur de l&#8217;innovation et de la cr\u00e9ativit\u00e9. Les expositions interactives et les programmes \u00e9ducatifs enrichissent l&#8217;exp\u00e9rience du visiteur, faisant de Malba un lieu incontournable pour les amateurs d&#8217;art.<\/span><\/p>\n<p><a href=\"https:\/\/tourtravelandmore.com\/fr\/city\/argentine\/buenos-aires-fr\/\"><span style=\"font-weight: 400;\">Notre circuit Bs As, Th\u00e9\u00e2tre Colon et Mus\u00e9e Malba n&#8217;est qu&#8217;un aper\u00e7u de ce que Buenos Aires a \u00e0 offrir.<\/span><\/a><span style=\"font-weight: 400;\"> Avec Tour Travel and More, d\u00e9couvrez un \u00e9ventail de visites priv\u00e9es m\u00e9ticuleusement con\u00e7ues qui plongent dans la riche histoire de la ville, sa culture vibrante et ses sites \u00e9tonnants. Parcourez notre s\u00e9lection vari\u00e9e sur notre site web et d\u00e9couvrez une exploration inoubliable de Buenos Aires.<\/span><\/p>\n","protected":false},"excerpt":{"rendered":"<p><span style=\"font-weight: 400;\">Plongez dans les merveilles culturelles de Buenos Aires avec une visite priv\u00e9e du th\u00e9\u00e2tre Colon et du mus\u00e9e Malba. D\u00e9couvrez l&#8217;\u00e9clat de l&#8217;architecture, d\u00e9lectez-vous des chefs-d&#8217;\u0153uvre artistiques et faites l&#8217;exp\u00e9rience de la riche tapisserie culturelle de la ville avec Tour Travel and More.<\/span><\/p>\n","protected":false},"featured_media":168902,"comment_status":"open","ping_status":"closed","template":"","meta":{"_acf_changed":false},"product_brand":[],"product_cat":[4410,4413,4416,4419],"product_tag":[],"class_list":{"0":"post-168912","1":"product","2":"type-product","3":"status-publish","4":"has-post-thumbnail","6":"product_cat-argentine","7":"product_cat-buenos-aires-fr","8":"product_cat-toutes-les-visites-privees-fr-2","9":"product_cat-visites-touristiques-privees-fr-3","11":"first","12":"instock","13":"shipping-taxable","14":"purchasable","15":"product-type-simple"},"acf":[],"yoast_head":"<!-- This site is optimized with the Yoast SEO Premium plugin v25.3.1 (Yoast SEO v25.3.1) - https:\/\/yoast.com\/wordpress\/plugins\/seo\/ -->\n<title>\u27a1\ufe0f D\u00e9couvrez Buenos Aires : Visite priv\u00e9e du th\u00e9\u00e2tre Colon et du mus\u00e9e Malba | Tour Travel and More<\/title>\n<meta name=\"description\" content=\"D\u00e9couvrez les hauts lieux culturels de Buenos Aires avec une visite priv\u00e9e du th\u00e9\u00e2tre Colon et du mus\u00e9e Malba. D\u00e9couvrez les joyaux artistiques et architecturaux de la ville avec Tour Travel and More. R\u00e9servez votre voyage d\u00e8s aujourd&#039;hui ! \u2705\" \/>\n<meta name=\"robots\" content=\"index, follow, max-snippet:-1, max-image-preview:large, max-video-preview:-1\" \/>\n<link rel=\"canonical\" href=\"https:\/\/tourtravelandmore.com\/fr\/tours\/argentine\/buenos-aires-fr\/toutes-les-visites-privees-fr-2\/visite-privee-de-bs-as-du-theatre-colon-et-du-musee-malba\/\" \/>\n<meta property=\"og:locale\" content=\"fr_FR\" \/>\n<meta property=\"og:type\" content=\"article\" \/>\n<meta property=\"og:title\" content=\"Visite priv\u00e9e de Bs As, du Th\u00e9\u00e2tre Colon et du Mus\u00e9e Malba\" \/>\n<meta property=\"og:description\" content=\"D\u00e9couvrez les hauts lieux culturels de Buenos Aires avec une visite priv\u00e9e du th\u00e9\u00e2tre Colon et du mus\u00e9e Malba. D\u00e9couvrez les joyaux artistiques et architecturaux de la ville avec Tour Travel and More. R\u00e9servez votre voyage d\u00e8s aujourd&#039;hui ! \u2705\" \/>\n<meta property=\"og:url\" content=\"https:\/\/tourtravelandmore.com\/fr\/tours\/argentine\/buenos-aires-fr\/toutes-les-visites-privees-fr-2\/visite-privee-de-bs-as-du-theatre-colon-et-du-musee-malba\/\" \/>\n<meta property=\"og:site_name\" content=\"Tour Travel And More\" \/>\n<meta property=\"article:publisher\" content=\"https:\/\/www.facebook.com\/tourtravelandmore\/\" \/>\n<meta property=\"article:modified_time\" content=\"2023-11-15T16:39:22+00:00\" \/>\n<meta property=\"og:image\" content=\"https:\/\/tourtravelandmore.com\/wp-content\/uploads\/2023\/06\/image2.jpg\" \/>\n\t<meta property=\"og:image:width\" content=\"1250\" \/>\n\t<meta property=\"og:image:height\" content=\"750\" \/>\n\t<meta property=\"og:image:type\" content=\"image\/jpeg\" \/>\n<meta name=\"twitter:card\" content=\"summary_large_image\" \/>\n<meta name=\"twitter:site\" content=\"@TourTravel_More\" \/>\n<meta name=\"twitter:label1\" content=\"Dur\u00e9e de lecture estim\u00e9e\" \/>\n\t<meta name=\"twitter:data1\" content=\"3 minutes\" \/>\n<script type=\"application\/ld+json\" class=\"yoast-schema-graph\">{\"@context\":\"https:\/\/schema.org\",\"@graph\":[{\"@type\":\"WebPage\",\"@id\":\"https:\/\/tourtravelandmore.com\/fr\/tours\/argentine\/buenos-aires-fr\/toutes-les-visites-privees-fr-2\/visite-privee-de-bs-as-du-theatre-colon-et-du-musee-malba\/\",\"url\":\"https:\/\/tourtravelandmore.com\/fr\/tours\/argentine\/buenos-aires-fr\/toutes-les-visites-privees-fr-2\/visite-privee-de-bs-as-du-theatre-colon-et-du-musee-malba\/\",\"name\":\"\u27a1\ufe0f D\u00e9couvrez Buenos Aires : Visite priv\u00e9e du th\u00e9\u00e2tre Colon et du mus\u00e9e Malba | Tour Travel and More\",\"isPartOf\":{\"@id\":\"https:\/\/tourtravelandmore.com\/fr\/#website\"},\"primaryImageOfPage\":{\"@id\":\"https:\/\/tourtravelandmore.com\/fr\/tours\/argentine\/buenos-aires-fr\/toutes-les-visites-privees-fr-2\/visite-privee-de-bs-as-du-theatre-colon-et-du-musee-malba\/#primaryimage\"},\"image\":{\"@id\":\"https:\/\/tourtravelandmore.com\/fr\/tours\/argentine\/buenos-aires-fr\/toutes-les-visites-privees-fr-2\/visite-privee-de-bs-as-du-theatre-colon-et-du-musee-malba\/#primaryimage\"},\"thumbnailUrl\":\"https:\/\/tourtravelandmore.com\/wp-content\/uploads\/2023\/06\/image2.jpg\",\"datePublished\":\"2023-06-02T06:00:05+00:00\",\"dateModified\":\"2023-11-15T16:39:22+00:00\",\"description\":\"D\u00e9couvrez les hauts lieux culturels de Buenos Aires avec une visite priv\u00e9e du th\u00e9\u00e2tre Colon et du mus\u00e9e Malba. D\u00e9couvrez les joyaux artistiques et architecturaux de la ville avec Tour Travel and More. R\u00e9servez votre voyage d\u00e8s aujourd'hui ! \u2705\",\"breadcrumb\":{\"@id\":\"https:\/\/tourtravelandmore.com\/fr\/tours\/argentine\/buenos-aires-fr\/toutes-les-visites-privees-fr-2\/visite-privee-de-bs-as-du-theatre-colon-et-du-musee-malba\/#breadcrumb\"},\"inLanguage\":\"fr-FR\",\"potentialAction\":[{\"@type\":\"ReadAction\",\"target\":[\"https:\/\/tourtravelandmore.com\/fr\/tours\/argentine\/buenos-aires-fr\/toutes-les-visites-privees-fr-2\/visite-privee-de-bs-as-du-theatre-colon-et-du-musee-malba\/\"]}]},{\"@type\":\"ImageObject\",\"inLanguage\":\"fr-FR\",\"@id\":\"https:\/\/tourtravelandmore.com\/fr\/tours\/argentine\/buenos-aires-fr\/toutes-les-visites-privees-fr-2\/visite-privee-de-bs-as-du-theatre-colon-et-du-musee-malba\/#primaryimage\",\"url\":\"https:\/\/tourtravelandmore.com\/wp-content\/uploads\/2023\/06\/image2.jpg\",\"contentUrl\":\"https:\/\/tourtravelandmore.com\/wp-content\/uploads\/2023\/06\/image2.jpg\",\"width\":1250,\"height\":750},{\"@type\":\"BreadcrumbList\",\"@id\":\"https:\/\/tourtravelandmore.com\/fr\/tours\/argentine\/buenos-aires-fr\/toutes-les-visites-privees-fr-2\/visite-privee-de-bs-as-du-theatre-colon-et-du-musee-malba\/#breadcrumb\",\"itemListElement\":[{\"@type\":\"ListItem\",\"position\":1,\"name\":\"Home\",\"item\":\"https:\/\/tourtravelandmore.com\/fr\/\"},{\"@type\":\"ListItem\",\"position\":2,\"name\":\"Tours\",\"item\":\"https:\/\/tourtravelandmore.com\/fr\/tours\/\"},{\"@type\":\"ListItem\",\"position\":3,\"name\":\"Visite priv\u00e9e de Bs As, du Th\u00e9\u00e2tre Colon et du Mus\u00e9e Malba\"}]},{\"@type\":\"WebSite\",\"@id\":\"https:\/\/tourtravelandmore.com\/fr\/#website\",\"url\":\"https:\/\/tourtravelandmore.com\/fr\/\",\"name\":\"Tour Travel And More\",\"description\":\"Private sightseeing tours and luxury transfers in Spain\",\"publisher\":{\"@id\":\"https:\/\/tourtravelandmore.com\/fr\/#organization\"},\"potentialAction\":[{\"@type\":\"SearchAction\",\"target\":{\"@type\":\"EntryPoint\",\"urlTemplate\":\"https:\/\/tourtravelandmore.com\/fr\/?s={search_term_string}\"},\"query-input\":{\"@type\":\"PropertyValueSpecification\",\"valueRequired\":true,\"valueName\":\"search_term_string\"}}],\"inLanguage\":\"fr-FR\"},{\"@type\":\"Organization\",\"@id\":\"https:\/\/tourtravelandmore.com\/fr\/#organization\",\"name\":\"Tour Travel And More\",\"url\":\"https:\/\/tourtravelandmore.com\/fr\/\",\"logo\":{\"@type\":\"ImageObject\",\"inLanguage\":\"fr-FR\",\"@id\":\"https:\/\/tourtravelandmore.com\/fr\/#\/schema\/logo\/image\/\",\"url\":\"https:\/\/tourtravelandmore.com\/wp-content\/uploads\/2022\/12\/cropped-logo-cabecera-new.png\",\"contentUrl\":\"https:\/\/tourtravelandmore.com\/wp-content\/uploads\/2022\/12\/cropped-logo-cabecera-new.png\",\"width\":430,\"height\":61,\"caption\":\"Tour Travel And More\"},\"image\":{\"@id\":\"https:\/\/tourtravelandmore.com\/fr\/#\/schema\/logo\/image\/\"},\"sameAs\":[\"https:\/\/www.facebook.com\/tourtravelandmore\/\",\"https:\/\/x.com\/TourTravel_More\"]}]}<\/script>\n<!-- \/ Yoast SEO Premium plugin. -->","yoast_head_json":{"title":"\u27a1\ufe0f D\u00e9couvrez Buenos Aires : Visite priv\u00e9e du th\u00e9\u00e2tre Colon et du mus\u00e9e Malba | Tour Travel and More","description":"D\u00e9couvrez les hauts lieux culturels de Buenos Aires avec une visite priv\u00e9e du th\u00e9\u00e2tre Colon et du mus\u00e9e Malba. D\u00e9couvrez les joyaux artistiques et architecturaux de la ville avec Tour Travel and More. R\u00e9servez votre voyage d\u00e8s aujourd'hui ! \u2705","robots":{"index":"index","follow":"follow","max-snippet":"max-snippet:-1","max-image-preview":"max-image-preview:large","max-video-preview":"max-video-preview:-1"},"canonical":"https:\/\/tourtravelandmore.com\/fr\/tours\/argentine\/buenos-aires-fr\/toutes-les-visites-privees-fr-2\/visite-privee-de-bs-as-du-theatre-colon-et-du-musee-malba\/","og_locale":"fr_FR","og_type":"article","og_title":"Visite priv\u00e9e de Bs As, du Th\u00e9\u00e2tre Colon et du Mus\u00e9e Malba","og_description":"D\u00e9couvrez les hauts lieux culturels de Buenos Aires avec une visite priv\u00e9e du th\u00e9\u00e2tre Colon et du mus\u00e9e Malba. D\u00e9couvrez les joyaux artistiques et architecturaux de la ville avec Tour Travel and More. R\u00e9servez votre voyage d\u00e8s aujourd'hui ! \u2705","og_url":"https:\/\/tourtravelandmore.com\/fr\/tours\/argentine\/buenos-aires-fr\/toutes-les-visites-privees-fr-2\/visite-privee-de-bs-as-du-theatre-colon-et-du-musee-malba\/","og_site_name":"Tour Travel And More","article_publisher":"https:\/\/www.facebook.com\/tourtravelandmore\/","article_modified_time":"2023-11-15T16:39:22+00:00","og_image":[{"width":1250,"height":750,"url":"https:\/\/tourtravelandmore.com\/wp-content\/uploads\/2023\/06\/image2.jpg","type":"image\/jpeg"}],"twitter_card":"summary_large_image","twitter_site":"@TourTravel_More","twitter_misc":{"Dur\u00e9e de lecture estim\u00e9e":"3 minutes"},"schema":{"@context":"https:\/\/schema.org","@graph":[{"@type":"WebPage","@id":"https:\/\/tourtravelandmore.com\/fr\/tours\/argentine\/buenos-aires-fr\/toutes-les-visites-privees-fr-2\/visite-privee-de-bs-as-du-theatre-colon-et-du-musee-malba\/","url":"https:\/\/tourtravelandmore.com\/fr\/tours\/argentine\/buenos-aires-fr\/toutes-les-visites-privees-fr-2\/visite-privee-de-bs-as-du-theatre-colon-et-du-musee-malba\/","name":"\u27a1\ufe0f D\u00e9couvrez Buenos Aires : Visite priv\u00e9e du th\u00e9\u00e2tre Colon et du mus\u00e9e Malba | Tour Travel and More","isPartOf":{"@id":"https:\/\/tourtravelandmore.com\/fr\/#website"},"primaryImageOfPage":{"@id":"https:\/\/tourtravelandmore.com\/fr\/tours\/argentine\/buenos-aires-fr\/toutes-les-visites-privees-fr-2\/visite-privee-de-bs-as-du-theatre-colon-et-du-musee-malba\/#primaryimage"},"image":{"@id":"https:\/\/tourtravelandmore.com\/fr\/tours\/argentine\/buenos-aires-fr\/toutes-les-visites-privees-fr-2\/visite-privee-de-bs-as-du-theatre-colon-et-du-musee-malba\/#primaryimage"},"thumbnailUrl":"https:\/\/tourtravelandmore.com\/wp-content\/uploads\/2023\/06\/image2.jpg","datePublished":"2023-06-02T06:00:05+00:00","dateModified":"2023-11-15T16:39:22+00:00","description":"D\u00e9couvrez les hauts lieux culturels de Buenos Aires avec une visite priv\u00e9e du th\u00e9\u00e2tre Colon et du mus\u00e9e Malba. D\u00e9couvrez les joyaux artistiques et architecturaux de la ville avec Tour Travel and More. R\u00e9servez votre voyage d\u00e8s aujourd'hui ! \u2705","breadcrumb":{"@id":"https:\/\/tourtravelandmore.com\/fr\/tours\/argentine\/buenos-aires-fr\/toutes-les-visites-privees-fr-2\/visite-privee-de-bs-as-du-theatre-colon-et-du-musee-malba\/#breadcrumb"},"inLanguage":"fr-FR","potentialAction":[{"@type":"ReadAction","target":["https:\/\/tourtravelandmore.com\/fr\/tours\/argentine\/buenos-aires-fr\/toutes-les-visites-privees-fr-2\/visite-privee-de-bs-as-du-theatre-colon-et-du-musee-malba\/"]}]},{"@type":"ImageObject","inLanguage":"fr-FR","@id":"https:\/\/tourtravelandmore.com\/fr\/tours\/argentine\/buenos-aires-fr\/toutes-les-visites-privees-fr-2\/visite-privee-de-bs-as-du-theatre-colon-et-du-musee-malba\/#primaryimage","url":"https:\/\/tourtravelandmore.com\/wp-content\/uploads\/2023\/06\/image2.jpg","contentUrl":"https:\/\/tourtravelandmore.com\/wp-content\/uploads\/2023\/06\/image2.jpg","width":1250,"height":750},{"@type":"BreadcrumbList","@id":"https:\/\/tourtravelandmore.com\/fr\/tours\/argentine\/buenos-aires-fr\/toutes-les-visites-privees-fr-2\/visite-privee-de-bs-as-du-theatre-colon-et-du-musee-malba\/#breadcrumb","itemListElement":[{"@type":"ListItem","position":1,"name":"Home","item":"https:\/\/tourtravelandmore.com\/fr\/"},{"@type":"ListItem","position":2,"name":"Tours","item":"https:\/\/tourtravelandmore.com\/fr\/tours\/"},{"@type":"ListItem","position":3,"name":"Visite priv\u00e9e de Bs As, du Th\u00e9\u00e2tre Colon et du Mus\u00e9e Malba"}]},{"@type":"WebSite","@id":"https:\/\/tourtravelandmore.com\/fr\/#website","url":"https:\/\/tourtravelandmore.com\/fr\/","name":"Tour Travel And More","description":"Private sightseeing tours and luxury transfers in Spain","publisher":{"@id":"https:\/\/tourtravelandmore.com\/fr\/#organization"},"potentialAction":[{"@type":"SearchAction","target":{"@type":"EntryPoint","urlTemplate":"https:\/\/tourtravelandmore.com\/fr\/?s={search_term_string}"},"query-input":{"@type":"PropertyValueSpecification","valueRequired":true,"valueName":"search_term_string"}}],"inLanguage":"fr-FR"},{"@type":"Organization","@id":"https:\/\/tourtravelandmore.com\/fr\/#organization","name":"Tour Travel And More","url":"https:\/\/tourtravelandmore.com\/fr\/","logo":{"@type":"ImageObject","inLanguage":"fr-FR","@id":"https:\/\/tourtravelandmore.com\/fr\/#\/schema\/logo\/image\/","url":"https:\/\/tourtravelandmore.com\/wp-content\/uploads\/2022\/12\/cropped-logo-cabecera-new.png","contentUrl":"https:\/\/tourtravelandmore.com\/wp-content\/uploads\/2022\/12\/cropped-logo-cabecera-new.png","width":430,"height":61,"caption":"Tour Travel And More"},"image":{"@id":"https:\/\/tourtravelandmore.com\/fr\/#\/schema\/logo\/image\/"},"sameAs":["https:\/\/www.facebook.com\/tourtravelandmore\/","https:\/\/x.com\/TourTravel_More"]}]}},"_links":{"self":[{"href":"https:\/\/tourtravelandmore.com\/fr\/wp-json\/wp\/v2\/product\/168912","targetHints":{"allow":["GET"]}}],"collection":[{"href":"https:\/\/tourtravelandmore.com\/fr\/wp-json\/wp\/v2\/product"}],"about":[{"href":"https:\/\/tourtravelandmore.com\/fr\/wp-json\/wp\/v2\/types\/product"}],"replies":[{"embeddable":true,"href":"https:\/\/tourtravelandmore.com\/fr\/wp-json\/wp\/v2\/comments?post=168912"}],"wp:featuredmedia":[{"embeddable":true,"href":"https:\/\/tourtravelandmore.com\/fr\/wp-json\/wp\/v2\/media\/168902"}],"wp:attachment":[{"href":"https:\/\/tourtravelandmore.com\/fr\/wp-json\/wp\/v2\/media?parent=168912"}],"wp:term":[{"taxonomy":"product_brand","embeddable":true,"href":"https:\/\/tourtravelandmore.com\/fr\/wp-json\/wp\/v2\/product_brand?post=168912"},{"taxonomy":"product_cat","embeddable":true,"href":"https:\/\/tourtravelandmore.com\/fr\/wp-json\/wp\/v2\/product_cat?post=168912"},{"taxonomy":"product_tag","embeddable":true,"href":"https:\/\/tourtravelandmore.com\/fr\/wp-json\/wp\/v2\/product_tag?post=168912"}],"curies":[{"name":"wp","href":"https:\/\/api.w.org\/{rel}","templated":true}]}}