{"id":168883,"date":"2023-05-31T07:31:09","date_gmt":"2023-05-31T05:37:17","guid":{"rendered":"https:\/\/tourtravelandmore.com\/?post_type=product&#038;p=168883"},"modified":"2023-06-10T01:04:13","modified_gmt":"2023-06-09T23:04:13","slug":"excursion-privee-a-san-isidro-et-dans-le-delta","status":"publish","type":"product","link":"https:\/\/tourtravelandmore.com\/fr\/tours\/argentine\/buenos-aires-fr\/toutes-les-visites-privees-fr-2\/excursion-privee-a-san-isidro-et-dans-le-delta\/","title":{"rendered":"Excursion priv\u00e9e \u00e0 San Isidro et dans le Delta"},"content":{"rendered":"<h2><b>Description de l&#8217;excursion priv\u00e9e \u00e0 San Isidro et dans le Delta<\/b><\/h2>\n<p><span style=\"font-weight: 400;\">D\u00e9couvrez la tranquillit\u00e9 verdoyante des environs de Buenos Aires gr\u00e2ce \u00e0 notre excursion priv\u00e9e \u00e0 San Isidro et au Delta. Cette aventure d&#8217;une journ\u00e9e compl\u00e8te, d&#8217;une dur\u00e9e d&#8217;environ 5,5 heures, offre une \u00e9vasion bienvenue de la ville anim\u00e9e vers les paysages sereins de San Isidro et du delta du Parana. L&#8217;excursion comprend le transport aller-retour et un guide comp\u00e9tent pour enrichir votre voyage. Nous commencerons par explorer San Isidro, un quartier ais\u00e9 connu pour ses espaces verts luxuriants, son architecture de style colonial et ses rues pav\u00e9es pittoresques. Nous nous aventurerons ensuite dans le delta, un \u00e9tonnant r\u00e9seau de rivi\u00e8res et d&#8217;\u00eeles. Cette excursion est une excellente occasion de d\u00e9couvrir un aspect unique de la vie argentine, qui contraste avec le flair cosmopolite de Buenos Aires.<\/span><\/p>\n<p><span style=\"font-weight: 400;\">Notre excursion commence par un trajet confortable jusqu&#8217;\u00e0 San Isidro, o\u00f9 l&#8217;\u00e9nergie tr\u00e9pidante de la ville c\u00e8de la place \u00e0 une charmante tranquillit\u00e9. Au fil des routes panoramiques, votre guide vous fera d\u00e9couvrir la riche histoire de ce quartier, marqu\u00e9 par la grandeur coloniale et l&#8217;\u00e9l\u00e9gance aristocratique. Une promenade dans les rues du quartier est un voyage dans le temps, avec des b\u00e2timents magnifiquement pr\u00e9serv\u00e9s qui racontent des histoires d&#8217;une \u00e9poque r\u00e9volue.<\/span><\/p>\n<p><span style=\"font-weight: 400;\">Apr\u00e8s la visite de San Isidro, nous embarquons pour une passionnante promenade en bateau dans le delta du Parana, l&#8217;un des plus grands deltas fluviaux du monde. Ses caract\u00e9ristiques g\u00e9ographiques uniques cr\u00e9ent un paysage enchanteur compos\u00e9 d&#8217;une myriade de rivi\u00e8res, de ruisseaux et d&#8217;\u00eeles, qui abritent une biodiversit\u00e9 particuli\u00e8re. Au cours de notre croisi\u00e8re sur les voies d&#8217;eau paisibles, vous d\u00e9couvrirez le mode de vie unique des habitants des \u00eeles, qui offre une perspective rarement rencontr\u00e9e dans les visites de villes classiques. Cette coexistence harmonieuse de la nature et de l&#8217;humanit\u00e9 est un spectacle \u00e0 voir, faisant de cette excursion un moment fort de toute visite \u00e0 Buenos Aires.<\/span><\/p>\n<h2><b>Excursion priv\u00e9e \u00e0 San Isidro et visite du delta Points d&#8217;int\u00e9r\u00eat<\/b><\/h2>\n<p><b>San Isidro : <\/b><span style=\"font-weight: 400;\">San Isidro, un quartier historique de Buenos Aires, offre une \u00e9chapp\u00e9e sereine loin de l&#8217;agitation de la ville. Ce quartier, qui regorge de sites patrimoniaux, de parcs luxuriants et de rues pav\u00e9es, offre un m\u00e9lange distinctif de sophistication urbaine et de charme tranquille. Nous explorerons la grandeur de la cath\u00e9drale San Isidro, un chef-d&#8217;\u0153uvre n\u00e9ogothique dont les fl\u00e8ches imposantes dominent le paysage urbain. \u00c0 proximit\u00e9, nous visiterons \u00e9galement la Villa Ocampo, un centre culturel qui servait autrefois de r\u00e9sidence \u00e0 Victoria Ocampo, une \u00e9minente \u00e9crivaine et intellectuelle argentine. En marchant dans ces rues historiques, notre guide nous \u00e9clairera sur le pass\u00e9 complexe de San Isidro, r\u00e9v\u00e9lant la confluence des influences coloniales espagnoles et britanniques qui ont fa\u00e7onn\u00e9 son architecture, sa culture et son caract\u00e8re.<\/span><\/p>\n<p><b>Visite du delta :<\/b><span style=\"font-weight: 400;\"> Le delta du Parana, un paysage aquatique unique qui s&#8217;\u00e9tend sur les terres verdoyantes de l&#8217;Argentine, pr\u00e9sente une exploration fascinante de la vie sur le fleuve. R\u00e9seau d&#8217;une myriade d&#8217;\u00eeles et de voies navigables, cette r\u00e9gion favorise l&#8217;\u00e9panouissement d&#8217;une communaut\u00e9 au milieu d&#8217;une nature g\u00e9n\u00e9reuse. Au cours de notre croisi\u00e8re sur les eaux tranquilles, nous observerons les maisons sur pilotis perch\u00e9es au-dessus de la rivi\u00e8re, qui t\u00e9moignent de l&#8217;adaptation ing\u00e9nieuse des habitants locaux. Notre guide nous fera d\u00e9couvrir la riche diversit\u00e9 de la faune et de la flore du delta, soulignant son importance en tant que sanctuaire de la vie sauvage. En p\u00e9n\u00e9trant plus profond\u00e9ment au c\u0153ur du delta, vous d\u00e9couvrirez les pratiques durables qui sous-tendent le mode de vie de ces communaut\u00e9s riveraines, qui font preuve d&#8217;un profond respect pour la nature et d&#8217;une coexistence harmonieuse avec leur environnement.<\/span><\/p>\n<p><span style=\"font-weight: 400;\">Votre exploration de Buenos Aires ne s&#8217;arr\u00eate pas l\u00e0. Tour Travel and More propose une pl\u00e9thore de visites priv\u00e9es adapt\u00e9es \u00e0 vos int\u00e9r\u00eats.<\/span><a href=\"https:\/\/tourtravelandmore.com\/fr\/city\/argentine\/buenos-aires-fr\/\"><span style=\"font-weight: 400;\"> D\u00e9couvrez l&#8217;art, l&#8217;histoire et la culture de Buenos Aires gr\u00e2ce \u00e0 nos visites guid\u00e9es par des experts<\/span><\/a><span style=\"font-weight: 400;\">. Visitez notre site Web pour consulter la liste compl\u00e8te des visites propos\u00e9es.<\/span><\/p>\n","protected":false},"excerpt":{"rendered":"<p><span style=\"font-weight: 400;\">Explorez le charmant quartier de San Isidro et l&#8217;intrigant delta du Parana avec notre excursion priv\u00e9e. D\u00e9couvrez la tranquillit\u00e9 de ces paysages uniques tout en vous plongeant dans l&#8217;histoire et la culture locales.<\/span><\/p>\n","protected":false},"featured_media":168880,"comment_status":"open","ping_status":"closed","template":"","meta":{"_acf_changed":false},"product_brand":[],"product_cat":[4410,4413,4416,4419],"product_tag":[],"class_list":{"0":"post-168883","1":"product","2":"type-product","3":"status-publish","4":"has-post-thumbnail","6":"product_cat-argentine","7":"product_cat-buenos-aires-fr","8":"product_cat-toutes-les-visites-privees-fr-2","9":"product_cat-visites-touristiques-privees-fr-3","11":"first","12":"instock","13":"shipping-taxable","14":"purchasable","15":"product-type-simple"},"acf":[],"yoast_head":"<!-- This site is optimized with the Yoast SEO Premium plugin v25.3.1 (Yoast SEO v25.3.1) - https:\/\/yoast.com\/wordpress\/plugins\/seo\/ -->\n<title>\u27a1\ufe0f Private Excursion to San Isidro and Delta Tour with Tour Travel and More<\/title>\n<meta name=\"description\" content=\"D\u00e9couvrez la p\u00e9riph\u00e9rie sereine de Buenos Aires gr\u00e2ce \u00e0 notre visite guid\u00e9e de San Isidro et du delta du Parana. D\u00e9couvrez l&#039;histoire, la culture et la beaut\u00e9 naturelle en une journ\u00e9e inoubliable \u2705.\" \/>\n<meta name=\"robots\" content=\"index, follow, max-snippet:-1, max-image-preview:large, max-video-preview:-1\" \/>\n<link rel=\"canonical\" href=\"https:\/\/tourtravelandmore.com\/fr\/tours\/argentine\/buenos-aires-fr\/toutes-les-visites-privees-fr-2\/excursion-privee-a-san-isidro-et-dans-le-delta\/\" \/>\n<meta property=\"og:locale\" content=\"fr_FR\" \/>\n<meta property=\"og:type\" content=\"article\" \/>\n<meta property=\"og:title\" content=\"Excursion priv\u00e9e \u00e0 San Isidro et dans le Delta\" \/>\n<meta property=\"og:description\" content=\"D\u00e9couvrez la p\u00e9riph\u00e9rie sereine de Buenos Aires gr\u00e2ce \u00e0 notre visite guid\u00e9e de San Isidro et du delta du Parana. D\u00e9couvrez l&#039;histoire, la culture et la beaut\u00e9 naturelle en une journ\u00e9e inoubliable \u2705.\" \/>\n<meta property=\"og:url\" content=\"https:\/\/tourtravelandmore.com\/fr\/tours\/argentine\/buenos-aires-fr\/toutes-les-visites-privees-fr-2\/excursion-privee-a-san-isidro-et-dans-le-delta\/\" \/>\n<meta property=\"og:site_name\" content=\"Tour Travel And More\" \/>\n<meta property=\"article:publisher\" content=\"https:\/\/www.facebook.com\/tourtravelandmore\/\" \/>\n<meta property=\"article:modified_time\" content=\"2023-06-09T23:04:13+00:00\" \/>\n<meta property=\"og:image\" content=\"https:\/\/tourtravelandmore.com\/wp-content\/uploads\/2023\/05\/image4-10.jpg\" \/>\n\t<meta property=\"og:image:width\" content=\"1250\" \/>\n\t<meta property=\"og:image:height\" content=\"750\" \/>\n\t<meta property=\"og:image:type\" content=\"image\/jpeg\" \/>\n<meta name=\"twitter:card\" content=\"summary_large_image\" \/>\n<meta name=\"twitter:site\" content=\"@TourTravel_More\" \/>\n<meta name=\"twitter:label1\" content=\"Dur\u00e9e de lecture estim\u00e9e\" \/>\n\t<meta name=\"twitter:data1\" content=\"4 minutes\" \/>\n<script type=\"application\/ld+json\" class=\"yoast-schema-graph\">{\"@context\":\"https:\/\/schema.org\",\"@graph\":[{\"@type\":\"WebPage\",\"@id\":\"https:\/\/tourtravelandmore.com\/fr\/tours\/argentine\/buenos-aires-fr\/toutes-les-visites-privees-fr-2\/excursion-privee-a-san-isidro-et-dans-le-delta\/\",\"url\":\"https:\/\/tourtravelandmore.com\/fr\/tours\/argentine\/buenos-aires-fr\/toutes-les-visites-privees-fr-2\/excursion-privee-a-san-isidro-et-dans-le-delta\/\",\"name\":\"\u27a1\ufe0f Private Excursion to San Isidro and Delta Tour with Tour Travel and More\",\"isPartOf\":{\"@id\":\"https:\/\/tourtravelandmore.com\/fr\/#website\"},\"primaryImageOfPage\":{\"@id\":\"https:\/\/tourtravelandmore.com\/fr\/tours\/argentine\/buenos-aires-fr\/toutes-les-visites-privees-fr-2\/excursion-privee-a-san-isidro-et-dans-le-delta\/#primaryimage\"},\"image\":{\"@id\":\"https:\/\/tourtravelandmore.com\/fr\/tours\/argentine\/buenos-aires-fr\/toutes-les-visites-privees-fr-2\/excursion-privee-a-san-isidro-et-dans-le-delta\/#primaryimage\"},\"thumbnailUrl\":\"https:\/\/tourtravelandmore.com\/wp-content\/uploads\/2023\/05\/image4-10.jpg\",\"datePublished\":\"2023-05-31T05:37:17+00:00\",\"dateModified\":\"2023-06-09T23:04:13+00:00\",\"description\":\"D\u00e9couvrez la p\u00e9riph\u00e9rie sereine de Buenos Aires gr\u00e2ce \u00e0 notre visite guid\u00e9e de San Isidro et du delta du Parana. D\u00e9couvrez l'histoire, la culture et la beaut\u00e9 naturelle en une journ\u00e9e inoubliable \u2705.\",\"breadcrumb\":{\"@id\":\"https:\/\/tourtravelandmore.com\/fr\/tours\/argentine\/buenos-aires-fr\/toutes-les-visites-privees-fr-2\/excursion-privee-a-san-isidro-et-dans-le-delta\/#breadcrumb\"},\"inLanguage\":\"fr-FR\",\"potentialAction\":[{\"@type\":\"ReadAction\",\"target\":[\"https:\/\/tourtravelandmore.com\/fr\/tours\/argentine\/buenos-aires-fr\/toutes-les-visites-privees-fr-2\/excursion-privee-a-san-isidro-et-dans-le-delta\/\"]}]},{\"@type\":\"ImageObject\",\"inLanguage\":\"fr-FR\",\"@id\":\"https:\/\/tourtravelandmore.com\/fr\/tours\/argentine\/buenos-aires-fr\/toutes-les-visites-privees-fr-2\/excursion-privee-a-san-isidro-et-dans-le-delta\/#primaryimage\",\"url\":\"https:\/\/tourtravelandmore.com\/wp-content\/uploads\/2023\/05\/image4-10.jpg\",\"contentUrl\":\"https:\/\/tourtravelandmore.com\/wp-content\/uploads\/2023\/05\/image4-10.jpg\",\"width\":1250,\"height\":750},{\"@type\":\"BreadcrumbList\",\"@id\":\"https:\/\/tourtravelandmore.com\/fr\/tours\/argentine\/buenos-aires-fr\/toutes-les-visites-privees-fr-2\/excursion-privee-a-san-isidro-et-dans-le-delta\/#breadcrumb\",\"itemListElement\":[{\"@type\":\"ListItem\",\"position\":1,\"name\":\"Home\",\"item\":\"https:\/\/tourtravelandmore.com\/fr\/\"},{\"@type\":\"ListItem\",\"position\":2,\"name\":\"Tours\",\"item\":\"https:\/\/tourtravelandmore.com\/fr\/tours\/\"},{\"@type\":\"ListItem\",\"position\":3,\"name\":\"Excursion priv\u00e9e \u00e0 San Isidro et dans le Delta\"}]},{\"@type\":\"WebSite\",\"@id\":\"https:\/\/tourtravelandmore.com\/fr\/#website\",\"url\":\"https:\/\/tourtravelandmore.com\/fr\/\",\"name\":\"Tour Travel And More\",\"description\":\"Private sightseeing tours and luxury transfers in Spain\",\"publisher\":{\"@id\":\"https:\/\/tourtravelandmore.com\/fr\/#organization\"},\"potentialAction\":[{\"@type\":\"SearchAction\",\"target\":{\"@type\":\"EntryPoint\",\"urlTemplate\":\"https:\/\/tourtravelandmore.com\/fr\/?s={search_term_string}\"},\"query-input\":{\"@type\":\"PropertyValueSpecification\",\"valueRequired\":true,\"valueName\":\"search_term_string\"}}],\"inLanguage\":\"fr-FR\"},{\"@type\":\"Organization\",\"@id\":\"https:\/\/tourtravelandmore.com\/fr\/#organization\",\"name\":\"Tour Travel And More\",\"url\":\"https:\/\/tourtravelandmore.com\/fr\/\",\"logo\":{\"@type\":\"ImageObject\",\"inLanguage\":\"fr-FR\",\"@id\":\"https:\/\/tourtravelandmore.com\/fr\/#\/schema\/logo\/image\/\",\"url\":\"https:\/\/tourtravelandmore.com\/wp-content\/uploads\/2022\/12\/cropped-logo-cabecera-new.png\",\"contentUrl\":\"https:\/\/tourtravelandmore.com\/wp-content\/uploads\/2022\/12\/cropped-logo-cabecera-new.png\",\"width\":430,\"height\":61,\"caption\":\"Tour Travel And More\"},\"image\":{\"@id\":\"https:\/\/tourtravelandmore.com\/fr\/#\/schema\/logo\/image\/\"},\"sameAs\":[\"https:\/\/www.facebook.com\/tourtravelandmore\/\",\"https:\/\/x.com\/TourTravel_More\"]}]}<\/script>\n<!-- \/ Yoast SEO Premium plugin. -->","yoast_head_json":{"title":"\u27a1\ufe0f Private Excursion to San Isidro and Delta Tour with Tour Travel and More","description":"D\u00e9couvrez la p\u00e9riph\u00e9rie sereine de Buenos Aires gr\u00e2ce \u00e0 notre visite guid\u00e9e de San Isidro et du delta du Parana. D\u00e9couvrez l'histoire, la culture et la beaut\u00e9 naturelle en une journ\u00e9e inoubliable \u2705.","robots":{"index":"index","follow":"follow","max-snippet":"max-snippet:-1","max-image-preview":"max-image-preview:large","max-video-preview":"max-video-preview:-1"},"canonical":"https:\/\/tourtravelandmore.com\/fr\/tours\/argentine\/buenos-aires-fr\/toutes-les-visites-privees-fr-2\/excursion-privee-a-san-isidro-et-dans-le-delta\/","og_locale":"fr_FR","og_type":"article","og_title":"Excursion priv\u00e9e \u00e0 San Isidro et dans le Delta","og_description":"D\u00e9couvrez la p\u00e9riph\u00e9rie sereine de Buenos Aires gr\u00e2ce \u00e0 notre visite guid\u00e9e de San Isidro et du delta du Parana. D\u00e9couvrez l'histoire, la culture et la beaut\u00e9 naturelle en une journ\u00e9e inoubliable \u2705.","og_url":"https:\/\/tourtravelandmore.com\/fr\/tours\/argentine\/buenos-aires-fr\/toutes-les-visites-privees-fr-2\/excursion-privee-a-san-isidro-et-dans-le-delta\/","og_site_name":"Tour Travel And More","article_publisher":"https:\/\/www.facebook.com\/tourtravelandmore\/","article_modified_time":"2023-06-09T23:04:13+00:00","og_image":[{"width":1250,"height":750,"url":"https:\/\/tourtravelandmore.com\/wp-content\/uploads\/2023\/05\/image4-10.jpg","type":"image\/jpeg"}],"twitter_card":"summary_large_image","twitter_site":"@TourTravel_More","twitter_misc":{"Dur\u00e9e de lecture estim\u00e9e":"4 minutes"},"schema":{"@context":"https:\/\/schema.org","@graph":[{"@type":"WebPage","@id":"https:\/\/tourtravelandmore.com\/fr\/tours\/argentine\/buenos-aires-fr\/toutes-les-visites-privees-fr-2\/excursion-privee-a-san-isidro-et-dans-le-delta\/","url":"https:\/\/tourtravelandmore.com\/fr\/tours\/argentine\/buenos-aires-fr\/toutes-les-visites-privees-fr-2\/excursion-privee-a-san-isidro-et-dans-le-delta\/","name":"\u27a1\ufe0f Private Excursion to San Isidro and Delta Tour with Tour Travel and More","isPartOf":{"@id":"https:\/\/tourtravelandmore.com\/fr\/#website"},"primaryImageOfPage":{"@id":"https:\/\/tourtravelandmore.com\/fr\/tours\/argentine\/buenos-aires-fr\/toutes-les-visites-privees-fr-2\/excursion-privee-a-san-isidro-et-dans-le-delta\/#primaryimage"},"image":{"@id":"https:\/\/tourtravelandmore.com\/fr\/tours\/argentine\/buenos-aires-fr\/toutes-les-visites-privees-fr-2\/excursion-privee-a-san-isidro-et-dans-le-delta\/#primaryimage"},"thumbnailUrl":"https:\/\/tourtravelandmore.com\/wp-content\/uploads\/2023\/05\/image4-10.jpg","datePublished":"2023-05-31T05:37:17+00:00","dateModified":"2023-06-09T23:04:13+00:00","description":"D\u00e9couvrez la p\u00e9riph\u00e9rie sereine de Buenos Aires gr\u00e2ce \u00e0 notre visite guid\u00e9e de San Isidro et du delta du Parana. D\u00e9couvrez l'histoire, la culture et la beaut\u00e9 naturelle en une journ\u00e9e inoubliable \u2705.","breadcrumb":{"@id":"https:\/\/tourtravelandmore.com\/fr\/tours\/argentine\/buenos-aires-fr\/toutes-les-visites-privees-fr-2\/excursion-privee-a-san-isidro-et-dans-le-delta\/#breadcrumb"},"inLanguage":"fr-FR","potentialAction":[{"@type":"ReadAction","target":["https:\/\/tourtravelandmore.com\/fr\/tours\/argentine\/buenos-aires-fr\/toutes-les-visites-privees-fr-2\/excursion-privee-a-san-isidro-et-dans-le-delta\/"]}]},{"@type":"ImageObject","inLanguage":"fr-FR","@id":"https:\/\/tourtravelandmore.com\/fr\/tours\/argentine\/buenos-aires-fr\/toutes-les-visites-privees-fr-2\/excursion-privee-a-san-isidro-et-dans-le-delta\/#primaryimage","url":"https:\/\/tourtravelandmore.com\/wp-content\/uploads\/2023\/05\/image4-10.jpg","contentUrl":"https:\/\/tourtravelandmore.com\/wp-content\/uploads\/2023\/05\/image4-10.jpg","width":1250,"height":750},{"@type":"BreadcrumbList","@id":"https:\/\/tourtravelandmore.com\/fr\/tours\/argentine\/buenos-aires-fr\/toutes-les-visites-privees-fr-2\/excursion-privee-a-san-isidro-et-dans-le-delta\/#breadcrumb","itemListElement":[{"@type":"ListItem","position":1,"name":"Home","item":"https:\/\/tourtravelandmore.com\/fr\/"},{"@type":"ListItem","position":2,"name":"Tours","item":"https:\/\/tourtravelandmore.com\/fr\/tours\/"},{"@type":"ListItem","position":3,"name":"Excursion priv\u00e9e \u00e0 San Isidro et dans le Delta"}]},{"@type":"WebSite","@id":"https:\/\/tourtravelandmore.com\/fr\/#website","url":"https:\/\/tourtravelandmore.com\/fr\/","name":"Tour Travel And More","description":"Private sightseeing tours and luxury transfers in Spain","publisher":{"@id":"https:\/\/tourtravelandmore.com\/fr\/#organization"},"potentialAction":[{"@type":"SearchAction","target":{"@type":"EntryPoint","urlTemplate":"https:\/\/tourtravelandmore.com\/fr\/?s={search_term_string}"},"query-input":{"@type":"PropertyValueSpecification","valueRequired":true,"valueName":"search_term_string"}}],"inLanguage":"fr-FR"},{"@type":"Organization","@id":"https:\/\/tourtravelandmore.com\/fr\/#organization","name":"Tour Travel And More","url":"https:\/\/tourtravelandmore.com\/fr\/","logo":{"@type":"ImageObject","inLanguage":"fr-FR","@id":"https:\/\/tourtravelandmore.com\/fr\/#\/schema\/logo\/image\/","url":"https:\/\/tourtravelandmore.com\/wp-content\/uploads\/2022\/12\/cropped-logo-cabecera-new.png","contentUrl":"https:\/\/tourtravelandmore.com\/wp-content\/uploads\/2022\/12\/cropped-logo-cabecera-new.png","width":430,"height":61,"caption":"Tour Travel And More"},"image":{"@id":"https:\/\/tourtravelandmore.com\/fr\/#\/schema\/logo\/image\/"},"sameAs":["https:\/\/www.facebook.com\/tourtravelandmore\/","https:\/\/x.com\/TourTravel_More"]}]}},"_links":{"self":[{"href":"https:\/\/tourtravelandmore.com\/fr\/wp-json\/wp\/v2\/product\/168883","targetHints":{"allow":["GET"]}}],"collection":[{"href":"https:\/\/tourtravelandmore.com\/fr\/wp-json\/wp\/v2\/product"}],"about":[{"href":"https:\/\/tourtravelandmore.com\/fr\/wp-json\/wp\/v2\/types\/product"}],"replies":[{"embeddable":true,"href":"https:\/\/tourtravelandmore.com\/fr\/wp-json\/wp\/v2\/comments?post=168883"}],"wp:featuredmedia":[{"embeddable":true,"href":"https:\/\/tourtravelandmore.com\/fr\/wp-json\/wp\/v2\/media\/168880"}],"wp:attachment":[{"href":"https:\/\/tourtravelandmore.com\/fr\/wp-json\/wp\/v2\/media?parent=168883"}],"wp:term":[{"taxonomy":"product_brand","embeddable":true,"href":"https:\/\/tourtravelandmore.com\/fr\/wp-json\/wp\/v2\/product_brand?post=168883"},{"taxonomy":"product_cat","embeddable":true,"href":"https:\/\/tourtravelandmore.com\/fr\/wp-json\/wp\/v2\/product_cat?post=168883"},{"taxonomy":"product_tag","embeddable":true,"href":"https:\/\/tourtravelandmore.com\/fr\/wp-json\/wp\/v2\/product_tag?post=168883"}],"curies":[{"name":"wp","href":"https:\/\/api.w.org\/{rel}","templated":true}]}}