{"id":168867,"date":"2023-05-31T07:02:59","date_gmt":"2023-05-31T05:20:06","guid":{"rendered":"https:\/\/tourtravelandmore.com\/?post_type=product&#038;p=168867"},"modified":"2023-11-15T15:01:37","modified_gmt":"2023-11-15T14:01:37","slug":"visite-privee-a-pied-des-palais-et-du-theatre-colon","status":"publish","type":"product","link":"https:\/\/tourtravelandmore.com\/fr\/tours\/argentine\/buenos-aires-fr\/toutes-les-visites-privees-fr-2\/visite-privee-a-pied-des-palais-et-du-theatre-colon\/","title":{"rendered":"Visite priv\u00e9e \u00e0 pied des palais et du th\u00e9\u00e2tre Colon"},"content":{"rendered":"<h2>Visite priv\u00e9e \u00e0 pied des palais et du th\u00e9\u00e2tre Colon Description<\/h2>\n<p>Plongez dans le monde de la musique et de l&#8217;op\u00e9ra gr\u00e2ce \u00e0 notre visite priv\u00e9e \u00e0 pied des palais et du th\u00e9\u00e2tre Colon. Cette visite de 3 heures offre une riche exploration de l&#8217;une des plus prestigieuses maisons d&#8217;op\u00e9ra du monde. Sous la conduite d&#8217;un guide comp\u00e9tent, vous naviguerez dans les salles et les halls opulents du th\u00e9\u00e2tre. Vous plongerez dans son histoire fascinante, sa grandeur architecturale et son importance culturelle. Depuis son inauguration en 1908, le Colon Theater a \u00e9t\u00e9 le th\u00e9\u00e2tre de nombreuses repr\u00e9sentations remarquables. Cette visite comprend non seulement des informations, mais aussi des billets pour cet impressionnant symbole de la vie culturelle de Buenos Aires.<\/p>\n<p>Chaque recoin du th\u00e9\u00e2tre Colon est un r\u00e9gal pour les yeux et l&#8217;esprit. Au cours de ce voyage, notre guide vous racontera des histoires captivantes sur les repr\u00e9sentations l\u00e9gendaires, les maestros de renomm\u00e9e mondiale et les productions c\u00e9l\u00e8bres qui ont eu lieu sur cette sc\u00e8ne v\u00e9n\u00e9r\u00e9e. Vous comprendrez \u00e9galement le processus de restauration m\u00e9ticuleux entrepris pour pr\u00e9server la splendeur originale du th\u00e9\u00e2tre tout en incorporant la technologie moderne pour am\u00e9liorer l&#8217;acoustique et la conception de la sc\u00e8ne. \u00c0 chaque pas, \u00e0 chaque regard vers le d\u00f4me, vous traverserez plus d&#8217;un si\u00e8cle de passion, de d\u00e9vouement et de cr\u00e9ativit\u00e9. Notre visite priv\u00e9e \u00e0 pied du th\u00e9\u00e2tre Colon est plus qu&#8217;une excursion, c&#8217;est un pas au c\u0153ur du prodigieux h\u00e9ritage culturel de l&#8217;Argentine.<\/p>\n<h2><b>Points d&#8217;int\u00e9r\u00eat<\/b><\/h2>\n<p>Th\u00e9\u00e2tre Colon : Ce n&#8217;est pas seulement un op\u00e9ra ; c&#8217;est un monument aux arts, un t\u00e9moignage de la grandeur architecturale et une merveille acoustique. Commencez par sa fa\u00e7ade \u00e0 couper le souffle, un m\u00e9lange de styles architecturaux qui laisse entrevoir l&#8217;\u00e9l\u00e9gance de l&#8217;int\u00e9rieur. \u00c0 l&#8217;int\u00e9rieur, le somptueux Grand Foyer et le Golden Hall \u00e9tonnent par leurs d\u00e9tails orn\u00e9s et leur opulence. La visite se fera en compagnie de votre guide et d&#8217;un groupe.<\/p>\n<p>R\u00e9sidence Maguire : Il s&#8217;agit d&#8217;une ancienne demeure situ\u00e9e au 1683 de l&#8217;avenue Alvear, dans la ville de Buenos Aires. C&#8217;est l&#8217;un des rares survivants d&#8217;un corridor de demeures aristocratiques qui ont \u00e9t\u00e9 pour la plupart d\u00e9molies apr\u00e8s 1930.<\/p>\n<p>Nonciature du Saint-Si\u00e8ge : La nonciature apostolique, ou simplement nonciature, est la plus haute mission diplomatique du Saint-Si\u00e8ge aupr\u00e8s des \u00c9tats avec lesquels il entretient des relations diplomatiques. Vous verrez ce lieu magnifique et historique de l&#8217;ext\u00e9rieur.<\/p>\n<p>Le Palacio Paz : C&#8217;\u00e9tait la plus grande et l&#8217;une des plus luxueuses r\u00e9sidences de la ville de Buenos Aires (Argentine), propri\u00e9t\u00e9 de Jos\u00e9 C. Paz, et un reflet fid\u00e8le de l&#8217;architecture Beaux-Arts du d\u00e9but du XXe si\u00e8cle, reflet des canons esth\u00e9tiques de l&#8217;\u00c9cole des beaux-arts de Paris. Son entr\u00e9e principale se trouve au 750 de l&#8217;avenue Santa Fe, en face de la place San Mart\u00edn. Depuis 1938, c&#8217;est le si\u00e8ge du C\u00edrculo Militar.<\/p>\n<p>Ne manquez pas l&#8217;occasion d&#8217;explorer la vie culturelle vibrante de Buenos Aires avec Tour Travel and More. Nous proposons une vari\u00e9t\u00e9 de visites priv\u00e9es adapt\u00e9es \u00e0 vos int\u00e9r\u00eats. Explorez notre liste de circuits \u00e0 Buenos Aires et trouvez celui qui vous convient le mieux.<\/p>\n","protected":false},"excerpt":{"rendered":"<p><span style=\"font-weight: 400;\">D\u00e9couvrez l&#8217;\u00e9l\u00e9gance et la grandeur de l&#8217;un des plus grands op\u00e9ras du monde lors d&#8217;une visite priv\u00e9e du th\u00e9\u00e2tre Colon. D\u00e9couvrez son histoire, son architecture et la magie qui se cache derri\u00e8re chaque repr\u00e9sentation lors de cette visite inoubliable.<\/span><\/p>\n","protected":false},"featured_media":168858,"comment_status":"open","ping_status":"closed","template":"","meta":{"_acf_changed":false},"product_brand":[],"product_cat":[4410,4413,4416,4422],"product_tag":[],"class_list":{"0":"post-168867","1":"product","2":"type-product","3":"status-publish","4":"has-post-thumbnail","6":"product_cat-argentine","7":"product_cat-buenos-aires-fr","8":"product_cat-toutes-les-visites-privees-fr-2","9":"product_cat-visites-privees-a-pied-fr-5","11":"first","12":"instock","13":"shipping-taxable","14":"purchasable","15":"product-type-simple"},"acf":[],"yoast_head":"<!-- This site is optimized with the Yoast SEO Premium plugin v25.3.1 (Yoast SEO v25.3.1) - https:\/\/yoast.com\/wordpress\/plugins\/seo\/ -->\n<title>\u27a1\ufe0f D\u00e9couvrez la splendeur du th\u00e9\u00e2tre Colon avec Tour Travel and More<\/title>\n<meta name=\"description\" content=\"Explorez le c\u00e9l\u00e8bre th\u00e9\u00e2tre Colon de Buenos Aires gr\u00e2ce \u00e0 une visite priv\u00e9e \u00e0 pied. D\u00e9couvrez sa riche histoire et sa splendeur architecturale. R\u00e9servez d\u00e8s maintenant ! \u2705\" \/>\n<meta name=\"robots\" content=\"index, follow, max-snippet:-1, max-image-preview:large, max-video-preview:-1\" \/>\n<link rel=\"canonical\" href=\"https:\/\/tourtravelandmore.com\/fr\/tours\/argentine\/buenos-aires-fr\/toutes-les-visites-privees-fr-2\/visite-privee-a-pied-des-palais-et-du-theatre-colon\/\" \/>\n<meta property=\"og:locale\" content=\"fr_FR\" \/>\n<meta property=\"og:type\" content=\"article\" \/>\n<meta property=\"og:title\" content=\"Visite priv\u00e9e \u00e0 pied des palais et du th\u00e9\u00e2tre Colon\" \/>\n<meta property=\"og:description\" content=\"Explorez le c\u00e9l\u00e8bre th\u00e9\u00e2tre Colon de Buenos Aires gr\u00e2ce \u00e0 une visite priv\u00e9e \u00e0 pied. D\u00e9couvrez sa riche histoire et sa splendeur architecturale. R\u00e9servez d\u00e8s maintenant ! \u2705\" \/>\n<meta property=\"og:url\" content=\"https:\/\/tourtravelandmore.com\/fr\/tours\/argentine\/buenos-aires-fr\/toutes-les-visites-privees-fr-2\/visite-privee-a-pied-des-palais-et-du-theatre-colon\/\" \/>\n<meta property=\"og:site_name\" content=\"Tour Travel And More\" \/>\n<meta property=\"article:publisher\" content=\"https:\/\/www.facebook.com\/tourtravelandmore\/\" \/>\n<meta property=\"article:modified_time\" content=\"2023-11-15T14:01:37+00:00\" \/>\n<meta property=\"og:image\" content=\"https:\/\/tourtravelandmore.com\/wp-content\/uploads\/2023\/05\/image2-9.jpg\" \/>\n\t<meta property=\"og:image:width\" content=\"1250\" \/>\n\t<meta property=\"og:image:height\" content=\"750\" \/>\n\t<meta property=\"og:image:type\" content=\"image\/jpeg\" \/>\n<meta name=\"twitter:card\" content=\"summary_large_image\" \/>\n<meta name=\"twitter:site\" content=\"@TourTravel_More\" \/>\n<meta name=\"twitter:label1\" content=\"Dur\u00e9e de lecture estim\u00e9e\" \/>\n\t<meta name=\"twitter:data1\" content=\"3 minutes\" \/>\n<script type=\"application\/ld+json\" class=\"yoast-schema-graph\">{\"@context\":\"https:\/\/schema.org\",\"@graph\":[{\"@type\":\"WebPage\",\"@id\":\"https:\/\/tourtravelandmore.com\/fr\/tours\/argentine\/buenos-aires-fr\/toutes-les-visites-privees-fr-2\/visite-privee-a-pied-des-palais-et-du-theatre-colon\/\",\"url\":\"https:\/\/tourtravelandmore.com\/fr\/tours\/argentine\/buenos-aires-fr\/toutes-les-visites-privees-fr-2\/visite-privee-a-pied-des-palais-et-du-theatre-colon\/\",\"name\":\"\u27a1\ufe0f D\u00e9couvrez la splendeur du th\u00e9\u00e2tre Colon avec Tour Travel and More\",\"isPartOf\":{\"@id\":\"https:\/\/tourtravelandmore.com\/fr\/#website\"},\"primaryImageOfPage\":{\"@id\":\"https:\/\/tourtravelandmore.com\/fr\/tours\/argentine\/buenos-aires-fr\/toutes-les-visites-privees-fr-2\/visite-privee-a-pied-des-palais-et-du-theatre-colon\/#primaryimage\"},\"image\":{\"@id\":\"https:\/\/tourtravelandmore.com\/fr\/tours\/argentine\/buenos-aires-fr\/toutes-les-visites-privees-fr-2\/visite-privee-a-pied-des-palais-et-du-theatre-colon\/#primaryimage\"},\"thumbnailUrl\":\"https:\/\/tourtravelandmore.com\/wp-content\/uploads\/2023\/05\/image2-9.jpg\",\"datePublished\":\"2023-05-31T05:20:06+00:00\",\"dateModified\":\"2023-11-15T14:01:37+00:00\",\"description\":\"Explorez le c\u00e9l\u00e8bre th\u00e9\u00e2tre Colon de Buenos Aires gr\u00e2ce \u00e0 une visite priv\u00e9e \u00e0 pied. D\u00e9couvrez sa riche histoire et sa splendeur architecturale. R\u00e9servez d\u00e8s maintenant ! \u2705\",\"breadcrumb\":{\"@id\":\"https:\/\/tourtravelandmore.com\/fr\/tours\/argentine\/buenos-aires-fr\/toutes-les-visites-privees-fr-2\/visite-privee-a-pied-des-palais-et-du-theatre-colon\/#breadcrumb\"},\"inLanguage\":\"fr-FR\",\"potentialAction\":[{\"@type\":\"ReadAction\",\"target\":[\"https:\/\/tourtravelandmore.com\/fr\/tours\/argentine\/buenos-aires-fr\/toutes-les-visites-privees-fr-2\/visite-privee-a-pied-des-palais-et-du-theatre-colon\/\"]}]},{\"@type\":\"ImageObject\",\"inLanguage\":\"fr-FR\",\"@id\":\"https:\/\/tourtravelandmore.com\/fr\/tours\/argentine\/buenos-aires-fr\/toutes-les-visites-privees-fr-2\/visite-privee-a-pied-des-palais-et-du-theatre-colon\/#primaryimage\",\"url\":\"https:\/\/tourtravelandmore.com\/wp-content\/uploads\/2023\/05\/image2-9.jpg\",\"contentUrl\":\"https:\/\/tourtravelandmore.com\/wp-content\/uploads\/2023\/05\/image2-9.jpg\",\"width\":1250,\"height\":750},{\"@type\":\"BreadcrumbList\",\"@id\":\"https:\/\/tourtravelandmore.com\/fr\/tours\/argentine\/buenos-aires-fr\/toutes-les-visites-privees-fr-2\/visite-privee-a-pied-des-palais-et-du-theatre-colon\/#breadcrumb\",\"itemListElement\":[{\"@type\":\"ListItem\",\"position\":1,\"name\":\"Home\",\"item\":\"https:\/\/tourtravelandmore.com\/fr\/\"},{\"@type\":\"ListItem\",\"position\":2,\"name\":\"Tours\",\"item\":\"https:\/\/tourtravelandmore.com\/fr\/tours\/\"},{\"@type\":\"ListItem\",\"position\":3,\"name\":\"Visite priv\u00e9e \u00e0 pied des palais et du th\u00e9\u00e2tre Colon\"}]},{\"@type\":\"WebSite\",\"@id\":\"https:\/\/tourtravelandmore.com\/fr\/#website\",\"url\":\"https:\/\/tourtravelandmore.com\/fr\/\",\"name\":\"Tour Travel And More\",\"description\":\"Private sightseeing tours and luxury transfers in Spain\",\"publisher\":{\"@id\":\"https:\/\/tourtravelandmore.com\/fr\/#organization\"},\"potentialAction\":[{\"@type\":\"SearchAction\",\"target\":{\"@type\":\"EntryPoint\",\"urlTemplate\":\"https:\/\/tourtravelandmore.com\/fr\/?s={search_term_string}\"},\"query-input\":{\"@type\":\"PropertyValueSpecification\",\"valueRequired\":true,\"valueName\":\"search_term_string\"}}],\"inLanguage\":\"fr-FR\"},{\"@type\":\"Organization\",\"@id\":\"https:\/\/tourtravelandmore.com\/fr\/#organization\",\"name\":\"Tour Travel And More\",\"url\":\"https:\/\/tourtravelandmore.com\/fr\/\",\"logo\":{\"@type\":\"ImageObject\",\"inLanguage\":\"fr-FR\",\"@id\":\"https:\/\/tourtravelandmore.com\/fr\/#\/schema\/logo\/image\/\",\"url\":\"https:\/\/tourtravelandmore.com\/wp-content\/uploads\/2022\/12\/cropped-logo-cabecera-new.png\",\"contentUrl\":\"https:\/\/tourtravelandmore.com\/wp-content\/uploads\/2022\/12\/cropped-logo-cabecera-new.png\",\"width\":430,\"height\":61,\"caption\":\"Tour Travel And More\"},\"image\":{\"@id\":\"https:\/\/tourtravelandmore.com\/fr\/#\/schema\/logo\/image\/\"},\"sameAs\":[\"https:\/\/www.facebook.com\/tourtravelandmore\/\",\"https:\/\/x.com\/TourTravel_More\"]}]}<\/script>\n<!-- \/ Yoast SEO Premium plugin. -->","yoast_head_json":{"title":"\u27a1\ufe0f D\u00e9couvrez la splendeur du th\u00e9\u00e2tre Colon avec Tour Travel and More","description":"Explorez le c\u00e9l\u00e8bre th\u00e9\u00e2tre Colon de Buenos Aires gr\u00e2ce \u00e0 une visite priv\u00e9e \u00e0 pied. D\u00e9couvrez sa riche histoire et sa splendeur architecturale. R\u00e9servez d\u00e8s maintenant ! \u2705","robots":{"index":"index","follow":"follow","max-snippet":"max-snippet:-1","max-image-preview":"max-image-preview:large","max-video-preview":"max-video-preview:-1"},"canonical":"https:\/\/tourtravelandmore.com\/fr\/tours\/argentine\/buenos-aires-fr\/toutes-les-visites-privees-fr-2\/visite-privee-a-pied-des-palais-et-du-theatre-colon\/","og_locale":"fr_FR","og_type":"article","og_title":"Visite priv\u00e9e \u00e0 pied des palais et du th\u00e9\u00e2tre Colon","og_description":"Explorez le c\u00e9l\u00e8bre th\u00e9\u00e2tre Colon de Buenos Aires gr\u00e2ce \u00e0 une visite priv\u00e9e \u00e0 pied. D\u00e9couvrez sa riche histoire et sa splendeur architecturale. R\u00e9servez d\u00e8s maintenant ! \u2705","og_url":"https:\/\/tourtravelandmore.com\/fr\/tours\/argentine\/buenos-aires-fr\/toutes-les-visites-privees-fr-2\/visite-privee-a-pied-des-palais-et-du-theatre-colon\/","og_site_name":"Tour Travel And More","article_publisher":"https:\/\/www.facebook.com\/tourtravelandmore\/","article_modified_time":"2023-11-15T14:01:37+00:00","og_image":[{"width":1250,"height":750,"url":"https:\/\/tourtravelandmore.com\/wp-content\/uploads\/2023\/05\/image2-9.jpg","type":"image\/jpeg"}],"twitter_card":"summary_large_image","twitter_site":"@TourTravel_More","twitter_misc":{"Dur\u00e9e de lecture estim\u00e9e":"3 minutes"},"schema":{"@context":"https:\/\/schema.org","@graph":[{"@type":"WebPage","@id":"https:\/\/tourtravelandmore.com\/fr\/tours\/argentine\/buenos-aires-fr\/toutes-les-visites-privees-fr-2\/visite-privee-a-pied-des-palais-et-du-theatre-colon\/","url":"https:\/\/tourtravelandmore.com\/fr\/tours\/argentine\/buenos-aires-fr\/toutes-les-visites-privees-fr-2\/visite-privee-a-pied-des-palais-et-du-theatre-colon\/","name":"\u27a1\ufe0f D\u00e9couvrez la splendeur du th\u00e9\u00e2tre Colon avec Tour Travel and More","isPartOf":{"@id":"https:\/\/tourtravelandmore.com\/fr\/#website"},"primaryImageOfPage":{"@id":"https:\/\/tourtravelandmore.com\/fr\/tours\/argentine\/buenos-aires-fr\/toutes-les-visites-privees-fr-2\/visite-privee-a-pied-des-palais-et-du-theatre-colon\/#primaryimage"},"image":{"@id":"https:\/\/tourtravelandmore.com\/fr\/tours\/argentine\/buenos-aires-fr\/toutes-les-visites-privees-fr-2\/visite-privee-a-pied-des-palais-et-du-theatre-colon\/#primaryimage"},"thumbnailUrl":"https:\/\/tourtravelandmore.com\/wp-content\/uploads\/2023\/05\/image2-9.jpg","datePublished":"2023-05-31T05:20:06+00:00","dateModified":"2023-11-15T14:01:37+00:00","description":"Explorez le c\u00e9l\u00e8bre th\u00e9\u00e2tre Colon de Buenos Aires gr\u00e2ce \u00e0 une visite priv\u00e9e \u00e0 pied. D\u00e9couvrez sa riche histoire et sa splendeur architecturale. R\u00e9servez d\u00e8s maintenant ! \u2705","breadcrumb":{"@id":"https:\/\/tourtravelandmore.com\/fr\/tours\/argentine\/buenos-aires-fr\/toutes-les-visites-privees-fr-2\/visite-privee-a-pied-des-palais-et-du-theatre-colon\/#breadcrumb"},"inLanguage":"fr-FR","potentialAction":[{"@type":"ReadAction","target":["https:\/\/tourtravelandmore.com\/fr\/tours\/argentine\/buenos-aires-fr\/toutes-les-visites-privees-fr-2\/visite-privee-a-pied-des-palais-et-du-theatre-colon\/"]}]},{"@type":"ImageObject","inLanguage":"fr-FR","@id":"https:\/\/tourtravelandmore.com\/fr\/tours\/argentine\/buenos-aires-fr\/toutes-les-visites-privees-fr-2\/visite-privee-a-pied-des-palais-et-du-theatre-colon\/#primaryimage","url":"https:\/\/tourtravelandmore.com\/wp-content\/uploads\/2023\/05\/image2-9.jpg","contentUrl":"https:\/\/tourtravelandmore.com\/wp-content\/uploads\/2023\/05\/image2-9.jpg","width":1250,"height":750},{"@type":"BreadcrumbList","@id":"https:\/\/tourtravelandmore.com\/fr\/tours\/argentine\/buenos-aires-fr\/toutes-les-visites-privees-fr-2\/visite-privee-a-pied-des-palais-et-du-theatre-colon\/#breadcrumb","itemListElement":[{"@type":"ListItem","position":1,"name":"Home","item":"https:\/\/tourtravelandmore.com\/fr\/"},{"@type":"ListItem","position":2,"name":"Tours","item":"https:\/\/tourtravelandmore.com\/fr\/tours\/"},{"@type":"ListItem","position":3,"name":"Visite priv\u00e9e \u00e0 pied des palais et du th\u00e9\u00e2tre Colon"}]},{"@type":"WebSite","@id":"https:\/\/tourtravelandmore.com\/fr\/#website","url":"https:\/\/tourtravelandmore.com\/fr\/","name":"Tour Travel And More","description":"Private sightseeing tours and luxury transfers in Spain","publisher":{"@id":"https:\/\/tourtravelandmore.com\/fr\/#organization"},"potentialAction":[{"@type":"SearchAction","target":{"@type":"EntryPoint","urlTemplate":"https:\/\/tourtravelandmore.com\/fr\/?s={search_term_string}"},"query-input":{"@type":"PropertyValueSpecification","valueRequired":true,"valueName":"search_term_string"}}],"inLanguage":"fr-FR"},{"@type":"Organization","@id":"https:\/\/tourtravelandmore.com\/fr\/#organization","name":"Tour Travel And More","url":"https:\/\/tourtravelandmore.com\/fr\/","logo":{"@type":"ImageObject","inLanguage":"fr-FR","@id":"https:\/\/tourtravelandmore.com\/fr\/#\/schema\/logo\/image\/","url":"https:\/\/tourtravelandmore.com\/wp-content\/uploads\/2022\/12\/cropped-logo-cabecera-new.png","contentUrl":"https:\/\/tourtravelandmore.com\/wp-content\/uploads\/2022\/12\/cropped-logo-cabecera-new.png","width":430,"height":61,"caption":"Tour Travel And More"},"image":{"@id":"https:\/\/tourtravelandmore.com\/fr\/#\/schema\/logo\/image\/"},"sameAs":["https:\/\/www.facebook.com\/tourtravelandmore\/","https:\/\/x.com\/TourTravel_More"]}]}},"_links":{"self":[{"href":"https:\/\/tourtravelandmore.com\/fr\/wp-json\/wp\/v2\/product\/168867","targetHints":{"allow":["GET"]}}],"collection":[{"href":"https:\/\/tourtravelandmore.com\/fr\/wp-json\/wp\/v2\/product"}],"about":[{"href":"https:\/\/tourtravelandmore.com\/fr\/wp-json\/wp\/v2\/types\/product"}],"replies":[{"embeddable":true,"href":"https:\/\/tourtravelandmore.com\/fr\/wp-json\/wp\/v2\/comments?post=168867"}],"wp:featuredmedia":[{"embeddable":true,"href":"https:\/\/tourtravelandmore.com\/fr\/wp-json\/wp\/v2\/media\/168858"}],"wp:attachment":[{"href":"https:\/\/tourtravelandmore.com\/fr\/wp-json\/wp\/v2\/media?parent=168867"}],"wp:term":[{"taxonomy":"product_brand","embeddable":true,"href":"https:\/\/tourtravelandmore.com\/fr\/wp-json\/wp\/v2\/product_brand?post=168867"},{"taxonomy":"product_cat","embeddable":true,"href":"https:\/\/tourtravelandmore.com\/fr\/wp-json\/wp\/v2\/product_cat?post=168867"},{"taxonomy":"product_tag","embeddable":true,"href":"https:\/\/tourtravelandmore.com\/fr\/wp-json\/wp\/v2\/product_tag?post=168867"}],"curies":[{"name":"wp","href":"https:\/\/api.w.org\/{rel}","templated":true}]}}