{"id":168851,"date":"2023-05-31T06:51:21","date_gmt":"2023-05-31T04:55:59","guid":{"rendered":"https:\/\/tourtravelandmore.com\/?post_type=product&#038;p=168851"},"modified":"2023-06-10T00:14:55","modified_gmt":"2023-06-09T22:14:55","slug":"visite-privee-de-puerto-madero-et-san-telmo","status":"publish","type":"product","link":"https:\/\/tourtravelandmore.com\/fr\/tours\/argentine\/buenos-aires-fr\/toutes-les-visites-privees-fr-2\/visite-privee-de-puerto-madero-et-san-telmo\/","title":{"rendered":"Visite priv\u00e9e de Puerto Madero et San Telmo"},"content":{"rendered":"<h2><b>Visite priv\u00e9e de Puerto Madero et San Telmo Description<\/b><\/h2>\n<p><span style=\"font-weight: 400;\">Plongez dans la riche histoire et la culture vibrante de Buenos Aires avec notre visite priv\u00e9e de Puerto Madero et San Telmo. Cette visite de 4 \u00e0 5 heures, men\u00e9e par un guide expert et accompagn\u00e9e d&#8217;un v\u00e9hicule avec chauffeur, offre une exploration luxueuse de deux des quartiers les plus fascinants de Buenos Aires. Votre voyage commence \u00e0 Puerto Madero, le plus jeune quartier de Buenos Aires, connu pour son architecture moderne \u00e9tonnante, son front de mer anim\u00e9 et sa sc\u00e8ne gastronomique florissante. Ensuite, nous nous aventurerons \u00e0 San Telmo, l&#8217;un des plus anciens barrios de la ville, rempli de rues pav\u00e9es, de boutiques d&#8217;antiquit\u00e9s et de b\u00e2timents coloniaux color\u00e9s. Les commentaires perspicaces de notre guide enrichiront votre compr\u00e9hension de ces quartiers, r\u00e9v\u00e9lant leur importance historique et leur charme culturel.<\/span><\/p>\n<p><span style=\"font-weight: 400;\">En parcourant les chemins de Puerto Madero, vos sens seront sollicit\u00e9s par l&#8217;ambiance sophistiqu\u00e9e du quartier. Cet ancien chantier naval abandonn\u00e9 a \u00e9t\u00e9 r\u00e9imagin\u00e9 en une zone de front de mer dynamique, avec des merveilles architecturales contemporaines qui se refl\u00e8tent dans l&#8217;eau du Rio de la Plata. L&#8217;odeur d&#8217;une cuisine d\u00e9licieuse flotte dans l&#8217;air depuis ses nombreux restaurants haut de gamme, ce qui en fait un paradis pour les amateurs de cuisine.<\/span><\/p>\n<p><span style=\"font-weight: 400;\">Apr\u00e8s la modernit\u00e9 de Puerto Madero, la visite vous emm\u00e8ne dans les rues traditionnelles de San Telmo. Ce barrio, dont l&#8217;histoire est profond\u00e9ment enracin\u00e9e, est un t\u00e9moignage vivant du pass\u00e9 de Buenos Aires. Ses rues anciennes et pav\u00e9es, orn\u00e9es de b\u00e2timents coloniaux aux fa\u00e7ades complexes, racontent l&#8217;histoire d&#8217;une \u00e9poque r\u00e9volue. Le quartier est riche en culture, avec ses danseurs de tango dans les rues et les m\u00e9lodies des musiciens de rue qui r\u00e9sonnent dans l&#8217;air. La visite de San Telmo n&#8217;est pas seulement une exp\u00e9rience touristique, c&#8217;est aussi un retour dans le temps qui vous permettra de go\u00fbter \u00e0 la Buenos Aires traditionnelle dans tous les sens du terme.<\/span><\/p>\n<h2><b>Visite priv\u00e9e de Puerto Madero et des points d&#8217;int\u00e9r\u00eat de San Telmo<\/b><\/h2>\n<p><b>Puerto Madero :<\/b><span style=\"font-weight: 400;\"> Puerto Madero t\u00e9moigne de la transformation de Buenos Aires d&#8217;un port historique en une ville prosp\u00e8re et cosmopolite. Autrefois un chantier naval n\u00e9glig\u00e9, ce quartier a subi une m\u00e9tamorphose \u00e9tonnante pour devenir l&#8217;une des zones les plus riches de la ville, avec une ligne d&#8217;horizon ponctu\u00e9e de gratte-ciel \u00e9l\u00e9gants, d&#8217;h\u00f4tels de luxe et d&#8217;immeubles de bureaux \u00e0 la pointe de la technologie. Le quartier juxtapose \u00e9l\u00e9gamment l&#8217;ancien et le nouveau, avec des entrep\u00f4ts en briques r\u00e9nov\u00e9s c\u00f4toyant des merveilles architecturales contemporaines. Parmi celles-ci, le Woman&#8217;s Bridge, une passerelle rotative embl\u00e9matique, attire l&#8217;attention par son design unique symbolisant un couple dansant le tango. Vous visiterez \u00e9galement la r\u00e9serve \u00e9cologique, un espace vert tranquille qui offre un r\u00e9pit rafra\u00eechissant par rapport \u00e0 l&#8217;agitation de la ville. Ce vaste sanctuaire naturel, qui regorge d&#8217;une flore et d&#8217;une faune vari\u00e9es, souligne l&#8217;engagement de Buenos Aires en faveur de la durabilit\u00e9 urbaine.<\/span><\/p>\n<p><b>San Telmo :<\/b><span style=\"font-weight: 400;\"> En entrant dans San Telmo, vous p\u00e9n\u00e9trez dans une capsule temporelle qui pr\u00e9serve l&#8217;attrait du vieux Buenos Aires. Les rues \u00e9troites et pav\u00e9es du quartier, ainsi que les b\u00e2timents de style colonial, sont autant de rappels de la riche histoire de la ville. Ici, les magasins d&#8217;antiquit\u00e9s offrent un tr\u00e9sor de trouvailles vintage, tandis que les salons de tango traditionnels r\u00e9sonnent des rythmes passionn\u00e9s de la danse argentine bien-aim\u00e9e. Parmi les nombreux points forts de San Telmo, vous explorerez le vibrant march\u00e9 de San Telmo, une attraction irr\u00e9sistible pour les chasseurs d&#8217;antiquit\u00e9s, les amateurs de nourriture et les chercheurs de souvenirs. Les \u00e9tals color\u00e9s du march\u00e9 proposent de tout, des bibelots uniques et des articles vintage aux d\u00e9licieuses sp\u00e9cialit\u00e9s locales. Un autre lieu \u00e0 ne pas manquer est la Plaza Dorrego, l&#8217;une des plus anciennes places publiques de Buenos Aires. Connue pour son atmosph\u00e8re anim\u00e9e, cette place est l&#8217;\u00e9picentre de la sc\u00e8ne tango du quartier, o\u00f9 des danseurs talentueux se produisent au rythme envo\u00fbtant de la musique, cr\u00e9ant un spectacle inoubliable.<\/span><\/p>\n<p><span style=\"font-weight: 400;\">D\u00e9couvrez Buenos Aires avec Tour Travel and More. Explorez notre vaste gamme de circuits priv\u00e9s adapt\u00e9s \u00e0 vos int\u00e9r\u00eats et \u00e0 vos pr\u00e9f\u00e9rences. Visitez notre site web et trouvez votre <\/span><a href=\"https:\/\/tourtravelandmore.com\/fr\/city\/argentine\/buenos-aires-fr\/\"><span style=\"font-weight: 400;\">exp\u00e9rience parfaite \u00e0 Buenos Aires d\u00e8s aujourd&#8217;hui.<\/span><\/a><\/p>\n","protected":false},"excerpt":{"rendered":"<p><span style=\"font-weight: 400;\">D\u00e9couvrez Buenos Aires comme jamais auparavant avec notre visite priv\u00e9e de Puerto Madero et San Telmo. D\u00e9couvrez la sophistication moderne de Puerto Madero et la charmante antiquit\u00e9 de San Telmo au cours de cette visite guid\u00e9e de 4 \u00e0 5 heures.<\/span><\/p>\n","protected":false},"featured_media":168839,"comment_status":"open","ping_status":"closed","template":"","meta":{"_acf_changed":false},"product_brand":[],"product_cat":[4410,4413,4416,4419],"product_tag":[],"class_list":{"0":"post-168851","1":"product","2":"type-product","3":"status-publish","4":"has-post-thumbnail","6":"product_cat-argentine","7":"product_cat-buenos-aires-fr","8":"product_cat-toutes-les-visites-privees-fr-2","9":"product_cat-visites-touristiques-privees-fr-3","11":"first","12":"instock","13":"shipping-taxable","14":"purchasable","15":"product-type-simple"},"acf":[],"yoast_head":"<!-- This site is optimized with the Yoast SEO Premium plugin v25.3.1 (Yoast SEO v25.3.1) - https:\/\/yoast.com\/wordpress\/plugins\/seo\/ -->\n<title>\u27a1\ufe0f D\u00e9couvrez Puerto Madero et San Telmo : Tour priv\u00e9 | Tour Travel and More<\/title>\n<meta name=\"description\" content=\"Explorez la riche histoire et la culture vibrante de Buenos Aires avec une visite priv\u00e9e de Puerto Madero et San Telmo. R\u00e9servez votre exp\u00e9rience avec Tour Travel and More d\u00e8s aujourd&#039;hui ! \u2705\" \/>\n<meta name=\"robots\" content=\"index, follow, max-snippet:-1, max-image-preview:large, max-video-preview:-1\" \/>\n<link rel=\"canonical\" href=\"https:\/\/tourtravelandmore.com\/fr\/tours\/argentine\/buenos-aires-fr\/toutes-les-visites-privees-fr-2\/visite-privee-de-puerto-madero-et-san-telmo\/\" \/>\n<meta property=\"og:locale\" content=\"fr_FR\" \/>\n<meta property=\"og:type\" content=\"article\" \/>\n<meta property=\"og:title\" content=\"Visite priv\u00e9e de Puerto Madero et San Telmo\" \/>\n<meta property=\"og:description\" content=\"Explorez la riche histoire et la culture vibrante de Buenos Aires avec une visite priv\u00e9e de Puerto Madero et San Telmo. R\u00e9servez votre exp\u00e9rience avec Tour Travel and More d\u00e8s aujourd&#039;hui ! \u2705\" \/>\n<meta property=\"og:url\" content=\"https:\/\/tourtravelandmore.com\/fr\/tours\/argentine\/buenos-aires-fr\/toutes-les-visites-privees-fr-2\/visite-privee-de-puerto-madero-et-san-telmo\/\" \/>\n<meta property=\"og:site_name\" content=\"Tour Travel And More\" \/>\n<meta property=\"article:publisher\" content=\"https:\/\/www.facebook.com\/tourtravelandmore\/\" \/>\n<meta property=\"article:modified_time\" content=\"2023-06-09T22:14:55+00:00\" \/>\n<meta property=\"og:image\" content=\"https:\/\/tourtravelandmore.com\/wp-content\/uploads\/2023\/05\/image1-8.jpg\" \/>\n\t<meta property=\"og:image:width\" content=\"950\" \/>\n\t<meta property=\"og:image:height\" content=\"750\" \/>\n\t<meta property=\"og:image:type\" content=\"image\/jpeg\" \/>\n<meta name=\"twitter:card\" content=\"summary_large_image\" \/>\n<meta name=\"twitter:site\" content=\"@TourTravel_More\" \/>\n<meta name=\"twitter:label1\" content=\"Dur\u00e9e de lecture estim\u00e9e\" \/>\n\t<meta name=\"twitter:data1\" content=\"4 minutes\" \/>\n<script type=\"application\/ld+json\" class=\"yoast-schema-graph\">{\"@context\":\"https:\/\/schema.org\",\"@graph\":[{\"@type\":\"WebPage\",\"@id\":\"https:\/\/tourtravelandmore.com\/fr\/tours\/argentine\/buenos-aires-fr\/toutes-les-visites-privees-fr-2\/visite-privee-de-puerto-madero-et-san-telmo\/\",\"url\":\"https:\/\/tourtravelandmore.com\/fr\/tours\/argentine\/buenos-aires-fr\/toutes-les-visites-privees-fr-2\/visite-privee-de-puerto-madero-et-san-telmo\/\",\"name\":\"\u27a1\ufe0f D\u00e9couvrez Puerto Madero et San Telmo : Tour priv\u00e9 | Tour Travel and More\",\"isPartOf\":{\"@id\":\"https:\/\/tourtravelandmore.com\/fr\/#website\"},\"primaryImageOfPage\":{\"@id\":\"https:\/\/tourtravelandmore.com\/fr\/tours\/argentine\/buenos-aires-fr\/toutes-les-visites-privees-fr-2\/visite-privee-de-puerto-madero-et-san-telmo\/#primaryimage\"},\"image\":{\"@id\":\"https:\/\/tourtravelandmore.com\/fr\/tours\/argentine\/buenos-aires-fr\/toutes-les-visites-privees-fr-2\/visite-privee-de-puerto-madero-et-san-telmo\/#primaryimage\"},\"thumbnailUrl\":\"https:\/\/tourtravelandmore.com\/wp-content\/uploads\/2023\/05\/image1-8.jpg\",\"datePublished\":\"2023-05-31T04:55:59+00:00\",\"dateModified\":\"2023-06-09T22:14:55+00:00\",\"description\":\"Explorez la riche histoire et la culture vibrante de Buenos Aires avec une visite priv\u00e9e de Puerto Madero et San Telmo. R\u00e9servez votre exp\u00e9rience avec Tour Travel and More d\u00e8s aujourd'hui ! \u2705\",\"breadcrumb\":{\"@id\":\"https:\/\/tourtravelandmore.com\/fr\/tours\/argentine\/buenos-aires-fr\/toutes-les-visites-privees-fr-2\/visite-privee-de-puerto-madero-et-san-telmo\/#breadcrumb\"},\"inLanguage\":\"fr-FR\",\"potentialAction\":[{\"@type\":\"ReadAction\",\"target\":[\"https:\/\/tourtravelandmore.com\/fr\/tours\/argentine\/buenos-aires-fr\/toutes-les-visites-privees-fr-2\/visite-privee-de-puerto-madero-et-san-telmo\/\"]}]},{\"@type\":\"ImageObject\",\"inLanguage\":\"fr-FR\",\"@id\":\"https:\/\/tourtravelandmore.com\/fr\/tours\/argentine\/buenos-aires-fr\/toutes-les-visites-privees-fr-2\/visite-privee-de-puerto-madero-et-san-telmo\/#primaryimage\",\"url\":\"https:\/\/tourtravelandmore.com\/wp-content\/uploads\/2023\/05\/image1-8.jpg\",\"contentUrl\":\"https:\/\/tourtravelandmore.com\/wp-content\/uploads\/2023\/05\/image1-8.jpg\",\"width\":950,\"height\":750},{\"@type\":\"BreadcrumbList\",\"@id\":\"https:\/\/tourtravelandmore.com\/fr\/tours\/argentine\/buenos-aires-fr\/toutes-les-visites-privees-fr-2\/visite-privee-de-puerto-madero-et-san-telmo\/#breadcrumb\",\"itemListElement\":[{\"@type\":\"ListItem\",\"position\":1,\"name\":\"Home\",\"item\":\"https:\/\/tourtravelandmore.com\/fr\/\"},{\"@type\":\"ListItem\",\"position\":2,\"name\":\"Tours\",\"item\":\"https:\/\/tourtravelandmore.com\/fr\/tours\/\"},{\"@type\":\"ListItem\",\"position\":3,\"name\":\"Visite priv\u00e9e de Puerto Madero et San Telmo\"}]},{\"@type\":\"WebSite\",\"@id\":\"https:\/\/tourtravelandmore.com\/fr\/#website\",\"url\":\"https:\/\/tourtravelandmore.com\/fr\/\",\"name\":\"Tour Travel And More\",\"description\":\"Private sightseeing tours and luxury transfers in Spain\",\"publisher\":{\"@id\":\"https:\/\/tourtravelandmore.com\/fr\/#organization\"},\"potentialAction\":[{\"@type\":\"SearchAction\",\"target\":{\"@type\":\"EntryPoint\",\"urlTemplate\":\"https:\/\/tourtravelandmore.com\/fr\/?s={search_term_string}\"},\"query-input\":{\"@type\":\"PropertyValueSpecification\",\"valueRequired\":true,\"valueName\":\"search_term_string\"}}],\"inLanguage\":\"fr-FR\"},{\"@type\":\"Organization\",\"@id\":\"https:\/\/tourtravelandmore.com\/fr\/#organization\",\"name\":\"Tour Travel And More\",\"url\":\"https:\/\/tourtravelandmore.com\/fr\/\",\"logo\":{\"@type\":\"ImageObject\",\"inLanguage\":\"fr-FR\",\"@id\":\"https:\/\/tourtravelandmore.com\/fr\/#\/schema\/logo\/image\/\",\"url\":\"https:\/\/tourtravelandmore.com\/wp-content\/uploads\/2022\/12\/cropped-logo-cabecera-new.png\",\"contentUrl\":\"https:\/\/tourtravelandmore.com\/wp-content\/uploads\/2022\/12\/cropped-logo-cabecera-new.png\",\"width\":430,\"height\":61,\"caption\":\"Tour Travel And More\"},\"image\":{\"@id\":\"https:\/\/tourtravelandmore.com\/fr\/#\/schema\/logo\/image\/\"},\"sameAs\":[\"https:\/\/www.facebook.com\/tourtravelandmore\/\",\"https:\/\/x.com\/TourTravel_More\"]}]}<\/script>\n<!-- \/ Yoast SEO Premium plugin. -->","yoast_head_json":{"title":"\u27a1\ufe0f D\u00e9couvrez Puerto Madero et San Telmo : Tour priv\u00e9 | Tour Travel and More","description":"Explorez la riche histoire et la culture vibrante de Buenos Aires avec une visite priv\u00e9e de Puerto Madero et San Telmo. R\u00e9servez votre exp\u00e9rience avec Tour Travel and More d\u00e8s aujourd'hui ! \u2705","robots":{"index":"index","follow":"follow","max-snippet":"max-snippet:-1","max-image-preview":"max-image-preview:large","max-video-preview":"max-video-preview:-1"},"canonical":"https:\/\/tourtravelandmore.com\/fr\/tours\/argentine\/buenos-aires-fr\/toutes-les-visites-privees-fr-2\/visite-privee-de-puerto-madero-et-san-telmo\/","og_locale":"fr_FR","og_type":"article","og_title":"Visite priv\u00e9e de Puerto Madero et San Telmo","og_description":"Explorez la riche histoire et la culture vibrante de Buenos Aires avec une visite priv\u00e9e de Puerto Madero et San Telmo. R\u00e9servez votre exp\u00e9rience avec Tour Travel and More d\u00e8s aujourd'hui ! \u2705","og_url":"https:\/\/tourtravelandmore.com\/fr\/tours\/argentine\/buenos-aires-fr\/toutes-les-visites-privees-fr-2\/visite-privee-de-puerto-madero-et-san-telmo\/","og_site_name":"Tour Travel And More","article_publisher":"https:\/\/www.facebook.com\/tourtravelandmore\/","article_modified_time":"2023-06-09T22:14:55+00:00","og_image":[{"width":950,"height":750,"url":"https:\/\/tourtravelandmore.com\/wp-content\/uploads\/2023\/05\/image1-8.jpg","type":"image\/jpeg"}],"twitter_card":"summary_large_image","twitter_site":"@TourTravel_More","twitter_misc":{"Dur\u00e9e de lecture estim\u00e9e":"4 minutes"},"schema":{"@context":"https:\/\/schema.org","@graph":[{"@type":"WebPage","@id":"https:\/\/tourtravelandmore.com\/fr\/tours\/argentine\/buenos-aires-fr\/toutes-les-visites-privees-fr-2\/visite-privee-de-puerto-madero-et-san-telmo\/","url":"https:\/\/tourtravelandmore.com\/fr\/tours\/argentine\/buenos-aires-fr\/toutes-les-visites-privees-fr-2\/visite-privee-de-puerto-madero-et-san-telmo\/","name":"\u27a1\ufe0f D\u00e9couvrez Puerto Madero et San Telmo : Tour priv\u00e9 | Tour Travel and More","isPartOf":{"@id":"https:\/\/tourtravelandmore.com\/fr\/#website"},"primaryImageOfPage":{"@id":"https:\/\/tourtravelandmore.com\/fr\/tours\/argentine\/buenos-aires-fr\/toutes-les-visites-privees-fr-2\/visite-privee-de-puerto-madero-et-san-telmo\/#primaryimage"},"image":{"@id":"https:\/\/tourtravelandmore.com\/fr\/tours\/argentine\/buenos-aires-fr\/toutes-les-visites-privees-fr-2\/visite-privee-de-puerto-madero-et-san-telmo\/#primaryimage"},"thumbnailUrl":"https:\/\/tourtravelandmore.com\/wp-content\/uploads\/2023\/05\/image1-8.jpg","datePublished":"2023-05-31T04:55:59+00:00","dateModified":"2023-06-09T22:14:55+00:00","description":"Explorez la riche histoire et la culture vibrante de Buenos Aires avec une visite priv\u00e9e de Puerto Madero et San Telmo. R\u00e9servez votre exp\u00e9rience avec Tour Travel and More d\u00e8s aujourd'hui ! \u2705","breadcrumb":{"@id":"https:\/\/tourtravelandmore.com\/fr\/tours\/argentine\/buenos-aires-fr\/toutes-les-visites-privees-fr-2\/visite-privee-de-puerto-madero-et-san-telmo\/#breadcrumb"},"inLanguage":"fr-FR","potentialAction":[{"@type":"ReadAction","target":["https:\/\/tourtravelandmore.com\/fr\/tours\/argentine\/buenos-aires-fr\/toutes-les-visites-privees-fr-2\/visite-privee-de-puerto-madero-et-san-telmo\/"]}]},{"@type":"ImageObject","inLanguage":"fr-FR","@id":"https:\/\/tourtravelandmore.com\/fr\/tours\/argentine\/buenos-aires-fr\/toutes-les-visites-privees-fr-2\/visite-privee-de-puerto-madero-et-san-telmo\/#primaryimage","url":"https:\/\/tourtravelandmore.com\/wp-content\/uploads\/2023\/05\/image1-8.jpg","contentUrl":"https:\/\/tourtravelandmore.com\/wp-content\/uploads\/2023\/05\/image1-8.jpg","width":950,"height":750},{"@type":"BreadcrumbList","@id":"https:\/\/tourtravelandmore.com\/fr\/tours\/argentine\/buenos-aires-fr\/toutes-les-visites-privees-fr-2\/visite-privee-de-puerto-madero-et-san-telmo\/#breadcrumb","itemListElement":[{"@type":"ListItem","position":1,"name":"Home","item":"https:\/\/tourtravelandmore.com\/fr\/"},{"@type":"ListItem","position":2,"name":"Tours","item":"https:\/\/tourtravelandmore.com\/fr\/tours\/"},{"@type":"ListItem","position":3,"name":"Visite priv\u00e9e de Puerto Madero et San Telmo"}]},{"@type":"WebSite","@id":"https:\/\/tourtravelandmore.com\/fr\/#website","url":"https:\/\/tourtravelandmore.com\/fr\/","name":"Tour Travel And More","description":"Private sightseeing tours and luxury transfers in Spain","publisher":{"@id":"https:\/\/tourtravelandmore.com\/fr\/#organization"},"potentialAction":[{"@type":"SearchAction","target":{"@type":"EntryPoint","urlTemplate":"https:\/\/tourtravelandmore.com\/fr\/?s={search_term_string}"},"query-input":{"@type":"PropertyValueSpecification","valueRequired":true,"valueName":"search_term_string"}}],"inLanguage":"fr-FR"},{"@type":"Organization","@id":"https:\/\/tourtravelandmore.com\/fr\/#organization","name":"Tour Travel And More","url":"https:\/\/tourtravelandmore.com\/fr\/","logo":{"@type":"ImageObject","inLanguage":"fr-FR","@id":"https:\/\/tourtravelandmore.com\/fr\/#\/schema\/logo\/image\/","url":"https:\/\/tourtravelandmore.com\/wp-content\/uploads\/2022\/12\/cropped-logo-cabecera-new.png","contentUrl":"https:\/\/tourtravelandmore.com\/wp-content\/uploads\/2022\/12\/cropped-logo-cabecera-new.png","width":430,"height":61,"caption":"Tour Travel And More"},"image":{"@id":"https:\/\/tourtravelandmore.com\/fr\/#\/schema\/logo\/image\/"},"sameAs":["https:\/\/www.facebook.com\/tourtravelandmore\/","https:\/\/x.com\/TourTravel_More"]}]}},"_links":{"self":[{"href":"https:\/\/tourtravelandmore.com\/fr\/wp-json\/wp\/v2\/product\/168851","targetHints":{"allow":["GET"]}}],"collection":[{"href":"https:\/\/tourtravelandmore.com\/fr\/wp-json\/wp\/v2\/product"}],"about":[{"href":"https:\/\/tourtravelandmore.com\/fr\/wp-json\/wp\/v2\/types\/product"}],"replies":[{"embeddable":true,"href":"https:\/\/tourtravelandmore.com\/fr\/wp-json\/wp\/v2\/comments?post=168851"}],"wp:featuredmedia":[{"embeddable":true,"href":"https:\/\/tourtravelandmore.com\/fr\/wp-json\/wp\/v2\/media\/168839"}],"wp:attachment":[{"href":"https:\/\/tourtravelandmore.com\/fr\/wp-json\/wp\/v2\/media?parent=168851"}],"wp:term":[{"taxonomy":"product_brand","embeddable":true,"href":"https:\/\/tourtravelandmore.com\/fr\/wp-json\/wp\/v2\/product_brand?post=168851"},{"taxonomy":"product_cat","embeddable":true,"href":"https:\/\/tourtravelandmore.com\/fr\/wp-json\/wp\/v2\/product_cat?post=168851"},{"taxonomy":"product_tag","embeddable":true,"href":"https:\/\/tourtravelandmore.com\/fr\/wp-json\/wp\/v2\/product_tag?post=168851"}],"curies":[{"name":"wp","href":"https:\/\/api.w.org\/{rel}","templated":true}]}}