{"id":168835,"date":"2023-05-30T01:42:08","date_gmt":"2023-05-29T23:54:45","guid":{"rendered":"https:\/\/tourtravelandmore.com\/?post_type=product&#038;p=168835"},"modified":"2023-06-10T00:08:14","modified_gmt":"2023-06-09T22:08:14","slug":"visite-privee-du-musee-malba","status":"publish","type":"product","link":"https:\/\/tourtravelandmore.com\/fr\/tours\/argentine\/buenos-aires-fr\/toutes-les-visites-privees-fr-2\/visite-privee-du-musee-malba\/","title":{"rendered":"Visite priv\u00e9e du mus\u00e9e MALBA"},"content":{"rendered":"<h2><b>Visite guid\u00e9e priv\u00e9e du mus\u00e9e MALBA Description<\/b><\/h2>\n<p><span style=\"font-weight: 400;\">Plongez dans le riche patrimoine artistique de l&#8217;Am\u00e9rique latine gr\u00e2ce \u00e0 notre visite priv\u00e9e \u00e0 pied du mus\u00e9e MALBA. La visite, qui dure 2 heures, comprend les services d&#8217;un guide priv\u00e9 et les billets d&#8217;entr\u00e9e au mus\u00e9e. Notre guide bien inform\u00e9 vous conduira \u00e0 travers le mus\u00e9e et vous fournira des commentaires perspicaces sur les \u0153uvres d&#8217;art \u00e9tonnantes. Du d\u00e9but du XXe si\u00e8cle aux \u0153uvres contemporaines, le mus\u00e9e MALBA poss\u00e8de une remarquable collection qui refl\u00e8te la diversit\u00e9 de l&#8217;identit\u00e9 culturelle de l&#8217;Am\u00e9rique latine. Que vous soyez un connaisseur d&#8217;art ou un observateur occasionnel, cette visite offre une exp\u00e9rience captivante dans le domaine de l&#8217;art latino-am\u00e9ricain.<\/span><\/p>\n<p><span style=\"font-weight: 400;\">Cette visite priv\u00e9e unique vous permettra de mieux comprendre les mouvements culturels, les contextes historiques et les implications sociales qui ont fa\u00e7onn\u00e9 l&#8217;art latino-am\u00e9ricain au fil des d\u00e9cennies. Notre guide exp\u00e9riment\u00e9 donnera vie aux \u0153uvres d&#8217;art, ce qui vous permettra de vous familiariser avec la vision et le point de vue des artistes. Cette visite n&#8217;est pas seulement une exploration de l&#8217;art, mais aussi un voyage au c\u0153ur de la culture et de la soci\u00e9t\u00e9 latino-am\u00e9ricaines, une exp\u00e9rience enrichissante et \u00e9clairante.<\/span><\/p>\n<h2><b>Visite priv\u00e9e \u00e0 pied des points d&#8217;int\u00e9r\u00eat du mus\u00e9e MALBA<\/b><\/h2>\n<p><span style=\"font-weight: 400;\">Votre visite priv\u00e9e du mus\u00e9e MALBA comprend plusieurs points d&#8217;int\u00e9r\u00eat, tels que :<\/span><\/p>\n<p><b>La collection permanente :<\/b><span style=\"font-weight: 400;\"> Le c\u0153ur du mus\u00e9e MALBA r\u00e9side dans sa vaste collection permanente, un assemblage \u00e9tonnant d&#8217;\u0153uvres d&#8217;art latino-am\u00e9ricaines. Cette collection abrite des chefs-d&#8217;\u0153uvre d&#8217;artistes de renomm\u00e9e internationale tels que Frida Kahlo, Diego Rivera et Antonio Berni, chaque pi\u00e8ce incarnant l&#8217;essence de la culture et de l&#8217;histoire latino-am\u00e9ricaines. Au cours de votre visite priv\u00e9e, notre guide bien inform\u00e9 se plongera dans les r\u00e9cits captivants qui se cachent derri\u00e8re ces \u0153uvres embl\u00e9matiques, \u00e9clairant leurs significations profondes et les influences profondes des artistes sur l&#8217;art latino-am\u00e9ricain.<\/span><\/p>\n<p><b>Expositions temporaires :<\/b><span style=\"font-weight: 400;\"> En plus de sa collection permanente, le mus\u00e9e MALBA organise fr\u00e9quemment des expositions temporaires. Ces expositions constituent une plateforme dynamique pour les artistes \u00e9mergents et \u00e9tablis, et pr\u00e9sentent le paysage en constante \u00e9volution de l&#8217;art latino-am\u00e9ricain contemporain. Votre guide vous pr\u00e9sentera ces expositions innovantes, en vous fournissant un contexte critique et une interpr\u00e9tation perspicace, vous permettant d&#8217;appr\u00e9cier pleinement l&#8217;importance de ces \u0153uvres contemporaines dans le cadre plus large de l&#8217;art latino-am\u00e9ricain.<\/span><\/p>\n<p><b>Collection de films et de vid\u00e9os :<\/b><span style=\"font-weight: 400;\"> Le mus\u00e9e MALBA s&#8217;enorgueillit \u00e9galement d&#8217;une intrigante collection de films et de vid\u00e9os. Cette section unique offre une fen\u00eatre sur le monde du cin\u00e9ma et de l&#8217;art vid\u00e9o d&#8217;avant-garde, avec des \u0153uvres qui remettent en question les limites et les conventions traditionnelles du m\u00e9dium. En explorant cette collection, votre guide vous aidera \u00e0 comprendre les intentions artistiques qui sous-tendent ces \u0153uvres, en soulignant leur r\u00f4le dans la red\u00e9finition de l&#8217;expression cin\u00e9matographique en Am\u00e9rique latine.<\/span><\/p>\n<p><b>D\u00e9couvrez-en plus avec Tour Travel and More<\/b><\/p>\n<p><span style=\"font-weight: 400;\">Apr\u00e8s votre visite \u00e9clairante du mus\u00e9e MALBA, pourquoi ne pas explorer davantage Buenos Aires ? Tour Travel and More propose une gamme de visites priv\u00e9es adapt\u00e9es \u00e0 vos int\u00e9r\u00eats. Des quartiers historiques de Palermo et Recoleta \u00e0 d&#8217;autres sites culturels, nous vous garantissons une exp\u00e9rience de voyage inoubliable. Visitez notre site web pour <\/span><a href=\"https:\/\/tourtravelandmore.com\/fr\/city\/argentine\/buenos-aires-fr\/\"><span style=\"font-weight: 400;\">d\u00e9couvrir d&#8217;autres circuits \u00e0 Buenos Aires.<\/span><\/a><\/p>\n","protected":false},"excerpt":{"rendered":"<p><span style=\"font-weight: 400;\">Embarquez pour une visite priv\u00e9e \u00e0 pied du mus\u00e9e MALBA \u00e0 Buenos Aires, \u00e0 la d\u00e9couverte du riche patrimoine artistique de l&#8217;Am\u00e9rique latine. Avec un guide comp\u00e9tent, des billets d&#8217;entr\u00e9e inclus et une dur\u00e9e de 2 heures, d\u00e9couvrez la diversit\u00e9 de l&#8217;identit\u00e9 culturelle de l&#8217;Am\u00e9rique latine \u00e0 travers sa remarquable collection d&#8217;\u0153uvres d&#8217;art.<\/span><\/p>\n","protected":false},"featured_media":168832,"comment_status":"open","ping_status":"closed","template":"","meta":{"_acf_changed":false},"product_brand":[],"product_cat":[4410,4413,4416,4422],"product_tag":[],"class_list":{"0":"post-168835","1":"product","2":"type-product","3":"status-publish","4":"has-post-thumbnail","6":"product_cat-argentine","7":"product_cat-buenos-aires-fr","8":"product_cat-toutes-les-visites-privees-fr-2","9":"product_cat-visites-privees-a-pied-fr-5","11":"first","12":"instock","13":"shipping-taxable","14":"purchasable","15":"product-type-simple"},"acf":[],"yoast_head":"<!-- This site is optimized with the Yoast SEO Premium plugin v25.3.1 (Yoast SEO v25.3.1) - https:\/\/yoast.com\/wordpress\/plugins\/seo\/ -->\n<title>\u27a1\ufe0f Visite priv\u00e9e \u00e0 pied du mus\u00e9e MALBA avec Tour Travel and More<\/title>\n<meta name=\"description\" content=\"D\u00e9couvrez l&#039;art latino-am\u00e9ricain comme jamais auparavant lors d&#039;une visite priv\u00e9e de 2 heures du mus\u00e9e MALBA. R\u00e9servez d\u00e8s maintenant pour un voyage culturel inoubliable \u2705\" \/>\n<meta name=\"robots\" content=\"index, follow, max-snippet:-1, max-image-preview:large, max-video-preview:-1\" \/>\n<link rel=\"canonical\" href=\"https:\/\/tourtravelandmore.com\/fr\/tours\/argentine\/buenos-aires-fr\/toutes-les-visites-privees-fr-2\/visite-privee-du-musee-malba\/\" \/>\n<meta property=\"og:locale\" content=\"fr_FR\" \/>\n<meta property=\"og:type\" content=\"article\" \/>\n<meta property=\"og:title\" content=\"Visite priv\u00e9e du mus\u00e9e MALBA\" \/>\n<meta property=\"og:description\" content=\"D\u00e9couvrez l&#039;art latino-am\u00e9ricain comme jamais auparavant lors d&#039;une visite priv\u00e9e de 2 heures du mus\u00e9e MALBA. R\u00e9servez d\u00e8s maintenant pour un voyage culturel inoubliable \u2705\" \/>\n<meta property=\"og:url\" content=\"https:\/\/tourtravelandmore.com\/fr\/tours\/argentine\/buenos-aires-fr\/toutes-les-visites-privees-fr-2\/visite-privee-du-musee-malba\/\" \/>\n<meta property=\"og:site_name\" content=\"Tour Travel And More\" \/>\n<meta property=\"article:publisher\" content=\"https:\/\/www.facebook.com\/tourtravelandmore\/\" \/>\n<meta property=\"article:modified_time\" content=\"2023-06-09T22:08:14+00:00\" \/>\n<meta property=\"og:image\" content=\"https:\/\/tourtravelandmore.com\/wp-content\/uploads\/2023\/05\/image4-7.jpg\" \/>\n\t<meta property=\"og:image:width\" content=\"950\" \/>\n\t<meta property=\"og:image:height\" content=\"750\" \/>\n\t<meta property=\"og:image:type\" content=\"image\/jpeg\" \/>\n<meta name=\"twitter:card\" content=\"summary_large_image\" \/>\n<meta name=\"twitter:site\" content=\"@TourTravel_More\" \/>\n<meta name=\"twitter:label1\" content=\"Dur\u00e9e de lecture estim\u00e9e\" \/>\n\t<meta name=\"twitter:data1\" content=\"3 minutes\" \/>\n<script type=\"application\/ld+json\" class=\"yoast-schema-graph\">{\"@context\":\"https:\/\/schema.org\",\"@graph\":[{\"@type\":\"WebPage\",\"@id\":\"https:\/\/tourtravelandmore.com\/fr\/tours\/argentine\/buenos-aires-fr\/toutes-les-visites-privees-fr-2\/visite-privee-du-musee-malba\/\",\"url\":\"https:\/\/tourtravelandmore.com\/fr\/tours\/argentine\/buenos-aires-fr\/toutes-les-visites-privees-fr-2\/visite-privee-du-musee-malba\/\",\"name\":\"\u27a1\ufe0f Visite priv\u00e9e \u00e0 pied du mus\u00e9e MALBA avec Tour Travel and More\",\"isPartOf\":{\"@id\":\"https:\/\/tourtravelandmore.com\/fr\/#website\"},\"primaryImageOfPage\":{\"@id\":\"https:\/\/tourtravelandmore.com\/fr\/tours\/argentine\/buenos-aires-fr\/toutes-les-visites-privees-fr-2\/visite-privee-du-musee-malba\/#primaryimage\"},\"image\":{\"@id\":\"https:\/\/tourtravelandmore.com\/fr\/tours\/argentine\/buenos-aires-fr\/toutes-les-visites-privees-fr-2\/visite-privee-du-musee-malba\/#primaryimage\"},\"thumbnailUrl\":\"https:\/\/tourtravelandmore.com\/wp-content\/uploads\/2023\/05\/image4-7.jpg\",\"datePublished\":\"2023-05-29T23:54:45+00:00\",\"dateModified\":\"2023-06-09T22:08:14+00:00\",\"description\":\"D\u00e9couvrez l'art latino-am\u00e9ricain comme jamais auparavant lors d'une visite priv\u00e9e de 2 heures du mus\u00e9e MALBA. R\u00e9servez d\u00e8s maintenant pour un voyage culturel inoubliable \u2705\",\"breadcrumb\":{\"@id\":\"https:\/\/tourtravelandmore.com\/fr\/tours\/argentine\/buenos-aires-fr\/toutes-les-visites-privees-fr-2\/visite-privee-du-musee-malba\/#breadcrumb\"},\"inLanguage\":\"fr-FR\",\"potentialAction\":[{\"@type\":\"ReadAction\",\"target\":[\"https:\/\/tourtravelandmore.com\/fr\/tours\/argentine\/buenos-aires-fr\/toutes-les-visites-privees-fr-2\/visite-privee-du-musee-malba\/\"]}]},{\"@type\":\"ImageObject\",\"inLanguage\":\"fr-FR\",\"@id\":\"https:\/\/tourtravelandmore.com\/fr\/tours\/argentine\/buenos-aires-fr\/toutes-les-visites-privees-fr-2\/visite-privee-du-musee-malba\/#primaryimage\",\"url\":\"https:\/\/tourtravelandmore.com\/wp-content\/uploads\/2023\/05\/image4-7.jpg\",\"contentUrl\":\"https:\/\/tourtravelandmore.com\/wp-content\/uploads\/2023\/05\/image4-7.jpg\",\"width\":950,\"height\":750},{\"@type\":\"BreadcrumbList\",\"@id\":\"https:\/\/tourtravelandmore.com\/fr\/tours\/argentine\/buenos-aires-fr\/toutes-les-visites-privees-fr-2\/visite-privee-du-musee-malba\/#breadcrumb\",\"itemListElement\":[{\"@type\":\"ListItem\",\"position\":1,\"name\":\"Home\",\"item\":\"https:\/\/tourtravelandmore.com\/fr\/\"},{\"@type\":\"ListItem\",\"position\":2,\"name\":\"Tours\",\"item\":\"https:\/\/tourtravelandmore.com\/fr\/tours\/\"},{\"@type\":\"ListItem\",\"position\":3,\"name\":\"Visite priv\u00e9e du mus\u00e9e MALBA\"}]},{\"@type\":\"WebSite\",\"@id\":\"https:\/\/tourtravelandmore.com\/fr\/#website\",\"url\":\"https:\/\/tourtravelandmore.com\/fr\/\",\"name\":\"Tour Travel And More\",\"description\":\"Private sightseeing tours and luxury transfers in Spain\",\"publisher\":{\"@id\":\"https:\/\/tourtravelandmore.com\/fr\/#organization\"},\"potentialAction\":[{\"@type\":\"SearchAction\",\"target\":{\"@type\":\"EntryPoint\",\"urlTemplate\":\"https:\/\/tourtravelandmore.com\/fr\/?s={search_term_string}\"},\"query-input\":{\"@type\":\"PropertyValueSpecification\",\"valueRequired\":true,\"valueName\":\"search_term_string\"}}],\"inLanguage\":\"fr-FR\"},{\"@type\":\"Organization\",\"@id\":\"https:\/\/tourtravelandmore.com\/fr\/#organization\",\"name\":\"Tour Travel And More\",\"url\":\"https:\/\/tourtravelandmore.com\/fr\/\",\"logo\":{\"@type\":\"ImageObject\",\"inLanguage\":\"fr-FR\",\"@id\":\"https:\/\/tourtravelandmore.com\/fr\/#\/schema\/logo\/image\/\",\"url\":\"https:\/\/tourtravelandmore.com\/wp-content\/uploads\/2022\/12\/cropped-logo-cabecera-new.png\",\"contentUrl\":\"https:\/\/tourtravelandmore.com\/wp-content\/uploads\/2022\/12\/cropped-logo-cabecera-new.png\",\"width\":430,\"height\":61,\"caption\":\"Tour Travel And More\"},\"image\":{\"@id\":\"https:\/\/tourtravelandmore.com\/fr\/#\/schema\/logo\/image\/\"},\"sameAs\":[\"https:\/\/www.facebook.com\/tourtravelandmore\/\",\"https:\/\/x.com\/TourTravel_More\"]}]}<\/script>\n<!-- \/ Yoast SEO Premium plugin. -->","yoast_head_json":{"title":"\u27a1\ufe0f Visite priv\u00e9e \u00e0 pied du mus\u00e9e MALBA avec Tour Travel and More","description":"D\u00e9couvrez l'art latino-am\u00e9ricain comme jamais auparavant lors d'une visite priv\u00e9e de 2 heures du mus\u00e9e MALBA. R\u00e9servez d\u00e8s maintenant pour un voyage culturel inoubliable \u2705","robots":{"index":"index","follow":"follow","max-snippet":"max-snippet:-1","max-image-preview":"max-image-preview:large","max-video-preview":"max-video-preview:-1"},"canonical":"https:\/\/tourtravelandmore.com\/fr\/tours\/argentine\/buenos-aires-fr\/toutes-les-visites-privees-fr-2\/visite-privee-du-musee-malba\/","og_locale":"fr_FR","og_type":"article","og_title":"Visite priv\u00e9e du mus\u00e9e MALBA","og_description":"D\u00e9couvrez l'art latino-am\u00e9ricain comme jamais auparavant lors d'une visite priv\u00e9e de 2 heures du mus\u00e9e MALBA. R\u00e9servez d\u00e8s maintenant pour un voyage culturel inoubliable \u2705","og_url":"https:\/\/tourtravelandmore.com\/fr\/tours\/argentine\/buenos-aires-fr\/toutes-les-visites-privees-fr-2\/visite-privee-du-musee-malba\/","og_site_name":"Tour Travel And More","article_publisher":"https:\/\/www.facebook.com\/tourtravelandmore\/","article_modified_time":"2023-06-09T22:08:14+00:00","og_image":[{"width":950,"height":750,"url":"https:\/\/tourtravelandmore.com\/wp-content\/uploads\/2023\/05\/image4-7.jpg","type":"image\/jpeg"}],"twitter_card":"summary_large_image","twitter_site":"@TourTravel_More","twitter_misc":{"Dur\u00e9e de lecture estim\u00e9e":"3 minutes"},"schema":{"@context":"https:\/\/schema.org","@graph":[{"@type":"WebPage","@id":"https:\/\/tourtravelandmore.com\/fr\/tours\/argentine\/buenos-aires-fr\/toutes-les-visites-privees-fr-2\/visite-privee-du-musee-malba\/","url":"https:\/\/tourtravelandmore.com\/fr\/tours\/argentine\/buenos-aires-fr\/toutes-les-visites-privees-fr-2\/visite-privee-du-musee-malba\/","name":"\u27a1\ufe0f Visite priv\u00e9e \u00e0 pied du mus\u00e9e MALBA avec Tour Travel and More","isPartOf":{"@id":"https:\/\/tourtravelandmore.com\/fr\/#website"},"primaryImageOfPage":{"@id":"https:\/\/tourtravelandmore.com\/fr\/tours\/argentine\/buenos-aires-fr\/toutes-les-visites-privees-fr-2\/visite-privee-du-musee-malba\/#primaryimage"},"image":{"@id":"https:\/\/tourtravelandmore.com\/fr\/tours\/argentine\/buenos-aires-fr\/toutes-les-visites-privees-fr-2\/visite-privee-du-musee-malba\/#primaryimage"},"thumbnailUrl":"https:\/\/tourtravelandmore.com\/wp-content\/uploads\/2023\/05\/image4-7.jpg","datePublished":"2023-05-29T23:54:45+00:00","dateModified":"2023-06-09T22:08:14+00:00","description":"D\u00e9couvrez l'art latino-am\u00e9ricain comme jamais auparavant lors d'une visite priv\u00e9e de 2 heures du mus\u00e9e MALBA. R\u00e9servez d\u00e8s maintenant pour un voyage culturel inoubliable \u2705","breadcrumb":{"@id":"https:\/\/tourtravelandmore.com\/fr\/tours\/argentine\/buenos-aires-fr\/toutes-les-visites-privees-fr-2\/visite-privee-du-musee-malba\/#breadcrumb"},"inLanguage":"fr-FR","potentialAction":[{"@type":"ReadAction","target":["https:\/\/tourtravelandmore.com\/fr\/tours\/argentine\/buenos-aires-fr\/toutes-les-visites-privees-fr-2\/visite-privee-du-musee-malba\/"]}]},{"@type":"ImageObject","inLanguage":"fr-FR","@id":"https:\/\/tourtravelandmore.com\/fr\/tours\/argentine\/buenos-aires-fr\/toutes-les-visites-privees-fr-2\/visite-privee-du-musee-malba\/#primaryimage","url":"https:\/\/tourtravelandmore.com\/wp-content\/uploads\/2023\/05\/image4-7.jpg","contentUrl":"https:\/\/tourtravelandmore.com\/wp-content\/uploads\/2023\/05\/image4-7.jpg","width":950,"height":750},{"@type":"BreadcrumbList","@id":"https:\/\/tourtravelandmore.com\/fr\/tours\/argentine\/buenos-aires-fr\/toutes-les-visites-privees-fr-2\/visite-privee-du-musee-malba\/#breadcrumb","itemListElement":[{"@type":"ListItem","position":1,"name":"Home","item":"https:\/\/tourtravelandmore.com\/fr\/"},{"@type":"ListItem","position":2,"name":"Tours","item":"https:\/\/tourtravelandmore.com\/fr\/tours\/"},{"@type":"ListItem","position":3,"name":"Visite priv\u00e9e du mus\u00e9e MALBA"}]},{"@type":"WebSite","@id":"https:\/\/tourtravelandmore.com\/fr\/#website","url":"https:\/\/tourtravelandmore.com\/fr\/","name":"Tour Travel And More","description":"Private sightseeing tours and luxury transfers in Spain","publisher":{"@id":"https:\/\/tourtravelandmore.com\/fr\/#organization"},"potentialAction":[{"@type":"SearchAction","target":{"@type":"EntryPoint","urlTemplate":"https:\/\/tourtravelandmore.com\/fr\/?s={search_term_string}"},"query-input":{"@type":"PropertyValueSpecification","valueRequired":true,"valueName":"search_term_string"}}],"inLanguage":"fr-FR"},{"@type":"Organization","@id":"https:\/\/tourtravelandmore.com\/fr\/#organization","name":"Tour Travel And More","url":"https:\/\/tourtravelandmore.com\/fr\/","logo":{"@type":"ImageObject","inLanguage":"fr-FR","@id":"https:\/\/tourtravelandmore.com\/fr\/#\/schema\/logo\/image\/","url":"https:\/\/tourtravelandmore.com\/wp-content\/uploads\/2022\/12\/cropped-logo-cabecera-new.png","contentUrl":"https:\/\/tourtravelandmore.com\/wp-content\/uploads\/2022\/12\/cropped-logo-cabecera-new.png","width":430,"height":61,"caption":"Tour Travel And More"},"image":{"@id":"https:\/\/tourtravelandmore.com\/fr\/#\/schema\/logo\/image\/"},"sameAs":["https:\/\/www.facebook.com\/tourtravelandmore\/","https:\/\/x.com\/TourTravel_More"]}]}},"_links":{"self":[{"href":"https:\/\/tourtravelandmore.com\/fr\/wp-json\/wp\/v2\/product\/168835","targetHints":{"allow":["GET"]}}],"collection":[{"href":"https:\/\/tourtravelandmore.com\/fr\/wp-json\/wp\/v2\/product"}],"about":[{"href":"https:\/\/tourtravelandmore.com\/fr\/wp-json\/wp\/v2\/types\/product"}],"replies":[{"embeddable":true,"href":"https:\/\/tourtravelandmore.com\/fr\/wp-json\/wp\/v2\/comments?post=168835"}],"wp:featuredmedia":[{"embeddable":true,"href":"https:\/\/tourtravelandmore.com\/fr\/wp-json\/wp\/v2\/media\/168832"}],"wp:attachment":[{"href":"https:\/\/tourtravelandmore.com\/fr\/wp-json\/wp\/v2\/media?parent=168835"}],"wp:term":[{"taxonomy":"product_brand","embeddable":true,"href":"https:\/\/tourtravelandmore.com\/fr\/wp-json\/wp\/v2\/product_brand?post=168835"},{"taxonomy":"product_cat","embeddable":true,"href":"https:\/\/tourtravelandmore.com\/fr\/wp-json\/wp\/v2\/product_cat?post=168835"},{"taxonomy":"product_tag","embeddable":true,"href":"https:\/\/tourtravelandmore.com\/fr\/wp-json\/wp\/v2\/product_tag?post=168835"}],"curies":[{"name":"wp","href":"https:\/\/api.w.org\/{rel}","templated":true}]}}