{"id":168819,"date":"2023-05-30T01:31:00","date_gmt":"2023-05-29T23:35:21","guid":{"rendered":"https:\/\/tourtravelandmore.com\/?post_type=product&#038;p=168819"},"modified":"2023-06-10T00:03:17","modified_gmt":"2023-06-09T22:03:17","slug":"visite-privee-de-palermo-et-recoleta","status":"publish","type":"product","link":"https:\/\/tourtravelandmore.com\/fr\/tours\/argentine\/buenos-aires-fr\/toutes-les-visites-privees-fr-2\/visite-privee-de-palermo-et-recoleta\/","title":{"rendered":"Visite priv\u00e9e de Palermo et Recoleta"},"content":{"rendered":"<h2><b>Visite priv\u00e9e de Palermo et Recoleta Description<\/b><\/h2>\n<p><span style=\"font-weight: 400;\">D\u00e9couvrez le meilleur de Buenos Aires de mani\u00e8re luxueuse avec notre visite priv\u00e9e de Palermo et Recoleta. Cette visite, d&#8217;une dur\u00e9e de 4 \u00e0 5 heures, est conduite par un guide exp\u00e9riment\u00e9 et comprend un v\u00e9hicule avec chauffeur pour votre confort. Le voyage commence dans le quartier anim\u00e9 de Palermo, r\u00e9put\u00e9 pour sa riche histoire, son architecture \u00e9tonnante et ses vastes parcs. Ensuite, nous nous rendons \u00e0 Recoleta, un quartier synonyme d&#8217;\u00e9l\u00e9gance, avec d&#8217;exquises demeures de style fran\u00e7ais, des boutiques haut de gamme et le c\u00e9l\u00e8bre cimeti\u00e8re de Recoleta. Tout au long de la visite, notre guide partagera avec vous des informations fascinantes sur l&#8217;histoire et la culture des quartiers, ce qui rendra votre voyage \u00e0 la fois \u00e9ducatif et divertissant.<\/span><\/p>\n<p><span style=\"font-weight: 400;\">D\u00e9couvrez la vie locale en vous promenant dans les rues anim\u00e9es bord\u00e9es de caf\u00e9s branch\u00e9s, de boutiques \u00e0 la mode et de march\u00e9s artisanaux locaux \u00e0 Palermo. Vous d\u00e9couvrirez les peintures murales qui t\u00e9moignent de la sc\u00e8ne artistique florissante du quartier. En vous rendant \u00e0 Recoleta, vous serez s\u00e9duit par sa grandeur et son charme. Admirez les magnifiques parcs et places, o\u00f9 les habitants se d\u00e9tendent et se rencontrent. L&#8217;excursion se termine par une visite du cimeti\u00e8re de Recoleta, un lieu qui illustre parfaitement la richesse de l&#8217;histoire et de l&#8217;h\u00e9ritage de l&#8217;Argentine. Cette visite compl\u00e8te est soigneusement con\u00e7ue pour offrir une exp\u00e9rience engageante et enrichissante qui transcende l&#8217;itin\u00e9raire touristique conventionnel.<\/span><\/p>\n<h2><b>Visite priv\u00e9e des points d&#8217;int\u00e9r\u00eat de Palermo et de Recoleta<\/b><\/h2>\n<p><i><span style=\"font-weight: 400;\">La visite couvre plusieurs points d&#8217;int\u00e9r\u00eat cl\u00e9s, chacun ayant un charme et une signification uniques.<\/span><\/i><\/p>\n<p><b>Palermo :<\/b><span style=\"font-weight: 400;\"> C\u00e9l\u00e8bre pour son m\u00e9lange \u00e9clectique d&#8217;ancien et de nouveau, Palermo prosp\u00e8re en tant que c\u0153ur culturel de Buenos Aires. Votre voyage dans ce quartier dynamique commence par une visite du verdoyant jardin botanique, un havre de biodiversit\u00e9 abritant des milliers d&#8217;esp\u00e8ces v\u00e9g\u00e9tales uniques. \u00c0 proximit\u00e9, la roseraie Rosedal vous attend, offrant une retraite tranquille orn\u00e9e de plus d&#8217;un millier de rosiers. Les amateurs d&#8217;art seront combl\u00e9s au MALBA, o\u00f9 une riche collection d&#8217;art latino-am\u00e9ricain retrace l&#8217;\u00e9volution cr\u00e9ative de la r\u00e9gion au fil des si\u00e8cles.<\/span><\/p>\n<p><b>Recoleta :<\/b><span style=\"font-weight: 400;\"> Apr\u00e8s les rues anim\u00e9es de Palermo, la visite se poursuit dans le quartier raffin\u00e9 de Recoleta, connu pour son architecture \u00e9l\u00e9gante et son importance historique. Le point fort de la visite est le cimeti\u00e8re de Recoleta, un mus\u00e9e en plein air pr\u00e9sentant des mausol\u00e9es orn\u00e9s qui abritent les histoires des illustres personnalit\u00e9s argentines, dont Eva Per\u00f3n. Ensuite, vous visiterez le Mus\u00e9e national des beaux-arts, un tr\u00e9sor de chefs-d&#8217;\u0153uvre argentins et internationaux.<\/span><\/p>\n<p><b>L&#8217;El Ateneo Grand Splendid<\/b><span style=\"font-weight: 400;\">, l&#8217;une des plus belles librairies du monde, est une nouveaut\u00e9 de la visite. Cet espace transform\u00e9, qui \u00e9tait autrefois un grand th\u00e9\u00e2tre, a conserv\u00e9 ses fresques d&#8217;origine et ses sculptures ornementales, offrant ainsi un cadre unique aux amateurs de livres et aux passionn\u00e9s d&#8217;architecture. Cette destination ajoute une nouvelle couche de richesse culturelle \u00e0 votre visite, consolidant le statut de Buenos Aires en tant que ville de litt\u00e9rature de l&#8217;UNESCO.<\/span><\/p>\n<p><span style=\"font-weight: 400;\">Ce circuit est l&#8217;un des nombreux circuits priv\u00e9s \u00e0 Buenos Aires propos\u00e9s par Tour Travel and More. Explorez notre gamme de circuits sur mesure sur notre site web Tour Travel and More et <\/span><a href=\"https:\/\/tourtravelandmore.com\/fr\/city\/argentine\/buenos-aires-fr\/\"><span style=\"font-weight: 400;\">d\u00e9couvrez ce que Buenos Aires a de mieux \u00e0 offrir.<\/span><\/a><\/p>\n","protected":false},"excerpt":{"rendered":"<p><span style=\"font-weight: 400;\">Rejoignez-nous pour une visite priv\u00e9e de Palermo et Recoleta, deux des quartiers les plus enchanteurs de Buenos Aires. D\u00e9couvrez la richesse culturelle de Palermo et l&#8217;\u00e9l\u00e9gance de Recoleta, dans le confort d&#8217;un guide et d&#8217;un v\u00e9hicule priv\u00e9s.<\/span><\/p>\n","protected":false},"featured_media":168807,"comment_status":"open","ping_status":"closed","template":"","meta":{"_acf_changed":false},"product_brand":[],"product_cat":[4410,4413,4416,4419],"product_tag":[],"class_list":{"0":"post-168819","1":"product","2":"type-product","3":"status-publish","4":"has-post-thumbnail","6":"product_cat-argentine","7":"product_cat-buenos-aires-fr","8":"product_cat-toutes-les-visites-privees-fr-2","9":"product_cat-visites-touristiques-privees-fr-3","11":"first","12":"instock","13":"shipping-taxable","14":"purchasable","15":"product-type-simple"},"acf":[],"yoast_head":"<!-- This site is optimized with the Yoast SEO Premium plugin v25.3.1 (Yoast SEO v25.3.1) - https:\/\/yoast.com\/wordpress\/plugins\/seo\/ -->\n<title>\u27a1\ufe0f Private Tour of Palermo and Recoleta | Tour Travel and More<\/title>\n<meta name=\"description\" content=\"Embarquez pour une visite priv\u00e9e de Palermo et Recoleta, \u00e0 la d\u00e9couverte de la riche culture et de l&#039;histoire de Buenos Aires avec un guide et un v\u00e9hicule avec chauffeur.\u2705\" \/>\n<meta name=\"robots\" content=\"index, follow, max-snippet:-1, max-image-preview:large, max-video-preview:-1\" \/>\n<link rel=\"canonical\" href=\"https:\/\/tourtravelandmore.com\/fr\/tours\/argentine\/buenos-aires-fr\/toutes-les-visites-privees-fr-2\/visite-privee-de-palermo-et-recoleta\/\" \/>\n<meta property=\"og:locale\" content=\"fr_FR\" \/>\n<meta property=\"og:type\" content=\"article\" \/>\n<meta property=\"og:title\" content=\"Visite priv\u00e9e de Palermo et Recoleta\" \/>\n<meta property=\"og:description\" content=\"Embarquez pour une visite priv\u00e9e de Palermo et Recoleta, \u00e0 la d\u00e9couverte de la riche culture et de l&#039;histoire de Buenos Aires avec un guide et un v\u00e9hicule avec chauffeur.\u2705\" \/>\n<meta property=\"og:url\" content=\"https:\/\/tourtravelandmore.com\/fr\/tours\/argentine\/buenos-aires-fr\/toutes-les-visites-privees-fr-2\/visite-privee-de-palermo-et-recoleta\/\" \/>\n<meta property=\"og:site_name\" content=\"Tour Travel And More\" \/>\n<meta property=\"article:publisher\" content=\"https:\/\/www.facebook.com\/tourtravelandmore\/\" \/>\n<meta property=\"article:modified_time\" content=\"2023-06-09T22:03:17+00:00\" \/>\n<meta property=\"og:image\" content=\"https:\/\/tourtravelandmore.com\/wp-content\/uploads\/2023\/05\/image1-6.jpg\" \/>\n\t<meta property=\"og:image:width\" content=\"950\" \/>\n\t<meta property=\"og:image:height\" content=\"750\" \/>\n\t<meta property=\"og:image:type\" content=\"image\/jpeg\" \/>\n<meta name=\"twitter:card\" content=\"summary_large_image\" \/>\n<meta name=\"twitter:site\" content=\"@TourTravel_More\" \/>\n<meta name=\"twitter:label1\" content=\"Dur\u00e9e de lecture estim\u00e9e\" \/>\n\t<meta name=\"twitter:data1\" content=\"3 minutes\" \/>\n<script type=\"application\/ld+json\" class=\"yoast-schema-graph\">{\"@context\":\"https:\/\/schema.org\",\"@graph\":[{\"@type\":\"WebPage\",\"@id\":\"https:\/\/tourtravelandmore.com\/fr\/tours\/argentine\/buenos-aires-fr\/toutes-les-visites-privees-fr-2\/visite-privee-de-palermo-et-recoleta\/\",\"url\":\"https:\/\/tourtravelandmore.com\/fr\/tours\/argentine\/buenos-aires-fr\/toutes-les-visites-privees-fr-2\/visite-privee-de-palermo-et-recoleta\/\",\"name\":\"\u27a1\ufe0f Private Tour of Palermo and Recoleta | Tour Travel and More\",\"isPartOf\":{\"@id\":\"https:\/\/tourtravelandmore.com\/fr\/#website\"},\"primaryImageOfPage\":{\"@id\":\"https:\/\/tourtravelandmore.com\/fr\/tours\/argentine\/buenos-aires-fr\/toutes-les-visites-privees-fr-2\/visite-privee-de-palermo-et-recoleta\/#primaryimage\"},\"image\":{\"@id\":\"https:\/\/tourtravelandmore.com\/fr\/tours\/argentine\/buenos-aires-fr\/toutes-les-visites-privees-fr-2\/visite-privee-de-palermo-et-recoleta\/#primaryimage\"},\"thumbnailUrl\":\"https:\/\/tourtravelandmore.com\/wp-content\/uploads\/2023\/05\/image1-6.jpg\",\"datePublished\":\"2023-05-29T23:35:21+00:00\",\"dateModified\":\"2023-06-09T22:03:17+00:00\",\"description\":\"Embarquez pour une visite priv\u00e9e de Palermo et Recoleta, \u00e0 la d\u00e9couverte de la riche culture et de l'histoire de Buenos Aires avec un guide et un v\u00e9hicule avec chauffeur.\u2705\",\"breadcrumb\":{\"@id\":\"https:\/\/tourtravelandmore.com\/fr\/tours\/argentine\/buenos-aires-fr\/toutes-les-visites-privees-fr-2\/visite-privee-de-palermo-et-recoleta\/#breadcrumb\"},\"inLanguage\":\"fr-FR\",\"potentialAction\":[{\"@type\":\"ReadAction\",\"target\":[\"https:\/\/tourtravelandmore.com\/fr\/tours\/argentine\/buenos-aires-fr\/toutes-les-visites-privees-fr-2\/visite-privee-de-palermo-et-recoleta\/\"]}]},{\"@type\":\"ImageObject\",\"inLanguage\":\"fr-FR\",\"@id\":\"https:\/\/tourtravelandmore.com\/fr\/tours\/argentine\/buenos-aires-fr\/toutes-les-visites-privees-fr-2\/visite-privee-de-palermo-et-recoleta\/#primaryimage\",\"url\":\"https:\/\/tourtravelandmore.com\/wp-content\/uploads\/2023\/05\/image1-6.jpg\",\"contentUrl\":\"https:\/\/tourtravelandmore.com\/wp-content\/uploads\/2023\/05\/image1-6.jpg\",\"width\":950,\"height\":750},{\"@type\":\"BreadcrumbList\",\"@id\":\"https:\/\/tourtravelandmore.com\/fr\/tours\/argentine\/buenos-aires-fr\/toutes-les-visites-privees-fr-2\/visite-privee-de-palermo-et-recoleta\/#breadcrumb\",\"itemListElement\":[{\"@type\":\"ListItem\",\"position\":1,\"name\":\"Home\",\"item\":\"https:\/\/tourtravelandmore.com\/fr\/\"},{\"@type\":\"ListItem\",\"position\":2,\"name\":\"Tours\",\"item\":\"https:\/\/tourtravelandmore.com\/fr\/tours\/\"},{\"@type\":\"ListItem\",\"position\":3,\"name\":\"Visite priv\u00e9e de Palermo et Recoleta\"}]},{\"@type\":\"WebSite\",\"@id\":\"https:\/\/tourtravelandmore.com\/fr\/#website\",\"url\":\"https:\/\/tourtravelandmore.com\/fr\/\",\"name\":\"Tour Travel And More\",\"description\":\"Private sightseeing tours and luxury transfers in Spain\",\"publisher\":{\"@id\":\"https:\/\/tourtravelandmore.com\/fr\/#organization\"},\"potentialAction\":[{\"@type\":\"SearchAction\",\"target\":{\"@type\":\"EntryPoint\",\"urlTemplate\":\"https:\/\/tourtravelandmore.com\/fr\/?s={search_term_string}\"},\"query-input\":{\"@type\":\"PropertyValueSpecification\",\"valueRequired\":true,\"valueName\":\"search_term_string\"}}],\"inLanguage\":\"fr-FR\"},{\"@type\":\"Organization\",\"@id\":\"https:\/\/tourtravelandmore.com\/fr\/#organization\",\"name\":\"Tour Travel And More\",\"url\":\"https:\/\/tourtravelandmore.com\/fr\/\",\"logo\":{\"@type\":\"ImageObject\",\"inLanguage\":\"fr-FR\",\"@id\":\"https:\/\/tourtravelandmore.com\/fr\/#\/schema\/logo\/image\/\",\"url\":\"https:\/\/tourtravelandmore.com\/wp-content\/uploads\/2022\/12\/cropped-logo-cabecera-new.png\",\"contentUrl\":\"https:\/\/tourtravelandmore.com\/wp-content\/uploads\/2022\/12\/cropped-logo-cabecera-new.png\",\"width\":430,\"height\":61,\"caption\":\"Tour Travel And More\"},\"image\":{\"@id\":\"https:\/\/tourtravelandmore.com\/fr\/#\/schema\/logo\/image\/\"},\"sameAs\":[\"https:\/\/www.facebook.com\/tourtravelandmore\/\",\"https:\/\/x.com\/TourTravel_More\"]}]}<\/script>\n<!-- \/ Yoast SEO Premium plugin. -->","yoast_head_json":{"title":"\u27a1\ufe0f Private Tour of Palermo and Recoleta | Tour Travel and More","description":"Embarquez pour une visite priv\u00e9e de Palermo et Recoleta, \u00e0 la d\u00e9couverte de la riche culture et de l'histoire de Buenos Aires avec un guide et un v\u00e9hicule avec chauffeur.\u2705","robots":{"index":"index","follow":"follow","max-snippet":"max-snippet:-1","max-image-preview":"max-image-preview:large","max-video-preview":"max-video-preview:-1"},"canonical":"https:\/\/tourtravelandmore.com\/fr\/tours\/argentine\/buenos-aires-fr\/toutes-les-visites-privees-fr-2\/visite-privee-de-palermo-et-recoleta\/","og_locale":"fr_FR","og_type":"article","og_title":"Visite priv\u00e9e de Palermo et Recoleta","og_description":"Embarquez pour une visite priv\u00e9e de Palermo et Recoleta, \u00e0 la d\u00e9couverte de la riche culture et de l'histoire de Buenos Aires avec un guide et un v\u00e9hicule avec chauffeur.\u2705","og_url":"https:\/\/tourtravelandmore.com\/fr\/tours\/argentine\/buenos-aires-fr\/toutes-les-visites-privees-fr-2\/visite-privee-de-palermo-et-recoleta\/","og_site_name":"Tour Travel And More","article_publisher":"https:\/\/www.facebook.com\/tourtravelandmore\/","article_modified_time":"2023-06-09T22:03:17+00:00","og_image":[{"width":950,"height":750,"url":"https:\/\/tourtravelandmore.com\/wp-content\/uploads\/2023\/05\/image1-6.jpg","type":"image\/jpeg"}],"twitter_card":"summary_large_image","twitter_site":"@TourTravel_More","twitter_misc":{"Dur\u00e9e de lecture estim\u00e9e":"3 minutes"},"schema":{"@context":"https:\/\/schema.org","@graph":[{"@type":"WebPage","@id":"https:\/\/tourtravelandmore.com\/fr\/tours\/argentine\/buenos-aires-fr\/toutes-les-visites-privees-fr-2\/visite-privee-de-palermo-et-recoleta\/","url":"https:\/\/tourtravelandmore.com\/fr\/tours\/argentine\/buenos-aires-fr\/toutes-les-visites-privees-fr-2\/visite-privee-de-palermo-et-recoleta\/","name":"\u27a1\ufe0f Private Tour of Palermo and Recoleta | Tour Travel and More","isPartOf":{"@id":"https:\/\/tourtravelandmore.com\/fr\/#website"},"primaryImageOfPage":{"@id":"https:\/\/tourtravelandmore.com\/fr\/tours\/argentine\/buenos-aires-fr\/toutes-les-visites-privees-fr-2\/visite-privee-de-palermo-et-recoleta\/#primaryimage"},"image":{"@id":"https:\/\/tourtravelandmore.com\/fr\/tours\/argentine\/buenos-aires-fr\/toutes-les-visites-privees-fr-2\/visite-privee-de-palermo-et-recoleta\/#primaryimage"},"thumbnailUrl":"https:\/\/tourtravelandmore.com\/wp-content\/uploads\/2023\/05\/image1-6.jpg","datePublished":"2023-05-29T23:35:21+00:00","dateModified":"2023-06-09T22:03:17+00:00","description":"Embarquez pour une visite priv\u00e9e de Palermo et Recoleta, \u00e0 la d\u00e9couverte de la riche culture et de l'histoire de Buenos Aires avec un guide et un v\u00e9hicule avec chauffeur.\u2705","breadcrumb":{"@id":"https:\/\/tourtravelandmore.com\/fr\/tours\/argentine\/buenos-aires-fr\/toutes-les-visites-privees-fr-2\/visite-privee-de-palermo-et-recoleta\/#breadcrumb"},"inLanguage":"fr-FR","potentialAction":[{"@type":"ReadAction","target":["https:\/\/tourtravelandmore.com\/fr\/tours\/argentine\/buenos-aires-fr\/toutes-les-visites-privees-fr-2\/visite-privee-de-palermo-et-recoleta\/"]}]},{"@type":"ImageObject","inLanguage":"fr-FR","@id":"https:\/\/tourtravelandmore.com\/fr\/tours\/argentine\/buenos-aires-fr\/toutes-les-visites-privees-fr-2\/visite-privee-de-palermo-et-recoleta\/#primaryimage","url":"https:\/\/tourtravelandmore.com\/wp-content\/uploads\/2023\/05\/image1-6.jpg","contentUrl":"https:\/\/tourtravelandmore.com\/wp-content\/uploads\/2023\/05\/image1-6.jpg","width":950,"height":750},{"@type":"BreadcrumbList","@id":"https:\/\/tourtravelandmore.com\/fr\/tours\/argentine\/buenos-aires-fr\/toutes-les-visites-privees-fr-2\/visite-privee-de-palermo-et-recoleta\/#breadcrumb","itemListElement":[{"@type":"ListItem","position":1,"name":"Home","item":"https:\/\/tourtravelandmore.com\/fr\/"},{"@type":"ListItem","position":2,"name":"Tours","item":"https:\/\/tourtravelandmore.com\/fr\/tours\/"},{"@type":"ListItem","position":3,"name":"Visite priv\u00e9e de Palermo et Recoleta"}]},{"@type":"WebSite","@id":"https:\/\/tourtravelandmore.com\/fr\/#website","url":"https:\/\/tourtravelandmore.com\/fr\/","name":"Tour Travel And More","description":"Private sightseeing tours and luxury transfers in Spain","publisher":{"@id":"https:\/\/tourtravelandmore.com\/fr\/#organization"},"potentialAction":[{"@type":"SearchAction","target":{"@type":"EntryPoint","urlTemplate":"https:\/\/tourtravelandmore.com\/fr\/?s={search_term_string}"},"query-input":{"@type":"PropertyValueSpecification","valueRequired":true,"valueName":"search_term_string"}}],"inLanguage":"fr-FR"},{"@type":"Organization","@id":"https:\/\/tourtravelandmore.com\/fr\/#organization","name":"Tour Travel And More","url":"https:\/\/tourtravelandmore.com\/fr\/","logo":{"@type":"ImageObject","inLanguage":"fr-FR","@id":"https:\/\/tourtravelandmore.com\/fr\/#\/schema\/logo\/image\/","url":"https:\/\/tourtravelandmore.com\/wp-content\/uploads\/2022\/12\/cropped-logo-cabecera-new.png","contentUrl":"https:\/\/tourtravelandmore.com\/wp-content\/uploads\/2022\/12\/cropped-logo-cabecera-new.png","width":430,"height":61,"caption":"Tour Travel And More"},"image":{"@id":"https:\/\/tourtravelandmore.com\/fr\/#\/schema\/logo\/image\/"},"sameAs":["https:\/\/www.facebook.com\/tourtravelandmore\/","https:\/\/x.com\/TourTravel_More"]}]}},"_links":{"self":[{"href":"https:\/\/tourtravelandmore.com\/fr\/wp-json\/wp\/v2\/product\/168819","targetHints":{"allow":["GET"]}}],"collection":[{"href":"https:\/\/tourtravelandmore.com\/fr\/wp-json\/wp\/v2\/product"}],"about":[{"href":"https:\/\/tourtravelandmore.com\/fr\/wp-json\/wp\/v2\/types\/product"}],"replies":[{"embeddable":true,"href":"https:\/\/tourtravelandmore.com\/fr\/wp-json\/wp\/v2\/comments?post=168819"}],"wp:featuredmedia":[{"embeddable":true,"href":"https:\/\/tourtravelandmore.com\/fr\/wp-json\/wp\/v2\/media\/168807"}],"wp:attachment":[{"href":"https:\/\/tourtravelandmore.com\/fr\/wp-json\/wp\/v2\/media?parent=168819"}],"wp:term":[{"taxonomy":"product_brand","embeddable":true,"href":"https:\/\/tourtravelandmore.com\/fr\/wp-json\/wp\/v2\/product_brand?post=168819"},{"taxonomy":"product_cat","embeddable":true,"href":"https:\/\/tourtravelandmore.com\/fr\/wp-json\/wp\/v2\/product_cat?post=168819"},{"taxonomy":"product_tag","embeddable":true,"href":"https:\/\/tourtravelandmore.com\/fr\/wp-json\/wp\/v2\/product_tag?post=168819"}],"curies":[{"name":"wp","href":"https:\/\/api.w.org\/{rel}","templated":true}]}}