{"id":168803,"date":"2023-05-30T01:18:54","date_gmt":"2023-05-29T23:22:01","guid":{"rendered":"https:\/\/tourtravelandmore.com\/?post_type=product&#038;p=168803"},"modified":"2023-08-17T21:09:34","modified_gmt":"2023-08-17T19:09:34","slug":"visite-privee-de-san-telmo-et-la-boca","status":"publish","type":"product","link":"https:\/\/tourtravelandmore.com\/fr\/tours\/argentine\/buenos-aires-fr\/toutes-les-visites-privees-fr-2\/visite-privee-de-san-telmo-et-la-boca\/","title":{"rendered":"Visite priv\u00e9e de San Telmo et La Boca"},"content":{"rendered":"<h2><b>Description de la visite priv\u00e9e de San Telmo et La Boca<\/b><\/h2>\n<p><span style=\"font-weight: 400;\">Embarquez pour un voyage fascinant \u00e0 travers les quartiers captivants de San Telmo et de La Boca, \u00e0 Buenos Aires, avec Tour Travel and More. Cette visite priv\u00e9e de 4 \u00e0 5 heures, anim\u00e9e par notre guide comp\u00e9tent, vous plongera dans la riche tapisserie d&#8217;art, de culture et d&#8217;histoire de la ville. Dans le confort d&#8217;un v\u00e9hicule de luxe, vous explorerez les rues anim\u00e9es et les merveilles architecturales qui rendent ces quartiers uniques. D\u00e9couvrez la v\u00e9ritable essence de Buenos Aires, des boutiques d&#8217;antiquit\u00e9s et des b\u00e2timents coloniaux de San Telmo \u00e0 la rue color\u00e9e Caminito de La Boca, en passant par les salles de tango pleines de passion. Cette visite ne promet pas seulement une exp\u00e9rience touristique, mais une rencontre intime avec l&#8217;\u00e2me de la ville, qui laissera des souvenirs imp\u00e9rissables.<\/span><\/p>\n<h2><b>Visite priv\u00e9e des points d&#8217;int\u00e9r\u00eat de San Telmo et de La Boca<\/b><\/h2>\n<p><span style=\"font-weight: 400;\">D\u00e9couvrez l&#8217;attrait unique de San Telmo et de La Boca avec notre guide perspicace, en parcourant les principaux points d&#8217;int\u00e9r\u00eat de ces quartiers. Laissez-vous captiver par la danse anim\u00e9e des couleurs et de la culture, de l&#8217;architecture de l&#8217;\u00e9poque coloniale richement pr\u00e9serv\u00e9e de San Telmo et des march\u00e9s anim\u00e9s, bourdonnant de l&#8217;\u00e9nergie des antiquaires et des artisans, \u00e0 la vibrante rue Caminito de La Boca, anim\u00e9e par le rythme du tango. Votre voyage sera enrichi par les r\u00e9cits et les anecdotes que votre guide priv\u00e9 partagera, mettant en lumi\u00e8re l&#8217;histoire et la vie locale, donnant de la profondeur au spectacle visuel qui vous entoure. Chaque \u00e9tape \u00e9tant minutieusement choisie pour offrir une exp\u00e9rience holistique, ce circuit est plus qu&#8217;une simple visite, c&#8217;est une exploration de l&#8217;\u00e2me vibrante de Buenos Aires.<\/span><\/p>\n<p><b>San Telmo :<\/b><span style=\"font-weight: 400;\"> Embarquez pour un voyage dans le pass\u00e9 de Buenos Aires en vous promenant dans les pittoresques rues pav\u00e9es de San Telmo. Ce quartier, r\u00e9put\u00e9 pour son architecture coloniale bien pr\u00e9serv\u00e9e, est un t\u00e9moignage vivant de la riche histoire de la ville. Visitez le march\u00e9 anim\u00e9 de San Telmo, un tr\u00e9sor d&#8217;antiquit\u00e9s, d&#8217;artisanat et de produits locaux. Aventurez-vous sur la place Dorrego, point central du quartier, o\u00f9 se produisent des artistes de rue et o\u00f9 les trottoirs sont bord\u00e9s de caf\u00e9s. Votre guide vous racontera le pass\u00e9 boh\u00e8me de San Telmo, son \u00e9volution en tant que havre de paix pour les artistes et son lien durable avec la danse passionn\u00e9e du tango.<\/span><\/p>\n<p><b>La Boca :<\/b><span style=\"font-weight: 400;\"> Plongez dans les couleurs vives et l&#8217;\u00e9nergie palpitante de La Boca. Le c\u0153ur du quartier bat le long de la rue Caminito, vibrant t\u00e9moignage de l&#8217;esprit artistique de la r\u00e9gion, de ses maisons orn\u00e9es d&#8217;un kal\u00e9idoscope de couleurs et de l&#8217;air empli du rythme du tango. \u00c9merveillez-vous devant le l\u00e9gendaire stade La Bombonera, qui abrite le c\u00e9l\u00e8bre club de football Boca Juniors. Au fil de votre exploration, votre guide vous d\u00e9voilera la riche tapisserie de l&#8217;h\u00e9ritage culturel, les origines de l&#8217;architecture caract\u00e9ristique du quartier et la fervente culture du football qui constitue le fondement de l&#8217;identit\u00e9 unique de La Boca.<\/span><\/p>\n<p><span style=\"font-weight: 400;\">Pour ceux qui souhaitent approfondir la riche tapisserie de Buenos Aires, Tour Travel and More propose une gamme de visites priv\u00e9es explorant les autres quartiers fascinants de la ville. Avec nos guides experts, vous pourrez <\/span><a href=\"https:\/\/tourtravelandmore.com\/fr\/city\/argentine\/buenos-aires-fr\/\"><span style=\"font-weight: 400;\">d\u00e9couvrir l&#8217;histoire, la culture et l&#8217;architecture de Buenos Aires.<\/span><\/a><span style=\"font-weight: 400;\"> Visitez notre site Web pour d\u00e9couvrir l&#8217;\u00e9ventail des visites que nous proposons et pour r\u00e9server votre prochaine visite priv\u00e9e.<\/span><\/p>\n","protected":false},"excerpt":{"rendered":"<p><span style=\"font-weight: 400;\">Embarquez pour un voyage priv\u00e9 dans le c\u0153ur historique de Buenos Aires, \u00e0 la d\u00e9couverte des quartiers anim\u00e9s de San Telmo et de La Boca. D\u00e9couvrez leur charme unique, leur patrimoine culturel et leurs sites captivants avec Tour Travel and More.<\/span><\/p>\n","protected":false},"featured_media":168794,"comment_status":"open","ping_status":"closed","template":"","meta":{"_acf_changed":false},"product_brand":[],"product_cat":[4410,4413,4416,4419],"product_tag":[],"class_list":{"0":"post-168803","1":"product","2":"type-product","3":"status-publish","4":"has-post-thumbnail","6":"product_cat-argentine","7":"product_cat-buenos-aires-fr","8":"product_cat-toutes-les-visites-privees-fr-2","9":"product_cat-visites-touristiques-privees-fr-3","11":"first","12":"instock","13":"shipping-taxable","14":"purchasable","15":"product-type-simple"},"acf":[],"yoast_head":"<!-- This site is optimized with the Yoast SEO Premium plugin v25.3.1 (Yoast SEO v25.3.1) - https:\/\/yoast.com\/wordpress\/plugins\/seo\/ -->\n<title>\u27a1\ufe0f Visite priv\u00e9e de San Telmo et La Boca avec Tour Travel and More<\/title>\n<meta name=\"description\" content=\"Explorez les quartiers anim\u00e9s de San Telmo et de La Boca lors d&#039;une visite priv\u00e9e avec Tour Travel and More. D\u00e9couvrez le patrimoine culturel et le charme unique de Buenos Aires \u2705\" \/>\n<meta name=\"robots\" content=\"index, follow, max-snippet:-1, max-image-preview:large, max-video-preview:-1\" \/>\n<link rel=\"canonical\" href=\"https:\/\/tourtravelandmore.com\/fr\/tours\/argentine\/buenos-aires-fr\/toutes-les-visites-privees-fr-2\/visite-privee-de-san-telmo-et-la-boca\/\" \/>\n<meta property=\"og:locale\" content=\"fr_FR\" \/>\n<meta property=\"og:type\" content=\"article\" \/>\n<meta property=\"og:title\" content=\"Visite priv\u00e9e de San Telmo et La Boca\" \/>\n<meta property=\"og:description\" content=\"Explorez les quartiers anim\u00e9s de San Telmo et de La Boca lors d&#039;une visite priv\u00e9e avec Tour Travel and More. D\u00e9couvrez le patrimoine culturel et le charme unique de Buenos Aires \u2705\" \/>\n<meta property=\"og:url\" content=\"https:\/\/tourtravelandmore.com\/fr\/tours\/argentine\/buenos-aires-fr\/toutes-les-visites-privees-fr-2\/visite-privee-de-san-telmo-et-la-boca\/\" \/>\n<meta property=\"og:site_name\" content=\"Tour Travel And More\" \/>\n<meta property=\"article:publisher\" content=\"https:\/\/www.facebook.com\/tourtravelandmore\/\" \/>\n<meta property=\"article:modified_time\" content=\"2023-08-17T19:09:34+00:00\" \/>\n<meta property=\"og:image\" content=\"https:\/\/tourtravelandmore.com\/wp-content\/uploads\/2023\/05\/image2-5.jpg\" \/>\n\t<meta property=\"og:image:width\" content=\"950\" \/>\n\t<meta property=\"og:image:height\" content=\"750\" \/>\n\t<meta property=\"og:image:type\" content=\"image\/jpeg\" \/>\n<meta name=\"twitter:card\" content=\"summary_large_image\" \/>\n<meta name=\"twitter:site\" content=\"@TourTravel_More\" \/>\n<meta name=\"twitter:label1\" content=\"Dur\u00e9e de lecture estim\u00e9e\" \/>\n\t<meta name=\"twitter:data1\" content=\"3 minutes\" \/>\n<script type=\"application\/ld+json\" class=\"yoast-schema-graph\">{\"@context\":\"https:\/\/schema.org\",\"@graph\":[{\"@type\":\"WebPage\",\"@id\":\"https:\/\/tourtravelandmore.com\/fr\/tours\/argentine\/buenos-aires-fr\/toutes-les-visites-privees-fr-2\/visite-privee-de-san-telmo-et-la-boca\/\",\"url\":\"https:\/\/tourtravelandmore.com\/fr\/tours\/argentine\/buenos-aires-fr\/toutes-les-visites-privees-fr-2\/visite-privee-de-san-telmo-et-la-boca\/\",\"name\":\"\u27a1\ufe0f Visite priv\u00e9e de San Telmo et La Boca avec Tour Travel and More\",\"isPartOf\":{\"@id\":\"https:\/\/tourtravelandmore.com\/fr\/#website\"},\"primaryImageOfPage\":{\"@id\":\"https:\/\/tourtravelandmore.com\/fr\/tours\/argentine\/buenos-aires-fr\/toutes-les-visites-privees-fr-2\/visite-privee-de-san-telmo-et-la-boca\/#primaryimage\"},\"image\":{\"@id\":\"https:\/\/tourtravelandmore.com\/fr\/tours\/argentine\/buenos-aires-fr\/toutes-les-visites-privees-fr-2\/visite-privee-de-san-telmo-et-la-boca\/#primaryimage\"},\"thumbnailUrl\":\"https:\/\/tourtravelandmore.com\/wp-content\/uploads\/2023\/05\/image2-5.jpg\",\"datePublished\":\"2023-05-29T23:22:01+00:00\",\"dateModified\":\"2023-08-17T19:09:34+00:00\",\"description\":\"Explorez les quartiers anim\u00e9s de San Telmo et de La Boca lors d'une visite priv\u00e9e avec Tour Travel and More. D\u00e9couvrez le patrimoine culturel et le charme unique de Buenos Aires \u2705\",\"breadcrumb\":{\"@id\":\"https:\/\/tourtravelandmore.com\/fr\/tours\/argentine\/buenos-aires-fr\/toutes-les-visites-privees-fr-2\/visite-privee-de-san-telmo-et-la-boca\/#breadcrumb\"},\"inLanguage\":\"fr-FR\",\"potentialAction\":[{\"@type\":\"ReadAction\",\"target\":[\"https:\/\/tourtravelandmore.com\/fr\/tours\/argentine\/buenos-aires-fr\/toutes-les-visites-privees-fr-2\/visite-privee-de-san-telmo-et-la-boca\/\"]}]},{\"@type\":\"ImageObject\",\"inLanguage\":\"fr-FR\",\"@id\":\"https:\/\/tourtravelandmore.com\/fr\/tours\/argentine\/buenos-aires-fr\/toutes-les-visites-privees-fr-2\/visite-privee-de-san-telmo-et-la-boca\/#primaryimage\",\"url\":\"https:\/\/tourtravelandmore.com\/wp-content\/uploads\/2023\/05\/image2-5.jpg\",\"contentUrl\":\"https:\/\/tourtravelandmore.com\/wp-content\/uploads\/2023\/05\/image2-5.jpg\",\"width\":950,\"height\":750},{\"@type\":\"BreadcrumbList\",\"@id\":\"https:\/\/tourtravelandmore.com\/fr\/tours\/argentine\/buenos-aires-fr\/toutes-les-visites-privees-fr-2\/visite-privee-de-san-telmo-et-la-boca\/#breadcrumb\",\"itemListElement\":[{\"@type\":\"ListItem\",\"position\":1,\"name\":\"Home\",\"item\":\"https:\/\/tourtravelandmore.com\/fr\/\"},{\"@type\":\"ListItem\",\"position\":2,\"name\":\"Tours\",\"item\":\"https:\/\/tourtravelandmore.com\/fr\/tours\/\"},{\"@type\":\"ListItem\",\"position\":3,\"name\":\"Visite priv\u00e9e de San Telmo et La Boca\"}]},{\"@type\":\"WebSite\",\"@id\":\"https:\/\/tourtravelandmore.com\/fr\/#website\",\"url\":\"https:\/\/tourtravelandmore.com\/fr\/\",\"name\":\"Tour Travel And More\",\"description\":\"Private sightseeing tours and luxury transfers in Spain\",\"publisher\":{\"@id\":\"https:\/\/tourtravelandmore.com\/fr\/#organization\"},\"potentialAction\":[{\"@type\":\"SearchAction\",\"target\":{\"@type\":\"EntryPoint\",\"urlTemplate\":\"https:\/\/tourtravelandmore.com\/fr\/?s={search_term_string}\"},\"query-input\":{\"@type\":\"PropertyValueSpecification\",\"valueRequired\":true,\"valueName\":\"search_term_string\"}}],\"inLanguage\":\"fr-FR\"},{\"@type\":\"Organization\",\"@id\":\"https:\/\/tourtravelandmore.com\/fr\/#organization\",\"name\":\"Tour Travel And More\",\"url\":\"https:\/\/tourtravelandmore.com\/fr\/\",\"logo\":{\"@type\":\"ImageObject\",\"inLanguage\":\"fr-FR\",\"@id\":\"https:\/\/tourtravelandmore.com\/fr\/#\/schema\/logo\/image\/\",\"url\":\"https:\/\/tourtravelandmore.com\/wp-content\/uploads\/2022\/12\/cropped-logo-cabecera-new.png\",\"contentUrl\":\"https:\/\/tourtravelandmore.com\/wp-content\/uploads\/2022\/12\/cropped-logo-cabecera-new.png\",\"width\":430,\"height\":61,\"caption\":\"Tour Travel And More\"},\"image\":{\"@id\":\"https:\/\/tourtravelandmore.com\/fr\/#\/schema\/logo\/image\/\"},\"sameAs\":[\"https:\/\/www.facebook.com\/tourtravelandmore\/\",\"https:\/\/x.com\/TourTravel_More\"]}]}<\/script>\n<!-- \/ Yoast SEO Premium plugin. -->","yoast_head_json":{"title":"\u27a1\ufe0f Visite priv\u00e9e de San Telmo et La Boca avec Tour Travel and More","description":"Explorez les quartiers anim\u00e9s de San Telmo et de La Boca lors d'une visite priv\u00e9e avec Tour Travel and More. D\u00e9couvrez le patrimoine culturel et le charme unique de Buenos Aires \u2705","robots":{"index":"index","follow":"follow","max-snippet":"max-snippet:-1","max-image-preview":"max-image-preview:large","max-video-preview":"max-video-preview:-1"},"canonical":"https:\/\/tourtravelandmore.com\/fr\/tours\/argentine\/buenos-aires-fr\/toutes-les-visites-privees-fr-2\/visite-privee-de-san-telmo-et-la-boca\/","og_locale":"fr_FR","og_type":"article","og_title":"Visite priv\u00e9e de San Telmo et La Boca","og_description":"Explorez les quartiers anim\u00e9s de San Telmo et de La Boca lors d'une visite priv\u00e9e avec Tour Travel and More. D\u00e9couvrez le patrimoine culturel et le charme unique de Buenos Aires \u2705","og_url":"https:\/\/tourtravelandmore.com\/fr\/tours\/argentine\/buenos-aires-fr\/toutes-les-visites-privees-fr-2\/visite-privee-de-san-telmo-et-la-boca\/","og_site_name":"Tour Travel And More","article_publisher":"https:\/\/www.facebook.com\/tourtravelandmore\/","article_modified_time":"2023-08-17T19:09:34+00:00","og_image":[{"width":950,"height":750,"url":"https:\/\/tourtravelandmore.com\/wp-content\/uploads\/2023\/05\/image2-5.jpg","type":"image\/jpeg"}],"twitter_card":"summary_large_image","twitter_site":"@TourTravel_More","twitter_misc":{"Dur\u00e9e de lecture estim\u00e9e":"3 minutes"},"schema":{"@context":"https:\/\/schema.org","@graph":[{"@type":"WebPage","@id":"https:\/\/tourtravelandmore.com\/fr\/tours\/argentine\/buenos-aires-fr\/toutes-les-visites-privees-fr-2\/visite-privee-de-san-telmo-et-la-boca\/","url":"https:\/\/tourtravelandmore.com\/fr\/tours\/argentine\/buenos-aires-fr\/toutes-les-visites-privees-fr-2\/visite-privee-de-san-telmo-et-la-boca\/","name":"\u27a1\ufe0f Visite priv\u00e9e de San Telmo et La Boca avec Tour Travel and More","isPartOf":{"@id":"https:\/\/tourtravelandmore.com\/fr\/#website"},"primaryImageOfPage":{"@id":"https:\/\/tourtravelandmore.com\/fr\/tours\/argentine\/buenos-aires-fr\/toutes-les-visites-privees-fr-2\/visite-privee-de-san-telmo-et-la-boca\/#primaryimage"},"image":{"@id":"https:\/\/tourtravelandmore.com\/fr\/tours\/argentine\/buenos-aires-fr\/toutes-les-visites-privees-fr-2\/visite-privee-de-san-telmo-et-la-boca\/#primaryimage"},"thumbnailUrl":"https:\/\/tourtravelandmore.com\/wp-content\/uploads\/2023\/05\/image2-5.jpg","datePublished":"2023-05-29T23:22:01+00:00","dateModified":"2023-08-17T19:09:34+00:00","description":"Explorez les quartiers anim\u00e9s de San Telmo et de La Boca lors d'une visite priv\u00e9e avec Tour Travel and More. D\u00e9couvrez le patrimoine culturel et le charme unique de Buenos Aires \u2705","breadcrumb":{"@id":"https:\/\/tourtravelandmore.com\/fr\/tours\/argentine\/buenos-aires-fr\/toutes-les-visites-privees-fr-2\/visite-privee-de-san-telmo-et-la-boca\/#breadcrumb"},"inLanguage":"fr-FR","potentialAction":[{"@type":"ReadAction","target":["https:\/\/tourtravelandmore.com\/fr\/tours\/argentine\/buenos-aires-fr\/toutes-les-visites-privees-fr-2\/visite-privee-de-san-telmo-et-la-boca\/"]}]},{"@type":"ImageObject","inLanguage":"fr-FR","@id":"https:\/\/tourtravelandmore.com\/fr\/tours\/argentine\/buenos-aires-fr\/toutes-les-visites-privees-fr-2\/visite-privee-de-san-telmo-et-la-boca\/#primaryimage","url":"https:\/\/tourtravelandmore.com\/wp-content\/uploads\/2023\/05\/image2-5.jpg","contentUrl":"https:\/\/tourtravelandmore.com\/wp-content\/uploads\/2023\/05\/image2-5.jpg","width":950,"height":750},{"@type":"BreadcrumbList","@id":"https:\/\/tourtravelandmore.com\/fr\/tours\/argentine\/buenos-aires-fr\/toutes-les-visites-privees-fr-2\/visite-privee-de-san-telmo-et-la-boca\/#breadcrumb","itemListElement":[{"@type":"ListItem","position":1,"name":"Home","item":"https:\/\/tourtravelandmore.com\/fr\/"},{"@type":"ListItem","position":2,"name":"Tours","item":"https:\/\/tourtravelandmore.com\/fr\/tours\/"},{"@type":"ListItem","position":3,"name":"Visite priv\u00e9e de San Telmo et La Boca"}]},{"@type":"WebSite","@id":"https:\/\/tourtravelandmore.com\/fr\/#website","url":"https:\/\/tourtravelandmore.com\/fr\/","name":"Tour Travel And More","description":"Private sightseeing tours and luxury transfers in Spain","publisher":{"@id":"https:\/\/tourtravelandmore.com\/fr\/#organization"},"potentialAction":[{"@type":"SearchAction","target":{"@type":"EntryPoint","urlTemplate":"https:\/\/tourtravelandmore.com\/fr\/?s={search_term_string}"},"query-input":{"@type":"PropertyValueSpecification","valueRequired":true,"valueName":"search_term_string"}}],"inLanguage":"fr-FR"},{"@type":"Organization","@id":"https:\/\/tourtravelandmore.com\/fr\/#organization","name":"Tour Travel And More","url":"https:\/\/tourtravelandmore.com\/fr\/","logo":{"@type":"ImageObject","inLanguage":"fr-FR","@id":"https:\/\/tourtravelandmore.com\/fr\/#\/schema\/logo\/image\/","url":"https:\/\/tourtravelandmore.com\/wp-content\/uploads\/2022\/12\/cropped-logo-cabecera-new.png","contentUrl":"https:\/\/tourtravelandmore.com\/wp-content\/uploads\/2022\/12\/cropped-logo-cabecera-new.png","width":430,"height":61,"caption":"Tour Travel And More"},"image":{"@id":"https:\/\/tourtravelandmore.com\/fr\/#\/schema\/logo\/image\/"},"sameAs":["https:\/\/www.facebook.com\/tourtravelandmore\/","https:\/\/x.com\/TourTravel_More"]}]}},"_links":{"self":[{"href":"https:\/\/tourtravelandmore.com\/fr\/wp-json\/wp\/v2\/product\/168803","targetHints":{"allow":["GET"]}}],"collection":[{"href":"https:\/\/tourtravelandmore.com\/fr\/wp-json\/wp\/v2\/product"}],"about":[{"href":"https:\/\/tourtravelandmore.com\/fr\/wp-json\/wp\/v2\/types\/product"}],"replies":[{"embeddable":true,"href":"https:\/\/tourtravelandmore.com\/fr\/wp-json\/wp\/v2\/comments?post=168803"}],"wp:featuredmedia":[{"embeddable":true,"href":"https:\/\/tourtravelandmore.com\/fr\/wp-json\/wp\/v2\/media\/168794"}],"wp:attachment":[{"href":"https:\/\/tourtravelandmore.com\/fr\/wp-json\/wp\/v2\/media?parent=168803"}],"wp:term":[{"taxonomy":"product_brand","embeddable":true,"href":"https:\/\/tourtravelandmore.com\/fr\/wp-json\/wp\/v2\/product_brand?post=168803"},{"taxonomy":"product_cat","embeddable":true,"href":"https:\/\/tourtravelandmore.com\/fr\/wp-json\/wp\/v2\/product_cat?post=168803"},{"taxonomy":"product_tag","embeddable":true,"href":"https:\/\/tourtravelandmore.com\/fr\/wp-json\/wp\/v2\/product_tag?post=168803"}],"curies":[{"name":"wp","href":"https:\/\/api.w.org\/{rel}","templated":true}]}}