{"id":168787,"date":"2023-05-30T01:08:36","date_gmt":"2023-05-29T23:12:43","guid":{"rendered":"https:\/\/tourtravelandmore.com\/?post_type=product&#038;p=168787"},"modified":"2023-08-17T21:26:27","modified_gmt":"2023-08-17T19:26:27","slug":"visite-privee-a-pied-de-la-boca","status":"publish","type":"product","link":"https:\/\/tourtravelandmore.com\/fr\/tours\/argentine\/buenos-aires-fr\/toutes-les-visites-privees-fr-2\/visite-privee-a-pied-de-la-boca\/","title":{"rendered":"Visite priv\u00e9e \u00e0 pied de La Boca"},"content":{"rendered":"<h2><b>Description de l&#8217;excursion priv\u00e9e de La Boca :<\/b><\/h2>\n<p><span style=\"font-weight: 400;\">Absolument, d\u00e9veloppons davantage. \u00c0 chaque pas dans les rues pav\u00e9es, vous sentirez le pouls de La Boca, un quartier qui a inspir\u00e9 d&#8217;innombrables artistes, musiciens et po\u00e8tes au fil des si\u00e8cles. De la vibrante rue Caminito, avec son mus\u00e9e en plein air, aux danseurs de tango qui se produisent dans les espaces publics, cette visite promet une exp\u00e9rience riche et immersive. En vous enfon\u00e7ant dans les ruelles, votre guide vous racontera les r\u00eaves et la t\u00e9nacit\u00e9 des immigrants qui ont fa\u00e7onn\u00e9 La Boca, faisant d&#8217;elle un symbole de r\u00e9silience et de diversit\u00e9 culturelle. Il ne s&#8217;agit pas d&#8217;une simple visite, mais d&#8217;un voyage dans l&#8217;\u00e2me m\u00eame de Buenos Aires.<\/span><\/p>\n<h2><b>Visite priv\u00e9e \u00e0 pied des points d&#8217;int\u00e9r\u00eat de La Boca :<\/b><\/h2>\n<p><span style=\"font-weight: 400;\">ndeed, l&#8217;esprit vibrant de La Boca n&#8217;est pas seulement encapsul\u00e9 dans ses attractions embl\u00e9matiques, mais il impr\u00e8gne chaque coin de ce quartier enchanteur. L&#8217;un des \u00e9l\u00e9ments les plus captivants de La Boca est sa sc\u00e8ne artistique de rue florissante. Le quartier sert de toile ext\u00e9rieure, avec des peintures murales et des graffitis qui transforment des murs ordinaires en expressions dynamiques de la culture et de l&#8217;histoire locales. Chaque \u0153uvre d&#8217;art raconte une histoire unique, ajoutant une nouvelle couche \u00e0 la riche tapisserie du quartier.<\/span><\/p>\n<p><span style=\"font-weight: 400;\">En explorant les rues de La Boca, votre guide attirera votre attention sur les joyaux historiques et architecturaux souvent m\u00e9connus qui se trouvent dans le quartier. Du charme intemporel des tavernes centenaires, o\u00f9 les habitants partagent des histoires autour d&#8217;un verre de Malbec, aux rythmes palpitants qui r\u00e9sonnent dans les salles de tango traditionnelles, La Boca est un t\u00e9moignage vivant de l&#8217;h\u00e9ritage culturel vibrant de l&#8217;Argentine.<\/span><\/p>\n<p><span style=\"font-weight: 400;\">Au-del\u00e0 des fa\u00e7ades peintes et des danseurs de tango, La Boca abrite \u00e9galement des ateliers d&#8217;artisans, des march\u00e9s locaux et des parrillas traditionnelles (restaurants \u00e0 grillades) servant une d\u00e9licieuse cuisine argentine. Votre guide vous fera d\u00e9couvrir ces tr\u00e9sors cach\u00e9s et vous plongera dans le quotidien authentique des habitants de La Boca.<\/span><\/p>\n<p><span style=\"font-weight: 400;\">Cette visite est plus qu&#8217;une simple promenade, c&#8217;est un voyage sensoriel au c\u0153ur de La Boca. \u00c0 chaque pas, vous serez entra\u00een\u00e9 plus profond\u00e9ment dans le r\u00e9cit fascinant de la culture, de l&#8217;histoire et de la vie argentines, faisant de votre exploration de La Boca une exp\u00e9rience inoubliable.<\/span><\/p>\n<p><b>La rue Caminito :<\/b><span style=\"font-weight: 400;\"> Cette rue pi\u00e9tonne embl\u00e9matique est le c\u0153ur et l&#8217;\u00e2me de La Boca. C\u00e9l\u00e8bre pour ses maisons peintes de couleurs vives, ses march\u00e9s artisanaux anim\u00e9s et ses spectacles de tango, la rue Caminito capture l&#8217;essence de l&#8217;esprit boh\u00e8me de Buenos Aires. Pendant que vous serpentez dans ce mus\u00e9e vivant, votre guide vous \u00e9clairera sur son pass\u00e9, soulignant ses humbles d\u00e9buts en tant que voie ferr\u00e9e et son \u00e9volution en tant que symbole culturel de la ville. Chaque coin de cette rue regorge d&#8217;art, d&#8217;histoire et de traditions locales, ce qui en fait un lieu incontournable de votre visite.<\/span><\/p>\n<p><b>Stade La Bombonera : <\/b><span style=\"font-weight: 400;\">Le stade Alberto J. Armando, plus connu sous le nom de La Bombonera, est plus qu&#8217;un simple stade de football ; c&#8217;est un t\u00e9moignage de la passion \u00e9ternelle des Argentins pour le football. En tant qu&#8217;enceinte du club de football de Boca Juniors, ce stade r\u00e9sonne de l&#8217;\u00e9nergie et de l&#8217;esprit des &#8220;bosteros&#8221; passionn\u00e9s. Au cours de votre visite, votre guide vous fera d\u00e9couvrir l&#8217;histoire captivante de ce stade l\u00e9gendaire, de ses illustres joueurs et de la fa\u00e7on dont il est devenu un symbole d\u00e9terminant du caract\u00e8re de La Boca.<\/span><\/p>\n<p><span style=\"font-weight: 400;\">Prolongez votre exploration de Buenos Aires avec Tour Travel and More. Nous proposons une gamme vari\u00e9e de visites priv\u00e9es qui plongent au c\u0153ur des quartiers les plus captivants de la ville. Chaque visite est con\u00e7ue pour vous immerger dans la riche tapisserie culturelle de Buenos Aires, en d\u00e9couvrant son histoire, ses traditions et sa beaut\u00e9 architecturale \u00e0 travers les yeux de nos guides comp\u00e9tents. Pour en savoir plus sur nos offres et<\/span> <a href=\"https:\/\/tourtravelandmore.com\/fr\/city\/argentine\/buenos-aires-fr\/\"><span style=\"font-weight: 400;\">r\u00e9server votre prochain voyage inoubliable.<\/span><\/a><\/p>\n","protected":false},"excerpt":{"rendered":"<p><span style=\"font-weight: 400;\">D\u00e9couvrez les couleurs vives, la riche histoire et le charme culturel de La Boca lors d&#8217;une visite priv\u00e9e \u00e0 pied. Explorez la rue Caminito, le stade La Bombonera et d&#8217;autres points forts de ce quartier embl\u00e9matique de Buenos Aires en compagnie d&#8217;un guide expert.<\/span><\/p>\n","protected":false},"featured_media":168784,"comment_status":"open","ping_status":"closed","template":"","meta":{"_acf_changed":false},"product_brand":[],"product_cat":[4410,4413,4416,4422],"product_tag":[],"class_list":{"0":"post-168787","1":"product","2":"type-product","3":"status-publish","4":"has-post-thumbnail","6":"product_cat-argentine","7":"product_cat-buenos-aires-fr","8":"product_cat-toutes-les-visites-privees-fr-2","9":"product_cat-visites-privees-a-pied-fr-5","11":"first","12":"instock","13":"shipping-taxable","14":"purchasable","15":"product-type-simple"},"acf":[],"yoast_head":"<!-- This site is optimized with the Yoast SEO Premium plugin v25.3.1 (Yoast SEO v25.3.1) - https:\/\/yoast.com\/wordpress\/plugins\/seo\/ -->\n<title>\u27a1\ufe0f Experience La Boca : Visite priv\u00e9e \u00e0 pied avec Tour Travel and More<\/title>\n<meta name=\"description\" content=\"Explorez les rues anim\u00e9es de La Boca lors d&#039;une visite priv\u00e9e \u00e0 pied. D\u00e9couvrez la rue Caminito, le stade La Bombonera, et plus encore avec un guide expert. R\u00e9servez d\u00e8s maintenant avec Tour Travel and More ! \u2705\" \/>\n<meta name=\"robots\" content=\"index, follow, max-snippet:-1, max-image-preview:large, max-video-preview:-1\" \/>\n<link rel=\"canonical\" href=\"https:\/\/tourtravelandmore.com\/fr\/tours\/argentine\/buenos-aires-fr\/toutes-les-visites-privees-fr-2\/visite-privee-a-pied-de-la-boca\/\" \/>\n<meta property=\"og:locale\" content=\"fr_FR\" \/>\n<meta property=\"og:type\" content=\"article\" \/>\n<meta property=\"og:title\" content=\"Visite priv\u00e9e \u00e0 pied de La Boca\" \/>\n<meta property=\"og:description\" content=\"Explorez les rues anim\u00e9es de La Boca lors d&#039;une visite priv\u00e9e \u00e0 pied. D\u00e9couvrez la rue Caminito, le stade La Bombonera, et plus encore avec un guide expert. R\u00e9servez d\u00e8s maintenant avec Tour Travel and More ! \u2705\" \/>\n<meta property=\"og:url\" content=\"https:\/\/tourtravelandmore.com\/fr\/tours\/argentine\/buenos-aires-fr\/toutes-les-visites-privees-fr-2\/visite-privee-a-pied-de-la-boca\/\" \/>\n<meta property=\"og:site_name\" content=\"Tour Travel And More\" \/>\n<meta property=\"article:publisher\" content=\"https:\/\/www.facebook.com\/tourtravelandmore\/\" \/>\n<meta property=\"article:modified_time\" content=\"2023-08-17T19:26:27+00:00\" \/>\n<meta property=\"og:image\" content=\"https:\/\/tourtravelandmore.com\/wp-content\/uploads\/2023\/05\/image4-4.jpg\" \/>\n\t<meta property=\"og:image:width\" content=\"950\" \/>\n\t<meta property=\"og:image:height\" content=\"750\" \/>\n\t<meta property=\"og:image:type\" content=\"image\/jpeg\" \/>\n<meta name=\"twitter:card\" content=\"summary_large_image\" \/>\n<meta name=\"twitter:site\" content=\"@TourTravel_More\" \/>\n<meta name=\"twitter:label1\" content=\"Dur\u00e9e de lecture estim\u00e9e\" \/>\n\t<meta name=\"twitter:data1\" content=\"4 minutes\" \/>\n<script type=\"application\/ld+json\" class=\"yoast-schema-graph\">{\"@context\":\"https:\/\/schema.org\",\"@graph\":[{\"@type\":\"WebPage\",\"@id\":\"https:\/\/tourtravelandmore.com\/fr\/tours\/argentine\/buenos-aires-fr\/toutes-les-visites-privees-fr-2\/visite-privee-a-pied-de-la-boca\/\",\"url\":\"https:\/\/tourtravelandmore.com\/fr\/tours\/argentine\/buenos-aires-fr\/toutes-les-visites-privees-fr-2\/visite-privee-a-pied-de-la-boca\/\",\"name\":\"\u27a1\ufe0f Experience La Boca : Visite priv\u00e9e \u00e0 pied avec Tour Travel and More\",\"isPartOf\":{\"@id\":\"https:\/\/tourtravelandmore.com\/fr\/#website\"},\"primaryImageOfPage\":{\"@id\":\"https:\/\/tourtravelandmore.com\/fr\/tours\/argentine\/buenos-aires-fr\/toutes-les-visites-privees-fr-2\/visite-privee-a-pied-de-la-boca\/#primaryimage\"},\"image\":{\"@id\":\"https:\/\/tourtravelandmore.com\/fr\/tours\/argentine\/buenos-aires-fr\/toutes-les-visites-privees-fr-2\/visite-privee-a-pied-de-la-boca\/#primaryimage\"},\"thumbnailUrl\":\"https:\/\/tourtravelandmore.com\/wp-content\/uploads\/2023\/05\/image4-4.jpg\",\"datePublished\":\"2023-05-29T23:12:43+00:00\",\"dateModified\":\"2023-08-17T19:26:27+00:00\",\"description\":\"Explorez les rues anim\u00e9es de La Boca lors d'une visite priv\u00e9e \u00e0 pied. D\u00e9couvrez la rue Caminito, le stade La Bombonera, et plus encore avec un guide expert. R\u00e9servez d\u00e8s maintenant avec Tour Travel and More ! \u2705\",\"breadcrumb\":{\"@id\":\"https:\/\/tourtravelandmore.com\/fr\/tours\/argentine\/buenos-aires-fr\/toutes-les-visites-privees-fr-2\/visite-privee-a-pied-de-la-boca\/#breadcrumb\"},\"inLanguage\":\"fr-FR\",\"potentialAction\":[{\"@type\":\"ReadAction\",\"target\":[\"https:\/\/tourtravelandmore.com\/fr\/tours\/argentine\/buenos-aires-fr\/toutes-les-visites-privees-fr-2\/visite-privee-a-pied-de-la-boca\/\"]}]},{\"@type\":\"ImageObject\",\"inLanguage\":\"fr-FR\",\"@id\":\"https:\/\/tourtravelandmore.com\/fr\/tours\/argentine\/buenos-aires-fr\/toutes-les-visites-privees-fr-2\/visite-privee-a-pied-de-la-boca\/#primaryimage\",\"url\":\"https:\/\/tourtravelandmore.com\/wp-content\/uploads\/2023\/05\/image4-4.jpg\",\"contentUrl\":\"https:\/\/tourtravelandmore.com\/wp-content\/uploads\/2023\/05\/image4-4.jpg\",\"width\":950,\"height\":750},{\"@type\":\"BreadcrumbList\",\"@id\":\"https:\/\/tourtravelandmore.com\/fr\/tours\/argentine\/buenos-aires-fr\/toutes-les-visites-privees-fr-2\/visite-privee-a-pied-de-la-boca\/#breadcrumb\",\"itemListElement\":[{\"@type\":\"ListItem\",\"position\":1,\"name\":\"Home\",\"item\":\"https:\/\/tourtravelandmore.com\/fr\/\"},{\"@type\":\"ListItem\",\"position\":2,\"name\":\"Tours\",\"item\":\"https:\/\/tourtravelandmore.com\/fr\/tours\/\"},{\"@type\":\"ListItem\",\"position\":3,\"name\":\"Visite priv\u00e9e \u00e0 pied de La Boca\"}]},{\"@type\":\"WebSite\",\"@id\":\"https:\/\/tourtravelandmore.com\/fr\/#website\",\"url\":\"https:\/\/tourtravelandmore.com\/fr\/\",\"name\":\"Tour Travel And More\",\"description\":\"Private sightseeing tours and luxury transfers in Spain\",\"publisher\":{\"@id\":\"https:\/\/tourtravelandmore.com\/fr\/#organization\"},\"potentialAction\":[{\"@type\":\"SearchAction\",\"target\":{\"@type\":\"EntryPoint\",\"urlTemplate\":\"https:\/\/tourtravelandmore.com\/fr\/?s={search_term_string}\"},\"query-input\":{\"@type\":\"PropertyValueSpecification\",\"valueRequired\":true,\"valueName\":\"search_term_string\"}}],\"inLanguage\":\"fr-FR\"},{\"@type\":\"Organization\",\"@id\":\"https:\/\/tourtravelandmore.com\/fr\/#organization\",\"name\":\"Tour Travel And More\",\"url\":\"https:\/\/tourtravelandmore.com\/fr\/\",\"logo\":{\"@type\":\"ImageObject\",\"inLanguage\":\"fr-FR\",\"@id\":\"https:\/\/tourtravelandmore.com\/fr\/#\/schema\/logo\/image\/\",\"url\":\"https:\/\/tourtravelandmore.com\/wp-content\/uploads\/2022\/12\/cropped-logo-cabecera-new.png\",\"contentUrl\":\"https:\/\/tourtravelandmore.com\/wp-content\/uploads\/2022\/12\/cropped-logo-cabecera-new.png\",\"width\":430,\"height\":61,\"caption\":\"Tour Travel And More\"},\"image\":{\"@id\":\"https:\/\/tourtravelandmore.com\/fr\/#\/schema\/logo\/image\/\"},\"sameAs\":[\"https:\/\/www.facebook.com\/tourtravelandmore\/\",\"https:\/\/x.com\/TourTravel_More\"]}]}<\/script>\n<!-- \/ Yoast SEO Premium plugin. -->","yoast_head_json":{"title":"\u27a1\ufe0f Experience La Boca : Visite priv\u00e9e \u00e0 pied avec Tour Travel and More","description":"Explorez les rues anim\u00e9es de La Boca lors d'une visite priv\u00e9e \u00e0 pied. D\u00e9couvrez la rue Caminito, le stade La Bombonera, et plus encore avec un guide expert. R\u00e9servez d\u00e8s maintenant avec Tour Travel and More ! \u2705","robots":{"index":"index","follow":"follow","max-snippet":"max-snippet:-1","max-image-preview":"max-image-preview:large","max-video-preview":"max-video-preview:-1"},"canonical":"https:\/\/tourtravelandmore.com\/fr\/tours\/argentine\/buenos-aires-fr\/toutes-les-visites-privees-fr-2\/visite-privee-a-pied-de-la-boca\/","og_locale":"fr_FR","og_type":"article","og_title":"Visite priv\u00e9e \u00e0 pied de La Boca","og_description":"Explorez les rues anim\u00e9es de La Boca lors d'une visite priv\u00e9e \u00e0 pied. D\u00e9couvrez la rue Caminito, le stade La Bombonera, et plus encore avec un guide expert. R\u00e9servez d\u00e8s maintenant avec Tour Travel and More ! \u2705","og_url":"https:\/\/tourtravelandmore.com\/fr\/tours\/argentine\/buenos-aires-fr\/toutes-les-visites-privees-fr-2\/visite-privee-a-pied-de-la-boca\/","og_site_name":"Tour Travel And More","article_publisher":"https:\/\/www.facebook.com\/tourtravelandmore\/","article_modified_time":"2023-08-17T19:26:27+00:00","og_image":[{"width":950,"height":750,"url":"https:\/\/tourtravelandmore.com\/wp-content\/uploads\/2023\/05\/image4-4.jpg","type":"image\/jpeg"}],"twitter_card":"summary_large_image","twitter_site":"@TourTravel_More","twitter_misc":{"Dur\u00e9e de lecture estim\u00e9e":"4 minutes"},"schema":{"@context":"https:\/\/schema.org","@graph":[{"@type":"WebPage","@id":"https:\/\/tourtravelandmore.com\/fr\/tours\/argentine\/buenos-aires-fr\/toutes-les-visites-privees-fr-2\/visite-privee-a-pied-de-la-boca\/","url":"https:\/\/tourtravelandmore.com\/fr\/tours\/argentine\/buenos-aires-fr\/toutes-les-visites-privees-fr-2\/visite-privee-a-pied-de-la-boca\/","name":"\u27a1\ufe0f Experience La Boca : Visite priv\u00e9e \u00e0 pied avec Tour Travel and More","isPartOf":{"@id":"https:\/\/tourtravelandmore.com\/fr\/#website"},"primaryImageOfPage":{"@id":"https:\/\/tourtravelandmore.com\/fr\/tours\/argentine\/buenos-aires-fr\/toutes-les-visites-privees-fr-2\/visite-privee-a-pied-de-la-boca\/#primaryimage"},"image":{"@id":"https:\/\/tourtravelandmore.com\/fr\/tours\/argentine\/buenos-aires-fr\/toutes-les-visites-privees-fr-2\/visite-privee-a-pied-de-la-boca\/#primaryimage"},"thumbnailUrl":"https:\/\/tourtravelandmore.com\/wp-content\/uploads\/2023\/05\/image4-4.jpg","datePublished":"2023-05-29T23:12:43+00:00","dateModified":"2023-08-17T19:26:27+00:00","description":"Explorez les rues anim\u00e9es de La Boca lors d'une visite priv\u00e9e \u00e0 pied. D\u00e9couvrez la rue Caminito, le stade La Bombonera, et plus encore avec un guide expert. R\u00e9servez d\u00e8s maintenant avec Tour Travel and More ! \u2705","breadcrumb":{"@id":"https:\/\/tourtravelandmore.com\/fr\/tours\/argentine\/buenos-aires-fr\/toutes-les-visites-privees-fr-2\/visite-privee-a-pied-de-la-boca\/#breadcrumb"},"inLanguage":"fr-FR","potentialAction":[{"@type":"ReadAction","target":["https:\/\/tourtravelandmore.com\/fr\/tours\/argentine\/buenos-aires-fr\/toutes-les-visites-privees-fr-2\/visite-privee-a-pied-de-la-boca\/"]}]},{"@type":"ImageObject","inLanguage":"fr-FR","@id":"https:\/\/tourtravelandmore.com\/fr\/tours\/argentine\/buenos-aires-fr\/toutes-les-visites-privees-fr-2\/visite-privee-a-pied-de-la-boca\/#primaryimage","url":"https:\/\/tourtravelandmore.com\/wp-content\/uploads\/2023\/05\/image4-4.jpg","contentUrl":"https:\/\/tourtravelandmore.com\/wp-content\/uploads\/2023\/05\/image4-4.jpg","width":950,"height":750},{"@type":"BreadcrumbList","@id":"https:\/\/tourtravelandmore.com\/fr\/tours\/argentine\/buenos-aires-fr\/toutes-les-visites-privees-fr-2\/visite-privee-a-pied-de-la-boca\/#breadcrumb","itemListElement":[{"@type":"ListItem","position":1,"name":"Home","item":"https:\/\/tourtravelandmore.com\/fr\/"},{"@type":"ListItem","position":2,"name":"Tours","item":"https:\/\/tourtravelandmore.com\/fr\/tours\/"},{"@type":"ListItem","position":3,"name":"Visite priv\u00e9e \u00e0 pied de La Boca"}]},{"@type":"WebSite","@id":"https:\/\/tourtravelandmore.com\/fr\/#website","url":"https:\/\/tourtravelandmore.com\/fr\/","name":"Tour Travel And More","description":"Private sightseeing tours and luxury transfers in Spain","publisher":{"@id":"https:\/\/tourtravelandmore.com\/fr\/#organization"},"potentialAction":[{"@type":"SearchAction","target":{"@type":"EntryPoint","urlTemplate":"https:\/\/tourtravelandmore.com\/fr\/?s={search_term_string}"},"query-input":{"@type":"PropertyValueSpecification","valueRequired":true,"valueName":"search_term_string"}}],"inLanguage":"fr-FR"},{"@type":"Organization","@id":"https:\/\/tourtravelandmore.com\/fr\/#organization","name":"Tour Travel And More","url":"https:\/\/tourtravelandmore.com\/fr\/","logo":{"@type":"ImageObject","inLanguage":"fr-FR","@id":"https:\/\/tourtravelandmore.com\/fr\/#\/schema\/logo\/image\/","url":"https:\/\/tourtravelandmore.com\/wp-content\/uploads\/2022\/12\/cropped-logo-cabecera-new.png","contentUrl":"https:\/\/tourtravelandmore.com\/wp-content\/uploads\/2022\/12\/cropped-logo-cabecera-new.png","width":430,"height":61,"caption":"Tour Travel And More"},"image":{"@id":"https:\/\/tourtravelandmore.com\/fr\/#\/schema\/logo\/image\/"},"sameAs":["https:\/\/www.facebook.com\/tourtravelandmore\/","https:\/\/x.com\/TourTravel_More"]}]}},"_links":{"self":[{"href":"https:\/\/tourtravelandmore.com\/fr\/wp-json\/wp\/v2\/product\/168787","targetHints":{"allow":["GET"]}}],"collection":[{"href":"https:\/\/tourtravelandmore.com\/fr\/wp-json\/wp\/v2\/product"}],"about":[{"href":"https:\/\/tourtravelandmore.com\/fr\/wp-json\/wp\/v2\/types\/product"}],"replies":[{"embeddable":true,"href":"https:\/\/tourtravelandmore.com\/fr\/wp-json\/wp\/v2\/comments?post=168787"}],"wp:featuredmedia":[{"embeddable":true,"href":"https:\/\/tourtravelandmore.com\/fr\/wp-json\/wp\/v2\/media\/168784"}],"wp:attachment":[{"href":"https:\/\/tourtravelandmore.com\/fr\/wp-json\/wp\/v2\/media?parent=168787"}],"wp:term":[{"taxonomy":"product_brand","embeddable":true,"href":"https:\/\/tourtravelandmore.com\/fr\/wp-json\/wp\/v2\/product_brand?post=168787"},{"taxonomy":"product_cat","embeddable":true,"href":"https:\/\/tourtravelandmore.com\/fr\/wp-json\/wp\/v2\/product_cat?post=168787"},{"taxonomy":"product_tag","embeddable":true,"href":"https:\/\/tourtravelandmore.com\/fr\/wp-json\/wp\/v2\/product_tag?post=168787"}],"curies":[{"name":"wp","href":"https:\/\/api.w.org\/{rel}","templated":true}]}}