{"id":168771,"date":"2023-05-30T00:45:19","date_gmt":"2023-05-29T23:02:37","guid":{"rendered":"https:\/\/tourtravelandmore.com\/?post_type=product&#038;p=168771"},"modified":"2023-08-17T21:37:37","modified_gmt":"2023-08-17T19:37:37","slug":"transfert-prive-de-vers-ezeiza-vers-depuis-capital-federal","status":"publish","type":"product","link":"https:\/\/tourtravelandmore.com\/fr\/tours\/argentine\/buenos-aires-fr\/toutes-les-visites-privees-fr-2\/transfert-prive-de-vers-ezeiza-vers-depuis-capital-federal\/","title":{"rendered":"Transfert priv\u00e9 de\/vers Ezeiza vers\/depuis Capital Federal"},"content":{"rendered":"<h2><b>Transfert priv\u00e9 depuis\/vers Ezeiza vers\/depuis Capital Federal Description<\/b><\/h2>\n<p><span style=\"font-weight: 400;\">Faites l&#8217;exp\u00e9rience de la commodit\u00e9 et du luxe d&#8217;un transfert priv\u00e9 d&#8217;Ezeiza \u00e0 Capital Federal ou vice versa avec Tour Travel and More. Gr\u00e2ce \u00e0 notre service, vous \u00e9viterez les tracas li\u00e9s aux transports publics ou aux n\u00e9gociations avec les chauffeurs de taxi. Nos v\u00e9hicules haut de gamme offrent un voyage confortable et sans stress, vous permettant de vous d\u00e9tendre et de profiter des sites touristiques pendant que vous traversez la ville. Nos v\u00e9hicules sont entretenus selon les normes les plus strictes en mati\u00e8re de propret\u00e9 et de s\u00e9curit\u00e9, ce qui garantit un voyage agr\u00e9able. Que vous voyagiez pour les affaires ou pour le plaisir, nos chauffeurs professionnels et courtois assurent un transfert en douceur et en temps voulu, en accordant la priorit\u00e9 \u00e0 votre confort et \u00e0 votre satisfaction. Laissez-nous la logistique et profitez du voyage, car nous nous occupons de vos besoins de voyage avec le plus grand professionnalisme et d\u00e9vouement.<\/span><\/p>\n<h2><b>Transfert priv\u00e9 depuis\/vers Ezeiza vers\/depuis les points d&#8217;int\u00e9r\u00eat de la capitale f\u00e9d\u00e9rale<\/b><\/h2>\n<p><span style=\"font-weight: 400;\">Bien que ce service soit principalement ax\u00e9 sur votre transfert, le trajet entre Ezeiza et Capital Federal offre des vues fascinantes de Buenos Aires. En glissant \u00e0 travers la ville dans notre v\u00e9hicule de luxe, vous passerez devant plusieurs sites et quartiers embl\u00e9matiques, ce qui vous donnera un aper\u00e7u de la culture vibrante et de l&#8217;architecture remarquable de la ville. Profitez de votre transfert pour admirer ces sites fascinants en cours de route. Vous serez t\u00e9moin du m\u00e9lange dynamique de l&#8217;ancien et du nouveau, avec d&#8217;\u00e9tonnantes structures modernes c\u00f4toyant des b\u00e2timents historiques. L&#8217;itin\u00e9raire vous donne \u00e9galement un aper\u00e7u de l&#8217;animation des rues de la ville, des march\u00e9s anim\u00e9s aux parcs tranquilles, offrant un avant-go\u00fbt de ce qui vous attend dans cette ville incroyable.<\/span><\/p>\n<p><span style=\"font-weight: 400;\">Votre transfert vous fera passer par toute une s\u00e9rie de lieux int\u00e9ressants. \u00c0 Ezeiza, vous apercevrez peut-\u00eatre le parc verdoyant d&#8217;Ezeiza, un endroit populaire o\u00f9 les habitants peuvent pratiquer des activit\u00e9s de plein air. \u00c0 l&#8217;approche de Capital Federal, vous verrez l&#8217;effervescence du centre de Buenos Aires, avec des points de rep\u00e8re tels que l&#8217;Ob\u00e9lisque, l&#8217;embl\u00e9matique Avenida 9 de Julio et l&#8217;historique Teatro Colon. Ces sites donnent un aper\u00e7u du riche patrimoine culturel et architectural de la ville. La grandeur de ces sites souligne l&#8217;histoire vibrante et l&#8217;importance culturelle de Buenos Aires, faisant d&#8217;un simple transfert une exp\u00e9rience visuellement passionnante. Cet aper\u00e7u fugace pourrait vous inciter \u00e0 explorer davantage ces sites pendant votre s\u00e9jour dans la ville.<\/span><\/p>\n<p><span style=\"font-weight: 400;\">Si vous souhaitez explorer Buenos Aires au-del\u00e0 de votre transfert, Tour Travel and More propose une vaste gamme de visites priv\u00e9es adapt\u00e9es \u00e0 diff\u00e9rents centres d&#8217;int\u00e9r\u00eat. D\u00e9couvrez la riche histoire de la ville, sa culture vibrante et son architecture \u00e9tonnante gr\u00e2ce \u00e0 nos visites guid\u00e9es par des experts. Visitez notre site web pour <\/span><a href=\"https:\/\/tourtravelandmore.com\/fr\/city\/argentine\/buenos-aires-fr\/\"><span style=\"font-weight: 400;\">explorer nos offres et r\u00e9server votre prochaine exp\u00e9rience inoubliable \u00e0 Buenos Aires.<\/span><\/a><\/p>\n","protected":false},"excerpt":{"rendered":"<p><span style=\"font-weight: 400;\">Profitez d&#8217;un transfert de luxe sans faille d&#8217;Ezeiza \u00e0 Capital Federal, ou vice versa, avec Tour Travel and More. D\u00e9couvrez le confort de nos v\u00e9hicules haut de gamme et le professionnalisme de nos chauffeurs tout en admirant les sites touristiques de Buenos Aires.<\/span><\/p>\n","protected":false},"featured_media":168767,"comment_status":"open","ping_status":"closed","template":"","meta":{"_acf_changed":false},"product_brand":[],"product_cat":[4410,4413,4416],"product_tag":[],"class_list":{"0":"post-168771","1":"product","2":"type-product","3":"status-publish","4":"has-post-thumbnail","6":"product_cat-argentine","7":"product_cat-buenos-aires-fr","8":"product_cat-toutes-les-visites-privees-fr-2","10":"first","11":"instock","12":"shipping-taxable","13":"purchasable","14":"product-type-simple"},"acf":[],"yoast_head":"<!-- This site is optimized with the Yoast SEO Premium plugin v25.3.1 (Yoast SEO v25.3.1) - https:\/\/yoast.com\/wordpress\/plugins\/seo\/ -->\n<title>\u27a1\ufe0f Transfert priv\u00e9 de luxe de\/\u00e0 Ezeiza \u00e0\/de Capital Federal | Tour Travel and More<\/title>\n<meta name=\"description\" content=\"R\u00e9servez un transfert priv\u00e9 confortable et pratique d&#039;Ezeiza \u00e0 Capital Federal avec Tour Travel and More. Faites l&#039;exp\u00e9rience d&#039;un voyage de luxe \u00e0 Buenos Aires. \u2705\" \/>\n<meta name=\"robots\" content=\"index, follow, max-snippet:-1, max-image-preview:large, max-video-preview:-1\" \/>\n<link rel=\"canonical\" href=\"https:\/\/tourtravelandmore.com\/fr\/tours\/argentine\/buenos-aires-fr\/toutes-les-visites-privees-fr-2\/transfert-prive-de-vers-ezeiza-vers-depuis-capital-federal\/\" \/>\n<meta property=\"og:locale\" content=\"fr_FR\" \/>\n<meta property=\"og:type\" content=\"article\" \/>\n<meta property=\"og:title\" content=\"Transfert priv\u00e9 de\/vers Ezeiza vers\/depuis Capital Federal\" \/>\n<meta property=\"og:description\" content=\"R\u00e9servez un transfert priv\u00e9 confortable et pratique d&#039;Ezeiza \u00e0 Capital Federal avec Tour Travel and More. Faites l&#039;exp\u00e9rience d&#039;un voyage de luxe \u00e0 Buenos Aires. \u2705\" \/>\n<meta property=\"og:url\" content=\"https:\/\/tourtravelandmore.com\/fr\/tours\/argentine\/buenos-aires-fr\/toutes-les-visites-privees-fr-2\/transfert-prive-de-vers-ezeiza-vers-depuis-capital-federal\/\" \/>\n<meta property=\"og:site_name\" content=\"Tour Travel And More\" \/>\n<meta property=\"article:publisher\" content=\"https:\/\/www.facebook.com\/tourtravelandmore\/\" \/>\n<meta property=\"article:modified_time\" content=\"2023-08-17T19:37:37+00:00\" \/>\n<meta property=\"og:image\" content=\"https:\/\/tourtravelandmore.com\/wp-content\/uploads\/2023\/05\/image4-3.jpg\" \/>\n\t<meta property=\"og:image:width\" content=\"950\" \/>\n\t<meta property=\"og:image:height\" content=\"750\" \/>\n\t<meta property=\"og:image:type\" content=\"image\/jpeg\" \/>\n<meta name=\"twitter:card\" content=\"summary_large_image\" \/>\n<meta name=\"twitter:site\" content=\"@TourTravel_More\" \/>\n<meta name=\"twitter:label1\" content=\"Dur\u00e9e de lecture estim\u00e9e\" \/>\n\t<meta name=\"twitter:data1\" content=\"3 minutes\" \/>\n<script type=\"application\/ld+json\" class=\"yoast-schema-graph\">{\"@context\":\"https:\/\/schema.org\",\"@graph\":[{\"@type\":\"WebPage\",\"@id\":\"https:\/\/tourtravelandmore.com\/fr\/tours\/argentine\/buenos-aires-fr\/toutes-les-visites-privees-fr-2\/transfert-prive-de-vers-ezeiza-vers-depuis-capital-federal\/\",\"url\":\"https:\/\/tourtravelandmore.com\/fr\/tours\/argentine\/buenos-aires-fr\/toutes-les-visites-privees-fr-2\/transfert-prive-de-vers-ezeiza-vers-depuis-capital-federal\/\",\"name\":\"\u27a1\ufe0f Transfert priv\u00e9 de luxe de\/\u00e0 Ezeiza \u00e0\/de Capital Federal | Tour Travel and More\",\"isPartOf\":{\"@id\":\"https:\/\/tourtravelandmore.com\/fr\/#website\"},\"primaryImageOfPage\":{\"@id\":\"https:\/\/tourtravelandmore.com\/fr\/tours\/argentine\/buenos-aires-fr\/toutes-les-visites-privees-fr-2\/transfert-prive-de-vers-ezeiza-vers-depuis-capital-federal\/#primaryimage\"},\"image\":{\"@id\":\"https:\/\/tourtravelandmore.com\/fr\/tours\/argentine\/buenos-aires-fr\/toutes-les-visites-privees-fr-2\/transfert-prive-de-vers-ezeiza-vers-depuis-capital-federal\/#primaryimage\"},\"thumbnailUrl\":\"https:\/\/tourtravelandmore.com\/wp-content\/uploads\/2023\/05\/image4-3.jpg\",\"datePublished\":\"2023-05-29T23:02:37+00:00\",\"dateModified\":\"2023-08-17T19:37:37+00:00\",\"description\":\"R\u00e9servez un transfert priv\u00e9 confortable et pratique d'Ezeiza \u00e0 Capital Federal avec Tour Travel and More. Faites l'exp\u00e9rience d'un voyage de luxe \u00e0 Buenos Aires. \u2705\",\"breadcrumb\":{\"@id\":\"https:\/\/tourtravelandmore.com\/fr\/tours\/argentine\/buenos-aires-fr\/toutes-les-visites-privees-fr-2\/transfert-prive-de-vers-ezeiza-vers-depuis-capital-federal\/#breadcrumb\"},\"inLanguage\":\"fr-FR\",\"potentialAction\":[{\"@type\":\"ReadAction\",\"target\":[\"https:\/\/tourtravelandmore.com\/fr\/tours\/argentine\/buenos-aires-fr\/toutes-les-visites-privees-fr-2\/transfert-prive-de-vers-ezeiza-vers-depuis-capital-federal\/\"]}]},{\"@type\":\"ImageObject\",\"inLanguage\":\"fr-FR\",\"@id\":\"https:\/\/tourtravelandmore.com\/fr\/tours\/argentine\/buenos-aires-fr\/toutes-les-visites-privees-fr-2\/transfert-prive-de-vers-ezeiza-vers-depuis-capital-federal\/#primaryimage\",\"url\":\"https:\/\/tourtravelandmore.com\/wp-content\/uploads\/2023\/05\/image4-3.jpg\",\"contentUrl\":\"https:\/\/tourtravelandmore.com\/wp-content\/uploads\/2023\/05\/image4-3.jpg\",\"width\":950,\"height\":750},{\"@type\":\"BreadcrumbList\",\"@id\":\"https:\/\/tourtravelandmore.com\/fr\/tours\/argentine\/buenos-aires-fr\/toutes-les-visites-privees-fr-2\/transfert-prive-de-vers-ezeiza-vers-depuis-capital-federal\/#breadcrumb\",\"itemListElement\":[{\"@type\":\"ListItem\",\"position\":1,\"name\":\"Home\",\"item\":\"https:\/\/tourtravelandmore.com\/fr\/\"},{\"@type\":\"ListItem\",\"position\":2,\"name\":\"Tours\",\"item\":\"https:\/\/tourtravelandmore.com\/fr\/tours\/\"},{\"@type\":\"ListItem\",\"position\":3,\"name\":\"Transfert priv\u00e9 de\/vers Ezeiza vers\/depuis Capital Federal\"}]},{\"@type\":\"WebSite\",\"@id\":\"https:\/\/tourtravelandmore.com\/fr\/#website\",\"url\":\"https:\/\/tourtravelandmore.com\/fr\/\",\"name\":\"Tour Travel And More\",\"description\":\"Private sightseeing tours and luxury transfers in Spain\",\"publisher\":{\"@id\":\"https:\/\/tourtravelandmore.com\/fr\/#organization\"},\"potentialAction\":[{\"@type\":\"SearchAction\",\"target\":{\"@type\":\"EntryPoint\",\"urlTemplate\":\"https:\/\/tourtravelandmore.com\/fr\/?s={search_term_string}\"},\"query-input\":{\"@type\":\"PropertyValueSpecification\",\"valueRequired\":true,\"valueName\":\"search_term_string\"}}],\"inLanguage\":\"fr-FR\"},{\"@type\":\"Organization\",\"@id\":\"https:\/\/tourtravelandmore.com\/fr\/#organization\",\"name\":\"Tour Travel And More\",\"url\":\"https:\/\/tourtravelandmore.com\/fr\/\",\"logo\":{\"@type\":\"ImageObject\",\"inLanguage\":\"fr-FR\",\"@id\":\"https:\/\/tourtravelandmore.com\/fr\/#\/schema\/logo\/image\/\",\"url\":\"https:\/\/tourtravelandmore.com\/wp-content\/uploads\/2022\/12\/cropped-logo-cabecera-new.png\",\"contentUrl\":\"https:\/\/tourtravelandmore.com\/wp-content\/uploads\/2022\/12\/cropped-logo-cabecera-new.png\",\"width\":430,\"height\":61,\"caption\":\"Tour Travel And More\"},\"image\":{\"@id\":\"https:\/\/tourtravelandmore.com\/fr\/#\/schema\/logo\/image\/\"},\"sameAs\":[\"https:\/\/www.facebook.com\/tourtravelandmore\/\",\"https:\/\/x.com\/TourTravel_More\"]}]}<\/script>\n<!-- \/ Yoast SEO Premium plugin. -->","yoast_head_json":{"title":"\u27a1\ufe0f Transfert priv\u00e9 de luxe de\/\u00e0 Ezeiza \u00e0\/de Capital Federal | Tour Travel and More","description":"R\u00e9servez un transfert priv\u00e9 confortable et pratique d'Ezeiza \u00e0 Capital Federal avec Tour Travel and More. Faites l'exp\u00e9rience d'un voyage de luxe \u00e0 Buenos Aires. \u2705","robots":{"index":"index","follow":"follow","max-snippet":"max-snippet:-1","max-image-preview":"max-image-preview:large","max-video-preview":"max-video-preview:-1"},"canonical":"https:\/\/tourtravelandmore.com\/fr\/tours\/argentine\/buenos-aires-fr\/toutes-les-visites-privees-fr-2\/transfert-prive-de-vers-ezeiza-vers-depuis-capital-federal\/","og_locale":"fr_FR","og_type":"article","og_title":"Transfert priv\u00e9 de\/vers Ezeiza vers\/depuis Capital Federal","og_description":"R\u00e9servez un transfert priv\u00e9 confortable et pratique d'Ezeiza \u00e0 Capital Federal avec Tour Travel and More. Faites l'exp\u00e9rience d'un voyage de luxe \u00e0 Buenos Aires. \u2705","og_url":"https:\/\/tourtravelandmore.com\/fr\/tours\/argentine\/buenos-aires-fr\/toutes-les-visites-privees-fr-2\/transfert-prive-de-vers-ezeiza-vers-depuis-capital-federal\/","og_site_name":"Tour Travel And More","article_publisher":"https:\/\/www.facebook.com\/tourtravelandmore\/","article_modified_time":"2023-08-17T19:37:37+00:00","og_image":[{"width":950,"height":750,"url":"https:\/\/tourtravelandmore.com\/wp-content\/uploads\/2023\/05\/image4-3.jpg","type":"image\/jpeg"}],"twitter_card":"summary_large_image","twitter_site":"@TourTravel_More","twitter_misc":{"Dur\u00e9e de lecture estim\u00e9e":"3 minutes"},"schema":{"@context":"https:\/\/schema.org","@graph":[{"@type":"WebPage","@id":"https:\/\/tourtravelandmore.com\/fr\/tours\/argentine\/buenos-aires-fr\/toutes-les-visites-privees-fr-2\/transfert-prive-de-vers-ezeiza-vers-depuis-capital-federal\/","url":"https:\/\/tourtravelandmore.com\/fr\/tours\/argentine\/buenos-aires-fr\/toutes-les-visites-privees-fr-2\/transfert-prive-de-vers-ezeiza-vers-depuis-capital-federal\/","name":"\u27a1\ufe0f Transfert priv\u00e9 de luxe de\/\u00e0 Ezeiza \u00e0\/de Capital Federal | Tour Travel and More","isPartOf":{"@id":"https:\/\/tourtravelandmore.com\/fr\/#website"},"primaryImageOfPage":{"@id":"https:\/\/tourtravelandmore.com\/fr\/tours\/argentine\/buenos-aires-fr\/toutes-les-visites-privees-fr-2\/transfert-prive-de-vers-ezeiza-vers-depuis-capital-federal\/#primaryimage"},"image":{"@id":"https:\/\/tourtravelandmore.com\/fr\/tours\/argentine\/buenos-aires-fr\/toutes-les-visites-privees-fr-2\/transfert-prive-de-vers-ezeiza-vers-depuis-capital-federal\/#primaryimage"},"thumbnailUrl":"https:\/\/tourtravelandmore.com\/wp-content\/uploads\/2023\/05\/image4-3.jpg","datePublished":"2023-05-29T23:02:37+00:00","dateModified":"2023-08-17T19:37:37+00:00","description":"R\u00e9servez un transfert priv\u00e9 confortable et pratique d'Ezeiza \u00e0 Capital Federal avec Tour Travel and More. Faites l'exp\u00e9rience d'un voyage de luxe \u00e0 Buenos Aires. \u2705","breadcrumb":{"@id":"https:\/\/tourtravelandmore.com\/fr\/tours\/argentine\/buenos-aires-fr\/toutes-les-visites-privees-fr-2\/transfert-prive-de-vers-ezeiza-vers-depuis-capital-federal\/#breadcrumb"},"inLanguage":"fr-FR","potentialAction":[{"@type":"ReadAction","target":["https:\/\/tourtravelandmore.com\/fr\/tours\/argentine\/buenos-aires-fr\/toutes-les-visites-privees-fr-2\/transfert-prive-de-vers-ezeiza-vers-depuis-capital-federal\/"]}]},{"@type":"ImageObject","inLanguage":"fr-FR","@id":"https:\/\/tourtravelandmore.com\/fr\/tours\/argentine\/buenos-aires-fr\/toutes-les-visites-privees-fr-2\/transfert-prive-de-vers-ezeiza-vers-depuis-capital-federal\/#primaryimage","url":"https:\/\/tourtravelandmore.com\/wp-content\/uploads\/2023\/05\/image4-3.jpg","contentUrl":"https:\/\/tourtravelandmore.com\/wp-content\/uploads\/2023\/05\/image4-3.jpg","width":950,"height":750},{"@type":"BreadcrumbList","@id":"https:\/\/tourtravelandmore.com\/fr\/tours\/argentine\/buenos-aires-fr\/toutes-les-visites-privees-fr-2\/transfert-prive-de-vers-ezeiza-vers-depuis-capital-federal\/#breadcrumb","itemListElement":[{"@type":"ListItem","position":1,"name":"Home","item":"https:\/\/tourtravelandmore.com\/fr\/"},{"@type":"ListItem","position":2,"name":"Tours","item":"https:\/\/tourtravelandmore.com\/fr\/tours\/"},{"@type":"ListItem","position":3,"name":"Transfert priv\u00e9 de\/vers Ezeiza vers\/depuis Capital Federal"}]},{"@type":"WebSite","@id":"https:\/\/tourtravelandmore.com\/fr\/#website","url":"https:\/\/tourtravelandmore.com\/fr\/","name":"Tour Travel And More","description":"Private sightseeing tours and luxury transfers in Spain","publisher":{"@id":"https:\/\/tourtravelandmore.com\/fr\/#organization"},"potentialAction":[{"@type":"SearchAction","target":{"@type":"EntryPoint","urlTemplate":"https:\/\/tourtravelandmore.com\/fr\/?s={search_term_string}"},"query-input":{"@type":"PropertyValueSpecification","valueRequired":true,"valueName":"search_term_string"}}],"inLanguage":"fr-FR"},{"@type":"Organization","@id":"https:\/\/tourtravelandmore.com\/fr\/#organization","name":"Tour Travel And More","url":"https:\/\/tourtravelandmore.com\/fr\/","logo":{"@type":"ImageObject","inLanguage":"fr-FR","@id":"https:\/\/tourtravelandmore.com\/fr\/#\/schema\/logo\/image\/","url":"https:\/\/tourtravelandmore.com\/wp-content\/uploads\/2022\/12\/cropped-logo-cabecera-new.png","contentUrl":"https:\/\/tourtravelandmore.com\/wp-content\/uploads\/2022\/12\/cropped-logo-cabecera-new.png","width":430,"height":61,"caption":"Tour Travel And More"},"image":{"@id":"https:\/\/tourtravelandmore.com\/fr\/#\/schema\/logo\/image\/"},"sameAs":["https:\/\/www.facebook.com\/tourtravelandmore\/","https:\/\/x.com\/TourTravel_More"]}]}},"_links":{"self":[{"href":"https:\/\/tourtravelandmore.com\/fr\/wp-json\/wp\/v2\/product\/168771","targetHints":{"allow":["GET"]}}],"collection":[{"href":"https:\/\/tourtravelandmore.com\/fr\/wp-json\/wp\/v2\/product"}],"about":[{"href":"https:\/\/tourtravelandmore.com\/fr\/wp-json\/wp\/v2\/types\/product"}],"replies":[{"embeddable":true,"href":"https:\/\/tourtravelandmore.com\/fr\/wp-json\/wp\/v2\/comments?post=168771"}],"wp:featuredmedia":[{"embeddable":true,"href":"https:\/\/tourtravelandmore.com\/fr\/wp-json\/wp\/v2\/media\/168767"}],"wp:attachment":[{"href":"https:\/\/tourtravelandmore.com\/fr\/wp-json\/wp\/v2\/media?parent=168771"}],"wp:term":[{"taxonomy":"product_brand","embeddable":true,"href":"https:\/\/tourtravelandmore.com\/fr\/wp-json\/wp\/v2\/product_brand?post=168771"},{"taxonomy":"product_cat","embeddable":true,"href":"https:\/\/tourtravelandmore.com\/fr\/wp-json\/wp\/v2\/product_cat?post=168771"},{"taxonomy":"product_tag","embeddable":true,"href":"https:\/\/tourtravelandmore.com\/fr\/wp-json\/wp\/v2\/product_tag?post=168771"}],"curies":[{"name":"wp","href":"https:\/\/api.w.org\/{rel}","templated":true}]}}