{"id":168726,"date":"2023-05-29T14:31:09","date_gmt":"2023-05-29T12:31:22","guid":{"rendered":"https:\/\/tourtravelandmore.com\/?post_type=product&#038;p=168726"},"modified":"2024-03-26T15:16:03","modified_gmt":"2024-03-26T14:16:03","slug":"visite-privee-des-cascades-douzoud-a-marrakech","status":"publish","type":"product","link":"https:\/\/tourtravelandmore.com\/fr\/tours\/maroc-fr\/marrakech-fr\/visite-privee-des-cascades-douzoud-a-marrakech\/","title":{"rendered":"Visite priv\u00e9e des cascades d&#8217;Ouzoud \u00e0 Marrakech"},"content":{"rendered":"<h2>Description | Visite priv\u00e9e des cascades d&#8217;Ouzoud \u00e0 Marrakech<\/h2>\n<p>L&#8217;excursion priv\u00e9e aux cascades d&#8217;Ouzoud \u00e0 Marrakech est une exp\u00e9rience fascinante. Elle vous permettra d&#8217;explorer l&#8217;une des destinations naturelles les plus \u00e9poustouflantes du Maroc. Au cours de cette passionnante excursion d&#8217;une journ\u00e9e, vous vous immergerez dans la beaut\u00e9 luxuriante des cascades et profiterez de la s\u00e9r\u00e9nit\u00e9 et de la fra\u00eecheur de cet environnement naturel spectaculaire.<\/p>\n<p>L&#8217;excursion commence par la prise en charge \u00e0 votre h\u00f4tel de Marrakech par notre guide et chauffeur sympathique. Ils seront \u00e0 votre disposition pendant les 9 heures suivantes. Vous serez accueillis dans un v\u00e9hicule confortable et climatis\u00e9 pour assurer votre confort pendant le voyage.<\/p>\n<p>N&#8217;attendez plus et r\u00e9servez votre tour priv\u00e9 des cascades d&#8217;Ouzoud \u00e0 Marrakech avec TourTravel&amp;More. Nous sommes impatients de vous montrer la magie et l&#8217;\u00e9merveillement de cette \u00e9tonnante destination naturelle au Maroc, venez d\u00e9couvrir la beaut\u00e9 des cascades gratuitement lors d&#8217;une visite priv\u00e9e inoubliable !<\/p>\n<p>Enfin, ne manquez pas l&#8217;occasion de d\u00e9couvrir les merveilles des cascades d&#8217;Ouzoud \u00e0 Marrakech. R\u00e9servez d\u00e8s maintenant votre circuit priv\u00e9 avec TourTravel&amp;More et vivez une exp\u00e9rience inoubliable au Maroc. Profitez de cette occasion pour vous immerger dans la beaut\u00e9 naturelle des cascades, pour profiter d&#8217;une promenade en bateau traditionnel et pour explorer les sentiers pittoresques qui entourent la r\u00e9gion. Notre \u00e9quipe sera heureuse de vous accompagner tout au long de la journ\u00e9e, de vous fournir des informations et de veiller \u00e0 ce que votre exp\u00e9rience soit m\u00e9morable.<\/p>\n<h2>Sites d&#8217;int\u00e9r\u00eat et monuments<\/h2>\n<p>Tout d&#8217;abord, les cascades d&#8217;Ouzoud sont notre premi\u00e8re destination et le joyau de cette excursion. Les cascades d&#8217;Ouzoud sont les plus hautes et les plus majestueuses du Maroc, avec une chute d&#8217;environ 110 m\u00e8tres. Vous pourrez vous \u00e9merveiller devant la vue panoramique spectaculaire des cascades et sentir la brise fra\u00eeche de l&#8217;eau. Vous disposerez d&#8217;un peu de temps libre pour explorer les sentiers environnants.<\/p>\n<p>Cette exp\u00e9rience unique vous permettra de voir les chutes d&#8217;eau sous un angle diff\u00e9rent. Prenez des photos \u00e0 couper le souffle de la beaut\u00e9 naturelle qui vous entoure.<\/p>\n<p>Ensuite, apr\u00e8s avoir admir\u00e9 les chutes d&#8217;eau, vous pourrez profiter d&#8217;une promenade agr\u00e9able et relaxante le long des sentiers qui entourent la r\u00e9gion. Vous pourrez y d\u00e9couvrir la flore et la faune locales. Vous pourrez \u00e9galement admirer de magnifiques paysages et d\u00e9couvrir des coins cach\u00e9s qui vous couperont le souffle.<\/p>\n<p>De plus, tout au long de l&#8217;excursion, notre guide et notre chauffeur seront \u00e0 votre disposition pour r\u00e9pondre \u00e0 toutes vos questions, vous fournir des informations int\u00e9ressantes sur la r\u00e9gion et veiller \u00e0 ce que votre exp\u00e9rience soit aussi enrichissante et agr\u00e9able que possible.<\/p>\n<p>Enfin, la dur\u00e9e totale de cette visite priv\u00e9e des cascades d&#8217;Ouzoud \u00e0 Marrakech est de 9 heures. Ce qui vous permettra de profiter pleinement de chaque instant et de vivre une exp\u00e9rience unique dans la nature marocaine. A la fin de la journ\u00e9e, vous serez ramen\u00e9 \u00e0 votre h\u00f4tel \u00e0 Marrakech, avec des souvenirs inoubliables de cette incroyable excursion.<\/p>\n<p>Jetez un \u0153il \u00e0 nos autres visites priv\u00e9es \u00e0 Marrakech et quelles autres exp\u00e9riences nous pouvons vous offrir!<\/p>\n","protected":false},"excerpt":{"rendered":"<p>L&#8217;excursion priv\u00e9e aux cascades d&#8217;Ouzoud \u00e0 Marrakech est une exp\u00e9rience fascinante. Elle vous permettra d&#8217;explorer l&#8217;une des destinations naturelles les plus \u00e9poustouflantes du Maroc. Au cours de cette passionnante excursion d&#8217;une journ\u00e9e, vous vous immergerez dans la beaut\u00e9 luxuriante des cascades et profiterez de la s\u00e9r\u00e9nit\u00e9 et de la fra\u00eecheur de cet environnement naturel spectaculaire.<\/p>\n<p>&nbsp;<\/p>\n","protected":false},"featured_media":168736,"comment_status":"open","ping_status":"closed","template":"","meta":{"_acf_changed":false},"product_brand":[],"product_cat":[4401,4403,3726,3820],"product_tag":[],"class_list":{"0":"post-168726","1":"product","2":"type-product","3":"status-publish","4":"has-post-thumbnail","6":"product_cat-all-private-tours-activities-fr-7","7":"product_cat-private-day-trips-fr-13","8":"product_cat-maroc-fr","9":"product_cat-marrakech-fr","11":"first","12":"instock","13":"shipping-taxable","14":"purchasable","15":"product-type-simple"},"acf":[],"yoast_head":"<!-- This site is optimized with the Yoast SEO Premium plugin v25.3.1 (Yoast SEO v25.3.1) - https:\/\/yoast.com\/wordpress\/plugins\/seo\/ -->\n<title>Visite priv\u00e9e des cascades d&#039;Ouzoud \u00e0 Marrakech | TourTravel&amp;More<\/title>\n<meta name=\"description\" content=\"Profitez de cette visite priv\u00e9e des cascades d&#039;Ouzoud \u00e0 Marrakech avec un guide local et exp\u00e9riment\u00e9\/chauffeur pendant 9 heures.\u2705\" \/>\n<meta name=\"robots\" content=\"index, follow, max-snippet:-1, max-image-preview:large, max-video-preview:-1\" \/>\n<link rel=\"canonical\" href=\"https:\/\/tourtravelandmore.com\/fr\/tours\/maroc-fr\/marrakech-fr\/visite-privee-des-cascades-douzoud-a-marrakech\/\" \/>\n<meta property=\"og:locale\" content=\"fr_FR\" \/>\n<meta property=\"og:type\" content=\"article\" \/>\n<meta property=\"og:title\" content=\"Visite priv\u00e9e des cascades d&#039;Ouzoud \u00e0 Marrakech\" \/>\n<meta property=\"og:description\" content=\"Profitez de cette visite priv\u00e9e des cascades d&#039;Ouzoud \u00e0 Marrakech avec un guide local et exp\u00e9riment\u00e9\/chauffeur pendant 9 heures.\u2705\" \/>\n<meta property=\"og:url\" content=\"https:\/\/tourtravelandmore.com\/fr\/tours\/maroc-fr\/marrakech-fr\/visite-privee-des-cascades-douzoud-a-marrakech\/\" \/>\n<meta property=\"og:site_name\" content=\"Tour Travel And More\" \/>\n<meta property=\"article:publisher\" content=\"https:\/\/www.facebook.com\/tourtravelandmore\/\" \/>\n<meta property=\"article:modified_time\" content=\"2024-03-26T14:16:03+00:00\" \/>\n<meta property=\"og:image\" content=\"https:\/\/tourtravelandmore.com\/wp-content\/uploads\/2023\/05\/ouzoud-waterfalls-gbf3a36611_1280.jpg\" \/>\n\t<meta property=\"og:image:width\" content=\"1280\" \/>\n\t<meta property=\"og:image:height\" content=\"960\" \/>\n\t<meta property=\"og:image:type\" content=\"image\/jpeg\" \/>\n<meta name=\"twitter:card\" content=\"summary_large_image\" \/>\n<meta name=\"twitter:site\" content=\"@TourTravel_More\" \/>\n<meta name=\"twitter:label1\" content=\"Dur\u00e9e de lecture estim\u00e9e\" \/>\n\t<meta name=\"twitter:data1\" content=\"3 minutes\" \/>\n<script type=\"application\/ld+json\" class=\"yoast-schema-graph\">{\"@context\":\"https:\/\/schema.org\",\"@graph\":[{\"@type\":\"WebPage\",\"@id\":\"https:\/\/tourtravelandmore.com\/fr\/tours\/maroc-fr\/marrakech-fr\/visite-privee-des-cascades-douzoud-a-marrakech\/\",\"url\":\"https:\/\/tourtravelandmore.com\/fr\/tours\/maroc-fr\/marrakech-fr\/visite-privee-des-cascades-douzoud-a-marrakech\/\",\"name\":\"Visite priv\u00e9e des cascades d'Ouzoud \u00e0 Marrakech | TourTravel&More\",\"isPartOf\":{\"@id\":\"https:\/\/tourtravelandmore.com\/fr\/#website\"},\"primaryImageOfPage\":{\"@id\":\"https:\/\/tourtravelandmore.com\/fr\/tours\/maroc-fr\/marrakech-fr\/visite-privee-des-cascades-douzoud-a-marrakech\/#primaryimage\"},\"image\":{\"@id\":\"https:\/\/tourtravelandmore.com\/fr\/tours\/maroc-fr\/marrakech-fr\/visite-privee-des-cascades-douzoud-a-marrakech\/#primaryimage\"},\"thumbnailUrl\":\"https:\/\/tourtravelandmore.com\/wp-content\/uploads\/2023\/05\/ouzoud-waterfalls-gbf3a36611_1280.jpg\",\"datePublished\":\"2023-05-29T12:31:22+00:00\",\"dateModified\":\"2024-03-26T14:16:03+00:00\",\"description\":\"Profitez de cette visite priv\u00e9e des cascades d'Ouzoud \u00e0 Marrakech avec un guide local et exp\u00e9riment\u00e9\/chauffeur pendant 9 heures.\u2705\",\"breadcrumb\":{\"@id\":\"https:\/\/tourtravelandmore.com\/fr\/tours\/maroc-fr\/marrakech-fr\/visite-privee-des-cascades-douzoud-a-marrakech\/#breadcrumb\"},\"inLanguage\":\"fr-FR\",\"potentialAction\":[{\"@type\":\"ReadAction\",\"target\":[\"https:\/\/tourtravelandmore.com\/fr\/tours\/maroc-fr\/marrakech-fr\/visite-privee-des-cascades-douzoud-a-marrakech\/\"]}]},{\"@type\":\"ImageObject\",\"inLanguage\":\"fr-FR\",\"@id\":\"https:\/\/tourtravelandmore.com\/fr\/tours\/maroc-fr\/marrakech-fr\/visite-privee-des-cascades-douzoud-a-marrakech\/#primaryimage\",\"url\":\"https:\/\/tourtravelandmore.com\/wp-content\/uploads\/2023\/05\/ouzoud-waterfalls-gbf3a36611_1280.jpg\",\"contentUrl\":\"https:\/\/tourtravelandmore.com\/wp-content\/uploads\/2023\/05\/ouzoud-waterfalls-gbf3a36611_1280.jpg\",\"width\":1280,\"height\":960},{\"@type\":\"BreadcrumbList\",\"@id\":\"https:\/\/tourtravelandmore.com\/fr\/tours\/maroc-fr\/marrakech-fr\/visite-privee-des-cascades-douzoud-a-marrakech\/#breadcrumb\",\"itemListElement\":[{\"@type\":\"ListItem\",\"position\":1,\"name\":\"Home\",\"item\":\"https:\/\/tourtravelandmore.com\/fr\/\"},{\"@type\":\"ListItem\",\"position\":2,\"name\":\"Tours\",\"item\":\"https:\/\/tourtravelandmore.com\/fr\/tours\/\"},{\"@type\":\"ListItem\",\"position\":3,\"name\":\"Visite priv\u00e9e des cascades d&#8217;Ouzoud \u00e0 Marrakech\"}]},{\"@type\":\"WebSite\",\"@id\":\"https:\/\/tourtravelandmore.com\/fr\/#website\",\"url\":\"https:\/\/tourtravelandmore.com\/fr\/\",\"name\":\"Tour Travel And More\",\"description\":\"Private sightseeing tours and luxury transfers in Spain\",\"publisher\":{\"@id\":\"https:\/\/tourtravelandmore.com\/fr\/#organization\"},\"potentialAction\":[{\"@type\":\"SearchAction\",\"target\":{\"@type\":\"EntryPoint\",\"urlTemplate\":\"https:\/\/tourtravelandmore.com\/fr\/?s={search_term_string}\"},\"query-input\":{\"@type\":\"PropertyValueSpecification\",\"valueRequired\":true,\"valueName\":\"search_term_string\"}}],\"inLanguage\":\"fr-FR\"},{\"@type\":\"Organization\",\"@id\":\"https:\/\/tourtravelandmore.com\/fr\/#organization\",\"name\":\"Tour Travel And More\",\"url\":\"https:\/\/tourtravelandmore.com\/fr\/\",\"logo\":{\"@type\":\"ImageObject\",\"inLanguage\":\"fr-FR\",\"@id\":\"https:\/\/tourtravelandmore.com\/fr\/#\/schema\/logo\/image\/\",\"url\":\"https:\/\/tourtravelandmore.com\/wp-content\/uploads\/2022\/12\/cropped-logo-cabecera-new.png\",\"contentUrl\":\"https:\/\/tourtravelandmore.com\/wp-content\/uploads\/2022\/12\/cropped-logo-cabecera-new.png\",\"width\":430,\"height\":61,\"caption\":\"Tour Travel And More\"},\"image\":{\"@id\":\"https:\/\/tourtravelandmore.com\/fr\/#\/schema\/logo\/image\/\"},\"sameAs\":[\"https:\/\/www.facebook.com\/tourtravelandmore\/\",\"https:\/\/x.com\/TourTravel_More\"]}]}<\/script>\n<!-- \/ Yoast SEO Premium plugin. -->","yoast_head_json":{"title":"Visite priv\u00e9e des cascades d'Ouzoud \u00e0 Marrakech | TourTravel&More","description":"Profitez de cette visite priv\u00e9e des cascades d'Ouzoud \u00e0 Marrakech avec un guide local et exp\u00e9riment\u00e9\/chauffeur pendant 9 heures.\u2705","robots":{"index":"index","follow":"follow","max-snippet":"max-snippet:-1","max-image-preview":"max-image-preview:large","max-video-preview":"max-video-preview:-1"},"canonical":"https:\/\/tourtravelandmore.com\/fr\/tours\/maroc-fr\/marrakech-fr\/visite-privee-des-cascades-douzoud-a-marrakech\/","og_locale":"fr_FR","og_type":"article","og_title":"Visite priv\u00e9e des cascades d'Ouzoud \u00e0 Marrakech","og_description":"Profitez de cette visite priv\u00e9e des cascades d'Ouzoud \u00e0 Marrakech avec un guide local et exp\u00e9riment\u00e9\/chauffeur pendant 9 heures.\u2705","og_url":"https:\/\/tourtravelandmore.com\/fr\/tours\/maroc-fr\/marrakech-fr\/visite-privee-des-cascades-douzoud-a-marrakech\/","og_site_name":"Tour Travel And More","article_publisher":"https:\/\/www.facebook.com\/tourtravelandmore\/","article_modified_time":"2024-03-26T14:16:03+00:00","og_image":[{"width":1280,"height":960,"url":"https:\/\/tourtravelandmore.com\/wp-content\/uploads\/2023\/05\/ouzoud-waterfalls-gbf3a36611_1280.jpg","type":"image\/jpeg"}],"twitter_card":"summary_large_image","twitter_site":"@TourTravel_More","twitter_misc":{"Dur\u00e9e de lecture estim\u00e9e":"3 minutes"},"schema":{"@context":"https:\/\/schema.org","@graph":[{"@type":"WebPage","@id":"https:\/\/tourtravelandmore.com\/fr\/tours\/maroc-fr\/marrakech-fr\/visite-privee-des-cascades-douzoud-a-marrakech\/","url":"https:\/\/tourtravelandmore.com\/fr\/tours\/maroc-fr\/marrakech-fr\/visite-privee-des-cascades-douzoud-a-marrakech\/","name":"Visite priv\u00e9e des cascades d'Ouzoud \u00e0 Marrakech | TourTravel&More","isPartOf":{"@id":"https:\/\/tourtravelandmore.com\/fr\/#website"},"primaryImageOfPage":{"@id":"https:\/\/tourtravelandmore.com\/fr\/tours\/maroc-fr\/marrakech-fr\/visite-privee-des-cascades-douzoud-a-marrakech\/#primaryimage"},"image":{"@id":"https:\/\/tourtravelandmore.com\/fr\/tours\/maroc-fr\/marrakech-fr\/visite-privee-des-cascades-douzoud-a-marrakech\/#primaryimage"},"thumbnailUrl":"https:\/\/tourtravelandmore.com\/wp-content\/uploads\/2023\/05\/ouzoud-waterfalls-gbf3a36611_1280.jpg","datePublished":"2023-05-29T12:31:22+00:00","dateModified":"2024-03-26T14:16:03+00:00","description":"Profitez de cette visite priv\u00e9e des cascades d'Ouzoud \u00e0 Marrakech avec un guide local et exp\u00e9riment\u00e9\/chauffeur pendant 9 heures.\u2705","breadcrumb":{"@id":"https:\/\/tourtravelandmore.com\/fr\/tours\/maroc-fr\/marrakech-fr\/visite-privee-des-cascades-douzoud-a-marrakech\/#breadcrumb"},"inLanguage":"fr-FR","potentialAction":[{"@type":"ReadAction","target":["https:\/\/tourtravelandmore.com\/fr\/tours\/maroc-fr\/marrakech-fr\/visite-privee-des-cascades-douzoud-a-marrakech\/"]}]},{"@type":"ImageObject","inLanguage":"fr-FR","@id":"https:\/\/tourtravelandmore.com\/fr\/tours\/maroc-fr\/marrakech-fr\/visite-privee-des-cascades-douzoud-a-marrakech\/#primaryimage","url":"https:\/\/tourtravelandmore.com\/wp-content\/uploads\/2023\/05\/ouzoud-waterfalls-gbf3a36611_1280.jpg","contentUrl":"https:\/\/tourtravelandmore.com\/wp-content\/uploads\/2023\/05\/ouzoud-waterfalls-gbf3a36611_1280.jpg","width":1280,"height":960},{"@type":"BreadcrumbList","@id":"https:\/\/tourtravelandmore.com\/fr\/tours\/maroc-fr\/marrakech-fr\/visite-privee-des-cascades-douzoud-a-marrakech\/#breadcrumb","itemListElement":[{"@type":"ListItem","position":1,"name":"Home","item":"https:\/\/tourtravelandmore.com\/fr\/"},{"@type":"ListItem","position":2,"name":"Tours","item":"https:\/\/tourtravelandmore.com\/fr\/tours\/"},{"@type":"ListItem","position":3,"name":"Visite priv\u00e9e des cascades d&#8217;Ouzoud \u00e0 Marrakech"}]},{"@type":"WebSite","@id":"https:\/\/tourtravelandmore.com\/fr\/#website","url":"https:\/\/tourtravelandmore.com\/fr\/","name":"Tour Travel And More","description":"Private sightseeing tours and luxury transfers in Spain","publisher":{"@id":"https:\/\/tourtravelandmore.com\/fr\/#organization"},"potentialAction":[{"@type":"SearchAction","target":{"@type":"EntryPoint","urlTemplate":"https:\/\/tourtravelandmore.com\/fr\/?s={search_term_string}"},"query-input":{"@type":"PropertyValueSpecification","valueRequired":true,"valueName":"search_term_string"}}],"inLanguage":"fr-FR"},{"@type":"Organization","@id":"https:\/\/tourtravelandmore.com\/fr\/#organization","name":"Tour Travel And More","url":"https:\/\/tourtravelandmore.com\/fr\/","logo":{"@type":"ImageObject","inLanguage":"fr-FR","@id":"https:\/\/tourtravelandmore.com\/fr\/#\/schema\/logo\/image\/","url":"https:\/\/tourtravelandmore.com\/wp-content\/uploads\/2022\/12\/cropped-logo-cabecera-new.png","contentUrl":"https:\/\/tourtravelandmore.com\/wp-content\/uploads\/2022\/12\/cropped-logo-cabecera-new.png","width":430,"height":61,"caption":"Tour Travel And More"},"image":{"@id":"https:\/\/tourtravelandmore.com\/fr\/#\/schema\/logo\/image\/"},"sameAs":["https:\/\/www.facebook.com\/tourtravelandmore\/","https:\/\/x.com\/TourTravel_More"]}]}},"_links":{"self":[{"href":"https:\/\/tourtravelandmore.com\/fr\/wp-json\/wp\/v2\/product\/168726","targetHints":{"allow":["GET"]}}],"collection":[{"href":"https:\/\/tourtravelandmore.com\/fr\/wp-json\/wp\/v2\/product"}],"about":[{"href":"https:\/\/tourtravelandmore.com\/fr\/wp-json\/wp\/v2\/types\/product"}],"replies":[{"embeddable":true,"href":"https:\/\/tourtravelandmore.com\/fr\/wp-json\/wp\/v2\/comments?post=168726"}],"wp:featuredmedia":[{"embeddable":true,"href":"https:\/\/tourtravelandmore.com\/fr\/wp-json\/wp\/v2\/media\/168736"}],"wp:attachment":[{"href":"https:\/\/tourtravelandmore.com\/fr\/wp-json\/wp\/v2\/media?parent=168726"}],"wp:term":[{"taxonomy":"product_brand","embeddable":true,"href":"https:\/\/tourtravelandmore.com\/fr\/wp-json\/wp\/v2\/product_brand?post=168726"},{"taxonomy":"product_cat","embeddable":true,"href":"https:\/\/tourtravelandmore.com\/fr\/wp-json\/wp\/v2\/product_cat?post=168726"},{"taxonomy":"product_tag","embeddable":true,"href":"https:\/\/tourtravelandmore.com\/fr\/wp-json\/wp\/v2\/product_tag?post=168726"}],"curies":[{"name":"wp","href":"https:\/\/api.w.org\/{rel}","templated":true}]}}