{"id":168719,"date":"2023-05-27T03:57:39","date_gmt":"2023-05-27T02:01:13","guid":{"rendered":"https:\/\/tourtravelandmore.com\/?post_type=product&#038;p=168719"},"modified":"2023-06-09T22:34:51","modified_gmt":"2023-06-09T20:34:51","slug":"visite-privee-a-pied-de-san-telmo","status":"publish","type":"product","link":"https:\/\/tourtravelandmore.com\/fr\/tours\/argentine\/buenos-aires-fr\/toutes-les-visites-privees-fr-2\/visite-privee-a-pied-de-san-telmo\/","title":{"rendered":"Visite priv\u00e9e \u00e0 pied de San Telmo"},"content":{"rendered":"<h2><b>Description de la visite priv\u00e9e \u00e0 pied de San Telmo :<\/b><\/h2>\n<p><span style=\"font-weight: 400;\">D\u00e9couvrez la riche histoire et l&#8217;atmosph\u00e8re vibrante de San Telmo lors d&#8217;une visite priv\u00e9e \u00e0 pied de 2 heures avec Tour Travel and More. Tout en fl\u00e2nant dans les rues pav\u00e9es du quartier, votre guide expert vous fera revivre les histoires et les l\u00e9gendes qui font de San Telmo l&#8217;un des quartiers les plus captivants de Buenos Aires. D\u00e9couvrez le m\u00e9lange unique de tradition, d&#8217;art et de culture qui d\u00e9finit ce barrio boh\u00e8me au cours de cette visite personnalis\u00e9e et captivante. Plongez dans le pass\u00e9 diversifi\u00e9 du quartier, de ses origines en tant que colonie riveraine \u00e0 sa transformation en un centre culturel prosp\u00e8re, en explorant les nombreux tr\u00e9sors cach\u00e9s de San Telmo.<\/span><\/p>\n<h2><b>Visite priv\u00e9e \u00e0 pied des points d&#8217;int\u00e9r\u00eat de San Telmo :<\/b><\/h2>\n<p><span style=\"font-weight: 400;\">D\u00e9couvrez les principaux sites et attractions de San Telmo, depuis ses monuments historiques et son architecture magnifiquement pr\u00e9serv\u00e9e jusqu&#8217;\u00e0 ses march\u00e9s et ses rues anim\u00e9es. Plongez dans le charme intemporel et l&#8217;esprit artistique du quartier pendant que votre guide vous pr\u00e9sente ce que San Telmo a de mieux \u00e0 offrir, cr\u00e9ant ainsi une exp\u00e9rience inoubliable qui capture l&#8217;essence de cette destination embl\u00e9matique de Buenos Aires. Visitez des galeries d&#8217;art renomm\u00e9es, assistez \u00e0 des spectacles de tango impromptus et go\u00fbtez aux d\u00e9lices culinaires locaux au cours de votre voyage au c\u0153ur de ce quartier fascinant.<\/span><\/p>\n<p><b>Le march\u00e9 de San Telmo :<\/b><\/p>\n<p><span style=\"font-weight: 400;\">Le march\u00e9 San Telmo est un centre d&#8217;activit\u00e9 anim\u00e9 qui offre aux visiteurs un aper\u00e7u authentique de la culture locale de Buenos Aires. Avec son atmosph\u00e8re vibrante et son m\u00e9lange \u00e9clectique d&#8217;antiquit\u00e9s, d&#8217;artisanat et de d\u00e9lices culinaires, le march\u00e9 est une destination incontournable de San Telmo. Votre guide vous conduira \u00e0 travers les \u00e9tals anim\u00e9s du march\u00e9, en partageant avec vous des histoires et des id\u00e9es sur l&#8217;histoire et l&#8217;importance du march\u00e9. D\u00e9couvrez l&#8217;\u00e9nergie du march\u00e9 et immergez-vous dans le mode de vie local au cours de votre visite.<\/span><\/p>\n<p><b>Place Dorrego :<\/b><\/p>\n<p><span style=\"font-weight: 400;\">La place Dorrego est le c\u0153ur de San Telmo et l&#8217;une des plus anciennes places publiques de Buenos Aires. Entour\u00e9e de b\u00e2timents historiques et de charmants caf\u00e9s en plein air, la place est un lieu de rencontre populaire pour les habitants et les visiteurs. Le dimanche, la place se transforme en une foire anim\u00e9e en plein air, avec des spectacles de tango, de la musique en direct et des vendeurs ambulants vendant une vari\u00e9t\u00e9 de marchandises. D\u00e9couvrez l&#8217;atmosph\u00e8re vibrante et participez aux festivit\u00e9s au cours de votre visite.<\/span><\/p>\n<p><b>L&#8217;\u00e9glise San Pedro Telmo :<\/b><\/p>\n<p><span style=\"font-weight: 400;\">L&#8217;\u00e9glise San Pedro Telmo est une belle \u00e9glise historique situ\u00e9e au c\u0153ur du quartier de San Telmo. Sa fa\u00e7ade baroque et son int\u00e9rieur \u00e9tonnant, avec ses autels orn\u00e9s et ses \u0153uvres d&#8217;art religieuses, en font une attraction \u00e0 ne pas manquer. Votre guide vous racontera l&#8217;histoire de l&#8217;\u00e9glise et son importance pour la communaut\u00e9 de San Telmo pendant votre visite. Vous comprendrez mieux la signification spirituelle de l&#8217;\u00e9glise et sa place dans le paysage culturel de Buenos Aires.<\/span><\/p>\n<p><b>Rue Defensa :<\/b><\/p>\n<p><span style=\"font-weight: 400;\">La rue Defensa est l&#8217;une des rues les plus anim\u00e9es et les plus historiques de San Telmo, bord\u00e9e de charmants b\u00e2timents coloniaux, de galeries d&#8217;art et de magasins d&#8217;antiquit\u00e9s. Tout au long de la rue, votre guide vous racontera des anecdotes fascinantes sur l&#8217;histoire du quartier et sa transformation en une destination populaire pour les amateurs d&#8217;art et les collectionneurs d&#8217;antiquit\u00e9s. Ne manquez pas l&#8217;occasion de visiter quelques-unes des boutiques et galeries d&#8217;art uniques au cours de votre visite. Impr\u00e9gnez-vous de l&#8217;atmosph\u00e8re cr\u00e9ative qui impr\u00e8gne la rue et inspire sa communaut\u00e9 artistique florissante.<\/span><\/p>\n<p><b>Pasaje de la Defensa :<\/b><\/p>\n<p><span style=\"font-weight: 400;\">Pasaje de la Defensa est un joyau cach\u00e9, nich\u00e9 dans San Telmo, qui met en valeur la beaut\u00e9 architecturale de Buenos Aires dans un cadre pittoresque. Cette demeure restaur\u00e9e du XIXe si\u00e8cle abrite aujourd&#8217;hui une collection de boutiques et de caf\u00e9s, offrant aux visiteurs une exp\u00e9rience unique de shopping et de restauration. Votre guide vous racontera l&#8217;histoire captivante du manoir et de ses anciens r\u00e9sidents, vous donnant un aper\u00e7u de la vie de l&#8217;\u00e9lite de Buenos Aires pendant l&#8217;\u00e2ge d&#8217;or de la ville. Profitez de l&#8217;ambiance charmante et de l&#8217;impression de remonter le temps en explorant ce lieu enchanteur.<\/span><\/p>\n<p><a href=\"https:\/\/tourtravelandmore.com\/fr\/city\/argentine\/buenos-aires-fr\/\"><span style=\"font-weight: 400;\">Explorez les nombreuses visites priv\u00e9es disponibles \u00e0 Buenos Aires avec Tour Travel and More. <\/span><\/a><span style=\"font-weight: 400;\">D\u00e9couvrez les joyaux cach\u00e9s, les tr\u00e9sors culturels et les sites historiques de la ville avec nos guides experts. Visitez notre site Web pour consulter notre liste exhaustive de circuits et d&#8217;exp\u00e9riences, et r\u00e9servez d\u00e8s aujourd&#8217;hui votre aventure parfaite \u00e0 Buenos Aires.<\/span><\/p>\n","protected":false},"excerpt":{"rendered":"<p><span style=\"font-weight: 400;\">D\u00e9couvrez le charme et l&#8217;histoire de San Telmo lors d&#8217;une visite priv\u00e9e de 2 heures avec Tour Travel and More. Explorez les sites et attractions incontournables du quartier avec un guide expert.<\/span><\/p>\n","protected":false},"featured_media":168716,"comment_status":"open","ping_status":"closed","template":"","meta":{"_acf_changed":false},"product_brand":[],"product_cat":[4410,4413,4416,4422],"product_tag":[],"class_list":{"0":"post-168719","1":"product","2":"type-product","3":"status-publish","4":"has-post-thumbnail","6":"product_cat-argentine","7":"product_cat-buenos-aires-fr","8":"product_cat-toutes-les-visites-privees-fr-2","9":"product_cat-visites-privees-a-pied-fr-5","11":"first","12":"instock","13":"shipping-taxable","14":"purchasable","15":"product-type-simple"},"acf":[],"yoast_head":"<!-- This site is optimized with the Yoast SEO Premium plugin v25.3.1 (Yoast SEO v25.3.1) - https:\/\/yoast.com\/wordpress\/plugins\/seo\/ -->\n<title>\u27a1\ufe0f Visite priv\u00e9e \u00e0 pied de San Telmo avec Tour Travel and More<\/title>\n<meta name=\"description\" content=\"D\u00e9couvrez le quartier anim\u00e9 de San Telmo lors d&#039;une visite priv\u00e9e \u00e0 pied de 2 heures. Explorez les sites historiques, les march\u00e9s et plus encore avec un guide expert \u2705\" \/>\n<meta name=\"robots\" content=\"index, follow, max-snippet:-1, max-image-preview:large, max-video-preview:-1\" \/>\n<link rel=\"canonical\" href=\"https:\/\/tourtravelandmore.com\/fr\/tours\/argentine\/buenos-aires-fr\/toutes-les-visites-privees-fr-2\/visite-privee-a-pied-de-san-telmo\/\" \/>\n<meta property=\"og:locale\" content=\"fr_FR\" \/>\n<meta property=\"og:type\" content=\"article\" \/>\n<meta property=\"og:title\" content=\"Visite priv\u00e9e \u00e0 pied de San Telmo\" \/>\n<meta property=\"og:description\" content=\"D\u00e9couvrez le quartier anim\u00e9 de San Telmo lors d&#039;une visite priv\u00e9e \u00e0 pied de 2 heures. Explorez les sites historiques, les march\u00e9s et plus encore avec un guide expert \u2705\" \/>\n<meta property=\"og:url\" content=\"https:\/\/tourtravelandmore.com\/fr\/tours\/argentine\/buenos-aires-fr\/toutes-les-visites-privees-fr-2\/visite-privee-a-pied-de-san-telmo\/\" \/>\n<meta property=\"og:site_name\" content=\"Tour Travel And More\" \/>\n<meta property=\"article:publisher\" content=\"https:\/\/www.facebook.com\/tourtravelandmore\/\" \/>\n<meta property=\"article:modified_time\" content=\"2023-06-09T20:34:51+00:00\" \/>\n<meta property=\"og:image\" content=\"https:\/\/tourtravelandmore.com\/wp-content\/uploads\/2023\/05\/image4-2.jpg\" \/>\n\t<meta property=\"og:image:width\" content=\"950\" \/>\n\t<meta property=\"og:image:height\" content=\"750\" \/>\n\t<meta property=\"og:image:type\" content=\"image\/jpeg\" \/>\n<meta name=\"twitter:card\" content=\"summary_large_image\" \/>\n<meta name=\"twitter:site\" content=\"@TourTravel_More\" \/>\n<meta name=\"twitter:label1\" content=\"Dur\u00e9e de lecture estim\u00e9e\" \/>\n\t<meta name=\"twitter:data1\" content=\"4 minutes\" \/>\n<script type=\"application\/ld+json\" class=\"yoast-schema-graph\">{\"@context\":\"https:\/\/schema.org\",\"@graph\":[{\"@type\":\"WebPage\",\"@id\":\"https:\/\/tourtravelandmore.com\/fr\/tours\/argentine\/buenos-aires-fr\/toutes-les-visites-privees-fr-2\/visite-privee-a-pied-de-san-telmo\/\",\"url\":\"https:\/\/tourtravelandmore.com\/fr\/tours\/argentine\/buenos-aires-fr\/toutes-les-visites-privees-fr-2\/visite-privee-a-pied-de-san-telmo\/\",\"name\":\"\u27a1\ufe0f Visite priv\u00e9e \u00e0 pied de San Telmo avec Tour Travel and More\",\"isPartOf\":{\"@id\":\"https:\/\/tourtravelandmore.com\/fr\/#website\"},\"primaryImageOfPage\":{\"@id\":\"https:\/\/tourtravelandmore.com\/fr\/tours\/argentine\/buenos-aires-fr\/toutes-les-visites-privees-fr-2\/visite-privee-a-pied-de-san-telmo\/#primaryimage\"},\"image\":{\"@id\":\"https:\/\/tourtravelandmore.com\/fr\/tours\/argentine\/buenos-aires-fr\/toutes-les-visites-privees-fr-2\/visite-privee-a-pied-de-san-telmo\/#primaryimage\"},\"thumbnailUrl\":\"https:\/\/tourtravelandmore.com\/wp-content\/uploads\/2023\/05\/image4-2.jpg\",\"datePublished\":\"2023-05-27T02:01:13+00:00\",\"dateModified\":\"2023-06-09T20:34:51+00:00\",\"description\":\"D\u00e9couvrez le quartier anim\u00e9 de San Telmo lors d'une visite priv\u00e9e \u00e0 pied de 2 heures. Explorez les sites historiques, les march\u00e9s et plus encore avec un guide expert \u2705\",\"breadcrumb\":{\"@id\":\"https:\/\/tourtravelandmore.com\/fr\/tours\/argentine\/buenos-aires-fr\/toutes-les-visites-privees-fr-2\/visite-privee-a-pied-de-san-telmo\/#breadcrumb\"},\"inLanguage\":\"fr-FR\",\"potentialAction\":[{\"@type\":\"ReadAction\",\"target\":[\"https:\/\/tourtravelandmore.com\/fr\/tours\/argentine\/buenos-aires-fr\/toutes-les-visites-privees-fr-2\/visite-privee-a-pied-de-san-telmo\/\"]}]},{\"@type\":\"ImageObject\",\"inLanguage\":\"fr-FR\",\"@id\":\"https:\/\/tourtravelandmore.com\/fr\/tours\/argentine\/buenos-aires-fr\/toutes-les-visites-privees-fr-2\/visite-privee-a-pied-de-san-telmo\/#primaryimage\",\"url\":\"https:\/\/tourtravelandmore.com\/wp-content\/uploads\/2023\/05\/image4-2.jpg\",\"contentUrl\":\"https:\/\/tourtravelandmore.com\/wp-content\/uploads\/2023\/05\/image4-2.jpg\",\"width\":950,\"height\":750},{\"@type\":\"BreadcrumbList\",\"@id\":\"https:\/\/tourtravelandmore.com\/fr\/tours\/argentine\/buenos-aires-fr\/toutes-les-visites-privees-fr-2\/visite-privee-a-pied-de-san-telmo\/#breadcrumb\",\"itemListElement\":[{\"@type\":\"ListItem\",\"position\":1,\"name\":\"Home\",\"item\":\"https:\/\/tourtravelandmore.com\/fr\/\"},{\"@type\":\"ListItem\",\"position\":2,\"name\":\"Tours\",\"item\":\"https:\/\/tourtravelandmore.com\/fr\/tours\/\"},{\"@type\":\"ListItem\",\"position\":3,\"name\":\"Visite priv\u00e9e \u00e0 pied de San Telmo\"}]},{\"@type\":\"WebSite\",\"@id\":\"https:\/\/tourtravelandmore.com\/fr\/#website\",\"url\":\"https:\/\/tourtravelandmore.com\/fr\/\",\"name\":\"Tour Travel And More\",\"description\":\"Private sightseeing tours and luxury transfers in Spain\",\"publisher\":{\"@id\":\"https:\/\/tourtravelandmore.com\/fr\/#organization\"},\"potentialAction\":[{\"@type\":\"SearchAction\",\"target\":{\"@type\":\"EntryPoint\",\"urlTemplate\":\"https:\/\/tourtravelandmore.com\/fr\/?s={search_term_string}\"},\"query-input\":{\"@type\":\"PropertyValueSpecification\",\"valueRequired\":true,\"valueName\":\"search_term_string\"}}],\"inLanguage\":\"fr-FR\"},{\"@type\":\"Organization\",\"@id\":\"https:\/\/tourtravelandmore.com\/fr\/#organization\",\"name\":\"Tour Travel And More\",\"url\":\"https:\/\/tourtravelandmore.com\/fr\/\",\"logo\":{\"@type\":\"ImageObject\",\"inLanguage\":\"fr-FR\",\"@id\":\"https:\/\/tourtravelandmore.com\/fr\/#\/schema\/logo\/image\/\",\"url\":\"https:\/\/tourtravelandmore.com\/wp-content\/uploads\/2022\/12\/cropped-logo-cabecera-new.png\",\"contentUrl\":\"https:\/\/tourtravelandmore.com\/wp-content\/uploads\/2022\/12\/cropped-logo-cabecera-new.png\",\"width\":430,\"height\":61,\"caption\":\"Tour Travel And More\"},\"image\":{\"@id\":\"https:\/\/tourtravelandmore.com\/fr\/#\/schema\/logo\/image\/\"},\"sameAs\":[\"https:\/\/www.facebook.com\/tourtravelandmore\/\",\"https:\/\/x.com\/TourTravel_More\"]}]}<\/script>\n<!-- \/ Yoast SEO Premium plugin. -->","yoast_head_json":{"title":"\u27a1\ufe0f Visite priv\u00e9e \u00e0 pied de San Telmo avec Tour Travel and More","description":"D\u00e9couvrez le quartier anim\u00e9 de San Telmo lors d'une visite priv\u00e9e \u00e0 pied de 2 heures. Explorez les sites historiques, les march\u00e9s et plus encore avec un guide expert \u2705","robots":{"index":"index","follow":"follow","max-snippet":"max-snippet:-1","max-image-preview":"max-image-preview:large","max-video-preview":"max-video-preview:-1"},"canonical":"https:\/\/tourtravelandmore.com\/fr\/tours\/argentine\/buenos-aires-fr\/toutes-les-visites-privees-fr-2\/visite-privee-a-pied-de-san-telmo\/","og_locale":"fr_FR","og_type":"article","og_title":"Visite priv\u00e9e \u00e0 pied de San Telmo","og_description":"D\u00e9couvrez le quartier anim\u00e9 de San Telmo lors d'une visite priv\u00e9e \u00e0 pied de 2 heures. Explorez les sites historiques, les march\u00e9s et plus encore avec un guide expert \u2705","og_url":"https:\/\/tourtravelandmore.com\/fr\/tours\/argentine\/buenos-aires-fr\/toutes-les-visites-privees-fr-2\/visite-privee-a-pied-de-san-telmo\/","og_site_name":"Tour Travel And More","article_publisher":"https:\/\/www.facebook.com\/tourtravelandmore\/","article_modified_time":"2023-06-09T20:34:51+00:00","og_image":[{"width":950,"height":750,"url":"https:\/\/tourtravelandmore.com\/wp-content\/uploads\/2023\/05\/image4-2.jpg","type":"image\/jpeg"}],"twitter_card":"summary_large_image","twitter_site":"@TourTravel_More","twitter_misc":{"Dur\u00e9e de lecture estim\u00e9e":"4 minutes"},"schema":{"@context":"https:\/\/schema.org","@graph":[{"@type":"WebPage","@id":"https:\/\/tourtravelandmore.com\/fr\/tours\/argentine\/buenos-aires-fr\/toutes-les-visites-privees-fr-2\/visite-privee-a-pied-de-san-telmo\/","url":"https:\/\/tourtravelandmore.com\/fr\/tours\/argentine\/buenos-aires-fr\/toutes-les-visites-privees-fr-2\/visite-privee-a-pied-de-san-telmo\/","name":"\u27a1\ufe0f Visite priv\u00e9e \u00e0 pied de San Telmo avec Tour Travel and More","isPartOf":{"@id":"https:\/\/tourtravelandmore.com\/fr\/#website"},"primaryImageOfPage":{"@id":"https:\/\/tourtravelandmore.com\/fr\/tours\/argentine\/buenos-aires-fr\/toutes-les-visites-privees-fr-2\/visite-privee-a-pied-de-san-telmo\/#primaryimage"},"image":{"@id":"https:\/\/tourtravelandmore.com\/fr\/tours\/argentine\/buenos-aires-fr\/toutes-les-visites-privees-fr-2\/visite-privee-a-pied-de-san-telmo\/#primaryimage"},"thumbnailUrl":"https:\/\/tourtravelandmore.com\/wp-content\/uploads\/2023\/05\/image4-2.jpg","datePublished":"2023-05-27T02:01:13+00:00","dateModified":"2023-06-09T20:34:51+00:00","description":"D\u00e9couvrez le quartier anim\u00e9 de San Telmo lors d'une visite priv\u00e9e \u00e0 pied de 2 heures. Explorez les sites historiques, les march\u00e9s et plus encore avec un guide expert \u2705","breadcrumb":{"@id":"https:\/\/tourtravelandmore.com\/fr\/tours\/argentine\/buenos-aires-fr\/toutes-les-visites-privees-fr-2\/visite-privee-a-pied-de-san-telmo\/#breadcrumb"},"inLanguage":"fr-FR","potentialAction":[{"@type":"ReadAction","target":["https:\/\/tourtravelandmore.com\/fr\/tours\/argentine\/buenos-aires-fr\/toutes-les-visites-privees-fr-2\/visite-privee-a-pied-de-san-telmo\/"]}]},{"@type":"ImageObject","inLanguage":"fr-FR","@id":"https:\/\/tourtravelandmore.com\/fr\/tours\/argentine\/buenos-aires-fr\/toutes-les-visites-privees-fr-2\/visite-privee-a-pied-de-san-telmo\/#primaryimage","url":"https:\/\/tourtravelandmore.com\/wp-content\/uploads\/2023\/05\/image4-2.jpg","contentUrl":"https:\/\/tourtravelandmore.com\/wp-content\/uploads\/2023\/05\/image4-2.jpg","width":950,"height":750},{"@type":"BreadcrumbList","@id":"https:\/\/tourtravelandmore.com\/fr\/tours\/argentine\/buenos-aires-fr\/toutes-les-visites-privees-fr-2\/visite-privee-a-pied-de-san-telmo\/#breadcrumb","itemListElement":[{"@type":"ListItem","position":1,"name":"Home","item":"https:\/\/tourtravelandmore.com\/fr\/"},{"@type":"ListItem","position":2,"name":"Tours","item":"https:\/\/tourtravelandmore.com\/fr\/tours\/"},{"@type":"ListItem","position":3,"name":"Visite priv\u00e9e \u00e0 pied de San Telmo"}]},{"@type":"WebSite","@id":"https:\/\/tourtravelandmore.com\/fr\/#website","url":"https:\/\/tourtravelandmore.com\/fr\/","name":"Tour Travel And More","description":"Private sightseeing tours and luxury transfers in Spain","publisher":{"@id":"https:\/\/tourtravelandmore.com\/fr\/#organization"},"potentialAction":[{"@type":"SearchAction","target":{"@type":"EntryPoint","urlTemplate":"https:\/\/tourtravelandmore.com\/fr\/?s={search_term_string}"},"query-input":{"@type":"PropertyValueSpecification","valueRequired":true,"valueName":"search_term_string"}}],"inLanguage":"fr-FR"},{"@type":"Organization","@id":"https:\/\/tourtravelandmore.com\/fr\/#organization","name":"Tour Travel And More","url":"https:\/\/tourtravelandmore.com\/fr\/","logo":{"@type":"ImageObject","inLanguage":"fr-FR","@id":"https:\/\/tourtravelandmore.com\/fr\/#\/schema\/logo\/image\/","url":"https:\/\/tourtravelandmore.com\/wp-content\/uploads\/2022\/12\/cropped-logo-cabecera-new.png","contentUrl":"https:\/\/tourtravelandmore.com\/wp-content\/uploads\/2022\/12\/cropped-logo-cabecera-new.png","width":430,"height":61,"caption":"Tour Travel And More"},"image":{"@id":"https:\/\/tourtravelandmore.com\/fr\/#\/schema\/logo\/image\/"},"sameAs":["https:\/\/www.facebook.com\/tourtravelandmore\/","https:\/\/x.com\/TourTravel_More"]}]}},"_links":{"self":[{"href":"https:\/\/tourtravelandmore.com\/fr\/wp-json\/wp\/v2\/product\/168719","targetHints":{"allow":["GET"]}}],"collection":[{"href":"https:\/\/tourtravelandmore.com\/fr\/wp-json\/wp\/v2\/product"}],"about":[{"href":"https:\/\/tourtravelandmore.com\/fr\/wp-json\/wp\/v2\/types\/product"}],"replies":[{"embeddable":true,"href":"https:\/\/tourtravelandmore.com\/fr\/wp-json\/wp\/v2\/comments?post=168719"}],"wp:featuredmedia":[{"embeddable":true,"href":"https:\/\/tourtravelandmore.com\/fr\/wp-json\/wp\/v2\/media\/168716"}],"wp:attachment":[{"href":"https:\/\/tourtravelandmore.com\/fr\/wp-json\/wp\/v2\/media?parent=168719"}],"wp:term":[{"taxonomy":"product_brand","embeddable":true,"href":"https:\/\/tourtravelandmore.com\/fr\/wp-json\/wp\/v2\/product_brand?post=168719"},{"taxonomy":"product_cat","embeddable":true,"href":"https:\/\/tourtravelandmore.com\/fr\/wp-json\/wp\/v2\/product_cat?post=168719"},{"taxonomy":"product_tag","embeddable":true,"href":"https:\/\/tourtravelandmore.com\/fr\/wp-json\/wp\/v2\/product_tag?post=168719"}],"curies":[{"name":"wp","href":"https:\/\/api.w.org\/{rel}","templated":true}]}}