{"id":168703,"date":"2023-05-27T03:44:36","date_gmt":"2023-05-27T01:52:34","guid":{"rendered":"https:\/\/tourtravelandmore.com\/?post_type=product&#038;p=168703"},"modified":"2023-09-16T16:25:14","modified_gmt":"2023-09-16T14:25:14","slug":"visite-privee-a-pied-du-centre-historique-de-buenos-aires","status":"publish","type":"product","link":"https:\/\/tourtravelandmore.com\/fr\/tours\/argentine\/buenos-aires-fr\/toutes-les-visites-privees-fr-2\/visite-privee-a-pied-du-centre-historique-de-buenos-aires\/","title":{"rendered":"Visite priv\u00e9e \u00e0 pied du centre historique de Buenos Aires"},"content":{"rendered":"<h2><b>Description de la visite priv\u00e9e \u00e0 pied du centre historique de Buenos Aires<\/b><\/h2>\n<p><span style=\"font-weight: 400;\">Embarquez pour une captivante visite priv\u00e9e \u00e0 pied de 2 heures du centre historique de Buenos Aires avec Tour Travel and More. Accompagn\u00e9 d&#8217;un guide expert, vous plongerez dans la riche histoire de la ville et vous vous \u00e9merveillerez de son architecture \u00e9tonnante au cours de votre exploration \u00e0 pied. Cette visite immersive permet de d\u00e9couvrir de pr\u00e8s les monuments et les joyaux cach\u00e9s qui d\u00e9finissent le c\u0153ur de la capitale de l&#8217;Argentine. Vous comprendrez mieux l&#8217;h\u00e9ritage culturel de la ville et ressentirez l&#8217;\u00e9nergie vibrante qui fait de Buenos Aires une destination inoubliable.<\/span><\/p>\n<h2><b>Visite priv\u00e9e \u00e0 pied des points d&#8217;int\u00e9r\u00eat du centre historique de Buenos Aires<\/b><\/h2>\n<p><span style=\"font-weight: 400;\">D\u00e9couvrez les principaux sites et attractions qui constituent le centre historique de Buenos Aires. Des monuments majestueux et des grandes places aux pittoresques rues pav\u00e9es et \u00e0 l&#8217;art de rue vibrant, cette visite offre une exp\u00e9rience compl\u00e8te et inoubliable des destinations les plus embl\u00e9matiques et les plus ch\u00e8res de la ville. Votre guide bien inform\u00e9 partagera avec vous des anecdotes int\u00e9ressantes et des faits fascinants sur les lieux que vous visiterez, afin que vous repartiez avec une appr\u00e9ciation durable de l&#8217;histoire et de la culture qui fa\u00e7onnent Buenos Aires.<\/span><\/p>\n<p><b>Casa Rosada :<\/b><\/p>\n<p><span style=\"font-weight: 400;\">La Casa Rosada, ou Maison rose, est la r\u00e9sidence ex\u00e9cutive et le bureau du pr\u00e9sident de l&#8217;Argentine. Ce b\u00e2timent de couleur rose est un symbole embl\u00e9matique de la politique et de l&#8217;histoire argentines. Son style architectural orn\u00e9 et le c\u00e9l\u00e8bre balcon d&#8217;o\u00f9 Eva Per\u00f3n s&#8217;adressait \u00e0 la foule en font un site incontournable de toute visite de Buenos Aires. Au cours de votre visite, votre guide vous racontera des anecdotes captivantes sur l&#8217;histoire du b\u00e2timent, sur son r\u00f4le dans la politique argentine et sur les personnages c\u00e9l\u00e8bres qui se sont tenus sur son balcon embl\u00e9matique.<\/span><\/p>\n<p><b>Cath\u00e9drale m\u00e9tropolitaine :<\/b><\/p>\n<p><span style=\"font-weight: 400;\">La cath\u00e9drale m\u00e9tropolitaine est la principale \u00e9glise catholique de Buenos Aires et le si\u00e8ge de l&#8217;archev\u00eaque. Ce magnifique \u00e9difice pr\u00e9sente un m\u00e9lange unique de styles architecturaux, notamment n\u00e9oclassique, baroque et rococo. \u00c0 l&#8217;int\u00e9rieur, vous trouverez des autels impressionnants, de superbes \u0153uvres d&#8217;art et le tombeau du g\u00e9n\u00e9ral Jos\u00e9 de San Mart\u00edn, un h\u00e9ros national. Tout en admirant la beaut\u00e9 de la cath\u00e9drale, votre guide vous fournira des explications d\u00e9taill\u00e9es sur l&#8217;importance historique de ce monument religieux et sur son r\u00f4le dans la culture argentine.<\/span><\/p>\n<p><b>Place de Mai :<\/b><\/p>\n<p><span style=\"font-weight: 400;\">La Plaza de Mayo est le c\u0153ur politique et historique de Buenos Aires. Cette place embl\u00e9matique a \u00e9t\u00e9 le th\u00e9\u00e2tre de nombreux \u00e9v\u00e9nements importants dans l&#8217;histoire de l&#8217;Argentine, notamment des manifestations, des c\u00e9l\u00e9brations et des discours politiques. Entour\u00e9e de b\u00e2timents gouvernementaux et de monuments importants, la Plaza de Mayo est une \u00e9tape essentielle de toute visite historique \u00e0 pied de la ville. Promenez-vous sur la place avec votre guide, qui vous donnera des informations fascinantes sur les \u00e9v\u00e9nements qui s&#8217;y sont d\u00e9roul\u00e9s et sur l&#8217;importance de ce lieu dans la riche histoire de Buenos Aires.<\/span><\/p>\n<p><b>Caf\u00e9 Tortoni :<\/b><\/p>\n<p><span style=\"font-weight: 400;\">Le Caf\u00e9 Tortoni est un caf\u00e9 historique et embl\u00e9matique situ\u00e9 au c\u0153ur de Buenos Aires, datant de 1858. C&#8217;est l&#8217;un des plus anciens caf\u00e9s de la ville et, au fil des ans, il a \u00e9t\u00e9 un lieu de rencontre populaire pour les artistes, les intellectuels et les hommes politiques. L&#8217;int\u00e9rieur \u00e9l\u00e9gant, orn\u00e9 de plafonds en vitraux Tiffany, de lustres et de tables en marbre, vous transporte dans une \u00e9poque r\u00e9volue. Au cours de la visite, votre guide vous racontera l&#8217;histoire du caf\u00e9 et des clients c\u00e9l\u00e8bres qui ont fr\u00e9quent\u00e9 ses salles.<\/span><\/p>\n<p><a href=\"https:\/\/tourtravelandmore.com\/fr\/city\/argentine\/buenos-aires-fr\/\"><span style=\"font-weight: 400;\">Pour en savoir plus sur Buenos Aires et sur la vaste gamme de visites priv\u00e9es propos\u00e9es par Tour Travel and More.<\/span><\/a><span style=\"font-weight: 400;\"> Vous trouverez une vaste s\u00e9lection de circuits con\u00e7us par des experts pour r\u00e9pondre \u00e0 vos int\u00e9r\u00eats et \u00e0 vos pr\u00e9f\u00e9rences, vous permettant de vivre des exp\u00e9riences inoubliables dans cette ville vibrante.<\/span><\/p>\n","protected":false},"excerpt":{"rendered":"<p><span style=\"font-weight: 400;\">Explorez le centre historique de Buenos Aires lors d&#8217;une visite priv\u00e9e \u00e0 pied de 2 heures avec un guide expert. D\u00e9couvrez les sites embl\u00e9matiques de la ville, sa riche histoire et son architecture captivante.<\/span><\/p>\n","protected":false},"featured_media":168694,"comment_status":"open","ping_status":"closed","template":"","meta":{"_acf_changed":false},"product_brand":[],"product_cat":[4410,4413,4416,4422],"product_tag":[],"class_list":{"0":"post-168703","1":"product","2":"type-product","3":"status-publish","4":"has-post-thumbnail","6":"product_cat-argentine","7":"product_cat-buenos-aires-fr","8":"product_cat-toutes-les-visites-privees-fr-2","9":"product_cat-visites-privees-a-pied-fr-5","11":"first","12":"instock","13":"shipping-taxable","14":"purchasable","15":"product-type-simple"},"acf":[],"yoast_head":"<!-- This site is optimized with the Yoast SEO Premium plugin v25.3.1 (Yoast SEO v25.3.1) - https:\/\/yoast.com\/wordpress\/plugins\/seo\/ -->\n<title>\u27a1\ufe0f Private Walking Tour : Centre historique de Buenos Aires<\/title>\n<meta name=\"description\" content=\"D\u00e9couvrez le centre historique de Buenos Aires lors d&#039;une visite \u00e0 pied priv\u00e9e de 2 heures. D\u00e9couvrez les sites embl\u00e9matiques avec un guide expert. R\u00e9servez d\u00e8s maintenant ! \u2705\" \/>\n<meta name=\"robots\" content=\"index, follow, max-snippet:-1, max-image-preview:large, max-video-preview:-1\" \/>\n<link rel=\"canonical\" href=\"https:\/\/tourtravelandmore.com\/fr\/tours\/argentine\/buenos-aires-fr\/toutes-les-visites-privees-fr-2\/visite-privee-a-pied-du-centre-historique-de-buenos-aires\/\" \/>\n<meta property=\"og:locale\" content=\"fr_FR\" \/>\n<meta property=\"og:type\" content=\"article\" \/>\n<meta property=\"og:title\" content=\"Visite priv\u00e9e \u00e0 pied du centre historique de Buenos Aires\" \/>\n<meta property=\"og:description\" content=\"D\u00e9couvrez le centre historique de Buenos Aires lors d&#039;une visite \u00e0 pied priv\u00e9e de 2 heures. D\u00e9couvrez les sites embl\u00e9matiques avec un guide expert. R\u00e9servez d\u00e8s maintenant ! \u2705\" \/>\n<meta property=\"og:url\" content=\"https:\/\/tourtravelandmore.com\/fr\/tours\/argentine\/buenos-aires-fr\/toutes-les-visites-privees-fr-2\/visite-privee-a-pied-du-centre-historique-de-buenos-aires\/\" \/>\n<meta property=\"og:site_name\" content=\"Tour Travel And More\" \/>\n<meta property=\"article:publisher\" content=\"https:\/\/www.facebook.com\/tourtravelandmore\/\" \/>\n<meta property=\"article:modified_time\" content=\"2023-09-16T14:25:14+00:00\" \/>\n<meta property=\"og:image\" content=\"https:\/\/tourtravelandmore.com\/wp-content\/uploads\/2023\/05\/image2-1.jpg\" \/>\n\t<meta property=\"og:image:width\" content=\"950\" \/>\n\t<meta property=\"og:image:height\" content=\"750\" \/>\n\t<meta property=\"og:image:type\" content=\"image\/jpeg\" \/>\n<meta name=\"twitter:card\" content=\"summary_large_image\" \/>\n<meta name=\"twitter:site\" content=\"@TourTravel_More\" \/>\n<meta name=\"twitter:label1\" content=\"Dur\u00e9e de lecture estim\u00e9e\" \/>\n\t<meta name=\"twitter:data1\" content=\"4 minutes\" \/>\n<script type=\"application\/ld+json\" class=\"yoast-schema-graph\">{\"@context\":\"https:\/\/schema.org\",\"@graph\":[{\"@type\":\"WebPage\",\"@id\":\"https:\/\/tourtravelandmore.com\/fr\/tours\/argentine\/buenos-aires-fr\/toutes-les-visites-privees-fr-2\/visite-privee-a-pied-du-centre-historique-de-buenos-aires\/\",\"url\":\"https:\/\/tourtravelandmore.com\/fr\/tours\/argentine\/buenos-aires-fr\/toutes-les-visites-privees-fr-2\/visite-privee-a-pied-du-centre-historique-de-buenos-aires\/\",\"name\":\"\u27a1\ufe0f Private Walking Tour : Centre historique de Buenos Aires\",\"isPartOf\":{\"@id\":\"https:\/\/tourtravelandmore.com\/fr\/#website\"},\"primaryImageOfPage\":{\"@id\":\"https:\/\/tourtravelandmore.com\/fr\/tours\/argentine\/buenos-aires-fr\/toutes-les-visites-privees-fr-2\/visite-privee-a-pied-du-centre-historique-de-buenos-aires\/#primaryimage\"},\"image\":{\"@id\":\"https:\/\/tourtravelandmore.com\/fr\/tours\/argentine\/buenos-aires-fr\/toutes-les-visites-privees-fr-2\/visite-privee-a-pied-du-centre-historique-de-buenos-aires\/#primaryimage\"},\"thumbnailUrl\":\"https:\/\/tourtravelandmore.com\/wp-content\/uploads\/2023\/05\/image2-1.jpg\",\"datePublished\":\"2023-05-27T01:52:34+00:00\",\"dateModified\":\"2023-09-16T14:25:14+00:00\",\"description\":\"D\u00e9couvrez le centre historique de Buenos Aires lors d'une visite \u00e0 pied priv\u00e9e de 2 heures. D\u00e9couvrez les sites embl\u00e9matiques avec un guide expert. R\u00e9servez d\u00e8s maintenant ! \u2705\",\"breadcrumb\":{\"@id\":\"https:\/\/tourtravelandmore.com\/fr\/tours\/argentine\/buenos-aires-fr\/toutes-les-visites-privees-fr-2\/visite-privee-a-pied-du-centre-historique-de-buenos-aires\/#breadcrumb\"},\"inLanguage\":\"fr-FR\",\"potentialAction\":[{\"@type\":\"ReadAction\",\"target\":[\"https:\/\/tourtravelandmore.com\/fr\/tours\/argentine\/buenos-aires-fr\/toutes-les-visites-privees-fr-2\/visite-privee-a-pied-du-centre-historique-de-buenos-aires\/\"]}]},{\"@type\":\"ImageObject\",\"inLanguage\":\"fr-FR\",\"@id\":\"https:\/\/tourtravelandmore.com\/fr\/tours\/argentine\/buenos-aires-fr\/toutes-les-visites-privees-fr-2\/visite-privee-a-pied-du-centre-historique-de-buenos-aires\/#primaryimage\",\"url\":\"https:\/\/tourtravelandmore.com\/wp-content\/uploads\/2023\/05\/image2-1.jpg\",\"contentUrl\":\"https:\/\/tourtravelandmore.com\/wp-content\/uploads\/2023\/05\/image2-1.jpg\",\"width\":950,\"height\":750},{\"@type\":\"BreadcrumbList\",\"@id\":\"https:\/\/tourtravelandmore.com\/fr\/tours\/argentine\/buenos-aires-fr\/toutes-les-visites-privees-fr-2\/visite-privee-a-pied-du-centre-historique-de-buenos-aires\/#breadcrumb\",\"itemListElement\":[{\"@type\":\"ListItem\",\"position\":1,\"name\":\"Home\",\"item\":\"https:\/\/tourtravelandmore.com\/fr\/\"},{\"@type\":\"ListItem\",\"position\":2,\"name\":\"Tours\",\"item\":\"https:\/\/tourtravelandmore.com\/fr\/tours\/\"},{\"@type\":\"ListItem\",\"position\":3,\"name\":\"Visite priv\u00e9e \u00e0 pied du centre historique de Buenos Aires\"}]},{\"@type\":\"WebSite\",\"@id\":\"https:\/\/tourtravelandmore.com\/fr\/#website\",\"url\":\"https:\/\/tourtravelandmore.com\/fr\/\",\"name\":\"Tour Travel And More\",\"description\":\"Private sightseeing tours and luxury transfers in Spain\",\"publisher\":{\"@id\":\"https:\/\/tourtravelandmore.com\/fr\/#organization\"},\"potentialAction\":[{\"@type\":\"SearchAction\",\"target\":{\"@type\":\"EntryPoint\",\"urlTemplate\":\"https:\/\/tourtravelandmore.com\/fr\/?s={search_term_string}\"},\"query-input\":{\"@type\":\"PropertyValueSpecification\",\"valueRequired\":true,\"valueName\":\"search_term_string\"}}],\"inLanguage\":\"fr-FR\"},{\"@type\":\"Organization\",\"@id\":\"https:\/\/tourtravelandmore.com\/fr\/#organization\",\"name\":\"Tour Travel And More\",\"url\":\"https:\/\/tourtravelandmore.com\/fr\/\",\"logo\":{\"@type\":\"ImageObject\",\"inLanguage\":\"fr-FR\",\"@id\":\"https:\/\/tourtravelandmore.com\/fr\/#\/schema\/logo\/image\/\",\"url\":\"https:\/\/tourtravelandmore.com\/wp-content\/uploads\/2022\/12\/cropped-logo-cabecera-new.png\",\"contentUrl\":\"https:\/\/tourtravelandmore.com\/wp-content\/uploads\/2022\/12\/cropped-logo-cabecera-new.png\",\"width\":430,\"height\":61,\"caption\":\"Tour Travel And More\"},\"image\":{\"@id\":\"https:\/\/tourtravelandmore.com\/fr\/#\/schema\/logo\/image\/\"},\"sameAs\":[\"https:\/\/www.facebook.com\/tourtravelandmore\/\",\"https:\/\/x.com\/TourTravel_More\"]}]}<\/script>\n<!-- \/ Yoast SEO Premium plugin. -->","yoast_head_json":{"title":"\u27a1\ufe0f Private Walking Tour : Centre historique de Buenos Aires","description":"D\u00e9couvrez le centre historique de Buenos Aires lors d'une visite \u00e0 pied priv\u00e9e de 2 heures. D\u00e9couvrez les sites embl\u00e9matiques avec un guide expert. R\u00e9servez d\u00e8s maintenant ! \u2705","robots":{"index":"index","follow":"follow","max-snippet":"max-snippet:-1","max-image-preview":"max-image-preview:large","max-video-preview":"max-video-preview:-1"},"canonical":"https:\/\/tourtravelandmore.com\/fr\/tours\/argentine\/buenos-aires-fr\/toutes-les-visites-privees-fr-2\/visite-privee-a-pied-du-centre-historique-de-buenos-aires\/","og_locale":"fr_FR","og_type":"article","og_title":"Visite priv\u00e9e \u00e0 pied du centre historique de Buenos Aires","og_description":"D\u00e9couvrez le centre historique de Buenos Aires lors d'une visite \u00e0 pied priv\u00e9e de 2 heures. D\u00e9couvrez les sites embl\u00e9matiques avec un guide expert. R\u00e9servez d\u00e8s maintenant ! \u2705","og_url":"https:\/\/tourtravelandmore.com\/fr\/tours\/argentine\/buenos-aires-fr\/toutes-les-visites-privees-fr-2\/visite-privee-a-pied-du-centre-historique-de-buenos-aires\/","og_site_name":"Tour Travel And More","article_publisher":"https:\/\/www.facebook.com\/tourtravelandmore\/","article_modified_time":"2023-09-16T14:25:14+00:00","og_image":[{"width":950,"height":750,"url":"https:\/\/tourtravelandmore.com\/wp-content\/uploads\/2023\/05\/image2-1.jpg","type":"image\/jpeg"}],"twitter_card":"summary_large_image","twitter_site":"@TourTravel_More","twitter_misc":{"Dur\u00e9e de lecture estim\u00e9e":"4 minutes"},"schema":{"@context":"https:\/\/schema.org","@graph":[{"@type":"WebPage","@id":"https:\/\/tourtravelandmore.com\/fr\/tours\/argentine\/buenos-aires-fr\/toutes-les-visites-privees-fr-2\/visite-privee-a-pied-du-centre-historique-de-buenos-aires\/","url":"https:\/\/tourtravelandmore.com\/fr\/tours\/argentine\/buenos-aires-fr\/toutes-les-visites-privees-fr-2\/visite-privee-a-pied-du-centre-historique-de-buenos-aires\/","name":"\u27a1\ufe0f Private Walking Tour : Centre historique de Buenos Aires","isPartOf":{"@id":"https:\/\/tourtravelandmore.com\/fr\/#website"},"primaryImageOfPage":{"@id":"https:\/\/tourtravelandmore.com\/fr\/tours\/argentine\/buenos-aires-fr\/toutes-les-visites-privees-fr-2\/visite-privee-a-pied-du-centre-historique-de-buenos-aires\/#primaryimage"},"image":{"@id":"https:\/\/tourtravelandmore.com\/fr\/tours\/argentine\/buenos-aires-fr\/toutes-les-visites-privees-fr-2\/visite-privee-a-pied-du-centre-historique-de-buenos-aires\/#primaryimage"},"thumbnailUrl":"https:\/\/tourtravelandmore.com\/wp-content\/uploads\/2023\/05\/image2-1.jpg","datePublished":"2023-05-27T01:52:34+00:00","dateModified":"2023-09-16T14:25:14+00:00","description":"D\u00e9couvrez le centre historique de Buenos Aires lors d'une visite \u00e0 pied priv\u00e9e de 2 heures. D\u00e9couvrez les sites embl\u00e9matiques avec un guide expert. R\u00e9servez d\u00e8s maintenant ! \u2705","breadcrumb":{"@id":"https:\/\/tourtravelandmore.com\/fr\/tours\/argentine\/buenos-aires-fr\/toutes-les-visites-privees-fr-2\/visite-privee-a-pied-du-centre-historique-de-buenos-aires\/#breadcrumb"},"inLanguage":"fr-FR","potentialAction":[{"@type":"ReadAction","target":["https:\/\/tourtravelandmore.com\/fr\/tours\/argentine\/buenos-aires-fr\/toutes-les-visites-privees-fr-2\/visite-privee-a-pied-du-centre-historique-de-buenos-aires\/"]}]},{"@type":"ImageObject","inLanguage":"fr-FR","@id":"https:\/\/tourtravelandmore.com\/fr\/tours\/argentine\/buenos-aires-fr\/toutes-les-visites-privees-fr-2\/visite-privee-a-pied-du-centre-historique-de-buenos-aires\/#primaryimage","url":"https:\/\/tourtravelandmore.com\/wp-content\/uploads\/2023\/05\/image2-1.jpg","contentUrl":"https:\/\/tourtravelandmore.com\/wp-content\/uploads\/2023\/05\/image2-1.jpg","width":950,"height":750},{"@type":"BreadcrumbList","@id":"https:\/\/tourtravelandmore.com\/fr\/tours\/argentine\/buenos-aires-fr\/toutes-les-visites-privees-fr-2\/visite-privee-a-pied-du-centre-historique-de-buenos-aires\/#breadcrumb","itemListElement":[{"@type":"ListItem","position":1,"name":"Home","item":"https:\/\/tourtravelandmore.com\/fr\/"},{"@type":"ListItem","position":2,"name":"Tours","item":"https:\/\/tourtravelandmore.com\/fr\/tours\/"},{"@type":"ListItem","position":3,"name":"Visite priv\u00e9e \u00e0 pied du centre historique de Buenos Aires"}]},{"@type":"WebSite","@id":"https:\/\/tourtravelandmore.com\/fr\/#website","url":"https:\/\/tourtravelandmore.com\/fr\/","name":"Tour Travel And More","description":"Private sightseeing tours and luxury transfers in Spain","publisher":{"@id":"https:\/\/tourtravelandmore.com\/fr\/#organization"},"potentialAction":[{"@type":"SearchAction","target":{"@type":"EntryPoint","urlTemplate":"https:\/\/tourtravelandmore.com\/fr\/?s={search_term_string}"},"query-input":{"@type":"PropertyValueSpecification","valueRequired":true,"valueName":"search_term_string"}}],"inLanguage":"fr-FR"},{"@type":"Organization","@id":"https:\/\/tourtravelandmore.com\/fr\/#organization","name":"Tour Travel And More","url":"https:\/\/tourtravelandmore.com\/fr\/","logo":{"@type":"ImageObject","inLanguage":"fr-FR","@id":"https:\/\/tourtravelandmore.com\/fr\/#\/schema\/logo\/image\/","url":"https:\/\/tourtravelandmore.com\/wp-content\/uploads\/2022\/12\/cropped-logo-cabecera-new.png","contentUrl":"https:\/\/tourtravelandmore.com\/wp-content\/uploads\/2022\/12\/cropped-logo-cabecera-new.png","width":430,"height":61,"caption":"Tour Travel And More"},"image":{"@id":"https:\/\/tourtravelandmore.com\/fr\/#\/schema\/logo\/image\/"},"sameAs":["https:\/\/www.facebook.com\/tourtravelandmore\/","https:\/\/x.com\/TourTravel_More"]}]}},"_links":{"self":[{"href":"https:\/\/tourtravelandmore.com\/fr\/wp-json\/wp\/v2\/product\/168703","targetHints":{"allow":["GET"]}}],"collection":[{"href":"https:\/\/tourtravelandmore.com\/fr\/wp-json\/wp\/v2\/product"}],"about":[{"href":"https:\/\/tourtravelandmore.com\/fr\/wp-json\/wp\/v2\/types\/product"}],"replies":[{"embeddable":true,"href":"https:\/\/tourtravelandmore.com\/fr\/wp-json\/wp\/v2\/comments?post=168703"}],"wp:featuredmedia":[{"embeddable":true,"href":"https:\/\/tourtravelandmore.com\/fr\/wp-json\/wp\/v2\/media\/168694"}],"wp:attachment":[{"href":"https:\/\/tourtravelandmore.com\/fr\/wp-json\/wp\/v2\/media?parent=168703"}],"wp:term":[{"taxonomy":"product_brand","embeddable":true,"href":"https:\/\/tourtravelandmore.com\/fr\/wp-json\/wp\/v2\/product_brand?post=168703"},{"taxonomy":"product_cat","embeddable":true,"href":"https:\/\/tourtravelandmore.com\/fr\/wp-json\/wp\/v2\/product_cat?post=168703"},{"taxonomy":"product_tag","embeddable":true,"href":"https:\/\/tourtravelandmore.com\/fr\/wp-json\/wp\/v2\/product_tag?post=168703"}],"curies":[{"name":"wp","href":"https:\/\/api.w.org\/{rel}","templated":true}]}}