{"id":168687,"date":"2023-05-27T03:07:02","date_gmt":"2023-05-27T01:07:02","guid":{"rendered":"https:\/\/tourtravelandmore.com\/tours\/non%20class\u00e9\/excursion-privee-dune-journee-avec-les-points-forts-de-buenos-aires\/"},"modified":"2023-08-17T21:04:40","modified_gmt":"2023-08-17T19:04:40","slug":"excursion-privee-dune-journee-avec-les-points-forts-de-buenos-aires","status":"publish","type":"product","link":"https:\/\/tourtravelandmore.com\/fr\/tours\/argentine\/buenos-aires-fr\/toutes-les-visites-privees-fr-2\/excursion-privee-dune-journee-avec-les-points-forts-de-buenos-aires\/","title":{"rendered":"Excursion priv\u00e9e d&#8217;une journ\u00e9e avec les points forts de Buenos Aires"},"content":{"rendered":"<h2><b>Description de l&#8217;excursion priv\u00e9e d&#8217;une journ\u00e9e avec les points forts de Buenos Aires :<\/b><\/h2>\n<p><span style=\"font-weight: 400;\">D\u00e9couvrez la ville vibrante de Buenos Aires lors d&#8217;une visite priv\u00e9e d&#8217;une journ\u00e9e avec Tour Travel and More. Cette visite de 8 heures offre une exp\u00e9rience personnalis\u00e9e avec un guide professionnel et un v\u00e9hicule priv\u00e9 avec chauffeur, garantissant une exploration confortable et enrichissante des sites les plus embl\u00e9matiques de la ville. Plongez dans la riche histoire, l&#8217;architecture et la culture de la capitale de l&#8217;Argentine en visitant les attractions incontournables et les joyaux cach\u00e9s qui rendent cette ville vraiment unique. Tout au long de la journ\u00e9e, votre guide bien inform\u00e9 partagera avec vous des histoires captivantes et des d\u00e9tails instructifs sur chaque site, donnant ainsi vie au pass\u00e9 et au pr\u00e9sent de Buenos Aires. Ce voyage inoubliable est le moyen id\u00e9al de d\u00e9couvrir le charme et la beaut\u00e9 de la ville, et vous laissera une impression durable de son esprit vibrant.<\/span><\/p>\n<p><span style=\"font-weight: 400;\">D\u00e9couvrez le meilleur de Buenos Aires gr\u00e2ce \u00e0 une s\u00e9lection minutieuse de points d&#8217;int\u00e9r\u00eat qui mettent en valeur la diversit\u00e9 de la ville. Des monuments historiques aux quartiers color\u00e9s, en passant par les parcs et les march\u00e9s anim\u00e9s, cette visite vous emm\u00e8nera dans un voyage \u00e0 travers la riche tapisserie de culture, d&#8217;art et d&#8217;histoire de la ville, vous laissant des souvenirs inoubliables et vous permettant de mieux comprendre Buenos Aires. Vous aurez l&#8217;occasion d&#8217;interagir avec les habitants, de go\u00fbter \u00e0 la d\u00e9licieuse cuisine argentine et d&#8217;\u00eatre le t\u00e9moin direct de l&#8217;\u00e9nergie de la ville, ce qui fait de cette visite une exp\u00e9rience authentique et immersive qui va au-del\u00e0 de la surface.<\/span><\/p>\n<h2><b>Sites et lieux d&#8217;int\u00e9r\u00eat populaires \u00e0 Buenos Aires :<\/b><\/h2>\n<p><b>Cimeti\u00e8re de Recoleta :<\/b><\/p>\n<p><span style=\"font-weight: 400;\">Le cimeti\u00e8re de Recoleta est un mus\u00e9e en plein air qui abrite d&#8217;impressionnants mausol\u00e9es et statues, ce qui en fait une destination incontournable \u00e0 Buenos Aires. Il abrite la derni\u00e8re demeure de nombreux Argentins c\u00e9l\u00e8bres, dont Eva Per\u00f3n, des pr\u00e9sidents et des laur\u00e9ats du prix Nobel. L&#8217;architecture complexe et la riche histoire du cimeti\u00e8re en font un lieu fascinant \u00e0 explorer. En vous promenant dans les rues \u00e9troites de cette remarquable n\u00e9cropole, vous serez captiv\u00e9 par les tombes artistiques, les sculptures \u00e9labor\u00e9es et les histoires fascinantes des personnes qui y reposent. L&#8217;atmosph\u00e8re sereine du cimeti\u00e8re de Recoleta offre une perspective unique sur l&#8217;histoire et la culture argentines et laisse une impression durable aux visiteurs.<\/span><\/p>\n<p><b>La rue Caminito \u00e0 La Boca :<\/b><\/p>\n<p><span style=\"font-weight: 400;\">La rue Caminito est une rue color\u00e9e et anim\u00e9e du quartier historique de La Boca, c\u00e9l\u00e8bre pour ses b\u00e2timents peints de couleurs vives, son art de la rue et ses spectacles de tango. Ce quartier embl\u00e9matique met en valeur le riche patrimoine culturel et l&#8217;esprit artistique de Buenos Aires, offrant une exp\u00e9rience unique aux visiteurs. En vous promenant le long du Caminito, vous d\u00e9couvrirez un mus\u00e9e en plein air anim\u00e9, rempli d&#8217;artistes locaux, d&#8217;artisans et d&#8217;artistes de rue. L&#8217;atmosph\u00e8re anim\u00e9e, combin\u00e9e \u00e0 l&#8217;architecture distinctive et \u00e0 l&#8217;histoire captivante du quartier, fait de la rue Caminito une \u00e9tape inoubliable de votre visite de Buenos Aires.<\/span><\/p>\n<p><b>March\u00e9 de San Telmo :<\/b><\/p>\n<p><span style=\"font-weight: 400;\">Le march\u00e9 San Telmo est un march\u00e9 historique anim\u00e9 situ\u00e9 dans l&#8217;un des plus anciens quartiers de Buenos Aires. Connu pour son atmosph\u00e8re vibrante, le march\u00e9 est un tr\u00e9sor d&#8217;antiquit\u00e9s, d&#8217;objets vintage, d&#8217;artisanat et de d\u00e9licieuse cuisine de rue. En explorant les passages \u00e9troits et les \u00e9tals anim\u00e9s, vous aurez un aper\u00e7u du m\u00e9lange unique de cultures et de traditions de la ville. Le march\u00e9 San Telmo est une destination incontournable pour tous ceux qui souhaitent d\u00e9couvrir l&#8217;esprit boh\u00e8me et authentique de Buenos Aires.<\/span><\/p>\n<p><b>Le front de mer de Puerto Madero :<\/b><\/p>\n<p><span style=\"font-weight: 400;\">Le front de mer de Puerto Madero est un quartier portuaire revitalis\u00e9 qui est devenu l&#8217;un des quartiers les plus modernes et les plus hupp\u00e9s de Buenos Aires. Avec ses gratte-ciel \u00e9l\u00e9gants, ses h\u00f4tels luxueux et ses restaurants raffin\u00e9s, Puerto Madero offre un contraste saisissant avec les quartiers historiques de la ville. Fl\u00e2nez le long de la promenade pittoresque, admirez le superbe pont Puente de la Mujer et profitez des vues panoramiques sur la ville. Ce quartier contemporain donne un aper\u00e7u de la transformation et de la croissance en cours de Buenos Aires, ce qui en fait un \u00e9l\u00e9ment essentiel de toute visite de la ville.<\/span><\/p>\n<p><span style=\"font-weight: 400;\">Ne manquez pas l&#8217;occasion d&#8217;explorer Buenos Aires gr\u00e2ce aux meilleurs circuits priv\u00e9s propos\u00e9s par Tour Travel and More. <\/span><a href=\"https:\/\/tourtravelandmore.com\/fr\/city\/argentine\/buenos-aires-fr\/\"><span style=\"font-weight: 400;\">Parcourez notre longue liste de circuits \u00e0 Buenos Aires sur notre site web<\/span><\/a><span style=\"font-weight: 400;\"> et r\u00e9servez votre exp\u00e9rience inoubliable d\u00e8s aujourd&#8217;hui.<\/span><\/p>\n","protected":false},"excerpt":{"rendered":"<p><span style=\"font-weight: 400;\">Explorez le meilleur de Buenos Aires avec un tour priv\u00e9 d&#8217;une journ\u00e9e, en visitant des sites embl\u00e9matiques et des joyaux cach\u00e9s avec un guide professionnel et un v\u00e9hicule priv\u00e9 avec chauffeur.<\/span><\/p>\n","protected":false},"featured_media":168679,"comment_status":"open","ping_status":"closed","template":"","meta":{"_acf_changed":false},"product_brand":[],"product_cat":[4410,4413,4416,4419],"product_tag":[],"class_list":{"0":"post-168687","1":"product","2":"type-product","3":"status-publish","4":"has-post-thumbnail","6":"product_cat-argentine","7":"product_cat-buenos-aires-fr","8":"product_cat-toutes-les-visites-privees-fr-2","9":"product_cat-visites-touristiques-privees-fr-3","11":"first","12":"instock","13":"shipping-taxable","14":"purchasable","15":"product-type-simple"},"acf":[],"yoast_head":"<!-- This site is optimized with the Yoast SEO Premium plugin v25.3.1 (Yoast SEO v25.3.1) - https:\/\/yoast.com\/wordpress\/plugins\/seo\/ -->\n<title>\u27a1\ufe0f Full-Day Private Buenos Aires Highlights Tour | Tour Travel and More<\/title>\n<meta name=\"description\" content=\"D\u00e9couvrez la ville vibrante de Buenos Aires lors d&#039;une visite priv\u00e9e d&#039;une journ\u00e9e avec un guide professionnel et un v\u00e9hicule priv\u00e9. Visitez les sites embl\u00e9matiques et les joyaux cach\u00e9s. R\u00e9servez d\u00e8s maintenant ! \u2705\" \/>\n<meta name=\"robots\" content=\"index, follow, max-snippet:-1, max-image-preview:large, max-video-preview:-1\" \/>\n<link rel=\"canonical\" href=\"https:\/\/tourtravelandmore.com\/fr\/tours\/argentine\/buenos-aires-fr\/toutes-les-visites-privees-fr-2\/excursion-privee-dune-journee-avec-les-points-forts-de-buenos-aires\/\" \/>\n<meta property=\"og:locale\" content=\"fr_FR\" \/>\n<meta property=\"og:type\" content=\"article\" \/>\n<meta property=\"og:title\" content=\"Excursion priv\u00e9e d&#039;une journ\u00e9e avec les points forts de Buenos Aires\" \/>\n<meta property=\"og:description\" content=\"D\u00e9couvrez la ville vibrante de Buenos Aires lors d&#039;une visite priv\u00e9e d&#039;une journ\u00e9e avec un guide professionnel et un v\u00e9hicule priv\u00e9. Visitez les sites embl\u00e9matiques et les joyaux cach\u00e9s. R\u00e9servez d\u00e8s maintenant ! \u2705\" \/>\n<meta property=\"og:url\" content=\"https:\/\/tourtravelandmore.com\/fr\/tours\/argentine\/buenos-aires-fr\/toutes-les-visites-privees-fr-2\/excursion-privee-dune-journee-avec-les-points-forts-de-buenos-aires\/\" \/>\n<meta property=\"og:site_name\" content=\"Tour Travel And More\" \/>\n<meta property=\"article:publisher\" content=\"https:\/\/www.facebook.com\/tourtravelandmore\/\" \/>\n<meta property=\"article:modified_time\" content=\"2023-08-17T19:04:40+00:00\" \/>\n<meta property=\"og:image\" content=\"https:\/\/tourtravelandmore.com\/wp-content\/uploads\/2023\/05\/image3.jpg\" \/>\n\t<meta property=\"og:image:width\" content=\"950\" \/>\n\t<meta property=\"og:image:height\" content=\"750\" \/>\n\t<meta property=\"og:image:type\" content=\"image\/jpeg\" \/>\n<meta name=\"twitter:card\" content=\"summary_large_image\" \/>\n<meta name=\"twitter:site\" content=\"@TourTravel_More\" \/>\n<meta name=\"twitter:label1\" content=\"Dur\u00e9e de lecture estim\u00e9e\" \/>\n\t<meta name=\"twitter:data1\" content=\"4 minutes\" \/>\n<script type=\"application\/ld+json\" class=\"yoast-schema-graph\">{\"@context\":\"https:\/\/schema.org\",\"@graph\":[{\"@type\":\"WebPage\",\"@id\":\"https:\/\/tourtravelandmore.com\/fr\/tours\/argentine\/buenos-aires-fr\/toutes-les-visites-privees-fr-2\/excursion-privee-dune-journee-avec-les-points-forts-de-buenos-aires\/\",\"url\":\"https:\/\/tourtravelandmore.com\/fr\/tours\/argentine\/buenos-aires-fr\/toutes-les-visites-privees-fr-2\/excursion-privee-dune-journee-avec-les-points-forts-de-buenos-aires\/\",\"name\":\"\u27a1\ufe0f Full-Day Private Buenos Aires Highlights Tour | Tour Travel and More\",\"isPartOf\":{\"@id\":\"https:\/\/tourtravelandmore.com\/fr\/#website\"},\"primaryImageOfPage\":{\"@id\":\"https:\/\/tourtravelandmore.com\/fr\/tours\/argentine\/buenos-aires-fr\/toutes-les-visites-privees-fr-2\/excursion-privee-dune-journee-avec-les-points-forts-de-buenos-aires\/#primaryimage\"},\"image\":{\"@id\":\"https:\/\/tourtravelandmore.com\/fr\/tours\/argentine\/buenos-aires-fr\/toutes-les-visites-privees-fr-2\/excursion-privee-dune-journee-avec-les-points-forts-de-buenos-aires\/#primaryimage\"},\"thumbnailUrl\":\"https:\/\/tourtravelandmore.com\/wp-content\/uploads\/2023\/05\/image3.jpg\",\"datePublished\":\"2023-05-27T01:07:02+00:00\",\"dateModified\":\"2023-08-17T19:04:40+00:00\",\"description\":\"D\u00e9couvrez la ville vibrante de Buenos Aires lors d'une visite priv\u00e9e d'une journ\u00e9e avec un guide professionnel et un v\u00e9hicule priv\u00e9. Visitez les sites embl\u00e9matiques et les joyaux cach\u00e9s. R\u00e9servez d\u00e8s maintenant ! \u2705\",\"breadcrumb\":{\"@id\":\"https:\/\/tourtravelandmore.com\/fr\/tours\/argentine\/buenos-aires-fr\/toutes-les-visites-privees-fr-2\/excursion-privee-dune-journee-avec-les-points-forts-de-buenos-aires\/#breadcrumb\"},\"inLanguage\":\"fr-FR\",\"potentialAction\":[{\"@type\":\"ReadAction\",\"target\":[\"https:\/\/tourtravelandmore.com\/fr\/tours\/argentine\/buenos-aires-fr\/toutes-les-visites-privees-fr-2\/excursion-privee-dune-journee-avec-les-points-forts-de-buenos-aires\/\"]}]},{\"@type\":\"ImageObject\",\"inLanguage\":\"fr-FR\",\"@id\":\"https:\/\/tourtravelandmore.com\/fr\/tours\/argentine\/buenos-aires-fr\/toutes-les-visites-privees-fr-2\/excursion-privee-dune-journee-avec-les-points-forts-de-buenos-aires\/#primaryimage\",\"url\":\"https:\/\/tourtravelandmore.com\/wp-content\/uploads\/2023\/05\/image3.jpg\",\"contentUrl\":\"https:\/\/tourtravelandmore.com\/wp-content\/uploads\/2023\/05\/image3.jpg\",\"width\":950,\"height\":750},{\"@type\":\"BreadcrumbList\",\"@id\":\"https:\/\/tourtravelandmore.com\/fr\/tours\/argentine\/buenos-aires-fr\/toutes-les-visites-privees-fr-2\/excursion-privee-dune-journee-avec-les-points-forts-de-buenos-aires\/#breadcrumb\",\"itemListElement\":[{\"@type\":\"ListItem\",\"position\":1,\"name\":\"Home\",\"item\":\"https:\/\/tourtravelandmore.com\/fr\/\"},{\"@type\":\"ListItem\",\"position\":2,\"name\":\"Tours\",\"item\":\"https:\/\/tourtravelandmore.com\/fr\/tours\/\"},{\"@type\":\"ListItem\",\"position\":3,\"name\":\"Excursion priv\u00e9e d&rsquo;une journ\u00e9e avec les points forts de Buenos Aires\"}]},{\"@type\":\"WebSite\",\"@id\":\"https:\/\/tourtravelandmore.com\/fr\/#website\",\"url\":\"https:\/\/tourtravelandmore.com\/fr\/\",\"name\":\"Tour Travel And More\",\"description\":\"Private sightseeing tours and luxury transfers in Spain\",\"publisher\":{\"@id\":\"https:\/\/tourtravelandmore.com\/fr\/#organization\"},\"potentialAction\":[{\"@type\":\"SearchAction\",\"target\":{\"@type\":\"EntryPoint\",\"urlTemplate\":\"https:\/\/tourtravelandmore.com\/fr\/?s={search_term_string}\"},\"query-input\":{\"@type\":\"PropertyValueSpecification\",\"valueRequired\":true,\"valueName\":\"search_term_string\"}}],\"inLanguage\":\"fr-FR\"},{\"@type\":\"Organization\",\"@id\":\"https:\/\/tourtravelandmore.com\/fr\/#organization\",\"name\":\"Tour Travel And More\",\"url\":\"https:\/\/tourtravelandmore.com\/fr\/\",\"logo\":{\"@type\":\"ImageObject\",\"inLanguage\":\"fr-FR\",\"@id\":\"https:\/\/tourtravelandmore.com\/fr\/#\/schema\/logo\/image\/\",\"url\":\"https:\/\/tourtravelandmore.com\/wp-content\/uploads\/2022\/12\/cropped-logo-cabecera-new.png\",\"contentUrl\":\"https:\/\/tourtravelandmore.com\/wp-content\/uploads\/2022\/12\/cropped-logo-cabecera-new.png\",\"width\":430,\"height\":61,\"caption\":\"Tour Travel And More\"},\"image\":{\"@id\":\"https:\/\/tourtravelandmore.com\/fr\/#\/schema\/logo\/image\/\"},\"sameAs\":[\"https:\/\/www.facebook.com\/tourtravelandmore\/\",\"https:\/\/x.com\/TourTravel_More\"]}]}<\/script>\n<!-- \/ Yoast SEO Premium plugin. -->","yoast_head_json":{"title":"\u27a1\ufe0f Full-Day Private Buenos Aires Highlights Tour | Tour Travel and More","description":"D\u00e9couvrez la ville vibrante de Buenos Aires lors d'une visite priv\u00e9e d'une journ\u00e9e avec un guide professionnel et un v\u00e9hicule priv\u00e9. Visitez les sites embl\u00e9matiques et les joyaux cach\u00e9s. R\u00e9servez d\u00e8s maintenant ! \u2705","robots":{"index":"index","follow":"follow","max-snippet":"max-snippet:-1","max-image-preview":"max-image-preview:large","max-video-preview":"max-video-preview:-1"},"canonical":"https:\/\/tourtravelandmore.com\/fr\/tours\/argentine\/buenos-aires-fr\/toutes-les-visites-privees-fr-2\/excursion-privee-dune-journee-avec-les-points-forts-de-buenos-aires\/","og_locale":"fr_FR","og_type":"article","og_title":"Excursion priv\u00e9e d'une journ\u00e9e avec les points forts de Buenos Aires","og_description":"D\u00e9couvrez la ville vibrante de Buenos Aires lors d'une visite priv\u00e9e d'une journ\u00e9e avec un guide professionnel et un v\u00e9hicule priv\u00e9. Visitez les sites embl\u00e9matiques et les joyaux cach\u00e9s. R\u00e9servez d\u00e8s maintenant ! \u2705","og_url":"https:\/\/tourtravelandmore.com\/fr\/tours\/argentine\/buenos-aires-fr\/toutes-les-visites-privees-fr-2\/excursion-privee-dune-journee-avec-les-points-forts-de-buenos-aires\/","og_site_name":"Tour Travel And More","article_publisher":"https:\/\/www.facebook.com\/tourtravelandmore\/","article_modified_time":"2023-08-17T19:04:40+00:00","og_image":[{"width":950,"height":750,"url":"https:\/\/tourtravelandmore.com\/wp-content\/uploads\/2023\/05\/image3.jpg","type":"image\/jpeg"}],"twitter_card":"summary_large_image","twitter_site":"@TourTravel_More","twitter_misc":{"Dur\u00e9e de lecture estim\u00e9e":"4 minutes"},"schema":{"@context":"https:\/\/schema.org","@graph":[{"@type":"WebPage","@id":"https:\/\/tourtravelandmore.com\/fr\/tours\/argentine\/buenos-aires-fr\/toutes-les-visites-privees-fr-2\/excursion-privee-dune-journee-avec-les-points-forts-de-buenos-aires\/","url":"https:\/\/tourtravelandmore.com\/fr\/tours\/argentine\/buenos-aires-fr\/toutes-les-visites-privees-fr-2\/excursion-privee-dune-journee-avec-les-points-forts-de-buenos-aires\/","name":"\u27a1\ufe0f Full-Day Private Buenos Aires Highlights Tour | Tour Travel and More","isPartOf":{"@id":"https:\/\/tourtravelandmore.com\/fr\/#website"},"primaryImageOfPage":{"@id":"https:\/\/tourtravelandmore.com\/fr\/tours\/argentine\/buenos-aires-fr\/toutes-les-visites-privees-fr-2\/excursion-privee-dune-journee-avec-les-points-forts-de-buenos-aires\/#primaryimage"},"image":{"@id":"https:\/\/tourtravelandmore.com\/fr\/tours\/argentine\/buenos-aires-fr\/toutes-les-visites-privees-fr-2\/excursion-privee-dune-journee-avec-les-points-forts-de-buenos-aires\/#primaryimage"},"thumbnailUrl":"https:\/\/tourtravelandmore.com\/wp-content\/uploads\/2023\/05\/image3.jpg","datePublished":"2023-05-27T01:07:02+00:00","dateModified":"2023-08-17T19:04:40+00:00","description":"D\u00e9couvrez la ville vibrante de Buenos Aires lors d'une visite priv\u00e9e d'une journ\u00e9e avec un guide professionnel et un v\u00e9hicule priv\u00e9. Visitez les sites embl\u00e9matiques et les joyaux cach\u00e9s. R\u00e9servez d\u00e8s maintenant ! \u2705","breadcrumb":{"@id":"https:\/\/tourtravelandmore.com\/fr\/tours\/argentine\/buenos-aires-fr\/toutes-les-visites-privees-fr-2\/excursion-privee-dune-journee-avec-les-points-forts-de-buenos-aires\/#breadcrumb"},"inLanguage":"fr-FR","potentialAction":[{"@type":"ReadAction","target":["https:\/\/tourtravelandmore.com\/fr\/tours\/argentine\/buenos-aires-fr\/toutes-les-visites-privees-fr-2\/excursion-privee-dune-journee-avec-les-points-forts-de-buenos-aires\/"]}]},{"@type":"ImageObject","inLanguage":"fr-FR","@id":"https:\/\/tourtravelandmore.com\/fr\/tours\/argentine\/buenos-aires-fr\/toutes-les-visites-privees-fr-2\/excursion-privee-dune-journee-avec-les-points-forts-de-buenos-aires\/#primaryimage","url":"https:\/\/tourtravelandmore.com\/wp-content\/uploads\/2023\/05\/image3.jpg","contentUrl":"https:\/\/tourtravelandmore.com\/wp-content\/uploads\/2023\/05\/image3.jpg","width":950,"height":750},{"@type":"BreadcrumbList","@id":"https:\/\/tourtravelandmore.com\/fr\/tours\/argentine\/buenos-aires-fr\/toutes-les-visites-privees-fr-2\/excursion-privee-dune-journee-avec-les-points-forts-de-buenos-aires\/#breadcrumb","itemListElement":[{"@type":"ListItem","position":1,"name":"Home","item":"https:\/\/tourtravelandmore.com\/fr\/"},{"@type":"ListItem","position":2,"name":"Tours","item":"https:\/\/tourtravelandmore.com\/fr\/tours\/"},{"@type":"ListItem","position":3,"name":"Excursion priv\u00e9e d&rsquo;une journ\u00e9e avec les points forts de Buenos Aires"}]},{"@type":"WebSite","@id":"https:\/\/tourtravelandmore.com\/fr\/#website","url":"https:\/\/tourtravelandmore.com\/fr\/","name":"Tour Travel And More","description":"Private sightseeing tours and luxury transfers in Spain","publisher":{"@id":"https:\/\/tourtravelandmore.com\/fr\/#organization"},"potentialAction":[{"@type":"SearchAction","target":{"@type":"EntryPoint","urlTemplate":"https:\/\/tourtravelandmore.com\/fr\/?s={search_term_string}"},"query-input":{"@type":"PropertyValueSpecification","valueRequired":true,"valueName":"search_term_string"}}],"inLanguage":"fr-FR"},{"@type":"Organization","@id":"https:\/\/tourtravelandmore.com\/fr\/#organization","name":"Tour Travel And More","url":"https:\/\/tourtravelandmore.com\/fr\/","logo":{"@type":"ImageObject","inLanguage":"fr-FR","@id":"https:\/\/tourtravelandmore.com\/fr\/#\/schema\/logo\/image\/","url":"https:\/\/tourtravelandmore.com\/wp-content\/uploads\/2022\/12\/cropped-logo-cabecera-new.png","contentUrl":"https:\/\/tourtravelandmore.com\/wp-content\/uploads\/2022\/12\/cropped-logo-cabecera-new.png","width":430,"height":61,"caption":"Tour Travel And More"},"image":{"@id":"https:\/\/tourtravelandmore.com\/fr\/#\/schema\/logo\/image\/"},"sameAs":["https:\/\/www.facebook.com\/tourtravelandmore\/","https:\/\/x.com\/TourTravel_More"]}]}},"_links":{"self":[{"href":"https:\/\/tourtravelandmore.com\/fr\/wp-json\/wp\/v2\/product\/168687","targetHints":{"allow":["GET"]}}],"collection":[{"href":"https:\/\/tourtravelandmore.com\/fr\/wp-json\/wp\/v2\/product"}],"about":[{"href":"https:\/\/tourtravelandmore.com\/fr\/wp-json\/wp\/v2\/types\/product"}],"replies":[{"embeddable":true,"href":"https:\/\/tourtravelandmore.com\/fr\/wp-json\/wp\/v2\/comments?post=168687"}],"wp:featuredmedia":[{"embeddable":true,"href":"https:\/\/tourtravelandmore.com\/fr\/wp-json\/wp\/v2\/media\/168679"}],"wp:attachment":[{"href":"https:\/\/tourtravelandmore.com\/fr\/wp-json\/wp\/v2\/media?parent=168687"}],"wp:term":[{"taxonomy":"product_brand","embeddable":true,"href":"https:\/\/tourtravelandmore.com\/fr\/wp-json\/wp\/v2\/product_brand?post=168687"},{"taxonomy":"product_cat","embeddable":true,"href":"https:\/\/tourtravelandmore.com\/fr\/wp-json\/wp\/v2\/product_cat?post=168687"},{"taxonomy":"product_tag","embeddable":true,"href":"https:\/\/tourtravelandmore.com\/fr\/wp-json\/wp\/v2\/product_tag?post=168687"}],"curies":[{"name":"wp","href":"https:\/\/api.w.org\/{rel}","templated":true}]}}