{"id":164962,"date":"2023-04-29T10:01:10","date_gmt":"2023-04-29T08:01:10","guid":{"rendered":"https:\/\/tourtravelandmore.com\/tours\/non%20class\u00e9\/circuit-prive-en-andorre-depuis-barcelone\/"},"modified":"2023-05-03T10:59:04","modified_gmt":"2023-05-03T08:59:04","slug":"circuit-prive-en-andorre-depuis-barcelone","status":"publish","type":"product","link":"https:\/\/tourtravelandmore.com\/fr\/tours\/andorre\/andorra-la-vella-fr\/toutes-les-visites-privees\/circuit-prive-en-andorre-depuis-barcelone\/","title":{"rendered":"Circuit priv\u00e9 en Andorre depuis Barcelone"},"content":{"rendered":"<h2><b>Circuit priv\u00e9 en Andorre depuis Barcelone Description<\/b><\/h2>\n<p><span style=\"font-weight: 400;\">Embarquez pour une excursion priv\u00e9e inoubliable de 12 heures depuis Barcelone vers le pays pittoresque d&#8217;Andorre, nich\u00e9 au c\u0153ur des Pyr\u00e9n\u00e9es. Avec un v\u00e9hicule confortable pendant tout le voyage et un guide comp\u00e9tent pendant 4 heures en Andorre, vous explorerez la capitale, Andorre-la-Vieille, et la r\u00e9gion enchanteresse d&#8217;Engolasters. Cette aventure sur mesure vous permettra de d\u00e9couvrir les paysages \u00e9poustouflants, la riche histoire et la charmante culture de la r\u00e9gion. Profitez de la tranquillit\u00e9 et du charme des Pyr\u00e9n\u00e9es et gardez des souvenirs imp\u00e9rissables en explorant les sites les plus captivants d&#8217;Andorre.<\/span><\/p>\n<h2><b>Visite priv\u00e9e d&#8217;Andorre depuis Barcelone Points d&#8217;int\u00e9r\u00eat<\/b><\/h2>\n<p><span style=\"font-weight: 400;\">Ce circuit captivant vous emm\u00e8ne \u00e0 travers les Pyr\u00e9n\u00e9es vers la charmante ville d&#8217;Andorre-la-Vieille et la r\u00e9gion sereine d&#8217;Engolasters. D\u00e9couvrez des lieux embl\u00e9matiques, des vues pittoresques sur le lac et une \u00e9glise historique tout en d\u00e9couvrant le patrimoine unique d&#8217;Andorre. Chaque \u00e9tape offre un aper\u00e7u fascinant de la beaut\u00e9 et de l&#8217;histoire de ce pays captivant. Votre guide expert partagera avec vous des histoires et des points de vue passionnants, vous garantissant une exp\u00e9rience inoubliable et enrichissante au c\u0153ur des Pyr\u00e9n\u00e9es.<\/span><\/p>\n<p><b>Andorre-la-Vieille :<\/b><\/p>\n<p><span style=\"font-weight: 400;\">D\u00e9couvrez la capitale de l&#8217;Andorre, Andorre-la-Vieille, avec son atmosph\u00e8re vibrante, sa riche histoire et ses boutiques anim\u00e9es. Explorez les charmantes rues et places de la ville et d\u00e9couvrez son m\u00e9lange unique d&#8217;influences catalanes, fran\u00e7aises et espagnoles. Visitez les sites remarquables et impr\u00e9gnez-vous de la culture locale en vous promenant dans cette captivante capitale de montagne.<\/span><\/p>\n<p><b>Le lac d&#8217;Engolasters :<\/b><\/p>\n<p><span style=\"font-weight: 400;\">Nich\u00e9 dans les Pyr\u00e9n\u00e9es, le lac d&#8217;Engolasters offre des vues panoramiques \u00e0 couper le souffle et un environnement serein. Destination pris\u00e9e des amoureux de la nature et des randonneurs, le lac offre une \u00e9chappatoire paisible \u00e0 l&#8217;agitation de la ville. Admirez la beaut\u00e9 majestueuse des Pyr\u00e9n\u00e9es lors d&#8217;une promenade sur les rives du lac ou d&#8217;un pique-nique pittoresque dans ce paysage idyllique.<\/span><\/p>\n<p><b>\u00c9glise d&#8217;Engolasters :<\/b><\/p>\n<p><span style=\"font-weight: 400;\">Visitez l&#8217;\u00e9glise romane historique de Sant Miquel d&#8217;Engolasters, qui date du XIIe si\u00e8cle. Admirez son architecture unique et son cadre pittoresque, et d\u00e9couvrez le r\u00f4le important qu&#8217;elle a jou\u00e9 dans l&#8217;histoire de l&#8217;Andorre. En explorant l&#8217;\u00e9glise et ses environs, vous comprendrez mieux la richesse du patrimoine culturel et la beaut\u00e9 intemporelle de la r\u00e9gion.<\/span><\/p>\n<p><b>Casa de la Vall :<\/b><\/p>\n<p><span style=\"font-weight: 400;\">D\u00e9couvrez l&#8217;historique Casa de la Vall, l&#8217;ancien parlement d&#8217;Andorre, situ\u00e9 \u00e0 Andorre-la-Vieille. Construite au XVIe si\u00e8cle, cette impressionnante structure est une attraction incontournable en raison de son architecture remarquable et de son r\u00f4le important dans l&#8217;histoire de l&#8217;Andorre. Une visite guid\u00e9e vous permettra de plonger dans le pass\u00e9 du b\u00e2timent et de d\u00e9couvrir les d\u00e9veloppements politiques et sociaux qui ont fa\u00e7onn\u00e9 cette petite nation au fil des si\u00e8cles.<\/span><\/p>\n<p><span style=\"font-weight: 400;\">D\u00e9couvrez d&#8217;autres visites et exp\u00e9riences fascinantes en Andorre propos\u00e9es par Tour Travel and More. <\/span><a href=\"https:\/\/tourtravelandmore.com\/fr\/city\/andorre\/\"><span style=\"font-weight: 400;\">Trouvez la visite priv\u00e9e id\u00e9ale pour rendre votre voyage en Andorre vraiment inoubliable.<\/span><\/a><\/p>\n","protected":false},"excerpt":{"rendered":"<p><span style=\"font-weight: 400;\">Explorez la beaut\u00e9 et l&#8217;histoire de l&#8217;Andorre lors d&#8217;un circuit priv\u00e9 de 12 heures au d\u00e9part de Barcelone, avec Andorre-la-Vieille, le lac d&#8217;Engolasters et l&#8217;\u00e9glise d&#8217;Engolasters.<\/span><\/p>\n<p>&nbsp;<\/p>\n","protected":false},"featured_media":164949,"comment_status":"open","ping_status":"closed","template":"","meta":{"_acf_changed":false},"product_brand":[],"product_cat":[4391,4374,4396,4398,3538],"product_tag":[],"class_list":{"0":"post-164962","1":"product","2":"type-product","3":"status-publish","4":"has-post-thumbnail","6":"product_cat-andorra-la-vella-fr","7":"product_cat-andorre","8":"product_cat-toutes-les-visites-privees","9":"product_cat-visites-touristiques-privees-fr-2","10":"product_cat-barcelone-fr","12":"first","13":"instock","14":"shipping-taxable","15":"purchasable","16":"product-type-simple"},"acf":[],"yoast_head":"<!-- This site is optimized with the Yoast SEO Premium plugin v25.3.1 (Yoast SEO v25.3.1) - https:\/\/yoast.com\/wordpress\/plugins\/seo\/ -->\n<title>\u27a1\ufe0f Private Tour to Andorra from Barcelona | Tour Travel and More<\/title>\n<meta name=\"description\" content=\"D\u00e9couvrez la beaut\u00e9 captivante de l&#039;Andorre lors d&#039;un circuit priv\u00e9 de 12 heures au d\u00e9part de Barcelone. D\u00e9couvrez Andorre-la-Vieille, le lac d&#039;Engolasters et l&#039;\u00e9glise d&#039;Engolasters \u2705\" \/>\n<meta name=\"robots\" content=\"index, follow, max-snippet:-1, max-image-preview:large, max-video-preview:-1\" \/>\n<link rel=\"canonical\" href=\"https:\/\/tourtravelandmore.com\/fr\/tours\/andorre\/andorra-la-vella-fr\/toutes-les-visites-privees\/circuit-prive-en-andorre-depuis-barcelone\/\" \/>\n<meta property=\"og:locale\" content=\"fr_FR\" \/>\n<meta property=\"og:type\" content=\"article\" \/>\n<meta property=\"og:title\" content=\"Circuit priv\u00e9 en Andorre depuis Barcelone\" \/>\n<meta property=\"og:description\" content=\"D\u00e9couvrez la beaut\u00e9 captivante de l&#039;Andorre lors d&#039;un circuit priv\u00e9 de 12 heures au d\u00e9part de Barcelone. D\u00e9couvrez Andorre-la-Vieille, le lac d&#039;Engolasters et l&#039;\u00e9glise d&#039;Engolasters \u2705\" \/>\n<meta property=\"og:url\" content=\"https:\/\/tourtravelandmore.com\/fr\/tours\/andorre\/andorra-la-vella-fr\/toutes-les-visites-privees\/circuit-prive-en-andorre-depuis-barcelone\/\" \/>\n<meta property=\"og:site_name\" content=\"Tour Travel And More\" \/>\n<meta property=\"article:publisher\" content=\"https:\/\/www.facebook.com\/tourtravelandmore\/\" \/>\n<meta property=\"article:modified_time\" content=\"2023-05-03T08:59:04+00:00\" \/>\n<meta property=\"og:image\" content=\"https:\/\/tourtravelandmore.com\/wp-content\/uploads\/2023\/04\/image4-17.jpg\" \/>\n\t<meta property=\"og:image:width\" content=\"950\" \/>\n\t<meta property=\"og:image:height\" content=\"750\" \/>\n\t<meta property=\"og:image:type\" content=\"image\/jpeg\" \/>\n<meta name=\"twitter:card\" content=\"summary_large_image\" \/>\n<meta name=\"twitter:site\" content=\"@TourTravel_More\" \/>\n<meta name=\"twitter:label1\" content=\"Dur\u00e9e de lecture estim\u00e9e\" \/>\n\t<meta name=\"twitter:data1\" content=\"3 minutes\" \/>\n<script type=\"application\/ld+json\" class=\"yoast-schema-graph\">{\"@context\":\"https:\/\/schema.org\",\"@graph\":[{\"@type\":\"WebPage\",\"@id\":\"https:\/\/tourtravelandmore.com\/fr\/tours\/andorre\/andorra-la-vella-fr\/toutes-les-visites-privees\/circuit-prive-en-andorre-depuis-barcelone\/\",\"url\":\"https:\/\/tourtravelandmore.com\/fr\/tours\/andorre\/andorra-la-vella-fr\/toutes-les-visites-privees\/circuit-prive-en-andorre-depuis-barcelone\/\",\"name\":\"\u27a1\ufe0f Private Tour to Andorra from Barcelona | Tour Travel and More\",\"isPartOf\":{\"@id\":\"https:\/\/tourtravelandmore.com\/fr\/#website\"},\"primaryImageOfPage\":{\"@id\":\"https:\/\/tourtravelandmore.com\/fr\/tours\/andorre\/andorra-la-vella-fr\/toutes-les-visites-privees\/circuit-prive-en-andorre-depuis-barcelone\/#primaryimage\"},\"image\":{\"@id\":\"https:\/\/tourtravelandmore.com\/fr\/tours\/andorre\/andorra-la-vella-fr\/toutes-les-visites-privees\/circuit-prive-en-andorre-depuis-barcelone\/#primaryimage\"},\"thumbnailUrl\":\"https:\/\/tourtravelandmore.com\/wp-content\/uploads\/2023\/04\/image4-17.jpg\",\"datePublished\":\"2023-04-29T08:01:10+00:00\",\"dateModified\":\"2023-05-03T08:59:04+00:00\",\"description\":\"D\u00e9couvrez la beaut\u00e9 captivante de l'Andorre lors d'un circuit priv\u00e9 de 12 heures au d\u00e9part de Barcelone. D\u00e9couvrez Andorre-la-Vieille, le lac d'Engolasters et l'\u00e9glise d'Engolasters \u2705\",\"breadcrumb\":{\"@id\":\"https:\/\/tourtravelandmore.com\/fr\/tours\/andorre\/andorra-la-vella-fr\/toutes-les-visites-privees\/circuit-prive-en-andorre-depuis-barcelone\/#breadcrumb\"},\"inLanguage\":\"fr-FR\",\"potentialAction\":[{\"@type\":\"ReadAction\",\"target\":[\"https:\/\/tourtravelandmore.com\/fr\/tours\/andorre\/andorra-la-vella-fr\/toutes-les-visites-privees\/circuit-prive-en-andorre-depuis-barcelone\/\"]}]},{\"@type\":\"ImageObject\",\"inLanguage\":\"fr-FR\",\"@id\":\"https:\/\/tourtravelandmore.com\/fr\/tours\/andorre\/andorra-la-vella-fr\/toutes-les-visites-privees\/circuit-prive-en-andorre-depuis-barcelone\/#primaryimage\",\"url\":\"https:\/\/tourtravelandmore.com\/wp-content\/uploads\/2023\/04\/image4-17.jpg\",\"contentUrl\":\"https:\/\/tourtravelandmore.com\/wp-content\/uploads\/2023\/04\/image4-17.jpg\",\"width\":950,\"height\":750},{\"@type\":\"BreadcrumbList\",\"@id\":\"https:\/\/tourtravelandmore.com\/fr\/tours\/andorre\/andorra-la-vella-fr\/toutes-les-visites-privees\/circuit-prive-en-andorre-depuis-barcelone\/#breadcrumb\",\"itemListElement\":[{\"@type\":\"ListItem\",\"position\":1,\"name\":\"Home\",\"item\":\"https:\/\/tourtravelandmore.com\/fr\/\"},{\"@type\":\"ListItem\",\"position\":2,\"name\":\"Tours\",\"item\":\"https:\/\/tourtravelandmore.com\/fr\/tours\/\"},{\"@type\":\"ListItem\",\"position\":3,\"name\":\"Circuit priv\u00e9 en Andorre depuis Barcelone\"}]},{\"@type\":\"WebSite\",\"@id\":\"https:\/\/tourtravelandmore.com\/fr\/#website\",\"url\":\"https:\/\/tourtravelandmore.com\/fr\/\",\"name\":\"Tour Travel And More\",\"description\":\"Private sightseeing tours and luxury transfers in Spain\",\"publisher\":{\"@id\":\"https:\/\/tourtravelandmore.com\/fr\/#organization\"},\"potentialAction\":[{\"@type\":\"SearchAction\",\"target\":{\"@type\":\"EntryPoint\",\"urlTemplate\":\"https:\/\/tourtravelandmore.com\/fr\/?s={search_term_string}\"},\"query-input\":{\"@type\":\"PropertyValueSpecification\",\"valueRequired\":true,\"valueName\":\"search_term_string\"}}],\"inLanguage\":\"fr-FR\"},{\"@type\":\"Organization\",\"@id\":\"https:\/\/tourtravelandmore.com\/fr\/#organization\",\"name\":\"Tour Travel And More\",\"url\":\"https:\/\/tourtravelandmore.com\/fr\/\",\"logo\":{\"@type\":\"ImageObject\",\"inLanguage\":\"fr-FR\",\"@id\":\"https:\/\/tourtravelandmore.com\/fr\/#\/schema\/logo\/image\/\",\"url\":\"https:\/\/tourtravelandmore.com\/wp-content\/uploads\/2022\/12\/cropped-logo-cabecera-new.png\",\"contentUrl\":\"https:\/\/tourtravelandmore.com\/wp-content\/uploads\/2022\/12\/cropped-logo-cabecera-new.png\",\"width\":430,\"height\":61,\"caption\":\"Tour Travel And More\"},\"image\":{\"@id\":\"https:\/\/tourtravelandmore.com\/fr\/#\/schema\/logo\/image\/\"},\"sameAs\":[\"https:\/\/www.facebook.com\/tourtravelandmore\/\",\"https:\/\/x.com\/TourTravel_More\"]}]}<\/script>\n<!-- \/ Yoast SEO Premium plugin. -->","yoast_head_json":{"title":"\u27a1\ufe0f Private Tour to Andorra from Barcelona | Tour Travel and More","description":"D\u00e9couvrez la beaut\u00e9 captivante de l'Andorre lors d'un circuit priv\u00e9 de 12 heures au d\u00e9part de Barcelone. D\u00e9couvrez Andorre-la-Vieille, le lac d'Engolasters et l'\u00e9glise d'Engolasters \u2705","robots":{"index":"index","follow":"follow","max-snippet":"max-snippet:-1","max-image-preview":"max-image-preview:large","max-video-preview":"max-video-preview:-1"},"canonical":"https:\/\/tourtravelandmore.com\/fr\/tours\/andorre\/andorra-la-vella-fr\/toutes-les-visites-privees\/circuit-prive-en-andorre-depuis-barcelone\/","og_locale":"fr_FR","og_type":"article","og_title":"Circuit priv\u00e9 en Andorre depuis Barcelone","og_description":"D\u00e9couvrez la beaut\u00e9 captivante de l'Andorre lors d'un circuit priv\u00e9 de 12 heures au d\u00e9part de Barcelone. D\u00e9couvrez Andorre-la-Vieille, le lac d'Engolasters et l'\u00e9glise d'Engolasters \u2705","og_url":"https:\/\/tourtravelandmore.com\/fr\/tours\/andorre\/andorra-la-vella-fr\/toutes-les-visites-privees\/circuit-prive-en-andorre-depuis-barcelone\/","og_site_name":"Tour Travel And More","article_publisher":"https:\/\/www.facebook.com\/tourtravelandmore\/","article_modified_time":"2023-05-03T08:59:04+00:00","og_image":[{"width":950,"height":750,"url":"https:\/\/tourtravelandmore.com\/wp-content\/uploads\/2023\/04\/image4-17.jpg","type":"image\/jpeg"}],"twitter_card":"summary_large_image","twitter_site":"@TourTravel_More","twitter_misc":{"Dur\u00e9e de lecture estim\u00e9e":"3 minutes"},"schema":{"@context":"https:\/\/schema.org","@graph":[{"@type":"WebPage","@id":"https:\/\/tourtravelandmore.com\/fr\/tours\/andorre\/andorra-la-vella-fr\/toutes-les-visites-privees\/circuit-prive-en-andorre-depuis-barcelone\/","url":"https:\/\/tourtravelandmore.com\/fr\/tours\/andorre\/andorra-la-vella-fr\/toutes-les-visites-privees\/circuit-prive-en-andorre-depuis-barcelone\/","name":"\u27a1\ufe0f Private Tour to Andorra from Barcelona | Tour Travel and More","isPartOf":{"@id":"https:\/\/tourtravelandmore.com\/fr\/#website"},"primaryImageOfPage":{"@id":"https:\/\/tourtravelandmore.com\/fr\/tours\/andorre\/andorra-la-vella-fr\/toutes-les-visites-privees\/circuit-prive-en-andorre-depuis-barcelone\/#primaryimage"},"image":{"@id":"https:\/\/tourtravelandmore.com\/fr\/tours\/andorre\/andorra-la-vella-fr\/toutes-les-visites-privees\/circuit-prive-en-andorre-depuis-barcelone\/#primaryimage"},"thumbnailUrl":"https:\/\/tourtravelandmore.com\/wp-content\/uploads\/2023\/04\/image4-17.jpg","datePublished":"2023-04-29T08:01:10+00:00","dateModified":"2023-05-03T08:59:04+00:00","description":"D\u00e9couvrez la beaut\u00e9 captivante de l'Andorre lors d'un circuit priv\u00e9 de 12 heures au d\u00e9part de Barcelone. D\u00e9couvrez Andorre-la-Vieille, le lac d'Engolasters et l'\u00e9glise d'Engolasters \u2705","breadcrumb":{"@id":"https:\/\/tourtravelandmore.com\/fr\/tours\/andorre\/andorra-la-vella-fr\/toutes-les-visites-privees\/circuit-prive-en-andorre-depuis-barcelone\/#breadcrumb"},"inLanguage":"fr-FR","potentialAction":[{"@type":"ReadAction","target":["https:\/\/tourtravelandmore.com\/fr\/tours\/andorre\/andorra-la-vella-fr\/toutes-les-visites-privees\/circuit-prive-en-andorre-depuis-barcelone\/"]}]},{"@type":"ImageObject","inLanguage":"fr-FR","@id":"https:\/\/tourtravelandmore.com\/fr\/tours\/andorre\/andorra-la-vella-fr\/toutes-les-visites-privees\/circuit-prive-en-andorre-depuis-barcelone\/#primaryimage","url":"https:\/\/tourtravelandmore.com\/wp-content\/uploads\/2023\/04\/image4-17.jpg","contentUrl":"https:\/\/tourtravelandmore.com\/wp-content\/uploads\/2023\/04\/image4-17.jpg","width":950,"height":750},{"@type":"BreadcrumbList","@id":"https:\/\/tourtravelandmore.com\/fr\/tours\/andorre\/andorra-la-vella-fr\/toutes-les-visites-privees\/circuit-prive-en-andorre-depuis-barcelone\/#breadcrumb","itemListElement":[{"@type":"ListItem","position":1,"name":"Home","item":"https:\/\/tourtravelandmore.com\/fr\/"},{"@type":"ListItem","position":2,"name":"Tours","item":"https:\/\/tourtravelandmore.com\/fr\/tours\/"},{"@type":"ListItem","position":3,"name":"Circuit priv\u00e9 en Andorre depuis Barcelone"}]},{"@type":"WebSite","@id":"https:\/\/tourtravelandmore.com\/fr\/#website","url":"https:\/\/tourtravelandmore.com\/fr\/","name":"Tour Travel And More","description":"Private sightseeing tours and luxury transfers in Spain","publisher":{"@id":"https:\/\/tourtravelandmore.com\/fr\/#organization"},"potentialAction":[{"@type":"SearchAction","target":{"@type":"EntryPoint","urlTemplate":"https:\/\/tourtravelandmore.com\/fr\/?s={search_term_string}"},"query-input":{"@type":"PropertyValueSpecification","valueRequired":true,"valueName":"search_term_string"}}],"inLanguage":"fr-FR"},{"@type":"Organization","@id":"https:\/\/tourtravelandmore.com\/fr\/#organization","name":"Tour Travel And More","url":"https:\/\/tourtravelandmore.com\/fr\/","logo":{"@type":"ImageObject","inLanguage":"fr-FR","@id":"https:\/\/tourtravelandmore.com\/fr\/#\/schema\/logo\/image\/","url":"https:\/\/tourtravelandmore.com\/wp-content\/uploads\/2022\/12\/cropped-logo-cabecera-new.png","contentUrl":"https:\/\/tourtravelandmore.com\/wp-content\/uploads\/2022\/12\/cropped-logo-cabecera-new.png","width":430,"height":61,"caption":"Tour Travel And More"},"image":{"@id":"https:\/\/tourtravelandmore.com\/fr\/#\/schema\/logo\/image\/"},"sameAs":["https:\/\/www.facebook.com\/tourtravelandmore\/","https:\/\/x.com\/TourTravel_More"]}]}},"_links":{"self":[{"href":"https:\/\/tourtravelandmore.com\/fr\/wp-json\/wp\/v2\/product\/164962","targetHints":{"allow":["GET"]}}],"collection":[{"href":"https:\/\/tourtravelandmore.com\/fr\/wp-json\/wp\/v2\/product"}],"about":[{"href":"https:\/\/tourtravelandmore.com\/fr\/wp-json\/wp\/v2\/types\/product"}],"replies":[{"embeddable":true,"href":"https:\/\/tourtravelandmore.com\/fr\/wp-json\/wp\/v2\/comments?post=164962"}],"wp:featuredmedia":[{"embeddable":true,"href":"https:\/\/tourtravelandmore.com\/fr\/wp-json\/wp\/v2\/media\/164949"}],"wp:attachment":[{"href":"https:\/\/tourtravelandmore.com\/fr\/wp-json\/wp\/v2\/media?parent=164962"}],"wp:term":[{"taxonomy":"product_brand","embeddable":true,"href":"https:\/\/tourtravelandmore.com\/fr\/wp-json\/wp\/v2\/product_brand?post=164962"},{"taxonomy":"product_cat","embeddable":true,"href":"https:\/\/tourtravelandmore.com\/fr\/wp-json\/wp\/v2\/product_cat?post=164962"},{"taxonomy":"product_tag","embeddable":true,"href":"https:\/\/tourtravelandmore.com\/fr\/wp-json\/wp\/v2\/product_tag?post=164962"}],"curies":[{"name":"wp","href":"https:\/\/api.w.org\/{rel}","templated":true}]}}