{"id":164932,"date":"2023-04-29T09:18:17","date_gmt":"2023-04-29T07:18:17","guid":{"rendered":"https:\/\/tourtravelandmore.com\/tours\/non%20class\u00e9\/promenade-privee-en-andorre\/"},"modified":"2023-05-03T11:06:58","modified_gmt":"2023-05-03T09:06:58","slug":"promenade-privee-en-andorre","status":"publish","type":"product","link":"https:\/\/tourtravelandmore.com\/fr\/tours\/andorre\/andorra-la-vella-fr\/toutes-les-visites-privees\/promenade-privee-en-andorre\/","title":{"rendered":"Promenade priv\u00e9e en Andorre"},"content":{"rendered":"<h2><b>Visite priv\u00e9e \u00e0 pied de la Principaut\u00e9 d&#8217;Andorre Description<\/b><\/h2>\n<p><span style=\"font-weight: 400;\">D\u00e9couvrez le charme et la beaut\u00e9 d&#8217;Andorre-la-Vieille lors de cette visite guid\u00e9e priv\u00e9e de deux heures. Sous la conduite d&#8217;un guide local expert, vous explorerez les points forts de la ville, notamment la Plaza de la Rotonda, le Parc Central, le Barrio Antiguo historique, la Casa de la Vall et l&#8217;\u00e9glise Sant Esteve. D\u00e9couvrez la riche histoire, la culture unique et les paysages pittoresques de la capitale de l&#8217;Andorre au cours de cette inoubliable promenade guid\u00e9e. Cette visite sur mesure est id\u00e9ale pour ceux qui souhaitent plonger au c\u0153ur de cette ville captivante. Que vous soyez passionn\u00e9 d&#8217;histoire, d&#8217;architecture ou simplement \u00e0 la recherche d&#8217;une exp\u00e9rience m\u00e9morable, cette visite priv\u00e9e \u00e0 pied vous offre une exploration personnalis\u00e9e et intime des plus belles attractions d&#8217;Andorre-la-Vieille.<\/span><\/p>\n<h2><b>Points d&#8217;int\u00e9r\u00eat de la visite priv\u00e9e \u00e0 pied en Andorre<\/b><\/h2>\n<p><span style=\"font-weight: 400;\">Au cours de cette visite captivante, d\u00e9couvrez les joyaux cach\u00e9s et les sites embl\u00e9matiques d&#8217;Andorre-la-Vieille. Promenez-vous sur des places anim\u00e9es, dans des parcs paisibles et dans de charmants quartiers historiques, tout en d\u00e9couvrant le pass\u00e9 fascinant et la culture vibrante de la ville. Chaque \u00e9tape de votre voyage offre un aper\u00e7u unique de l&#8217;essence d&#8217;Andorre-la-Vieille. Votre guide expert partagera avec vous des id\u00e9es, des anecdotes et des histoires qui donneront vie \u00e0 l&#8217;histoire de la ville, faisant de votre visite priv\u00e9e \u00e0 pied une exp\u00e9rience captivante, \u00e9ducative et immersive. En explorant le riche patrimoine de la ville et son architecture \u00e9tonnante, vous comprendrez et appr\u00e9cierez davantage le caract\u00e8re unique d&#8217;Andorre-la-Vieille.<\/span><\/p>\n<p><b>La Plaza de la Rotonda :<\/b><\/p>\n<p><span style=\"font-weight: 400;\">C\u0153ur d&#8217;Andorre-la-Vieille, la Plaza de la Rotonda est une place anim\u00e9e, entour\u00e9e de boutiques et de restaurants. La sculpture Noblesse du Temps, cr\u00e9\u00e9e par Salvador Dal\u00ed, ajoute une touche artistique \u00e0 la place. Immergez-vous dans l&#8217;atmosph\u00e8re vibrante de la ville dans ce lieu de rencontre populaire et observez la vie quotidienne des habitants et des visiteurs. Prenez un caf\u00e9 ou un repas dans l&#8217;un des caf\u00e9s voisins, ou regardez simplement le monde passer tout en vous impr\u00e9gnant de l&#8217;\u00e9nergie de ce quartier anim\u00e9.<\/span><\/p>\n<p><b>Parc Central :<\/b><\/p>\n<p><span style=\"font-weight: 400;\">\u00c9chappez \u00e0 l&#8217;agitation de la ville dans le serein Parc Central. Cet espace vert magnifiquement am\u00e9nag\u00e9 offre des sentiers de promenade, des aires de jeux, des \u00e9tangs pittoresques et des \u00e9v\u00e9nements culturels occasionnels. Le Parc Central est l&#8217;endroit id\u00e9al pour se d\u00e9tendre, profiter de la beaut\u00e9 naturelle d&#8217;Andorre-la-Vieille et s&#8217;impr\u00e9gner de l&#8217;ambiance paisible qui y r\u00e8gne. Promenez-vous tranquillement, apportez un pique-nique ou asseyez-vous sur l&#8217;un des bancs du parc pour observer les habitants qui profitent de cette oasis urbaine.<\/span><\/p>\n<p><b>Barrio Antiguo :<\/b><\/p>\n<p><span style=\"font-weight: 400;\">Promenez-vous dans les rues \u00e9troites et pav\u00e9es du Barrio Antiguo, le quartier historique de la ville. Admirez l&#8217;architecture traditionnelle, visitez les places pittoresques et d\u00e9couvrez les boutiques locales et les caf\u00e9s qui donnent \u00e0 ce quartier son charme unique. Ce quartier ancien offre un aper\u00e7u du pass\u00e9 de l&#8217;Andorre et une chance de se rapprocher de son patrimoine. D\u00e9couvrez des tr\u00e9sors cach\u00e9s en explorant ce quartier pittoresque, et plongez dans les histoires qui se cachent derri\u00e8re les b\u00e2timents bien conserv\u00e9s.<\/span><\/p>\n<p><b>Casa de la Vall :<\/b><\/p>\n<p><span style=\"font-weight: 400;\">Construite au XVIe si\u00e8cle, la Casa de la Vall est le b\u00e2timent historique du parlement d&#8217;Andorre. Son architecture \u00e9tonnante, ses d\u00e9tails int\u00e9rieurs complexes et son importance historique en font une attraction \u00e0 ne pas manquer. D\u00e9couvrez l&#8217;histoire, la politique et la gouvernance de l&#8217;Andorre lors de votre visite de cet important monument. Des visites guid\u00e9es sont propos\u00e9es, permettant de mieux comprendre le r\u00f4le du b\u00e2timent dans la formation de l&#8217;identit\u00e9 de la nation et sa fonction en tant que symbole de l&#8217;unit\u00e9 andorrane.<\/span><\/p>\n<p><b>Iglesia de Sant Esteve :<\/b><\/p>\n<p><span style=\"font-weight: 400;\">Datant du XIIe si\u00e8cle, l&#8217;\u00e9glise de Sant Esteve est un bel exemple d&#8217;architecture romane avec des ajouts gothiques. Son atmosph\u00e8re paisible, ses \u0153uvres d&#8217;art impressionnantes et son importance historique en font un point fort de votre visite \u00e0 pied d&#8217;Andorre-la-Vieille. Prenez le temps d&#8217;appr\u00e9cier l&#8217;int\u00e9rieur orn\u00e9 de l&#8217;\u00e9glise, de vous \u00e9merveiller devant ses fresques \u00e9tonnantes et d&#8217;apprendre les diff\u00e9rentes restaurations qu&#8217;elle a subies au cours des si\u00e8cles.<\/span><\/p>\n<p><a href=\"https:\/\/tourtravelandmore.com\/fr\/city\/andorre\/\"><span style=\"font-weight: 400;\">D\u00e9couvrez encore plus d&#8217;attraits de l&#8217;Andorre gr\u00e2ce \u00e0 notre gamme de visites priv\u00e9es propos\u00e9es par Tour Travel and More. <\/span><\/a><span style=\"font-weight: 400;\">Visitez notre site web pour explorer la vari\u00e9t\u00e9 des options de visites disponibles, toutes con\u00e7ues pour cr\u00e9er des exp\u00e9riences inoubliables dans ce pays enchanteur.<\/span><\/p>\n","protected":false},"excerpt":{"rendered":"<p><span style=\"font-weight: 400;\">Explorez le charme et l&#8217;histoire d&#8217;Andorre-la-Vieille lors d&#8217;une visite priv\u00e9e \u00e0 pied de 2 heures, en visitant des lieux embl\u00e9matiques et des sites pittoresques en compagnie d&#8217;un guide local expert.<\/span><\/p>\n","protected":false},"featured_media":164904,"comment_status":"open","ping_status":"closed","template":"","meta":{"_acf_changed":false},"product_brand":[],"product_cat":[4391,4374,4396,4400,4398],"product_tag":[],"class_list":{"0":"post-164932","1":"product","2":"type-product","3":"status-publish","4":"has-post-thumbnail","6":"product_cat-andorra-la-vella-fr","7":"product_cat-andorre","8":"product_cat-toutes-les-visites-privees","9":"product_cat-visites-privees-a-pied-fr-4","10":"product_cat-visites-touristiques-privees-fr-2","12":"first","13":"instock","14":"shipping-taxable","15":"purchasable","16":"product-type-simple"},"acf":[],"yoast_head":"<!-- This site is optimized with the Yoast SEO Premium plugin v25.3.1 (Yoast SEO v25.3.1) - https:\/\/yoast.com\/wordpress\/plugins\/seo\/ -->\n<title>\u27a1\ufe0f Private Walking Tour Andorra : Explorez les points forts d&#039;Andorre-la-Vieille<\/title>\n<meta name=\"description\" content=\"D\u00e9couvrez le charme d&#039;Andorre-la-Vieille lors d&#039;une visite \u00e0 pied priv\u00e9e de 2 heures, en visitant des sites embl\u00e9matiques avec un guide local expert. R\u00e9servez votre exp\u00e9rience inoubliable d\u00e8s maintenant ! \u2705\" \/>\n<meta name=\"robots\" content=\"index, follow, max-snippet:-1, max-image-preview:large, max-video-preview:-1\" \/>\n<link rel=\"canonical\" href=\"https:\/\/tourtravelandmore.com\/fr\/tours\/andorre\/andorra-la-vella-fr\/toutes-les-visites-privees\/promenade-privee-en-andorre\/\" \/>\n<meta property=\"og:locale\" content=\"fr_FR\" \/>\n<meta property=\"og:type\" content=\"article\" \/>\n<meta property=\"og:title\" content=\"Promenade priv\u00e9e en Andorre\" \/>\n<meta property=\"og:description\" content=\"D\u00e9couvrez le charme d&#039;Andorre-la-Vieille lors d&#039;une visite \u00e0 pied priv\u00e9e de 2 heures, en visitant des sites embl\u00e9matiques avec un guide local expert. R\u00e9servez votre exp\u00e9rience inoubliable d\u00e8s maintenant ! \u2705\" \/>\n<meta property=\"og:url\" content=\"https:\/\/tourtravelandmore.com\/fr\/tours\/andorre\/andorra-la-vella-fr\/toutes-les-visites-privees\/promenade-privee-en-andorre\/\" \/>\n<meta property=\"og:site_name\" content=\"Tour Travel And More\" \/>\n<meta property=\"article:publisher\" content=\"https:\/\/www.facebook.com\/tourtravelandmore\/\" \/>\n<meta property=\"article:modified_time\" content=\"2023-05-03T09:06:58+00:00\" \/>\n<meta property=\"og:image\" content=\"https:\/\/tourtravelandmore.com\/wp-content\/uploads\/2023\/04\/image1-16.jpg\" \/>\n\t<meta property=\"og:image:width\" content=\"950\" \/>\n\t<meta property=\"og:image:height\" content=\"750\" \/>\n\t<meta property=\"og:image:type\" content=\"image\/jpeg\" \/>\n<meta name=\"twitter:card\" content=\"summary_large_image\" \/>\n<meta name=\"twitter:site\" content=\"@TourTravel_More\" \/>\n<meta name=\"twitter:label1\" content=\"Dur\u00e9e de lecture estim\u00e9e\" \/>\n\t<meta name=\"twitter:data1\" content=\"4 minutes\" \/>\n<script type=\"application\/ld+json\" class=\"yoast-schema-graph\">{\"@context\":\"https:\/\/schema.org\",\"@graph\":[{\"@type\":\"WebPage\",\"@id\":\"https:\/\/tourtravelandmore.com\/fr\/tours\/andorre\/andorra-la-vella-fr\/toutes-les-visites-privees\/promenade-privee-en-andorre\/\",\"url\":\"https:\/\/tourtravelandmore.com\/fr\/tours\/andorre\/andorra-la-vella-fr\/toutes-les-visites-privees\/promenade-privee-en-andorre\/\",\"name\":\"\u27a1\ufe0f Private Walking Tour Andorra : Explorez les points forts d'Andorre-la-Vieille\",\"isPartOf\":{\"@id\":\"https:\/\/tourtravelandmore.com\/fr\/#website\"},\"primaryImageOfPage\":{\"@id\":\"https:\/\/tourtravelandmore.com\/fr\/tours\/andorre\/andorra-la-vella-fr\/toutes-les-visites-privees\/promenade-privee-en-andorre\/#primaryimage\"},\"image\":{\"@id\":\"https:\/\/tourtravelandmore.com\/fr\/tours\/andorre\/andorra-la-vella-fr\/toutes-les-visites-privees\/promenade-privee-en-andorre\/#primaryimage\"},\"thumbnailUrl\":\"https:\/\/tourtravelandmore.com\/wp-content\/uploads\/2023\/04\/image1-16.jpg\",\"datePublished\":\"2023-04-29T07:18:17+00:00\",\"dateModified\":\"2023-05-03T09:06:58+00:00\",\"description\":\"D\u00e9couvrez le charme d'Andorre-la-Vieille lors d'une visite \u00e0 pied priv\u00e9e de 2 heures, en visitant des sites embl\u00e9matiques avec un guide local expert. R\u00e9servez votre exp\u00e9rience inoubliable d\u00e8s maintenant ! \u2705\",\"breadcrumb\":{\"@id\":\"https:\/\/tourtravelandmore.com\/fr\/tours\/andorre\/andorra-la-vella-fr\/toutes-les-visites-privees\/promenade-privee-en-andorre\/#breadcrumb\"},\"inLanguage\":\"fr-FR\",\"potentialAction\":[{\"@type\":\"ReadAction\",\"target\":[\"https:\/\/tourtravelandmore.com\/fr\/tours\/andorre\/andorra-la-vella-fr\/toutes-les-visites-privees\/promenade-privee-en-andorre\/\"]}]},{\"@type\":\"ImageObject\",\"inLanguage\":\"fr-FR\",\"@id\":\"https:\/\/tourtravelandmore.com\/fr\/tours\/andorre\/andorra-la-vella-fr\/toutes-les-visites-privees\/promenade-privee-en-andorre\/#primaryimage\",\"url\":\"https:\/\/tourtravelandmore.com\/wp-content\/uploads\/2023\/04\/image1-16.jpg\",\"contentUrl\":\"https:\/\/tourtravelandmore.com\/wp-content\/uploads\/2023\/04\/image1-16.jpg\",\"width\":950,\"height\":750},{\"@type\":\"BreadcrumbList\",\"@id\":\"https:\/\/tourtravelandmore.com\/fr\/tours\/andorre\/andorra-la-vella-fr\/toutes-les-visites-privees\/promenade-privee-en-andorre\/#breadcrumb\",\"itemListElement\":[{\"@type\":\"ListItem\",\"position\":1,\"name\":\"Home\",\"item\":\"https:\/\/tourtravelandmore.com\/fr\/\"},{\"@type\":\"ListItem\",\"position\":2,\"name\":\"Tours\",\"item\":\"https:\/\/tourtravelandmore.com\/fr\/tours\/\"},{\"@type\":\"ListItem\",\"position\":3,\"name\":\"Promenade priv\u00e9e en Andorre\"}]},{\"@type\":\"WebSite\",\"@id\":\"https:\/\/tourtravelandmore.com\/fr\/#website\",\"url\":\"https:\/\/tourtravelandmore.com\/fr\/\",\"name\":\"Tour Travel And More\",\"description\":\"Private sightseeing tours and luxury transfers in Spain\",\"publisher\":{\"@id\":\"https:\/\/tourtravelandmore.com\/fr\/#organization\"},\"potentialAction\":[{\"@type\":\"SearchAction\",\"target\":{\"@type\":\"EntryPoint\",\"urlTemplate\":\"https:\/\/tourtravelandmore.com\/fr\/?s={search_term_string}\"},\"query-input\":{\"@type\":\"PropertyValueSpecification\",\"valueRequired\":true,\"valueName\":\"search_term_string\"}}],\"inLanguage\":\"fr-FR\"},{\"@type\":\"Organization\",\"@id\":\"https:\/\/tourtravelandmore.com\/fr\/#organization\",\"name\":\"Tour Travel And More\",\"url\":\"https:\/\/tourtravelandmore.com\/fr\/\",\"logo\":{\"@type\":\"ImageObject\",\"inLanguage\":\"fr-FR\",\"@id\":\"https:\/\/tourtravelandmore.com\/fr\/#\/schema\/logo\/image\/\",\"url\":\"https:\/\/tourtravelandmore.com\/wp-content\/uploads\/2022\/12\/cropped-logo-cabecera-new.png\",\"contentUrl\":\"https:\/\/tourtravelandmore.com\/wp-content\/uploads\/2022\/12\/cropped-logo-cabecera-new.png\",\"width\":430,\"height\":61,\"caption\":\"Tour Travel And More\"},\"image\":{\"@id\":\"https:\/\/tourtravelandmore.com\/fr\/#\/schema\/logo\/image\/\"},\"sameAs\":[\"https:\/\/www.facebook.com\/tourtravelandmore\/\",\"https:\/\/x.com\/TourTravel_More\"]}]}<\/script>\n<!-- \/ Yoast SEO Premium plugin. -->","yoast_head_json":{"title":"\u27a1\ufe0f Private Walking Tour Andorra : Explorez les points forts d'Andorre-la-Vieille","description":"D\u00e9couvrez le charme d'Andorre-la-Vieille lors d'une visite \u00e0 pied priv\u00e9e de 2 heures, en visitant des sites embl\u00e9matiques avec un guide local expert. R\u00e9servez votre exp\u00e9rience inoubliable d\u00e8s maintenant ! \u2705","robots":{"index":"index","follow":"follow","max-snippet":"max-snippet:-1","max-image-preview":"max-image-preview:large","max-video-preview":"max-video-preview:-1"},"canonical":"https:\/\/tourtravelandmore.com\/fr\/tours\/andorre\/andorra-la-vella-fr\/toutes-les-visites-privees\/promenade-privee-en-andorre\/","og_locale":"fr_FR","og_type":"article","og_title":"Promenade priv\u00e9e en Andorre","og_description":"D\u00e9couvrez le charme d'Andorre-la-Vieille lors d'une visite \u00e0 pied priv\u00e9e de 2 heures, en visitant des sites embl\u00e9matiques avec un guide local expert. R\u00e9servez votre exp\u00e9rience inoubliable d\u00e8s maintenant ! \u2705","og_url":"https:\/\/tourtravelandmore.com\/fr\/tours\/andorre\/andorra-la-vella-fr\/toutes-les-visites-privees\/promenade-privee-en-andorre\/","og_site_name":"Tour Travel And More","article_publisher":"https:\/\/www.facebook.com\/tourtravelandmore\/","article_modified_time":"2023-05-03T09:06:58+00:00","og_image":[{"width":950,"height":750,"url":"https:\/\/tourtravelandmore.com\/wp-content\/uploads\/2023\/04\/image1-16.jpg","type":"image\/jpeg"}],"twitter_card":"summary_large_image","twitter_site":"@TourTravel_More","twitter_misc":{"Dur\u00e9e de lecture estim\u00e9e":"4 minutes"},"schema":{"@context":"https:\/\/schema.org","@graph":[{"@type":"WebPage","@id":"https:\/\/tourtravelandmore.com\/fr\/tours\/andorre\/andorra-la-vella-fr\/toutes-les-visites-privees\/promenade-privee-en-andorre\/","url":"https:\/\/tourtravelandmore.com\/fr\/tours\/andorre\/andorra-la-vella-fr\/toutes-les-visites-privees\/promenade-privee-en-andorre\/","name":"\u27a1\ufe0f Private Walking Tour Andorra : Explorez les points forts d'Andorre-la-Vieille","isPartOf":{"@id":"https:\/\/tourtravelandmore.com\/fr\/#website"},"primaryImageOfPage":{"@id":"https:\/\/tourtravelandmore.com\/fr\/tours\/andorre\/andorra-la-vella-fr\/toutes-les-visites-privees\/promenade-privee-en-andorre\/#primaryimage"},"image":{"@id":"https:\/\/tourtravelandmore.com\/fr\/tours\/andorre\/andorra-la-vella-fr\/toutes-les-visites-privees\/promenade-privee-en-andorre\/#primaryimage"},"thumbnailUrl":"https:\/\/tourtravelandmore.com\/wp-content\/uploads\/2023\/04\/image1-16.jpg","datePublished":"2023-04-29T07:18:17+00:00","dateModified":"2023-05-03T09:06:58+00:00","description":"D\u00e9couvrez le charme d'Andorre-la-Vieille lors d'une visite \u00e0 pied priv\u00e9e de 2 heures, en visitant des sites embl\u00e9matiques avec un guide local expert. R\u00e9servez votre exp\u00e9rience inoubliable d\u00e8s maintenant ! \u2705","breadcrumb":{"@id":"https:\/\/tourtravelandmore.com\/fr\/tours\/andorre\/andorra-la-vella-fr\/toutes-les-visites-privees\/promenade-privee-en-andorre\/#breadcrumb"},"inLanguage":"fr-FR","potentialAction":[{"@type":"ReadAction","target":["https:\/\/tourtravelandmore.com\/fr\/tours\/andorre\/andorra-la-vella-fr\/toutes-les-visites-privees\/promenade-privee-en-andorre\/"]}]},{"@type":"ImageObject","inLanguage":"fr-FR","@id":"https:\/\/tourtravelandmore.com\/fr\/tours\/andorre\/andorra-la-vella-fr\/toutes-les-visites-privees\/promenade-privee-en-andorre\/#primaryimage","url":"https:\/\/tourtravelandmore.com\/wp-content\/uploads\/2023\/04\/image1-16.jpg","contentUrl":"https:\/\/tourtravelandmore.com\/wp-content\/uploads\/2023\/04\/image1-16.jpg","width":950,"height":750},{"@type":"BreadcrumbList","@id":"https:\/\/tourtravelandmore.com\/fr\/tours\/andorre\/andorra-la-vella-fr\/toutes-les-visites-privees\/promenade-privee-en-andorre\/#breadcrumb","itemListElement":[{"@type":"ListItem","position":1,"name":"Home","item":"https:\/\/tourtravelandmore.com\/fr\/"},{"@type":"ListItem","position":2,"name":"Tours","item":"https:\/\/tourtravelandmore.com\/fr\/tours\/"},{"@type":"ListItem","position":3,"name":"Promenade priv\u00e9e en Andorre"}]},{"@type":"WebSite","@id":"https:\/\/tourtravelandmore.com\/fr\/#website","url":"https:\/\/tourtravelandmore.com\/fr\/","name":"Tour Travel And More","description":"Private sightseeing tours and luxury transfers in Spain","publisher":{"@id":"https:\/\/tourtravelandmore.com\/fr\/#organization"},"potentialAction":[{"@type":"SearchAction","target":{"@type":"EntryPoint","urlTemplate":"https:\/\/tourtravelandmore.com\/fr\/?s={search_term_string}"},"query-input":{"@type":"PropertyValueSpecification","valueRequired":true,"valueName":"search_term_string"}}],"inLanguage":"fr-FR"},{"@type":"Organization","@id":"https:\/\/tourtravelandmore.com\/fr\/#organization","name":"Tour Travel And More","url":"https:\/\/tourtravelandmore.com\/fr\/","logo":{"@type":"ImageObject","inLanguage":"fr-FR","@id":"https:\/\/tourtravelandmore.com\/fr\/#\/schema\/logo\/image\/","url":"https:\/\/tourtravelandmore.com\/wp-content\/uploads\/2022\/12\/cropped-logo-cabecera-new.png","contentUrl":"https:\/\/tourtravelandmore.com\/wp-content\/uploads\/2022\/12\/cropped-logo-cabecera-new.png","width":430,"height":61,"caption":"Tour Travel And More"},"image":{"@id":"https:\/\/tourtravelandmore.com\/fr\/#\/schema\/logo\/image\/"},"sameAs":["https:\/\/www.facebook.com\/tourtravelandmore\/","https:\/\/x.com\/TourTravel_More"]}]}},"_links":{"self":[{"href":"https:\/\/tourtravelandmore.com\/fr\/wp-json\/wp\/v2\/product\/164932","targetHints":{"allow":["GET"]}}],"collection":[{"href":"https:\/\/tourtravelandmore.com\/fr\/wp-json\/wp\/v2\/product"}],"about":[{"href":"https:\/\/tourtravelandmore.com\/fr\/wp-json\/wp\/v2\/types\/product"}],"replies":[{"embeddable":true,"href":"https:\/\/tourtravelandmore.com\/fr\/wp-json\/wp\/v2\/comments?post=164932"}],"wp:featuredmedia":[{"embeddable":true,"href":"https:\/\/tourtravelandmore.com\/fr\/wp-json\/wp\/v2\/media\/164904"}],"wp:attachment":[{"href":"https:\/\/tourtravelandmore.com\/fr\/wp-json\/wp\/v2\/media?parent=164932"}],"wp:term":[{"taxonomy":"product_brand","embeddable":true,"href":"https:\/\/tourtravelandmore.com\/fr\/wp-json\/wp\/v2\/product_brand?post=164932"},{"taxonomy":"product_cat","embeddable":true,"href":"https:\/\/tourtravelandmore.com\/fr\/wp-json\/wp\/v2\/product_cat?post=164932"},{"taxonomy":"product_tag","embeddable":true,"href":"https:\/\/tourtravelandmore.com\/fr\/wp-json\/wp\/v2\/product_tag?post=164932"}],"curies":[{"name":"wp","href":"https:\/\/api.w.org\/{rel}","templated":true}]}}