{"id":164896,"date":"2023-04-29T08:38:12","date_gmt":"2023-04-29T06:38:12","guid":{"rendered":"https:\/\/tourtravelandmore.com\/tours\/non%20class\u00e9\/itineraire-2-la-cerdagne\/"},"modified":"2023-05-03T10:34:32","modified_gmt":"2023-05-03T08:34:32","slug":"itineraire-2-la-cerdagne","status":"publish","type":"product","link":"https:\/\/tourtravelandmore.com\/fr\/tours\/andorre\/andorra-la-vella-fr\/toutes-les-visites-privees\/itineraire-2-la-cerdagne\/","title":{"rendered":"La Cerdagne Tour Priv\u00e9 Exclusif"},"content":{"rendered":"<h2><b>Itin\u00e9raire 2 : La Cerdagne Description<\/b><\/h2>\n<p><span style=\"font-weight: 400;\">Plongez dans les paysages enchanteurs et la riche histoire de la Cerdagne lors de cette inoubliable visite priv\u00e9e de 12 heures. De Barcelone \u00e0 BCN, en passant par Puigcerd\u00e0, Villefranche de Conflent, Mont-Louis, Font-Romeu, Ll\u00edvia, vous d\u00e9couvrirez de charmants villages, des panoramas montagneux \u00e0 couper le souffle et des attractions culturelles uniques. En chemin, vous d\u00e9couvrirez le pass\u00e9 historique et le pr\u00e9sent dynamique de la r\u00e9gion avec l&#8217;aide de votre guide bien inform\u00e9. Avec un v\u00e9hicule confortable et un guide expert pendant 6 heures, cette visite exclusive offre une exp\u00e9rience vraiment m\u00e9morable.<\/span><\/p>\n<h2><b>Itin\u00e9raire 2 : Points d&#8217;int\u00e9r\u00eat de la Cerdagne<\/b><\/h2>\n<p><span style=\"font-weight: 400;\">D\u00e9couvrez un large \u00e9ventail d&#8217;attractions au cours de cette visite captivante, du charme historique de Puigcerd\u00e0 et Villefranche de Conflent \u00e0 la splendeur naturelle de Mont-Louis et Font-Romeu. D\u00e9couvrez l&#8217;histoire fascinante de Ll\u00edvia, une enclave espagnole entour\u00e9e par la France, et faites l&#8217;exp\u00e9rience du patrimoine culturel unique de la r\u00e9gion de la Cerdagne. Des anciennes forteresses aux pittoresques villes de montagne, ce circuit propose une exploration compl\u00e8te des sites les plus remarquables et des joyaux cach\u00e9s de la r\u00e9gion.<\/span><\/p>\n<p><b>Puigcerd\u00e0 :<\/b><\/p>\n<p><span style=\"font-weight: 400;\">Situ\u00e9e dans les Pyr\u00e9n\u00e9es pittoresques, Puigcerd\u00e0 est connue pour son charmant centre historique, le pittoresque lac de Puigcerd\u00e0 et ses magnifiques montagnes en toile de fond. Promenez-vous dans les rues \u00e9troites, visitez les boutiques locales et appr\u00e9ciez la beaut\u00e9 idyllique de cette charmante ville. L&#8217;atmosph\u00e8re vibrante et l&#8217;histoire riche de la ville en font une \u00e9tape essentielle de votre voyage en Cerdagne.<\/span><\/p>\n<p><b>Villefranche de Conflent :<\/b><\/p>\n<p><span style=\"font-weight: 400;\">Ce village m\u00e9di\u00e9val fortifi\u00e9 des Pyr\u00e9n\u00e9es fran\u00e7aises est class\u00e9 au patrimoine mondial de l&#8217;UNESCO. Explorez ses rues sinueuses, ses remparts bien conserv\u00e9s et ses grottes souterraines uniques. Villefranche de Conflent offre un aper\u00e7u fascinant du pass\u00e9 de la r\u00e9gion, ainsi qu&#8217;une chance de d\u00e9couvrir un morceau d&#8217;histoire magnifiquement pr\u00e9serv\u00e9.<\/span><\/p>\n<p><b>Mont-Louis :<\/b><\/p>\n<p><span style=\"font-weight: 400;\">Nich\u00e9e au c\u0153ur des Pyr\u00e9n\u00e9es, Mont-Louis est une ville fortifi\u00e9e historique et un site class\u00e9 au patrimoine mondial de l&#8217;UNESCO. Admirez l&#8217;impressionnante architecture militaire con\u00e7ue par Vauban et profitez des vues panoramiques sur les montagnes environnantes. Avec sa riche histoire et sa situation exceptionnelle, Mont-Louis est une destination incontournable de ce circuit.<\/span><\/p>\n<p><b>Font-Romeu :<\/b><\/p>\n<p><span style=\"font-weight: 400;\">Connue pour son climat ensoleill\u00e9 et ses paysages spectaculaires, Font-Romeu est une destination populaire pour les amateurs de plein air. D\u00e9couvrez sa station de ski, le charmant centre du village et le four solaire voisin, qui est le plus grand du genre au monde. D\u00e9couvrez la beaut\u00e9 des Pyr\u00e9n\u00e9es dans cette ville de montagne accueillante.<\/span><\/p>\n<p><b>Ll\u00edvia :<\/b><\/p>\n<p><span style=\"font-weight: 400;\">Enclave espagnole unique entour\u00e9e par la France, Ll\u00edvia poss\u00e8de une histoire fascinante et des attractions captivantes. Visitez la plus ancienne pharmacie d&#8217;Europe et explorez le riche patrimoine culturel de la ville, qui m\u00eale les influences espagnoles et fran\u00e7aises. Le caract\u00e8re distinctif de Ll\u00edvia et son pass\u00e9 intriguant en font un point fort de votre voyage en Cerdagne.<\/span><\/p>\n<p><span style=\"font-weight: 400;\">Retournez \u00e0 Barcelone et terminez votre voyage inoubliable dans l&#8217;\u00e9poustouflante r\u00e9gion de la Cerdagne. R\u00e9fl\u00e9chissez aux souvenirs et aux exp\u00e9riences inoubliables que vous avez accumul\u00e9s tout au long de votre aventure, et gardez pr\u00e9cieusement les connaissances uniques que vous avez acquises au cours de ce circuit exceptionnel.<\/span><\/p>\n<p><span style=\"font-weight: 400;\">D\u00e9couvrez d&#8217;autres circuits priv\u00e9s fascinants propos\u00e9s par Tour Travel and More,<\/span><a href=\"https:\/\/tourtravelandmore.com\/fr\/city\/andorre\/\"><span style=\"font-weight: 400;\"> notamment une gamme de circuits exclusifs en Andorre.<\/span><\/a><span style=\"font-weight: 400;\"> Visitez le site web de l&#8217;entreprise pour explorer la liste compl\u00e8te des circuits disponibles et cr\u00e9er votre itin\u00e9raire de voyage id\u00e9al.<\/span><\/p>\n","protected":false},"excerpt":{"rendered":"<p><span style=\"font-weight: 400;\">D\u00e9couvrez les paysages enchanteurs et la riche histoire de la Cerdagne lors de cette visite priv\u00e9e exclusive de 12 heures au d\u00e9part de Barcelone, en visitant Puigcerd\u00e0, Villefranche de Conflent, Mont-Louis, Font-Romeu et Ll\u00edvia.<\/span><\/p>\n","protected":false},"featured_media":164877,"comment_status":"open","ping_status":"closed","template":"","meta":{"_acf_changed":false},"product_brand":[],"product_cat":[4391,4374,4396,3538],"product_tag":[],"class_list":{"0":"post-164896","1":"product","2":"type-product","3":"status-publish","4":"has-post-thumbnail","6":"product_cat-andorra-la-vella-fr","7":"product_cat-andorre","8":"product_cat-toutes-les-visites-privees","9":"product_cat-barcelone-fr","11":"first","12":"instock","13":"shipping-taxable","14":"purchasable","15":"product-type-simple"},"acf":[],"yoast_head":"<!-- This site is optimized with the Yoast SEO Premium plugin v25.3.1 (Yoast SEO v25.3.1) - https:\/\/yoast.com\/wordpress\/plugins\/seo\/ -->\n<title>\u27a1\ufe0f Route 2 : La Cerdanya - Une excursion priv\u00e9e \u00e0 travers des villages charmants et des paysages \u00e9poustouflants<\/title>\n<meta name=\"description\" content=\"Embarquez pour une captivante excursion priv\u00e9e de 12 heures \u00e0 travers la Cerdagne, en visitant Puigcerd\u00e0, Villefranche de Conflent, Mont-Louis, Font-Romeu et Ll\u00edvia.\" \/>\n<meta name=\"robots\" content=\"index, follow, max-snippet:-1, max-image-preview:large, max-video-preview:-1\" \/>\n<link rel=\"canonical\" href=\"https:\/\/tourtravelandmore.com\/fr\/tours\/andorre\/andorra-la-vella-fr\/toutes-les-visites-privees\/itineraire-2-la-cerdagne\/\" \/>\n<meta property=\"og:locale\" content=\"fr_FR\" \/>\n<meta property=\"og:type\" content=\"article\" \/>\n<meta property=\"og:title\" content=\"La Cerdagne Tour Priv\u00e9 Exclusif\" \/>\n<meta property=\"og:description\" content=\"Embarquez pour une captivante excursion priv\u00e9e de 12 heures \u00e0 travers la Cerdagne, en visitant Puigcerd\u00e0, Villefranche de Conflent, Mont-Louis, Font-Romeu et Ll\u00edvia.\" \/>\n<meta property=\"og:url\" content=\"https:\/\/tourtravelandmore.com\/fr\/tours\/andorre\/andorra-la-vella-fr\/toutes-les-visites-privees\/itineraire-2-la-cerdagne\/\" \/>\n<meta property=\"og:site_name\" content=\"Tour Travel And More\" \/>\n<meta property=\"article:publisher\" content=\"https:\/\/www.facebook.com\/tourtravelandmore\/\" \/>\n<meta property=\"article:modified_time\" content=\"2023-05-03T08:34:32+00:00\" \/>\n<meta property=\"og:image\" content=\"https:\/\/tourtravelandmore.com\/wp-content\/uploads\/2023\/04\/image3-15.jpg\" \/>\n\t<meta property=\"og:image:width\" content=\"950\" \/>\n\t<meta property=\"og:image:height\" content=\"750\" \/>\n\t<meta property=\"og:image:type\" content=\"image\/jpeg\" \/>\n<meta name=\"twitter:card\" content=\"summary_large_image\" \/>\n<meta name=\"twitter:site\" content=\"@TourTravel_More\" \/>\n<meta name=\"twitter:label1\" content=\"Dur\u00e9e de lecture estim\u00e9e\" \/>\n\t<meta name=\"twitter:data1\" content=\"3 minutes\" \/>\n<script type=\"application\/ld+json\" class=\"yoast-schema-graph\">{\"@context\":\"https:\/\/schema.org\",\"@graph\":[{\"@type\":\"WebPage\",\"@id\":\"https:\/\/tourtravelandmore.com\/fr\/tours\/andorre\/andorra-la-vella-fr\/toutes-les-visites-privees\/itineraire-2-la-cerdagne\/\",\"url\":\"https:\/\/tourtravelandmore.com\/fr\/tours\/andorre\/andorra-la-vella-fr\/toutes-les-visites-privees\/itineraire-2-la-cerdagne\/\",\"name\":\"\u27a1\ufe0f Route 2 : La Cerdanya - Une excursion priv\u00e9e \u00e0 travers des villages charmants et des paysages \u00e9poustouflants\",\"isPartOf\":{\"@id\":\"https:\/\/tourtravelandmore.com\/fr\/#website\"},\"primaryImageOfPage\":{\"@id\":\"https:\/\/tourtravelandmore.com\/fr\/tours\/andorre\/andorra-la-vella-fr\/toutes-les-visites-privees\/itineraire-2-la-cerdagne\/#primaryimage\"},\"image\":{\"@id\":\"https:\/\/tourtravelandmore.com\/fr\/tours\/andorre\/andorra-la-vella-fr\/toutes-les-visites-privees\/itineraire-2-la-cerdagne\/#primaryimage\"},\"thumbnailUrl\":\"https:\/\/tourtravelandmore.com\/wp-content\/uploads\/2023\/04\/image3-15.jpg\",\"datePublished\":\"2023-04-29T06:38:12+00:00\",\"dateModified\":\"2023-05-03T08:34:32+00:00\",\"description\":\"Embarquez pour une captivante excursion priv\u00e9e de 12 heures \u00e0 travers la Cerdagne, en visitant Puigcerd\u00e0, Villefranche de Conflent, Mont-Louis, Font-Romeu et Ll\u00edvia.\",\"breadcrumb\":{\"@id\":\"https:\/\/tourtravelandmore.com\/fr\/tours\/andorre\/andorra-la-vella-fr\/toutes-les-visites-privees\/itineraire-2-la-cerdagne\/#breadcrumb\"},\"inLanguage\":\"fr-FR\",\"potentialAction\":[{\"@type\":\"ReadAction\",\"target\":[\"https:\/\/tourtravelandmore.com\/fr\/tours\/andorre\/andorra-la-vella-fr\/toutes-les-visites-privees\/itineraire-2-la-cerdagne\/\"]}]},{\"@type\":\"ImageObject\",\"inLanguage\":\"fr-FR\",\"@id\":\"https:\/\/tourtravelandmore.com\/fr\/tours\/andorre\/andorra-la-vella-fr\/toutes-les-visites-privees\/itineraire-2-la-cerdagne\/#primaryimage\",\"url\":\"https:\/\/tourtravelandmore.com\/wp-content\/uploads\/2023\/04\/image3-15.jpg\",\"contentUrl\":\"https:\/\/tourtravelandmore.com\/wp-content\/uploads\/2023\/04\/image3-15.jpg\",\"width\":950,\"height\":750},{\"@type\":\"BreadcrumbList\",\"@id\":\"https:\/\/tourtravelandmore.com\/fr\/tours\/andorre\/andorra-la-vella-fr\/toutes-les-visites-privees\/itineraire-2-la-cerdagne\/#breadcrumb\",\"itemListElement\":[{\"@type\":\"ListItem\",\"position\":1,\"name\":\"Home\",\"item\":\"https:\/\/tourtravelandmore.com\/fr\/\"},{\"@type\":\"ListItem\",\"position\":2,\"name\":\"Tours\",\"item\":\"https:\/\/tourtravelandmore.com\/fr\/tours\/\"},{\"@type\":\"ListItem\",\"position\":3,\"name\":\"La Cerdagne Tour Priv\u00e9 Exclusif\"}]},{\"@type\":\"WebSite\",\"@id\":\"https:\/\/tourtravelandmore.com\/fr\/#website\",\"url\":\"https:\/\/tourtravelandmore.com\/fr\/\",\"name\":\"Tour Travel And More\",\"description\":\"Private sightseeing tours and luxury transfers in Spain\",\"publisher\":{\"@id\":\"https:\/\/tourtravelandmore.com\/fr\/#organization\"},\"potentialAction\":[{\"@type\":\"SearchAction\",\"target\":{\"@type\":\"EntryPoint\",\"urlTemplate\":\"https:\/\/tourtravelandmore.com\/fr\/?s={search_term_string}\"},\"query-input\":{\"@type\":\"PropertyValueSpecification\",\"valueRequired\":true,\"valueName\":\"search_term_string\"}}],\"inLanguage\":\"fr-FR\"},{\"@type\":\"Organization\",\"@id\":\"https:\/\/tourtravelandmore.com\/fr\/#organization\",\"name\":\"Tour Travel And More\",\"url\":\"https:\/\/tourtravelandmore.com\/fr\/\",\"logo\":{\"@type\":\"ImageObject\",\"inLanguage\":\"fr-FR\",\"@id\":\"https:\/\/tourtravelandmore.com\/fr\/#\/schema\/logo\/image\/\",\"url\":\"https:\/\/tourtravelandmore.com\/wp-content\/uploads\/2022\/12\/cropped-logo-cabecera-new.png\",\"contentUrl\":\"https:\/\/tourtravelandmore.com\/wp-content\/uploads\/2022\/12\/cropped-logo-cabecera-new.png\",\"width\":430,\"height\":61,\"caption\":\"Tour Travel And More\"},\"image\":{\"@id\":\"https:\/\/tourtravelandmore.com\/fr\/#\/schema\/logo\/image\/\"},\"sameAs\":[\"https:\/\/www.facebook.com\/tourtravelandmore\/\",\"https:\/\/x.com\/TourTravel_More\"]}]}<\/script>\n<!-- \/ Yoast SEO Premium plugin. -->","yoast_head_json":{"title":"\u27a1\ufe0f Route 2 : La Cerdanya - Une excursion priv\u00e9e \u00e0 travers des villages charmants et des paysages \u00e9poustouflants","description":"Embarquez pour une captivante excursion priv\u00e9e de 12 heures \u00e0 travers la Cerdagne, en visitant Puigcerd\u00e0, Villefranche de Conflent, Mont-Louis, Font-Romeu et Ll\u00edvia.","robots":{"index":"index","follow":"follow","max-snippet":"max-snippet:-1","max-image-preview":"max-image-preview:large","max-video-preview":"max-video-preview:-1"},"canonical":"https:\/\/tourtravelandmore.com\/fr\/tours\/andorre\/andorra-la-vella-fr\/toutes-les-visites-privees\/itineraire-2-la-cerdagne\/","og_locale":"fr_FR","og_type":"article","og_title":"La Cerdagne Tour Priv\u00e9 Exclusif","og_description":"Embarquez pour une captivante excursion priv\u00e9e de 12 heures \u00e0 travers la Cerdagne, en visitant Puigcerd\u00e0, Villefranche de Conflent, Mont-Louis, Font-Romeu et Ll\u00edvia.","og_url":"https:\/\/tourtravelandmore.com\/fr\/tours\/andorre\/andorra-la-vella-fr\/toutes-les-visites-privees\/itineraire-2-la-cerdagne\/","og_site_name":"Tour Travel And More","article_publisher":"https:\/\/www.facebook.com\/tourtravelandmore\/","article_modified_time":"2023-05-03T08:34:32+00:00","og_image":[{"width":950,"height":750,"url":"https:\/\/tourtravelandmore.com\/wp-content\/uploads\/2023\/04\/image3-15.jpg","type":"image\/jpeg"}],"twitter_card":"summary_large_image","twitter_site":"@TourTravel_More","twitter_misc":{"Dur\u00e9e de lecture estim\u00e9e":"3 minutes"},"schema":{"@context":"https:\/\/schema.org","@graph":[{"@type":"WebPage","@id":"https:\/\/tourtravelandmore.com\/fr\/tours\/andorre\/andorra-la-vella-fr\/toutes-les-visites-privees\/itineraire-2-la-cerdagne\/","url":"https:\/\/tourtravelandmore.com\/fr\/tours\/andorre\/andorra-la-vella-fr\/toutes-les-visites-privees\/itineraire-2-la-cerdagne\/","name":"\u27a1\ufe0f Route 2 : La Cerdanya - Une excursion priv\u00e9e \u00e0 travers des villages charmants et des paysages \u00e9poustouflants","isPartOf":{"@id":"https:\/\/tourtravelandmore.com\/fr\/#website"},"primaryImageOfPage":{"@id":"https:\/\/tourtravelandmore.com\/fr\/tours\/andorre\/andorra-la-vella-fr\/toutes-les-visites-privees\/itineraire-2-la-cerdagne\/#primaryimage"},"image":{"@id":"https:\/\/tourtravelandmore.com\/fr\/tours\/andorre\/andorra-la-vella-fr\/toutes-les-visites-privees\/itineraire-2-la-cerdagne\/#primaryimage"},"thumbnailUrl":"https:\/\/tourtravelandmore.com\/wp-content\/uploads\/2023\/04\/image3-15.jpg","datePublished":"2023-04-29T06:38:12+00:00","dateModified":"2023-05-03T08:34:32+00:00","description":"Embarquez pour une captivante excursion priv\u00e9e de 12 heures \u00e0 travers la Cerdagne, en visitant Puigcerd\u00e0, Villefranche de Conflent, Mont-Louis, Font-Romeu et Ll\u00edvia.","breadcrumb":{"@id":"https:\/\/tourtravelandmore.com\/fr\/tours\/andorre\/andorra-la-vella-fr\/toutes-les-visites-privees\/itineraire-2-la-cerdagne\/#breadcrumb"},"inLanguage":"fr-FR","potentialAction":[{"@type":"ReadAction","target":["https:\/\/tourtravelandmore.com\/fr\/tours\/andorre\/andorra-la-vella-fr\/toutes-les-visites-privees\/itineraire-2-la-cerdagne\/"]}]},{"@type":"ImageObject","inLanguage":"fr-FR","@id":"https:\/\/tourtravelandmore.com\/fr\/tours\/andorre\/andorra-la-vella-fr\/toutes-les-visites-privees\/itineraire-2-la-cerdagne\/#primaryimage","url":"https:\/\/tourtravelandmore.com\/wp-content\/uploads\/2023\/04\/image3-15.jpg","contentUrl":"https:\/\/tourtravelandmore.com\/wp-content\/uploads\/2023\/04\/image3-15.jpg","width":950,"height":750},{"@type":"BreadcrumbList","@id":"https:\/\/tourtravelandmore.com\/fr\/tours\/andorre\/andorra-la-vella-fr\/toutes-les-visites-privees\/itineraire-2-la-cerdagne\/#breadcrumb","itemListElement":[{"@type":"ListItem","position":1,"name":"Home","item":"https:\/\/tourtravelandmore.com\/fr\/"},{"@type":"ListItem","position":2,"name":"Tours","item":"https:\/\/tourtravelandmore.com\/fr\/tours\/"},{"@type":"ListItem","position":3,"name":"La Cerdagne Tour Priv\u00e9 Exclusif"}]},{"@type":"WebSite","@id":"https:\/\/tourtravelandmore.com\/fr\/#website","url":"https:\/\/tourtravelandmore.com\/fr\/","name":"Tour Travel And More","description":"Private sightseeing tours and luxury transfers in Spain","publisher":{"@id":"https:\/\/tourtravelandmore.com\/fr\/#organization"},"potentialAction":[{"@type":"SearchAction","target":{"@type":"EntryPoint","urlTemplate":"https:\/\/tourtravelandmore.com\/fr\/?s={search_term_string}"},"query-input":{"@type":"PropertyValueSpecification","valueRequired":true,"valueName":"search_term_string"}}],"inLanguage":"fr-FR"},{"@type":"Organization","@id":"https:\/\/tourtravelandmore.com\/fr\/#organization","name":"Tour Travel And More","url":"https:\/\/tourtravelandmore.com\/fr\/","logo":{"@type":"ImageObject","inLanguage":"fr-FR","@id":"https:\/\/tourtravelandmore.com\/fr\/#\/schema\/logo\/image\/","url":"https:\/\/tourtravelandmore.com\/wp-content\/uploads\/2022\/12\/cropped-logo-cabecera-new.png","contentUrl":"https:\/\/tourtravelandmore.com\/wp-content\/uploads\/2022\/12\/cropped-logo-cabecera-new.png","width":430,"height":61,"caption":"Tour Travel And More"},"image":{"@id":"https:\/\/tourtravelandmore.com\/fr\/#\/schema\/logo\/image\/"},"sameAs":["https:\/\/www.facebook.com\/tourtravelandmore\/","https:\/\/x.com\/TourTravel_More"]}]}},"_links":{"self":[{"href":"https:\/\/tourtravelandmore.com\/fr\/wp-json\/wp\/v2\/product\/164896","targetHints":{"allow":["GET"]}}],"collection":[{"href":"https:\/\/tourtravelandmore.com\/fr\/wp-json\/wp\/v2\/product"}],"about":[{"href":"https:\/\/tourtravelandmore.com\/fr\/wp-json\/wp\/v2\/types\/product"}],"replies":[{"embeddable":true,"href":"https:\/\/tourtravelandmore.com\/fr\/wp-json\/wp\/v2\/comments?post=164896"}],"wp:featuredmedia":[{"embeddable":true,"href":"https:\/\/tourtravelandmore.com\/fr\/wp-json\/wp\/v2\/media\/164877"}],"wp:attachment":[{"href":"https:\/\/tourtravelandmore.com\/fr\/wp-json\/wp\/v2\/media?parent=164896"}],"wp:term":[{"taxonomy":"product_brand","embeddable":true,"href":"https:\/\/tourtravelandmore.com\/fr\/wp-json\/wp\/v2\/product_brand?post=164896"},{"taxonomy":"product_cat","embeddable":true,"href":"https:\/\/tourtravelandmore.com\/fr\/wp-json\/wp\/v2\/product_cat?post=164896"},{"taxonomy":"product_tag","embeddable":true,"href":"https:\/\/tourtravelandmore.com\/fr\/wp-json\/wp\/v2\/product_tag?post=164896"}],"curies":[{"name":"wp","href":"https:\/\/api.w.org\/{rel}","templated":true}]}}