{"id":164509,"date":"2023-04-27T16:44:13","date_gmt":"2023-04-27T14:44:22","guid":{"rendered":"https:\/\/tourtravelandmore.com\/?post_type=product&#038;p=164509"},"modified":"2024-04-24T15:07:45","modified_gmt":"2024-04-24T13:07:45","slug":"visite-privee-de-la-basilique-saint-marc","status":"publish","type":"product","link":"https:\/\/tourtravelandmore.com\/fr\/tours\/italie-fr\/venice-fr\/private-day-trips-fr-13-venice-fr\/visite-privee-de-la-basilique-saint-marc\/","title":{"rendered":"Visite priv\u00e9e de la Basilique Saint-Marc"},"content":{"rendered":"<h2>Description<\/h2>\n<p>Bienvenue \u00e0 la visite priv\u00e9e de la basilique Saint-Marc organis\u00e9e par Tour Travel &amp; More. Cette visite guid\u00e9e de deux heures vous fera d\u00e9couvrir l&#8217;un des sites les plus \u00e9tonnants et les plus importants de la ville de Venise.<\/p>\n<p>Notre guide expert vous fera d\u00e9couvrir l&#8217;histoire de la basilique, son architecture et sa signification religieuse. Vous explorerez ensuite l&#8217;int\u00e9rieur de la basilique et d\u00e9couvrirez les histoires qui se cachent derri\u00e8re les \u0153uvres d&#8217;art qui ornent les murs et les plafonds. Vous aurez \u00e9galement l&#8217;occasion de voir les tr\u00e9sors du mus\u00e9e de la basilique. Vous y trouverez notamment la c\u00e9l\u00e8bre Pala d&#8217;Oro et d&#8217;autres pr\u00e9cieuses reliques.<\/p>\n<p>L&#8217;entr\u00e9e \u00e0 la basilique Saint-Marc est incluse dans la visite. Vous n&#8217;aurez pas \u00e0 vous soucier de faire la queue pour obtenir des billets, car notre guide s&#8217;occupera de tout pour vous.<\/p>\n<h2>Sites d&#8217;int\u00e9r\u00eat et points de rep\u00e8re<\/h2>\n<p>La visite commence par une br\u00e8ve introduction \u00e0 l&#8217;histoire et \u00e0 l&#8217;importance de la Basilique Saint-Marc. Vous apprendrez les origines de la basilique et comment elle est devenue le symbole du pouvoir et de l&#8217;influence de Venise.<\/p>\n<p>La visite vous conduira ensuite \u00e0 l&#8217;int\u00e9rieur de la basilique, qui est d&#8217;une beaut\u00e9 \u00e9poustouflante. Vous verrez les mosa\u00efques, les sculptures et les fresques qui ornent les murs et les plafonds de la basilique. Notre guide vous expliquera l&#8217;histoire de ces \u0153uvres d&#8217;art, y compris les c\u00e9l\u00e8bres sc\u00e8nes de la vie de Saint Marc.<\/p>\n<p>Apr\u00e8s avoir explor\u00e9 l&#8217;int\u00e9rieur de la basilique, la visite vous conduira au mus\u00e9e de la basilique. Vous aurez l&#8217;occasion d&#8217;y voir la Pala d&#8217;Oro, un retable exquis d\u00e9cor\u00e9 de pierres pr\u00e9cieuses et d&#8217;\u00e9maux. Vous verrez \u00e9galement d&#8217;autres tr\u00e9sors inestimables de la collection de la basilique, notamment des manuscrits anciens et des reliques religieuses.<\/p>\n<p>Tout au long de la visite, notre guide expert partagera avec vous des informations fascinantes sur l&#8217;histoire et l&#8217;importance de la Basilique Saint-Marc. Vous d\u00e9couvrirez les traditions religieuses et culturelles qui ont fa\u00e7onn\u00e9 l&#8217;architecture et la d\u00e9coration de la basilique, ainsi que son \u00e9volution au fil des si\u00e8cles.<\/p>\n<p>En conclusion, la visite priv\u00e9e de la basilique Saint-Marc propos\u00e9e par Tour Travel &amp; More est une exp\u00e9rience \u00e0 ne pas manquer pour tous ceux qui visitent Venise. Avec sa riche histoire, son architecture \u00e9poustouflante et ses tr\u00e9sors inestimables, la Basilique Saint-Marc est l&#8217;un des sites les plus importants de la ville. R\u00e9servez d\u00e8s maintenant pour ne pas manquer cette exp\u00e9rience inoubliable.<\/p>\n<p>Une autre option d&#8217;excursion d&#8217;une journ\u00e9e compl\u00e8te au d\u00e9part de Venise est notre excursion priv\u00e9e \u00e0 V\u00e9rone et Valpolicella, jetez-y un coup d&#8217;\u0153il !<\/p>\n","protected":false},"excerpt":{"rendered":"<p>Bienvenue \u00e0 la visite priv\u00e9e de la basilique Saint-Marc organis\u00e9e par Tour Travel &amp; More. Cette visite guid\u00e9e de deux heures vous fera d\u00e9couvrir l&#8217;un des sites les plus \u00e9tonnants et les plus importants de la ville de Venise.<\/p>\n<p>&nbsp;<\/p>\n","protected":false},"featured_media":169947,"comment_status":"open","ping_status":"closed","template":"","meta":{"_acf_changed":false},"product_brand":[],"product_cat":[3710,4310,4313,4312],"product_tag":[],"class_list":{"0":"post-164509","1":"product","2":"type-product","3":"status-publish","4":"has-post-thumbnail","6":"product_cat-venice-fr","7":"product_cat-all-private-tours-activities-fr-20","8":"product_cat-private-sightseeing-tours-fr-26","9":"product_cat-private-day-trips-fr-13-venice-fr","11":"first","12":"instock","13":"shipping-taxable","14":"purchasable","15":"product-type-simple"},"acf":[],"yoast_head":"<!-- This site is optimized with the Yoast SEO Premium plugin v25.3.1 (Yoast SEO v25.3.1) - https:\/\/yoast.com\/wordpress\/plugins\/seo\/ -->\n<title>Visite priv\u00e9e de la Basilique Saint-Marc | Tour Travel &amp; More<\/title>\n<meta name=\"description\" content=\"Visite priv\u00e9e de la Basilique Saint-Marc. Profitez de la visite, dans votre v\u00e9hicule priv\u00e9 de luxe, de l&#039;une des plus belles r\u00e9gions d&#039;Europe\u2705.\" \/>\n<meta name=\"robots\" content=\"index, follow, max-snippet:-1, max-image-preview:large, max-video-preview:-1\" \/>\n<link rel=\"canonical\" href=\"https:\/\/tourtravelandmore.com\/fr\/tours\/italie-fr\/venice-fr\/private-day-trips-fr-13-venice-fr\/visite-privee-de-la-basilique-saint-marc\/\" \/>\n<meta property=\"og:locale\" content=\"fr_FR\" \/>\n<meta property=\"og:type\" content=\"article\" \/>\n<meta property=\"og:title\" content=\"Visite priv\u00e9e de la Basilique Saint-Marc\" \/>\n<meta property=\"og:description\" content=\"Visite priv\u00e9e de la Basilique Saint-Marc. Profitez de la visite, dans votre v\u00e9hicule priv\u00e9 de luxe, de l&#039;une des plus belles r\u00e9gions d&#039;Europe\u2705.\" \/>\n<meta property=\"og:url\" content=\"https:\/\/tourtravelandmore.com\/fr\/tours\/italie-fr\/venice-fr\/private-day-trips-fr-13-venice-fr\/visite-privee-de-la-basilique-saint-marc\/\" \/>\n<meta property=\"og:site_name\" content=\"Tour Travel And More\" \/>\n<meta property=\"article:publisher\" content=\"https:\/\/www.facebook.com\/tourtravelandmore\/\" \/>\n<meta property=\"article:modified_time\" content=\"2024-04-24T13:07:45+00:00\" \/>\n<meta property=\"og:image\" content=\"https:\/\/tourtravelandmore.com\/wp-content\/uploads\/2023\/04\/visita-guiada-basilica-San-Marcos.jpg\" \/>\n\t<meta property=\"og:image:width\" content=\"1920\" \/>\n\t<meta property=\"og:image:height\" content=\"1080\" \/>\n\t<meta property=\"og:image:type\" content=\"image\/jpeg\" \/>\n<meta name=\"twitter:card\" content=\"summary_large_image\" \/>\n<meta name=\"twitter:site\" content=\"@TourTravel_More\" \/>\n<meta name=\"twitter:label1\" content=\"Dur\u00e9e de lecture estim\u00e9e\" \/>\n\t<meta name=\"twitter:data1\" content=\"3 minutes\" \/>\n<script type=\"application\/ld+json\" class=\"yoast-schema-graph\">{\"@context\":\"https:\/\/schema.org\",\"@graph\":[{\"@type\":\"WebPage\",\"@id\":\"https:\/\/tourtravelandmore.com\/fr\/tours\/italie-fr\/venice-fr\/private-day-trips-fr-13-venice-fr\/visite-privee-de-la-basilique-saint-marc\/\",\"url\":\"https:\/\/tourtravelandmore.com\/fr\/tours\/italie-fr\/venice-fr\/private-day-trips-fr-13-venice-fr\/visite-privee-de-la-basilique-saint-marc\/\",\"name\":\"Visite priv\u00e9e de la Basilique Saint-Marc | Tour Travel & More\",\"isPartOf\":{\"@id\":\"https:\/\/tourtravelandmore.com\/fr\/#website\"},\"primaryImageOfPage\":{\"@id\":\"https:\/\/tourtravelandmore.com\/fr\/tours\/italie-fr\/venice-fr\/private-day-trips-fr-13-venice-fr\/visite-privee-de-la-basilique-saint-marc\/#primaryimage\"},\"image\":{\"@id\":\"https:\/\/tourtravelandmore.com\/fr\/tours\/italie-fr\/venice-fr\/private-day-trips-fr-13-venice-fr\/visite-privee-de-la-basilique-saint-marc\/#primaryimage\"},\"thumbnailUrl\":\"https:\/\/tourtravelandmore.com\/wp-content\/uploads\/2023\/04\/visita-guiada-basilica-San-Marcos.jpg\",\"datePublished\":\"2023-04-27T14:44:22+00:00\",\"dateModified\":\"2024-04-24T13:07:45+00:00\",\"description\":\"Visite priv\u00e9e de la Basilique Saint-Marc. Profitez de la visite, dans votre v\u00e9hicule priv\u00e9 de luxe, de l'une des plus belles r\u00e9gions d'Europe\u2705.\",\"breadcrumb\":{\"@id\":\"https:\/\/tourtravelandmore.com\/fr\/tours\/italie-fr\/venice-fr\/private-day-trips-fr-13-venice-fr\/visite-privee-de-la-basilique-saint-marc\/#breadcrumb\"},\"inLanguage\":\"fr-FR\",\"potentialAction\":[{\"@type\":\"ReadAction\",\"target\":[\"https:\/\/tourtravelandmore.com\/fr\/tours\/italie-fr\/venice-fr\/private-day-trips-fr-13-venice-fr\/visite-privee-de-la-basilique-saint-marc\/\"]}]},{\"@type\":\"ImageObject\",\"inLanguage\":\"fr-FR\",\"@id\":\"https:\/\/tourtravelandmore.com\/fr\/tours\/italie-fr\/venice-fr\/private-day-trips-fr-13-venice-fr\/visite-privee-de-la-basilique-saint-marc\/#primaryimage\",\"url\":\"https:\/\/tourtravelandmore.com\/wp-content\/uploads\/2023\/04\/visita-guiada-basilica-San-Marcos.jpg\",\"contentUrl\":\"https:\/\/tourtravelandmore.com\/wp-content\/uploads\/2023\/04\/visita-guiada-basilica-San-Marcos.jpg\",\"width\":1920,\"height\":1080},{\"@type\":\"BreadcrumbList\",\"@id\":\"https:\/\/tourtravelandmore.com\/fr\/tours\/italie-fr\/venice-fr\/private-day-trips-fr-13-venice-fr\/visite-privee-de-la-basilique-saint-marc\/#breadcrumb\",\"itemListElement\":[{\"@type\":\"ListItem\",\"position\":1,\"name\":\"Home\",\"item\":\"https:\/\/tourtravelandmore.com\/fr\/\"},{\"@type\":\"ListItem\",\"position\":2,\"name\":\"Tours\",\"item\":\"https:\/\/tourtravelandmore.com\/fr\/tours\/\"},{\"@type\":\"ListItem\",\"position\":3,\"name\":\"Visite priv\u00e9e de la Basilique Saint-Marc\"}]},{\"@type\":\"WebSite\",\"@id\":\"https:\/\/tourtravelandmore.com\/fr\/#website\",\"url\":\"https:\/\/tourtravelandmore.com\/fr\/\",\"name\":\"Tour Travel And More\",\"description\":\"Private sightseeing tours and luxury transfers in Spain\",\"publisher\":{\"@id\":\"https:\/\/tourtravelandmore.com\/fr\/#organization\"},\"potentialAction\":[{\"@type\":\"SearchAction\",\"target\":{\"@type\":\"EntryPoint\",\"urlTemplate\":\"https:\/\/tourtravelandmore.com\/fr\/?s={search_term_string}\"},\"query-input\":{\"@type\":\"PropertyValueSpecification\",\"valueRequired\":true,\"valueName\":\"search_term_string\"}}],\"inLanguage\":\"fr-FR\"},{\"@type\":\"Organization\",\"@id\":\"https:\/\/tourtravelandmore.com\/fr\/#organization\",\"name\":\"Tour Travel And More\",\"url\":\"https:\/\/tourtravelandmore.com\/fr\/\",\"logo\":{\"@type\":\"ImageObject\",\"inLanguage\":\"fr-FR\",\"@id\":\"https:\/\/tourtravelandmore.com\/fr\/#\/schema\/logo\/image\/\",\"url\":\"https:\/\/tourtravelandmore.com\/wp-content\/uploads\/2022\/12\/cropped-logo-cabecera-new.png\",\"contentUrl\":\"https:\/\/tourtravelandmore.com\/wp-content\/uploads\/2022\/12\/cropped-logo-cabecera-new.png\",\"width\":430,\"height\":61,\"caption\":\"Tour Travel And More\"},\"image\":{\"@id\":\"https:\/\/tourtravelandmore.com\/fr\/#\/schema\/logo\/image\/\"},\"sameAs\":[\"https:\/\/www.facebook.com\/tourtravelandmore\/\",\"https:\/\/x.com\/TourTravel_More\"]}]}<\/script>\n<!-- \/ Yoast SEO Premium plugin. -->","yoast_head_json":{"title":"Visite priv\u00e9e de la Basilique Saint-Marc | Tour Travel & More","description":"Visite priv\u00e9e de la Basilique Saint-Marc. Profitez de la visite, dans votre v\u00e9hicule priv\u00e9 de luxe, de l'une des plus belles r\u00e9gions d'Europe\u2705.","robots":{"index":"index","follow":"follow","max-snippet":"max-snippet:-1","max-image-preview":"max-image-preview:large","max-video-preview":"max-video-preview:-1"},"canonical":"https:\/\/tourtravelandmore.com\/fr\/tours\/italie-fr\/venice-fr\/private-day-trips-fr-13-venice-fr\/visite-privee-de-la-basilique-saint-marc\/","og_locale":"fr_FR","og_type":"article","og_title":"Visite priv\u00e9e de la Basilique Saint-Marc","og_description":"Visite priv\u00e9e de la Basilique Saint-Marc. Profitez de la visite, dans votre v\u00e9hicule priv\u00e9 de luxe, de l'une des plus belles r\u00e9gions d'Europe\u2705.","og_url":"https:\/\/tourtravelandmore.com\/fr\/tours\/italie-fr\/venice-fr\/private-day-trips-fr-13-venice-fr\/visite-privee-de-la-basilique-saint-marc\/","og_site_name":"Tour Travel And More","article_publisher":"https:\/\/www.facebook.com\/tourtravelandmore\/","article_modified_time":"2024-04-24T13:07:45+00:00","og_image":[{"width":1920,"height":1080,"url":"https:\/\/tourtravelandmore.com\/wp-content\/uploads\/2023\/04\/visita-guiada-basilica-San-Marcos.jpg","type":"image\/jpeg"}],"twitter_card":"summary_large_image","twitter_site":"@TourTravel_More","twitter_misc":{"Dur\u00e9e de lecture estim\u00e9e":"3 minutes"},"schema":{"@context":"https:\/\/schema.org","@graph":[{"@type":"WebPage","@id":"https:\/\/tourtravelandmore.com\/fr\/tours\/italie-fr\/venice-fr\/private-day-trips-fr-13-venice-fr\/visite-privee-de-la-basilique-saint-marc\/","url":"https:\/\/tourtravelandmore.com\/fr\/tours\/italie-fr\/venice-fr\/private-day-trips-fr-13-venice-fr\/visite-privee-de-la-basilique-saint-marc\/","name":"Visite priv\u00e9e de la Basilique Saint-Marc | Tour Travel & More","isPartOf":{"@id":"https:\/\/tourtravelandmore.com\/fr\/#website"},"primaryImageOfPage":{"@id":"https:\/\/tourtravelandmore.com\/fr\/tours\/italie-fr\/venice-fr\/private-day-trips-fr-13-venice-fr\/visite-privee-de-la-basilique-saint-marc\/#primaryimage"},"image":{"@id":"https:\/\/tourtravelandmore.com\/fr\/tours\/italie-fr\/venice-fr\/private-day-trips-fr-13-venice-fr\/visite-privee-de-la-basilique-saint-marc\/#primaryimage"},"thumbnailUrl":"https:\/\/tourtravelandmore.com\/wp-content\/uploads\/2023\/04\/visita-guiada-basilica-San-Marcos.jpg","datePublished":"2023-04-27T14:44:22+00:00","dateModified":"2024-04-24T13:07:45+00:00","description":"Visite priv\u00e9e de la Basilique Saint-Marc. Profitez de la visite, dans votre v\u00e9hicule priv\u00e9 de luxe, de l'une des plus belles r\u00e9gions d'Europe\u2705.","breadcrumb":{"@id":"https:\/\/tourtravelandmore.com\/fr\/tours\/italie-fr\/venice-fr\/private-day-trips-fr-13-venice-fr\/visite-privee-de-la-basilique-saint-marc\/#breadcrumb"},"inLanguage":"fr-FR","potentialAction":[{"@type":"ReadAction","target":["https:\/\/tourtravelandmore.com\/fr\/tours\/italie-fr\/venice-fr\/private-day-trips-fr-13-venice-fr\/visite-privee-de-la-basilique-saint-marc\/"]}]},{"@type":"ImageObject","inLanguage":"fr-FR","@id":"https:\/\/tourtravelandmore.com\/fr\/tours\/italie-fr\/venice-fr\/private-day-trips-fr-13-venice-fr\/visite-privee-de-la-basilique-saint-marc\/#primaryimage","url":"https:\/\/tourtravelandmore.com\/wp-content\/uploads\/2023\/04\/visita-guiada-basilica-San-Marcos.jpg","contentUrl":"https:\/\/tourtravelandmore.com\/wp-content\/uploads\/2023\/04\/visita-guiada-basilica-San-Marcos.jpg","width":1920,"height":1080},{"@type":"BreadcrumbList","@id":"https:\/\/tourtravelandmore.com\/fr\/tours\/italie-fr\/venice-fr\/private-day-trips-fr-13-venice-fr\/visite-privee-de-la-basilique-saint-marc\/#breadcrumb","itemListElement":[{"@type":"ListItem","position":1,"name":"Home","item":"https:\/\/tourtravelandmore.com\/fr\/"},{"@type":"ListItem","position":2,"name":"Tours","item":"https:\/\/tourtravelandmore.com\/fr\/tours\/"},{"@type":"ListItem","position":3,"name":"Visite priv\u00e9e de la Basilique Saint-Marc"}]},{"@type":"WebSite","@id":"https:\/\/tourtravelandmore.com\/fr\/#website","url":"https:\/\/tourtravelandmore.com\/fr\/","name":"Tour Travel And More","description":"Private sightseeing tours and luxury transfers in Spain","publisher":{"@id":"https:\/\/tourtravelandmore.com\/fr\/#organization"},"potentialAction":[{"@type":"SearchAction","target":{"@type":"EntryPoint","urlTemplate":"https:\/\/tourtravelandmore.com\/fr\/?s={search_term_string}"},"query-input":{"@type":"PropertyValueSpecification","valueRequired":true,"valueName":"search_term_string"}}],"inLanguage":"fr-FR"},{"@type":"Organization","@id":"https:\/\/tourtravelandmore.com\/fr\/#organization","name":"Tour Travel And More","url":"https:\/\/tourtravelandmore.com\/fr\/","logo":{"@type":"ImageObject","inLanguage":"fr-FR","@id":"https:\/\/tourtravelandmore.com\/fr\/#\/schema\/logo\/image\/","url":"https:\/\/tourtravelandmore.com\/wp-content\/uploads\/2022\/12\/cropped-logo-cabecera-new.png","contentUrl":"https:\/\/tourtravelandmore.com\/wp-content\/uploads\/2022\/12\/cropped-logo-cabecera-new.png","width":430,"height":61,"caption":"Tour Travel And More"},"image":{"@id":"https:\/\/tourtravelandmore.com\/fr\/#\/schema\/logo\/image\/"},"sameAs":["https:\/\/www.facebook.com\/tourtravelandmore\/","https:\/\/x.com\/TourTravel_More"]}]}},"_links":{"self":[{"href":"https:\/\/tourtravelandmore.com\/fr\/wp-json\/wp\/v2\/product\/164509","targetHints":{"allow":["GET"]}}],"collection":[{"href":"https:\/\/tourtravelandmore.com\/fr\/wp-json\/wp\/v2\/product"}],"about":[{"href":"https:\/\/tourtravelandmore.com\/fr\/wp-json\/wp\/v2\/types\/product"}],"replies":[{"embeddable":true,"href":"https:\/\/tourtravelandmore.com\/fr\/wp-json\/wp\/v2\/comments?post=164509"}],"wp:featuredmedia":[{"embeddable":true,"href":"https:\/\/tourtravelandmore.com\/fr\/wp-json\/wp\/v2\/media\/169947"}],"wp:attachment":[{"href":"https:\/\/tourtravelandmore.com\/fr\/wp-json\/wp\/v2\/media?parent=164509"}],"wp:term":[{"taxonomy":"product_brand","embeddable":true,"href":"https:\/\/tourtravelandmore.com\/fr\/wp-json\/wp\/v2\/product_brand?post=164509"},{"taxonomy":"product_cat","embeddable":true,"href":"https:\/\/tourtravelandmore.com\/fr\/wp-json\/wp\/v2\/product_cat?post=164509"},{"taxonomy":"product_tag","embeddable":true,"href":"https:\/\/tourtravelandmore.com\/fr\/wp-json\/wp\/v2\/product_tag?post=164509"}],"curies":[{"name":"wp","href":"https:\/\/api.w.org\/{rel}","templated":true}]}}