{"id":164464,"date":"2023-04-27T15:20:20","date_gmt":"2023-04-27T13:20:31","guid":{"rendered":"https:\/\/tourtravelandmore.com\/?post_type=product&#038;p=164464"},"modified":"2024-04-24T15:10:14","modified_gmt":"2024-04-24T13:10:14","slug":"visite-privee-a-pied-de-venise-avec-visite-gastronomique-du-marche","status":"publish","type":"product","link":"https:\/\/tourtravelandmore.com\/fr\/tours\/italie-fr\/venice-fr\/private-day-trips-fr-13-venice-fr\/visite-privee-a-pied-de-venise-avec-visite-gastronomique-du-marche\/","title":{"rendered":"Visite priv\u00e9e \u00e0 pied de Venise avec visite gastronomique du march\u00e9"},"content":{"rendered":"<h2>Description<\/h2>\n<p>Bienvenue \u00e0 Tour Travel &amp; More, o\u00f9 nous proposons une visite priv\u00e9e \u00e0 pied de Venise avec une d\u00e9licieuse visite gastronomique au march\u00e9. Cette visite est id\u00e9ale pour ceux qui souhaitent explorer la ville \u00e0 pied et s&#8217;immerger dans la culture culinaire locale.<\/p>\n<p>Votre guide vous accueillera \u00e0 votre h\u00f4tel ou \u00e0 un point de rencontre d\u00e9sign\u00e9. La visite durera au total 3 heures. Les deux premi\u00e8res heures seront consacr\u00e9es \u00e0 l&#8217;exploration \u00e0 pied de la belle ville de Venise, tandis que la derni\u00e8re heure sera consacr\u00e9e au march\u00e9 alimentaire, o\u00f9 vous aurez l&#8217;occasion de go\u00fbter \u00e0 la cuisine locale.<\/p>\n<p>La visite commencera dans le centre historique de Venise, o\u00f9 vous pourrez voir certains des sites les plus c\u00e9l\u00e8bres de la ville, notamment la basilique Saint-Marc, le palais des Doges et le pont du Rialto. Votre guide vous donnera un bref aper\u00e7u de l&#8217;histoire de chaque monument et vous racontera des anecdotes int\u00e9ressantes sur la ville.<\/p>\n<h2>Points d&#8217;int\u00e9r\u00eat &#8211; Visite priv\u00e9e \u00e0 pied de Venise avec visite gastronomique au march\u00e9<\/h2>\n<p>Apr\u00e8s avoir explor\u00e9 les monuments, vous vous prom\u00e8nerez dans les rues \u00e9troites de Venise et aurez un aper\u00e7u de la vie locale. Votre guide vous emm\u00e8nera dans des endroits cach\u00e9s qui ne sont pas souvent visit\u00e9s par les touristes. Vous verrez des boutiques, des caf\u00e9s et des restaurants locaux et d\u00e9couvrirez la vie quotidienne des V\u00e9nitiens.<\/p>\n<p>Ensuite, vous vous rendrez au march\u00e9 alimentaire, o\u00f9 vous pourrez go\u00fbter \u00e0 la cuisine locale. Votre guide vous conduira vers les meilleurs \u00e9tals du march\u00e9 et vous pr\u00e9sentera aux vendeurs. Vous aurez l&#8217;occasion de go\u00fbter \u00e0 une grande vari\u00e9t\u00e9 d&#8217;aliments, notamment des fruits de mer frais, des l\u00e9gumes, des fruits et du fromage. Votre guide vous expliquera les ingr\u00e9dients et la pr\u00e9paration de chaque plat. Vous aurez la possibilit\u00e9 de poser des questions.<\/p>\n<p>Basilique Saint-Marc : L&#8217;\u00e9glise la plus c\u00e9l\u00e8bre de Venise, avec de magnifiques mosa\u00efques et \u0153uvres d&#8217;art.<\/p>\n<p>Le palais des Doges : L&#8217;ancienne r\u00e9sidence du Doge, le souverain de Venise, avec une architecture et des \u0153uvres d&#8217;art \u00e9poustouflantes.<\/p>\n<p>Le pont du Rialto : Le plus ancien pont de Venise, qui offre une vue magnifique sur le Grand Canal.<\/p>\n<p>Boutiques, caf\u00e9s et restaurants locaux : Vous d\u00e9couvrirez le mode de vie local et apprendrez \u00e0 conna\u00eetre les V\u00e9nitiens.<\/p>\n<p>Le march\u00e9 alimentaire : Vous go\u00fbterez \u00e0 la cuisine locale et apprendrez \u00e0 conna\u00eetre les ingr\u00e9dients et la pr\u00e9paration de chaque plat.<\/p>\n<p>En conclusion, notre visite priv\u00e9e \u00e0 pied de Venise avec une visite gastronomique au march\u00e9 est le moyen id\u00e9al d&#8217;explorer la ville \u00e0 pied et de go\u00fbter \u00e0 la cuisine locale. Notre guide comp\u00e9tent et amical vous fera vivre une exp\u00e9rience unique et inoubliable. R\u00e9servez votre visite d\u00e8s aujourd&#8217;hui et d\u00e9couvrez la beaut\u00e9 et la saveur de Venise.<\/p>\n<p>Une autre option d&#8217;une excursion d&#8217;une journ\u00e9e compl\u00e8te au d\u00e9part de Venise est notre <strong>visite priv\u00e9e<\/strong> \u00e0 <strong>V\u00e9rone<\/strong> et <strong>Valpolicella,<\/strong> jetez un coup d&#8217;\u0153il !.<\/p>\n","protected":false},"excerpt":{"rendered":"<p>Bienvenue \u00e0 Tour Travel &amp; More, o\u00f9 nous proposons une visite priv\u00e9e \u00e0 pied de Venise avec une d\u00e9licieuse visite gastronomique au march\u00e9. Cette visite est id\u00e9ale pour ceux qui souhaitent explorer la ville \u00e0 pied et s&#8217;immerger dans la culture culinaire locale.<\/p>\n<p>&nbsp;<\/p>\n","protected":false},"featured_media":165358,"comment_status":"open","ping_status":"closed","template":"","meta":{"_acf_changed":false},"product_brand":[],"product_cat":[3710,4310,4313,4312],"product_tag":[],"class_list":{"0":"post-164464","1":"product","2":"type-product","3":"status-publish","4":"has-post-thumbnail","6":"product_cat-venice-fr","7":"product_cat-all-private-tours-activities-fr-20","8":"product_cat-private-sightseeing-tours-fr-26","9":"product_cat-private-day-trips-fr-13-venice-fr","11":"first","12":"instock","13":"shipping-taxable","14":"purchasable","15":"product-type-simple"},"acf":[],"yoast_head":"<!-- This site is optimized with the Yoast SEO Premium plugin v25.3.1 (Yoast SEO v25.3.1) - https:\/\/yoast.com\/wordpress\/plugins\/seo\/ -->\n<title>Visite priv\u00e9e \u00e0 pied de Venise avec visite gastronomique du march\u00e9 | TTM<\/title>\n<meta name=\"description\" content=\"Visite priv\u00e9e \u00e0 pied de Venise avec une visite gastronomique sur le march\u00e9. Profitez-en pour visiter l&#039;une des plus belles r\u00e9gions d&#039;Europe\u2705.\" \/>\n<meta name=\"robots\" content=\"index, follow, max-snippet:-1, max-image-preview:large, max-video-preview:-1\" \/>\n<link rel=\"canonical\" href=\"https:\/\/tourtravelandmore.com\/fr\/tours\/italie-fr\/venice-fr\/private-day-trips-fr-13-venice-fr\/visite-privee-a-pied-de-venise-avec-visite-gastronomique-du-marche\/\" \/>\n<meta property=\"og:locale\" content=\"fr_FR\" \/>\n<meta property=\"og:type\" content=\"article\" \/>\n<meta property=\"og:title\" content=\"Visite priv\u00e9e \u00e0 pied de Venise avec visite gastronomique du march\u00e9\" \/>\n<meta property=\"og:description\" content=\"Visite priv\u00e9e \u00e0 pied de Venise avec une visite gastronomique sur le march\u00e9. Profitez-en pour visiter l&#039;une des plus belles r\u00e9gions d&#039;Europe\u2705.\" \/>\n<meta property=\"og:url\" content=\"https:\/\/tourtravelandmore.com\/fr\/tours\/italie-fr\/venice-fr\/private-day-trips-fr-13-venice-fr\/visite-privee-a-pied-de-venise-avec-visite-gastronomique-du-marche\/\" \/>\n<meta property=\"og:site_name\" content=\"Tour Travel And More\" \/>\n<meta property=\"article:publisher\" content=\"https:\/\/www.facebook.com\/tourtravelandmore\/\" \/>\n<meta property=\"article:modified_time\" content=\"2024-04-24T13:10:14+00:00\" \/>\n<meta property=\"og:image\" content=\"https:\/\/tourtravelandmore.com\/wp-content\/uploads\/2023\/04\/river-g8b5015b71_1280-2.jpg\" \/>\n\t<meta property=\"og:image:width\" content=\"1280\" \/>\n\t<meta property=\"og:image:height\" content=\"852\" \/>\n\t<meta property=\"og:image:type\" content=\"image\/jpeg\" \/>\n<meta name=\"twitter:card\" content=\"summary_large_image\" \/>\n<meta name=\"twitter:site\" content=\"@TourTravel_More\" \/>\n<meta name=\"twitter:label1\" content=\"Dur\u00e9e de lecture estim\u00e9e\" \/>\n\t<meta name=\"twitter:data1\" content=\"3 minutes\" \/>\n<script type=\"application\/ld+json\" class=\"yoast-schema-graph\">{\"@context\":\"https:\/\/schema.org\",\"@graph\":[{\"@type\":\"WebPage\",\"@id\":\"https:\/\/tourtravelandmore.com\/fr\/tours\/italie-fr\/venice-fr\/private-day-trips-fr-13-venice-fr\/visite-privee-a-pied-de-venise-avec-visite-gastronomique-du-marche\/\",\"url\":\"https:\/\/tourtravelandmore.com\/fr\/tours\/italie-fr\/venice-fr\/private-day-trips-fr-13-venice-fr\/visite-privee-a-pied-de-venise-avec-visite-gastronomique-du-marche\/\",\"name\":\"Visite priv\u00e9e \u00e0 pied de Venise avec visite gastronomique du march\u00e9 | TTM\",\"isPartOf\":{\"@id\":\"https:\/\/tourtravelandmore.com\/fr\/#website\"},\"primaryImageOfPage\":{\"@id\":\"https:\/\/tourtravelandmore.com\/fr\/tours\/italie-fr\/venice-fr\/private-day-trips-fr-13-venice-fr\/visite-privee-a-pied-de-venise-avec-visite-gastronomique-du-marche\/#primaryimage\"},\"image\":{\"@id\":\"https:\/\/tourtravelandmore.com\/fr\/tours\/italie-fr\/venice-fr\/private-day-trips-fr-13-venice-fr\/visite-privee-a-pied-de-venise-avec-visite-gastronomique-du-marche\/#primaryimage\"},\"thumbnailUrl\":\"https:\/\/tourtravelandmore.com\/wp-content\/uploads\/2023\/04\/river-g8b5015b71_1280-2.jpg\",\"datePublished\":\"2023-04-27T13:20:31+00:00\",\"dateModified\":\"2024-04-24T13:10:14+00:00\",\"description\":\"Visite priv\u00e9e \u00e0 pied de Venise avec une visite gastronomique sur le march\u00e9. Profitez-en pour visiter l'une des plus belles r\u00e9gions d'Europe\u2705.\",\"breadcrumb\":{\"@id\":\"https:\/\/tourtravelandmore.com\/fr\/tours\/italie-fr\/venice-fr\/private-day-trips-fr-13-venice-fr\/visite-privee-a-pied-de-venise-avec-visite-gastronomique-du-marche\/#breadcrumb\"},\"inLanguage\":\"fr-FR\",\"potentialAction\":[{\"@type\":\"ReadAction\",\"target\":[\"https:\/\/tourtravelandmore.com\/fr\/tours\/italie-fr\/venice-fr\/private-day-trips-fr-13-venice-fr\/visite-privee-a-pied-de-venise-avec-visite-gastronomique-du-marche\/\"]}]},{\"@type\":\"ImageObject\",\"inLanguage\":\"fr-FR\",\"@id\":\"https:\/\/tourtravelandmore.com\/fr\/tours\/italie-fr\/venice-fr\/private-day-trips-fr-13-venice-fr\/visite-privee-a-pied-de-venise-avec-visite-gastronomique-du-marche\/#primaryimage\",\"url\":\"https:\/\/tourtravelandmore.com\/wp-content\/uploads\/2023\/04\/river-g8b5015b71_1280-2.jpg\",\"contentUrl\":\"https:\/\/tourtravelandmore.com\/wp-content\/uploads\/2023\/04\/river-g8b5015b71_1280-2.jpg\",\"width\":1280,\"height\":852},{\"@type\":\"BreadcrumbList\",\"@id\":\"https:\/\/tourtravelandmore.com\/fr\/tours\/italie-fr\/venice-fr\/private-day-trips-fr-13-venice-fr\/visite-privee-a-pied-de-venise-avec-visite-gastronomique-du-marche\/#breadcrumb\",\"itemListElement\":[{\"@type\":\"ListItem\",\"position\":1,\"name\":\"Home\",\"item\":\"https:\/\/tourtravelandmore.com\/fr\/\"},{\"@type\":\"ListItem\",\"position\":2,\"name\":\"Tours\",\"item\":\"https:\/\/tourtravelandmore.com\/fr\/tours\/\"},{\"@type\":\"ListItem\",\"position\":3,\"name\":\"Visite priv\u00e9e \u00e0 pied de Venise avec visite gastronomique du march\u00e9\"}]},{\"@type\":\"WebSite\",\"@id\":\"https:\/\/tourtravelandmore.com\/fr\/#website\",\"url\":\"https:\/\/tourtravelandmore.com\/fr\/\",\"name\":\"Tour Travel And More\",\"description\":\"Private sightseeing tours and luxury transfers in Spain\",\"publisher\":{\"@id\":\"https:\/\/tourtravelandmore.com\/fr\/#organization\"},\"potentialAction\":[{\"@type\":\"SearchAction\",\"target\":{\"@type\":\"EntryPoint\",\"urlTemplate\":\"https:\/\/tourtravelandmore.com\/fr\/?s={search_term_string}\"},\"query-input\":{\"@type\":\"PropertyValueSpecification\",\"valueRequired\":true,\"valueName\":\"search_term_string\"}}],\"inLanguage\":\"fr-FR\"},{\"@type\":\"Organization\",\"@id\":\"https:\/\/tourtravelandmore.com\/fr\/#organization\",\"name\":\"Tour Travel And More\",\"url\":\"https:\/\/tourtravelandmore.com\/fr\/\",\"logo\":{\"@type\":\"ImageObject\",\"inLanguage\":\"fr-FR\",\"@id\":\"https:\/\/tourtravelandmore.com\/fr\/#\/schema\/logo\/image\/\",\"url\":\"https:\/\/tourtravelandmore.com\/wp-content\/uploads\/2022\/12\/cropped-logo-cabecera-new.png\",\"contentUrl\":\"https:\/\/tourtravelandmore.com\/wp-content\/uploads\/2022\/12\/cropped-logo-cabecera-new.png\",\"width\":430,\"height\":61,\"caption\":\"Tour Travel And More\"},\"image\":{\"@id\":\"https:\/\/tourtravelandmore.com\/fr\/#\/schema\/logo\/image\/\"},\"sameAs\":[\"https:\/\/www.facebook.com\/tourtravelandmore\/\",\"https:\/\/x.com\/TourTravel_More\"]}]}<\/script>\n<!-- \/ Yoast SEO Premium plugin. -->","yoast_head_json":{"title":"Visite priv\u00e9e \u00e0 pied de Venise avec visite gastronomique du march\u00e9 | TTM","description":"Visite priv\u00e9e \u00e0 pied de Venise avec une visite gastronomique sur le march\u00e9. Profitez-en pour visiter l'une des plus belles r\u00e9gions d'Europe\u2705.","robots":{"index":"index","follow":"follow","max-snippet":"max-snippet:-1","max-image-preview":"max-image-preview:large","max-video-preview":"max-video-preview:-1"},"canonical":"https:\/\/tourtravelandmore.com\/fr\/tours\/italie-fr\/venice-fr\/private-day-trips-fr-13-venice-fr\/visite-privee-a-pied-de-venise-avec-visite-gastronomique-du-marche\/","og_locale":"fr_FR","og_type":"article","og_title":"Visite priv\u00e9e \u00e0 pied de Venise avec visite gastronomique du march\u00e9","og_description":"Visite priv\u00e9e \u00e0 pied de Venise avec une visite gastronomique sur le march\u00e9. Profitez-en pour visiter l'une des plus belles r\u00e9gions d'Europe\u2705.","og_url":"https:\/\/tourtravelandmore.com\/fr\/tours\/italie-fr\/venice-fr\/private-day-trips-fr-13-venice-fr\/visite-privee-a-pied-de-venise-avec-visite-gastronomique-du-marche\/","og_site_name":"Tour Travel And More","article_publisher":"https:\/\/www.facebook.com\/tourtravelandmore\/","article_modified_time":"2024-04-24T13:10:14+00:00","og_image":[{"width":1280,"height":852,"url":"https:\/\/tourtravelandmore.com\/wp-content\/uploads\/2023\/04\/river-g8b5015b71_1280-2.jpg","type":"image\/jpeg"}],"twitter_card":"summary_large_image","twitter_site":"@TourTravel_More","twitter_misc":{"Dur\u00e9e de lecture estim\u00e9e":"3 minutes"},"schema":{"@context":"https:\/\/schema.org","@graph":[{"@type":"WebPage","@id":"https:\/\/tourtravelandmore.com\/fr\/tours\/italie-fr\/venice-fr\/private-day-trips-fr-13-venice-fr\/visite-privee-a-pied-de-venise-avec-visite-gastronomique-du-marche\/","url":"https:\/\/tourtravelandmore.com\/fr\/tours\/italie-fr\/venice-fr\/private-day-trips-fr-13-venice-fr\/visite-privee-a-pied-de-venise-avec-visite-gastronomique-du-marche\/","name":"Visite priv\u00e9e \u00e0 pied de Venise avec visite gastronomique du march\u00e9 | TTM","isPartOf":{"@id":"https:\/\/tourtravelandmore.com\/fr\/#website"},"primaryImageOfPage":{"@id":"https:\/\/tourtravelandmore.com\/fr\/tours\/italie-fr\/venice-fr\/private-day-trips-fr-13-venice-fr\/visite-privee-a-pied-de-venise-avec-visite-gastronomique-du-marche\/#primaryimage"},"image":{"@id":"https:\/\/tourtravelandmore.com\/fr\/tours\/italie-fr\/venice-fr\/private-day-trips-fr-13-venice-fr\/visite-privee-a-pied-de-venise-avec-visite-gastronomique-du-marche\/#primaryimage"},"thumbnailUrl":"https:\/\/tourtravelandmore.com\/wp-content\/uploads\/2023\/04\/river-g8b5015b71_1280-2.jpg","datePublished":"2023-04-27T13:20:31+00:00","dateModified":"2024-04-24T13:10:14+00:00","description":"Visite priv\u00e9e \u00e0 pied de Venise avec une visite gastronomique sur le march\u00e9. Profitez-en pour visiter l'une des plus belles r\u00e9gions d'Europe\u2705.","breadcrumb":{"@id":"https:\/\/tourtravelandmore.com\/fr\/tours\/italie-fr\/venice-fr\/private-day-trips-fr-13-venice-fr\/visite-privee-a-pied-de-venise-avec-visite-gastronomique-du-marche\/#breadcrumb"},"inLanguage":"fr-FR","potentialAction":[{"@type":"ReadAction","target":["https:\/\/tourtravelandmore.com\/fr\/tours\/italie-fr\/venice-fr\/private-day-trips-fr-13-venice-fr\/visite-privee-a-pied-de-venise-avec-visite-gastronomique-du-marche\/"]}]},{"@type":"ImageObject","inLanguage":"fr-FR","@id":"https:\/\/tourtravelandmore.com\/fr\/tours\/italie-fr\/venice-fr\/private-day-trips-fr-13-venice-fr\/visite-privee-a-pied-de-venise-avec-visite-gastronomique-du-marche\/#primaryimage","url":"https:\/\/tourtravelandmore.com\/wp-content\/uploads\/2023\/04\/river-g8b5015b71_1280-2.jpg","contentUrl":"https:\/\/tourtravelandmore.com\/wp-content\/uploads\/2023\/04\/river-g8b5015b71_1280-2.jpg","width":1280,"height":852},{"@type":"BreadcrumbList","@id":"https:\/\/tourtravelandmore.com\/fr\/tours\/italie-fr\/venice-fr\/private-day-trips-fr-13-venice-fr\/visite-privee-a-pied-de-venise-avec-visite-gastronomique-du-marche\/#breadcrumb","itemListElement":[{"@type":"ListItem","position":1,"name":"Home","item":"https:\/\/tourtravelandmore.com\/fr\/"},{"@type":"ListItem","position":2,"name":"Tours","item":"https:\/\/tourtravelandmore.com\/fr\/tours\/"},{"@type":"ListItem","position":3,"name":"Visite priv\u00e9e \u00e0 pied de Venise avec visite gastronomique du march\u00e9"}]},{"@type":"WebSite","@id":"https:\/\/tourtravelandmore.com\/fr\/#website","url":"https:\/\/tourtravelandmore.com\/fr\/","name":"Tour Travel And More","description":"Private sightseeing tours and luxury transfers in Spain","publisher":{"@id":"https:\/\/tourtravelandmore.com\/fr\/#organization"},"potentialAction":[{"@type":"SearchAction","target":{"@type":"EntryPoint","urlTemplate":"https:\/\/tourtravelandmore.com\/fr\/?s={search_term_string}"},"query-input":{"@type":"PropertyValueSpecification","valueRequired":true,"valueName":"search_term_string"}}],"inLanguage":"fr-FR"},{"@type":"Organization","@id":"https:\/\/tourtravelandmore.com\/fr\/#organization","name":"Tour Travel And More","url":"https:\/\/tourtravelandmore.com\/fr\/","logo":{"@type":"ImageObject","inLanguage":"fr-FR","@id":"https:\/\/tourtravelandmore.com\/fr\/#\/schema\/logo\/image\/","url":"https:\/\/tourtravelandmore.com\/wp-content\/uploads\/2022\/12\/cropped-logo-cabecera-new.png","contentUrl":"https:\/\/tourtravelandmore.com\/wp-content\/uploads\/2022\/12\/cropped-logo-cabecera-new.png","width":430,"height":61,"caption":"Tour Travel And More"},"image":{"@id":"https:\/\/tourtravelandmore.com\/fr\/#\/schema\/logo\/image\/"},"sameAs":["https:\/\/www.facebook.com\/tourtravelandmore\/","https:\/\/x.com\/TourTravel_More"]}]}},"_links":{"self":[{"href":"https:\/\/tourtravelandmore.com\/fr\/wp-json\/wp\/v2\/product\/164464","targetHints":{"allow":["GET"]}}],"collection":[{"href":"https:\/\/tourtravelandmore.com\/fr\/wp-json\/wp\/v2\/product"}],"about":[{"href":"https:\/\/tourtravelandmore.com\/fr\/wp-json\/wp\/v2\/types\/product"}],"replies":[{"embeddable":true,"href":"https:\/\/tourtravelandmore.com\/fr\/wp-json\/wp\/v2\/comments?post=164464"}],"wp:featuredmedia":[{"embeddable":true,"href":"https:\/\/tourtravelandmore.com\/fr\/wp-json\/wp\/v2\/media\/165358"}],"wp:attachment":[{"href":"https:\/\/tourtravelandmore.com\/fr\/wp-json\/wp\/v2\/media?parent=164464"}],"wp:term":[{"taxonomy":"product_brand","embeddable":true,"href":"https:\/\/tourtravelandmore.com\/fr\/wp-json\/wp\/v2\/product_brand?post=164464"},{"taxonomy":"product_cat","embeddable":true,"href":"https:\/\/tourtravelandmore.com\/fr\/wp-json\/wp\/v2\/product_cat?post=164464"},{"taxonomy":"product_tag","embeddable":true,"href":"https:\/\/tourtravelandmore.com\/fr\/wp-json\/wp\/v2\/product_tag?post=164464"}],"curies":[{"name":"wp","href":"https:\/\/api.w.org\/{rel}","templated":true}]}}