{"id":164340,"date":"2023-04-26T18:00:00","date_gmt":"2023-04-26T16:00:08","guid":{"rendered":"https:\/\/tourtravelandmore.com\/?post_type=product&#038;p=164340"},"modified":"2024-04-24T15:07:39","modified_gmt":"2024-04-24T13:07:39","slug":"visite-privee-du-rialto-et-du-quartier-juif","status":"publish","type":"product","link":"https:\/\/tourtravelandmore.com\/fr\/tours\/italie-fr\/venice-fr\/private-day-trips-fr-13-venice-fr\/visite-privee-du-rialto-et-du-quartier-juif\/","title":{"rendered":"Visite priv\u00e9e du Rialto et du quartier juif"},"content":{"rendered":"<h2>Description<\/h2>\n<p>Bienvenue \u00e0 la visite priv\u00e9e du Rialto et du quartier juif propos\u00e9e par Tour Travel &amp; More. Cette visite guid\u00e9e de 2 heures vous emm\u00e8nera au c\u0153ur de Venise, mettant en valeur la riche histoire et la culture vibrante de la ville. Votre guide bien inform\u00e9 et amical vous conduira \u00e0 travers les rues, vous donnant un aper\u00e7u du pass\u00e9 et du pr\u00e9sent de la ville.<\/p>\n<p>La visite commence dans le quartier anim\u00e9 du Rialto, o\u00f9 vous verrez le c\u00e9l\u00e8bre pont du Rialto. Construit au XVIe si\u00e8cle, ce pont enjambe le Grand Canal et constitue l&#8217;un des monuments les plus embl\u00e9matiques de Venise. Votre guide vous donnera un bref aper\u00e7u de l&#8217;histoire du pont et de son importance pour la ville.<\/p>\n<p>La visite priv\u00e9e du Rialto et du quartier juif propos\u00e9e par Tour Travel &amp; More est le moyen id\u00e9al d&#8217;explorer la riche histoire et la culture vibrante de Venise. Avec un guide comp\u00e9tent et un itin\u00e9raire soigneusement con\u00e7u, vous d\u00e9couvrirez le meilleur de la ville. Vous d\u00e9couvrirez le meilleur de cette ville incroyable en seulement deux heures. Nous esp\u00e9rons que vous vous joindrez \u00e0 nous pour cette visite inoubliable.<\/p>\n<h2>Sites d&#8217;int\u00e9r\u00eat et points de rep\u00e8re<\/h2>\n<p>Nous nous rendrons ensuite dans le quartier juif, un lieu charg\u00e9 d&#8217;histoire et de traditions. La communaut\u00e9 juive de Venise remonte au XVIe si\u00e8cle. Le quartier abrite plusieurs synagogues historiques et le mus\u00e9e juif de Venise. Votre guide vous fera visiter le quartier \u00e0 pied, en vous indiquant les principaux points de rep\u00e8re et en vous donnant un aper\u00e7u de l&#8217;histoire juive \u00e0 Venise.<\/p>\n<p>En explorant le quartier juif, vous d\u00e9couvrirez plusieurs sites remarquables. L&#8217;un des points forts du quartier est le Campo del Ghetto Nuovo. Cette place historique abritait autrefois la population juive de Venise.<\/p>\n<p>Nous visiterons \u00e9galement le Mus\u00e9e juif de Venise. Vous y verrez une collection d&#8217;objets qui retracent l&#8217;histoire de la communaut\u00e9 juive de Venise.<\/p>\n<p>Un autre point de rep\u00e8re important du quartier juif est la Scuola Grande Tedesca, un b\u00e2timent historique qui servait autrefois de lieu de r\u00e9union \u00e0 la communaut\u00e9 juive allemande de Venise. Le b\u00e2timent est d\u00e9cor\u00e9 d&#8217;\u0153uvres d&#8217;art ornementales et dispose d&#8217;une superbe salle de bal.<\/p>\n<p>En retournant vers le quartier du Rialto, votre guide vous indiquera d&#8217;autres sites remarquables et vous donnera des informations int\u00e9ressantes sur l&#8217;histoire et la culture de la ville. Cette visite priv\u00e9e est un excellent moyen de d\u00e9couvrir le meilleur de Venise, et nous sommes convaincus que vous repartirez avec une nouvelle appr\u00e9ciation de cette ville incroyable.<\/p>\n<p>Une autre option d&#8217;une excursion d&#8217;une journ\u00e9e compl\u00e8te au d\u00e9part de Venise est notre <strong>visite priv\u00e9e<\/strong> \u00e0 <strong>V\u00e9rone<\/strong> et <strong>Valpolicella,<\/strong> jetez un coup d&#8217;\u0153il !.<\/p>\n","protected":false},"excerpt":{"rendered":"<p>Bienvenue \u00e0 la visite priv\u00e9e du Rialto et du quartier juif propos\u00e9e par Tour Travel &amp; More. Cette visite guid\u00e9e de 2 heures vous emm\u00e8nera au c\u0153ur de Venise, mettant en valeur la riche histoire et la culture vibrante de la ville. Votre guide bien inform\u00e9 et amical vous conduira \u00e0 travers les rues, vous donnant un aper\u00e7u du pass\u00e9 et du pr\u00e9sent de la ville.<\/p>\n<p>&nbsp;<\/p>\n","protected":false},"featured_media":164353,"comment_status":"open","ping_status":"closed","template":"","meta":{"_acf_changed":false},"product_brand":[],"product_cat":[3710,4310,4313,4312],"product_tag":[],"class_list":{"0":"post-164340","1":"product","2":"type-product","3":"status-publish","4":"has-post-thumbnail","6":"product_cat-venice-fr","7":"product_cat-all-private-tours-activities-fr-20","8":"product_cat-private-sightseeing-tours-fr-26","9":"product_cat-private-day-trips-fr-13-venice-fr","11":"first","12":"instock","13":"shipping-taxable","14":"purchasable","15":"product-type-simple"},"acf":[],"yoast_head":"<!-- This site is optimized with the Yoast SEO Premium plugin v25.3.1 (Yoast SEO v25.3.1) - https:\/\/yoast.com\/wordpress\/plugins\/seo\/ -->\n<title>Visite priv\u00e9e du Rialto et du quartier juif | Tour Travel &amp; More<\/title>\n<meta name=\"description\" content=\"Visite priv\u00e9e du Rialto et du quartier juif. Profitez de la visite, dans votre v\u00e9hicule priv\u00e9 de luxe, de l&#039;une des plus belles r\u00e9gions d&#039;Europe\u2705.\" \/>\n<meta name=\"robots\" content=\"index, follow, max-snippet:-1, max-image-preview:large, max-video-preview:-1\" \/>\n<link rel=\"canonical\" href=\"https:\/\/tourtravelandmore.com\/fr\/tours\/italie-fr\/venice-fr\/private-day-trips-fr-13-venice-fr\/visite-privee-du-rialto-et-du-quartier-juif\/\" \/>\n<meta property=\"og:locale\" content=\"fr_FR\" \/>\n<meta property=\"og:type\" content=\"article\" \/>\n<meta property=\"og:title\" content=\"Visite priv\u00e9e du Rialto et du quartier juif\" \/>\n<meta property=\"og:description\" content=\"Visite priv\u00e9e du Rialto et du quartier juif. Profitez de la visite, dans votre v\u00e9hicule priv\u00e9 de luxe, de l&#039;une des plus belles r\u00e9gions d&#039;Europe\u2705.\" \/>\n<meta property=\"og:url\" content=\"https:\/\/tourtravelandmore.com\/fr\/tours\/italie-fr\/venice-fr\/private-day-trips-fr-13-venice-fr\/visite-privee-du-rialto-et-du-quartier-juif\/\" \/>\n<meta property=\"og:site_name\" content=\"Tour Travel And More\" \/>\n<meta property=\"article:publisher\" content=\"https:\/\/www.facebook.com\/tourtravelandmore\/\" \/>\n<meta property=\"article:modified_time\" content=\"2024-04-24T13:07:39+00:00\" \/>\n<meta property=\"og:image\" content=\"https:\/\/tourtravelandmore.com\/wp-content\/uploads\/2023\/04\/pexels-helena-jankovicova-kovacova-13224211-scaled.jpg\" \/>\n\t<meta property=\"og:image:width\" content=\"2560\" \/>\n\t<meta property=\"og:image:height\" content=\"1707\" \/>\n\t<meta property=\"og:image:type\" content=\"image\/jpeg\" \/>\n<meta name=\"twitter:card\" content=\"summary_large_image\" \/>\n<meta name=\"twitter:site\" content=\"@TourTravel_More\" \/>\n<meta name=\"twitter:label1\" content=\"Dur\u00e9e de lecture estim\u00e9e\" \/>\n\t<meta name=\"twitter:data1\" content=\"3 minutes\" \/>\n<script type=\"application\/ld+json\" class=\"yoast-schema-graph\">{\"@context\":\"https:\/\/schema.org\",\"@graph\":[{\"@type\":\"WebPage\",\"@id\":\"https:\/\/tourtravelandmore.com\/fr\/tours\/italie-fr\/venice-fr\/private-day-trips-fr-13-venice-fr\/visite-privee-du-rialto-et-du-quartier-juif\/\",\"url\":\"https:\/\/tourtravelandmore.com\/fr\/tours\/italie-fr\/venice-fr\/private-day-trips-fr-13-venice-fr\/visite-privee-du-rialto-et-du-quartier-juif\/\",\"name\":\"Visite priv\u00e9e du Rialto et du quartier juif | Tour Travel & More\",\"isPartOf\":{\"@id\":\"https:\/\/tourtravelandmore.com\/fr\/#website\"},\"primaryImageOfPage\":{\"@id\":\"https:\/\/tourtravelandmore.com\/fr\/tours\/italie-fr\/venice-fr\/private-day-trips-fr-13-venice-fr\/visite-privee-du-rialto-et-du-quartier-juif\/#primaryimage\"},\"image\":{\"@id\":\"https:\/\/tourtravelandmore.com\/fr\/tours\/italie-fr\/venice-fr\/private-day-trips-fr-13-venice-fr\/visite-privee-du-rialto-et-du-quartier-juif\/#primaryimage\"},\"thumbnailUrl\":\"https:\/\/tourtravelandmore.com\/wp-content\/uploads\/2023\/04\/pexels-helena-jankovicova-kovacova-13224211-scaled.jpg\",\"datePublished\":\"2023-04-26T16:00:08+00:00\",\"dateModified\":\"2024-04-24T13:07:39+00:00\",\"description\":\"Visite priv\u00e9e du Rialto et du quartier juif. Profitez de la visite, dans votre v\u00e9hicule priv\u00e9 de luxe, de l'une des plus belles r\u00e9gions d'Europe\u2705.\",\"breadcrumb\":{\"@id\":\"https:\/\/tourtravelandmore.com\/fr\/tours\/italie-fr\/venice-fr\/private-day-trips-fr-13-venice-fr\/visite-privee-du-rialto-et-du-quartier-juif\/#breadcrumb\"},\"inLanguage\":\"fr-FR\",\"potentialAction\":[{\"@type\":\"ReadAction\",\"target\":[\"https:\/\/tourtravelandmore.com\/fr\/tours\/italie-fr\/venice-fr\/private-day-trips-fr-13-venice-fr\/visite-privee-du-rialto-et-du-quartier-juif\/\"]}]},{\"@type\":\"ImageObject\",\"inLanguage\":\"fr-FR\",\"@id\":\"https:\/\/tourtravelandmore.com\/fr\/tours\/italie-fr\/venice-fr\/private-day-trips-fr-13-venice-fr\/visite-privee-du-rialto-et-du-quartier-juif\/#primaryimage\",\"url\":\"https:\/\/tourtravelandmore.com\/wp-content\/uploads\/2023\/04\/pexels-helena-jankovicova-kovacova-13224211-scaled.jpg\",\"contentUrl\":\"https:\/\/tourtravelandmore.com\/wp-content\/uploads\/2023\/04\/pexels-helena-jankovicova-kovacova-13224211-scaled.jpg\",\"width\":2560,\"height\":1707},{\"@type\":\"BreadcrumbList\",\"@id\":\"https:\/\/tourtravelandmore.com\/fr\/tours\/italie-fr\/venice-fr\/private-day-trips-fr-13-venice-fr\/visite-privee-du-rialto-et-du-quartier-juif\/#breadcrumb\",\"itemListElement\":[{\"@type\":\"ListItem\",\"position\":1,\"name\":\"Home\",\"item\":\"https:\/\/tourtravelandmore.com\/fr\/\"},{\"@type\":\"ListItem\",\"position\":2,\"name\":\"Tours\",\"item\":\"https:\/\/tourtravelandmore.com\/fr\/tours\/\"},{\"@type\":\"ListItem\",\"position\":3,\"name\":\"Visite priv\u00e9e du Rialto et du quartier juif\"}]},{\"@type\":\"WebSite\",\"@id\":\"https:\/\/tourtravelandmore.com\/fr\/#website\",\"url\":\"https:\/\/tourtravelandmore.com\/fr\/\",\"name\":\"Tour Travel And More\",\"description\":\"Private sightseeing tours and luxury transfers in Spain\",\"publisher\":{\"@id\":\"https:\/\/tourtravelandmore.com\/fr\/#organization\"},\"potentialAction\":[{\"@type\":\"SearchAction\",\"target\":{\"@type\":\"EntryPoint\",\"urlTemplate\":\"https:\/\/tourtravelandmore.com\/fr\/?s={search_term_string}\"},\"query-input\":{\"@type\":\"PropertyValueSpecification\",\"valueRequired\":true,\"valueName\":\"search_term_string\"}}],\"inLanguage\":\"fr-FR\"},{\"@type\":\"Organization\",\"@id\":\"https:\/\/tourtravelandmore.com\/fr\/#organization\",\"name\":\"Tour Travel And More\",\"url\":\"https:\/\/tourtravelandmore.com\/fr\/\",\"logo\":{\"@type\":\"ImageObject\",\"inLanguage\":\"fr-FR\",\"@id\":\"https:\/\/tourtravelandmore.com\/fr\/#\/schema\/logo\/image\/\",\"url\":\"https:\/\/tourtravelandmore.com\/wp-content\/uploads\/2022\/12\/cropped-logo-cabecera-new.png\",\"contentUrl\":\"https:\/\/tourtravelandmore.com\/wp-content\/uploads\/2022\/12\/cropped-logo-cabecera-new.png\",\"width\":430,\"height\":61,\"caption\":\"Tour Travel And More\"},\"image\":{\"@id\":\"https:\/\/tourtravelandmore.com\/fr\/#\/schema\/logo\/image\/\"},\"sameAs\":[\"https:\/\/www.facebook.com\/tourtravelandmore\/\",\"https:\/\/x.com\/TourTravel_More\"]}]}<\/script>\n<!-- \/ Yoast SEO Premium plugin. -->","yoast_head_json":{"title":"Visite priv\u00e9e du Rialto et du quartier juif | Tour Travel & More","description":"Visite priv\u00e9e du Rialto et du quartier juif. Profitez de la visite, dans votre v\u00e9hicule priv\u00e9 de luxe, de l'une des plus belles r\u00e9gions d'Europe\u2705.","robots":{"index":"index","follow":"follow","max-snippet":"max-snippet:-1","max-image-preview":"max-image-preview:large","max-video-preview":"max-video-preview:-1"},"canonical":"https:\/\/tourtravelandmore.com\/fr\/tours\/italie-fr\/venice-fr\/private-day-trips-fr-13-venice-fr\/visite-privee-du-rialto-et-du-quartier-juif\/","og_locale":"fr_FR","og_type":"article","og_title":"Visite priv\u00e9e du Rialto et du quartier juif","og_description":"Visite priv\u00e9e du Rialto et du quartier juif. Profitez de la visite, dans votre v\u00e9hicule priv\u00e9 de luxe, de l'une des plus belles r\u00e9gions d'Europe\u2705.","og_url":"https:\/\/tourtravelandmore.com\/fr\/tours\/italie-fr\/venice-fr\/private-day-trips-fr-13-venice-fr\/visite-privee-du-rialto-et-du-quartier-juif\/","og_site_name":"Tour Travel And More","article_publisher":"https:\/\/www.facebook.com\/tourtravelandmore\/","article_modified_time":"2024-04-24T13:07:39+00:00","og_image":[{"width":2560,"height":1707,"url":"https:\/\/tourtravelandmore.com\/wp-content\/uploads\/2023\/04\/pexels-helena-jankovicova-kovacova-13224211-scaled.jpg","type":"image\/jpeg"}],"twitter_card":"summary_large_image","twitter_site":"@TourTravel_More","twitter_misc":{"Dur\u00e9e de lecture estim\u00e9e":"3 minutes"},"schema":{"@context":"https:\/\/schema.org","@graph":[{"@type":"WebPage","@id":"https:\/\/tourtravelandmore.com\/fr\/tours\/italie-fr\/venice-fr\/private-day-trips-fr-13-venice-fr\/visite-privee-du-rialto-et-du-quartier-juif\/","url":"https:\/\/tourtravelandmore.com\/fr\/tours\/italie-fr\/venice-fr\/private-day-trips-fr-13-venice-fr\/visite-privee-du-rialto-et-du-quartier-juif\/","name":"Visite priv\u00e9e du Rialto et du quartier juif | Tour Travel & More","isPartOf":{"@id":"https:\/\/tourtravelandmore.com\/fr\/#website"},"primaryImageOfPage":{"@id":"https:\/\/tourtravelandmore.com\/fr\/tours\/italie-fr\/venice-fr\/private-day-trips-fr-13-venice-fr\/visite-privee-du-rialto-et-du-quartier-juif\/#primaryimage"},"image":{"@id":"https:\/\/tourtravelandmore.com\/fr\/tours\/italie-fr\/venice-fr\/private-day-trips-fr-13-venice-fr\/visite-privee-du-rialto-et-du-quartier-juif\/#primaryimage"},"thumbnailUrl":"https:\/\/tourtravelandmore.com\/wp-content\/uploads\/2023\/04\/pexels-helena-jankovicova-kovacova-13224211-scaled.jpg","datePublished":"2023-04-26T16:00:08+00:00","dateModified":"2024-04-24T13:07:39+00:00","description":"Visite priv\u00e9e du Rialto et du quartier juif. Profitez de la visite, dans votre v\u00e9hicule priv\u00e9 de luxe, de l'une des plus belles r\u00e9gions d'Europe\u2705.","breadcrumb":{"@id":"https:\/\/tourtravelandmore.com\/fr\/tours\/italie-fr\/venice-fr\/private-day-trips-fr-13-venice-fr\/visite-privee-du-rialto-et-du-quartier-juif\/#breadcrumb"},"inLanguage":"fr-FR","potentialAction":[{"@type":"ReadAction","target":["https:\/\/tourtravelandmore.com\/fr\/tours\/italie-fr\/venice-fr\/private-day-trips-fr-13-venice-fr\/visite-privee-du-rialto-et-du-quartier-juif\/"]}]},{"@type":"ImageObject","inLanguage":"fr-FR","@id":"https:\/\/tourtravelandmore.com\/fr\/tours\/italie-fr\/venice-fr\/private-day-trips-fr-13-venice-fr\/visite-privee-du-rialto-et-du-quartier-juif\/#primaryimage","url":"https:\/\/tourtravelandmore.com\/wp-content\/uploads\/2023\/04\/pexels-helena-jankovicova-kovacova-13224211-scaled.jpg","contentUrl":"https:\/\/tourtravelandmore.com\/wp-content\/uploads\/2023\/04\/pexels-helena-jankovicova-kovacova-13224211-scaled.jpg","width":2560,"height":1707},{"@type":"BreadcrumbList","@id":"https:\/\/tourtravelandmore.com\/fr\/tours\/italie-fr\/venice-fr\/private-day-trips-fr-13-venice-fr\/visite-privee-du-rialto-et-du-quartier-juif\/#breadcrumb","itemListElement":[{"@type":"ListItem","position":1,"name":"Home","item":"https:\/\/tourtravelandmore.com\/fr\/"},{"@type":"ListItem","position":2,"name":"Tours","item":"https:\/\/tourtravelandmore.com\/fr\/tours\/"},{"@type":"ListItem","position":3,"name":"Visite priv\u00e9e du Rialto et du quartier juif"}]},{"@type":"WebSite","@id":"https:\/\/tourtravelandmore.com\/fr\/#website","url":"https:\/\/tourtravelandmore.com\/fr\/","name":"Tour Travel And More","description":"Private sightseeing tours and luxury transfers in Spain","publisher":{"@id":"https:\/\/tourtravelandmore.com\/fr\/#organization"},"potentialAction":[{"@type":"SearchAction","target":{"@type":"EntryPoint","urlTemplate":"https:\/\/tourtravelandmore.com\/fr\/?s={search_term_string}"},"query-input":{"@type":"PropertyValueSpecification","valueRequired":true,"valueName":"search_term_string"}}],"inLanguage":"fr-FR"},{"@type":"Organization","@id":"https:\/\/tourtravelandmore.com\/fr\/#organization","name":"Tour Travel And More","url":"https:\/\/tourtravelandmore.com\/fr\/","logo":{"@type":"ImageObject","inLanguage":"fr-FR","@id":"https:\/\/tourtravelandmore.com\/fr\/#\/schema\/logo\/image\/","url":"https:\/\/tourtravelandmore.com\/wp-content\/uploads\/2022\/12\/cropped-logo-cabecera-new.png","contentUrl":"https:\/\/tourtravelandmore.com\/wp-content\/uploads\/2022\/12\/cropped-logo-cabecera-new.png","width":430,"height":61,"caption":"Tour Travel And More"},"image":{"@id":"https:\/\/tourtravelandmore.com\/fr\/#\/schema\/logo\/image\/"},"sameAs":["https:\/\/www.facebook.com\/tourtravelandmore\/","https:\/\/x.com\/TourTravel_More"]}]}},"_links":{"self":[{"href":"https:\/\/tourtravelandmore.com\/fr\/wp-json\/wp\/v2\/product\/164340","targetHints":{"allow":["GET"]}}],"collection":[{"href":"https:\/\/tourtravelandmore.com\/fr\/wp-json\/wp\/v2\/product"}],"about":[{"href":"https:\/\/tourtravelandmore.com\/fr\/wp-json\/wp\/v2\/types\/product"}],"replies":[{"embeddable":true,"href":"https:\/\/tourtravelandmore.com\/fr\/wp-json\/wp\/v2\/comments?post=164340"}],"wp:featuredmedia":[{"embeddable":true,"href":"https:\/\/tourtravelandmore.com\/fr\/wp-json\/wp\/v2\/media\/164353"}],"wp:attachment":[{"href":"https:\/\/tourtravelandmore.com\/fr\/wp-json\/wp\/v2\/media?parent=164340"}],"wp:term":[{"taxonomy":"product_brand","embeddable":true,"href":"https:\/\/tourtravelandmore.com\/fr\/wp-json\/wp\/v2\/product_brand?post=164340"},{"taxonomy":"product_cat","embeddable":true,"href":"https:\/\/tourtravelandmore.com\/fr\/wp-json\/wp\/v2\/product_cat?post=164340"},{"taxonomy":"product_tag","embeddable":true,"href":"https:\/\/tourtravelandmore.com\/fr\/wp-json\/wp\/v2\/product_tag?post=164340"}],"curies":[{"name":"wp","href":"https:\/\/api.w.org\/{rel}","templated":true}]}}