{"id":164304,"date":"2023-04-26T17:06:07","date_gmt":"2023-04-26T15:06:15","guid":{"rendered":"https:\/\/tourtravelandmore.com\/?post_type=product&#038;p=164304"},"modified":"2024-04-24T15:07:50","modified_gmt":"2024-04-24T13:07:50","slug":"visite-privee-de-la-basilique-saint-marc-et-du-palazzo-ducale","status":"publish","type":"product","link":"https:\/\/tourtravelandmore.com\/fr\/tours\/italie-fr\/venice-fr\/private-day-trips-fr-13-venice-fr\/visite-privee-de-la-basilique-saint-marc-et-du-palazzo-ducale\/","title":{"rendered":"Visite priv\u00e9e de la Basilique Saint-Marc et du Palazzo Ducale"},"content":{"rendered":"<h2>Description<\/h2>\n<p>Tour Travel &amp; More a le plaisir de vous proposer une visite priv\u00e9e de la Basilique Saint-Marc et du Palazzo Ducale. Au cours de cette visite, vous aurez l&#8217;occasion d&#8217;explorer ces lieux \u00e9tonnants avec un guide comp\u00e9tent. Ce dernier vous donnera un aper\u00e7u de la riche histoire et de l&#8217;art de Venise.<\/p>\n<p>Votre visite commencera au centre de Venise, \u00e0 la Basilique Saint-Marc, o\u00f9 vous serez accueilli par votre guide. Il vous accompagnera \u00e0 pied jusqu&#8217;\u00e0 la premi\u00e8re \u00e9tape de votre visite, la basilique Saint-Marc. Votre visite comprendra l&#8217;entr\u00e9e \u00e0 la basilique, qui est l&#8217;un des sites les plus c\u00e9l\u00e8bres de Venise.<\/p>\n<p>Au total, votre visite priv\u00e9e de la basilique Saint-Marc et du Palazzo Ducale durera environ trois heures. Votre guide sera \u00e0 votre disposition pour r\u00e9pondre \u00e0 toutes vos questions et vous fournir des informations suppl\u00e9mentaires sur ces lieux \u00e9tonnants.<\/p>\n<p>En conclusion, si vous \u00eates \u00e0 la recherche d&#8217;une exp\u00e9rience inoubliable \u00e0 Venise, une visite priv\u00e9e de la basilique Saint-Marc et du palais Ducal est le choix id\u00e9al. L&#8217;entr\u00e9e aux deux sites est incluse. L&#8217;entr\u00e9e aux deux sites est incluse, ainsi que les services d&#8217;un guide comp\u00e9tent. Cette visite sera certainement le point culminant de votre s\u00e9jour dans cette belle ville.<\/p>\n<h2>Sites d&#8217;int\u00e9r\u00eat et points de rep\u00e8re<\/h2>\n<p>En p\u00e9n\u00e9trant dans la basilique, vous serez frapp\u00e9 par l&#8217;opulence de l&#8217;int\u00e9rieur. Les murs et les plafonds sont orn\u00e9s de mosa\u00efques complexes. Le sol est constitu\u00e9 de magnifiques carreaux de marbre. Votre guide vous fera d\u00e9couvrir l&#8217;histoire de la basilique. Depuis ses origines en tant que simple chapelle jusqu&#8217;\u00e0 sa grandeur actuelle.<\/p>\n<p>Parmi les points forts de votre visite de la basilique Saint-Marc, citons la Pala d&#8217;Oro. Un magnifique \u00e9cran d&#8217;autel fait d&#8217;or et de pierres pr\u00e9cieuses. Et les \u00e9tonnants chevaux de bronze qui se trouvaient autrefois sur la fa\u00e7ade de la basilique.<\/p>\n<p>Apr\u00e8s la visite de la basilique, la visite se poursuivra par le Palazzo Ducale, situ\u00e9 \u00e0 une courte distance. L&#8217;entr\u00e9e au Palazzo Ducale est \u00e9galement incluse dans la visite. Vous aurez l&#8217;occasion d&#8217;explorer la riche histoire du palais et ses int\u00e9rieurs opulents.<\/p>\n<p>Une fois \u00e0 l&#8217;int\u00e9rieur du Palazzo Ducale, votre guide vous emm\u00e8nera dans un voyage \u00e0 travers les nombreuses pi\u00e8ces et salles du palais. Il vous indiquera les \u0153uvres d&#8217;art et les \u00e9l\u00e9ments architecturaux les plus significatifs. Vous aurez l&#8217;occasion d&#8217;admirer la c\u00e9l\u00e8bre Scala d&#8217;Oro, ou escalier d&#8217;or, ainsi que les superbes fresques qui ornent les murs du palais.<\/p>\n<p>Tout au long de la visite, votre guide vous donnera un aper\u00e7u de la riche histoire du palais. Du palais des Doges au Conseil des Dix, il ne manque pas d&#8217;histoires fascinantes \u00e0 raconter sur ce b\u00e2timent embl\u00e9matique.<\/p>\n<p>Une autre option d&#8217;une excursion d&#8217;une journ\u00e9e compl\u00e8te au d\u00e9part de Venise est notre <strong>visite priv\u00e9e<\/strong> \u00e0 <strong>V\u00e9rone<\/strong> et <strong>Valpolicella,<\/strong> jetez un coup d&#8217;\u0153il !.<\/p>\n","protected":false},"excerpt":{"rendered":"<p>Tour Travel &amp; More a le plaisir de vous proposer une visite priv\u00e9e de la Basilique Saint-Marc et du Palazzo Ducale. Au cours de cette visite, vous aurez l&#8217;occasion d&#8217;explorer ces lieux \u00e9tonnants avec un guide comp\u00e9tent. Ce dernier vous donnera un aper\u00e7u de la riche histoire et de l&#8217;art de Venise.<\/p>\n<p>&nbsp;<\/p>\n","protected":false},"featured_media":164314,"comment_status":"open","ping_status":"closed","template":"","meta":{"_acf_changed":false},"product_brand":[],"product_cat":[3710,4310,4313,4312],"product_tag":[],"class_list":{"0":"post-164304","1":"product","2":"type-product","3":"status-publish","4":"has-post-thumbnail","6":"product_cat-venice-fr","7":"product_cat-all-private-tours-activities-fr-20","8":"product_cat-private-sightseeing-tours-fr-26","9":"product_cat-private-day-trips-fr-13-venice-fr","11":"first","12":"instock","13":"shipping-taxable","14":"purchasable","15":"product-type-simple"},"acf":[],"yoast_head":"<!-- This site is optimized with the Yoast SEO Premium plugin v25.3.1 (Yoast SEO v25.3.1) - https:\/\/yoast.com\/wordpress\/plugins\/seo\/ -->\n<title>Visite priv\u00e9e de la Basilique Saint-Marc et du Palazzo Ducale | Tour Travel &amp; More<\/title>\n<meta name=\"description\" content=\"Visite priv\u00e9e de la basilique Saint-Marc et du Palazzo Ducale. Profitez de la visite de l&#039;une des plus belles r\u00e9gions d&#039;Europe\u2705.\" \/>\n<meta name=\"robots\" content=\"index, follow, max-snippet:-1, max-image-preview:large, max-video-preview:-1\" \/>\n<link rel=\"canonical\" href=\"https:\/\/tourtravelandmore.com\/fr\/tours\/italie-fr\/venice-fr\/private-day-trips-fr-13-venice-fr\/visite-privee-de-la-basilique-saint-marc-et-du-palazzo-ducale\/\" \/>\n<meta property=\"og:locale\" content=\"fr_FR\" \/>\n<meta property=\"og:type\" content=\"article\" \/>\n<meta property=\"og:title\" content=\"Visite priv\u00e9e de la Basilique Saint-Marc et du Palazzo Ducale\" \/>\n<meta property=\"og:description\" content=\"Visite priv\u00e9e de la basilique Saint-Marc et du Palazzo Ducale. Profitez de la visite de l&#039;une des plus belles r\u00e9gions d&#039;Europe\u2705.\" \/>\n<meta property=\"og:url\" content=\"https:\/\/tourtravelandmore.com\/fr\/tours\/italie-fr\/venice-fr\/private-day-trips-fr-13-venice-fr\/visite-privee-de-la-basilique-saint-marc-et-du-palazzo-ducale\/\" \/>\n<meta property=\"og:site_name\" content=\"Tour Travel And More\" \/>\n<meta property=\"article:publisher\" content=\"https:\/\/www.facebook.com\/tourtravelandmore\/\" \/>\n<meta property=\"article:modified_time\" content=\"2024-04-24T13:07:50+00:00\" \/>\n<meta property=\"og:image\" content=\"https:\/\/tourtravelandmore.com\/wp-content\/uploads\/2023\/04\/20220505151134-basilica-di-san-marco-riflessa-nellacqua-alta-di-piazza-san-marco-vene-fiskI8n49K.webp\" \/>\n\t<meta property=\"og:image:width\" content=\"751\" \/>\n\t<meta property=\"og:image:height\" content=\"500\" \/>\n\t<meta property=\"og:image:type\" content=\"image\/webp\" \/>\n<meta name=\"twitter:card\" content=\"summary_large_image\" \/>\n<meta name=\"twitter:site\" content=\"@TourTravel_More\" \/>\n<meta name=\"twitter:label1\" content=\"Dur\u00e9e de lecture estim\u00e9e\" \/>\n\t<meta name=\"twitter:data1\" content=\"3 minutes\" \/>\n<script type=\"application\/ld+json\" class=\"yoast-schema-graph\">{\"@context\":\"https:\/\/schema.org\",\"@graph\":[{\"@type\":\"WebPage\",\"@id\":\"https:\/\/tourtravelandmore.com\/fr\/tours\/italie-fr\/venice-fr\/private-day-trips-fr-13-venice-fr\/visite-privee-de-la-basilique-saint-marc-et-du-palazzo-ducale\/\",\"url\":\"https:\/\/tourtravelandmore.com\/fr\/tours\/italie-fr\/venice-fr\/private-day-trips-fr-13-venice-fr\/visite-privee-de-la-basilique-saint-marc-et-du-palazzo-ducale\/\",\"name\":\"Visite priv\u00e9e de la Basilique Saint-Marc et du Palazzo Ducale | Tour Travel & More\",\"isPartOf\":{\"@id\":\"https:\/\/tourtravelandmore.com\/fr\/#website\"},\"primaryImageOfPage\":{\"@id\":\"https:\/\/tourtravelandmore.com\/fr\/tours\/italie-fr\/venice-fr\/private-day-trips-fr-13-venice-fr\/visite-privee-de-la-basilique-saint-marc-et-du-palazzo-ducale\/#primaryimage\"},\"image\":{\"@id\":\"https:\/\/tourtravelandmore.com\/fr\/tours\/italie-fr\/venice-fr\/private-day-trips-fr-13-venice-fr\/visite-privee-de-la-basilique-saint-marc-et-du-palazzo-ducale\/#primaryimage\"},\"thumbnailUrl\":\"https:\/\/tourtravelandmore.com\/wp-content\/uploads\/2023\/04\/20220505151134-basilica-di-san-marco-riflessa-nellacqua-alta-di-piazza-san-marco-vene-fiskI8n49K.webp\",\"datePublished\":\"2023-04-26T15:06:15+00:00\",\"dateModified\":\"2024-04-24T13:07:50+00:00\",\"description\":\"Visite priv\u00e9e de la basilique Saint-Marc et du Palazzo Ducale. Profitez de la visite de l'une des plus belles r\u00e9gions d'Europe\u2705.\",\"breadcrumb\":{\"@id\":\"https:\/\/tourtravelandmore.com\/fr\/tours\/italie-fr\/venice-fr\/private-day-trips-fr-13-venice-fr\/visite-privee-de-la-basilique-saint-marc-et-du-palazzo-ducale\/#breadcrumb\"},\"inLanguage\":\"fr-FR\",\"potentialAction\":[{\"@type\":\"ReadAction\",\"target\":[\"https:\/\/tourtravelandmore.com\/fr\/tours\/italie-fr\/venice-fr\/private-day-trips-fr-13-venice-fr\/visite-privee-de-la-basilique-saint-marc-et-du-palazzo-ducale\/\"]}]},{\"@type\":\"ImageObject\",\"inLanguage\":\"fr-FR\",\"@id\":\"https:\/\/tourtravelandmore.com\/fr\/tours\/italie-fr\/venice-fr\/private-day-trips-fr-13-venice-fr\/visite-privee-de-la-basilique-saint-marc-et-du-palazzo-ducale\/#primaryimage\",\"url\":\"https:\/\/tourtravelandmore.com\/wp-content\/uploads\/2023\/04\/20220505151134-basilica-di-san-marco-riflessa-nellacqua-alta-di-piazza-san-marco-vene-fiskI8n49K.webp\",\"contentUrl\":\"https:\/\/tourtravelandmore.com\/wp-content\/uploads\/2023\/04\/20220505151134-basilica-di-san-marco-riflessa-nellacqua-alta-di-piazza-san-marco-vene-fiskI8n49K.webp\",\"width\":751,\"height\":500},{\"@type\":\"BreadcrumbList\",\"@id\":\"https:\/\/tourtravelandmore.com\/fr\/tours\/italie-fr\/venice-fr\/private-day-trips-fr-13-venice-fr\/visite-privee-de-la-basilique-saint-marc-et-du-palazzo-ducale\/#breadcrumb\",\"itemListElement\":[{\"@type\":\"ListItem\",\"position\":1,\"name\":\"Home\",\"item\":\"https:\/\/tourtravelandmore.com\/fr\/\"},{\"@type\":\"ListItem\",\"position\":2,\"name\":\"Tours\",\"item\":\"https:\/\/tourtravelandmore.com\/fr\/tours\/\"},{\"@type\":\"ListItem\",\"position\":3,\"name\":\"Visite priv\u00e9e de la Basilique Saint-Marc et du Palazzo Ducale\"}]},{\"@type\":\"WebSite\",\"@id\":\"https:\/\/tourtravelandmore.com\/fr\/#website\",\"url\":\"https:\/\/tourtravelandmore.com\/fr\/\",\"name\":\"Tour Travel And More\",\"description\":\"Private sightseeing tours and luxury transfers in Spain\",\"publisher\":{\"@id\":\"https:\/\/tourtravelandmore.com\/fr\/#organization\"},\"potentialAction\":[{\"@type\":\"SearchAction\",\"target\":{\"@type\":\"EntryPoint\",\"urlTemplate\":\"https:\/\/tourtravelandmore.com\/fr\/?s={search_term_string}\"},\"query-input\":{\"@type\":\"PropertyValueSpecification\",\"valueRequired\":true,\"valueName\":\"search_term_string\"}}],\"inLanguage\":\"fr-FR\"},{\"@type\":\"Organization\",\"@id\":\"https:\/\/tourtravelandmore.com\/fr\/#organization\",\"name\":\"Tour Travel And More\",\"url\":\"https:\/\/tourtravelandmore.com\/fr\/\",\"logo\":{\"@type\":\"ImageObject\",\"inLanguage\":\"fr-FR\",\"@id\":\"https:\/\/tourtravelandmore.com\/fr\/#\/schema\/logo\/image\/\",\"url\":\"https:\/\/tourtravelandmore.com\/wp-content\/uploads\/2022\/12\/cropped-logo-cabecera-new.png\",\"contentUrl\":\"https:\/\/tourtravelandmore.com\/wp-content\/uploads\/2022\/12\/cropped-logo-cabecera-new.png\",\"width\":430,\"height\":61,\"caption\":\"Tour Travel And More\"},\"image\":{\"@id\":\"https:\/\/tourtravelandmore.com\/fr\/#\/schema\/logo\/image\/\"},\"sameAs\":[\"https:\/\/www.facebook.com\/tourtravelandmore\/\",\"https:\/\/x.com\/TourTravel_More\"]}]}<\/script>\n<!-- \/ Yoast SEO Premium plugin. -->","yoast_head_json":{"title":"Visite priv\u00e9e de la Basilique Saint-Marc et du Palazzo Ducale | Tour Travel & More","description":"Visite priv\u00e9e de la basilique Saint-Marc et du Palazzo Ducale. Profitez de la visite de l'une des plus belles r\u00e9gions d'Europe\u2705.","robots":{"index":"index","follow":"follow","max-snippet":"max-snippet:-1","max-image-preview":"max-image-preview:large","max-video-preview":"max-video-preview:-1"},"canonical":"https:\/\/tourtravelandmore.com\/fr\/tours\/italie-fr\/venice-fr\/private-day-trips-fr-13-venice-fr\/visite-privee-de-la-basilique-saint-marc-et-du-palazzo-ducale\/","og_locale":"fr_FR","og_type":"article","og_title":"Visite priv\u00e9e de la Basilique Saint-Marc et du Palazzo Ducale","og_description":"Visite priv\u00e9e de la basilique Saint-Marc et du Palazzo Ducale. Profitez de la visite de l'une des plus belles r\u00e9gions d'Europe\u2705.","og_url":"https:\/\/tourtravelandmore.com\/fr\/tours\/italie-fr\/venice-fr\/private-day-trips-fr-13-venice-fr\/visite-privee-de-la-basilique-saint-marc-et-du-palazzo-ducale\/","og_site_name":"Tour Travel And More","article_publisher":"https:\/\/www.facebook.com\/tourtravelandmore\/","article_modified_time":"2024-04-24T13:07:50+00:00","og_image":[{"width":751,"height":500,"url":"https:\/\/tourtravelandmore.com\/wp-content\/uploads\/2023\/04\/20220505151134-basilica-di-san-marco-riflessa-nellacqua-alta-di-piazza-san-marco-vene-fiskI8n49K.webp","type":"image\/webp"}],"twitter_card":"summary_large_image","twitter_site":"@TourTravel_More","twitter_misc":{"Dur\u00e9e de lecture estim\u00e9e":"3 minutes"},"schema":{"@context":"https:\/\/schema.org","@graph":[{"@type":"WebPage","@id":"https:\/\/tourtravelandmore.com\/fr\/tours\/italie-fr\/venice-fr\/private-day-trips-fr-13-venice-fr\/visite-privee-de-la-basilique-saint-marc-et-du-palazzo-ducale\/","url":"https:\/\/tourtravelandmore.com\/fr\/tours\/italie-fr\/venice-fr\/private-day-trips-fr-13-venice-fr\/visite-privee-de-la-basilique-saint-marc-et-du-palazzo-ducale\/","name":"Visite priv\u00e9e de la Basilique Saint-Marc et du Palazzo Ducale | Tour Travel & More","isPartOf":{"@id":"https:\/\/tourtravelandmore.com\/fr\/#website"},"primaryImageOfPage":{"@id":"https:\/\/tourtravelandmore.com\/fr\/tours\/italie-fr\/venice-fr\/private-day-trips-fr-13-venice-fr\/visite-privee-de-la-basilique-saint-marc-et-du-palazzo-ducale\/#primaryimage"},"image":{"@id":"https:\/\/tourtravelandmore.com\/fr\/tours\/italie-fr\/venice-fr\/private-day-trips-fr-13-venice-fr\/visite-privee-de-la-basilique-saint-marc-et-du-palazzo-ducale\/#primaryimage"},"thumbnailUrl":"https:\/\/tourtravelandmore.com\/wp-content\/uploads\/2023\/04\/20220505151134-basilica-di-san-marco-riflessa-nellacqua-alta-di-piazza-san-marco-vene-fiskI8n49K.webp","datePublished":"2023-04-26T15:06:15+00:00","dateModified":"2024-04-24T13:07:50+00:00","description":"Visite priv\u00e9e de la basilique Saint-Marc et du Palazzo Ducale. Profitez de la visite de l'une des plus belles r\u00e9gions d'Europe\u2705.","breadcrumb":{"@id":"https:\/\/tourtravelandmore.com\/fr\/tours\/italie-fr\/venice-fr\/private-day-trips-fr-13-venice-fr\/visite-privee-de-la-basilique-saint-marc-et-du-palazzo-ducale\/#breadcrumb"},"inLanguage":"fr-FR","potentialAction":[{"@type":"ReadAction","target":["https:\/\/tourtravelandmore.com\/fr\/tours\/italie-fr\/venice-fr\/private-day-trips-fr-13-venice-fr\/visite-privee-de-la-basilique-saint-marc-et-du-palazzo-ducale\/"]}]},{"@type":"ImageObject","inLanguage":"fr-FR","@id":"https:\/\/tourtravelandmore.com\/fr\/tours\/italie-fr\/venice-fr\/private-day-trips-fr-13-venice-fr\/visite-privee-de-la-basilique-saint-marc-et-du-palazzo-ducale\/#primaryimage","url":"https:\/\/tourtravelandmore.com\/wp-content\/uploads\/2023\/04\/20220505151134-basilica-di-san-marco-riflessa-nellacqua-alta-di-piazza-san-marco-vene-fiskI8n49K.webp","contentUrl":"https:\/\/tourtravelandmore.com\/wp-content\/uploads\/2023\/04\/20220505151134-basilica-di-san-marco-riflessa-nellacqua-alta-di-piazza-san-marco-vene-fiskI8n49K.webp","width":751,"height":500},{"@type":"BreadcrumbList","@id":"https:\/\/tourtravelandmore.com\/fr\/tours\/italie-fr\/venice-fr\/private-day-trips-fr-13-venice-fr\/visite-privee-de-la-basilique-saint-marc-et-du-palazzo-ducale\/#breadcrumb","itemListElement":[{"@type":"ListItem","position":1,"name":"Home","item":"https:\/\/tourtravelandmore.com\/fr\/"},{"@type":"ListItem","position":2,"name":"Tours","item":"https:\/\/tourtravelandmore.com\/fr\/tours\/"},{"@type":"ListItem","position":3,"name":"Visite priv\u00e9e de la Basilique Saint-Marc et du Palazzo Ducale"}]},{"@type":"WebSite","@id":"https:\/\/tourtravelandmore.com\/fr\/#website","url":"https:\/\/tourtravelandmore.com\/fr\/","name":"Tour Travel And More","description":"Private sightseeing tours and luxury transfers in Spain","publisher":{"@id":"https:\/\/tourtravelandmore.com\/fr\/#organization"},"potentialAction":[{"@type":"SearchAction","target":{"@type":"EntryPoint","urlTemplate":"https:\/\/tourtravelandmore.com\/fr\/?s={search_term_string}"},"query-input":{"@type":"PropertyValueSpecification","valueRequired":true,"valueName":"search_term_string"}}],"inLanguage":"fr-FR"},{"@type":"Organization","@id":"https:\/\/tourtravelandmore.com\/fr\/#organization","name":"Tour Travel And More","url":"https:\/\/tourtravelandmore.com\/fr\/","logo":{"@type":"ImageObject","inLanguage":"fr-FR","@id":"https:\/\/tourtravelandmore.com\/fr\/#\/schema\/logo\/image\/","url":"https:\/\/tourtravelandmore.com\/wp-content\/uploads\/2022\/12\/cropped-logo-cabecera-new.png","contentUrl":"https:\/\/tourtravelandmore.com\/wp-content\/uploads\/2022\/12\/cropped-logo-cabecera-new.png","width":430,"height":61,"caption":"Tour Travel And More"},"image":{"@id":"https:\/\/tourtravelandmore.com\/fr\/#\/schema\/logo\/image\/"},"sameAs":["https:\/\/www.facebook.com\/tourtravelandmore\/","https:\/\/x.com\/TourTravel_More"]}]}},"_links":{"self":[{"href":"https:\/\/tourtravelandmore.com\/fr\/wp-json\/wp\/v2\/product\/164304","targetHints":{"allow":["GET"]}}],"collection":[{"href":"https:\/\/tourtravelandmore.com\/fr\/wp-json\/wp\/v2\/product"}],"about":[{"href":"https:\/\/tourtravelandmore.com\/fr\/wp-json\/wp\/v2\/types\/product"}],"replies":[{"embeddable":true,"href":"https:\/\/tourtravelandmore.com\/fr\/wp-json\/wp\/v2\/comments?post=164304"}],"wp:featuredmedia":[{"embeddable":true,"href":"https:\/\/tourtravelandmore.com\/fr\/wp-json\/wp\/v2\/media\/164314"}],"wp:attachment":[{"href":"https:\/\/tourtravelandmore.com\/fr\/wp-json\/wp\/v2\/media?parent=164304"}],"wp:term":[{"taxonomy":"product_brand","embeddable":true,"href":"https:\/\/tourtravelandmore.com\/fr\/wp-json\/wp\/v2\/product_brand?post=164304"},{"taxonomy":"product_cat","embeddable":true,"href":"https:\/\/tourtravelandmore.com\/fr\/wp-json\/wp\/v2\/product_cat?post=164304"},{"taxonomy":"product_tag","embeddable":true,"href":"https:\/\/tourtravelandmore.com\/fr\/wp-json\/wp\/v2\/product_tag?post=164304"}],"curies":[{"name":"wp","href":"https:\/\/api.w.org\/{rel}","templated":true}]}}