{"id":164226,"date":"2023-04-26T16:01:03","date_gmt":"2023-04-26T14:01:10","guid":{"rendered":"https:\/\/tourtravelandmore.com\/?post_type=product&#038;p=164226"},"modified":"2024-04-24T15:08:01","modified_gmt":"2024-04-24T13:08:01","slug":"visite-privee-de-venise-a-florence-en-train","status":"publish","type":"product","link":"https:\/\/tourtravelandmore.com\/fr\/tours\/italie-fr\/venice-fr\/private-day-trips-fr-13-venice-fr\/visite-privee-de-venise-a-florence-en-train\/","title":{"rendered":"Visite priv\u00e9e de Venise \u00e0 Florence en train"},"content":{"rendered":"<h2>Description<\/h2>\n<p>Bienvenue \u00e0 <strong>l&#8217;excursion priv\u00e9e<\/strong> de <strong>Tour Travel &amp; More<\/strong> \u00e0 <strong>Florence<\/strong> depuis <strong>Venise<\/strong> en <strong>train<\/strong> ! Cette visite est l&#8217;occasion pour vous de d\u00e9couvrir la belle ville de Florence et sa riche histoire, son art et sa culture avec un guide priv\u00e9 dans le confort d&#8217;un train.<\/p>\n<p>Le voyage commence \u00e0 la gare de <strong>Venise,<\/strong> o\u00f9 vous monterez \u00e0 bord du train pour un trajet panoramique jusqu&#8217;\u00e0 <strong>Florence.<\/strong> Le voyage dure environ deux heures, pendant lesquelles vous pouvez vous asseoir, vous d\u00e9tendre et profiter des vues pittoresques de la campagne toscane. \u00c0 l&#8217;arriv\u00e9e \u00e0 la gare de <strong>Florence,<\/strong> votre guide priv\u00e9 vous attendra pour commencer l&#8217;excursion.<\/p>\n<p>Le point de rencontre pour cette visite est la <strong>Piazzale Roma,<\/strong> o\u00f9 votre guide vous accueillera et vous emm\u00e8nera pour une visite \u00e0 pied de la <strong>ville.<\/strong> La visite durera environ quatre heures. Votre guide vous fera d\u00e9couvrir les principales attractions de <strong>Florence<\/strong> et partagera avec vous ses connaissances sur l&#8217;histoire, la culture et l&#8217;art de la ville.<\/p>\n<p>Cette visite priv\u00e9e de <strong>Florence<\/strong> depuis <strong>Venise<\/strong> en train comprend des billets de train aller-retour, une visite guid\u00e9e \u00e0 pied de <strong>Florence<\/strong> d&#8217;une dur\u00e9e de 4 heures, un guide anglophone et des visites de certains des sites les plus embl\u00e9matiques de la ville, notamment le <strong>Duomo,<\/strong> la <strong>Galerie<\/strong> des <strong>Offices,<\/strong> la <strong>Piazza della Signoria,<\/strong> le <strong>Ponte Vecchio<\/strong> et la <strong>Piazzale Michelangelo.<\/strong> C&#8217;est une occasion unique de d\u00e9couvrir la beaut\u00e9 et l&#8217;histoire de <strong>Florence<\/strong> en compagnie d&#8217;un guide comp\u00e9tent. R\u00e9servez d\u00e8s maintenant et cr\u00e9ez des souvenirs inoubliables !<\/p>\n<h2>Sites d&#8217;int\u00e9r\u00eat et points de rep\u00e8re<\/h2>\n<p>Au cours de cette visite, vous visiterez certains des sites les plus c\u00e9l\u00e8bres de Florence. Le premier sur la liste est l&#8217;\u00e9tonnante cath\u00e9drale de Florence, \u00e9galement connue sous le nom de Duomo. Cette cath\u00e9drale gothique est c\u00e9l\u00e8bre pour son d\u00f4me con\u00e7u par Brunelleschi et son magnifique clocher dessin\u00e9 par Giotto. Votre guide vous expliquera l&#8217;histoire et l&#8217;importance de cette cath\u00e9drale embl\u00e9matique et de son architecture.<\/p>\n<p>L&#8217;\u00e9tape suivante de l&#8217;itin\u00e9raire est la c\u00e9l\u00e8bre Galerie des Offices. Ce mus\u00e9e abrite une vaste collection d&#8217;\u0153uvres d&#8217;art de la Renaissance italienne. On y trouve notamment des \u0153uvres de Michel-Ange, L\u00e9onard de Vinci et Botticelli. Votre guide vous donnera un aper\u00e7u des points forts du mus\u00e9e et partagera ses connaissances sur l&#8217;art et les artistes.<\/p>\n<p>Apr\u00e8s la visite de la Galerie des Offices, vous vous prom\u00e8nerez sur la magnifique Piazza della Signoria. C&#8217;est la place principale de Florence et elle abrite le Palazzo Vecchio, l&#8217;h\u00f4tel de ville de Florence. Votre guide vous expliquera la signification de la place et son histoire.<\/p>\n<p>La visite vous m\u00e8nera \u00e9galement au Ponte Vecchio, un c\u00e9l\u00e8bre pont qui enjambe l&#8217;Arno. Ce pont est connu pour ses boutiques de bijoux et de souvenirs, ainsi que pour son histoire et son architecture.<\/p>\n<p>Enfin, l&#8217;excursion se terminera par une visite de la Piazzale Michelangelo, d&#8217;o\u00f9 vous pourrez profiter d&#8217;une vue panoramique sur Florence et la campagne environnante. Cette place offre des vues \u00e0 couper le souffle sur la ville et est un endroit populaire pour les touristes et les habitants.<\/p>\n<p>Apr\u00e8s la visite, votre guide vous raccompagnera \u00e0 la gare pour votre retour \u00e0 Venise. Vous garderez le souvenir d&#8217;une merveilleuse journ\u00e9e pass\u00e9e \u00e0 explorer la belle ville de Florence.<\/p>\n<p>Une autre option d&#8217;une excursion d&#8217;une journ\u00e9e compl\u00e8te au d\u00e9part de Venise est notre <strong>visite priv\u00e9e<\/strong> \u00e0 <strong>V\u00e9rone<\/strong> et <strong>Valpolicella,<\/strong> jetez un coup d&#8217;\u0153il !.<\/p>\n","protected":false},"excerpt":{"rendered":"<p>Bienvenue \u00e0 l&#8217;excursion priv\u00e9e de <strong>Tour Travel<\/strong> &amp; <strong>More<\/strong> \u00e0 <strong>Florence<\/strong> depuis <strong>Venise<\/strong> en <strong>train<\/strong> ! Cette visite est l&#8217;occasion pour vous de d\u00e9couvrir la belle ville de Florence et sa riche histoire, son art et sa culture avec un guide priv\u00e9 dans le confort d&#8217;un train.<\/p>\n<p>&nbsp;<\/p>\n","protected":false},"featured_media":164239,"comment_status":"open","ping_status":"closed","template":"","meta":{"_acf_changed":false},"product_brand":[],"product_cat":[3710,4310,4313,4312],"product_tag":[],"class_list":{"0":"post-164226","1":"product","2":"type-product","3":"status-publish","4":"has-post-thumbnail","6":"product_cat-venice-fr","7":"product_cat-all-private-tours-activities-fr-20","8":"product_cat-private-sightseeing-tours-fr-26","9":"product_cat-private-day-trips-fr-13-venice-fr","11":"first","12":"instock","13":"shipping-taxable","14":"purchasable","15":"product-type-simple"},"acf":[],"yoast_head":"<!-- This site is optimized with the Yoast SEO Premium plugin v25.3.1 (Yoast SEO v25.3.1) - https:\/\/yoast.com\/wordpress\/plugins\/seo\/ -->\n<title>Visite priv\u00e9e de Venise \u00e0 Florence en train | Tour Travel &amp; More<\/title>\n<meta name=\"description\" content=\"Excursion priv\u00e9e \u00e0 Florence au d\u00e9part de Venise en train. Profitez de visiter, dans votre bateau priv\u00e9, l&#039;une des plus belles r\u00e9gions d&#039;Europe\u2705.\" \/>\n<meta name=\"robots\" content=\"index, follow, max-snippet:-1, max-image-preview:large, max-video-preview:-1\" \/>\n<link rel=\"canonical\" href=\"https:\/\/tourtravelandmore.com\/fr\/tours\/italie-fr\/venice-fr\/private-day-trips-fr-13-venice-fr\/visite-privee-de-venise-a-florence-en-train\/\" \/>\n<meta property=\"og:locale\" content=\"fr_FR\" \/>\n<meta property=\"og:type\" content=\"article\" \/>\n<meta property=\"og:title\" content=\"Visite priv\u00e9e de Venise \u00e0 Florence en train\" \/>\n<meta property=\"og:description\" content=\"Excursion priv\u00e9e \u00e0 Florence au d\u00e9part de Venise en train. Profitez de visiter, dans votre bateau priv\u00e9, l&#039;une des plus belles r\u00e9gions d&#039;Europe\u2705.\" \/>\n<meta property=\"og:url\" content=\"https:\/\/tourtravelandmore.com\/fr\/tours\/italie-fr\/venice-fr\/private-day-trips-fr-13-venice-fr\/visite-privee-de-venise-a-florence-en-train\/\" \/>\n<meta property=\"og:site_name\" content=\"Tour Travel And More\" \/>\n<meta property=\"article:publisher\" content=\"https:\/\/www.facebook.com\/tourtravelandmore\/\" \/>\n<meta property=\"article:modified_time\" content=\"2024-04-24T13:08:01+00:00\" \/>\n<meta property=\"og:image\" content=\"https:\/\/tourtravelandmore.com\/wp-content\/uploads\/2023\/04\/pexels-josh-hild-2422461-scaled.jpg\" \/>\n\t<meta property=\"og:image:width\" content=\"2560\" \/>\n\t<meta property=\"og:image:height\" content=\"1707\" \/>\n\t<meta property=\"og:image:type\" content=\"image\/jpeg\" \/>\n<meta name=\"twitter:card\" content=\"summary_large_image\" \/>\n<meta name=\"twitter:site\" content=\"@TourTravel_More\" \/>\n<meta name=\"twitter:label1\" content=\"Dur\u00e9e de lecture estim\u00e9e\" \/>\n\t<meta name=\"twitter:data1\" content=\"3 minutes\" \/>\n<script type=\"application\/ld+json\" class=\"yoast-schema-graph\">{\"@context\":\"https:\/\/schema.org\",\"@graph\":[{\"@type\":\"WebPage\",\"@id\":\"https:\/\/tourtravelandmore.com\/fr\/tours\/italie-fr\/venice-fr\/private-day-trips-fr-13-venice-fr\/visite-privee-de-venise-a-florence-en-train\/\",\"url\":\"https:\/\/tourtravelandmore.com\/fr\/tours\/italie-fr\/venice-fr\/private-day-trips-fr-13-venice-fr\/visite-privee-de-venise-a-florence-en-train\/\",\"name\":\"Visite priv\u00e9e de Venise \u00e0 Florence en train | Tour Travel & More\",\"isPartOf\":{\"@id\":\"https:\/\/tourtravelandmore.com\/fr\/#website\"},\"primaryImageOfPage\":{\"@id\":\"https:\/\/tourtravelandmore.com\/fr\/tours\/italie-fr\/venice-fr\/private-day-trips-fr-13-venice-fr\/visite-privee-de-venise-a-florence-en-train\/#primaryimage\"},\"image\":{\"@id\":\"https:\/\/tourtravelandmore.com\/fr\/tours\/italie-fr\/venice-fr\/private-day-trips-fr-13-venice-fr\/visite-privee-de-venise-a-florence-en-train\/#primaryimage\"},\"thumbnailUrl\":\"https:\/\/tourtravelandmore.com\/wp-content\/uploads\/2023\/04\/pexels-josh-hild-2422461-scaled.jpg\",\"datePublished\":\"2023-04-26T14:01:10+00:00\",\"dateModified\":\"2024-04-24T13:08:01+00:00\",\"description\":\"Excursion priv\u00e9e \u00e0 Florence au d\u00e9part de Venise en train. Profitez de visiter, dans votre bateau priv\u00e9, l'une des plus belles r\u00e9gions d'Europe\u2705.\",\"breadcrumb\":{\"@id\":\"https:\/\/tourtravelandmore.com\/fr\/tours\/italie-fr\/venice-fr\/private-day-trips-fr-13-venice-fr\/visite-privee-de-venise-a-florence-en-train\/#breadcrumb\"},\"inLanguage\":\"fr-FR\",\"potentialAction\":[{\"@type\":\"ReadAction\",\"target\":[\"https:\/\/tourtravelandmore.com\/fr\/tours\/italie-fr\/venice-fr\/private-day-trips-fr-13-venice-fr\/visite-privee-de-venise-a-florence-en-train\/\"]}]},{\"@type\":\"ImageObject\",\"inLanguage\":\"fr-FR\",\"@id\":\"https:\/\/tourtravelandmore.com\/fr\/tours\/italie-fr\/venice-fr\/private-day-trips-fr-13-venice-fr\/visite-privee-de-venise-a-florence-en-train\/#primaryimage\",\"url\":\"https:\/\/tourtravelandmore.com\/wp-content\/uploads\/2023\/04\/pexels-josh-hild-2422461-scaled.jpg\",\"contentUrl\":\"https:\/\/tourtravelandmore.com\/wp-content\/uploads\/2023\/04\/pexels-josh-hild-2422461-scaled.jpg\",\"width\":2560,\"height\":1707},{\"@type\":\"BreadcrumbList\",\"@id\":\"https:\/\/tourtravelandmore.com\/fr\/tours\/italie-fr\/venice-fr\/private-day-trips-fr-13-venice-fr\/visite-privee-de-venise-a-florence-en-train\/#breadcrumb\",\"itemListElement\":[{\"@type\":\"ListItem\",\"position\":1,\"name\":\"Home\",\"item\":\"https:\/\/tourtravelandmore.com\/fr\/\"},{\"@type\":\"ListItem\",\"position\":2,\"name\":\"Tours\",\"item\":\"https:\/\/tourtravelandmore.com\/fr\/tours\/\"},{\"@type\":\"ListItem\",\"position\":3,\"name\":\"Visite priv\u00e9e de Venise \u00e0 Florence en train\"}]},{\"@type\":\"WebSite\",\"@id\":\"https:\/\/tourtravelandmore.com\/fr\/#website\",\"url\":\"https:\/\/tourtravelandmore.com\/fr\/\",\"name\":\"Tour Travel And More\",\"description\":\"Private sightseeing tours and luxury transfers in Spain\",\"publisher\":{\"@id\":\"https:\/\/tourtravelandmore.com\/fr\/#organization\"},\"potentialAction\":[{\"@type\":\"SearchAction\",\"target\":{\"@type\":\"EntryPoint\",\"urlTemplate\":\"https:\/\/tourtravelandmore.com\/fr\/?s={search_term_string}\"},\"query-input\":{\"@type\":\"PropertyValueSpecification\",\"valueRequired\":true,\"valueName\":\"search_term_string\"}}],\"inLanguage\":\"fr-FR\"},{\"@type\":\"Organization\",\"@id\":\"https:\/\/tourtravelandmore.com\/fr\/#organization\",\"name\":\"Tour Travel And More\",\"url\":\"https:\/\/tourtravelandmore.com\/fr\/\",\"logo\":{\"@type\":\"ImageObject\",\"inLanguage\":\"fr-FR\",\"@id\":\"https:\/\/tourtravelandmore.com\/fr\/#\/schema\/logo\/image\/\",\"url\":\"https:\/\/tourtravelandmore.com\/wp-content\/uploads\/2022\/12\/cropped-logo-cabecera-new.png\",\"contentUrl\":\"https:\/\/tourtravelandmore.com\/wp-content\/uploads\/2022\/12\/cropped-logo-cabecera-new.png\",\"width\":430,\"height\":61,\"caption\":\"Tour Travel And More\"},\"image\":{\"@id\":\"https:\/\/tourtravelandmore.com\/fr\/#\/schema\/logo\/image\/\"},\"sameAs\":[\"https:\/\/www.facebook.com\/tourtravelandmore\/\",\"https:\/\/x.com\/TourTravel_More\"]}]}<\/script>\n<!-- \/ Yoast SEO Premium plugin. -->","yoast_head_json":{"title":"Visite priv\u00e9e de Venise \u00e0 Florence en train | Tour Travel & More","description":"Excursion priv\u00e9e \u00e0 Florence au d\u00e9part de Venise en train. Profitez de visiter, dans votre bateau priv\u00e9, l'une des plus belles r\u00e9gions d'Europe\u2705.","robots":{"index":"index","follow":"follow","max-snippet":"max-snippet:-1","max-image-preview":"max-image-preview:large","max-video-preview":"max-video-preview:-1"},"canonical":"https:\/\/tourtravelandmore.com\/fr\/tours\/italie-fr\/venice-fr\/private-day-trips-fr-13-venice-fr\/visite-privee-de-venise-a-florence-en-train\/","og_locale":"fr_FR","og_type":"article","og_title":"Visite priv\u00e9e de Venise \u00e0 Florence en train","og_description":"Excursion priv\u00e9e \u00e0 Florence au d\u00e9part de Venise en train. Profitez de visiter, dans votre bateau priv\u00e9, l'une des plus belles r\u00e9gions d'Europe\u2705.","og_url":"https:\/\/tourtravelandmore.com\/fr\/tours\/italie-fr\/venice-fr\/private-day-trips-fr-13-venice-fr\/visite-privee-de-venise-a-florence-en-train\/","og_site_name":"Tour Travel And More","article_publisher":"https:\/\/www.facebook.com\/tourtravelandmore\/","article_modified_time":"2024-04-24T13:08:01+00:00","og_image":[{"width":2560,"height":1707,"url":"https:\/\/tourtravelandmore.com\/wp-content\/uploads\/2023\/04\/pexels-josh-hild-2422461-scaled.jpg","type":"image\/jpeg"}],"twitter_card":"summary_large_image","twitter_site":"@TourTravel_More","twitter_misc":{"Dur\u00e9e de lecture estim\u00e9e":"3 minutes"},"schema":{"@context":"https:\/\/schema.org","@graph":[{"@type":"WebPage","@id":"https:\/\/tourtravelandmore.com\/fr\/tours\/italie-fr\/venice-fr\/private-day-trips-fr-13-venice-fr\/visite-privee-de-venise-a-florence-en-train\/","url":"https:\/\/tourtravelandmore.com\/fr\/tours\/italie-fr\/venice-fr\/private-day-trips-fr-13-venice-fr\/visite-privee-de-venise-a-florence-en-train\/","name":"Visite priv\u00e9e de Venise \u00e0 Florence en train | Tour Travel & More","isPartOf":{"@id":"https:\/\/tourtravelandmore.com\/fr\/#website"},"primaryImageOfPage":{"@id":"https:\/\/tourtravelandmore.com\/fr\/tours\/italie-fr\/venice-fr\/private-day-trips-fr-13-venice-fr\/visite-privee-de-venise-a-florence-en-train\/#primaryimage"},"image":{"@id":"https:\/\/tourtravelandmore.com\/fr\/tours\/italie-fr\/venice-fr\/private-day-trips-fr-13-venice-fr\/visite-privee-de-venise-a-florence-en-train\/#primaryimage"},"thumbnailUrl":"https:\/\/tourtravelandmore.com\/wp-content\/uploads\/2023\/04\/pexels-josh-hild-2422461-scaled.jpg","datePublished":"2023-04-26T14:01:10+00:00","dateModified":"2024-04-24T13:08:01+00:00","description":"Excursion priv\u00e9e \u00e0 Florence au d\u00e9part de Venise en train. Profitez de visiter, dans votre bateau priv\u00e9, l'une des plus belles r\u00e9gions d'Europe\u2705.","breadcrumb":{"@id":"https:\/\/tourtravelandmore.com\/fr\/tours\/italie-fr\/venice-fr\/private-day-trips-fr-13-venice-fr\/visite-privee-de-venise-a-florence-en-train\/#breadcrumb"},"inLanguage":"fr-FR","potentialAction":[{"@type":"ReadAction","target":["https:\/\/tourtravelandmore.com\/fr\/tours\/italie-fr\/venice-fr\/private-day-trips-fr-13-venice-fr\/visite-privee-de-venise-a-florence-en-train\/"]}]},{"@type":"ImageObject","inLanguage":"fr-FR","@id":"https:\/\/tourtravelandmore.com\/fr\/tours\/italie-fr\/venice-fr\/private-day-trips-fr-13-venice-fr\/visite-privee-de-venise-a-florence-en-train\/#primaryimage","url":"https:\/\/tourtravelandmore.com\/wp-content\/uploads\/2023\/04\/pexels-josh-hild-2422461-scaled.jpg","contentUrl":"https:\/\/tourtravelandmore.com\/wp-content\/uploads\/2023\/04\/pexels-josh-hild-2422461-scaled.jpg","width":2560,"height":1707},{"@type":"BreadcrumbList","@id":"https:\/\/tourtravelandmore.com\/fr\/tours\/italie-fr\/venice-fr\/private-day-trips-fr-13-venice-fr\/visite-privee-de-venise-a-florence-en-train\/#breadcrumb","itemListElement":[{"@type":"ListItem","position":1,"name":"Home","item":"https:\/\/tourtravelandmore.com\/fr\/"},{"@type":"ListItem","position":2,"name":"Tours","item":"https:\/\/tourtravelandmore.com\/fr\/tours\/"},{"@type":"ListItem","position":3,"name":"Visite priv\u00e9e de Venise \u00e0 Florence en train"}]},{"@type":"WebSite","@id":"https:\/\/tourtravelandmore.com\/fr\/#website","url":"https:\/\/tourtravelandmore.com\/fr\/","name":"Tour Travel And More","description":"Private sightseeing tours and luxury transfers in Spain","publisher":{"@id":"https:\/\/tourtravelandmore.com\/fr\/#organization"},"potentialAction":[{"@type":"SearchAction","target":{"@type":"EntryPoint","urlTemplate":"https:\/\/tourtravelandmore.com\/fr\/?s={search_term_string}"},"query-input":{"@type":"PropertyValueSpecification","valueRequired":true,"valueName":"search_term_string"}}],"inLanguage":"fr-FR"},{"@type":"Organization","@id":"https:\/\/tourtravelandmore.com\/fr\/#organization","name":"Tour Travel And More","url":"https:\/\/tourtravelandmore.com\/fr\/","logo":{"@type":"ImageObject","inLanguage":"fr-FR","@id":"https:\/\/tourtravelandmore.com\/fr\/#\/schema\/logo\/image\/","url":"https:\/\/tourtravelandmore.com\/wp-content\/uploads\/2022\/12\/cropped-logo-cabecera-new.png","contentUrl":"https:\/\/tourtravelandmore.com\/wp-content\/uploads\/2022\/12\/cropped-logo-cabecera-new.png","width":430,"height":61,"caption":"Tour Travel And More"},"image":{"@id":"https:\/\/tourtravelandmore.com\/fr\/#\/schema\/logo\/image\/"},"sameAs":["https:\/\/www.facebook.com\/tourtravelandmore\/","https:\/\/x.com\/TourTravel_More"]}]}},"_links":{"self":[{"href":"https:\/\/tourtravelandmore.com\/fr\/wp-json\/wp\/v2\/product\/164226","targetHints":{"allow":["GET"]}}],"collection":[{"href":"https:\/\/tourtravelandmore.com\/fr\/wp-json\/wp\/v2\/product"}],"about":[{"href":"https:\/\/tourtravelandmore.com\/fr\/wp-json\/wp\/v2\/types\/product"}],"replies":[{"embeddable":true,"href":"https:\/\/tourtravelandmore.com\/fr\/wp-json\/wp\/v2\/comments?post=164226"}],"wp:featuredmedia":[{"embeddable":true,"href":"https:\/\/tourtravelandmore.com\/fr\/wp-json\/wp\/v2\/media\/164239"}],"wp:attachment":[{"href":"https:\/\/tourtravelandmore.com\/fr\/wp-json\/wp\/v2\/media?parent=164226"}],"wp:term":[{"taxonomy":"product_brand","embeddable":true,"href":"https:\/\/tourtravelandmore.com\/fr\/wp-json\/wp\/v2\/product_brand?post=164226"},{"taxonomy":"product_cat","embeddable":true,"href":"https:\/\/tourtravelandmore.com\/fr\/wp-json\/wp\/v2\/product_cat?post=164226"},{"taxonomy":"product_tag","embeddable":true,"href":"https:\/\/tourtravelandmore.com\/fr\/wp-json\/wp\/v2\/product_tag?post=164226"}],"curies":[{"name":"wp","href":"https:\/\/api.w.org\/{rel}","templated":true}]}}