{"id":164175,"date":"2023-04-26T15:03:52","date_gmt":"2023-04-26T13:04:03","guid":{"rendered":"https:\/\/tourtravelandmore.com\/?post_type=product&#038;p=164175"},"modified":"2024-04-24T15:08:25","modified_gmt":"2024-04-24T13:08:25","slug":"tour-prive-du-lac-de-braies-depuis-venise","status":"publish","type":"product","link":"https:\/\/tourtravelandmore.com\/fr\/tours\/italie-fr\/venice-fr\/private-day-trips-fr-13-venice-fr\/tour-prive-du-lac-de-braies-depuis-venise\/","title":{"rendered":"Tour priv\u00e9 du lac de Braies depuis Venise"},"content":{"rendered":"<h2>Description<\/h2>\n<p>Nous avons le plaisir de vous proposer une visite priv\u00e9e du lac de Braies au d\u00e9part de Venise. Cette excursion de huit heures est une exp\u00e9rience inoubliable qui vous emm\u00e8ne sur une route panoramique vers l&#8217;un des plus beaux lacs d&#8217;Italie. Votre chauffeur\/guide bien inform\u00e9 vous fournira des commentaires en anglais pendant que vous appr\u00e9cierez les vues \u00e9poustouflantes et les sites culturels uniques le long de la route.<\/p>\n<p>L&#8217;excursion commence \u00e0 Piazzale Roma, o\u00f9 vous rencontrerez votre chauffeur\/guide et commencerez votre voyage vers le lac Braies. Ce trajet pittoresque vous emm\u00e8ne \u00e0 travers certains des plus beaux paysages d&#8217;Italie, y compris les superbes montagnes des Dolomites. Votre guide vous indiquera les points de rep\u00e8re importants et partagera des faits int\u00e9ressants sur la r\u00e9gion.<\/p>\n<p>En arrivant au lac de Braies, vous serez accueillis par une vue \u00e0 couper le souffle sur les eaux turquoises et les montagnes environnantes. Notre chauffeur\/guide vous fournira des informations sur l&#8217;histoire et la g\u00e9ologie du lac, ainsi que sur son importance pour la communaut\u00e9 locale.<\/p>\n<h2>Sites d&#8217;int\u00e9r\u00eat et points de rep\u00e8re<\/h2>\n<p>Au cours de la visite, vous aurez la possibilit\u00e9 d&#8217;explorer les environs du lac \u00e0 pied ou en bateau. Une promenade sur les rives du lac vous permettra de d\u00e9couvrir quelques-uns des points de vue les plus pittoresques. Une promenade en bateau vous permettra de d\u00e9couvrir la beaut\u00e9 du lac d&#8217;un point de vue diff\u00e9rent.<\/p>\n<p>Les Dolomites : Cette cha\u00eene est inscrite au patrimoine mondial de l&#8217;UNESCO. Elle est r\u00e9put\u00e9e pour sa g\u00e9ologie unique et ses paysages \u00e9poustouflants. Notre chauffeur\/guide vous fournira des informations sur l&#8217;histoire, la culture et les caract\u00e9ristiques naturelles de la r\u00e9gion.<\/p>\n<p>Le lac de Braies : Ce magnifique lac est situ\u00e9 au c\u0153ur des Dolomites et est connu pour ses eaux turquoises et son environnement pittoresque. Notre chauffeur\/guide vous fournira des informations sur l&#8217;histoire du lac, sa g\u00e9ologie et son importance culturelle.<\/p>\n<p>Les villages environnants : Notre circuit vous fera traverser plusieurs villages pittoresques. Chacun d&#8217;entre eux poss\u00e8de un charme et une histoire uniques. Votre guide vous indiquera les points de rep\u00e8re importants et vous donnera un aper\u00e7u de la culture et du mode de vie de la communaut\u00e9 locale.<\/p>\n<p>Enfin, notre visite priv\u00e9e du lac de Braies au d\u00e9part de Venise est une exp\u00e9rience unique que vous n&#8217;oublierez jamais. Avec notre chauffeur\/guide comp\u00e9tent, des paysages \u00e9poustouflants et des sites culturels uniques, ce circuit est id\u00e9al pour tous ceux qui souhaitent explorer la beaut\u00e9 et l&#8217;histoire de la campagne italienne. R\u00e9servez votre excursion d\u00e8s aujourd&#8217;hui et d\u00e9couvrez la magie du lac de Braies !<\/p>\n<p>Comme nous l&#8217;avons dit pr\u00e9c\u00e9demment, nous pouvons organiser la dur\u00e9e exacte de l&#8217;excursion en fonction de vos besoins personnels. Nous pouvons proposer des heures suppl\u00e9mentaires ou m\u00eame inclure des billets d&#8217;entr\u00e9e pour les monuments que vous souhaitez visiter.<\/p>\n","protected":false},"excerpt":{"rendered":"<p>Nous avons le plaisir de vous proposer une visite priv\u00e9e du lac de Braies au d\u00e9part de Venise. Cette excursion de huit heures est une exp\u00e9rience inoubliable qui vous emm\u00e8ne sur une route panoramique vers l&#8217;un des plus beaux lacs d&#8217;Italie. Votre chauffeur\/guide bien inform\u00e9 vous fournira des commentaires en anglais pendant que vous appr\u00e9cierez les vues \u00e9poustouflantes et les sites culturels uniques le long de la route.<\/p>\n","protected":false},"featured_media":164191,"comment_status":"open","ping_status":"closed","template":"","meta":{"_acf_changed":false},"product_brand":[],"product_cat":[3710,4310,4313,4312],"product_tag":[],"class_list":{"0":"post-164175","1":"product","2":"type-product","3":"status-publish","4":"has-post-thumbnail","6":"product_cat-venice-fr","7":"product_cat-all-private-tours-activities-fr-20","8":"product_cat-private-sightseeing-tours-fr-26","9":"product_cat-private-day-trips-fr-13-venice-fr","11":"first","12":"instock","13":"shipping-taxable","14":"purchasable","15":"product-type-simple"},"acf":[],"yoast_head":"<!-- This site is optimized with the Yoast SEO Premium plugin v25.3.1 (Yoast SEO v25.3.1) - https:\/\/yoast.com\/wordpress\/plugins\/seo\/ -->\n<title>Tour priv\u00e9 du lac de Braies depuis Venise | Tour Travel &amp; More<\/title>\n<meta name=\"description\" content=\"Profitez de cette Tour priv\u00e9 du lac de Braies depuis Venise. Vous admirerez les lieux les plus importants de V\u00e9rone et le magnifique paysage\" \/>\n<meta name=\"robots\" content=\"index, follow, max-snippet:-1, max-image-preview:large, max-video-preview:-1\" \/>\n<link rel=\"canonical\" href=\"https:\/\/tourtravelandmore.com\/fr\/tours\/italie-fr\/venice-fr\/private-day-trips-fr-13-venice-fr\/tour-prive-du-lac-de-braies-depuis-venise\/\" \/>\n<meta property=\"og:locale\" content=\"fr_FR\" \/>\n<meta property=\"og:type\" content=\"article\" \/>\n<meta property=\"og:title\" content=\"Tour priv\u00e9 du lac de Braies depuis Venise\" \/>\n<meta property=\"og:description\" content=\"Profitez de cette Tour priv\u00e9 du lac de Braies depuis Venise. Vous admirerez les lieux les plus importants de V\u00e9rone et le magnifique paysage\" \/>\n<meta property=\"og:url\" content=\"https:\/\/tourtravelandmore.com\/fr\/tours\/italie-fr\/venice-fr\/private-day-trips-fr-13-venice-fr\/tour-prive-du-lac-de-braies-depuis-venise\/\" \/>\n<meta property=\"og:site_name\" content=\"Tour Travel And More\" \/>\n<meta property=\"article:publisher\" content=\"https:\/\/www.facebook.com\/tourtravelandmore\/\" \/>\n<meta property=\"article:modified_time\" content=\"2024-04-24T13:08:25+00:00\" \/>\n<meta property=\"og:image\" content=\"https:\/\/tourtravelandmore.com\/wp-content\/uploads\/2023\/04\/Pragser-Wildsee-Italy-blue-mountain-lake-clear-water-wooden-house-on-pillars-rocky-mountains-pine-forest-boating-with-boat-summer-Wallpaper-HD-2560x1440-1.jpg\" \/>\n\t<meta property=\"og:image:width\" content=\"2560\" \/>\n\t<meta property=\"og:image:height\" content=\"1440\" \/>\n\t<meta property=\"og:image:type\" content=\"image\/jpeg\" \/>\n<meta name=\"twitter:card\" content=\"summary_large_image\" \/>\n<meta name=\"twitter:site\" content=\"@TourTravel_More\" \/>\n<meta name=\"twitter:label1\" content=\"Dur\u00e9e de lecture estim\u00e9e\" \/>\n\t<meta name=\"twitter:data1\" content=\"3 minutes\" \/>\n<script type=\"application\/ld+json\" class=\"yoast-schema-graph\">{\"@context\":\"https:\/\/schema.org\",\"@graph\":[{\"@type\":\"WebPage\",\"@id\":\"https:\/\/tourtravelandmore.com\/fr\/tours\/italie-fr\/venice-fr\/private-day-trips-fr-13-venice-fr\/tour-prive-du-lac-de-braies-depuis-venise\/\",\"url\":\"https:\/\/tourtravelandmore.com\/fr\/tours\/italie-fr\/venice-fr\/private-day-trips-fr-13-venice-fr\/tour-prive-du-lac-de-braies-depuis-venise\/\",\"name\":\"Tour priv\u00e9 du lac de Braies depuis Venise | Tour Travel & More\",\"isPartOf\":{\"@id\":\"https:\/\/tourtravelandmore.com\/fr\/#website\"},\"primaryImageOfPage\":{\"@id\":\"https:\/\/tourtravelandmore.com\/fr\/tours\/italie-fr\/venice-fr\/private-day-trips-fr-13-venice-fr\/tour-prive-du-lac-de-braies-depuis-venise\/#primaryimage\"},\"image\":{\"@id\":\"https:\/\/tourtravelandmore.com\/fr\/tours\/italie-fr\/venice-fr\/private-day-trips-fr-13-venice-fr\/tour-prive-du-lac-de-braies-depuis-venise\/#primaryimage\"},\"thumbnailUrl\":\"https:\/\/tourtravelandmore.com\/wp-content\/uploads\/2023\/04\/Pragser-Wildsee-Italy-blue-mountain-lake-clear-water-wooden-house-on-pillars-rocky-mountains-pine-forest-boating-with-boat-summer-Wallpaper-HD-2560x1440-1.jpg\",\"datePublished\":\"2023-04-26T13:04:03+00:00\",\"dateModified\":\"2024-04-24T13:08:25+00:00\",\"description\":\"Profitez de cette Tour priv\u00e9 du lac de Braies depuis Venise. Vous admirerez les lieux les plus importants de V\u00e9rone et le magnifique paysage\",\"breadcrumb\":{\"@id\":\"https:\/\/tourtravelandmore.com\/fr\/tours\/italie-fr\/venice-fr\/private-day-trips-fr-13-venice-fr\/tour-prive-du-lac-de-braies-depuis-venise\/#breadcrumb\"},\"inLanguage\":\"fr-FR\",\"potentialAction\":[{\"@type\":\"ReadAction\",\"target\":[\"https:\/\/tourtravelandmore.com\/fr\/tours\/italie-fr\/venice-fr\/private-day-trips-fr-13-venice-fr\/tour-prive-du-lac-de-braies-depuis-venise\/\"]}]},{\"@type\":\"ImageObject\",\"inLanguage\":\"fr-FR\",\"@id\":\"https:\/\/tourtravelandmore.com\/fr\/tours\/italie-fr\/venice-fr\/private-day-trips-fr-13-venice-fr\/tour-prive-du-lac-de-braies-depuis-venise\/#primaryimage\",\"url\":\"https:\/\/tourtravelandmore.com\/wp-content\/uploads\/2023\/04\/Pragser-Wildsee-Italy-blue-mountain-lake-clear-water-wooden-house-on-pillars-rocky-mountains-pine-forest-boating-with-boat-summer-Wallpaper-HD-2560x1440-1.jpg\",\"contentUrl\":\"https:\/\/tourtravelandmore.com\/wp-content\/uploads\/2023\/04\/Pragser-Wildsee-Italy-blue-mountain-lake-clear-water-wooden-house-on-pillars-rocky-mountains-pine-forest-boating-with-boat-summer-Wallpaper-HD-2560x1440-1.jpg\",\"width\":2560,\"height\":1440},{\"@type\":\"BreadcrumbList\",\"@id\":\"https:\/\/tourtravelandmore.com\/fr\/tours\/italie-fr\/venice-fr\/private-day-trips-fr-13-venice-fr\/tour-prive-du-lac-de-braies-depuis-venise\/#breadcrumb\",\"itemListElement\":[{\"@type\":\"ListItem\",\"position\":1,\"name\":\"Home\",\"item\":\"https:\/\/tourtravelandmore.com\/fr\/\"},{\"@type\":\"ListItem\",\"position\":2,\"name\":\"Tours\",\"item\":\"https:\/\/tourtravelandmore.com\/fr\/tours\/\"},{\"@type\":\"ListItem\",\"position\":3,\"name\":\"Tour priv\u00e9 du lac de Braies depuis Venise\"}]},{\"@type\":\"WebSite\",\"@id\":\"https:\/\/tourtravelandmore.com\/fr\/#website\",\"url\":\"https:\/\/tourtravelandmore.com\/fr\/\",\"name\":\"Tour Travel And More\",\"description\":\"Private sightseeing tours and luxury transfers in Spain\",\"publisher\":{\"@id\":\"https:\/\/tourtravelandmore.com\/fr\/#organization\"},\"potentialAction\":[{\"@type\":\"SearchAction\",\"target\":{\"@type\":\"EntryPoint\",\"urlTemplate\":\"https:\/\/tourtravelandmore.com\/fr\/?s={search_term_string}\"},\"query-input\":{\"@type\":\"PropertyValueSpecification\",\"valueRequired\":true,\"valueName\":\"search_term_string\"}}],\"inLanguage\":\"fr-FR\"},{\"@type\":\"Organization\",\"@id\":\"https:\/\/tourtravelandmore.com\/fr\/#organization\",\"name\":\"Tour Travel And More\",\"url\":\"https:\/\/tourtravelandmore.com\/fr\/\",\"logo\":{\"@type\":\"ImageObject\",\"inLanguage\":\"fr-FR\",\"@id\":\"https:\/\/tourtravelandmore.com\/fr\/#\/schema\/logo\/image\/\",\"url\":\"https:\/\/tourtravelandmore.com\/wp-content\/uploads\/2022\/12\/cropped-logo-cabecera-new.png\",\"contentUrl\":\"https:\/\/tourtravelandmore.com\/wp-content\/uploads\/2022\/12\/cropped-logo-cabecera-new.png\",\"width\":430,\"height\":61,\"caption\":\"Tour Travel And More\"},\"image\":{\"@id\":\"https:\/\/tourtravelandmore.com\/fr\/#\/schema\/logo\/image\/\"},\"sameAs\":[\"https:\/\/www.facebook.com\/tourtravelandmore\/\",\"https:\/\/x.com\/TourTravel_More\"]}]}<\/script>\n<!-- \/ Yoast SEO Premium plugin. -->","yoast_head_json":{"title":"Tour priv\u00e9 du lac de Braies depuis Venise | Tour Travel & More","description":"Profitez de cette Tour priv\u00e9 du lac de Braies depuis Venise. Vous admirerez les lieux les plus importants de V\u00e9rone et le magnifique paysage","robots":{"index":"index","follow":"follow","max-snippet":"max-snippet:-1","max-image-preview":"max-image-preview:large","max-video-preview":"max-video-preview:-1"},"canonical":"https:\/\/tourtravelandmore.com\/fr\/tours\/italie-fr\/venice-fr\/private-day-trips-fr-13-venice-fr\/tour-prive-du-lac-de-braies-depuis-venise\/","og_locale":"fr_FR","og_type":"article","og_title":"Tour priv\u00e9 du lac de Braies depuis Venise","og_description":"Profitez de cette Tour priv\u00e9 du lac de Braies depuis Venise. Vous admirerez les lieux les plus importants de V\u00e9rone et le magnifique paysage","og_url":"https:\/\/tourtravelandmore.com\/fr\/tours\/italie-fr\/venice-fr\/private-day-trips-fr-13-venice-fr\/tour-prive-du-lac-de-braies-depuis-venise\/","og_site_name":"Tour Travel And More","article_publisher":"https:\/\/www.facebook.com\/tourtravelandmore\/","article_modified_time":"2024-04-24T13:08:25+00:00","og_image":[{"width":2560,"height":1440,"url":"https:\/\/tourtravelandmore.com\/wp-content\/uploads\/2023\/04\/Pragser-Wildsee-Italy-blue-mountain-lake-clear-water-wooden-house-on-pillars-rocky-mountains-pine-forest-boating-with-boat-summer-Wallpaper-HD-2560x1440-1.jpg","type":"image\/jpeg"}],"twitter_card":"summary_large_image","twitter_site":"@TourTravel_More","twitter_misc":{"Dur\u00e9e de lecture estim\u00e9e":"3 minutes"},"schema":{"@context":"https:\/\/schema.org","@graph":[{"@type":"WebPage","@id":"https:\/\/tourtravelandmore.com\/fr\/tours\/italie-fr\/venice-fr\/private-day-trips-fr-13-venice-fr\/tour-prive-du-lac-de-braies-depuis-venise\/","url":"https:\/\/tourtravelandmore.com\/fr\/tours\/italie-fr\/venice-fr\/private-day-trips-fr-13-venice-fr\/tour-prive-du-lac-de-braies-depuis-venise\/","name":"Tour priv\u00e9 du lac de Braies depuis Venise | Tour Travel & More","isPartOf":{"@id":"https:\/\/tourtravelandmore.com\/fr\/#website"},"primaryImageOfPage":{"@id":"https:\/\/tourtravelandmore.com\/fr\/tours\/italie-fr\/venice-fr\/private-day-trips-fr-13-venice-fr\/tour-prive-du-lac-de-braies-depuis-venise\/#primaryimage"},"image":{"@id":"https:\/\/tourtravelandmore.com\/fr\/tours\/italie-fr\/venice-fr\/private-day-trips-fr-13-venice-fr\/tour-prive-du-lac-de-braies-depuis-venise\/#primaryimage"},"thumbnailUrl":"https:\/\/tourtravelandmore.com\/wp-content\/uploads\/2023\/04\/Pragser-Wildsee-Italy-blue-mountain-lake-clear-water-wooden-house-on-pillars-rocky-mountains-pine-forest-boating-with-boat-summer-Wallpaper-HD-2560x1440-1.jpg","datePublished":"2023-04-26T13:04:03+00:00","dateModified":"2024-04-24T13:08:25+00:00","description":"Profitez de cette Tour priv\u00e9 du lac de Braies depuis Venise. Vous admirerez les lieux les plus importants de V\u00e9rone et le magnifique paysage","breadcrumb":{"@id":"https:\/\/tourtravelandmore.com\/fr\/tours\/italie-fr\/venice-fr\/private-day-trips-fr-13-venice-fr\/tour-prive-du-lac-de-braies-depuis-venise\/#breadcrumb"},"inLanguage":"fr-FR","potentialAction":[{"@type":"ReadAction","target":["https:\/\/tourtravelandmore.com\/fr\/tours\/italie-fr\/venice-fr\/private-day-trips-fr-13-venice-fr\/tour-prive-du-lac-de-braies-depuis-venise\/"]}]},{"@type":"ImageObject","inLanguage":"fr-FR","@id":"https:\/\/tourtravelandmore.com\/fr\/tours\/italie-fr\/venice-fr\/private-day-trips-fr-13-venice-fr\/tour-prive-du-lac-de-braies-depuis-venise\/#primaryimage","url":"https:\/\/tourtravelandmore.com\/wp-content\/uploads\/2023\/04\/Pragser-Wildsee-Italy-blue-mountain-lake-clear-water-wooden-house-on-pillars-rocky-mountains-pine-forest-boating-with-boat-summer-Wallpaper-HD-2560x1440-1.jpg","contentUrl":"https:\/\/tourtravelandmore.com\/wp-content\/uploads\/2023\/04\/Pragser-Wildsee-Italy-blue-mountain-lake-clear-water-wooden-house-on-pillars-rocky-mountains-pine-forest-boating-with-boat-summer-Wallpaper-HD-2560x1440-1.jpg","width":2560,"height":1440},{"@type":"BreadcrumbList","@id":"https:\/\/tourtravelandmore.com\/fr\/tours\/italie-fr\/venice-fr\/private-day-trips-fr-13-venice-fr\/tour-prive-du-lac-de-braies-depuis-venise\/#breadcrumb","itemListElement":[{"@type":"ListItem","position":1,"name":"Home","item":"https:\/\/tourtravelandmore.com\/fr\/"},{"@type":"ListItem","position":2,"name":"Tours","item":"https:\/\/tourtravelandmore.com\/fr\/tours\/"},{"@type":"ListItem","position":3,"name":"Tour priv\u00e9 du lac de Braies depuis Venise"}]},{"@type":"WebSite","@id":"https:\/\/tourtravelandmore.com\/fr\/#website","url":"https:\/\/tourtravelandmore.com\/fr\/","name":"Tour Travel And More","description":"Private sightseeing tours and luxury transfers in Spain","publisher":{"@id":"https:\/\/tourtravelandmore.com\/fr\/#organization"},"potentialAction":[{"@type":"SearchAction","target":{"@type":"EntryPoint","urlTemplate":"https:\/\/tourtravelandmore.com\/fr\/?s={search_term_string}"},"query-input":{"@type":"PropertyValueSpecification","valueRequired":true,"valueName":"search_term_string"}}],"inLanguage":"fr-FR"},{"@type":"Organization","@id":"https:\/\/tourtravelandmore.com\/fr\/#organization","name":"Tour Travel And More","url":"https:\/\/tourtravelandmore.com\/fr\/","logo":{"@type":"ImageObject","inLanguage":"fr-FR","@id":"https:\/\/tourtravelandmore.com\/fr\/#\/schema\/logo\/image\/","url":"https:\/\/tourtravelandmore.com\/wp-content\/uploads\/2022\/12\/cropped-logo-cabecera-new.png","contentUrl":"https:\/\/tourtravelandmore.com\/wp-content\/uploads\/2022\/12\/cropped-logo-cabecera-new.png","width":430,"height":61,"caption":"Tour Travel And More"},"image":{"@id":"https:\/\/tourtravelandmore.com\/fr\/#\/schema\/logo\/image\/"},"sameAs":["https:\/\/www.facebook.com\/tourtravelandmore\/","https:\/\/x.com\/TourTravel_More"]}]}},"_links":{"self":[{"href":"https:\/\/tourtravelandmore.com\/fr\/wp-json\/wp\/v2\/product\/164175","targetHints":{"allow":["GET"]}}],"collection":[{"href":"https:\/\/tourtravelandmore.com\/fr\/wp-json\/wp\/v2\/product"}],"about":[{"href":"https:\/\/tourtravelandmore.com\/fr\/wp-json\/wp\/v2\/types\/product"}],"replies":[{"embeddable":true,"href":"https:\/\/tourtravelandmore.com\/fr\/wp-json\/wp\/v2\/comments?post=164175"}],"wp:featuredmedia":[{"embeddable":true,"href":"https:\/\/tourtravelandmore.com\/fr\/wp-json\/wp\/v2\/media\/164191"}],"wp:attachment":[{"href":"https:\/\/tourtravelandmore.com\/fr\/wp-json\/wp\/v2\/media?parent=164175"}],"wp:term":[{"taxonomy":"product_brand","embeddable":true,"href":"https:\/\/tourtravelandmore.com\/fr\/wp-json\/wp\/v2\/product_brand?post=164175"},{"taxonomy":"product_cat","embeddable":true,"href":"https:\/\/tourtravelandmore.com\/fr\/wp-json\/wp\/v2\/product_cat?post=164175"},{"taxonomy":"product_tag","embeddable":true,"href":"https:\/\/tourtravelandmore.com\/fr\/wp-json\/wp\/v2\/product_tag?post=164175"}],"curies":[{"name":"wp","href":"https:\/\/api.w.org\/{rel}","templated":true}]}}