{"id":163500,"date":"2023-04-22T04:41:43","date_gmt":"2023-04-22T02:41:43","guid":{"rendered":"https:\/\/tourtravelandmore.com\/tours\/non%20class\u00e9\/tour-prive-en-gruyere-depuis-geneve\/"},"modified":"2023-04-22T04:51:25","modified_gmt":"2023-04-22T02:51:25","slug":"tour-prive-en-gruyere-depuis-geneve","status":"publish","type":"product","link":"https:\/\/tourtravelandmore.com\/fr\/tours\/la-suisse-fr\/geneve\/toutes-les-visites-et-activites-privees-fr-4\/tour-prive-en-gruyere-depuis-geneve\/","title":{"rendered":"Tour priv\u00e9 en Gruy\u00e8re depuis Gen\u00e8ve"},"content":{"rendered":"<h2><b>Excursion priv\u00e9e en Gruy\u00e8re depuis Gen\u00e8ve Description<\/b><\/h2>\n<p><span style=\"font-weight: 400;\">Embarquez pour une d\u00e9licieuse excursion priv\u00e9e de 10 heures depuis Gen\u00e8ve jusqu&#8217;au charmant village de Gruy\u00e8re. Avec la commodit\u00e9 d&#8217;une voiture priv\u00e9e et l&#8217;expertise d&#8217;un guide professionnel, d\u00e9couvrez la riche histoire de la r\u00e9gion et savourez ses d\u00e9lices culinaires de renomm\u00e9e mondiale. L&#8217;excursion comprend l&#8217;entr\u00e9e \u00e0 la fromagerie et \u00e0 la chocolaterie, o\u00f9 vous pourrez go\u00fbter aux saveurs authentiques de la gastronomie suisse et d\u00e9couvrir les processus de production. Profitez des paysages pittoresques et de l&#8217;atmosph\u00e8re enchanteresse de la Gruy\u00e8re, une destination parfaite pour une excursion d&#8217;une journ\u00e9e m\u00e9morable.<\/span><\/p>\n<h2><b>Visite priv\u00e9e de la Gruy\u00e8re au d\u00e9part de Gen\u00e8ve Points d&#8217;int\u00e9r\u00eat<\/b><\/h2>\n<p><span style=\"font-weight: 400;\">Explorez le village pittoresque de Gruy\u00e8re et ses attractions captivantes au cours de cette visite priv\u00e9e sur mesure. D\u00e9couvrez le patrimoine unique de la r\u00e9gion, admirez ses paysages \u00e9poustouflants et plongez dans ses d\u00e9lices culinaires, tout en \u00e9tant accompagn\u00e9 d&#8217;un guide comp\u00e9tent qui vous donnera un aper\u00e7u du pass\u00e9 et du pr\u00e9sent fascinants de la Gruy\u00e8re. De son ch\u00e2teau m\u00e9di\u00e9val \u00e0 ses rues pav\u00e9es, la Gruy\u00e8re offre une multitude d&#8217;exp\u00e9riences culturelles et historiques qui ne manqueront pas de laisser une impression durable.<\/span><\/p>\n<h3><b>Ch\u00e2teau de la Gruy\u00e8re<\/b><\/h3>\n<p><span style=\"font-weight: 400;\">Visitez le ch\u00e2teau historique de la Gruy\u00e8re, une forteresse m\u00e9di\u00e9vale perch\u00e9e au sommet d&#8217;une colline surplombant le village. Explorez ses salles magnifiquement pr\u00e9serv\u00e9es, admirez l&#8217;impressionnante collection d&#8217;\u0153uvres d&#8217;art et profitez des vues panoramiques sur le paysage alpin environnant. La riche histoire du ch\u00e2teau et sa beaut\u00e9 architecturale en font une attraction incontournable en Gruy\u00e8re. D\u00e9couvrez les histoires de son pass\u00e9 et appr\u00e9ciez ses magnifiques jardins, qui refl\u00e8tent l&#8217;essence m\u00eame de l&#8217;histoire et de la culture suisses.<\/span><\/p>\n<h3><b>La Maison du Gruy\u00e8re<\/b><\/h3>\n<p><span style=\"font-weight: 400;\">Visitez la fromagerie La Maison du Gruy\u00e8re, o\u00f9 vous d\u00e9couvrirez les m\u00e9thodes traditionnelles utilis\u00e9es pour produire le c\u00e9l\u00e8bre fromage de Gruy\u00e8re de la r\u00e9gion. Assistez au processus de fabrication du fromage, d\u00e9gustez le d\u00e9licieux produit final et apprenez \u00e0 mieux conna\u00eetre ce produit culinaire suisse embl\u00e9matique. Participez \u00e0 une exp\u00e9rience pratique et d\u00e9couvrez les secrets des saveurs et des textures qui font du fromage de Gruy\u00e8re un mets appr\u00e9ci\u00e9 dans le monde entier.<\/span><\/p>\n<h3><b>Chocolaterie Cailler<\/b><\/h3>\n<p><span style=\"font-weight: 400;\">Laissez-vous tenter par la chocolaterie Cailler, qui abrite la plus ancienne marque de chocolat de Suisse. Embarquez pour un voyage sensoriel dans le monde du chocolat, de ses origines \u00e0 nos jours. Profitez des expositions interactives, d\u00e9couvrez le processus de fabrication du chocolat et, bien s\u00fbr, savourez le go\u00fbt exquis du chocolat Cailler. En explorant l&#8217;usine, vous d\u00e9couvrirez la riche histoire de Cailler et la passion qui l&#8217;anime pour la fabrication de chocolats de haute qualit\u00e9 et app\u00e9tissants.<\/span><\/p>\n<h3><b>Village de Gruy\u00e8res<\/b><\/h3>\n<p><span style=\"font-weight: 400;\">Promenez-vous dans les rues pav\u00e9es et enchanteresses du village de Gruy\u00e8res, une ville m\u00e9di\u00e9vale \u00e0 l&#8217;image parfaite, remplie de b\u00e2timents charmants et d&#8217;une histoire riche. Admirez l&#8217;architecture bien pr\u00e9serv\u00e9e et visitez les boutiques des artisans locaux, o\u00f9 vous trouverez des souvenirs uniques et de l&#8217;artisanat suisse traditionnel. Plongez dans l&#8217;atmosph\u00e8re captivante de ce village de conte de f\u00e9es et profitez de ses vues pittoresques pour en faire un moment inoubliable de votre visite priv\u00e9e.<\/span><\/p>\n<h3><b>Mus\u00e9e gru\u00e9rien de la vie extraterrestre et de la science-fiction (Mus\u00e9e H.R. Giger)<\/b><\/h3>\n<p><span style=\"font-weight: 400;\">D\u00e9couvrez le monde fascinant de H.R. Giger, le c\u00e9l\u00e8bre artiste surr\u00e9aliste suisse et cr\u00e9ateur des cr\u00e9atures embl\u00e9matiques des films &#8220;Alien&#8221;. Le Mus\u00e9e gru\u00e9rien de la vie extraterrestre et de la science-fiction pr\u00e9sente les incroyables \u0153uvres d&#8217;art, sculptures et souvenirs de films de Giger dans un cadre immersif et captivant. Ce mus\u00e9e unique offre un aper\u00e7u de l&#8217;esprit cr\u00e9atif d&#8217;un artiste visionnaire, ce qui en fait une destination incontournable pour les amateurs d&#8217;art et de science-fiction.<\/span><\/p>\n<p><a href=\"https:\/\/tourtravelandmore.com\/fr\/city\/la-suisse-fr\/geneve\/\"><span style=\"font-weight: 400;\">D\u00e9couvrez d&#8217;autres exp\u00e9riences incroyables \u00e0 Gen\u00e8ve et dans ses environs avec Tour Travel and More. <\/span><\/a><span style=\"font-weight: 400;\">Parcourez notre vaste s\u00e9lection de visites priv\u00e9es, con\u00e7ues pour r\u00e9pondre \u00e0 vos int\u00e9r\u00eats et pr\u00e9f\u00e9rences uniques. Visitez notre site web pour explorer la vaste gamme de circuits que nous proposons et cr\u00e9ez des souvenirs inoubliables pendant votre s\u00e9jour en Suisse.<\/span><\/p>\n","protected":false},"excerpt":{"rendered":"<p><b>\u00a0<\/b><span style=\"font-weight: 400;\">Plongez dans le charme de la Gruy\u00e8re, un pittoresque village suisse c\u00e9l\u00e8bre pour son fromage et son chocolat. Cette visite priv\u00e9e de 10 heures au d\u00e9part de Gen\u00e8ve offre une occasion unique d&#8217;explorer le patrimoine culinaire et les magnifiques paysages de la r\u00e9gion.<\/span><\/p>\n","protected":false},"featured_media":163481,"comment_status":"open","ping_status":"closed","template":"","meta":{"_acf_changed":false},"product_brand":[],"product_cat":[4343,4382],"product_tag":[],"class_list":{"0":"post-163500","1":"product","2":"type-product","3":"status-publish","4":"has-post-thumbnail","6":"product_cat-geneve","7":"product_cat-toutes-les-visites-et-activites-privees-fr-4","9":"first","10":"instock","11":"shipping-taxable","12":"purchasable","13":"product-type-simple"},"acf":[],"yoast_head":"<!-- This site is optimized with the Yoast SEO Premium plugin v25.3.1 (Yoast SEO v25.3.1) - https:\/\/yoast.com\/wordpress\/plugins\/seo\/ -->\n<title>\u27a1\ufe0f Excursion priv\u00e9e en Gruy\u00e8re au d\u00e9part de Gen\u00e8ve : Fromage, chocolat et beaut\u00e9 des paysages<\/title>\n<meta name=\"description\" content=\"D\u00e9couvrez le village pittoresque de Gruy\u00e8re lors de cette visite priv\u00e9e de 10 heures au d\u00e9part de Gen\u00e8ve. Explorez le ch\u00e2teau, la fromagerie et la chocolaterie avec un guide comp\u00e9tent \u2705.\" \/>\n<meta name=\"robots\" content=\"index, follow, max-snippet:-1, max-image-preview:large, max-video-preview:-1\" \/>\n<link rel=\"canonical\" href=\"https:\/\/tourtravelandmore.com\/fr\/tours\/la-suisse-fr\/geneve\/toutes-les-visites-et-activites-privees-fr-4\/tour-prive-en-gruyere-depuis-geneve\/\" \/>\n<meta property=\"og:locale\" content=\"fr_FR\" \/>\n<meta property=\"og:type\" content=\"article\" \/>\n<meta property=\"og:title\" content=\"Tour priv\u00e9 en Gruy\u00e8re depuis Gen\u00e8ve\" \/>\n<meta property=\"og:description\" content=\"D\u00e9couvrez le village pittoresque de Gruy\u00e8re lors de cette visite priv\u00e9e de 10 heures au d\u00e9part de Gen\u00e8ve. Explorez le ch\u00e2teau, la fromagerie et la chocolaterie avec un guide comp\u00e9tent \u2705.\" \/>\n<meta property=\"og:url\" content=\"https:\/\/tourtravelandmore.com\/fr\/tours\/la-suisse-fr\/geneve\/toutes-les-visites-et-activites-privees-fr-4\/tour-prive-en-gruyere-depuis-geneve\/\" \/>\n<meta property=\"og:site_name\" content=\"Tour Travel And More\" \/>\n<meta property=\"article:publisher\" content=\"https:\/\/www.facebook.com\/tourtravelandmore\/\" \/>\n<meta property=\"article:modified_time\" content=\"2023-04-22T02:51:25+00:00\" \/>\n<meta property=\"og:image\" content=\"https:\/\/tourtravelandmore.com\/wp-content\/uploads\/2023\/04\/image2-13.jpg\" \/>\n\t<meta property=\"og:image:width\" content=\"950\" \/>\n\t<meta property=\"og:image:height\" content=\"750\" \/>\n\t<meta property=\"og:image:type\" content=\"image\/jpeg\" \/>\n<meta name=\"twitter:card\" content=\"summary_large_image\" \/>\n<meta name=\"twitter:site\" content=\"@TourTravel_More\" \/>\n<meta name=\"twitter:label1\" content=\"Dur\u00e9e de lecture estim\u00e9e\" \/>\n\t<meta name=\"twitter:data1\" content=\"4 minutes\" \/>\n<script type=\"application\/ld+json\" class=\"yoast-schema-graph\">{\"@context\":\"https:\/\/schema.org\",\"@graph\":[{\"@type\":\"WebPage\",\"@id\":\"https:\/\/tourtravelandmore.com\/fr\/tours\/la-suisse-fr\/geneve\/toutes-les-visites-et-activites-privees-fr-4\/tour-prive-en-gruyere-depuis-geneve\/\",\"url\":\"https:\/\/tourtravelandmore.com\/fr\/tours\/la-suisse-fr\/geneve\/toutes-les-visites-et-activites-privees-fr-4\/tour-prive-en-gruyere-depuis-geneve\/\",\"name\":\"\u27a1\ufe0f Excursion priv\u00e9e en Gruy\u00e8re au d\u00e9part de Gen\u00e8ve : Fromage, chocolat et beaut\u00e9 des paysages\",\"isPartOf\":{\"@id\":\"https:\/\/tourtravelandmore.com\/fr\/#website\"},\"primaryImageOfPage\":{\"@id\":\"https:\/\/tourtravelandmore.com\/fr\/tours\/la-suisse-fr\/geneve\/toutes-les-visites-et-activites-privees-fr-4\/tour-prive-en-gruyere-depuis-geneve\/#primaryimage\"},\"image\":{\"@id\":\"https:\/\/tourtravelandmore.com\/fr\/tours\/la-suisse-fr\/geneve\/toutes-les-visites-et-activites-privees-fr-4\/tour-prive-en-gruyere-depuis-geneve\/#primaryimage\"},\"thumbnailUrl\":\"https:\/\/tourtravelandmore.com\/wp-content\/uploads\/2023\/04\/image2-13.jpg\",\"datePublished\":\"2023-04-22T02:41:43+00:00\",\"dateModified\":\"2023-04-22T02:51:25+00:00\",\"description\":\"D\u00e9couvrez le village pittoresque de Gruy\u00e8re lors de cette visite priv\u00e9e de 10 heures au d\u00e9part de Gen\u00e8ve. Explorez le ch\u00e2teau, la fromagerie et la chocolaterie avec un guide comp\u00e9tent \u2705.\",\"breadcrumb\":{\"@id\":\"https:\/\/tourtravelandmore.com\/fr\/tours\/la-suisse-fr\/geneve\/toutes-les-visites-et-activites-privees-fr-4\/tour-prive-en-gruyere-depuis-geneve\/#breadcrumb\"},\"inLanguage\":\"fr-FR\",\"potentialAction\":[{\"@type\":\"ReadAction\",\"target\":[\"https:\/\/tourtravelandmore.com\/fr\/tours\/la-suisse-fr\/geneve\/toutes-les-visites-et-activites-privees-fr-4\/tour-prive-en-gruyere-depuis-geneve\/\"]}]},{\"@type\":\"ImageObject\",\"inLanguage\":\"fr-FR\",\"@id\":\"https:\/\/tourtravelandmore.com\/fr\/tours\/la-suisse-fr\/geneve\/toutes-les-visites-et-activites-privees-fr-4\/tour-prive-en-gruyere-depuis-geneve\/#primaryimage\",\"url\":\"https:\/\/tourtravelandmore.com\/wp-content\/uploads\/2023\/04\/image2-13.jpg\",\"contentUrl\":\"https:\/\/tourtravelandmore.com\/wp-content\/uploads\/2023\/04\/image2-13.jpg\",\"width\":950,\"height\":750},{\"@type\":\"BreadcrumbList\",\"@id\":\"https:\/\/tourtravelandmore.com\/fr\/tours\/la-suisse-fr\/geneve\/toutes-les-visites-et-activites-privees-fr-4\/tour-prive-en-gruyere-depuis-geneve\/#breadcrumb\",\"itemListElement\":[{\"@type\":\"ListItem\",\"position\":1,\"name\":\"Home\",\"item\":\"https:\/\/tourtravelandmore.com\/fr\/\"},{\"@type\":\"ListItem\",\"position\":2,\"name\":\"Tours\",\"item\":\"https:\/\/tourtravelandmore.com\/fr\/tours\/\"},{\"@type\":\"ListItem\",\"position\":3,\"name\":\"Tour priv\u00e9 en Gruy\u00e8re depuis Gen\u00e8ve\"}]},{\"@type\":\"WebSite\",\"@id\":\"https:\/\/tourtravelandmore.com\/fr\/#website\",\"url\":\"https:\/\/tourtravelandmore.com\/fr\/\",\"name\":\"Tour Travel And More\",\"description\":\"Private sightseeing tours and luxury transfers in Spain\",\"publisher\":{\"@id\":\"https:\/\/tourtravelandmore.com\/fr\/#organization\"},\"potentialAction\":[{\"@type\":\"SearchAction\",\"target\":{\"@type\":\"EntryPoint\",\"urlTemplate\":\"https:\/\/tourtravelandmore.com\/fr\/?s={search_term_string}\"},\"query-input\":{\"@type\":\"PropertyValueSpecification\",\"valueRequired\":true,\"valueName\":\"search_term_string\"}}],\"inLanguage\":\"fr-FR\"},{\"@type\":\"Organization\",\"@id\":\"https:\/\/tourtravelandmore.com\/fr\/#organization\",\"name\":\"Tour Travel And More\",\"url\":\"https:\/\/tourtravelandmore.com\/fr\/\",\"logo\":{\"@type\":\"ImageObject\",\"inLanguage\":\"fr-FR\",\"@id\":\"https:\/\/tourtravelandmore.com\/fr\/#\/schema\/logo\/image\/\",\"url\":\"https:\/\/tourtravelandmore.com\/wp-content\/uploads\/2022\/12\/cropped-logo-cabecera-new.png\",\"contentUrl\":\"https:\/\/tourtravelandmore.com\/wp-content\/uploads\/2022\/12\/cropped-logo-cabecera-new.png\",\"width\":430,\"height\":61,\"caption\":\"Tour Travel And More\"},\"image\":{\"@id\":\"https:\/\/tourtravelandmore.com\/fr\/#\/schema\/logo\/image\/\"},\"sameAs\":[\"https:\/\/www.facebook.com\/tourtravelandmore\/\",\"https:\/\/x.com\/TourTravel_More\"]}]}<\/script>\n<!-- \/ Yoast SEO Premium plugin. -->","yoast_head_json":{"title":"\u27a1\ufe0f Excursion priv\u00e9e en Gruy\u00e8re au d\u00e9part de Gen\u00e8ve : Fromage, chocolat et beaut\u00e9 des paysages","description":"D\u00e9couvrez le village pittoresque de Gruy\u00e8re lors de cette visite priv\u00e9e de 10 heures au d\u00e9part de Gen\u00e8ve. Explorez le ch\u00e2teau, la fromagerie et la chocolaterie avec un guide comp\u00e9tent \u2705.","robots":{"index":"index","follow":"follow","max-snippet":"max-snippet:-1","max-image-preview":"max-image-preview:large","max-video-preview":"max-video-preview:-1"},"canonical":"https:\/\/tourtravelandmore.com\/fr\/tours\/la-suisse-fr\/geneve\/toutes-les-visites-et-activites-privees-fr-4\/tour-prive-en-gruyere-depuis-geneve\/","og_locale":"fr_FR","og_type":"article","og_title":"Tour priv\u00e9 en Gruy\u00e8re depuis Gen\u00e8ve","og_description":"D\u00e9couvrez le village pittoresque de Gruy\u00e8re lors de cette visite priv\u00e9e de 10 heures au d\u00e9part de Gen\u00e8ve. Explorez le ch\u00e2teau, la fromagerie et la chocolaterie avec un guide comp\u00e9tent \u2705.","og_url":"https:\/\/tourtravelandmore.com\/fr\/tours\/la-suisse-fr\/geneve\/toutes-les-visites-et-activites-privees-fr-4\/tour-prive-en-gruyere-depuis-geneve\/","og_site_name":"Tour Travel And More","article_publisher":"https:\/\/www.facebook.com\/tourtravelandmore\/","article_modified_time":"2023-04-22T02:51:25+00:00","og_image":[{"width":950,"height":750,"url":"https:\/\/tourtravelandmore.com\/wp-content\/uploads\/2023\/04\/image2-13.jpg","type":"image\/jpeg"}],"twitter_card":"summary_large_image","twitter_site":"@TourTravel_More","twitter_misc":{"Dur\u00e9e de lecture estim\u00e9e":"4 minutes"},"schema":{"@context":"https:\/\/schema.org","@graph":[{"@type":"WebPage","@id":"https:\/\/tourtravelandmore.com\/fr\/tours\/la-suisse-fr\/geneve\/toutes-les-visites-et-activites-privees-fr-4\/tour-prive-en-gruyere-depuis-geneve\/","url":"https:\/\/tourtravelandmore.com\/fr\/tours\/la-suisse-fr\/geneve\/toutes-les-visites-et-activites-privees-fr-4\/tour-prive-en-gruyere-depuis-geneve\/","name":"\u27a1\ufe0f Excursion priv\u00e9e en Gruy\u00e8re au d\u00e9part de Gen\u00e8ve : Fromage, chocolat et beaut\u00e9 des paysages","isPartOf":{"@id":"https:\/\/tourtravelandmore.com\/fr\/#website"},"primaryImageOfPage":{"@id":"https:\/\/tourtravelandmore.com\/fr\/tours\/la-suisse-fr\/geneve\/toutes-les-visites-et-activites-privees-fr-4\/tour-prive-en-gruyere-depuis-geneve\/#primaryimage"},"image":{"@id":"https:\/\/tourtravelandmore.com\/fr\/tours\/la-suisse-fr\/geneve\/toutes-les-visites-et-activites-privees-fr-4\/tour-prive-en-gruyere-depuis-geneve\/#primaryimage"},"thumbnailUrl":"https:\/\/tourtravelandmore.com\/wp-content\/uploads\/2023\/04\/image2-13.jpg","datePublished":"2023-04-22T02:41:43+00:00","dateModified":"2023-04-22T02:51:25+00:00","description":"D\u00e9couvrez le village pittoresque de Gruy\u00e8re lors de cette visite priv\u00e9e de 10 heures au d\u00e9part de Gen\u00e8ve. Explorez le ch\u00e2teau, la fromagerie et la chocolaterie avec un guide comp\u00e9tent \u2705.","breadcrumb":{"@id":"https:\/\/tourtravelandmore.com\/fr\/tours\/la-suisse-fr\/geneve\/toutes-les-visites-et-activites-privees-fr-4\/tour-prive-en-gruyere-depuis-geneve\/#breadcrumb"},"inLanguage":"fr-FR","potentialAction":[{"@type":"ReadAction","target":["https:\/\/tourtravelandmore.com\/fr\/tours\/la-suisse-fr\/geneve\/toutes-les-visites-et-activites-privees-fr-4\/tour-prive-en-gruyere-depuis-geneve\/"]}]},{"@type":"ImageObject","inLanguage":"fr-FR","@id":"https:\/\/tourtravelandmore.com\/fr\/tours\/la-suisse-fr\/geneve\/toutes-les-visites-et-activites-privees-fr-4\/tour-prive-en-gruyere-depuis-geneve\/#primaryimage","url":"https:\/\/tourtravelandmore.com\/wp-content\/uploads\/2023\/04\/image2-13.jpg","contentUrl":"https:\/\/tourtravelandmore.com\/wp-content\/uploads\/2023\/04\/image2-13.jpg","width":950,"height":750},{"@type":"BreadcrumbList","@id":"https:\/\/tourtravelandmore.com\/fr\/tours\/la-suisse-fr\/geneve\/toutes-les-visites-et-activites-privees-fr-4\/tour-prive-en-gruyere-depuis-geneve\/#breadcrumb","itemListElement":[{"@type":"ListItem","position":1,"name":"Home","item":"https:\/\/tourtravelandmore.com\/fr\/"},{"@type":"ListItem","position":2,"name":"Tours","item":"https:\/\/tourtravelandmore.com\/fr\/tours\/"},{"@type":"ListItem","position":3,"name":"Tour priv\u00e9 en Gruy\u00e8re depuis Gen\u00e8ve"}]},{"@type":"WebSite","@id":"https:\/\/tourtravelandmore.com\/fr\/#website","url":"https:\/\/tourtravelandmore.com\/fr\/","name":"Tour Travel And More","description":"Private sightseeing tours and luxury transfers in Spain","publisher":{"@id":"https:\/\/tourtravelandmore.com\/fr\/#organization"},"potentialAction":[{"@type":"SearchAction","target":{"@type":"EntryPoint","urlTemplate":"https:\/\/tourtravelandmore.com\/fr\/?s={search_term_string}"},"query-input":{"@type":"PropertyValueSpecification","valueRequired":true,"valueName":"search_term_string"}}],"inLanguage":"fr-FR"},{"@type":"Organization","@id":"https:\/\/tourtravelandmore.com\/fr\/#organization","name":"Tour Travel And More","url":"https:\/\/tourtravelandmore.com\/fr\/","logo":{"@type":"ImageObject","inLanguage":"fr-FR","@id":"https:\/\/tourtravelandmore.com\/fr\/#\/schema\/logo\/image\/","url":"https:\/\/tourtravelandmore.com\/wp-content\/uploads\/2022\/12\/cropped-logo-cabecera-new.png","contentUrl":"https:\/\/tourtravelandmore.com\/wp-content\/uploads\/2022\/12\/cropped-logo-cabecera-new.png","width":430,"height":61,"caption":"Tour Travel And More"},"image":{"@id":"https:\/\/tourtravelandmore.com\/fr\/#\/schema\/logo\/image\/"},"sameAs":["https:\/\/www.facebook.com\/tourtravelandmore\/","https:\/\/x.com\/TourTravel_More"]}]}},"_links":{"self":[{"href":"https:\/\/tourtravelandmore.com\/fr\/wp-json\/wp\/v2\/product\/163500","targetHints":{"allow":["GET"]}}],"collection":[{"href":"https:\/\/tourtravelandmore.com\/fr\/wp-json\/wp\/v2\/product"}],"about":[{"href":"https:\/\/tourtravelandmore.com\/fr\/wp-json\/wp\/v2\/types\/product"}],"replies":[{"embeddable":true,"href":"https:\/\/tourtravelandmore.com\/fr\/wp-json\/wp\/v2\/comments?post=163500"}],"wp:featuredmedia":[{"embeddable":true,"href":"https:\/\/tourtravelandmore.com\/fr\/wp-json\/wp\/v2\/media\/163481"}],"wp:attachment":[{"href":"https:\/\/tourtravelandmore.com\/fr\/wp-json\/wp\/v2\/media?parent=163500"}],"wp:term":[{"taxonomy":"product_brand","embeddable":true,"href":"https:\/\/tourtravelandmore.com\/fr\/wp-json\/wp\/v2\/product_brand?post=163500"},{"taxonomy":"product_cat","embeddable":true,"href":"https:\/\/tourtravelandmore.com\/fr\/wp-json\/wp\/v2\/product_cat?post=163500"},{"taxonomy":"product_tag","embeddable":true,"href":"https:\/\/tourtravelandmore.com\/fr\/wp-json\/wp\/v2\/product_tag?post=163500"}],"curies":[{"name":"wp","href":"https:\/\/api.w.org\/{rel}","templated":true}]}}