{"id":163469,"date":"2023-04-22T04:18:46","date_gmt":"2023-04-22T02:18:46","guid":{"rendered":"https:\/\/tourtravelandmore.com\/tours\/non%20class\u00e9\/excursion-privee-a-chamonix\/"},"modified":"2023-11-21T20:37:51","modified_gmt":"2023-11-21T19:37:51","slug":"excursion-privee-a-chamonix","status":"publish","type":"product","link":"https:\/\/tourtravelandmore.com\/fr\/tours\/la-suisse-fr\/geneve\/toutes-les-visites-et-activites-privees-fr-4\/excursion-privee-a-chamonix\/","title":{"rendered":"Excursion priv\u00e9e \u00e0 Chamonix"},"content":{"rendered":"<h2><b>Description de l&#8217;excursion priv\u00e9e \u00e0 Chamonix<\/b><\/h2>\n<p><span style=\"font-weight: 400;\">Embarquez pour une captivante excursion priv\u00e9e de 10 heures dans la ville enchanteresse de Chamonix, nich\u00e9e au c\u0153ur des Alpes fran\u00e7aises. Avec le confort d&#8217;un v\u00e9hicule priv\u00e9 et les connaissances d&#8217;un guide expert, explorez la beaut\u00e9 naturelle stup\u00e9fiante et l&#8217;atmosph\u00e8re charmante de cette destination alpine renomm\u00e9e. Pour enrichir votre exp\u00e9rience, prenez un billet pour le t\u00e9l\u00e9ph\u00e9rique de l&#8217;Aiguille du Midi, qui offre des vues panoramiques \u00e0 couper le souffle sur le Mont Blanc et les montagnes environnantes. Profitez de l&#8217;air pur des Alpes pour explorer ce cadre idyllique et cr\u00e9ez des souvenirs inoubliables au cours de ce voyage.<\/span><\/p>\n<h2><b>Excursion priv\u00e9e vers les points d&#8217;int\u00e9r\u00eat de Chamonix<\/b><\/h2>\n<p><span style=\"font-weight: 400;\">D\u00e9couvrez l&#8217;attrait de Chamonix en vous aventurant dans ses rues pittoresques, en visitant ses attractions embl\u00e9matiques et en vous immergeant dans sa riche culture alpine. Cette excursion sur mesure met en lumi\u00e8re le meilleur de Chamonix, de son centre historique et ses rues anim\u00e9es \u00e0 ses magnifiques panoramas et ses activit\u00e9s de plein air passionnantes. D\u00e9couvrez la vie locale anim\u00e9e, savourez une cuisine d\u00e9licieuse et laissez-vous envo\u00fbter par la majestueuse toile de fond du massif du Mont-Blanc. Laissez notre guide exp\u00e9riment\u00e9 vous emmener en voyage \u00e0 travers le paysage extraordinaire de Chamonix, cr\u00e9ant ainsi une exp\u00e9rience unique, faite sur mesure pour vous.<\/span><\/p>\n<h3><b>Aiguille du Midi :<\/b><\/h3>\n<p><span style=\"font-weight: 400;\">Montez au sommet de l&#8217;Aiguille du Midi par l&#8217;embl\u00e9matique t\u00e9l\u00e9ph\u00e9rique, o\u00f9 vous serez r\u00e9compens\u00e9 par une vue imprenable sur le Mont Blanc et les Alpes environnantes. Cette exp\u00e9rience inoubliable offre une occasion unique de voir de pr\u00e8s la grandeur du plus haut sommet d&#8217;Europe et d&#8217;explorer les diff\u00e9rentes plates-formes d&#8217;observation et expositions au sommet. Profitez de l&#8217;atmosph\u00e8re exaltante et prenez de superbes photos qui resteront un souvenir imp\u00e9rissable de votre extraordinaire aventure.<\/span><\/p>\n<h3><b>Centre ville de Chamonix :<\/b><\/h3>\n<p><span style=\"font-weight: 400;\">Promenez-vous dans les rues charmantes du centre ville de Chamonix, o\u00f9 vous trouverez un \u00e9ventail de boutiques, de caf\u00e9s pittoresques et de b\u00e2timents historiques. Admirez l&#8217;architecture traditionnelle, impr\u00e9gnez-vous de l&#8217;atmosph\u00e8re vibrante et d\u00e9couvrez la riche histoire de cette c\u00e9l\u00e8bre ville alpine gr\u00e2ce \u00e0 votre guide bien inform\u00e9. Plongez dans la culture locale en d\u00e9gustant des sp\u00e9cialit\u00e9s r\u00e9gionales et en discutant avec les habitants chaleureux et accueillants de Chamonix.<\/span><\/p>\n<h3><b>Mer de Glace :<\/b><\/h3>\n<p><span style=\"font-weight: 400;\">Visitez la spectaculaire Mer de Glace, le plus grand glacier de France et une merveille naturelle \u00e0 ne pas manquer. D\u00e9couvrez la fascinante grotte de glace, empruntez le chemin de fer du Montenvers et admirez les paysages alpins \u00e0 couper le souffle qui entourent cette impressionnante merveille glaciaire. Vous comprendrez mieux la puissance et la beaut\u00e9 de la nature en explorant le paysage toujours changeant de cette incroyable attraction glaciaire.<\/span><\/p>\n<h3><b>Chemin de fer du Montenvers :<\/b><\/h3>\n<p><span style=\"font-weight: 400;\">Faites l&#8217;exp\u00e9rience d&#8217;un voyage pittoresque sur le chemin de fer historique du Montenvers, un charmant train \u00e0 cr\u00e9maill\u00e8re qui transporte les visiteurs de Chamonix \u00e0 la Mer de Glace. Profitez des vues panoramiques de la vall\u00e9e, des sommets spectaculaires des Drus et des Grandes Jorasses, et des paysages \u00e9poustouflants qui d\u00e9finissent la r\u00e9gion. Ce voyage nostalgique est un \u00e9l\u00e9ment essentiel de tout itin\u00e9raire \u00e0 Chamonix et offre une perspective unique sur la beaut\u00e9 naturelle de la r\u00e9gion.<\/span><\/p>\n<h3><b>Parc de Loisirs des Planards :<\/b><\/h3>\n<p><span style=\"font-weight: 400;\">D\u00e9tendez-vous en visitant le Parc de Loisirs des Planards, un parc d&#8217;attractions familial et populaire situ\u00e9 \u00e0 quelques minutes du centre-ville de Chamonix. Offrant une vari\u00e9t\u00e9 d&#8217;attractions, dont un grand huit alpin, des toboggans, des trampolines et une aire de jeux, ce parc promet une exp\u00e9rience amusante pour tous les \u00e2ges. Faites une pause dans l&#8217;effervescence de la ville et passez un apr\u00e8s-midi tranquille \u00e0 profiter de l&#8217;air frais de la montagne et des activit\u00e9s propos\u00e9es dans ce charmant espace de loisirs.<\/span><\/p>\n<p><a href=\"https:\/\/tourtravelandmore.com\/fr\/city\/la-suisse-fr\/geneve\/\"><span style=\"font-weight: 400;\">Pour d\u00e9couvrir d&#8217;autres circuits incroyables autour de Gen\u00e8ve et au-del\u00e0, ne manquez pas de visiter le site web de Tour Travel and More. <\/span><\/a><span style=\"font-weight: 400;\">D\u00e9couvrez un large \u00e9ventail de circuits priv\u00e9s adapt\u00e9s \u00e0 vos pr\u00e9f\u00e9rences et cr\u00e9ez des exp\u00e9riences de voyage inoubliables.<\/span><\/p>\n","protected":false},"excerpt":{"rendered":"<p><span style=\"font-weight: 400;\">D\u00e9couvrez la magie de Chamonix lors de cette excursion priv\u00e9e de 10 heures, avec un guide comp\u00e9tent, un v\u00e9hicule priv\u00e9 et un billet optionnel pour le t\u00e9l\u00e9ph\u00e9rique de l&#8217;Aiguille du Midi.<\/span><\/p>\n","protected":false},"featured_media":163447,"comment_status":"open","ping_status":"closed","template":"","meta":{"_acf_changed":false},"product_brand":[],"product_cat":[4343,4382],"product_tag":[],"class_list":{"0":"post-163469","1":"product","2":"type-product","3":"status-publish","4":"has-post-thumbnail","6":"product_cat-geneve","7":"product_cat-toutes-les-visites-et-activites-privees-fr-4","9":"first","10":"instock","11":"shipping-taxable","12":"purchasable","13":"product-type-simple"},"acf":[],"yoast_head":"<!-- This site is optimized with the Yoast SEO Premium plugin v25.3.1 (Yoast SEO v25.3.1) - https:\/\/yoast.com\/wordpress\/plugins\/seo\/ -->\n<title>\u27a1\ufe0f Private Excursion to Chamonix : D\u00e9couvrez la beaut\u00e9 des Alpes et les vues sur le Mont Blanc<\/title>\n<meta name=\"description\" content=\"Explorez la ville enchanteresse de Chamonix lors d&#039;une excursion priv\u00e9e de 10 heures avec un guide professionnel. Visitez des attractions embl\u00e9matiques et d\u00e9couvrez des paysages alpins \u00e0 couper le souffle. \u2705\" \/>\n<meta name=\"robots\" content=\"index, follow, max-snippet:-1, max-image-preview:large, max-video-preview:-1\" \/>\n<link rel=\"canonical\" href=\"https:\/\/tourtravelandmore.com\/fr\/tours\/la-suisse-fr\/geneve\/toutes-les-visites-et-activites-privees-fr-4\/excursion-privee-a-chamonix\/\" \/>\n<meta property=\"og:locale\" content=\"fr_FR\" \/>\n<meta property=\"og:type\" content=\"article\" \/>\n<meta property=\"og:title\" content=\"Excursion priv\u00e9e \u00e0 Chamonix\" \/>\n<meta property=\"og:description\" content=\"Explorez la ville enchanteresse de Chamonix lors d&#039;une excursion priv\u00e9e de 10 heures avec un guide professionnel. Visitez des attractions embl\u00e9matiques et d\u00e9couvrez des paysages alpins \u00e0 couper le souffle. \u2705\" \/>\n<meta property=\"og:url\" content=\"https:\/\/tourtravelandmore.com\/fr\/tours\/la-suisse-fr\/geneve\/toutes-les-visites-et-activites-privees-fr-4\/excursion-privee-a-chamonix\/\" \/>\n<meta property=\"og:site_name\" content=\"Tour Travel And More\" \/>\n<meta property=\"article:publisher\" content=\"https:\/\/www.facebook.com\/tourtravelandmore\/\" \/>\n<meta property=\"article:modified_time\" content=\"2023-11-21T19:37:51+00:00\" \/>\n<meta property=\"og:image\" content=\"https:\/\/tourtravelandmore.com\/wp-content\/uploads\/2023\/04\/image1-12.jpg\" \/>\n\t<meta property=\"og:image:width\" content=\"950\" \/>\n\t<meta property=\"og:image:height\" content=\"750\" \/>\n\t<meta property=\"og:image:type\" content=\"image\/jpeg\" \/>\n<meta name=\"twitter:card\" content=\"summary_large_image\" \/>\n<meta name=\"twitter:site\" content=\"@TourTravel_More\" \/>\n<meta name=\"twitter:label1\" content=\"Dur\u00e9e de lecture estim\u00e9e\" \/>\n\t<meta name=\"twitter:data1\" content=\"4 minutes\" \/>\n<script type=\"application\/ld+json\" class=\"yoast-schema-graph\">{\"@context\":\"https:\/\/schema.org\",\"@graph\":[{\"@type\":\"WebPage\",\"@id\":\"https:\/\/tourtravelandmore.com\/fr\/tours\/la-suisse-fr\/geneve\/toutes-les-visites-et-activites-privees-fr-4\/excursion-privee-a-chamonix\/\",\"url\":\"https:\/\/tourtravelandmore.com\/fr\/tours\/la-suisse-fr\/geneve\/toutes-les-visites-et-activites-privees-fr-4\/excursion-privee-a-chamonix\/\",\"name\":\"\u27a1\ufe0f Private Excursion to Chamonix : D\u00e9couvrez la beaut\u00e9 des Alpes et les vues sur le Mont Blanc\",\"isPartOf\":{\"@id\":\"https:\/\/tourtravelandmore.com\/fr\/#website\"},\"primaryImageOfPage\":{\"@id\":\"https:\/\/tourtravelandmore.com\/fr\/tours\/la-suisse-fr\/geneve\/toutes-les-visites-et-activites-privees-fr-4\/excursion-privee-a-chamonix\/#primaryimage\"},\"image\":{\"@id\":\"https:\/\/tourtravelandmore.com\/fr\/tours\/la-suisse-fr\/geneve\/toutes-les-visites-et-activites-privees-fr-4\/excursion-privee-a-chamonix\/#primaryimage\"},\"thumbnailUrl\":\"https:\/\/tourtravelandmore.com\/wp-content\/uploads\/2023\/04\/image1-12.jpg\",\"datePublished\":\"2023-04-22T02:18:46+00:00\",\"dateModified\":\"2023-11-21T19:37:51+00:00\",\"description\":\"Explorez la ville enchanteresse de Chamonix lors d'une excursion priv\u00e9e de 10 heures avec un guide professionnel. Visitez des attractions embl\u00e9matiques et d\u00e9couvrez des paysages alpins \u00e0 couper le souffle. \u2705\",\"breadcrumb\":{\"@id\":\"https:\/\/tourtravelandmore.com\/fr\/tours\/la-suisse-fr\/geneve\/toutes-les-visites-et-activites-privees-fr-4\/excursion-privee-a-chamonix\/#breadcrumb\"},\"inLanguage\":\"fr-FR\",\"potentialAction\":[{\"@type\":\"ReadAction\",\"target\":[\"https:\/\/tourtravelandmore.com\/fr\/tours\/la-suisse-fr\/geneve\/toutes-les-visites-et-activites-privees-fr-4\/excursion-privee-a-chamonix\/\"]}]},{\"@type\":\"ImageObject\",\"inLanguage\":\"fr-FR\",\"@id\":\"https:\/\/tourtravelandmore.com\/fr\/tours\/la-suisse-fr\/geneve\/toutes-les-visites-et-activites-privees-fr-4\/excursion-privee-a-chamonix\/#primaryimage\",\"url\":\"https:\/\/tourtravelandmore.com\/wp-content\/uploads\/2023\/04\/image1-12.jpg\",\"contentUrl\":\"https:\/\/tourtravelandmore.com\/wp-content\/uploads\/2023\/04\/image1-12.jpg\",\"width\":950,\"height\":750},{\"@type\":\"BreadcrumbList\",\"@id\":\"https:\/\/tourtravelandmore.com\/fr\/tours\/la-suisse-fr\/geneve\/toutes-les-visites-et-activites-privees-fr-4\/excursion-privee-a-chamonix\/#breadcrumb\",\"itemListElement\":[{\"@type\":\"ListItem\",\"position\":1,\"name\":\"Home\",\"item\":\"https:\/\/tourtravelandmore.com\/fr\/\"},{\"@type\":\"ListItem\",\"position\":2,\"name\":\"Tours\",\"item\":\"https:\/\/tourtravelandmore.com\/fr\/tours\/\"},{\"@type\":\"ListItem\",\"position\":3,\"name\":\"Excursion priv\u00e9e \u00e0 Chamonix\"}]},{\"@type\":\"WebSite\",\"@id\":\"https:\/\/tourtravelandmore.com\/fr\/#website\",\"url\":\"https:\/\/tourtravelandmore.com\/fr\/\",\"name\":\"Tour Travel And More\",\"description\":\"Private sightseeing tours and luxury transfers in Spain\",\"publisher\":{\"@id\":\"https:\/\/tourtravelandmore.com\/fr\/#organization\"},\"potentialAction\":[{\"@type\":\"SearchAction\",\"target\":{\"@type\":\"EntryPoint\",\"urlTemplate\":\"https:\/\/tourtravelandmore.com\/fr\/?s={search_term_string}\"},\"query-input\":{\"@type\":\"PropertyValueSpecification\",\"valueRequired\":true,\"valueName\":\"search_term_string\"}}],\"inLanguage\":\"fr-FR\"},{\"@type\":\"Organization\",\"@id\":\"https:\/\/tourtravelandmore.com\/fr\/#organization\",\"name\":\"Tour Travel And More\",\"url\":\"https:\/\/tourtravelandmore.com\/fr\/\",\"logo\":{\"@type\":\"ImageObject\",\"inLanguage\":\"fr-FR\",\"@id\":\"https:\/\/tourtravelandmore.com\/fr\/#\/schema\/logo\/image\/\",\"url\":\"https:\/\/tourtravelandmore.com\/wp-content\/uploads\/2022\/12\/cropped-logo-cabecera-new.png\",\"contentUrl\":\"https:\/\/tourtravelandmore.com\/wp-content\/uploads\/2022\/12\/cropped-logo-cabecera-new.png\",\"width\":430,\"height\":61,\"caption\":\"Tour Travel And More\"},\"image\":{\"@id\":\"https:\/\/tourtravelandmore.com\/fr\/#\/schema\/logo\/image\/\"},\"sameAs\":[\"https:\/\/www.facebook.com\/tourtravelandmore\/\",\"https:\/\/x.com\/TourTravel_More\"]}]}<\/script>\n<!-- \/ Yoast SEO Premium plugin. -->","yoast_head_json":{"title":"\u27a1\ufe0f Private Excursion to Chamonix : D\u00e9couvrez la beaut\u00e9 des Alpes et les vues sur le Mont Blanc","description":"Explorez la ville enchanteresse de Chamonix lors d'une excursion priv\u00e9e de 10 heures avec un guide professionnel. Visitez des attractions embl\u00e9matiques et d\u00e9couvrez des paysages alpins \u00e0 couper le souffle. \u2705","robots":{"index":"index","follow":"follow","max-snippet":"max-snippet:-1","max-image-preview":"max-image-preview:large","max-video-preview":"max-video-preview:-1"},"canonical":"https:\/\/tourtravelandmore.com\/fr\/tours\/la-suisse-fr\/geneve\/toutes-les-visites-et-activites-privees-fr-4\/excursion-privee-a-chamonix\/","og_locale":"fr_FR","og_type":"article","og_title":"Excursion priv\u00e9e \u00e0 Chamonix","og_description":"Explorez la ville enchanteresse de Chamonix lors d'une excursion priv\u00e9e de 10 heures avec un guide professionnel. Visitez des attractions embl\u00e9matiques et d\u00e9couvrez des paysages alpins \u00e0 couper le souffle. \u2705","og_url":"https:\/\/tourtravelandmore.com\/fr\/tours\/la-suisse-fr\/geneve\/toutes-les-visites-et-activites-privees-fr-4\/excursion-privee-a-chamonix\/","og_site_name":"Tour Travel And More","article_publisher":"https:\/\/www.facebook.com\/tourtravelandmore\/","article_modified_time":"2023-11-21T19:37:51+00:00","og_image":[{"width":950,"height":750,"url":"https:\/\/tourtravelandmore.com\/wp-content\/uploads\/2023\/04\/image1-12.jpg","type":"image\/jpeg"}],"twitter_card":"summary_large_image","twitter_site":"@TourTravel_More","twitter_misc":{"Dur\u00e9e de lecture estim\u00e9e":"4 minutes"},"schema":{"@context":"https:\/\/schema.org","@graph":[{"@type":"WebPage","@id":"https:\/\/tourtravelandmore.com\/fr\/tours\/la-suisse-fr\/geneve\/toutes-les-visites-et-activites-privees-fr-4\/excursion-privee-a-chamonix\/","url":"https:\/\/tourtravelandmore.com\/fr\/tours\/la-suisse-fr\/geneve\/toutes-les-visites-et-activites-privees-fr-4\/excursion-privee-a-chamonix\/","name":"\u27a1\ufe0f Private Excursion to Chamonix : D\u00e9couvrez la beaut\u00e9 des Alpes et les vues sur le Mont Blanc","isPartOf":{"@id":"https:\/\/tourtravelandmore.com\/fr\/#website"},"primaryImageOfPage":{"@id":"https:\/\/tourtravelandmore.com\/fr\/tours\/la-suisse-fr\/geneve\/toutes-les-visites-et-activites-privees-fr-4\/excursion-privee-a-chamonix\/#primaryimage"},"image":{"@id":"https:\/\/tourtravelandmore.com\/fr\/tours\/la-suisse-fr\/geneve\/toutes-les-visites-et-activites-privees-fr-4\/excursion-privee-a-chamonix\/#primaryimage"},"thumbnailUrl":"https:\/\/tourtravelandmore.com\/wp-content\/uploads\/2023\/04\/image1-12.jpg","datePublished":"2023-04-22T02:18:46+00:00","dateModified":"2023-11-21T19:37:51+00:00","description":"Explorez la ville enchanteresse de Chamonix lors d'une excursion priv\u00e9e de 10 heures avec un guide professionnel. Visitez des attractions embl\u00e9matiques et d\u00e9couvrez des paysages alpins \u00e0 couper le souffle. \u2705","breadcrumb":{"@id":"https:\/\/tourtravelandmore.com\/fr\/tours\/la-suisse-fr\/geneve\/toutes-les-visites-et-activites-privees-fr-4\/excursion-privee-a-chamonix\/#breadcrumb"},"inLanguage":"fr-FR","potentialAction":[{"@type":"ReadAction","target":["https:\/\/tourtravelandmore.com\/fr\/tours\/la-suisse-fr\/geneve\/toutes-les-visites-et-activites-privees-fr-4\/excursion-privee-a-chamonix\/"]}]},{"@type":"ImageObject","inLanguage":"fr-FR","@id":"https:\/\/tourtravelandmore.com\/fr\/tours\/la-suisse-fr\/geneve\/toutes-les-visites-et-activites-privees-fr-4\/excursion-privee-a-chamonix\/#primaryimage","url":"https:\/\/tourtravelandmore.com\/wp-content\/uploads\/2023\/04\/image1-12.jpg","contentUrl":"https:\/\/tourtravelandmore.com\/wp-content\/uploads\/2023\/04\/image1-12.jpg","width":950,"height":750},{"@type":"BreadcrumbList","@id":"https:\/\/tourtravelandmore.com\/fr\/tours\/la-suisse-fr\/geneve\/toutes-les-visites-et-activites-privees-fr-4\/excursion-privee-a-chamonix\/#breadcrumb","itemListElement":[{"@type":"ListItem","position":1,"name":"Home","item":"https:\/\/tourtravelandmore.com\/fr\/"},{"@type":"ListItem","position":2,"name":"Tours","item":"https:\/\/tourtravelandmore.com\/fr\/tours\/"},{"@type":"ListItem","position":3,"name":"Excursion priv\u00e9e \u00e0 Chamonix"}]},{"@type":"WebSite","@id":"https:\/\/tourtravelandmore.com\/fr\/#website","url":"https:\/\/tourtravelandmore.com\/fr\/","name":"Tour Travel And More","description":"Private sightseeing tours and luxury transfers in Spain","publisher":{"@id":"https:\/\/tourtravelandmore.com\/fr\/#organization"},"potentialAction":[{"@type":"SearchAction","target":{"@type":"EntryPoint","urlTemplate":"https:\/\/tourtravelandmore.com\/fr\/?s={search_term_string}"},"query-input":{"@type":"PropertyValueSpecification","valueRequired":true,"valueName":"search_term_string"}}],"inLanguage":"fr-FR"},{"@type":"Organization","@id":"https:\/\/tourtravelandmore.com\/fr\/#organization","name":"Tour Travel And More","url":"https:\/\/tourtravelandmore.com\/fr\/","logo":{"@type":"ImageObject","inLanguage":"fr-FR","@id":"https:\/\/tourtravelandmore.com\/fr\/#\/schema\/logo\/image\/","url":"https:\/\/tourtravelandmore.com\/wp-content\/uploads\/2022\/12\/cropped-logo-cabecera-new.png","contentUrl":"https:\/\/tourtravelandmore.com\/wp-content\/uploads\/2022\/12\/cropped-logo-cabecera-new.png","width":430,"height":61,"caption":"Tour Travel And More"},"image":{"@id":"https:\/\/tourtravelandmore.com\/fr\/#\/schema\/logo\/image\/"},"sameAs":["https:\/\/www.facebook.com\/tourtravelandmore\/","https:\/\/x.com\/TourTravel_More"]}]}},"_links":{"self":[{"href":"https:\/\/tourtravelandmore.com\/fr\/wp-json\/wp\/v2\/product\/163469","targetHints":{"allow":["GET"]}}],"collection":[{"href":"https:\/\/tourtravelandmore.com\/fr\/wp-json\/wp\/v2\/product"}],"about":[{"href":"https:\/\/tourtravelandmore.com\/fr\/wp-json\/wp\/v2\/types\/product"}],"replies":[{"embeddable":true,"href":"https:\/\/tourtravelandmore.com\/fr\/wp-json\/wp\/v2\/comments?post=163469"}],"wp:featuredmedia":[{"embeddable":true,"href":"https:\/\/tourtravelandmore.com\/fr\/wp-json\/wp\/v2\/media\/163447"}],"wp:attachment":[{"href":"https:\/\/tourtravelandmore.com\/fr\/wp-json\/wp\/v2\/media?parent=163469"}],"wp:term":[{"taxonomy":"product_brand","embeddable":true,"href":"https:\/\/tourtravelandmore.com\/fr\/wp-json\/wp\/v2\/product_brand?post=163469"},{"taxonomy":"product_cat","embeddable":true,"href":"https:\/\/tourtravelandmore.com\/fr\/wp-json\/wp\/v2\/product_cat?post=163469"},{"taxonomy":"product_tag","embeddable":true,"href":"https:\/\/tourtravelandmore.com\/fr\/wp-json\/wp\/v2\/product_tag?post=163469"}],"curies":[{"name":"wp","href":"https:\/\/api.w.org\/{rel}","templated":true}]}}