{"id":163438,"date":"2023-04-22T03:52:58","date_gmt":"2023-04-22T01:52:58","guid":{"rendered":"https:\/\/tourtravelandmore.com\/tours\/non%20class\u00e9\/tour-prive-aux-diablerets-et-a-montreux\/"},"modified":"2023-04-22T04:01:23","modified_gmt":"2023-04-22T02:01:23","slug":"tour-prive-aux-diablerets-et-a-montreux","status":"publish","type":"product","link":"https:\/\/tourtravelandmore.com\/fr\/tours\/la-suisse-fr\/geneve\/toutes-les-visites-et-activites-privees-fr-4\/tour-prive-aux-diablerets-et-a-montreux\/","title":{"rendered":"Tour priv\u00e9 aux Diablerets et \u00e0 Montreux"},"content":{"rendered":"<h2><b>Visite priv\u00e9e des Diablerets et de Montreux Description<\/b><\/h2>\n<p><span style=\"font-weight: 400;\">Embarquez pour un voyage inoubliable de 10 heures, \u00e0 la d\u00e9couverte des paysages \u00e9poustouflants et des villages pittoresques des Diablerets et de Montreux. Avec le luxe d&#8217;un v\u00e9hicule priv\u00e9 et l&#8217;expertise d&#8217;un guide professionnel, d\u00e9couvrez l&#8217;atmosph\u00e8re charmante de ces joyaux suisses. Admirez la beaut\u00e9 des paysages alpins, visitez des attractions renomm\u00e9es et plongez dans les cultures uniques de ces destinations enchanteresses. Personnalisez votre visite en choisissant d&#8217;ajouter un billet de t\u00e9l\u00e9ph\u00e9rique pour Glacier 3000 et l&#8217;acc\u00e8s \u00e0 la passerelle Peak Walk pour des vues incomparables sur les Alpes suisses environnantes et une exp\u00e9rience vraiment inoubliable.<\/span><\/p>\n<h2><b>Visite priv\u00e9e des Diablerets et des points d&#8217;int\u00e9r\u00eat de Montreux<\/b><\/h2>\n<p><span style=\"font-weight: 400;\">Cette visite sur mesure pr\u00e9sente le meilleur des Diablerets et de Montreux, en mettant en lumi\u00e8re leur riche histoire, leur architecture remarquable et leur beaut\u00e9 naturelle captivante. D\u00e9couvrez l&#8217;attrait de ces destinations renomm\u00e9es en vous aventurant dans leurs rues enchanteresses, en explorant des attractions captivantes et en vous immergeant dans les panoramas \u00e0 couper le souffle des Alpes suisses. Des ch\u00e2teaux historiques aux charmantes vieilles villes, en passant par les sc\u00e8nes culturelles anim\u00e9es et les promenades tranquilles au bord des lacs, ces joyaux suisses offrent une gamme vari\u00e9e d&#8217;exp\u00e9riences, cr\u00e9ant des souvenirs inoubliables pour chaque voyageur.<\/span><\/p>\n<h3><b>Les Diablerets :<\/b><\/h3>\n<p><span style=\"font-weight: 400;\">Explorez ce village alpin idyllique, entour\u00e9 de montagnes impressionnantes et de for\u00eats luxuriantes. Les Diablerets sont un havre de paix pour les amoureux de la nature et les passionn\u00e9s d&#8217;aventure, qui peuvent y pratiquer toute l&#8217;ann\u00e9e des activit\u00e9s telles que le ski, la randonn\u00e9e et le VTT. Promenez-vous dans les rues pittoresques du village, bord\u00e9es de chalets traditionnels et de charmantes boutiques, tout en admirant l&#8217;impressionnante toile de fond des Alpes suisses. D\u00e9tendez-vous dans l&#8217;atmosph\u00e8re paisible et nouez des liens avec les habitants accueillants, tout en vous immergeant dans ce paradis montagnard enchanteur.<\/span><\/p>\n<h3><b>Glacier 3000 (en option) :<\/b><\/h3>\n<p><span style=\"font-weight: 400;\">Prenez le t\u00e9l\u00e9ph\u00e9rique pour Glacier 3000, o\u00f9 vous serez accueillis par des vues \u00e0 couper le souffle sur les Alpes suisses. Cette destination inoubliable offre un m\u00e9lange unique de beaut\u00e9 naturelle et d&#8217;activit\u00e9s exaltantes, dont la passerelle Peak Walk (en option). D\u00e9couvrez le frisson de la marche sur glace en explorant le glacier et en admirant les panoramas alpins \u00e9poustouflants. Pour une pouss\u00e9e d&#8217;adr\u00e9naline suppl\u00e9mentaire, essayez l&#8217;Alpine Coaster ou les activit\u00e9s de neige, faisant de votre visite \u00e0 Glacier 3000 une aventure que vous n&#8217;\u00eates pas pr\u00eat d&#8217;oublier.<\/span><\/p>\n<h3><b>Montreux :<\/b><\/h3>\n<p><span style=\"font-weight: 400;\">Promenez-vous le long des rives pittoresques du lac L\u00e9man \u00e0 Montreux, une ville anim\u00e9e r\u00e9put\u00e9e pour son festival de jazz annuel et son \u00e9tonnante architecture Belle \u00c9poque. Visitez le c\u00e9l\u00e8bre Ch\u00e2teau de Chillon et admirez la sc\u00e8ne artistique et culturelle inspirante de la ville. D\u00e9tendez-vous sur la magnifique promenade au bord du lac, bord\u00e9e de jardins luxuriants, de sculptures et d&#8217;h\u00f4tels \u00e9l\u00e9gants. Lors de votre exploration de Montreux, laissez-vous s\u00e9duire par l&#8217;atmosph\u00e8re d\u00e9contract\u00e9e de la ville, combin\u00e9e \u00e0 sa riche histoire et \u00e0 son offre culturelle dynamique.<\/span><\/p>\n<h3><b>Ch\u00e2teau de Chillon :<\/b><\/h3>\n<p><span style=\"font-weight: 400;\">D\u00e9couvrez l&#8217;enchanteur Ch\u00e2teau de Chillon, un embl\u00e9matique ch\u00e2teau m\u00e9di\u00e9val nich\u00e9 sur les rives du lac L\u00e9man. Plongez dans son histoire fascinante, admirez sa beaut\u00e9 architecturale et profitez de la vue panoramique sur le lac qui a inspir\u00e9 d&#8217;innombrables artistes et \u00e9crivains. Promenez-vous dans les chambres, les donjons et les cours bien pr\u00e9serv\u00e9s du ch\u00e2teau, tout en d\u00e9couvrant son importance strat\u00e9gique et la vie de ses anciens habitants. Avec son d\u00e9cor de conte de f\u00e9es et son pass\u00e9 captivant, le Ch\u00e2teau de Chillon est une attraction \u00e0 ne pas manquer.<\/span><\/p>\n<h3><b>Pont suspendu des Diablerets :<\/b><\/h3>\n<p><span style=\"font-weight: 400;\">Le pont suspendu des Diablerets est une attraction palpitante et pittoresque qui relie deux sommets des Alpes suisses. Ce pont de 107 m\u00e8tres de long offre une exp\u00e9rience exaltante en marchant \u00e0 80 m\u00e8tres au-dessus du sol, entour\u00e9 de vues panoramiques sur les montagnes et les vall\u00e9es majestueuses. Sentez l&#8217;adr\u00e9naline monter en vous lors de la conqu\u00eate de cet impressionnant ouvrage d&#8217;art et cr\u00e9ez des souvenirs inoubliables dans ce paysage alpin \u00e0 couper le souffle.<\/span><\/p>\n<h3><b>Statue de Freddie Mercury, Montreux :<\/b><\/h3>\n<p><span style=\"font-weight: 400;\">Rendez hommage \u00e0 Freddie Mercury, ic\u00f4ne l\u00e9gendaire du rock, en visitant sa statue de bronze grandeur nature situ\u00e9e sur les rives du lac L\u00e9man \u00e0 Montreux. Le chanteur du c\u00e9l\u00e8bre groupe Queen a pass\u00e9 une grande partie de son temps dans cette ville, o\u00f9 il a trouv\u00e9 l&#8217;inspiration pour sa musique. Prenez une photo avec la statue et prenez le temps de r\u00e9fl\u00e9chir \u00e0 l&#8217;incroyable h\u00e9ritage de Freddie Mercury et \u00e0 l&#8217;impact durable qu&#8217;il a eu sur le monde de la musique.<\/span><\/p>\n<p><span style=\"font-weight: 400;\">Tour Travel and More propose un large \u00e9ventail de visites priv\u00e9es \u00e0 Gen\u00e8ve et au-del\u00e0, offrant des exp\u00e9riences inoubliables adapt\u00e9es \u00e0 vos int\u00e9r\u00eats. <\/span><a href=\"https:\/\/tourtravelandmore.com\/fr\/city\/la-suisse-fr\/geneve\/\"><span style=\"font-weight: 400;\">Explorez notre vaste liste de visites sur notre site web.<\/span><\/a><\/p>\n","protected":false},"excerpt":{"rendered":"<p><span style=\"font-weight: 400;\">Plongez dans la beaut\u00e9 captivante des Diablerets et de Montreux lors d&#8217;un tour priv\u00e9 de 10 heures, avec un guide professionnel et des options personnalisables pour une aventure suisse inoubliable.<\/span><\/p>\n","protected":false},"featured_media":163425,"comment_status":"open","ping_status":"closed","template":"","meta":{"_acf_changed":false},"product_brand":[],"product_cat":[4343,4382],"product_tag":[],"class_list":{"0":"post-163438","1":"product","2":"type-product","3":"status-publish","4":"has-post-thumbnail","6":"product_cat-geneve","7":"product_cat-toutes-les-visites-et-activites-privees-fr-4","9":"first","10":"instock","11":"shipping-taxable","12":"purchasable","13":"product-type-simple"},"acf":[],"yoast_head":"<!-- This site is optimized with the Yoast SEO Premium plugin v25.3.1 (Yoast SEO v25.3.1) - https:\/\/yoast.com\/wordpress\/plugins\/seo\/ -->\n<title>\u27a1\ufe0f Private Tour to Les Diablerets and Montreux with Tour Travel and More<\/title>\n<meta name=\"description\" content=\"D\u00e9couvrez les joyaux suisses des Diablerets et de Montreux lors d&#039;une visite priv\u00e9e de 10 heures, adapt\u00e9e \u00e0 vos int\u00e9r\u00eats. Visitez des villages alpins idylliques et le Glacier 3000 en option ! \u2705\" \/>\n<meta name=\"robots\" content=\"index, follow, max-snippet:-1, max-image-preview:large, max-video-preview:-1\" \/>\n<link rel=\"canonical\" href=\"https:\/\/tourtravelandmore.com\/fr\/tours\/la-suisse-fr\/geneve\/toutes-les-visites-et-activites-privees-fr-4\/tour-prive-aux-diablerets-et-a-montreux\/\" \/>\n<meta property=\"og:locale\" content=\"fr_FR\" \/>\n<meta property=\"og:type\" content=\"article\" \/>\n<meta property=\"og:title\" content=\"Tour priv\u00e9 aux Diablerets et \u00e0 Montreux\" \/>\n<meta property=\"og:description\" content=\"D\u00e9couvrez les joyaux suisses des Diablerets et de Montreux lors d&#039;une visite priv\u00e9e de 10 heures, adapt\u00e9e \u00e0 vos int\u00e9r\u00eats. Visitez des villages alpins idylliques et le Glacier 3000 en option ! \u2705\" \/>\n<meta property=\"og:url\" content=\"https:\/\/tourtravelandmore.com\/fr\/tours\/la-suisse-fr\/geneve\/toutes-les-visites-et-activites-privees-fr-4\/tour-prive-aux-diablerets-et-a-montreux\/\" \/>\n<meta property=\"og:site_name\" content=\"Tour Travel And More\" \/>\n<meta property=\"article:publisher\" content=\"https:\/\/www.facebook.com\/tourtravelandmore\/\" \/>\n<meta property=\"article:modified_time\" content=\"2023-04-22T02:01:23+00:00\" \/>\n<meta property=\"og:image\" content=\"https:\/\/tourtravelandmore.com\/wp-content\/uploads\/2023\/04\/image4-11.jpg\" \/>\n\t<meta property=\"og:image:width\" content=\"950\" \/>\n\t<meta property=\"og:image:height\" content=\"750\" \/>\n\t<meta property=\"og:image:type\" content=\"image\/jpeg\" \/>\n<meta name=\"twitter:card\" content=\"summary_large_image\" \/>\n<meta name=\"twitter:site\" content=\"@TourTravel_More\" \/>\n<meta name=\"twitter:label1\" content=\"Dur\u00e9e de lecture estim\u00e9e\" \/>\n\t<meta name=\"twitter:data1\" content=\"4 minutes\" \/>\n<script type=\"application\/ld+json\" class=\"yoast-schema-graph\">{\"@context\":\"https:\/\/schema.org\",\"@graph\":[{\"@type\":\"WebPage\",\"@id\":\"https:\/\/tourtravelandmore.com\/fr\/tours\/la-suisse-fr\/geneve\/toutes-les-visites-et-activites-privees-fr-4\/tour-prive-aux-diablerets-et-a-montreux\/\",\"url\":\"https:\/\/tourtravelandmore.com\/fr\/tours\/la-suisse-fr\/geneve\/toutes-les-visites-et-activites-privees-fr-4\/tour-prive-aux-diablerets-et-a-montreux\/\",\"name\":\"\u27a1\ufe0f Private Tour to Les Diablerets and Montreux with Tour Travel and More\",\"isPartOf\":{\"@id\":\"https:\/\/tourtravelandmore.com\/fr\/#website\"},\"primaryImageOfPage\":{\"@id\":\"https:\/\/tourtravelandmore.com\/fr\/tours\/la-suisse-fr\/geneve\/toutes-les-visites-et-activites-privees-fr-4\/tour-prive-aux-diablerets-et-a-montreux\/#primaryimage\"},\"image\":{\"@id\":\"https:\/\/tourtravelandmore.com\/fr\/tours\/la-suisse-fr\/geneve\/toutes-les-visites-et-activites-privees-fr-4\/tour-prive-aux-diablerets-et-a-montreux\/#primaryimage\"},\"thumbnailUrl\":\"https:\/\/tourtravelandmore.com\/wp-content\/uploads\/2023\/04\/image4-11.jpg\",\"datePublished\":\"2023-04-22T01:52:58+00:00\",\"dateModified\":\"2023-04-22T02:01:23+00:00\",\"description\":\"D\u00e9couvrez les joyaux suisses des Diablerets et de Montreux lors d'une visite priv\u00e9e de 10 heures, adapt\u00e9e \u00e0 vos int\u00e9r\u00eats. Visitez des villages alpins idylliques et le Glacier 3000 en option ! \u2705\",\"breadcrumb\":{\"@id\":\"https:\/\/tourtravelandmore.com\/fr\/tours\/la-suisse-fr\/geneve\/toutes-les-visites-et-activites-privees-fr-4\/tour-prive-aux-diablerets-et-a-montreux\/#breadcrumb\"},\"inLanguage\":\"fr-FR\",\"potentialAction\":[{\"@type\":\"ReadAction\",\"target\":[\"https:\/\/tourtravelandmore.com\/fr\/tours\/la-suisse-fr\/geneve\/toutes-les-visites-et-activites-privees-fr-4\/tour-prive-aux-diablerets-et-a-montreux\/\"]}]},{\"@type\":\"ImageObject\",\"inLanguage\":\"fr-FR\",\"@id\":\"https:\/\/tourtravelandmore.com\/fr\/tours\/la-suisse-fr\/geneve\/toutes-les-visites-et-activites-privees-fr-4\/tour-prive-aux-diablerets-et-a-montreux\/#primaryimage\",\"url\":\"https:\/\/tourtravelandmore.com\/wp-content\/uploads\/2023\/04\/image4-11.jpg\",\"contentUrl\":\"https:\/\/tourtravelandmore.com\/wp-content\/uploads\/2023\/04\/image4-11.jpg\",\"width\":950,\"height\":750},{\"@type\":\"BreadcrumbList\",\"@id\":\"https:\/\/tourtravelandmore.com\/fr\/tours\/la-suisse-fr\/geneve\/toutes-les-visites-et-activites-privees-fr-4\/tour-prive-aux-diablerets-et-a-montreux\/#breadcrumb\",\"itemListElement\":[{\"@type\":\"ListItem\",\"position\":1,\"name\":\"Home\",\"item\":\"https:\/\/tourtravelandmore.com\/fr\/\"},{\"@type\":\"ListItem\",\"position\":2,\"name\":\"Tours\",\"item\":\"https:\/\/tourtravelandmore.com\/fr\/tours\/\"},{\"@type\":\"ListItem\",\"position\":3,\"name\":\"Tour priv\u00e9 aux Diablerets et \u00e0 Montreux\"}]},{\"@type\":\"WebSite\",\"@id\":\"https:\/\/tourtravelandmore.com\/fr\/#website\",\"url\":\"https:\/\/tourtravelandmore.com\/fr\/\",\"name\":\"Tour Travel And More\",\"description\":\"Private sightseeing tours and luxury transfers in Spain\",\"publisher\":{\"@id\":\"https:\/\/tourtravelandmore.com\/fr\/#organization\"},\"potentialAction\":[{\"@type\":\"SearchAction\",\"target\":{\"@type\":\"EntryPoint\",\"urlTemplate\":\"https:\/\/tourtravelandmore.com\/fr\/?s={search_term_string}\"},\"query-input\":{\"@type\":\"PropertyValueSpecification\",\"valueRequired\":true,\"valueName\":\"search_term_string\"}}],\"inLanguage\":\"fr-FR\"},{\"@type\":\"Organization\",\"@id\":\"https:\/\/tourtravelandmore.com\/fr\/#organization\",\"name\":\"Tour Travel And More\",\"url\":\"https:\/\/tourtravelandmore.com\/fr\/\",\"logo\":{\"@type\":\"ImageObject\",\"inLanguage\":\"fr-FR\",\"@id\":\"https:\/\/tourtravelandmore.com\/fr\/#\/schema\/logo\/image\/\",\"url\":\"https:\/\/tourtravelandmore.com\/wp-content\/uploads\/2022\/12\/cropped-logo-cabecera-new.png\",\"contentUrl\":\"https:\/\/tourtravelandmore.com\/wp-content\/uploads\/2022\/12\/cropped-logo-cabecera-new.png\",\"width\":430,\"height\":61,\"caption\":\"Tour Travel And More\"},\"image\":{\"@id\":\"https:\/\/tourtravelandmore.com\/fr\/#\/schema\/logo\/image\/\"},\"sameAs\":[\"https:\/\/www.facebook.com\/tourtravelandmore\/\",\"https:\/\/x.com\/TourTravel_More\"]}]}<\/script>\n<!-- \/ Yoast SEO Premium plugin. -->","yoast_head_json":{"title":"\u27a1\ufe0f Private Tour to Les Diablerets and Montreux with Tour Travel and More","description":"D\u00e9couvrez les joyaux suisses des Diablerets et de Montreux lors d'une visite priv\u00e9e de 10 heures, adapt\u00e9e \u00e0 vos int\u00e9r\u00eats. Visitez des villages alpins idylliques et le Glacier 3000 en option ! \u2705","robots":{"index":"index","follow":"follow","max-snippet":"max-snippet:-1","max-image-preview":"max-image-preview:large","max-video-preview":"max-video-preview:-1"},"canonical":"https:\/\/tourtravelandmore.com\/fr\/tours\/la-suisse-fr\/geneve\/toutes-les-visites-et-activites-privees-fr-4\/tour-prive-aux-diablerets-et-a-montreux\/","og_locale":"fr_FR","og_type":"article","og_title":"Tour priv\u00e9 aux Diablerets et \u00e0 Montreux","og_description":"D\u00e9couvrez les joyaux suisses des Diablerets et de Montreux lors d'une visite priv\u00e9e de 10 heures, adapt\u00e9e \u00e0 vos int\u00e9r\u00eats. Visitez des villages alpins idylliques et le Glacier 3000 en option ! \u2705","og_url":"https:\/\/tourtravelandmore.com\/fr\/tours\/la-suisse-fr\/geneve\/toutes-les-visites-et-activites-privees-fr-4\/tour-prive-aux-diablerets-et-a-montreux\/","og_site_name":"Tour Travel And More","article_publisher":"https:\/\/www.facebook.com\/tourtravelandmore\/","article_modified_time":"2023-04-22T02:01:23+00:00","og_image":[{"width":950,"height":750,"url":"https:\/\/tourtravelandmore.com\/wp-content\/uploads\/2023\/04\/image4-11.jpg","type":"image\/jpeg"}],"twitter_card":"summary_large_image","twitter_site":"@TourTravel_More","twitter_misc":{"Dur\u00e9e de lecture estim\u00e9e":"4 minutes"},"schema":{"@context":"https:\/\/schema.org","@graph":[{"@type":"WebPage","@id":"https:\/\/tourtravelandmore.com\/fr\/tours\/la-suisse-fr\/geneve\/toutes-les-visites-et-activites-privees-fr-4\/tour-prive-aux-diablerets-et-a-montreux\/","url":"https:\/\/tourtravelandmore.com\/fr\/tours\/la-suisse-fr\/geneve\/toutes-les-visites-et-activites-privees-fr-4\/tour-prive-aux-diablerets-et-a-montreux\/","name":"\u27a1\ufe0f Private Tour to Les Diablerets and Montreux with Tour Travel and More","isPartOf":{"@id":"https:\/\/tourtravelandmore.com\/fr\/#website"},"primaryImageOfPage":{"@id":"https:\/\/tourtravelandmore.com\/fr\/tours\/la-suisse-fr\/geneve\/toutes-les-visites-et-activites-privees-fr-4\/tour-prive-aux-diablerets-et-a-montreux\/#primaryimage"},"image":{"@id":"https:\/\/tourtravelandmore.com\/fr\/tours\/la-suisse-fr\/geneve\/toutes-les-visites-et-activites-privees-fr-4\/tour-prive-aux-diablerets-et-a-montreux\/#primaryimage"},"thumbnailUrl":"https:\/\/tourtravelandmore.com\/wp-content\/uploads\/2023\/04\/image4-11.jpg","datePublished":"2023-04-22T01:52:58+00:00","dateModified":"2023-04-22T02:01:23+00:00","description":"D\u00e9couvrez les joyaux suisses des Diablerets et de Montreux lors d'une visite priv\u00e9e de 10 heures, adapt\u00e9e \u00e0 vos int\u00e9r\u00eats. Visitez des villages alpins idylliques et le Glacier 3000 en option ! \u2705","breadcrumb":{"@id":"https:\/\/tourtravelandmore.com\/fr\/tours\/la-suisse-fr\/geneve\/toutes-les-visites-et-activites-privees-fr-4\/tour-prive-aux-diablerets-et-a-montreux\/#breadcrumb"},"inLanguage":"fr-FR","potentialAction":[{"@type":"ReadAction","target":["https:\/\/tourtravelandmore.com\/fr\/tours\/la-suisse-fr\/geneve\/toutes-les-visites-et-activites-privees-fr-4\/tour-prive-aux-diablerets-et-a-montreux\/"]}]},{"@type":"ImageObject","inLanguage":"fr-FR","@id":"https:\/\/tourtravelandmore.com\/fr\/tours\/la-suisse-fr\/geneve\/toutes-les-visites-et-activites-privees-fr-4\/tour-prive-aux-diablerets-et-a-montreux\/#primaryimage","url":"https:\/\/tourtravelandmore.com\/wp-content\/uploads\/2023\/04\/image4-11.jpg","contentUrl":"https:\/\/tourtravelandmore.com\/wp-content\/uploads\/2023\/04\/image4-11.jpg","width":950,"height":750},{"@type":"BreadcrumbList","@id":"https:\/\/tourtravelandmore.com\/fr\/tours\/la-suisse-fr\/geneve\/toutes-les-visites-et-activites-privees-fr-4\/tour-prive-aux-diablerets-et-a-montreux\/#breadcrumb","itemListElement":[{"@type":"ListItem","position":1,"name":"Home","item":"https:\/\/tourtravelandmore.com\/fr\/"},{"@type":"ListItem","position":2,"name":"Tours","item":"https:\/\/tourtravelandmore.com\/fr\/tours\/"},{"@type":"ListItem","position":3,"name":"Tour priv\u00e9 aux Diablerets et \u00e0 Montreux"}]},{"@type":"WebSite","@id":"https:\/\/tourtravelandmore.com\/fr\/#website","url":"https:\/\/tourtravelandmore.com\/fr\/","name":"Tour Travel And More","description":"Private sightseeing tours and luxury transfers in Spain","publisher":{"@id":"https:\/\/tourtravelandmore.com\/fr\/#organization"},"potentialAction":[{"@type":"SearchAction","target":{"@type":"EntryPoint","urlTemplate":"https:\/\/tourtravelandmore.com\/fr\/?s={search_term_string}"},"query-input":{"@type":"PropertyValueSpecification","valueRequired":true,"valueName":"search_term_string"}}],"inLanguage":"fr-FR"},{"@type":"Organization","@id":"https:\/\/tourtravelandmore.com\/fr\/#organization","name":"Tour Travel And More","url":"https:\/\/tourtravelandmore.com\/fr\/","logo":{"@type":"ImageObject","inLanguage":"fr-FR","@id":"https:\/\/tourtravelandmore.com\/fr\/#\/schema\/logo\/image\/","url":"https:\/\/tourtravelandmore.com\/wp-content\/uploads\/2022\/12\/cropped-logo-cabecera-new.png","contentUrl":"https:\/\/tourtravelandmore.com\/wp-content\/uploads\/2022\/12\/cropped-logo-cabecera-new.png","width":430,"height":61,"caption":"Tour Travel And More"},"image":{"@id":"https:\/\/tourtravelandmore.com\/fr\/#\/schema\/logo\/image\/"},"sameAs":["https:\/\/www.facebook.com\/tourtravelandmore\/","https:\/\/x.com\/TourTravel_More"]}]}},"_links":{"self":[{"href":"https:\/\/tourtravelandmore.com\/fr\/wp-json\/wp\/v2\/product\/163438","targetHints":{"allow":["GET"]}}],"collection":[{"href":"https:\/\/tourtravelandmore.com\/fr\/wp-json\/wp\/v2\/product"}],"about":[{"href":"https:\/\/tourtravelandmore.com\/fr\/wp-json\/wp\/v2\/types\/product"}],"replies":[{"embeddable":true,"href":"https:\/\/tourtravelandmore.com\/fr\/wp-json\/wp\/v2\/comments?post=163438"}],"wp:featuredmedia":[{"embeddable":true,"href":"https:\/\/tourtravelandmore.com\/fr\/wp-json\/wp\/v2\/media\/163425"}],"wp:attachment":[{"href":"https:\/\/tourtravelandmore.com\/fr\/wp-json\/wp\/v2\/media?parent=163438"}],"wp:term":[{"taxonomy":"product_brand","embeddable":true,"href":"https:\/\/tourtravelandmore.com\/fr\/wp-json\/wp\/v2\/product_brand?post=163438"},{"taxonomy":"product_cat","embeddable":true,"href":"https:\/\/tourtravelandmore.com\/fr\/wp-json\/wp\/v2\/product_cat?post=163438"},{"taxonomy":"product_tag","embeddable":true,"href":"https:\/\/tourtravelandmore.com\/fr\/wp-json\/wp\/v2\/product_tag?post=163438"}],"curies":[{"name":"wp","href":"https:\/\/api.w.org\/{rel}","templated":true}]}}