{"id":163179,"date":"2023-04-21T07:16:35","date_gmt":"2023-04-21T05:16:35","guid":{"rendered":"https:\/\/tourtravelandmore.com\/tours\/non%20class\u00e9\/transfert-a-larrivee-et-au-depart-de-geneve\/"},"modified":"2023-04-21T07:29:56","modified_gmt":"2023-04-21T05:29:56","slug":"transfert-a-larrivee-et-au-depart-de-geneve","status":"publish","type":"product","link":"https:\/\/tourtravelandmore.com\/fr\/tours\/la-suisse-fr\/geneve\/toutes-les-visites-et-activites-privees-fr-4\/transfert-a-larrivee-et-au-depart-de-geneve\/","title":{"rendered":"Transfert \u00e0 l&#8217;arriv\u00e9e et au d\u00e9part de Gen\u00e8ve"},"content":{"rendered":"<h2><b>Description du transfert \u00e0 l&#8217;arriv\u00e9e et au d\u00e9part<\/b><\/h2>\n<p><span style=\"font-weight: 400;\">Le service de transfert de luxe de Tour Travel and More vous permet d&#8217;arriver \u00e0 Gen\u00e8ve ou d&#8217;en repartir en toute tranquillit\u00e9 et sans stress. Voyagez dans le confort et le style avec nos v\u00e9hicules de luxe, con\u00e7us pour offrir un voyage relaxant et agr\u00e9able jusqu&#8217;\u00e0 votre destination. Nos chauffeurs exp\u00e9riment\u00e9s et professionnels veilleront \u00e0 ce que votre transfert soit ponctuel et efficace, vous permettant ainsi de vous concentrer sur le temps que vous passerez dans cette belle ville.<\/span><\/p>\n<h2><b>Points d&#8217;int\u00e9r\u00eat du transfert \u00e0 l&#8217;arriv\u00e9e et au d\u00e9part<\/b><\/h2>\n<p><span style=\"font-weight: 400;\">Pendant votre transfert, vous aurez l&#8217;occasion d&#8217;apercevoir certains des points de rep\u00e8re et des attractions les plus embl\u00e9matiques de Gen\u00e8ve. Notre itin\u00e9raire vous fera passer devant plusieurs sites populaires, vous donnant un avant-go\u00fbt de ce que la ville a \u00e0 offrir et vous ouvrant l&#8217;app\u00e9tit pour une exploration plus pouss\u00e9e.<\/span><\/p>\n<h2><b>Sites et lieux d&#8217;int\u00e9r\u00eat populaires \u00e0 Gen\u00e8ve<\/b><\/h2>\n<h3><b>Jet d&#8217;Eau :<\/b><\/h3>\n<p><span style=\"font-weight: 400;\">L&#8217;embl\u00e9matique fontaine d&#8217;eau est l&#8217;un des points de rep\u00e8re les plus reconnaissables de Gen\u00e8ve. Projetant de l&#8217;eau \u00e0 140 m\u00e8tres de hauteur, il est devenu un symbole de la ville et constitue une attraction incontournable pour les visiteurs. Avec le lac L\u00e9man et les montagnes environnantes en toile de fond, le Jet d&#8217;Eau offre aux visiteurs une occasion parfaite de capturer l&#8217;essence de cette ville magnifique.<\/span><\/p>\n<h3><b>La vieille ville :<\/b><\/h3>\n<p><span style=\"font-weight: 400;\">La vieille ville historique de Gen\u00e8ve regorge de charmantes ruelles, de belles places et d&#8217;une architecture impressionnante. D\u00e9couvrez sa riche histoire et son atmosph\u00e8re vibrante en vous promenant dans ce quartier pittoresque. En chemin, vous rencontrerez des boutiques pittoresques, des caf\u00e9s accueillants et des galeries d&#8217;art renomm\u00e9es, tous situ\u00e9s dans des b\u00e2timents centenaires bien pr\u00e9serv\u00e9s qui t\u00e9moignent de la diversit\u00e9 de l&#8217;h\u00e9ritage de la ville.<\/span><\/p>\n<h3><b>Cath\u00e9drale Saint-Pierre :<\/b><\/h3>\n<p><span style=\"font-weight: 400;\">Ce site religieux important pr\u00e9sente une architecture \u00e9tonnante et une histoire fascinante. L&#8217;ascension de la tour offre une vue panoramique \u00e0 couper le souffle sur Gen\u00e8ve et ses environs. L&#8217;int\u00e9rieur de la cath\u00e9drale offre un m\u00e9lange unique de styles architecturaux, notamment gothique, roman et n\u00e9oclassique, refl\u00e9tant les diverses influences qui ont fa\u00e7onn\u00e9 la ville au fil des si\u00e8cles.<\/span><\/p>\n<h3><b>Palais des Nations :<\/b><\/h3>\n<p><span style=\"font-weight: 400;\">Si\u00e8ge de l&#8217;Office des Nations Unies \u00e0 Gen\u00e8ve, le Palais des Nations t\u00e9moigne de l&#8217;importance internationale de la ville. Une visite guid\u00e9e vous permettra de d\u00e9couvrir le travail de l&#8217;ONU et l&#8217;histoire de ce b\u00e2timent embl\u00e9matique. Promenez-vous dans le magnifique parc de l&#8217;Ariana, qui entoure le Palais des Nations, et admirez les nombreuses sculptures et monuments qui c\u00e9l\u00e8brent la paix et la diplomatie.<\/span><\/p>\n<h3><b>Mus\u00e9e Patek Philippe :<\/b><\/h3>\n<p><span style=\"font-weight: 400;\">D\u00e9couvrez l&#8217;art de l&#8217;horlogerie suisse dans ce mus\u00e9e exceptionnel, qui pr\u00e9sente l&#8217;histoire de la mesure du temps et le savoir-faire exquis de l&#8217;horloger le plus renomm\u00e9 de Gen\u00e8ve. Les expositions du mus\u00e9e couvrent plus de cinq si\u00e8cles d&#8217;innovation horlog\u00e8re, offrant aux visiteurs un aper\u00e7u in\u00e9gal\u00e9 de l&#8217;\u00e9volution de l&#8217;horlogerie et de l&#8217;h\u00e9ritage durable des cr\u00e9ations exceptionnelles de Patek Philippe.<\/span><\/p>\n<p><b>Explorer d&#8217;autres circuits \u00e0 Gen\u00e8ve<\/b><\/p>\n<p><span style=\"font-weight: 400;\">Vous souhaitez d\u00e9couvrir le meilleur de Gen\u00e8ve pendant votre s\u00e9jour ? Tour Travel and More propose un large \u00e9ventail de visites priv\u00e9es adapt\u00e9es \u00e0 vos int\u00e9r\u00eats et \u00e0 vos pr\u00e9f\u00e9rences. <\/span><a href=\"https:\/\/tourtravelandmore.com\/fr\/city\/la-suisse-fr\/geneve\/\"><span style=\"font-weight: 400;\">Visitez notre site web pour d\u00e9couvrir notre vaste s\u00e9lection de tours \u00e0 Gen\u00e8ve et trouver l&#8217;exp\u00e9rience parfaite pour votre prochaine aventure.<\/span><\/a><\/p>\n<p>&nbsp;<\/p>\n","protected":false},"excerpt":{"rendered":"<p><span style=\"font-weight: 400;\">Faites l&#8217;exp\u00e9rience du luxe et de la commodit\u00e9 avec le service de transfert \u00e0 l&#8217;arriv\u00e9e et au d\u00e9part de Gen\u00e8ve de Tour Travel and More. Voyagez avec style tout en apercevant les sites embl\u00e9matiques de la ville.<\/span><\/p>\n","protected":false},"featured_media":163160,"comment_status":"open","ping_status":"closed","template":"","meta":{"_acf_changed":false},"product_brand":[],"product_cat":[4343,4382,4384],"product_tag":[],"class_list":{"0":"post-163179","1":"product","2":"type-product","3":"status-publish","4":"has-post-thumbnail","6":"product_cat-geneve","7":"product_cat-toutes-les-visites-et-activites-privees-fr-4","8":"product_cat-transferts-prives-fr-5","10":"first","11":"instock","12":"shipping-taxable","13":"purchasable","14":"product-type-simple"},"acf":[],"yoast_head":"<!-- This site is optimized with the Yoast SEO Premium plugin v25.3.1 (Yoast SEO v25.3.1) - https:\/\/yoast.com\/wordpress\/plugins\/seo\/ -->\n<title>\u27a1\ufe0f Transfert de luxe \u00e0 l&#039;arriv\u00e9e et au d\u00e9part de Gen\u00e8ve | Tour Travel and More<\/title>\n<meta name=\"description\" content=\"Profitez d&#039;une exp\u00e9rience de transfert confortable et sans stress \u00e0 Gen\u00e8ve gr\u00e2ce \u00e0 notre service d&#039;arriv\u00e9e et de d\u00e9part de luxe. R\u00e9servez votre transfert d\u00e8s aujourd&#039;hui ! \u2705\" \/>\n<meta name=\"robots\" content=\"index, follow, max-snippet:-1, max-image-preview:large, max-video-preview:-1\" \/>\n<link rel=\"canonical\" href=\"https:\/\/tourtravelandmore.com\/fr\/tours\/la-suisse-fr\/geneve\/toutes-les-visites-et-activites-privees-fr-4\/transfert-a-larrivee-et-au-depart-de-geneve\/\" \/>\n<meta property=\"og:locale\" content=\"fr_FR\" \/>\n<meta property=\"og:type\" content=\"article\" \/>\n<meta property=\"og:title\" content=\"Transfert \u00e0 l&#039;arriv\u00e9e et au d\u00e9part de Gen\u00e8ve\" \/>\n<meta property=\"og:description\" content=\"Profitez d&#039;une exp\u00e9rience de transfert confortable et sans stress \u00e0 Gen\u00e8ve gr\u00e2ce \u00e0 notre service d&#039;arriv\u00e9e et de d\u00e9part de luxe. R\u00e9servez votre transfert d\u00e8s aujourd&#039;hui ! \u2705\" \/>\n<meta property=\"og:url\" content=\"https:\/\/tourtravelandmore.com\/fr\/tours\/la-suisse-fr\/geneve\/toutes-les-visites-et-activites-privees-fr-4\/transfert-a-larrivee-et-au-depart-de-geneve\/\" \/>\n<meta property=\"og:site_name\" content=\"Tour Travel And More\" \/>\n<meta property=\"article:publisher\" content=\"https:\/\/www.facebook.com\/tourtravelandmore\/\" \/>\n<meta property=\"article:modified_time\" content=\"2023-04-21T05:29:56+00:00\" \/>\n<meta property=\"og:image\" content=\"https:\/\/tourtravelandmore.com\/wp-content\/uploads\/2023\/04\/image3-10.jpg\" \/>\n\t<meta property=\"og:image:width\" content=\"950\" \/>\n\t<meta property=\"og:image:height\" content=\"750\" \/>\n\t<meta property=\"og:image:type\" content=\"image\/jpeg\" \/>\n<meta name=\"twitter:card\" content=\"summary_large_image\" \/>\n<meta name=\"twitter:site\" content=\"@TourTravel_More\" \/>\n<meta name=\"twitter:label1\" content=\"Dur\u00e9e de lecture estim\u00e9e\" \/>\n\t<meta name=\"twitter:data1\" content=\"3 minutes\" \/>\n<script type=\"application\/ld+json\" class=\"yoast-schema-graph\">{\"@context\":\"https:\/\/schema.org\",\"@graph\":[{\"@type\":\"WebPage\",\"@id\":\"https:\/\/tourtravelandmore.com\/fr\/tours\/la-suisse-fr\/geneve\/toutes-les-visites-et-activites-privees-fr-4\/transfert-a-larrivee-et-au-depart-de-geneve\/\",\"url\":\"https:\/\/tourtravelandmore.com\/fr\/tours\/la-suisse-fr\/geneve\/toutes-les-visites-et-activites-privees-fr-4\/transfert-a-larrivee-et-au-depart-de-geneve\/\",\"name\":\"\u27a1\ufe0f Transfert de luxe \u00e0 l'arriv\u00e9e et au d\u00e9part de Gen\u00e8ve | Tour Travel and More\",\"isPartOf\":{\"@id\":\"https:\/\/tourtravelandmore.com\/fr\/#website\"},\"primaryImageOfPage\":{\"@id\":\"https:\/\/tourtravelandmore.com\/fr\/tours\/la-suisse-fr\/geneve\/toutes-les-visites-et-activites-privees-fr-4\/transfert-a-larrivee-et-au-depart-de-geneve\/#primaryimage\"},\"image\":{\"@id\":\"https:\/\/tourtravelandmore.com\/fr\/tours\/la-suisse-fr\/geneve\/toutes-les-visites-et-activites-privees-fr-4\/transfert-a-larrivee-et-au-depart-de-geneve\/#primaryimage\"},\"thumbnailUrl\":\"https:\/\/tourtravelandmore.com\/wp-content\/uploads\/2023\/04\/image3-10.jpg\",\"datePublished\":\"2023-04-21T05:16:35+00:00\",\"dateModified\":\"2023-04-21T05:29:56+00:00\",\"description\":\"Profitez d'une exp\u00e9rience de transfert confortable et sans stress \u00e0 Gen\u00e8ve gr\u00e2ce \u00e0 notre service d'arriv\u00e9e et de d\u00e9part de luxe. R\u00e9servez votre transfert d\u00e8s aujourd'hui ! \u2705\",\"breadcrumb\":{\"@id\":\"https:\/\/tourtravelandmore.com\/fr\/tours\/la-suisse-fr\/geneve\/toutes-les-visites-et-activites-privees-fr-4\/transfert-a-larrivee-et-au-depart-de-geneve\/#breadcrumb\"},\"inLanguage\":\"fr-FR\",\"potentialAction\":[{\"@type\":\"ReadAction\",\"target\":[\"https:\/\/tourtravelandmore.com\/fr\/tours\/la-suisse-fr\/geneve\/toutes-les-visites-et-activites-privees-fr-4\/transfert-a-larrivee-et-au-depart-de-geneve\/\"]}]},{\"@type\":\"ImageObject\",\"inLanguage\":\"fr-FR\",\"@id\":\"https:\/\/tourtravelandmore.com\/fr\/tours\/la-suisse-fr\/geneve\/toutes-les-visites-et-activites-privees-fr-4\/transfert-a-larrivee-et-au-depart-de-geneve\/#primaryimage\",\"url\":\"https:\/\/tourtravelandmore.com\/wp-content\/uploads\/2023\/04\/image3-10.jpg\",\"contentUrl\":\"https:\/\/tourtravelandmore.com\/wp-content\/uploads\/2023\/04\/image3-10.jpg\",\"width\":950,\"height\":750},{\"@type\":\"BreadcrumbList\",\"@id\":\"https:\/\/tourtravelandmore.com\/fr\/tours\/la-suisse-fr\/geneve\/toutes-les-visites-et-activites-privees-fr-4\/transfert-a-larrivee-et-au-depart-de-geneve\/#breadcrumb\",\"itemListElement\":[{\"@type\":\"ListItem\",\"position\":1,\"name\":\"Home\",\"item\":\"https:\/\/tourtravelandmore.com\/fr\/\"},{\"@type\":\"ListItem\",\"position\":2,\"name\":\"Tours\",\"item\":\"https:\/\/tourtravelandmore.com\/fr\/tours\/\"},{\"@type\":\"ListItem\",\"position\":3,\"name\":\"Transfert \u00e0 l&rsquo;arriv\u00e9e et au d\u00e9part de Gen\u00e8ve\"}]},{\"@type\":\"WebSite\",\"@id\":\"https:\/\/tourtravelandmore.com\/fr\/#website\",\"url\":\"https:\/\/tourtravelandmore.com\/fr\/\",\"name\":\"Tour Travel And More\",\"description\":\"Private sightseeing tours and luxury transfers in Spain\",\"publisher\":{\"@id\":\"https:\/\/tourtravelandmore.com\/fr\/#organization\"},\"potentialAction\":[{\"@type\":\"SearchAction\",\"target\":{\"@type\":\"EntryPoint\",\"urlTemplate\":\"https:\/\/tourtravelandmore.com\/fr\/?s={search_term_string}\"},\"query-input\":{\"@type\":\"PropertyValueSpecification\",\"valueRequired\":true,\"valueName\":\"search_term_string\"}}],\"inLanguage\":\"fr-FR\"},{\"@type\":\"Organization\",\"@id\":\"https:\/\/tourtravelandmore.com\/fr\/#organization\",\"name\":\"Tour Travel And More\",\"url\":\"https:\/\/tourtravelandmore.com\/fr\/\",\"logo\":{\"@type\":\"ImageObject\",\"inLanguage\":\"fr-FR\",\"@id\":\"https:\/\/tourtravelandmore.com\/fr\/#\/schema\/logo\/image\/\",\"url\":\"https:\/\/tourtravelandmore.com\/wp-content\/uploads\/2022\/12\/cropped-logo-cabecera-new.png\",\"contentUrl\":\"https:\/\/tourtravelandmore.com\/wp-content\/uploads\/2022\/12\/cropped-logo-cabecera-new.png\",\"width\":430,\"height\":61,\"caption\":\"Tour Travel And More\"},\"image\":{\"@id\":\"https:\/\/tourtravelandmore.com\/fr\/#\/schema\/logo\/image\/\"},\"sameAs\":[\"https:\/\/www.facebook.com\/tourtravelandmore\/\",\"https:\/\/x.com\/TourTravel_More\"]}]}<\/script>\n<!-- \/ Yoast SEO Premium plugin. -->","yoast_head_json":{"title":"\u27a1\ufe0f Transfert de luxe \u00e0 l'arriv\u00e9e et au d\u00e9part de Gen\u00e8ve | Tour Travel and More","description":"Profitez d'une exp\u00e9rience de transfert confortable et sans stress \u00e0 Gen\u00e8ve gr\u00e2ce \u00e0 notre service d'arriv\u00e9e et de d\u00e9part de luxe. R\u00e9servez votre transfert d\u00e8s aujourd'hui ! \u2705","robots":{"index":"index","follow":"follow","max-snippet":"max-snippet:-1","max-image-preview":"max-image-preview:large","max-video-preview":"max-video-preview:-1"},"canonical":"https:\/\/tourtravelandmore.com\/fr\/tours\/la-suisse-fr\/geneve\/toutes-les-visites-et-activites-privees-fr-4\/transfert-a-larrivee-et-au-depart-de-geneve\/","og_locale":"fr_FR","og_type":"article","og_title":"Transfert \u00e0 l'arriv\u00e9e et au d\u00e9part de Gen\u00e8ve","og_description":"Profitez d'une exp\u00e9rience de transfert confortable et sans stress \u00e0 Gen\u00e8ve gr\u00e2ce \u00e0 notre service d'arriv\u00e9e et de d\u00e9part de luxe. R\u00e9servez votre transfert d\u00e8s aujourd'hui ! \u2705","og_url":"https:\/\/tourtravelandmore.com\/fr\/tours\/la-suisse-fr\/geneve\/toutes-les-visites-et-activites-privees-fr-4\/transfert-a-larrivee-et-au-depart-de-geneve\/","og_site_name":"Tour Travel And More","article_publisher":"https:\/\/www.facebook.com\/tourtravelandmore\/","article_modified_time":"2023-04-21T05:29:56+00:00","og_image":[{"width":950,"height":750,"url":"https:\/\/tourtravelandmore.com\/wp-content\/uploads\/2023\/04\/image3-10.jpg","type":"image\/jpeg"}],"twitter_card":"summary_large_image","twitter_site":"@TourTravel_More","twitter_misc":{"Dur\u00e9e de lecture estim\u00e9e":"3 minutes"},"schema":{"@context":"https:\/\/schema.org","@graph":[{"@type":"WebPage","@id":"https:\/\/tourtravelandmore.com\/fr\/tours\/la-suisse-fr\/geneve\/toutes-les-visites-et-activites-privees-fr-4\/transfert-a-larrivee-et-au-depart-de-geneve\/","url":"https:\/\/tourtravelandmore.com\/fr\/tours\/la-suisse-fr\/geneve\/toutes-les-visites-et-activites-privees-fr-4\/transfert-a-larrivee-et-au-depart-de-geneve\/","name":"\u27a1\ufe0f Transfert de luxe \u00e0 l'arriv\u00e9e et au d\u00e9part de Gen\u00e8ve | Tour Travel and More","isPartOf":{"@id":"https:\/\/tourtravelandmore.com\/fr\/#website"},"primaryImageOfPage":{"@id":"https:\/\/tourtravelandmore.com\/fr\/tours\/la-suisse-fr\/geneve\/toutes-les-visites-et-activites-privees-fr-4\/transfert-a-larrivee-et-au-depart-de-geneve\/#primaryimage"},"image":{"@id":"https:\/\/tourtravelandmore.com\/fr\/tours\/la-suisse-fr\/geneve\/toutes-les-visites-et-activites-privees-fr-4\/transfert-a-larrivee-et-au-depart-de-geneve\/#primaryimage"},"thumbnailUrl":"https:\/\/tourtravelandmore.com\/wp-content\/uploads\/2023\/04\/image3-10.jpg","datePublished":"2023-04-21T05:16:35+00:00","dateModified":"2023-04-21T05:29:56+00:00","description":"Profitez d'une exp\u00e9rience de transfert confortable et sans stress \u00e0 Gen\u00e8ve gr\u00e2ce \u00e0 notre service d'arriv\u00e9e et de d\u00e9part de luxe. R\u00e9servez votre transfert d\u00e8s aujourd'hui ! \u2705","breadcrumb":{"@id":"https:\/\/tourtravelandmore.com\/fr\/tours\/la-suisse-fr\/geneve\/toutes-les-visites-et-activites-privees-fr-4\/transfert-a-larrivee-et-au-depart-de-geneve\/#breadcrumb"},"inLanguage":"fr-FR","potentialAction":[{"@type":"ReadAction","target":["https:\/\/tourtravelandmore.com\/fr\/tours\/la-suisse-fr\/geneve\/toutes-les-visites-et-activites-privees-fr-4\/transfert-a-larrivee-et-au-depart-de-geneve\/"]}]},{"@type":"ImageObject","inLanguage":"fr-FR","@id":"https:\/\/tourtravelandmore.com\/fr\/tours\/la-suisse-fr\/geneve\/toutes-les-visites-et-activites-privees-fr-4\/transfert-a-larrivee-et-au-depart-de-geneve\/#primaryimage","url":"https:\/\/tourtravelandmore.com\/wp-content\/uploads\/2023\/04\/image3-10.jpg","contentUrl":"https:\/\/tourtravelandmore.com\/wp-content\/uploads\/2023\/04\/image3-10.jpg","width":950,"height":750},{"@type":"BreadcrumbList","@id":"https:\/\/tourtravelandmore.com\/fr\/tours\/la-suisse-fr\/geneve\/toutes-les-visites-et-activites-privees-fr-4\/transfert-a-larrivee-et-au-depart-de-geneve\/#breadcrumb","itemListElement":[{"@type":"ListItem","position":1,"name":"Home","item":"https:\/\/tourtravelandmore.com\/fr\/"},{"@type":"ListItem","position":2,"name":"Tours","item":"https:\/\/tourtravelandmore.com\/fr\/tours\/"},{"@type":"ListItem","position":3,"name":"Transfert \u00e0 l&rsquo;arriv\u00e9e et au d\u00e9part de Gen\u00e8ve"}]},{"@type":"WebSite","@id":"https:\/\/tourtravelandmore.com\/fr\/#website","url":"https:\/\/tourtravelandmore.com\/fr\/","name":"Tour Travel And More","description":"Private sightseeing tours and luxury transfers in Spain","publisher":{"@id":"https:\/\/tourtravelandmore.com\/fr\/#organization"},"potentialAction":[{"@type":"SearchAction","target":{"@type":"EntryPoint","urlTemplate":"https:\/\/tourtravelandmore.com\/fr\/?s={search_term_string}"},"query-input":{"@type":"PropertyValueSpecification","valueRequired":true,"valueName":"search_term_string"}}],"inLanguage":"fr-FR"},{"@type":"Organization","@id":"https:\/\/tourtravelandmore.com\/fr\/#organization","name":"Tour Travel And More","url":"https:\/\/tourtravelandmore.com\/fr\/","logo":{"@type":"ImageObject","inLanguage":"fr-FR","@id":"https:\/\/tourtravelandmore.com\/fr\/#\/schema\/logo\/image\/","url":"https:\/\/tourtravelandmore.com\/wp-content\/uploads\/2022\/12\/cropped-logo-cabecera-new.png","contentUrl":"https:\/\/tourtravelandmore.com\/wp-content\/uploads\/2022\/12\/cropped-logo-cabecera-new.png","width":430,"height":61,"caption":"Tour Travel And More"},"image":{"@id":"https:\/\/tourtravelandmore.com\/fr\/#\/schema\/logo\/image\/"},"sameAs":["https:\/\/www.facebook.com\/tourtravelandmore\/","https:\/\/x.com\/TourTravel_More"]}]}},"_links":{"self":[{"href":"https:\/\/tourtravelandmore.com\/fr\/wp-json\/wp\/v2\/product\/163179","targetHints":{"allow":["GET"]}}],"collection":[{"href":"https:\/\/tourtravelandmore.com\/fr\/wp-json\/wp\/v2\/product"}],"about":[{"href":"https:\/\/tourtravelandmore.com\/fr\/wp-json\/wp\/v2\/types\/product"}],"replies":[{"embeddable":true,"href":"https:\/\/tourtravelandmore.com\/fr\/wp-json\/wp\/v2\/comments?post=163179"}],"wp:featuredmedia":[{"embeddable":true,"href":"https:\/\/tourtravelandmore.com\/fr\/wp-json\/wp\/v2\/media\/163160"}],"wp:attachment":[{"href":"https:\/\/tourtravelandmore.com\/fr\/wp-json\/wp\/v2\/media?parent=163179"}],"wp:term":[{"taxonomy":"product_brand","embeddable":true,"href":"https:\/\/tourtravelandmore.com\/fr\/wp-json\/wp\/v2\/product_brand?post=163179"},{"taxonomy":"product_cat","embeddable":true,"href":"https:\/\/tourtravelandmore.com\/fr\/wp-json\/wp\/v2\/product_cat?post=163179"},{"taxonomy":"product_tag","embeddable":true,"href":"https:\/\/tourtravelandmore.com\/fr\/wp-json\/wp\/v2\/product_tag?post=163179"}],"curies":[{"name":"wp","href":"https:\/\/api.w.org\/{rel}","templated":true}]}}