{"id":162958,"date":"2023-04-20T06:33:12","date_gmt":"2023-04-20T04:33:12","guid":{"rendered":"https:\/\/tourtravelandmore.com\/tours\/non%20class\u00e9\/tour-prive-dannecy-et-de-geneve\/"},"modified":"2023-04-20T06:43:47","modified_gmt":"2023-04-20T04:43:47","slug":"tour-prive-dannecy-et-de-geneve","status":"publish","type":"product","link":"https:\/\/tourtravelandmore.com\/fr\/tours\/la-suisse-fr\/geneve\/toutes-les-visites-et-activites-privees-fr-4\/tour-prive-dannecy-et-de-geneve\/","title":{"rendered":"Tour priv\u00e9 d&#8217;Annecy et de Gen\u00e8ve"},"content":{"rendered":"<h2><b>Description de la visite d&#8217;Annecy et de Gen\u00e8ve<\/b><\/h2>\n<p>&nbsp;<\/p>\n<p><span style=\"font-weight: 400;\">Plongez dans l&#8217;univers captivant d&#8217;Annecy et de Gen\u00e8ve gr\u00e2ce \u00e0 l&#8217;excursion priv\u00e9e exclusive de 8 heures propos\u00e9e par Tour Travel and More. D\u00e9couvrez les secrets de ces villes enchanteresses en parcourant leurs rues historiques et en admirant leur splendeur architecturale avec l&#8217;aide de notre guide bien inform\u00e9. D\u00e9couvrez l&#8217;atmosph\u00e8re locale vibrante, laissez-vous tenter par les d\u00e9lices culinaires et cr\u00e9ez des souvenirs inoubliables en traversant les paysages pittoresques et les sites importants de ces destinations remarquables. Notre circuit soigneusement con\u00e7u vous garantit une exp\u00e9rience inoubliable, adapt\u00e9e \u00e0 vos int\u00e9r\u00eats et d\u00e9sirs uniques, et vous offre un voyage sans pareil au c\u0153ur d&#8217;Annecy et de Gen\u00e8ve.<\/span><\/p>\n<h2><b>Visite des points d&#8217;int\u00e9r\u00eat d&#8217;Annecy et de Gen\u00e8ve<\/b><\/h2>\n<p>&nbsp;<\/p>\n<p><span style=\"font-weight: 400;\">Embarquez pour une aventure extraordinaire avec notre tour priv\u00e9, qui vous guidera \u00e0 travers l&#8217;histoire fascinante et le pr\u00e9sent dynamique d&#8217;Annecy et de Gen\u00e8ve. Vous d\u00e9couvrirez une vari\u00e9t\u00e9 d&#8217;attractions renomm\u00e9es et de tr\u00e9sors hors des sentiers battus, vous immergeant dans le caract\u00e8re unique de ces deux villes. Laissez-vous \u00e9merveiller par les chefs-d&#8217;\u0153uvre architecturaux, les sc\u00e8nes artistiques vibrantes et les espaces verts luxuriants tandis que notre guide chevronn\u00e9 vous r\u00e9gale d&#8217;histoires captivantes et de d\u00e9tails intrigants sur les sites que vous visitez. Immergez-vous dans les coutumes et traditions locales, et comprenez mieux la richesse culturelle qui caract\u00e9rise ces villes, pour vivre une exp\u00e9rience inoubliable lors de ce circuit m\u00e9ticuleusement con\u00e7u.<\/span><\/p>\n<h2><b>Sites et lieux d&#8217;int\u00e9r\u00eat populaires \u00e0 Annecy<\/b><\/h2>\n<p>&nbsp;<\/p>\n<p><span style=\"font-weight: 400;\">Annecy, surnomm\u00e9e la &#8220;Venise des Alpes&#8221;, s\u00e9duit les visiteurs par son m\u00e9lange harmonieux d&#8217;histoire et de splendeur naturelle. Promenez-vous dans les charmantes rues pav\u00e9es de la vieille ville, \u00e9merveillez-vous devant les b\u00e2timents aux couleurs vives et pastel qui bordent les canaux tranquilles. Absorbez la riche histoire de l&#8217;embl\u00e9matique Palais de l&#8217;Isle, une forteresse du XIIe si\u00e8cle devenue prison, qui sert aujourd&#8217;hui de mus\u00e9e fascinant mettant en valeur le patrimoine de la r\u00e9gion. Profitez de la beaut\u00e9 sereine du lac d&#8217;Annecy, dont les eaux azur cr\u00e9ent un contraste saisissant avec la majestueuse toile de fond alpine. Faites une promenade en bateau ou une randonn\u00e9e autour du lac, et laissez le panorama captivant se graver dans votre m\u00e9moire, vous laissant une impression durable de cette ville enchanteresse.<\/span><\/p>\n<h3><b>Ch\u00e2teau d&#8217;Annecy \u00e0 Annecy<\/b><\/h3>\n<p>&nbsp;<\/p>\n<p><span style=\"font-weight: 400;\">D\u00e9couvrez l&#8217;histoire captivante du Ch\u00e2teau d&#8217;Annecy, magnifique ch\u00e2teau perch\u00e9 sur une colline dominant la ville. Construit entre le XIIe et le XVIe si\u00e8cle, ce joyau architectural a servi de r\u00e9sidence aux comtes de Gen\u00e8ve et aux ducs de Genevois-Nemours. Aujourd&#8217;hui, le ch\u00e2teau magnifiquement restaur\u00e9 abrite le Mus\u00e9e d&#8217;art r\u00e9gional alpin, qui pr\u00e9sente une impressionnante collection de peintures, de sculptures et d&#8217;objets r\u00e9gionaux. Promenez-vous dans les pi\u00e8ces magnifiquement conserv\u00e9es du ch\u00e2teau et admirez la vue imprenable sur Annecy et ses paysages environnants depuis les terrasses du ch\u00e2teau. Le ch\u00e2teau d&#8217;Annecy t\u00e9moigne de la richesse de l&#8217;histoire et du patrimoine artistique de la r\u00e9gion, ce qui en fait une \u00e9tape incontournable de votre visite \u00e0 Annecy.<\/span><\/p>\n<h3><b>Mus\u00e9e Patek Philippe \u00e0 Gen\u00e8ve<\/b><\/h3>\n<p>&nbsp;<\/p>\n<p><span style=\"font-weight: 400;\">Plongez dans le monde fascinant de l&#8217;horlogerie au mus\u00e9e Patek Philippe, situ\u00e9 au c\u0153ur de Gen\u00e8ve. Ce mus\u00e9e exceptionnel, d\u00e9di\u00e9 \u00e0 la prestigieuse manufacture horlog\u00e8re suisse Patek Philippe, retrace l&#8217;histoire de la mesure du temps et de l&#8217;horlogerie \u00e0 travers une vaste collection de garde-temps datant du XVIe si\u00e8cle. Les expositions captivantes du mus\u00e9e pr\u00e9sentent des montres de poche complexes, des montres-bracelets \u00e9l\u00e9gantes et des automates magistraux qui t\u00e9moignent de l&#8217;ing\u00e9niosit\u00e9 et du savoir-faire de l&#8217;industrie horlog\u00e8re genevoise. Le mus\u00e9e Patek Philippe offre non seulement un aper\u00e7u unique du monde de la haute horlogerie, mais c\u00e9l\u00e8bre \u00e9galement l&#8217;innovation et l&#8217;art qui ont fait de Gen\u00e8ve le synonyme de l&#8217;horlogerie de luxe.<\/span><\/p>\n<h2><b>Sites et lieux d&#8217;int\u00e9r\u00eat populaires \u00e0 Gen\u00e8ve<\/b><\/h2>\n<p>&nbsp;<\/p>\n<p><span style=\"font-weight: 400;\">Gen\u00e8ve, illustre ville cosmopolite situ\u00e9e sur les rives pittoresques du lac L\u00e9man, offre une pl\u00e9thore d&#8217;attractions captivantes. Plongez dans la riche histoire de la ville en explorant les rues sinueuses de la vieille ville, qui abrite l&#8217;impressionnante cath\u00e9drale Saint-Pierre, un monument religieux important au pass\u00e9 remarquable. Aventurez-vous au Palais des Nations, le si\u00e8ge embl\u00e9matique des Nations Unies, et comprenez mieux le r\u00f4le vital que jouent les organisations internationales dans le fa\u00e7onnement de notre soci\u00e9t\u00e9 mondiale. Ne manquez pas d&#8217;admirer le majestueux Jet d&#8217;Eau, une imposante fontaine d&#8217;eau devenue un embl\u00e8me de Gen\u00e8ve, qui s&#8217;\u00e9l\u00e8ve vers le ciel et captive les spectateurs par sa puissance et sa gr\u00e2ce. Plongez dans la culture vibrante de la ville et laissez-vous s\u00e9duire par la diversit\u00e9 de la sc\u00e8ne culinaire, les mus\u00e9es de classe mondiale et les parcs luxuriants qui font de Gen\u00e8ve une destination inoubliable.<\/span><\/p>\n<h2><b>D\u00e9couvrez d&#8217;autres circuits \u00e0 Gen\u00e8ve<\/b><\/h2>\n<p>&nbsp;<\/p>\n<p><span style=\"font-weight: 400;\">Vous souhaitez d\u00e9couvrir davantage Gen\u00e8ve et ses environs ? Tour Travel and More propose un large \u00e9ventail de visites priv\u00e9es adapt\u00e9es \u00e0 vos int\u00e9r\u00eats et \u00e0 vos pr\u00e9f\u00e9rences. <\/span><a href=\"https:\/\/tourtravelandmore.com\/fr\/city\/la-suisse-fr\/geneve\/\"><span style=\"font-weight: 400;\">Visitez notre site web pour d\u00e9couvrir notre vaste s\u00e9lection de circuits \u00e0 Gen\u00e8ve et trouver l&#8217;exp\u00e9rience parfaite pour votre prochaine aventure.<\/span><\/a><\/p>\n","protected":false},"excerpt":{"rendered":"<p><span style=\"font-weight: 400;\">D\u00e9couvrez le charme d&#8217;Annecy et de Gen\u00e8ve avec un tour priv\u00e9 de 8 heures, comprenant un v\u00e9hicule de luxe et un guide priv\u00e9. D\u00e9couvrez des paysages pittoresques et des sites historiques en explorant ces villes enchanteresses.<\/span><\/p>\n","protected":false},"featured_media":162939,"comment_status":"open","ping_status":"closed","template":"","meta":{"_acf_changed":false},"product_brand":[],"product_cat":[4343,4382],"product_tag":[],"class_list":{"0":"post-162958","1":"product","2":"type-product","3":"status-publish","4":"has-post-thumbnail","6":"product_cat-geneve","7":"product_cat-toutes-les-visites-et-activites-privees-fr-4","9":"first","10":"instock","11":"shipping-taxable","12":"purchasable","13":"product-type-simple"},"acf":[],"yoast_head":"<!-- This site is optimized with the Yoast SEO Premium plugin v25.3.1 (Yoast SEO v25.3.1) - https:\/\/yoast.com\/wordpress\/plugins\/seo\/ -->\n<title>\u27a1\ufe0f 8-Hour Private Tour of Annecy and Geneva | Tour Travel and More<\/title>\n<meta name=\"description\" content=\"D\u00e9couvrez la beaut\u00e9 d&#039;Annecy et de Gen\u00e8ve avec notre visite priv\u00e9e exclusive de 8 heures, comprenant un v\u00e9hicule de luxe, un guide priv\u00e9 et des visites de sites embl\u00e9matiques. R\u00e9servez votre exp\u00e9rience inoubliable d\u00e8s aujourd&#039;hui ! \u2705\" \/>\n<meta name=\"robots\" content=\"index, follow, max-snippet:-1, max-image-preview:large, max-video-preview:-1\" \/>\n<link rel=\"canonical\" href=\"https:\/\/tourtravelandmore.com\/fr\/tours\/la-suisse-fr\/geneve\/toutes-les-visites-et-activites-privees-fr-4\/tour-prive-dannecy-et-de-geneve\/\" \/>\n<meta property=\"og:locale\" content=\"fr_FR\" \/>\n<meta property=\"og:type\" content=\"article\" \/>\n<meta property=\"og:title\" content=\"Tour priv\u00e9 d&#039;Annecy et de Gen\u00e8ve\" \/>\n<meta property=\"og:description\" content=\"D\u00e9couvrez la beaut\u00e9 d&#039;Annecy et de Gen\u00e8ve avec notre visite priv\u00e9e exclusive de 8 heures, comprenant un v\u00e9hicule de luxe, un guide priv\u00e9 et des visites de sites embl\u00e9matiques. R\u00e9servez votre exp\u00e9rience inoubliable d\u00e8s aujourd&#039;hui ! \u2705\" \/>\n<meta property=\"og:url\" content=\"https:\/\/tourtravelandmore.com\/fr\/tours\/la-suisse-fr\/geneve\/toutes-les-visites-et-activites-privees-fr-4\/tour-prive-dannecy-et-de-geneve\/\" \/>\n<meta property=\"og:site_name\" content=\"Tour Travel And More\" \/>\n<meta property=\"article:publisher\" content=\"https:\/\/www.facebook.com\/tourtravelandmore\/\" \/>\n<meta property=\"article:modified_time\" content=\"2023-04-20T04:43:47+00:00\" \/>\n<meta property=\"og:image\" content=\"https:\/\/tourtravelandmore.com\/wp-content\/uploads\/2023\/04\/image2-9.jpg\" \/>\n\t<meta property=\"og:image:width\" content=\"950\" \/>\n\t<meta property=\"og:image:height\" content=\"750\" \/>\n\t<meta property=\"og:image:type\" content=\"image\/jpeg\" \/>\n<meta name=\"twitter:card\" content=\"summary_large_image\" \/>\n<meta name=\"twitter:site\" content=\"@TourTravel_More\" \/>\n<meta name=\"twitter:label1\" content=\"Dur\u00e9e de lecture estim\u00e9e\" \/>\n\t<meta name=\"twitter:data1\" content=\"5 minutes\" \/>\n<script type=\"application\/ld+json\" class=\"yoast-schema-graph\">{\"@context\":\"https:\/\/schema.org\",\"@graph\":[{\"@type\":\"WebPage\",\"@id\":\"https:\/\/tourtravelandmore.com\/fr\/tours\/la-suisse-fr\/geneve\/toutes-les-visites-et-activites-privees-fr-4\/tour-prive-dannecy-et-de-geneve\/\",\"url\":\"https:\/\/tourtravelandmore.com\/fr\/tours\/la-suisse-fr\/geneve\/toutes-les-visites-et-activites-privees-fr-4\/tour-prive-dannecy-et-de-geneve\/\",\"name\":\"\u27a1\ufe0f 8-Hour Private Tour of Annecy and Geneva | Tour Travel and More\",\"isPartOf\":{\"@id\":\"https:\/\/tourtravelandmore.com\/fr\/#website\"},\"primaryImageOfPage\":{\"@id\":\"https:\/\/tourtravelandmore.com\/fr\/tours\/la-suisse-fr\/geneve\/toutes-les-visites-et-activites-privees-fr-4\/tour-prive-dannecy-et-de-geneve\/#primaryimage\"},\"image\":{\"@id\":\"https:\/\/tourtravelandmore.com\/fr\/tours\/la-suisse-fr\/geneve\/toutes-les-visites-et-activites-privees-fr-4\/tour-prive-dannecy-et-de-geneve\/#primaryimage\"},\"thumbnailUrl\":\"https:\/\/tourtravelandmore.com\/wp-content\/uploads\/2023\/04\/image2-9.jpg\",\"datePublished\":\"2023-04-20T04:33:12+00:00\",\"dateModified\":\"2023-04-20T04:43:47+00:00\",\"description\":\"D\u00e9couvrez la beaut\u00e9 d'Annecy et de Gen\u00e8ve avec notre visite priv\u00e9e exclusive de 8 heures, comprenant un v\u00e9hicule de luxe, un guide priv\u00e9 et des visites de sites embl\u00e9matiques. R\u00e9servez votre exp\u00e9rience inoubliable d\u00e8s aujourd'hui ! \u2705\",\"breadcrumb\":{\"@id\":\"https:\/\/tourtravelandmore.com\/fr\/tours\/la-suisse-fr\/geneve\/toutes-les-visites-et-activites-privees-fr-4\/tour-prive-dannecy-et-de-geneve\/#breadcrumb\"},\"inLanguage\":\"fr-FR\",\"potentialAction\":[{\"@type\":\"ReadAction\",\"target\":[\"https:\/\/tourtravelandmore.com\/fr\/tours\/la-suisse-fr\/geneve\/toutes-les-visites-et-activites-privees-fr-4\/tour-prive-dannecy-et-de-geneve\/\"]}]},{\"@type\":\"ImageObject\",\"inLanguage\":\"fr-FR\",\"@id\":\"https:\/\/tourtravelandmore.com\/fr\/tours\/la-suisse-fr\/geneve\/toutes-les-visites-et-activites-privees-fr-4\/tour-prive-dannecy-et-de-geneve\/#primaryimage\",\"url\":\"https:\/\/tourtravelandmore.com\/wp-content\/uploads\/2023\/04\/image2-9.jpg\",\"contentUrl\":\"https:\/\/tourtravelandmore.com\/wp-content\/uploads\/2023\/04\/image2-9.jpg\",\"width\":950,\"height\":750},{\"@type\":\"BreadcrumbList\",\"@id\":\"https:\/\/tourtravelandmore.com\/fr\/tours\/la-suisse-fr\/geneve\/toutes-les-visites-et-activites-privees-fr-4\/tour-prive-dannecy-et-de-geneve\/#breadcrumb\",\"itemListElement\":[{\"@type\":\"ListItem\",\"position\":1,\"name\":\"Home\",\"item\":\"https:\/\/tourtravelandmore.com\/fr\/\"},{\"@type\":\"ListItem\",\"position\":2,\"name\":\"Tours\",\"item\":\"https:\/\/tourtravelandmore.com\/fr\/tours\/\"},{\"@type\":\"ListItem\",\"position\":3,\"name\":\"Tour priv\u00e9 d&rsquo;Annecy et de Gen\u00e8ve\"}]},{\"@type\":\"WebSite\",\"@id\":\"https:\/\/tourtravelandmore.com\/fr\/#website\",\"url\":\"https:\/\/tourtravelandmore.com\/fr\/\",\"name\":\"Tour Travel And More\",\"description\":\"Private sightseeing tours and luxury transfers in Spain\",\"publisher\":{\"@id\":\"https:\/\/tourtravelandmore.com\/fr\/#organization\"},\"potentialAction\":[{\"@type\":\"SearchAction\",\"target\":{\"@type\":\"EntryPoint\",\"urlTemplate\":\"https:\/\/tourtravelandmore.com\/fr\/?s={search_term_string}\"},\"query-input\":{\"@type\":\"PropertyValueSpecification\",\"valueRequired\":true,\"valueName\":\"search_term_string\"}}],\"inLanguage\":\"fr-FR\"},{\"@type\":\"Organization\",\"@id\":\"https:\/\/tourtravelandmore.com\/fr\/#organization\",\"name\":\"Tour Travel And More\",\"url\":\"https:\/\/tourtravelandmore.com\/fr\/\",\"logo\":{\"@type\":\"ImageObject\",\"inLanguage\":\"fr-FR\",\"@id\":\"https:\/\/tourtravelandmore.com\/fr\/#\/schema\/logo\/image\/\",\"url\":\"https:\/\/tourtravelandmore.com\/wp-content\/uploads\/2022\/12\/cropped-logo-cabecera-new.png\",\"contentUrl\":\"https:\/\/tourtravelandmore.com\/wp-content\/uploads\/2022\/12\/cropped-logo-cabecera-new.png\",\"width\":430,\"height\":61,\"caption\":\"Tour Travel And More\"},\"image\":{\"@id\":\"https:\/\/tourtravelandmore.com\/fr\/#\/schema\/logo\/image\/\"},\"sameAs\":[\"https:\/\/www.facebook.com\/tourtravelandmore\/\",\"https:\/\/x.com\/TourTravel_More\"]}]}<\/script>\n<!-- \/ Yoast SEO Premium plugin. -->","yoast_head_json":{"title":"\u27a1\ufe0f 8-Hour Private Tour of Annecy and Geneva | Tour Travel and More","description":"D\u00e9couvrez la beaut\u00e9 d'Annecy et de Gen\u00e8ve avec notre visite priv\u00e9e exclusive de 8 heures, comprenant un v\u00e9hicule de luxe, un guide priv\u00e9 et des visites de sites embl\u00e9matiques. R\u00e9servez votre exp\u00e9rience inoubliable d\u00e8s aujourd'hui ! \u2705","robots":{"index":"index","follow":"follow","max-snippet":"max-snippet:-1","max-image-preview":"max-image-preview:large","max-video-preview":"max-video-preview:-1"},"canonical":"https:\/\/tourtravelandmore.com\/fr\/tours\/la-suisse-fr\/geneve\/toutes-les-visites-et-activites-privees-fr-4\/tour-prive-dannecy-et-de-geneve\/","og_locale":"fr_FR","og_type":"article","og_title":"Tour priv\u00e9 d'Annecy et de Gen\u00e8ve","og_description":"D\u00e9couvrez la beaut\u00e9 d'Annecy et de Gen\u00e8ve avec notre visite priv\u00e9e exclusive de 8 heures, comprenant un v\u00e9hicule de luxe, un guide priv\u00e9 et des visites de sites embl\u00e9matiques. R\u00e9servez votre exp\u00e9rience inoubliable d\u00e8s aujourd'hui ! \u2705","og_url":"https:\/\/tourtravelandmore.com\/fr\/tours\/la-suisse-fr\/geneve\/toutes-les-visites-et-activites-privees-fr-4\/tour-prive-dannecy-et-de-geneve\/","og_site_name":"Tour Travel And More","article_publisher":"https:\/\/www.facebook.com\/tourtravelandmore\/","article_modified_time":"2023-04-20T04:43:47+00:00","og_image":[{"width":950,"height":750,"url":"https:\/\/tourtravelandmore.com\/wp-content\/uploads\/2023\/04\/image2-9.jpg","type":"image\/jpeg"}],"twitter_card":"summary_large_image","twitter_site":"@TourTravel_More","twitter_misc":{"Dur\u00e9e de lecture estim\u00e9e":"5 minutes"},"schema":{"@context":"https:\/\/schema.org","@graph":[{"@type":"WebPage","@id":"https:\/\/tourtravelandmore.com\/fr\/tours\/la-suisse-fr\/geneve\/toutes-les-visites-et-activites-privees-fr-4\/tour-prive-dannecy-et-de-geneve\/","url":"https:\/\/tourtravelandmore.com\/fr\/tours\/la-suisse-fr\/geneve\/toutes-les-visites-et-activites-privees-fr-4\/tour-prive-dannecy-et-de-geneve\/","name":"\u27a1\ufe0f 8-Hour Private Tour of Annecy and Geneva | Tour Travel and More","isPartOf":{"@id":"https:\/\/tourtravelandmore.com\/fr\/#website"},"primaryImageOfPage":{"@id":"https:\/\/tourtravelandmore.com\/fr\/tours\/la-suisse-fr\/geneve\/toutes-les-visites-et-activites-privees-fr-4\/tour-prive-dannecy-et-de-geneve\/#primaryimage"},"image":{"@id":"https:\/\/tourtravelandmore.com\/fr\/tours\/la-suisse-fr\/geneve\/toutes-les-visites-et-activites-privees-fr-4\/tour-prive-dannecy-et-de-geneve\/#primaryimage"},"thumbnailUrl":"https:\/\/tourtravelandmore.com\/wp-content\/uploads\/2023\/04\/image2-9.jpg","datePublished":"2023-04-20T04:33:12+00:00","dateModified":"2023-04-20T04:43:47+00:00","description":"D\u00e9couvrez la beaut\u00e9 d'Annecy et de Gen\u00e8ve avec notre visite priv\u00e9e exclusive de 8 heures, comprenant un v\u00e9hicule de luxe, un guide priv\u00e9 et des visites de sites embl\u00e9matiques. R\u00e9servez votre exp\u00e9rience inoubliable d\u00e8s aujourd'hui ! \u2705","breadcrumb":{"@id":"https:\/\/tourtravelandmore.com\/fr\/tours\/la-suisse-fr\/geneve\/toutes-les-visites-et-activites-privees-fr-4\/tour-prive-dannecy-et-de-geneve\/#breadcrumb"},"inLanguage":"fr-FR","potentialAction":[{"@type":"ReadAction","target":["https:\/\/tourtravelandmore.com\/fr\/tours\/la-suisse-fr\/geneve\/toutes-les-visites-et-activites-privees-fr-4\/tour-prive-dannecy-et-de-geneve\/"]}]},{"@type":"ImageObject","inLanguage":"fr-FR","@id":"https:\/\/tourtravelandmore.com\/fr\/tours\/la-suisse-fr\/geneve\/toutes-les-visites-et-activites-privees-fr-4\/tour-prive-dannecy-et-de-geneve\/#primaryimage","url":"https:\/\/tourtravelandmore.com\/wp-content\/uploads\/2023\/04\/image2-9.jpg","contentUrl":"https:\/\/tourtravelandmore.com\/wp-content\/uploads\/2023\/04\/image2-9.jpg","width":950,"height":750},{"@type":"BreadcrumbList","@id":"https:\/\/tourtravelandmore.com\/fr\/tours\/la-suisse-fr\/geneve\/toutes-les-visites-et-activites-privees-fr-4\/tour-prive-dannecy-et-de-geneve\/#breadcrumb","itemListElement":[{"@type":"ListItem","position":1,"name":"Home","item":"https:\/\/tourtravelandmore.com\/fr\/"},{"@type":"ListItem","position":2,"name":"Tours","item":"https:\/\/tourtravelandmore.com\/fr\/tours\/"},{"@type":"ListItem","position":3,"name":"Tour priv\u00e9 d&rsquo;Annecy et de Gen\u00e8ve"}]},{"@type":"WebSite","@id":"https:\/\/tourtravelandmore.com\/fr\/#website","url":"https:\/\/tourtravelandmore.com\/fr\/","name":"Tour Travel And More","description":"Private sightseeing tours and luxury transfers in Spain","publisher":{"@id":"https:\/\/tourtravelandmore.com\/fr\/#organization"},"potentialAction":[{"@type":"SearchAction","target":{"@type":"EntryPoint","urlTemplate":"https:\/\/tourtravelandmore.com\/fr\/?s={search_term_string}"},"query-input":{"@type":"PropertyValueSpecification","valueRequired":true,"valueName":"search_term_string"}}],"inLanguage":"fr-FR"},{"@type":"Organization","@id":"https:\/\/tourtravelandmore.com\/fr\/#organization","name":"Tour Travel And More","url":"https:\/\/tourtravelandmore.com\/fr\/","logo":{"@type":"ImageObject","inLanguage":"fr-FR","@id":"https:\/\/tourtravelandmore.com\/fr\/#\/schema\/logo\/image\/","url":"https:\/\/tourtravelandmore.com\/wp-content\/uploads\/2022\/12\/cropped-logo-cabecera-new.png","contentUrl":"https:\/\/tourtravelandmore.com\/wp-content\/uploads\/2022\/12\/cropped-logo-cabecera-new.png","width":430,"height":61,"caption":"Tour Travel And More"},"image":{"@id":"https:\/\/tourtravelandmore.com\/fr\/#\/schema\/logo\/image\/"},"sameAs":["https:\/\/www.facebook.com\/tourtravelandmore\/","https:\/\/x.com\/TourTravel_More"]}]}},"_links":{"self":[{"href":"https:\/\/tourtravelandmore.com\/fr\/wp-json\/wp\/v2\/product\/162958","targetHints":{"allow":["GET"]}}],"collection":[{"href":"https:\/\/tourtravelandmore.com\/fr\/wp-json\/wp\/v2\/product"}],"about":[{"href":"https:\/\/tourtravelandmore.com\/fr\/wp-json\/wp\/v2\/types\/product"}],"replies":[{"embeddable":true,"href":"https:\/\/tourtravelandmore.com\/fr\/wp-json\/wp\/v2\/comments?post=162958"}],"wp:featuredmedia":[{"embeddable":true,"href":"https:\/\/tourtravelandmore.com\/fr\/wp-json\/wp\/v2\/media\/162939"}],"wp:attachment":[{"href":"https:\/\/tourtravelandmore.com\/fr\/wp-json\/wp\/v2\/media?parent=162958"}],"wp:term":[{"taxonomy":"product_brand","embeddable":true,"href":"https:\/\/tourtravelandmore.com\/fr\/wp-json\/wp\/v2\/product_brand?post=162958"},{"taxonomy":"product_cat","embeddable":true,"href":"https:\/\/tourtravelandmore.com\/fr\/wp-json\/wp\/v2\/product_cat?post=162958"},{"taxonomy":"product_tag","embeddable":true,"href":"https:\/\/tourtravelandmore.com\/fr\/wp-json\/wp\/v2\/product_tag?post=162958"}],"curies":[{"name":"wp","href":"https:\/\/api.w.org\/{rel}","templated":true}]}}