{"id":162639,"date":"2023-04-18T04:18:42","date_gmt":"2023-04-18T02:18:42","guid":{"rendered":"https:\/\/tourtravelandmore.com\/tours\/non%20class\u00e9\/visite-privee-dannecy-au-depart-de-geneve\/"},"modified":"2023-04-18T04:26:44","modified_gmt":"2023-04-18T02:26:44","slug":"visite-privee-dannecy-au-depart-de-geneve","status":"publish","type":"product","link":"https:\/\/tourtravelandmore.com\/fr\/tours\/la-suisse-fr\/geneve\/toutes-les-visites-et-activites-privees-fr-4\/visite-privee-dannecy-au-depart-de-geneve\/","title":{"rendered":"Visite priv\u00e9e d&#8217;Annecy au d\u00e9part de Gen\u00e8ve"},"content":{"rendered":"<h2><b>Visite priv\u00e9e d&#8217;Annecy au d\u00e9part de Gen\u00e8ve Description<\/b><\/h2>\n<p><span style=\"font-weight: 400;\">Embarquez pour une charmante visite priv\u00e9e de 5 heures \u00e0 Annecy au d\u00e9part de Gen\u00e8ve, propos\u00e9e par Tour Travel and More. Dans le confort d&#8217;un v\u00e9hicule priv\u00e9 de luxe et accompagn\u00e9 d&#8217;un guide expert, vous explorerez la ville pittoresque d&#8217;Annecy, souvent surnomm\u00e9e la &#8220;Venise des Alpes&#8221;. R\u00e9put\u00e9e pour son architecture \u00e9tonnante, son charme historique et ses canaux sereins, cette visite promet de vous faire vivre une exp\u00e9rience inoubliable en vous faisant d\u00e9couvrir la magie d&#8217;Annecy. Nos guides professionnels adapteront l&#8217;excursion \u00e0 vos pr\u00e9f\u00e9rences, vous garantissant un voyage personnalis\u00e9 et immersif \u00e0 travers cette captivante ville alpine.<\/span><\/p>\n<h2><b>Visite priv\u00e9e d&#8217;Annecy au d\u00e9part de Gen\u00e8ve points d&#8217;int\u00e9r\u00eat<\/b><\/h2>\n<p><span style=\"font-weight: 400;\">Laissez-vous s\u00e9duire par la beaut\u00e9 des sites les plus embl\u00e9matiques et des tr\u00e9sors cach\u00e9s d&#8217;Annecy. Nos guides exp\u00e9riment\u00e9s vous conduiront dans un voyage captivant \u00e0 travers la riche histoire de la ville, sa culture et ses paysages \u00e0 couper le souffle. Des rues enchanteresses de la vieille ville \u00e0 l&#8217;impressionnant Ch\u00e2teau d&#8217;Annecy, cette visite priv\u00e9e pr\u00e9sente le meilleur de ce que la ville a \u00e0 offrir. En chemin, vous aurez l&#8217;occasion de d\u00e9couvrir de charmants canaux, des march\u00e9s anim\u00e9s et des vues panoramiques \u00e9poustouflantes, tout en acqu\u00e9rant un aper\u00e7u unique du patrimoine de la ville et de son importance dans la pittoresque r\u00e9gion alpine.<\/span><\/p>\n<h3><b>Vieille ville d&#8217;Annecy<\/b><\/h3>\n<p><span style=\"font-weight: 400;\">La vieille ville d&#8217;Annecy, avec ses rues pav\u00e9es \u00e9troites et ses b\u00e2timents color\u00e9s, est un lieu incontournable pour les visiteurs. Son atmosph\u00e8re charmante, ses march\u00e9s anim\u00e9s et ses charmantes boutiques en font un lieu id\u00e9al pour explorer et s&#8217;impr\u00e9gner de l&#8217;histoire de la ville. D\u00e9couvrez les canaux et les ponts pittoresques qui ont valu \u00e0 Annecy son surnom de &#8220;Venise des Alpes&#8221;. Fl\u00e2nez dans les rues anim\u00e9es, admirez la beaut\u00e9 de l&#8217;architecture et laissez-vous tenter par les d\u00e9lices culinaires locaux en d\u00e9couvrant le c\u0153ur vibrant d&#8217;Annecy.<\/span><\/p>\n<h3><b>Ch\u00e2teau d&#8217;Annecy<\/b><\/h3>\n<p><span style=\"font-weight: 400;\">Le Ch\u00e2teau d&#8217;Annecy est un magnifique ch\u00e2teau perch\u00e9 au sommet d&#8217;une colline surplombant la ville. Autrefois r\u00e9sidence des comtes de Gen\u00e8ve, ce site historique abrite aujourd&#8217;hui un mus\u00e9e qui pr\u00e9sente l&#8217;art et les objets r\u00e9gionaux. L&#8217;architecture impressionnante du ch\u00e2teau et ses vues panoramiques \u00e9poustouflantes en font l&#8217;une des destinations pr\u00e9f\u00e9r\u00e9es des touristes qui visitent Annecy. Explorez les expositions fascinantes, admirez les salles magnifiquement restaur\u00e9es et profitez du paysage \u00e0 couper le souffle pour vous plonger dans la riche histoire de cette remarquable forteresse.<\/span><\/p>\n<h3><b>Palais de l&#8217;Isle<\/b><\/h3>\n<p><span style=\"font-weight: 400;\">Le Palais de l&#8217;Isle est un \u00e9difice du XIIe si\u00e8cle situ\u00e9 sur une \u00eele de la rivi\u00e8re Thiou. Ce monument embl\u00e9matique, autrefois prison et aujourd&#8217;hui mus\u00e9e, est une merveille architecturale qui t\u00e9moigne de la riche histoire d&#8217;Annecy. Son cadre pittoresque et sa structure triangulaire unique en font un site incontournable de votre voyage \u00e0 Annecy. Vous y d\u00e9couvrirez des expositions passionnantes, vous apprendrez l&#8217;histoire du b\u00e2timent et vous prendrez de superbes photos de ce symbole embl\u00e9matique du patrimoine d&#8217;Annecy.<\/span><\/p>\n<h3><b>Le lac d&#8217;Annecy<\/b><\/h3>\n<p><span style=\"font-weight: 400;\">Le lac d&#8217;Annecy, l&#8217;un des lacs les plus propres d&#8217;Europe, est r\u00e9put\u00e9 pour ses eaux cristallines et ses magnifiques montagnes environnantes. Nich\u00e9 au pied des Alpes fran\u00e7aises, le lac offre un cadre pittoresque aux amateurs de plein air et aux amoureux de la nature. Profitez d&#8217;une promenade en bateau, d\u00e9tendez-vous sur le rivage ou pratiquez des sports nautiques tels que le kayak et le paddleboard. La beaut\u00e9 \u00e9poustouflante du lac d&#8217;Annecy en fait une \u00e9tape incontournable de votre visite \u00e0 Annecy.<\/span><\/p>\n<h3><b>Jardins de l&#8217;Europe<\/b><\/h3>\n<p><span style=\"font-weight: 400;\">Les Jardins de l&#8217;Europe sont un parc magnifiquement am\u00e9nag\u00e9 situ\u00e9 sur les rives du lac d&#8217;Annecy. Cette oasis luxuriante est id\u00e9ale pour une promenade ou un pique-nique, offrant une retraite paisible \u00e0 l&#8217;\u00e9cart de l&#8217;agitation de la ville. Admirez la diversit\u00e9 de la flore et de la faune, les sculptures enchanteresses et les arbres centenaires qui cr\u00e9ent une atmosph\u00e8re sereine au c\u0153ur d&#8217;Annecy. Les Jardins de l&#8217;Europe sont un lieu agr\u00e9able pour se d\u00e9tendre et appr\u00e9cier la beaut\u00e9 naturelle de la r\u00e9gion.<\/span><\/p>\n<h3><b>Basilique de la Visitation<\/b><\/h3>\n<p><span style=\"font-weight: 400;\">La Basilique de la Visitation est une \u00e9tonnante \u00e9glise du XXe si\u00e8cle situ\u00e9e sur une colline surplombant Annecy. Avec son architecture saisissante et ses vues incroyables sur la ville et le lac d&#8217;Annecy, la basilique est une destination \u00e0 ne pas manquer, tant pour sa signification spirituelle que pour son cadre grandiose. Explorez le magnifique int\u00e9rieur orn\u00e9 de fresques, de mosa\u00efques et de vitraux, et prenez le temps de vous recueillir dans ce sanctuaire paisible lors de votre voyage \u00e0 Annecy.<\/span><\/p>\n<p><span style=\"font-weight: 400;\">Tour Travel and More propose un large \u00e9ventail de visites priv\u00e9es \u00e0 Gen\u00e8ve et dans ses environs, r\u00e9pondant \u00e0 divers int\u00e9r\u00eats et pr\u00e9f\u00e9rences. <\/span><a href=\"https:\/\/tourtravelandmore.com\/fr\/city\/la-suisse-fr\/geneve\/\"><span style=\"font-weight: 400;\">Explorez notre vaste liste de visites et d\u00e9couvrez l&#8217;exp\u00e9rience parfaite pour rendre votre visite \u00e0 Gen\u00e8ve vraiment inoubliable.<\/span><\/a><\/p>\n<p>&nbsp;<\/p>\n","protected":false},"excerpt":{"rendered":"<p><span style=\"font-weight: 400;\">D\u00e9couvrez le charme captivant d&#8217;Annecy lors d&#8217;une visite priv\u00e9e de 5 heures au d\u00e9part de Gen\u00e8ve, avec un v\u00e9hicule de luxe, un guide expert et des visites de sites embl\u00e9matiques tels que la vieille ville, le Ch\u00e2teau d&#8217;Annecy et le Palais de l&#8217;Isle.<\/span><\/p>\n","protected":false},"featured_media":162623,"comment_status":"open","ping_status":"closed","template":"","meta":{"_acf_changed":false},"product_brand":[],"product_cat":[4343,4382],"product_tag":[],"class_list":{"0":"post-162639","1":"product","2":"type-product","3":"status-publish","4":"has-post-thumbnail","6":"product_cat-geneve","7":"product_cat-toutes-les-visites-et-activites-privees-fr-4","9":"first","10":"instock","11":"shipping-taxable","12":"purchasable","13":"product-type-simple"},"acf":[],"yoast_head":"<!-- This site is optimized with the Yoast SEO Premium plugin v25.3.1 (Yoast SEO v25.3.1) - https:\/\/yoast.com\/wordpress\/plugins\/seo\/ -->\n<title>\u27a1\ufe0f Private Tour to Annecy from Geneva with Luxury Vehicle and Expert Guide<\/title>\n<meta name=\"description\" content=\"D\u00e9couvrez la &quot;Venise des Alpes&quot; lors d&#039;une visite priv\u00e9e de 5 heures de Gen\u00e8ve \u00e0 Annecy, avec un v\u00e9hicule de luxe, un guide expert et des sites embl\u00e9matiques. R\u00e9servez d\u00e8s maintenant ! \u2705\" \/>\n<meta name=\"robots\" content=\"index, follow, max-snippet:-1, max-image-preview:large, max-video-preview:-1\" \/>\n<link rel=\"canonical\" href=\"https:\/\/tourtravelandmore.com\/fr\/tours\/la-suisse-fr\/geneve\/toutes-les-visites-et-activites-privees-fr-4\/visite-privee-dannecy-au-depart-de-geneve\/\" \/>\n<meta property=\"og:locale\" content=\"fr_FR\" \/>\n<meta property=\"og:type\" content=\"article\" \/>\n<meta property=\"og:title\" content=\"Visite priv\u00e9e d&#039;Annecy au d\u00e9part de Gen\u00e8ve\" \/>\n<meta property=\"og:description\" content=\"D\u00e9couvrez la &quot;Venise des Alpes&quot; lors d&#039;une visite priv\u00e9e de 5 heures de Gen\u00e8ve \u00e0 Annecy, avec un v\u00e9hicule de luxe, un guide expert et des sites embl\u00e9matiques. R\u00e9servez d\u00e8s maintenant ! \u2705\" \/>\n<meta property=\"og:url\" content=\"https:\/\/tourtravelandmore.com\/fr\/tours\/la-suisse-fr\/geneve\/toutes-les-visites-et-activites-privees-fr-4\/visite-privee-dannecy-au-depart-de-geneve\/\" \/>\n<meta property=\"og:site_name\" content=\"Tour Travel And More\" \/>\n<meta property=\"article:publisher\" content=\"https:\/\/www.facebook.com\/tourtravelandmore\/\" \/>\n<meta property=\"article:modified_time\" content=\"2023-04-18T02:26:44+00:00\" \/>\n<meta property=\"og:image\" content=\"https:\/\/tourtravelandmore.com\/wp-content\/uploads\/2023\/04\/image3-8.jpg\" \/>\n\t<meta property=\"og:image:width\" content=\"950\" \/>\n\t<meta property=\"og:image:height\" content=\"750\" \/>\n\t<meta property=\"og:image:type\" content=\"image\/jpeg\" \/>\n<meta name=\"twitter:card\" content=\"summary_large_image\" \/>\n<meta name=\"twitter:site\" content=\"@TourTravel_More\" \/>\n<meta name=\"twitter:label1\" content=\"Dur\u00e9e de lecture estim\u00e9e\" \/>\n\t<meta name=\"twitter:data1\" content=\"4 minutes\" \/>\n<script type=\"application\/ld+json\" class=\"yoast-schema-graph\">{\"@context\":\"https:\/\/schema.org\",\"@graph\":[{\"@type\":\"WebPage\",\"@id\":\"https:\/\/tourtravelandmore.com\/fr\/tours\/la-suisse-fr\/geneve\/toutes-les-visites-et-activites-privees-fr-4\/visite-privee-dannecy-au-depart-de-geneve\/\",\"url\":\"https:\/\/tourtravelandmore.com\/fr\/tours\/la-suisse-fr\/geneve\/toutes-les-visites-et-activites-privees-fr-4\/visite-privee-dannecy-au-depart-de-geneve\/\",\"name\":\"\u27a1\ufe0f Private Tour to Annecy from Geneva with Luxury Vehicle and Expert Guide\",\"isPartOf\":{\"@id\":\"https:\/\/tourtravelandmore.com\/fr\/#website\"},\"primaryImageOfPage\":{\"@id\":\"https:\/\/tourtravelandmore.com\/fr\/tours\/la-suisse-fr\/geneve\/toutes-les-visites-et-activites-privees-fr-4\/visite-privee-dannecy-au-depart-de-geneve\/#primaryimage\"},\"image\":{\"@id\":\"https:\/\/tourtravelandmore.com\/fr\/tours\/la-suisse-fr\/geneve\/toutes-les-visites-et-activites-privees-fr-4\/visite-privee-dannecy-au-depart-de-geneve\/#primaryimage\"},\"thumbnailUrl\":\"https:\/\/tourtravelandmore.com\/wp-content\/uploads\/2023\/04\/image3-8.jpg\",\"datePublished\":\"2023-04-18T02:18:42+00:00\",\"dateModified\":\"2023-04-18T02:26:44+00:00\",\"description\":\"D\u00e9couvrez la \\\"Venise des Alpes\\\" lors d'une visite priv\u00e9e de 5 heures de Gen\u00e8ve \u00e0 Annecy, avec un v\u00e9hicule de luxe, un guide expert et des sites embl\u00e9matiques. R\u00e9servez d\u00e8s maintenant ! \u2705\",\"breadcrumb\":{\"@id\":\"https:\/\/tourtravelandmore.com\/fr\/tours\/la-suisse-fr\/geneve\/toutes-les-visites-et-activites-privees-fr-4\/visite-privee-dannecy-au-depart-de-geneve\/#breadcrumb\"},\"inLanguage\":\"fr-FR\",\"potentialAction\":[{\"@type\":\"ReadAction\",\"target\":[\"https:\/\/tourtravelandmore.com\/fr\/tours\/la-suisse-fr\/geneve\/toutes-les-visites-et-activites-privees-fr-4\/visite-privee-dannecy-au-depart-de-geneve\/\"]}]},{\"@type\":\"ImageObject\",\"inLanguage\":\"fr-FR\",\"@id\":\"https:\/\/tourtravelandmore.com\/fr\/tours\/la-suisse-fr\/geneve\/toutes-les-visites-et-activites-privees-fr-4\/visite-privee-dannecy-au-depart-de-geneve\/#primaryimage\",\"url\":\"https:\/\/tourtravelandmore.com\/wp-content\/uploads\/2023\/04\/image3-8.jpg\",\"contentUrl\":\"https:\/\/tourtravelandmore.com\/wp-content\/uploads\/2023\/04\/image3-8.jpg\",\"width\":950,\"height\":750},{\"@type\":\"BreadcrumbList\",\"@id\":\"https:\/\/tourtravelandmore.com\/fr\/tours\/la-suisse-fr\/geneve\/toutes-les-visites-et-activites-privees-fr-4\/visite-privee-dannecy-au-depart-de-geneve\/#breadcrumb\",\"itemListElement\":[{\"@type\":\"ListItem\",\"position\":1,\"name\":\"Home\",\"item\":\"https:\/\/tourtravelandmore.com\/fr\/\"},{\"@type\":\"ListItem\",\"position\":2,\"name\":\"Tours\",\"item\":\"https:\/\/tourtravelandmore.com\/fr\/tours\/\"},{\"@type\":\"ListItem\",\"position\":3,\"name\":\"Visite priv\u00e9e d&rsquo;Annecy au d\u00e9part de Gen\u00e8ve\"}]},{\"@type\":\"WebSite\",\"@id\":\"https:\/\/tourtravelandmore.com\/fr\/#website\",\"url\":\"https:\/\/tourtravelandmore.com\/fr\/\",\"name\":\"Tour Travel And More\",\"description\":\"Private sightseeing tours and luxury transfers in Spain\",\"publisher\":{\"@id\":\"https:\/\/tourtravelandmore.com\/fr\/#organization\"},\"potentialAction\":[{\"@type\":\"SearchAction\",\"target\":{\"@type\":\"EntryPoint\",\"urlTemplate\":\"https:\/\/tourtravelandmore.com\/fr\/?s={search_term_string}\"},\"query-input\":{\"@type\":\"PropertyValueSpecification\",\"valueRequired\":true,\"valueName\":\"search_term_string\"}}],\"inLanguage\":\"fr-FR\"},{\"@type\":\"Organization\",\"@id\":\"https:\/\/tourtravelandmore.com\/fr\/#organization\",\"name\":\"Tour Travel And More\",\"url\":\"https:\/\/tourtravelandmore.com\/fr\/\",\"logo\":{\"@type\":\"ImageObject\",\"inLanguage\":\"fr-FR\",\"@id\":\"https:\/\/tourtravelandmore.com\/fr\/#\/schema\/logo\/image\/\",\"url\":\"https:\/\/tourtravelandmore.com\/wp-content\/uploads\/2022\/12\/cropped-logo-cabecera-new.png\",\"contentUrl\":\"https:\/\/tourtravelandmore.com\/wp-content\/uploads\/2022\/12\/cropped-logo-cabecera-new.png\",\"width\":430,\"height\":61,\"caption\":\"Tour Travel And More\"},\"image\":{\"@id\":\"https:\/\/tourtravelandmore.com\/fr\/#\/schema\/logo\/image\/\"},\"sameAs\":[\"https:\/\/www.facebook.com\/tourtravelandmore\/\",\"https:\/\/x.com\/TourTravel_More\"]}]}<\/script>\n<!-- \/ Yoast SEO Premium plugin. -->","yoast_head_json":{"title":"\u27a1\ufe0f Private Tour to Annecy from Geneva with Luxury Vehicle and Expert Guide","description":"D\u00e9couvrez la \"Venise des Alpes\" lors d'une visite priv\u00e9e de 5 heures de Gen\u00e8ve \u00e0 Annecy, avec un v\u00e9hicule de luxe, un guide expert et des sites embl\u00e9matiques. R\u00e9servez d\u00e8s maintenant ! \u2705","robots":{"index":"index","follow":"follow","max-snippet":"max-snippet:-1","max-image-preview":"max-image-preview:large","max-video-preview":"max-video-preview:-1"},"canonical":"https:\/\/tourtravelandmore.com\/fr\/tours\/la-suisse-fr\/geneve\/toutes-les-visites-et-activites-privees-fr-4\/visite-privee-dannecy-au-depart-de-geneve\/","og_locale":"fr_FR","og_type":"article","og_title":"Visite priv\u00e9e d'Annecy au d\u00e9part de Gen\u00e8ve","og_description":"D\u00e9couvrez la \"Venise des Alpes\" lors d'une visite priv\u00e9e de 5 heures de Gen\u00e8ve \u00e0 Annecy, avec un v\u00e9hicule de luxe, un guide expert et des sites embl\u00e9matiques. R\u00e9servez d\u00e8s maintenant ! \u2705","og_url":"https:\/\/tourtravelandmore.com\/fr\/tours\/la-suisse-fr\/geneve\/toutes-les-visites-et-activites-privees-fr-4\/visite-privee-dannecy-au-depart-de-geneve\/","og_site_name":"Tour Travel And More","article_publisher":"https:\/\/www.facebook.com\/tourtravelandmore\/","article_modified_time":"2023-04-18T02:26:44+00:00","og_image":[{"width":950,"height":750,"url":"https:\/\/tourtravelandmore.com\/wp-content\/uploads\/2023\/04\/image3-8.jpg","type":"image\/jpeg"}],"twitter_card":"summary_large_image","twitter_site":"@TourTravel_More","twitter_misc":{"Dur\u00e9e de lecture estim\u00e9e":"4 minutes"},"schema":{"@context":"https:\/\/schema.org","@graph":[{"@type":"WebPage","@id":"https:\/\/tourtravelandmore.com\/fr\/tours\/la-suisse-fr\/geneve\/toutes-les-visites-et-activites-privees-fr-4\/visite-privee-dannecy-au-depart-de-geneve\/","url":"https:\/\/tourtravelandmore.com\/fr\/tours\/la-suisse-fr\/geneve\/toutes-les-visites-et-activites-privees-fr-4\/visite-privee-dannecy-au-depart-de-geneve\/","name":"\u27a1\ufe0f Private Tour to Annecy from Geneva with Luxury Vehicle and Expert Guide","isPartOf":{"@id":"https:\/\/tourtravelandmore.com\/fr\/#website"},"primaryImageOfPage":{"@id":"https:\/\/tourtravelandmore.com\/fr\/tours\/la-suisse-fr\/geneve\/toutes-les-visites-et-activites-privees-fr-4\/visite-privee-dannecy-au-depart-de-geneve\/#primaryimage"},"image":{"@id":"https:\/\/tourtravelandmore.com\/fr\/tours\/la-suisse-fr\/geneve\/toutes-les-visites-et-activites-privees-fr-4\/visite-privee-dannecy-au-depart-de-geneve\/#primaryimage"},"thumbnailUrl":"https:\/\/tourtravelandmore.com\/wp-content\/uploads\/2023\/04\/image3-8.jpg","datePublished":"2023-04-18T02:18:42+00:00","dateModified":"2023-04-18T02:26:44+00:00","description":"D\u00e9couvrez la \"Venise des Alpes\" lors d'une visite priv\u00e9e de 5 heures de Gen\u00e8ve \u00e0 Annecy, avec un v\u00e9hicule de luxe, un guide expert et des sites embl\u00e9matiques. R\u00e9servez d\u00e8s maintenant ! \u2705","breadcrumb":{"@id":"https:\/\/tourtravelandmore.com\/fr\/tours\/la-suisse-fr\/geneve\/toutes-les-visites-et-activites-privees-fr-4\/visite-privee-dannecy-au-depart-de-geneve\/#breadcrumb"},"inLanguage":"fr-FR","potentialAction":[{"@type":"ReadAction","target":["https:\/\/tourtravelandmore.com\/fr\/tours\/la-suisse-fr\/geneve\/toutes-les-visites-et-activites-privees-fr-4\/visite-privee-dannecy-au-depart-de-geneve\/"]}]},{"@type":"ImageObject","inLanguage":"fr-FR","@id":"https:\/\/tourtravelandmore.com\/fr\/tours\/la-suisse-fr\/geneve\/toutes-les-visites-et-activites-privees-fr-4\/visite-privee-dannecy-au-depart-de-geneve\/#primaryimage","url":"https:\/\/tourtravelandmore.com\/wp-content\/uploads\/2023\/04\/image3-8.jpg","contentUrl":"https:\/\/tourtravelandmore.com\/wp-content\/uploads\/2023\/04\/image3-8.jpg","width":950,"height":750},{"@type":"BreadcrumbList","@id":"https:\/\/tourtravelandmore.com\/fr\/tours\/la-suisse-fr\/geneve\/toutes-les-visites-et-activites-privees-fr-4\/visite-privee-dannecy-au-depart-de-geneve\/#breadcrumb","itemListElement":[{"@type":"ListItem","position":1,"name":"Home","item":"https:\/\/tourtravelandmore.com\/fr\/"},{"@type":"ListItem","position":2,"name":"Tours","item":"https:\/\/tourtravelandmore.com\/fr\/tours\/"},{"@type":"ListItem","position":3,"name":"Visite priv\u00e9e d&rsquo;Annecy au d\u00e9part de Gen\u00e8ve"}]},{"@type":"WebSite","@id":"https:\/\/tourtravelandmore.com\/fr\/#website","url":"https:\/\/tourtravelandmore.com\/fr\/","name":"Tour Travel And More","description":"Private sightseeing tours and luxury transfers in Spain","publisher":{"@id":"https:\/\/tourtravelandmore.com\/fr\/#organization"},"potentialAction":[{"@type":"SearchAction","target":{"@type":"EntryPoint","urlTemplate":"https:\/\/tourtravelandmore.com\/fr\/?s={search_term_string}"},"query-input":{"@type":"PropertyValueSpecification","valueRequired":true,"valueName":"search_term_string"}}],"inLanguage":"fr-FR"},{"@type":"Organization","@id":"https:\/\/tourtravelandmore.com\/fr\/#organization","name":"Tour Travel And More","url":"https:\/\/tourtravelandmore.com\/fr\/","logo":{"@type":"ImageObject","inLanguage":"fr-FR","@id":"https:\/\/tourtravelandmore.com\/fr\/#\/schema\/logo\/image\/","url":"https:\/\/tourtravelandmore.com\/wp-content\/uploads\/2022\/12\/cropped-logo-cabecera-new.png","contentUrl":"https:\/\/tourtravelandmore.com\/wp-content\/uploads\/2022\/12\/cropped-logo-cabecera-new.png","width":430,"height":61,"caption":"Tour Travel And More"},"image":{"@id":"https:\/\/tourtravelandmore.com\/fr\/#\/schema\/logo\/image\/"},"sameAs":["https:\/\/www.facebook.com\/tourtravelandmore\/","https:\/\/x.com\/TourTravel_More"]}]}},"_links":{"self":[{"href":"https:\/\/tourtravelandmore.com\/fr\/wp-json\/wp\/v2\/product\/162639","targetHints":{"allow":["GET"]}}],"collection":[{"href":"https:\/\/tourtravelandmore.com\/fr\/wp-json\/wp\/v2\/product"}],"about":[{"href":"https:\/\/tourtravelandmore.com\/fr\/wp-json\/wp\/v2\/types\/product"}],"replies":[{"embeddable":true,"href":"https:\/\/tourtravelandmore.com\/fr\/wp-json\/wp\/v2\/comments?post=162639"}],"wp:featuredmedia":[{"embeddable":true,"href":"https:\/\/tourtravelandmore.com\/fr\/wp-json\/wp\/v2\/media\/162623"}],"wp:attachment":[{"href":"https:\/\/tourtravelandmore.com\/fr\/wp-json\/wp\/v2\/media?parent=162639"}],"wp:term":[{"taxonomy":"product_brand","embeddable":true,"href":"https:\/\/tourtravelandmore.com\/fr\/wp-json\/wp\/v2\/product_brand?post=162639"},{"taxonomy":"product_cat","embeddable":true,"href":"https:\/\/tourtravelandmore.com\/fr\/wp-json\/wp\/v2\/product_cat?post=162639"},{"taxonomy":"product_tag","embeddable":true,"href":"https:\/\/tourtravelandmore.com\/fr\/wp-json\/wp\/v2\/product_tag?post=162639"}],"curies":[{"name":"wp","href":"https:\/\/api.w.org\/{rel}","templated":true}]}}