{"id":162602,"date":"2023-04-18T03:54:12","date_gmt":"2023-04-18T01:54:12","guid":{"rendered":"https:\/\/tourtravelandmore.com\/tours\/non%20class\u00e9\/visite-privee-de-geneve-a-pied\/"},"modified":"2023-04-18T04:04:54","modified_gmt":"2023-04-18T02:04:54","slug":"visite-privee-de-geneve-a-pied","status":"publish","type":"product","link":"https:\/\/tourtravelandmore.com\/fr\/tours\/la-suisse-fr\/geneve\/toutes-les-visites-et-activites-privees-fr-4\/visite-privee-de-geneve-a-pied\/","title":{"rendered":"Visite priv\u00e9e de Gen\u00e8ve \u00e0 pied"},"content":{"rendered":"<h2><b>Description de la visite priv\u00e9e de Gen\u00e8ve \u00e0 pied<\/b><\/h2>\n<p><span style=\"font-weight: 400;\">D\u00e9couvrez l&#8217;atmosph\u00e8re enchanteresse de Gen\u00e8ve lors de notre visite guid\u00e9e priv\u00e9e de 3 heures. Accompagn\u00e9 d&#8217;un guide expert, vous d\u00e9couvrirez la riche histoire de la ville, son patrimoine culturel et son architecture \u00e9tonnante en vous promenant dans ses rues pittoresques. Nos guides comp\u00e9tents s&#8217;engagent \u00e0 vous offrir une exp\u00e9rience m\u00e9morable, adapt\u00e9e \u00e0 vos int\u00e9r\u00eats et \u00e0 vos pr\u00e9f\u00e9rences, alors que vous explorez \u00e0 pied le c\u0153ur vibrant de Gen\u00e8ve.<\/span><\/p>\n<p><span style=\"font-weight: 400;\">Au cours de cette visite \u00e0 pied, vous aurez l&#8217;occasion de vous immerger dans l&#8217;atmosph\u00e8re unique de la ville, en profitant des images, des sons et des saveurs qui font de Gen\u00e8ve une ville si sp\u00e9ciale. \u00c9merveillez-vous devant les d\u00e9tails complexes des b\u00e2timents historiques, admirez la beaut\u00e9 naturelle des parcs de la ville et d\u00e9couvrez les histoires fascinantes qui ont fa\u00e7onn\u00e9 Gen\u00e8ve au fil des si\u00e8cles. Rejoignez-nous pour ce voyage inoubliable et cr\u00e9ez des souvenirs durables de votre s\u00e9jour dans cette ville captivante.<\/span><\/p>\n<h2><b>Visite priv\u00e9e de Gen\u00e8ve \u00e0 pied Points d&#8217;int\u00e9r\u00eat<\/b><\/h2>\n<p><span style=\"font-weight: 400;\">D\u00e9couvrez le charme des sites embl\u00e9matiques et des joyaux cach\u00e9s de Gen\u00e8ve lors de cette visite immersive \u00e0 pied. Au cours de votre voyage dans le centre historique anim\u00e9 de la ville, nos guides experts partageront avec vous des histoires captivantes et des id\u00e9es sur les sites qui font de Gen\u00e8ve une destination exceptionnelle pour les amateurs d&#8217;histoire et de culture.<\/span><\/p>\n<p><span style=\"font-weight: 400;\">D\u00e9couvrez les secrets des attractions les plus c\u00e9l\u00e8bres et des tr\u00e9sors moins connus de Gen\u00e8ve en naviguant dans les rues et sur les places anim\u00e9es de la ville. Soyez t\u00e9moin du m\u00e9lange harmonieux de l&#8217;ancien et du nouveau, ainsi que du m\u00e9lange unique d&#8217;influences suisses et internationales de la ville. Laissez nos guides exp\u00e9riment\u00e9s vous r\u00e9v\u00e9ler les histoires captivantes, les traditions et les chefs-d&#8217;\u0153uvre artistiques qui font de Gen\u00e8ve une destination inoubliable pour les voyageurs d\u00e9sireux de d\u00e9couvrir l&#8217;essence de cette charmante ville.<\/span><\/p>\n<h3><b>Cath\u00e9drale Saint-Pierre<\/b><\/h3>\n<p><span style=\"font-weight: 400;\">Plongez dans l&#8217;histoire fascinante de la cath\u00e9drale Saint-Pierre, un joyau architectural datant du 12e si\u00e8cle. Cette \u00e9glise remarquable a subi de nombreuses transformations au cours des si\u00e8cles et t\u00e9moigne de l&#8217;h\u00e9ritage religieux et culturel de Gen\u00e8ve. Le site arch\u00e9ologique de la cath\u00e9drale et la vue panoramique depuis la tour sont des attractions incontournables.<\/span><\/p>\n<h3><b>La vieille ville<\/b><\/h3>\n<p><span style=\"font-weight: 400;\">Promenez-vous dans les charmantes rues pav\u00e9es de la vieille ville de Gen\u00e8ve, un labyrinthe de places pittoresques, de b\u00e2timents historiques et de boutiques pittoresques. Ce quartier bien pr\u00e9serv\u00e9 abrite certains des monuments les plus importants de la ville, tels que l&#8217;H\u00f4tel de Ville et la Maison Tavel. D\u00e9couvrez les histoires et les traditions qui ont fa\u00e7onn\u00e9 le pass\u00e9 de Gen\u00e8ve en vous promenant dans son centre historique enchanteur.<\/span><\/p>\n<h3><b>Place du Bourg-de-Four<\/b><\/h3>\n<p><span style=\"font-weight: 400;\">Visitez la place du Bourg-de-Four, la plus ancienne place de Gen\u00e8ve, anim\u00e9e et entour\u00e9e de b\u00e2timents historiques. Cet espace public anim\u00e9 est tr\u00e8s appr\u00e9ci\u00e9 des habitants et des touristes, car il offre un aper\u00e7u de la vie quotidienne de la ville. Impr\u00e9gnez-vous de l&#8217;atmosph\u00e8re et admirez l&#8217;architecture charmante en explorant ce site important.<\/span><\/p>\n<h3><b>L&#8217;horloge fleurie<\/b><\/h3>\n<p><span style=\"font-weight: 400;\">L&#8217;horloge fleurie, situ\u00e9e dans le jardin anglais, est un symbole de la c\u00e9l\u00e8bre industrie horlog\u00e8re genevoise. Cette attraction unique pr\u00e9sente une horloge fonctionnelle faite de fleurs color\u00e9es et saisonni\u00e8res et constitue une visite incontournable pour tout voyageur dans la ville. Profitez de la beaut\u00e9 des lieux et appr\u00e9ciez la complexit\u00e9 de l&#8217;artisanat de ce garde-temps vivant.<\/span><\/p>\n<h3><b>Carouge<\/b><\/h3>\n<p><span style=\"font-weight: 400;\">D\u00e9couvrez le charme de Carouge, un quartier pittoresque connu pour son architecture d&#8217;inspiration italienne et son atmosph\u00e8re anim\u00e9e. Les ateliers d&#8217;artisans, les boutiques \u00e0 la mode et les caf\u00e9s sont autant d&#8217;atouts qui en font une destination id\u00e9ale pour une promenade tranquille. D\u00e9couvrez l&#8217;esprit vivant de Carouge en d\u00e9couvrant les joyaux cach\u00e9s de ce quartier boh\u00e8me.<\/span><\/p>\n<p><b>D\u00e9couvrez encore plus de Gen\u00e8ve avec Tour Travel and More<\/b><\/p>\n<p><a href=\"https:\/\/tourtravelandmore.com\/fr\/city\/la-suisse-fr\/geneve\/\"><span style=\"font-weight: 400;\">Pour d\u00e9couvrir encore davantage Gen\u00e8ve et ses environs, visitez le site web de Tour Travel and More. <\/span><\/a><span style=\"font-weight: 400;\">Parcourez notre longue liste de visites priv\u00e9es con\u00e7ues pour r\u00e9pondre \u00e0 vos int\u00e9r\u00eats et pr\u00e9f\u00e9rences individuels. Laissez nos guides experts vous aider \u00e0 d\u00e9couvrir ce que Gen\u00e8ve a de mieux \u00e0 offrir.<\/span><\/p>\n","protected":false},"excerpt":{"rendered":"<p><span style=\"font-weight: 400;\">Plongez dans la beaut\u00e9 et l&#8217;histoire de Gen\u00e8ve lors de notre visite priv\u00e9e de 3 heures \u00e0 pied. Explorez les sites embl\u00e9matiques de la ville, les rues charmantes et les joyaux cach\u00e9s avec l&#8217;attention personnalis\u00e9e d&#8217;un guide expert.<\/span><\/p>\n","protected":false},"featured_media":162574,"comment_status":"open","ping_status":"closed","template":"","meta":{"_acf_changed":false},"product_brand":[],"product_cat":[4343,4382,4386],"product_tag":[],"class_list":{"0":"post-162602","1":"product","2":"type-product","3":"status-publish","4":"has-post-thumbnail","6":"product_cat-geneve","7":"product_cat-toutes-les-visites-et-activites-privees-fr-4","8":"product_cat-visites-a-pied-privees-fr-4","10":"first","11":"instock","12":"shipping-taxable","13":"purchasable","14":"product-type-simple"},"acf":[],"yoast_head":"<!-- This site is optimized with the Yoast SEO Premium plugin v25.3.1 (Yoast SEO v25.3.1) - https:\/\/yoast.com\/wordpress\/plugins\/seo\/ -->\n<title>\u27a1\ufe0f Private Geneva Walking Tour : D\u00e9couvrez le charme de Gen\u00e8ve avec Tour Travel and More<\/title>\n<meta name=\"description\" content=\"Promenez-vous dans les rues enchanteresses de Gen\u00e8ve et d\u00e9couvrez ses sites embl\u00e9matiques, sa riche histoire et sa culture vibrante lors de notre visite priv\u00e9e exclusive de 3 heures \u00e0 Gen\u00e8ve. D\u00e9couvrez le charme de la ville avec un guide expert \u2705\" \/>\n<meta name=\"robots\" content=\"index, follow, max-snippet:-1, max-image-preview:large, max-video-preview:-1\" \/>\n<link rel=\"canonical\" href=\"https:\/\/tourtravelandmore.com\/fr\/tours\/la-suisse-fr\/geneve\/toutes-les-visites-et-activites-privees-fr-4\/visite-privee-de-geneve-a-pied\/\" \/>\n<meta property=\"og:locale\" content=\"fr_FR\" \/>\n<meta property=\"og:type\" content=\"article\" \/>\n<meta property=\"og:title\" content=\"Visite priv\u00e9e de Gen\u00e8ve \u00e0 pied\" \/>\n<meta property=\"og:description\" content=\"Promenez-vous dans les rues enchanteresses de Gen\u00e8ve et d\u00e9couvrez ses sites embl\u00e9matiques, sa riche histoire et sa culture vibrante lors de notre visite priv\u00e9e exclusive de 3 heures \u00e0 Gen\u00e8ve. D\u00e9couvrez le charme de la ville avec un guide expert \u2705\" \/>\n<meta property=\"og:url\" content=\"https:\/\/tourtravelandmore.com\/fr\/tours\/la-suisse-fr\/geneve\/toutes-les-visites-et-activites-privees-fr-4\/visite-privee-de-geneve-a-pied\/\" \/>\n<meta property=\"og:site_name\" content=\"Tour Travel And More\" \/>\n<meta property=\"article:publisher\" content=\"https:\/\/www.facebook.com\/tourtravelandmore\/\" \/>\n<meta property=\"article:modified_time\" content=\"2023-04-18T02:04:54+00:00\" \/>\n<meta property=\"og:image\" content=\"https:\/\/tourtravelandmore.com\/wp-content\/uploads\/2023\/04\/image1-7.jpg\" \/>\n\t<meta property=\"og:image:width\" content=\"950\" \/>\n\t<meta property=\"og:image:height\" content=\"750\" \/>\n\t<meta property=\"og:image:type\" content=\"image\/jpeg\" \/>\n<meta name=\"twitter:card\" content=\"summary_large_image\" \/>\n<meta name=\"twitter:site\" content=\"@TourTravel_More\" \/>\n<meta name=\"twitter:label1\" content=\"Dur\u00e9e de lecture estim\u00e9e\" \/>\n\t<meta name=\"twitter:data1\" content=\"4 minutes\" \/>\n<script type=\"application\/ld+json\" class=\"yoast-schema-graph\">{\"@context\":\"https:\/\/schema.org\",\"@graph\":[{\"@type\":\"WebPage\",\"@id\":\"https:\/\/tourtravelandmore.com\/fr\/tours\/la-suisse-fr\/geneve\/toutes-les-visites-et-activites-privees-fr-4\/visite-privee-de-geneve-a-pied\/\",\"url\":\"https:\/\/tourtravelandmore.com\/fr\/tours\/la-suisse-fr\/geneve\/toutes-les-visites-et-activites-privees-fr-4\/visite-privee-de-geneve-a-pied\/\",\"name\":\"\u27a1\ufe0f Private Geneva Walking Tour : D\u00e9couvrez le charme de Gen\u00e8ve avec Tour Travel and More\",\"isPartOf\":{\"@id\":\"https:\/\/tourtravelandmore.com\/fr\/#website\"},\"primaryImageOfPage\":{\"@id\":\"https:\/\/tourtravelandmore.com\/fr\/tours\/la-suisse-fr\/geneve\/toutes-les-visites-et-activites-privees-fr-4\/visite-privee-de-geneve-a-pied\/#primaryimage\"},\"image\":{\"@id\":\"https:\/\/tourtravelandmore.com\/fr\/tours\/la-suisse-fr\/geneve\/toutes-les-visites-et-activites-privees-fr-4\/visite-privee-de-geneve-a-pied\/#primaryimage\"},\"thumbnailUrl\":\"https:\/\/tourtravelandmore.com\/wp-content\/uploads\/2023\/04\/image1-7.jpg\",\"datePublished\":\"2023-04-18T01:54:12+00:00\",\"dateModified\":\"2023-04-18T02:04:54+00:00\",\"description\":\"Promenez-vous dans les rues enchanteresses de Gen\u00e8ve et d\u00e9couvrez ses sites embl\u00e9matiques, sa riche histoire et sa culture vibrante lors de notre visite priv\u00e9e exclusive de 3 heures \u00e0 Gen\u00e8ve. D\u00e9couvrez le charme de la ville avec un guide expert \u2705\",\"breadcrumb\":{\"@id\":\"https:\/\/tourtravelandmore.com\/fr\/tours\/la-suisse-fr\/geneve\/toutes-les-visites-et-activites-privees-fr-4\/visite-privee-de-geneve-a-pied\/#breadcrumb\"},\"inLanguage\":\"fr-FR\",\"potentialAction\":[{\"@type\":\"ReadAction\",\"target\":[\"https:\/\/tourtravelandmore.com\/fr\/tours\/la-suisse-fr\/geneve\/toutes-les-visites-et-activites-privees-fr-4\/visite-privee-de-geneve-a-pied\/\"]}]},{\"@type\":\"ImageObject\",\"inLanguage\":\"fr-FR\",\"@id\":\"https:\/\/tourtravelandmore.com\/fr\/tours\/la-suisse-fr\/geneve\/toutes-les-visites-et-activites-privees-fr-4\/visite-privee-de-geneve-a-pied\/#primaryimage\",\"url\":\"https:\/\/tourtravelandmore.com\/wp-content\/uploads\/2023\/04\/image1-7.jpg\",\"contentUrl\":\"https:\/\/tourtravelandmore.com\/wp-content\/uploads\/2023\/04\/image1-7.jpg\",\"width\":950,\"height\":750},{\"@type\":\"BreadcrumbList\",\"@id\":\"https:\/\/tourtravelandmore.com\/fr\/tours\/la-suisse-fr\/geneve\/toutes-les-visites-et-activites-privees-fr-4\/visite-privee-de-geneve-a-pied\/#breadcrumb\",\"itemListElement\":[{\"@type\":\"ListItem\",\"position\":1,\"name\":\"Home\",\"item\":\"https:\/\/tourtravelandmore.com\/fr\/\"},{\"@type\":\"ListItem\",\"position\":2,\"name\":\"Tours\",\"item\":\"https:\/\/tourtravelandmore.com\/fr\/tours\/\"},{\"@type\":\"ListItem\",\"position\":3,\"name\":\"Visite priv\u00e9e de Gen\u00e8ve \u00e0 pied\"}]},{\"@type\":\"WebSite\",\"@id\":\"https:\/\/tourtravelandmore.com\/fr\/#website\",\"url\":\"https:\/\/tourtravelandmore.com\/fr\/\",\"name\":\"Tour Travel And More\",\"description\":\"Private sightseeing tours and luxury transfers in Spain\",\"publisher\":{\"@id\":\"https:\/\/tourtravelandmore.com\/fr\/#organization\"},\"potentialAction\":[{\"@type\":\"SearchAction\",\"target\":{\"@type\":\"EntryPoint\",\"urlTemplate\":\"https:\/\/tourtravelandmore.com\/fr\/?s={search_term_string}\"},\"query-input\":{\"@type\":\"PropertyValueSpecification\",\"valueRequired\":true,\"valueName\":\"search_term_string\"}}],\"inLanguage\":\"fr-FR\"},{\"@type\":\"Organization\",\"@id\":\"https:\/\/tourtravelandmore.com\/fr\/#organization\",\"name\":\"Tour Travel And More\",\"url\":\"https:\/\/tourtravelandmore.com\/fr\/\",\"logo\":{\"@type\":\"ImageObject\",\"inLanguage\":\"fr-FR\",\"@id\":\"https:\/\/tourtravelandmore.com\/fr\/#\/schema\/logo\/image\/\",\"url\":\"https:\/\/tourtravelandmore.com\/wp-content\/uploads\/2022\/12\/cropped-logo-cabecera-new.png\",\"contentUrl\":\"https:\/\/tourtravelandmore.com\/wp-content\/uploads\/2022\/12\/cropped-logo-cabecera-new.png\",\"width\":430,\"height\":61,\"caption\":\"Tour Travel And More\"},\"image\":{\"@id\":\"https:\/\/tourtravelandmore.com\/fr\/#\/schema\/logo\/image\/\"},\"sameAs\":[\"https:\/\/www.facebook.com\/tourtravelandmore\/\",\"https:\/\/x.com\/TourTravel_More\"]}]}<\/script>\n<!-- \/ Yoast SEO Premium plugin. -->","yoast_head_json":{"title":"\u27a1\ufe0f Private Geneva Walking Tour : D\u00e9couvrez le charme de Gen\u00e8ve avec Tour Travel and More","description":"Promenez-vous dans les rues enchanteresses de Gen\u00e8ve et d\u00e9couvrez ses sites embl\u00e9matiques, sa riche histoire et sa culture vibrante lors de notre visite priv\u00e9e exclusive de 3 heures \u00e0 Gen\u00e8ve. D\u00e9couvrez le charme de la ville avec un guide expert \u2705","robots":{"index":"index","follow":"follow","max-snippet":"max-snippet:-1","max-image-preview":"max-image-preview:large","max-video-preview":"max-video-preview:-1"},"canonical":"https:\/\/tourtravelandmore.com\/fr\/tours\/la-suisse-fr\/geneve\/toutes-les-visites-et-activites-privees-fr-4\/visite-privee-de-geneve-a-pied\/","og_locale":"fr_FR","og_type":"article","og_title":"Visite priv\u00e9e de Gen\u00e8ve \u00e0 pied","og_description":"Promenez-vous dans les rues enchanteresses de Gen\u00e8ve et d\u00e9couvrez ses sites embl\u00e9matiques, sa riche histoire et sa culture vibrante lors de notre visite priv\u00e9e exclusive de 3 heures \u00e0 Gen\u00e8ve. D\u00e9couvrez le charme de la ville avec un guide expert \u2705","og_url":"https:\/\/tourtravelandmore.com\/fr\/tours\/la-suisse-fr\/geneve\/toutes-les-visites-et-activites-privees-fr-4\/visite-privee-de-geneve-a-pied\/","og_site_name":"Tour Travel And More","article_publisher":"https:\/\/www.facebook.com\/tourtravelandmore\/","article_modified_time":"2023-04-18T02:04:54+00:00","og_image":[{"width":950,"height":750,"url":"https:\/\/tourtravelandmore.com\/wp-content\/uploads\/2023\/04\/image1-7.jpg","type":"image\/jpeg"}],"twitter_card":"summary_large_image","twitter_site":"@TourTravel_More","twitter_misc":{"Dur\u00e9e de lecture estim\u00e9e":"4 minutes"},"schema":{"@context":"https:\/\/schema.org","@graph":[{"@type":"WebPage","@id":"https:\/\/tourtravelandmore.com\/fr\/tours\/la-suisse-fr\/geneve\/toutes-les-visites-et-activites-privees-fr-4\/visite-privee-de-geneve-a-pied\/","url":"https:\/\/tourtravelandmore.com\/fr\/tours\/la-suisse-fr\/geneve\/toutes-les-visites-et-activites-privees-fr-4\/visite-privee-de-geneve-a-pied\/","name":"\u27a1\ufe0f Private Geneva Walking Tour : D\u00e9couvrez le charme de Gen\u00e8ve avec Tour Travel and More","isPartOf":{"@id":"https:\/\/tourtravelandmore.com\/fr\/#website"},"primaryImageOfPage":{"@id":"https:\/\/tourtravelandmore.com\/fr\/tours\/la-suisse-fr\/geneve\/toutes-les-visites-et-activites-privees-fr-4\/visite-privee-de-geneve-a-pied\/#primaryimage"},"image":{"@id":"https:\/\/tourtravelandmore.com\/fr\/tours\/la-suisse-fr\/geneve\/toutes-les-visites-et-activites-privees-fr-4\/visite-privee-de-geneve-a-pied\/#primaryimage"},"thumbnailUrl":"https:\/\/tourtravelandmore.com\/wp-content\/uploads\/2023\/04\/image1-7.jpg","datePublished":"2023-04-18T01:54:12+00:00","dateModified":"2023-04-18T02:04:54+00:00","description":"Promenez-vous dans les rues enchanteresses de Gen\u00e8ve et d\u00e9couvrez ses sites embl\u00e9matiques, sa riche histoire et sa culture vibrante lors de notre visite priv\u00e9e exclusive de 3 heures \u00e0 Gen\u00e8ve. D\u00e9couvrez le charme de la ville avec un guide expert \u2705","breadcrumb":{"@id":"https:\/\/tourtravelandmore.com\/fr\/tours\/la-suisse-fr\/geneve\/toutes-les-visites-et-activites-privees-fr-4\/visite-privee-de-geneve-a-pied\/#breadcrumb"},"inLanguage":"fr-FR","potentialAction":[{"@type":"ReadAction","target":["https:\/\/tourtravelandmore.com\/fr\/tours\/la-suisse-fr\/geneve\/toutes-les-visites-et-activites-privees-fr-4\/visite-privee-de-geneve-a-pied\/"]}]},{"@type":"ImageObject","inLanguage":"fr-FR","@id":"https:\/\/tourtravelandmore.com\/fr\/tours\/la-suisse-fr\/geneve\/toutes-les-visites-et-activites-privees-fr-4\/visite-privee-de-geneve-a-pied\/#primaryimage","url":"https:\/\/tourtravelandmore.com\/wp-content\/uploads\/2023\/04\/image1-7.jpg","contentUrl":"https:\/\/tourtravelandmore.com\/wp-content\/uploads\/2023\/04\/image1-7.jpg","width":950,"height":750},{"@type":"BreadcrumbList","@id":"https:\/\/tourtravelandmore.com\/fr\/tours\/la-suisse-fr\/geneve\/toutes-les-visites-et-activites-privees-fr-4\/visite-privee-de-geneve-a-pied\/#breadcrumb","itemListElement":[{"@type":"ListItem","position":1,"name":"Home","item":"https:\/\/tourtravelandmore.com\/fr\/"},{"@type":"ListItem","position":2,"name":"Tours","item":"https:\/\/tourtravelandmore.com\/fr\/tours\/"},{"@type":"ListItem","position":3,"name":"Visite priv\u00e9e de Gen\u00e8ve \u00e0 pied"}]},{"@type":"WebSite","@id":"https:\/\/tourtravelandmore.com\/fr\/#website","url":"https:\/\/tourtravelandmore.com\/fr\/","name":"Tour Travel And More","description":"Private sightseeing tours and luxury transfers in Spain","publisher":{"@id":"https:\/\/tourtravelandmore.com\/fr\/#organization"},"potentialAction":[{"@type":"SearchAction","target":{"@type":"EntryPoint","urlTemplate":"https:\/\/tourtravelandmore.com\/fr\/?s={search_term_string}"},"query-input":{"@type":"PropertyValueSpecification","valueRequired":true,"valueName":"search_term_string"}}],"inLanguage":"fr-FR"},{"@type":"Organization","@id":"https:\/\/tourtravelandmore.com\/fr\/#organization","name":"Tour Travel And More","url":"https:\/\/tourtravelandmore.com\/fr\/","logo":{"@type":"ImageObject","inLanguage":"fr-FR","@id":"https:\/\/tourtravelandmore.com\/fr\/#\/schema\/logo\/image\/","url":"https:\/\/tourtravelandmore.com\/wp-content\/uploads\/2022\/12\/cropped-logo-cabecera-new.png","contentUrl":"https:\/\/tourtravelandmore.com\/wp-content\/uploads\/2022\/12\/cropped-logo-cabecera-new.png","width":430,"height":61,"caption":"Tour Travel And More"},"image":{"@id":"https:\/\/tourtravelandmore.com\/fr\/#\/schema\/logo\/image\/"},"sameAs":["https:\/\/www.facebook.com\/tourtravelandmore\/","https:\/\/x.com\/TourTravel_More"]}]}},"_links":{"self":[{"href":"https:\/\/tourtravelandmore.com\/fr\/wp-json\/wp\/v2\/product\/162602","targetHints":{"allow":["GET"]}}],"collection":[{"href":"https:\/\/tourtravelandmore.com\/fr\/wp-json\/wp\/v2\/product"}],"about":[{"href":"https:\/\/tourtravelandmore.com\/fr\/wp-json\/wp\/v2\/types\/product"}],"replies":[{"embeddable":true,"href":"https:\/\/tourtravelandmore.com\/fr\/wp-json\/wp\/v2\/comments?post=162602"}],"wp:featuredmedia":[{"embeddable":true,"href":"https:\/\/tourtravelandmore.com\/fr\/wp-json\/wp\/v2\/media\/162574"}],"wp:attachment":[{"href":"https:\/\/tourtravelandmore.com\/fr\/wp-json\/wp\/v2\/media?parent=162602"}],"wp:term":[{"taxonomy":"product_brand","embeddable":true,"href":"https:\/\/tourtravelandmore.com\/fr\/wp-json\/wp\/v2\/product_brand?post=162602"},{"taxonomy":"product_cat","embeddable":true,"href":"https:\/\/tourtravelandmore.com\/fr\/wp-json\/wp\/v2\/product_cat?post=162602"},{"taxonomy":"product_tag","embeddable":true,"href":"https:\/\/tourtravelandmore.com\/fr\/wp-json\/wp\/v2\/product_tag?post=162602"}],"curies":[{"name":"wp","href":"https:\/\/api.w.org\/{rel}","templated":true}]}}