{"id":162562,"date":"2023-04-18T03:25:43","date_gmt":"2023-04-18T01:25:43","guid":{"rendered":"https:\/\/tourtravelandmore.com\/tours\/non%20class\u00e9\/visite-privee-de-la-ville-de-geneve\/"},"modified":"2023-04-18T03:45:44","modified_gmt":"2023-04-18T01:45:44","slug":"visite-privee-de-la-ville-de-geneve","status":"publish","type":"product","link":"https:\/\/tourtravelandmore.com\/fr\/tours\/la-suisse-fr\/geneve\/toutes-les-visites-et-activites-privees-fr-4\/visite-privee-de-la-ville-de-geneve\/","title":{"rendered":"Visite priv\u00e9e de la ville de Gen\u00e8ve"},"content":{"rendered":"<h2><b>Description de la visite priv\u00e9e de la ville de Gen\u00e8ve<\/b><\/h2>\n<p><span style=\"font-weight: 400;\">D\u00e9couvrez le charme et l&#8217;\u00e9l\u00e9gance de Gen\u00e8ve gr\u00e2ce \u00e0 notre visite priv\u00e9e exclusive de 3 heures de la ville. Avec le luxe d&#8217;un v\u00e9hicule priv\u00e9 et les conseils avis\u00e9s d&#8217;un guide professionnel, vous explorerez la riche histoire, la culture et l&#8217;architecture \u00e9tonnante qui font de Gen\u00e8ve une destination exceptionnelle. Nos guides comp\u00e9tents s&#8217;engagent \u00e0 vous faire vivre une exp\u00e9rience inoubliable, adapt\u00e9e \u00e0 vos int\u00e9r\u00eats et \u00e0 vos pr\u00e9f\u00e9rences.<\/span><\/p>\n<p><span style=\"font-weight: 400;\">D\u00e9couvrez l&#8217;essence de Gen\u00e8ve en parcourant les sites les plus captivants de la ville, de son bord de lac pittoresque \u00e0 son centre historique anim\u00e9. Cette visite compl\u00e8te offre un m\u00e9lange parfait d&#8217;exploration et de loisirs, vous permettant de vraiment appr\u00e9cier le caract\u00e8re unique de Gen\u00e8ve. Embarquez pour une aventure m\u00e9morable avec Tour Travel and More, et cr\u00e9ez des souvenirs inoubliables de votre s\u00e9jour dans cette ville enchanteresse.<\/span><\/p>\n<h2><b>Visite priv\u00e9e de la ville de Gen\u00e8ve Points d&#8217;int\u00e9r\u00eat<\/b><\/h2>\n<p><span style=\"font-weight: 400;\">D\u00e9couvrez l&#8217;attrait des sites embl\u00e9matiques et des joyaux cach\u00e9s de Gen\u00e8ve gr\u00e2ce \u00e0 nos guides experts qui vous conduiront dans un voyage captivant \u00e0 travers l&#8217;histoire et le patrimoine culturel de la ville. Du pittoresque bord du lac au centre historique anim\u00e9, cette visite priv\u00e9e vous fera d\u00e9couvrir les histoires et les sites qui d\u00e9finissent le caract\u00e8re unique de Gen\u00e8ve.<\/span><\/p>\n<p><span style=\"font-weight: 400;\">Plongez dans la riche histoire de Gen\u00e8ve et impr\u00e9gnez-vous du remarquable m\u00e9lange de tradition et de modernit\u00e9 de la ville. Gr\u00e2ce \u00e0 l&#8217;attention personnalis\u00e9e de nos guides d\u00e9vou\u00e9s, vous comprendrez mieux les \u00e9v\u00e9nements, les personnes et les mouvements artistiques qui ont fa\u00e7onn\u00e9 cette ville captivante. Rejoignez-nous lors de notre visite priv\u00e9e de la ville de Gen\u00e8ve et d\u00e9couvrez les tr\u00e9sors qui font de Gen\u00e8ve une destination incontournable pour les voyageurs du monde entier.<\/span><\/p>\n<h3><b>Jet d&#8217;Eau<\/b><\/h3>\n<p><span style=\"font-weight: 400;\">Le Jet d&#8217;Eau est l&#8217;embl\u00e8me le plus embl\u00e9matique de Gen\u00e8ve, une fontaine spectaculaire qui projette de l&#8217;eau \u00e0 140 m\u00e8tres dans le ciel. Situ\u00e9 \u00e0 l&#8217;endroit o\u00f9 le lac L\u00e9man rencontre le Rh\u00f4ne, cette impressionnante merveille d&#8217;ing\u00e9nierie symbolise le dynamisme et la cr\u00e9ativit\u00e9 de la ville. La visite du Jet d&#8217;Eau est un \u00e9l\u00e9ment essentiel de tout voyage \u00e0 Gen\u00e8ve.<\/span><\/p>\n<h3><b>Cath\u00e9drale Saint-Pierre<\/b><\/h3>\n<p><span style=\"font-weight: 400;\">D\u00e9couvrez la riche histoire de la cath\u00e9drale Saint-Pierre, un \u00e9tonnant chef-d&#8217;\u0153uvre architectural datant du XIIe si\u00e8cle. Cette \u00e9glise remarquable, qui a subi plusieurs transformations au cours des si\u00e8cles, t\u00e9moigne du patrimoine religieux et culturel de Gen\u00e8ve. Le site arch\u00e9ologique de la cath\u00e9drale et la vue panoramique depuis la tour en font une attraction incontournable.<\/span><\/p>\n<h3><b>La vieille ville<\/b><\/h3>\n<p><span style=\"font-weight: 400;\">Promenez-vous dans les charmantes rues pav\u00e9es de la vieille ville de Gen\u00e8ve, un labyrinthe de places pittoresques, de b\u00e2timents historiques et de boutiques pittoresques. Ce quartier bien pr\u00e9serv\u00e9 abrite certains des monuments les plus importants de la ville, tels que l&#8217;H\u00f4tel de Ville et la Maison Tavel. D\u00e9couvrez les histoires et les traditions qui ont fa\u00e7onn\u00e9 le pass\u00e9 de Gen\u00e8ve en vous promenant dans son charmant centre historique.<\/span><\/p>\n<h3><b>Office des Nations Unies \u00e0 Gen\u00e8ve<\/b><\/h3>\n<p><span style=\"font-weight: 400;\">L&#8217;Office des Nations Unies \u00e0 Gen\u00e8ve (ONUG) est un symbole du statut de la ville en tant que centre mondial de la diplomatie et de la paix. En tant que si\u00e8ge europ\u00e9en des Nations unies, l&#8217;ONUG joue un r\u00f4le crucial dans les relations internationales. Au cours de votre visite, vous d\u00e9couvrirez l&#8217;histoire fascinante de l&#8217;organisation et comprendrez mieux sa mission.<\/span><\/p>\n<h3><b>Le mur des R\u00e9formes<\/b><\/h3>\n<p><span style=\"font-weight: 400;\">Situ\u00e9 au c\u0153ur du parc des Bastions, le mur des R\u00e9formes est un monument remarquable qui comm\u00e9more le r\u00f4le central de la ville dans la R\u00e9forme protestante. Le mur pr\u00e9sente des statues de personnages cl\u00e9s tels que Jean Calvin et William Farel, ainsi que des bas-reliefs complexes d\u00e9crivant les moments importants de l&#8217;histoire du mouvement. Ce puissant hommage \u00e0 l&#8217;h\u00e9ritage religieux de Gen\u00e8ve est une visite incontournable pour les passionn\u00e9s d&#8217;histoire.<\/span><\/p>\n<p><b>D\u00e9couvrez encore plus de Gen\u00e8ve avec Tour Travel and More<\/b><\/p>\n<p><span style=\"font-weight: 400;\">Explorez encore plus Gen\u00e8ve et ses environs gr\u00e2ce \u00e0 la liste compl\u00e8te des visites priv\u00e9es propos\u00e9es par Tour Travel and More. <\/span><a href=\"https:\/\/tourtravelandmore.com\/fr\/\"><span style=\"font-weight: 400;\">Visitez notre site web pour parcourir notre s\u00e9lection d&#8217;exp\u00e9riences exclusives et sur mesure,<\/span><\/a><span style=\"font-weight: 400;\"> con\u00e7ues pour r\u00e9pondre \u00e0 vos int\u00e9r\u00eats et pr\u00e9f\u00e9rences individuels. <\/span><span style=\"font-weight: 400;\">Laissez nos guides experts vous faire d\u00e9couvrir ce que Gen\u00e8ve a de mieux \u00e0 offrir.<\/span><\/p>\n","protected":false},"excerpt":{"rendered":"<p><span style=\"font-weight: 400;\">D\u00e9couvrez la beaut\u00e9 et l&#8217;histoire de Gen\u00e8ve lors de notre visite priv\u00e9e exclusive de 3 heures de la ville. D\u00e9couvrez les sites embl\u00e9matiques de la ville, les tr\u00e9sors culturels et l&#8217;architecture \u00e9tonnante avec l&#8217;attention personnalis\u00e9e d&#8217;un guide professionnel et d&#8217;un v\u00e9hicule de luxe.<\/span><\/p>\n","protected":false},"featured_media":162544,"comment_status":"open","ping_status":"closed","template":"","meta":{"_acf_changed":false},"product_brand":[],"product_cat":[4343,4382],"product_tag":[],"class_list":{"0":"post-162562","1":"product","2":"type-product","3":"status-publish","4":"has-post-thumbnail","6":"product_cat-geneve","7":"product_cat-toutes-les-visites-et-activites-privees-fr-4","9":"first","10":"instock","11":"shipping-taxable","12":"purchasable","13":"product-type-simple"},"acf":[],"yoast_head":"<!-- This site is optimized with the Yoast SEO Premium plugin v25.3.1 (Yoast SEO v25.3.1) - https:\/\/yoast.com\/wordpress\/plugins\/seo\/ -->\n<title>\u27a1\ufe0f Private Geneva City Tour : D\u00e9couvrez le charme de Gen\u00e8ve avec Tour Travel and More<\/title>\n<meta name=\"description\" content=\"D\u00e9couvrez les sites embl\u00e9matiques, la riche histoire et le patrimoine culturel de Gen\u00e8ve lors de notre visite priv\u00e9e exclusive de 3 heures de la ville. D\u00e9couvrez la ville dans le luxe avec un guide priv\u00e9 \u2705\" \/>\n<meta name=\"robots\" content=\"index, follow, max-snippet:-1, max-image-preview:large, max-video-preview:-1\" \/>\n<link rel=\"canonical\" href=\"https:\/\/tourtravelandmore.com\/fr\/tours\/la-suisse-fr\/geneve\/toutes-les-visites-et-activites-privees-fr-4\/visite-privee-de-la-ville-de-geneve\/\" \/>\n<meta property=\"og:locale\" content=\"fr_FR\" \/>\n<meta property=\"og:type\" content=\"article\" \/>\n<meta property=\"og:title\" content=\"Visite priv\u00e9e de la ville de Gen\u00e8ve\" \/>\n<meta property=\"og:description\" content=\"D\u00e9couvrez les sites embl\u00e9matiques, la riche histoire et le patrimoine culturel de Gen\u00e8ve lors de notre visite priv\u00e9e exclusive de 3 heures de la ville. D\u00e9couvrez la ville dans le luxe avec un guide priv\u00e9 \u2705\" \/>\n<meta property=\"og:url\" content=\"https:\/\/tourtravelandmore.com\/fr\/tours\/la-suisse-fr\/geneve\/toutes-les-visites-et-activites-privees-fr-4\/visite-privee-de-la-ville-de-geneve\/\" \/>\n<meta property=\"og:site_name\" content=\"Tour Travel And More\" \/>\n<meta property=\"article:publisher\" content=\"https:\/\/www.facebook.com\/tourtravelandmore\/\" \/>\n<meta property=\"article:modified_time\" content=\"2023-04-18T01:45:44+00:00\" \/>\n<meta property=\"og:image\" content=\"https:\/\/tourtravelandmore.com\/wp-content\/uploads\/2023\/04\/image4-6.jpg\" \/>\n\t<meta property=\"og:image:width\" content=\"950\" \/>\n\t<meta property=\"og:image:height\" content=\"750\" \/>\n\t<meta property=\"og:image:type\" content=\"image\/jpeg\" \/>\n<meta name=\"twitter:card\" content=\"summary_large_image\" \/>\n<meta name=\"twitter:site\" content=\"@TourTravel_More\" \/>\n<meta name=\"twitter:label1\" content=\"Dur\u00e9e de lecture estim\u00e9e\" \/>\n\t<meta name=\"twitter:data1\" content=\"4 minutes\" \/>\n<script type=\"application\/ld+json\" class=\"yoast-schema-graph\">{\"@context\":\"https:\/\/schema.org\",\"@graph\":[{\"@type\":\"WebPage\",\"@id\":\"https:\/\/tourtravelandmore.com\/fr\/tours\/la-suisse-fr\/geneve\/toutes-les-visites-et-activites-privees-fr-4\/visite-privee-de-la-ville-de-geneve\/\",\"url\":\"https:\/\/tourtravelandmore.com\/fr\/tours\/la-suisse-fr\/geneve\/toutes-les-visites-et-activites-privees-fr-4\/visite-privee-de-la-ville-de-geneve\/\",\"name\":\"\u27a1\ufe0f Private Geneva City Tour : D\u00e9couvrez le charme de Gen\u00e8ve avec Tour Travel and More\",\"isPartOf\":{\"@id\":\"https:\/\/tourtravelandmore.com\/fr\/#website\"},\"primaryImageOfPage\":{\"@id\":\"https:\/\/tourtravelandmore.com\/fr\/tours\/la-suisse-fr\/geneve\/toutes-les-visites-et-activites-privees-fr-4\/visite-privee-de-la-ville-de-geneve\/#primaryimage\"},\"image\":{\"@id\":\"https:\/\/tourtravelandmore.com\/fr\/tours\/la-suisse-fr\/geneve\/toutes-les-visites-et-activites-privees-fr-4\/visite-privee-de-la-ville-de-geneve\/#primaryimage\"},\"thumbnailUrl\":\"https:\/\/tourtravelandmore.com\/wp-content\/uploads\/2023\/04\/image4-6.jpg\",\"datePublished\":\"2023-04-18T01:25:43+00:00\",\"dateModified\":\"2023-04-18T01:45:44+00:00\",\"description\":\"D\u00e9couvrez les sites embl\u00e9matiques, la riche histoire et le patrimoine culturel de Gen\u00e8ve lors de notre visite priv\u00e9e exclusive de 3 heures de la ville. D\u00e9couvrez la ville dans le luxe avec un guide priv\u00e9 \u2705\",\"breadcrumb\":{\"@id\":\"https:\/\/tourtravelandmore.com\/fr\/tours\/la-suisse-fr\/geneve\/toutes-les-visites-et-activites-privees-fr-4\/visite-privee-de-la-ville-de-geneve\/#breadcrumb\"},\"inLanguage\":\"fr-FR\",\"potentialAction\":[{\"@type\":\"ReadAction\",\"target\":[\"https:\/\/tourtravelandmore.com\/fr\/tours\/la-suisse-fr\/geneve\/toutes-les-visites-et-activites-privees-fr-4\/visite-privee-de-la-ville-de-geneve\/\"]}]},{\"@type\":\"ImageObject\",\"inLanguage\":\"fr-FR\",\"@id\":\"https:\/\/tourtravelandmore.com\/fr\/tours\/la-suisse-fr\/geneve\/toutes-les-visites-et-activites-privees-fr-4\/visite-privee-de-la-ville-de-geneve\/#primaryimage\",\"url\":\"https:\/\/tourtravelandmore.com\/wp-content\/uploads\/2023\/04\/image4-6.jpg\",\"contentUrl\":\"https:\/\/tourtravelandmore.com\/wp-content\/uploads\/2023\/04\/image4-6.jpg\",\"width\":950,\"height\":750},{\"@type\":\"BreadcrumbList\",\"@id\":\"https:\/\/tourtravelandmore.com\/fr\/tours\/la-suisse-fr\/geneve\/toutes-les-visites-et-activites-privees-fr-4\/visite-privee-de-la-ville-de-geneve\/#breadcrumb\",\"itemListElement\":[{\"@type\":\"ListItem\",\"position\":1,\"name\":\"Home\",\"item\":\"https:\/\/tourtravelandmore.com\/fr\/\"},{\"@type\":\"ListItem\",\"position\":2,\"name\":\"Tours\",\"item\":\"https:\/\/tourtravelandmore.com\/fr\/tours\/\"},{\"@type\":\"ListItem\",\"position\":3,\"name\":\"Visite priv\u00e9e de la ville de Gen\u00e8ve\"}]},{\"@type\":\"WebSite\",\"@id\":\"https:\/\/tourtravelandmore.com\/fr\/#website\",\"url\":\"https:\/\/tourtravelandmore.com\/fr\/\",\"name\":\"Tour Travel And More\",\"description\":\"Private sightseeing tours and luxury transfers in Spain\",\"publisher\":{\"@id\":\"https:\/\/tourtravelandmore.com\/fr\/#organization\"},\"potentialAction\":[{\"@type\":\"SearchAction\",\"target\":{\"@type\":\"EntryPoint\",\"urlTemplate\":\"https:\/\/tourtravelandmore.com\/fr\/?s={search_term_string}\"},\"query-input\":{\"@type\":\"PropertyValueSpecification\",\"valueRequired\":true,\"valueName\":\"search_term_string\"}}],\"inLanguage\":\"fr-FR\"},{\"@type\":\"Organization\",\"@id\":\"https:\/\/tourtravelandmore.com\/fr\/#organization\",\"name\":\"Tour Travel And More\",\"url\":\"https:\/\/tourtravelandmore.com\/fr\/\",\"logo\":{\"@type\":\"ImageObject\",\"inLanguage\":\"fr-FR\",\"@id\":\"https:\/\/tourtravelandmore.com\/fr\/#\/schema\/logo\/image\/\",\"url\":\"https:\/\/tourtravelandmore.com\/wp-content\/uploads\/2022\/12\/cropped-logo-cabecera-new.png\",\"contentUrl\":\"https:\/\/tourtravelandmore.com\/wp-content\/uploads\/2022\/12\/cropped-logo-cabecera-new.png\",\"width\":430,\"height\":61,\"caption\":\"Tour Travel And More\"},\"image\":{\"@id\":\"https:\/\/tourtravelandmore.com\/fr\/#\/schema\/logo\/image\/\"},\"sameAs\":[\"https:\/\/www.facebook.com\/tourtravelandmore\/\",\"https:\/\/x.com\/TourTravel_More\"]}]}<\/script>\n<!-- \/ Yoast SEO Premium plugin. -->","yoast_head_json":{"title":"\u27a1\ufe0f Private Geneva City Tour : D\u00e9couvrez le charme de Gen\u00e8ve avec Tour Travel and More","description":"D\u00e9couvrez les sites embl\u00e9matiques, la riche histoire et le patrimoine culturel de Gen\u00e8ve lors de notre visite priv\u00e9e exclusive de 3 heures de la ville. D\u00e9couvrez la ville dans le luxe avec un guide priv\u00e9 \u2705","robots":{"index":"index","follow":"follow","max-snippet":"max-snippet:-1","max-image-preview":"max-image-preview:large","max-video-preview":"max-video-preview:-1"},"canonical":"https:\/\/tourtravelandmore.com\/fr\/tours\/la-suisse-fr\/geneve\/toutes-les-visites-et-activites-privees-fr-4\/visite-privee-de-la-ville-de-geneve\/","og_locale":"fr_FR","og_type":"article","og_title":"Visite priv\u00e9e de la ville de Gen\u00e8ve","og_description":"D\u00e9couvrez les sites embl\u00e9matiques, la riche histoire et le patrimoine culturel de Gen\u00e8ve lors de notre visite priv\u00e9e exclusive de 3 heures de la ville. D\u00e9couvrez la ville dans le luxe avec un guide priv\u00e9 \u2705","og_url":"https:\/\/tourtravelandmore.com\/fr\/tours\/la-suisse-fr\/geneve\/toutes-les-visites-et-activites-privees-fr-4\/visite-privee-de-la-ville-de-geneve\/","og_site_name":"Tour Travel And More","article_publisher":"https:\/\/www.facebook.com\/tourtravelandmore\/","article_modified_time":"2023-04-18T01:45:44+00:00","og_image":[{"width":950,"height":750,"url":"https:\/\/tourtravelandmore.com\/wp-content\/uploads\/2023\/04\/image4-6.jpg","type":"image\/jpeg"}],"twitter_card":"summary_large_image","twitter_site":"@TourTravel_More","twitter_misc":{"Dur\u00e9e de lecture estim\u00e9e":"4 minutes"},"schema":{"@context":"https:\/\/schema.org","@graph":[{"@type":"WebPage","@id":"https:\/\/tourtravelandmore.com\/fr\/tours\/la-suisse-fr\/geneve\/toutes-les-visites-et-activites-privees-fr-4\/visite-privee-de-la-ville-de-geneve\/","url":"https:\/\/tourtravelandmore.com\/fr\/tours\/la-suisse-fr\/geneve\/toutes-les-visites-et-activites-privees-fr-4\/visite-privee-de-la-ville-de-geneve\/","name":"\u27a1\ufe0f Private Geneva City Tour : D\u00e9couvrez le charme de Gen\u00e8ve avec Tour Travel and More","isPartOf":{"@id":"https:\/\/tourtravelandmore.com\/fr\/#website"},"primaryImageOfPage":{"@id":"https:\/\/tourtravelandmore.com\/fr\/tours\/la-suisse-fr\/geneve\/toutes-les-visites-et-activites-privees-fr-4\/visite-privee-de-la-ville-de-geneve\/#primaryimage"},"image":{"@id":"https:\/\/tourtravelandmore.com\/fr\/tours\/la-suisse-fr\/geneve\/toutes-les-visites-et-activites-privees-fr-4\/visite-privee-de-la-ville-de-geneve\/#primaryimage"},"thumbnailUrl":"https:\/\/tourtravelandmore.com\/wp-content\/uploads\/2023\/04\/image4-6.jpg","datePublished":"2023-04-18T01:25:43+00:00","dateModified":"2023-04-18T01:45:44+00:00","description":"D\u00e9couvrez les sites embl\u00e9matiques, la riche histoire et le patrimoine culturel de Gen\u00e8ve lors de notre visite priv\u00e9e exclusive de 3 heures de la ville. D\u00e9couvrez la ville dans le luxe avec un guide priv\u00e9 \u2705","breadcrumb":{"@id":"https:\/\/tourtravelandmore.com\/fr\/tours\/la-suisse-fr\/geneve\/toutes-les-visites-et-activites-privees-fr-4\/visite-privee-de-la-ville-de-geneve\/#breadcrumb"},"inLanguage":"fr-FR","potentialAction":[{"@type":"ReadAction","target":["https:\/\/tourtravelandmore.com\/fr\/tours\/la-suisse-fr\/geneve\/toutes-les-visites-et-activites-privees-fr-4\/visite-privee-de-la-ville-de-geneve\/"]}]},{"@type":"ImageObject","inLanguage":"fr-FR","@id":"https:\/\/tourtravelandmore.com\/fr\/tours\/la-suisse-fr\/geneve\/toutes-les-visites-et-activites-privees-fr-4\/visite-privee-de-la-ville-de-geneve\/#primaryimage","url":"https:\/\/tourtravelandmore.com\/wp-content\/uploads\/2023\/04\/image4-6.jpg","contentUrl":"https:\/\/tourtravelandmore.com\/wp-content\/uploads\/2023\/04\/image4-6.jpg","width":950,"height":750},{"@type":"BreadcrumbList","@id":"https:\/\/tourtravelandmore.com\/fr\/tours\/la-suisse-fr\/geneve\/toutes-les-visites-et-activites-privees-fr-4\/visite-privee-de-la-ville-de-geneve\/#breadcrumb","itemListElement":[{"@type":"ListItem","position":1,"name":"Home","item":"https:\/\/tourtravelandmore.com\/fr\/"},{"@type":"ListItem","position":2,"name":"Tours","item":"https:\/\/tourtravelandmore.com\/fr\/tours\/"},{"@type":"ListItem","position":3,"name":"Visite priv\u00e9e de la ville de Gen\u00e8ve"}]},{"@type":"WebSite","@id":"https:\/\/tourtravelandmore.com\/fr\/#website","url":"https:\/\/tourtravelandmore.com\/fr\/","name":"Tour Travel And More","description":"Private sightseeing tours and luxury transfers in Spain","publisher":{"@id":"https:\/\/tourtravelandmore.com\/fr\/#organization"},"potentialAction":[{"@type":"SearchAction","target":{"@type":"EntryPoint","urlTemplate":"https:\/\/tourtravelandmore.com\/fr\/?s={search_term_string}"},"query-input":{"@type":"PropertyValueSpecification","valueRequired":true,"valueName":"search_term_string"}}],"inLanguage":"fr-FR"},{"@type":"Organization","@id":"https:\/\/tourtravelandmore.com\/fr\/#organization","name":"Tour Travel And More","url":"https:\/\/tourtravelandmore.com\/fr\/","logo":{"@type":"ImageObject","inLanguage":"fr-FR","@id":"https:\/\/tourtravelandmore.com\/fr\/#\/schema\/logo\/image\/","url":"https:\/\/tourtravelandmore.com\/wp-content\/uploads\/2022\/12\/cropped-logo-cabecera-new.png","contentUrl":"https:\/\/tourtravelandmore.com\/wp-content\/uploads\/2022\/12\/cropped-logo-cabecera-new.png","width":430,"height":61,"caption":"Tour Travel And More"},"image":{"@id":"https:\/\/tourtravelandmore.com\/fr\/#\/schema\/logo\/image\/"},"sameAs":["https:\/\/www.facebook.com\/tourtravelandmore\/","https:\/\/x.com\/TourTravel_More"]}]}},"_links":{"self":[{"href":"https:\/\/tourtravelandmore.com\/fr\/wp-json\/wp\/v2\/product\/162562","targetHints":{"allow":["GET"]}}],"collection":[{"href":"https:\/\/tourtravelandmore.com\/fr\/wp-json\/wp\/v2\/product"}],"about":[{"href":"https:\/\/tourtravelandmore.com\/fr\/wp-json\/wp\/v2\/types\/product"}],"replies":[{"embeddable":true,"href":"https:\/\/tourtravelandmore.com\/fr\/wp-json\/wp\/v2\/comments?post=162562"}],"wp:featuredmedia":[{"embeddable":true,"href":"https:\/\/tourtravelandmore.com\/fr\/wp-json\/wp\/v2\/media\/162544"}],"wp:attachment":[{"href":"https:\/\/tourtravelandmore.com\/fr\/wp-json\/wp\/v2\/media?parent=162562"}],"wp:term":[{"taxonomy":"product_brand","embeddable":true,"href":"https:\/\/tourtravelandmore.com\/fr\/wp-json\/wp\/v2\/product_brand?post=162562"},{"taxonomy":"product_cat","embeddable":true,"href":"https:\/\/tourtravelandmore.com\/fr\/wp-json\/wp\/v2\/product_cat?post=162562"},{"taxonomy":"product_tag","embeddable":true,"href":"https:\/\/tourtravelandmore.com\/fr\/wp-json\/wp\/v2\/product_tag?post=162562"}],"curies":[{"name":"wp","href":"https:\/\/api.w.org\/{rel}","templated":true}]}}