{"id":162453,"date":"2023-04-17T20:53:56","date_gmt":"2023-04-17T18:54:05","guid":{"rendered":"https:\/\/tourtravelandmore.com\/?post_type=product&#038;p=162453"},"modified":"2024-04-24T15:08:08","modified_gmt":"2024-04-24T13:08:08","slug":"visite-privee-de-padoue-au-depart-de-venise","status":"publish","type":"product","link":"https:\/\/tourtravelandmore.com\/fr\/tours\/italie-fr\/venice-fr\/private-day-trips-fr-13-venice-fr\/visite-privee-de-padoue-au-depart-de-venise\/","title":{"rendered":"Visite priv\u00e9e de Padoue au d\u00e9part de Venise"},"content":{"rendered":"<h2>Description<\/h2>\n<p>Tour Travel &amp; More a le plaisir de vous proposer une visite priv\u00e9e de Padoue au d\u00e9part de Venise, con\u00e7ue sp\u00e9cialement pour les voyageurs qui souhaitent vivre une exp\u00e9rience unique et personnalis\u00e9e. Cette visite priv\u00e9e de 4 heures comprendra un v\u00e9hicule priv\u00e9 et un guide touristique certifi\u00e9. Il vous accompagnera tout au long de votre visite \u00e0 Padoue.<\/p>\n<p>L&#8217;excursion commence \u00e0 Venise. Notre v\u00e9hicule priv\u00e9 viendra vous chercher au point de rencontre d\u00e9sign\u00e9, la Piazzale Roma. Pendant les premi\u00e8res heures de l&#8217;excursion, vous profiterez d&#8217;un trajet pittoresque le long des belles routes de la V\u00e9n\u00e9tie. C&#8217;est une r\u00e9gion italienne c\u00e9l\u00e8bre pour ses paysages pittoresques et ses belles villes m\u00e9di\u00e9vales.<\/p>\n<p>Nous nous r\u00e9jouissons de vous accueillir bient\u00f4t sur notre circuit priv\u00e9 \u00e0 Padoue depuis Venise ! Chez Tour Travel &amp; More, nous sommes fiers de proposer des exp\u00e9riences uniques et personnalis\u00e9es qui laisseront une impression durable \u00e0 nos clients. R\u00e9servez d\u00e8s aujourd&#8217;hui votre circuit priv\u00e9 \u00e0 Padoue depuis Venise et d\u00e9couvrez tout ce que cette belle ville a \u00e0 offrir !<\/p>\n<h2>Sites d&#8217;int\u00e9r\u00eat et points de rep\u00e8re<\/h2>\n<p>Nous arriverons \u00e0 Padoue, une ville riche en histoire, en culture et en beaut\u00e9. Notre guide touristique certifi\u00e9 vous emm\u00e8nera au c\u0153ur de la ville. Il vous montrera les principaux points d&#8217;int\u00e9r\u00eat et vous fournira des informations fascinantes sur l&#8217;histoire et la culture de la ville.<\/p>\n<p>Au cours de cette visite de deux heures, nous nous rendrons sur la Piazza dei Signori, le centre historique de la ville, o\u00f9 vous verrez le Palazzo della Ragione, un impressionnant b\u00e2timent gothique consid\u00e9r\u00e9 comme l&#8217;un des plus grands exemples d&#8217;architecture m\u00e9di\u00e9vale en Italie. Nous visiterons \u00e9galement la c\u00e9l\u00e8bre basilique Saint-Antoine, une \u00e9glise impressionnante qui abrite certaines des \u0153uvres d&#8217;art les plus importantes de la ville.<\/p>\n<p>Notre guide certifi\u00e9 vous emm\u00e8nera \u00e9galement dans le magnifique quartier de Prato della Valle. Il s&#8217;agit d&#8217;une place de style Renaissance entour\u00e9e de canaux et de jardins. Ici, vous aurez une vue magnifique sur la basilique de Santa Giustina et sur le Monte Venda, l&#8217;une des plus hautes collines du pays. Il s&#8217;agit de l&#8217;une des collines les plus \u00e9lev\u00e9es de la r\u00e9gion.<\/p>\n<p>Apr\u00e8s une exploration compl\u00e8te de Padoue, nous retournerons \u00e0 notre v\u00e9hicule priv\u00e9 et commencerons le voyage de retour vers Venise. Sur le chemin du retour, vous pourrez admirer les magnifiques paysages de la V\u00e9n\u00e9tie et vous d\u00e9tendre dans le confort de notre v\u00e9hicule priv\u00e9.<\/p>\n<p>En r\u00e9sum\u00e9, notre visite priv\u00e9e exclusive de Padoue au d\u00e9part de Venise est une occasion unique de d\u00e9couvrir l&#8217;une des villes les plus fascinantes d&#8217;Italie. Avec notre v\u00e9hicule priv\u00e9 et notre guide touristique certifi\u00e9. Vous profiterez d&#8217;un voyage confortable et s\u00fbr au cours duquel vous d\u00e9couvrirez les lieux les plus embl\u00e9matiques de Padoue.<\/p>\n<p>Une autre option d&#8217;une excursion d&#8217;une journ\u00e9e compl\u00e8te au d\u00e9part de Venise est notre <strong><a href=\"https:\/\/tourtravelandmore.com\/fr\/tours\/italie-fr\/venice-fr\/private-sightseeing-tours-fr-26\/visite-privee-de-venise-a-verone-et-au-lac-de-garde-sirmione\/\">Visite priv\u00e9e de Venise \u00e0 V\u00e9rone et au lac de Garde (Sirmione)<\/a>,<\/strong> jetez un coup d&#8217;\u0153il !.<\/p>\n","protected":false},"excerpt":{"rendered":"<p>Tour Travel &amp; More a le plaisir de vous proposer une visite priv\u00e9e de Padoue au d\u00e9part de Venise, con\u00e7ue sp\u00e9cialement pour les voyageurs qui souhaitent vivre une exp\u00e9rience unique et personnalis\u00e9e. Cette visite priv\u00e9e de 4 heures comprendra un v\u00e9hicule priv\u00e9 et un guide touristique certifi\u00e9. Ce dernier vous accompagnera tout au long de votre visite \u00e0 Padoue.<\/p>\n<p>&nbsp;<\/p>\n","protected":false},"featured_media":162463,"comment_status":"open","ping_status":"closed","template":"","meta":{"_acf_changed":false},"product_brand":[],"product_cat":[3710,4310,4313,4312],"product_tag":[],"class_list":{"0":"post-162453","1":"product","2":"type-product","3":"status-publish","4":"has-post-thumbnail","6":"product_cat-venice-fr","7":"product_cat-all-private-tours-activities-fr-20","8":"product_cat-private-sightseeing-tours-fr-26","9":"product_cat-private-day-trips-fr-13-venice-fr","11":"first","12":"instock","13":"shipping-taxable","14":"purchasable","15":"product-type-simple"},"acf":[],"yoast_head":"<!-- This site is optimized with the Yoast SEO Premium plugin v25.3.1 (Yoast SEO v25.3.1) - https:\/\/yoast.com\/wordpress\/plugins\/seo\/ -->\n<title>Visite priv\u00e9e de Padoue depuis Venise en v\u00e9hicule de luxe priv\u00e9<\/title>\n<meta name=\"description\" content=\"Visite priv\u00e9e de Padoue au d\u00e9part de Venise. Profitez de la visite, dans votre v\u00e9hicule priv\u00e9, de l&#039;une des plus belles r\u00e9gions montagneuses de toute l&#039;Europe \u2705\" \/>\n<meta name=\"robots\" content=\"index, follow, max-snippet:-1, max-image-preview:large, max-video-preview:-1\" \/>\n<link rel=\"canonical\" href=\"https:\/\/tourtravelandmore.com\/fr\/tours\/italie-fr\/venice-fr\/private-day-trips-fr-13-venice-fr\/visite-privee-de-padoue-au-depart-de-venise\/\" \/>\n<meta property=\"og:locale\" content=\"fr_FR\" \/>\n<meta property=\"og:type\" content=\"article\" \/>\n<meta property=\"og:title\" content=\"Visite priv\u00e9e de Padoue au d\u00e9part de Venise\" \/>\n<meta property=\"og:description\" content=\"Visite priv\u00e9e de Padoue au d\u00e9part de Venise. Profitez de la visite, dans votre v\u00e9hicule priv\u00e9, de l&#039;une des plus belles r\u00e9gions montagneuses de toute l&#039;Europe \u2705\" \/>\n<meta property=\"og:url\" content=\"https:\/\/tourtravelandmore.com\/fr\/tours\/italie-fr\/venice-fr\/private-day-trips-fr-13-venice-fr\/visite-privee-de-padoue-au-depart-de-venise\/\" \/>\n<meta property=\"og:site_name\" content=\"Tour Travel And More\" \/>\n<meta property=\"article:publisher\" content=\"https:\/\/www.facebook.com\/tourtravelandmore\/\" \/>\n<meta property=\"article:modified_time\" content=\"2024-04-24T13:08:08+00:00\" \/>\n<meta property=\"og:image\" content=\"https:\/\/tourtravelandmore.com\/wp-content\/uploads\/2023\/04\/pexels-ivan-rebic-4513657-scaled.jpg\" \/>\n\t<meta property=\"og:image:width\" content=\"2560\" \/>\n\t<meta property=\"og:image:height\" content=\"1742\" \/>\n\t<meta property=\"og:image:type\" content=\"image\/jpeg\" \/>\n<meta name=\"twitter:card\" content=\"summary_large_image\" \/>\n<meta name=\"twitter:site\" content=\"@TourTravel_More\" \/>\n<meta name=\"twitter:label1\" content=\"Dur\u00e9e de lecture estim\u00e9e\" \/>\n\t<meta name=\"twitter:data1\" content=\"3 minutes\" \/>\n<script type=\"application\/ld+json\" class=\"yoast-schema-graph\">{\"@context\":\"https:\/\/schema.org\",\"@graph\":[{\"@type\":\"WebPage\",\"@id\":\"https:\/\/tourtravelandmore.com\/fr\/tours\/italie-fr\/venice-fr\/private-day-trips-fr-13-venice-fr\/visite-privee-de-padoue-au-depart-de-venise\/\",\"url\":\"https:\/\/tourtravelandmore.com\/fr\/tours\/italie-fr\/venice-fr\/private-day-trips-fr-13-venice-fr\/visite-privee-de-padoue-au-depart-de-venise\/\",\"name\":\"Visite priv\u00e9e de Padoue depuis Venise en v\u00e9hicule de luxe priv\u00e9\",\"isPartOf\":{\"@id\":\"https:\/\/tourtravelandmore.com\/fr\/#website\"},\"primaryImageOfPage\":{\"@id\":\"https:\/\/tourtravelandmore.com\/fr\/tours\/italie-fr\/venice-fr\/private-day-trips-fr-13-venice-fr\/visite-privee-de-padoue-au-depart-de-venise\/#primaryimage\"},\"image\":{\"@id\":\"https:\/\/tourtravelandmore.com\/fr\/tours\/italie-fr\/venice-fr\/private-day-trips-fr-13-venice-fr\/visite-privee-de-padoue-au-depart-de-venise\/#primaryimage\"},\"thumbnailUrl\":\"https:\/\/tourtravelandmore.com\/wp-content\/uploads\/2023\/04\/pexels-ivan-rebic-4513657-scaled.jpg\",\"datePublished\":\"2023-04-17T18:54:05+00:00\",\"dateModified\":\"2024-04-24T13:08:08+00:00\",\"description\":\"Visite priv\u00e9e de Padoue au d\u00e9part de Venise. Profitez de la visite, dans votre v\u00e9hicule priv\u00e9, de l'une des plus belles r\u00e9gions montagneuses de toute l'Europe \u2705\",\"breadcrumb\":{\"@id\":\"https:\/\/tourtravelandmore.com\/fr\/tours\/italie-fr\/venice-fr\/private-day-trips-fr-13-venice-fr\/visite-privee-de-padoue-au-depart-de-venise\/#breadcrumb\"},\"inLanguage\":\"fr-FR\",\"potentialAction\":[{\"@type\":\"ReadAction\",\"target\":[\"https:\/\/tourtravelandmore.com\/fr\/tours\/italie-fr\/venice-fr\/private-day-trips-fr-13-venice-fr\/visite-privee-de-padoue-au-depart-de-venise\/\"]}]},{\"@type\":\"ImageObject\",\"inLanguage\":\"fr-FR\",\"@id\":\"https:\/\/tourtravelandmore.com\/fr\/tours\/italie-fr\/venice-fr\/private-day-trips-fr-13-venice-fr\/visite-privee-de-padoue-au-depart-de-venise\/#primaryimage\",\"url\":\"https:\/\/tourtravelandmore.com\/wp-content\/uploads\/2023\/04\/pexels-ivan-rebic-4513657-scaled.jpg\",\"contentUrl\":\"https:\/\/tourtravelandmore.com\/wp-content\/uploads\/2023\/04\/pexels-ivan-rebic-4513657-scaled.jpg\",\"width\":2560,\"height\":1742},{\"@type\":\"BreadcrumbList\",\"@id\":\"https:\/\/tourtravelandmore.com\/fr\/tours\/italie-fr\/venice-fr\/private-day-trips-fr-13-venice-fr\/visite-privee-de-padoue-au-depart-de-venise\/#breadcrumb\",\"itemListElement\":[{\"@type\":\"ListItem\",\"position\":1,\"name\":\"Home\",\"item\":\"https:\/\/tourtravelandmore.com\/fr\/\"},{\"@type\":\"ListItem\",\"position\":2,\"name\":\"Tours\",\"item\":\"https:\/\/tourtravelandmore.com\/fr\/tours\/\"},{\"@type\":\"ListItem\",\"position\":3,\"name\":\"Visite priv\u00e9e de Padoue au d\u00e9part de Venise\"}]},{\"@type\":\"WebSite\",\"@id\":\"https:\/\/tourtravelandmore.com\/fr\/#website\",\"url\":\"https:\/\/tourtravelandmore.com\/fr\/\",\"name\":\"Tour Travel And More\",\"description\":\"Private sightseeing tours and luxury transfers in Spain\",\"publisher\":{\"@id\":\"https:\/\/tourtravelandmore.com\/fr\/#organization\"},\"potentialAction\":[{\"@type\":\"SearchAction\",\"target\":{\"@type\":\"EntryPoint\",\"urlTemplate\":\"https:\/\/tourtravelandmore.com\/fr\/?s={search_term_string}\"},\"query-input\":{\"@type\":\"PropertyValueSpecification\",\"valueRequired\":true,\"valueName\":\"search_term_string\"}}],\"inLanguage\":\"fr-FR\"},{\"@type\":\"Organization\",\"@id\":\"https:\/\/tourtravelandmore.com\/fr\/#organization\",\"name\":\"Tour Travel And More\",\"url\":\"https:\/\/tourtravelandmore.com\/fr\/\",\"logo\":{\"@type\":\"ImageObject\",\"inLanguage\":\"fr-FR\",\"@id\":\"https:\/\/tourtravelandmore.com\/fr\/#\/schema\/logo\/image\/\",\"url\":\"https:\/\/tourtravelandmore.com\/wp-content\/uploads\/2022\/12\/cropped-logo-cabecera-new.png\",\"contentUrl\":\"https:\/\/tourtravelandmore.com\/wp-content\/uploads\/2022\/12\/cropped-logo-cabecera-new.png\",\"width\":430,\"height\":61,\"caption\":\"Tour Travel And More\"},\"image\":{\"@id\":\"https:\/\/tourtravelandmore.com\/fr\/#\/schema\/logo\/image\/\"},\"sameAs\":[\"https:\/\/www.facebook.com\/tourtravelandmore\/\",\"https:\/\/x.com\/TourTravel_More\"]}]}<\/script>\n<!-- \/ Yoast SEO Premium plugin. -->","yoast_head_json":{"title":"Visite priv\u00e9e de Padoue depuis Venise en v\u00e9hicule de luxe priv\u00e9","description":"Visite priv\u00e9e de Padoue au d\u00e9part de Venise. Profitez de la visite, dans votre v\u00e9hicule priv\u00e9, de l'une des plus belles r\u00e9gions montagneuses de toute l'Europe \u2705","robots":{"index":"index","follow":"follow","max-snippet":"max-snippet:-1","max-image-preview":"max-image-preview:large","max-video-preview":"max-video-preview:-1"},"canonical":"https:\/\/tourtravelandmore.com\/fr\/tours\/italie-fr\/venice-fr\/private-day-trips-fr-13-venice-fr\/visite-privee-de-padoue-au-depart-de-venise\/","og_locale":"fr_FR","og_type":"article","og_title":"Visite priv\u00e9e de Padoue au d\u00e9part de Venise","og_description":"Visite priv\u00e9e de Padoue au d\u00e9part de Venise. Profitez de la visite, dans votre v\u00e9hicule priv\u00e9, de l'une des plus belles r\u00e9gions montagneuses de toute l'Europe \u2705","og_url":"https:\/\/tourtravelandmore.com\/fr\/tours\/italie-fr\/venice-fr\/private-day-trips-fr-13-venice-fr\/visite-privee-de-padoue-au-depart-de-venise\/","og_site_name":"Tour Travel And More","article_publisher":"https:\/\/www.facebook.com\/tourtravelandmore\/","article_modified_time":"2024-04-24T13:08:08+00:00","og_image":[{"width":2560,"height":1742,"url":"https:\/\/tourtravelandmore.com\/wp-content\/uploads\/2023\/04\/pexels-ivan-rebic-4513657-scaled.jpg","type":"image\/jpeg"}],"twitter_card":"summary_large_image","twitter_site":"@TourTravel_More","twitter_misc":{"Dur\u00e9e de lecture estim\u00e9e":"3 minutes"},"schema":{"@context":"https:\/\/schema.org","@graph":[{"@type":"WebPage","@id":"https:\/\/tourtravelandmore.com\/fr\/tours\/italie-fr\/venice-fr\/private-day-trips-fr-13-venice-fr\/visite-privee-de-padoue-au-depart-de-venise\/","url":"https:\/\/tourtravelandmore.com\/fr\/tours\/italie-fr\/venice-fr\/private-day-trips-fr-13-venice-fr\/visite-privee-de-padoue-au-depart-de-venise\/","name":"Visite priv\u00e9e de Padoue depuis Venise en v\u00e9hicule de luxe priv\u00e9","isPartOf":{"@id":"https:\/\/tourtravelandmore.com\/fr\/#website"},"primaryImageOfPage":{"@id":"https:\/\/tourtravelandmore.com\/fr\/tours\/italie-fr\/venice-fr\/private-day-trips-fr-13-venice-fr\/visite-privee-de-padoue-au-depart-de-venise\/#primaryimage"},"image":{"@id":"https:\/\/tourtravelandmore.com\/fr\/tours\/italie-fr\/venice-fr\/private-day-trips-fr-13-venice-fr\/visite-privee-de-padoue-au-depart-de-venise\/#primaryimage"},"thumbnailUrl":"https:\/\/tourtravelandmore.com\/wp-content\/uploads\/2023\/04\/pexels-ivan-rebic-4513657-scaled.jpg","datePublished":"2023-04-17T18:54:05+00:00","dateModified":"2024-04-24T13:08:08+00:00","description":"Visite priv\u00e9e de Padoue au d\u00e9part de Venise. Profitez de la visite, dans votre v\u00e9hicule priv\u00e9, de l'une des plus belles r\u00e9gions montagneuses de toute l'Europe \u2705","breadcrumb":{"@id":"https:\/\/tourtravelandmore.com\/fr\/tours\/italie-fr\/venice-fr\/private-day-trips-fr-13-venice-fr\/visite-privee-de-padoue-au-depart-de-venise\/#breadcrumb"},"inLanguage":"fr-FR","potentialAction":[{"@type":"ReadAction","target":["https:\/\/tourtravelandmore.com\/fr\/tours\/italie-fr\/venice-fr\/private-day-trips-fr-13-venice-fr\/visite-privee-de-padoue-au-depart-de-venise\/"]}]},{"@type":"ImageObject","inLanguage":"fr-FR","@id":"https:\/\/tourtravelandmore.com\/fr\/tours\/italie-fr\/venice-fr\/private-day-trips-fr-13-venice-fr\/visite-privee-de-padoue-au-depart-de-venise\/#primaryimage","url":"https:\/\/tourtravelandmore.com\/wp-content\/uploads\/2023\/04\/pexels-ivan-rebic-4513657-scaled.jpg","contentUrl":"https:\/\/tourtravelandmore.com\/wp-content\/uploads\/2023\/04\/pexels-ivan-rebic-4513657-scaled.jpg","width":2560,"height":1742},{"@type":"BreadcrumbList","@id":"https:\/\/tourtravelandmore.com\/fr\/tours\/italie-fr\/venice-fr\/private-day-trips-fr-13-venice-fr\/visite-privee-de-padoue-au-depart-de-venise\/#breadcrumb","itemListElement":[{"@type":"ListItem","position":1,"name":"Home","item":"https:\/\/tourtravelandmore.com\/fr\/"},{"@type":"ListItem","position":2,"name":"Tours","item":"https:\/\/tourtravelandmore.com\/fr\/tours\/"},{"@type":"ListItem","position":3,"name":"Visite priv\u00e9e de Padoue au d\u00e9part de Venise"}]},{"@type":"WebSite","@id":"https:\/\/tourtravelandmore.com\/fr\/#website","url":"https:\/\/tourtravelandmore.com\/fr\/","name":"Tour Travel And More","description":"Private sightseeing tours and luxury transfers in Spain","publisher":{"@id":"https:\/\/tourtravelandmore.com\/fr\/#organization"},"potentialAction":[{"@type":"SearchAction","target":{"@type":"EntryPoint","urlTemplate":"https:\/\/tourtravelandmore.com\/fr\/?s={search_term_string}"},"query-input":{"@type":"PropertyValueSpecification","valueRequired":true,"valueName":"search_term_string"}}],"inLanguage":"fr-FR"},{"@type":"Organization","@id":"https:\/\/tourtravelandmore.com\/fr\/#organization","name":"Tour Travel And More","url":"https:\/\/tourtravelandmore.com\/fr\/","logo":{"@type":"ImageObject","inLanguage":"fr-FR","@id":"https:\/\/tourtravelandmore.com\/fr\/#\/schema\/logo\/image\/","url":"https:\/\/tourtravelandmore.com\/wp-content\/uploads\/2022\/12\/cropped-logo-cabecera-new.png","contentUrl":"https:\/\/tourtravelandmore.com\/wp-content\/uploads\/2022\/12\/cropped-logo-cabecera-new.png","width":430,"height":61,"caption":"Tour Travel And More"},"image":{"@id":"https:\/\/tourtravelandmore.com\/fr\/#\/schema\/logo\/image\/"},"sameAs":["https:\/\/www.facebook.com\/tourtravelandmore\/","https:\/\/x.com\/TourTravel_More"]}]}},"_links":{"self":[{"href":"https:\/\/tourtravelandmore.com\/fr\/wp-json\/wp\/v2\/product\/162453","targetHints":{"allow":["GET"]}}],"collection":[{"href":"https:\/\/tourtravelandmore.com\/fr\/wp-json\/wp\/v2\/product"}],"about":[{"href":"https:\/\/tourtravelandmore.com\/fr\/wp-json\/wp\/v2\/types\/product"}],"replies":[{"embeddable":true,"href":"https:\/\/tourtravelandmore.com\/fr\/wp-json\/wp\/v2\/comments?post=162453"}],"wp:featuredmedia":[{"embeddable":true,"href":"https:\/\/tourtravelandmore.com\/fr\/wp-json\/wp\/v2\/media\/162463"}],"wp:attachment":[{"href":"https:\/\/tourtravelandmore.com\/fr\/wp-json\/wp\/v2\/media?parent=162453"}],"wp:term":[{"taxonomy":"product_brand","embeddable":true,"href":"https:\/\/tourtravelandmore.com\/fr\/wp-json\/wp\/v2\/product_brand?post=162453"},{"taxonomy":"product_cat","embeddable":true,"href":"https:\/\/tourtravelandmore.com\/fr\/wp-json\/wp\/v2\/product_cat?post=162453"},{"taxonomy":"product_tag","embeddable":true,"href":"https:\/\/tourtravelandmore.com\/fr\/wp-json\/wp\/v2\/product_tag?post=162453"}],"curies":[{"name":"wp","href":"https:\/\/api.w.org\/{rel}","templated":true}]}}